{"id":70612,"date":"2026-02-18T15:33:00","date_gmt":"2026-02-18T13:33:00","guid":{"rendered":"https:\/\/padelhaus.mustlammas-dev.in\/pood\/wilson-optix-v2-power-red\/"},"modified":"2026-02-18T15:45:49","modified_gmt":"2026-02-18T13:45:49","slug":"wilson-optix-v2-power-red","status":"publish","type":"product","link":"https:\/\/padelhaus.mustlammas-dev.in\/lt\/parduotuve\/wilson-optix-v2-power-red\/","title":{"rendered":"WILSON OPTIX V2 POWER RED"},"content":{"rendered":"<p data-start=\"0\" data-end=\"234\"><strong data-start=\"0\" data-end=\"29\">Wilson Optix V2 Power Red<\/strong> sukurtas \u017eaid\u0117jams, ie\u0161kantiems papildomos galios neaukojant kontrol\u0117s. Optimizuotas dizainas leid\u017eia atlikti agresyvesnius puolamuosius sm\u016bgius, kartu i\u0161laikant tikslum\u0105 ir stabilum\u0105 kiekvieno kamuoliuko atmu\u0161imo metu. <\/p>\n<p data-start=\"236\" data-end=\"610\">D\u0117l subalansuotos konstrukcijos raket\u0117 u\u017etikrina tvirt\u0105 ir patikim\u0105 reakcij\u0105 tiek atliekant greitus \u201evolle\u201c, tiek lemiamus \u201esmash\u201c sm\u016bgius. Raket\u0117je \u012fdiegta <strong data-start=\"388\" data-end=\"402\">Power Core<\/strong> technologija tolygiai paskirsto energij\u0105 visame sm\u016bgio pavir\u0161iuje, tod\u0117l pasieksi didesn\u012f kamuoliuko greit\u012f su ma\u017eesn\u0117mis pastangomis. Rezultatas \u2013 dinami\u0161kesnis \u017eaidimas, ma\u017eesnis nuovargis ir didesnis pasitik\u0117jimas savimi aik\u0161tel\u0117je.  <\/p>\n<h5 data-start=\"617\" data-end=\"657\">Universalumas ir geresnis sm\u016bgio poj\u016btis<\/h5>\n<p data-start=\"659\" data-end=\"902\">Tekst\u016bruotas pavir\u0161ius u\u017etikrina tikslesn\u012f kontakt\u0105 su kamuoliuku, padeda kontroliuoti kiekvien\u0105 sm\u016bg\u012f ir suma\u017einti klaid\u0173 skai\u010di\u0173. Ma\u017eo tankio putplas\u010dio \u0161erdis suteikia mink\u0161t\u0105 ir stabil\u0173 poj\u016bt\u012f, idealiai tinkant\u012f i\u0161laikyti stabilum\u0105 intensyvi\u0173 \u017eaidim\u0173 metu. <\/p>\n<p data-start=\"904\" data-end=\"1077\">Be to, stiklo pluo\u0161to konstrukcija subalansuoja lankstum\u0105 ir tvirtum\u0105, suteikdama maloni\u0105 \u017eaidimo patirt\u012f m\u0117g\u0117jams, norintiems palaipsniui tobul\u0117ti.<\/p>\n<h5 data-start=\"1084\" data-end=\"1117\">Pagrindin\u0117s savyb\u0117s ir privalumai<\/h5>\n<ul data-start=\"1119\" data-end=\"1457\" data-is-last-node=\"\" data-is-only-node=\"\">\n<li data-start=\"1119\" data-end=\"1184\">\n<p data-start=\"1121\" data-end=\"1184\"><strong data-start=\"1121\" data-end=\"1147\">Power Core technologija<\/strong> \u2013 didesn\u0117 galia su ma\u017eesn\u0117mis pastangomis<\/p>\n<\/li>\n<li data-start=\"1185\" data-end=\"1253\">\n<p data-start=\"1187\" data-end=\"1253\"><strong data-start=\"1187\" data-end=\"1216\">Ma\u017eo tankio \u0161erdis<\/strong> \u2013 mink\u0161tas ir stabilus sm\u016bgio poj\u016btis<\/p>\n<\/li>\n<li data-start=\"1254\" data-end=\"1326\">\n<p data-start=\"1256\" data-end=\"1326\"><strong data-start=\"1256\" data-end=\"1275\">Stiklo pluo\u0161to r\u0117mas<\/strong> \u2013 stabilumo ir reakcijos pusiausvyra<\/p>\n<\/li>\n<li data-start=\"1327\" data-end=\"1390\">\n<p data-start=\"1329\" data-end=\"1390\"><strong data-start=\"1329\" data-end=\"1355\">Sharp Hole technologija<\/strong> \u2013 geresnis kamuoliuko \u201esukibimas\u201c sm\u016bgio metu<\/p>\n<\/li>\n<li data-start=\"1391\" data-end=\"1457\" data-is-last-node=\"\">\n<p data-start=\"1393\" data-end=\"1457\" data-is-last-node=\"\"><strong data-start=\"1393\" data-end=\"1416\">Tekst\u016bruotas pavir\u0161ius<\/strong> \u2013 tikslesn\u0117 kontrol\u0117 ir geresnis kamuoliuko poj\u016btis<\/p>\n<\/li>\n<\/ul>\n","protected":false},"excerpt":{"rendered":"<p>Wilson Optix V2 Power Red sukurtas \u017eaid\u0117jams, ie\u0161kantiems papildomos galios neaukojant kontrol\u0117s. Optimizuotas dizainas leid\u017eia atlikti agresyvesnius puolamuosius sm\u016bgius, kartu i\u0161laikant tikslum\u0105 ir stabilum\u0105 kiekvieno kamuoliuko atmu\u0161imo metu. D\u0117l subalansuotos konstrukcijos raket\u0117 u\u017etikrina tvirt\u0105 ir patikim\u0105 reakcij\u0105 tiek atliekant greitus \u201evolle\u201c, tiek lemiamus \u201esmash\u201c sm\u016bgius. Raket\u0117je \u012fdiegta Power Core technologija tolygiai paskirsto energij\u0105 visame sm\u016bgio [&hellip;]<\/p>\n","protected":false},"featured_media":70613,"comment_status":"open","ping_status":"closed","template":"","meta":{"_eb_attr":""},"product_brand":[384],"product_cat":[252,362,386],"product_tag":[],"class_list":{"0":"post-70612","1":"product","2":"type-product","3":"status-publish","4":"has-post-thumbnail","6":"product_brand-wilson","7":"product_cat-padelio-raketes","8":"product_cat-pradedantieji","9":"product_cat-wilson","10":"pa_kaal-365g","11":"pa_kuju-lasas","12":"pa_mangustiil-puolimas","13":"pa_tasakaal-viduryje","14":"pa_tase-vidutinis-lygis","15":"pa_varv-juoda","16":"pa_varv-raudona","19":"first","20":"instock","21":"sale","22":"taxable","23":"shipping-taxable","24":"purchasable","25":"product-type-simple"},"yoast_head":"<!-- This site is optimized with the Yoast SEO Premium plugin v27.1 (Yoast SEO v27.1.1) - https:\/\/yoast.com\/product\/yoast-seo-premium-wordpress\/ -->\n<title>WILSON OPTIX V2 POWER RED | Padelhaus<\/title>\n<meta name=\"description\" content=\"Ie\u0161kai naujos padelio raket\u0117s gera kaina? Padelhaus si\u016blo geriausi\u0105 padelio rake\u010di\u0173 pasirinkim\u0105 kiekvienam lygiui \u2013 tavo padelio parduotuv\u0117.\" \/>\n<meta name=\"robots\" content=\"noindex, follow, max-snippet:-1, max-image-preview:large, max-video-preview:-1\" \/>\n<meta property=\"og:locale\" content=\"lt_LT\" \/>\n<meta property=\"og:type\" content=\"article\" \/>\n<meta property=\"og:title\" content=\"WILSON OPTIX V2 POWER RED\" \/>\n<meta property=\"og:description\" content=\"Ie\u0161kai naujos padelio raket\u0117s gera kaina? Padelhaus si\u016blo geriausi\u0105 padelio rake\u010di\u0173 pasirinkim\u0105 kiekvienam lygiui \u2013 tavo padelio parduotuv\u0117.\" \/>\n<meta property=\"og:url\" content=\"https:\/\/padelhaus.mustlammas-dev.in\/lt\/parduotuve\/wilson-optix-v2-power-red\/\" \/>\n<meta property=\"og:site_name\" content=\"Padelhaus\" \/>\n<meta property=\"article:modified_time\" content=\"2026-02-18T13:45:49+00:00\" \/>\n<meta property=\"og:image\" content=\"https:\/\/padel-haus.lt\/wp-content\/uploads\/2026\/02\/13-3.webp\" \/>\n\t<meta property=\"og:image:width\" content=\"1000\" \/>\n\t<meta property=\"og:image:height\" content=\"1000\" \/>\n\t<meta property=\"og:image:type\" content=\"image\/webp\" \/>\n<meta name=\"twitter:card\" content=\"summary_large_image\" \/>\n<meta name=\"twitter:label1\" content=\"Price\" \/>\n\t<meta name=\"twitter:data1\" content=\"109,95&nbsp;&euro;\" \/>\n\t<meta name=\"twitter:label2\" content=\"Availability\" \/>\n\t<meta name=\"twitter:data2\" content=\"In stock\" \/>\n<script type=\"application\/ld+json\" class=\"yoast-schema-graph\">{\"@context\":\"https:\/\/schema.org\",\"@graph\":[{\"@type\":[\"WebPage\",\"ItemPage\"],\"@id\":\"https:\/\/padelhaus.mustlammas-dev.in\/lt\/parduotuve\/wilson-optix-v2-power-red\/\",\"url\":\"https:\/\/padelhaus.mustlammas-dev.in\/lt\/parduotuve\/wilson-optix-v2-power-red\/\",\"name\":\"WILSON OPTIX V2 POWER RED | Padelhaus\",\"isPartOf\":{\"@id\":\"https:\/\/padelhaus.mustlammas-dev.in\/lt\/#website\"},\"primaryImageOfPage\":{\"@id\":\"https:\/\/padelhaus.mustlammas-dev.in\/lt\/parduotuve\/wilson-optix-v2-power-red\/#primaryimage\"},\"image\":{\"@id\":\"https:\/\/padelhaus.mustlammas-dev.in\/lt\/parduotuve\/wilson-optix-v2-power-red\/#primaryimage\"},\"thumbnailUrl\":\"https:\/\/padelhaus.mustlammas-dev.in\/wp-content\/uploads\/2026\/02\/13-3.webp\",\"datePublished\":\"2026-02-18T13:33:00+00:00\",\"dateModified\":\"2026-02-18T13:45:49+00:00\",\"description\":\"Ie\u0161kai naujos padelio raket\u0117s gera kaina? Padelhaus si\u016blo geriausi\u0105 padelio rake\u010di\u0173 pasirinkim\u0105 kiekvienam lygiui \u2013 tavo padelio parduotuv\u0117.\",\"breadcrumb\":{\"@id\":\"https:\/\/padelhaus.mustlammas-dev.in\/lt\/parduotuve\/wilson-optix-v2-power-red\/#breadcrumb\"},\"inLanguage\":\"lt-LT\",\"potentialAction\":[{\"@type\":\"ReadAction\",\"target\":[\"https:\/\/padelhaus.mustlammas-dev.in\/lt\/parduotuve\/wilson-optix-v2-power-red\/\"]}]},{\"@type\":\"ImageObject\",\"inLanguage\":\"lt-LT\",\"@id\":\"https:\/\/padelhaus.mustlammas-dev.in\/lt\/parduotuve\/wilson-optix-v2-power-red\/#primaryimage\",\"url\":\"https:\/\/padelhaus.mustlammas-dev.in\/wp-content\/uploads\/2026\/02\/13-3.webp\",\"contentUrl\":\"https:\/\/padelhaus.mustlammas-dev.in\/wp-content\/uploads\/2026\/02\/13-3.webp\",\"width\":1000,\"height\":1000,\"caption\":\"WILSON OPTIX V2 POWER RED\"},{\"@type\":\"BreadcrumbList\",\"@id\":\"https:\/\/padelhaus.mustlammas-dev.in\/lt\/parduotuve\/wilson-optix-v2-power-red\/#breadcrumb\",\"itemListElement\":[{\"@type\":\"ListItem\",\"position\":1,\"name\":\"Prad\u017eia\",\"item\":\"https:\/\/padel-haus.lt\/\"},{\"@type\":\"ListItem\",\"position\":2,\"name\":\"Parduotuv\u0117\",\"item\":\"https:\/\/padel-haus.lt\/parduotuve\/\"},{\"@type\":\"ListItem\",\"position\":3,\"name\":\"WILSON OPTIX V2 POWER RED\"}]},{\"@type\":\"WebSite\",\"@id\":\"https:\/\/padelhaus.mustlammas-dev.in\/lt\/#website\",\"url\":\"https:\/\/padelhaus.mustlammas-dev.in\/lt\/\",\"name\":\"Claude Padelhaus\",\"description\":\"Sinu padelivarustuse kodu\",\"publisher\":{\"@id\":\"https:\/\/padelhaus.mustlammas-dev.in\/lt\/#organization\"},\"potentialAction\":[{\"@type\":\"SearchAction\",\"target\":{\"@type\":\"EntryPoint\",\"urlTemplate\":\"https:\/\/padelhaus.mustlammas-dev.in\/lt\/?s={search_term_string}\"},\"query-input\":{\"@type\":\"PropertyValueSpecification\",\"valueRequired\":true,\"valueName\":\"search_term_string\"}}],\"inLanguage\":\"lt-LT\"},{\"@type\":\"Organization\",\"@id\":\"https:\/\/padelhaus.mustlammas-dev.in\/lt\/#organization\",\"name\":\"Claude Padelhaus\",\"url\":\"https:\/\/padelhaus.mustlammas-dev.in\/lt\/\",\"logo\":{\"@type\":\"ImageObject\",\"inLanguage\":\"lt-LT\",\"@id\":\"https:\/\/padelhaus.mustlammas-dev.in\/lt\/#\/schema\/logo\/image\/\",\"url\":\"https:\/\/padelhaus.mustlammas-dev.in\/wp-content\/uploads\/2025\/05\/Logo-1.png\",\"contentUrl\":\"https:\/\/padelhaus.mustlammas-dev.in\/wp-content\/uploads\/2025\/05\/Logo-1.png\",\"width\":280,\"height\":115,\"caption\":\"Claude Padelhaus\"},\"image\":{\"@id\":\"https:\/\/padelhaus.mustlammas-dev.in\/lt\/#\/schema\/logo\/image\/\"}}]}<\/script>\n<meta property=\"product:price:amount\" content=\"109.95\" \/>\n<meta property=\"product:price:currency\" content=\"EUR\" \/>\n<meta property=\"og:availability\" content=\"instock\" \/>\n<meta property=\"product:availability\" content=\"instock\" \/>\n<meta property=\"product:retailer_item_id\" content=\"WIL-R-20\" \/>\n<meta property=\"product:condition\" content=\"new\" \/>\n<!-- \/ Yoast SEO Premium plugin. -->","yoast_head_json":{"title":"WILSON OPTIX V2 POWER RED | Padelhaus","description":"Ie\u0161kai naujos padelio raket\u0117s gera kaina? Padelhaus si\u016blo geriausi\u0105 padelio rake\u010di\u0173 pasirinkim\u0105 kiekvienam lygiui \u2013 tavo padelio parduotuv\u0117.","robots":{"index":"noindex","follow":"follow","max-snippet":"max-snippet:-1","max-image-preview":"max-image-preview:large","max-video-preview":"max-video-preview:-1"},"og_locale":"lt_LT","og_type":"article","og_title":"WILSON OPTIX V2 POWER RED","og_description":"Ie\u0161kai naujos padelio raket\u0117s gera kaina? Padelhaus si\u016blo geriausi\u0105 padelio rake\u010di\u0173 pasirinkim\u0105 kiekvienam lygiui \u2013 tavo padelio parduotuv\u0117.","og_url":"https:\/\/padelhaus.mustlammas-dev.in\/lt\/parduotuve\/wilson-optix-v2-power-red\/","og_site_name":"Padelhaus","article_modified_time":"2026-02-18T13:45:49+00:00","og_image":[{"width":1000,"height":1000,"url":"https:\/\/padel-haus.lt\/wp-content\/uploads\/2026\/02\/13-3.webp","type":"image\/webp"}],"twitter_card":"summary_large_image","twitter_misc":{"Price":"109,95&nbsp;&euro;","Availability":"In stock"},"schema":{"@context":"https:\/\/schema.org","@graph":[{"@type":["WebPage","ItemPage"],"@id":"https:\/\/padelhaus.mustlammas-dev.in\/lt\/parduotuve\/wilson-optix-v2-power-red\/","url":"https:\/\/padelhaus.mustlammas-dev.in\/lt\/parduotuve\/wilson-optix-v2-power-red\/","name":"WILSON OPTIX V2 POWER RED | Padelhaus","isPartOf":{"@id":"https:\/\/padelhaus.mustlammas-dev.in\/lt\/#website"},"primaryImageOfPage":{"@id":"https:\/\/padelhaus.mustlammas-dev.in\/lt\/parduotuve\/wilson-optix-v2-power-red\/#primaryimage"},"image":{"@id":"https:\/\/padelhaus.mustlammas-dev.in\/lt\/parduotuve\/wilson-optix-v2-power-red\/#primaryimage"},"thumbnailUrl":"https:\/\/padelhaus.mustlammas-dev.in\/wp-content\/uploads\/2026\/02\/13-3.webp","datePublished":"2026-02-18T13:33:00+00:00","dateModified":"2026-02-18T13:45:49+00:00","description":"Ie\u0161kai naujos padelio raket\u0117s gera kaina? Padelhaus si\u016blo geriausi\u0105 padelio rake\u010di\u0173 pasirinkim\u0105 kiekvienam lygiui \u2013 tavo padelio parduotuv\u0117.","breadcrumb":{"@id":"https:\/\/padelhaus.mustlammas-dev.in\/lt\/parduotuve\/wilson-optix-v2-power-red\/#breadcrumb"},"inLanguage":"lt-LT","potentialAction":[{"@type":"ReadAction","target":["https:\/\/padelhaus.mustlammas-dev.in\/lt\/parduotuve\/wilson-optix-v2-power-red\/"]}]},{"@type":"ImageObject","inLanguage":"lt-LT","@id":"https:\/\/padelhaus.mustlammas-dev.in\/lt\/parduotuve\/wilson-optix-v2-power-red\/#primaryimage","url":"https:\/\/padelhaus.mustlammas-dev.in\/wp-content\/uploads\/2026\/02\/13-3.webp","contentUrl":"https:\/\/padelhaus.mustlammas-dev.in\/wp-content\/uploads\/2026\/02\/13-3.webp","width":1000,"height":1000,"caption":"WILSON OPTIX V2 POWER RED"},{"@type":"BreadcrumbList","@id":"https:\/\/padelhaus.mustlammas-dev.in\/lt\/parduotuve\/wilson-optix-v2-power-red\/#breadcrumb","itemListElement":[{"@type":"ListItem","position":1,"name":"Prad\u017eia","item":"https:\/\/padel-haus.lt\/"},{"@type":"ListItem","position":2,"name":"Parduotuv\u0117","item":"https:\/\/padel-haus.lt\/parduotuve\/"},{"@type":"ListItem","position":3,"name":"WILSON OPTIX V2 POWER RED"}]},{"@type":"WebSite","@id":"https:\/\/padelhaus.mustlammas-dev.in\/lt\/#website","url":"https:\/\/padelhaus.mustlammas-dev.in\/lt\/","name":"Claude Padelhaus","description":"Sinu padelivarustuse kodu","publisher":{"@id":"https:\/\/padelhaus.mustlammas-dev.in\/lt\/#organization"},"potentialAction":[{"@type":"SearchAction","target":{"@type":"EntryPoint","urlTemplate":"https:\/\/padelhaus.mustlammas-dev.in\/lt\/?s={search_term_string}"},"query-input":{"@type":"PropertyValueSpecification","valueRequired":true,"valueName":"search_term_string"}}],"inLanguage":"lt-LT"},{"@type":"Organization","@id":"https:\/\/padelhaus.mustlammas-dev.in\/lt\/#organization","name":"Claude Padelhaus","url":"https:\/\/padelhaus.mustlammas-dev.in\/lt\/","logo":{"@type":"ImageObject","inLanguage":"lt-LT","@id":"https:\/\/padelhaus.mustlammas-dev.in\/lt\/#\/schema\/logo\/image\/","url":"https:\/\/padelhaus.mustlammas-dev.in\/wp-content\/uploads\/2025\/05\/Logo-1.png","contentUrl":"https:\/\/padelhaus.mustlammas-dev.in\/wp-content\/uploads\/2025\/05\/Logo-1.png","width":280,"height":115,"caption":"Claude Padelhaus"},"image":{"@id":"https:\/\/padelhaus.mustlammas-dev.in\/lt\/#\/schema\/logo\/image\/"}}]},"product_price_amount":"109.95","product_price_currency":"EUR","og_availability":"instock","product_availability":"instock","product_retailer_item_id":"WIL-R-20","product_condition":"new"},"_links":{"self":[{"href":"https:\/\/padelhaus.mustlammas-dev.in\/lt\/wp-json\/wp\/v2\/product\/70612","targetHints":{"allow":["GET"]}}],"collection":[{"href":"https:\/\/padelhaus.mustlammas-dev.in\/lt\/wp-json\/wp\/v2\/product"}],"about":[{"href":"https:\/\/padelhaus.mustlammas-dev.in\/lt\/wp-json\/wp\/v2\/types\/product"}],"replies":[{"embeddable":true,"href":"https:\/\/padelhaus.mustlammas-dev.in\/lt\/wp-json\/wp\/v2\/comments?post=70612"}],"wp:featuredmedia":[{"embeddable":true,"href":"https:\/\/padelhaus.mustlammas-dev.in\/lt\/wp-json\/wp\/v2\/media\/70613"}],"wp:attachment":[{"href":"https:\/\/padelhaus.mustlammas-dev.in\/lt\/wp-json\/wp\/v2\/media?parent=70612"}],"wp:term":[{"taxonomy":"product_brand","embeddable":true,"href":"https:\/\/padelhaus.mustlammas-dev.in\/lt\/wp-json\/wp\/v2\/product_brand?post=70612"},{"taxonomy":"product_cat","embeddable":true,"href":"https:\/\/padelhaus.mustlammas-dev.in\/lt\/wp-json\/wp\/v2\/product_cat?post=70612"},{"taxonomy":"product_tag","embeddable":true,"href":"https:\/\/padelhaus.mustlammas-dev.in\/lt\/wp-json\/wp\/v2\/product_tag?post=70612"}],"curies":[{"name":"wp","href":"https:\/\/api.w.org\/{rel}","templated":true}]}}