{"id":70892,"date":"2026-03-04T12:18:27","date_gmt":"2026-03-04T10:18:27","guid":{"rendered":"https:\/\/padelhaus.mustlammas-dev.in\/pood\/head-vibe-2026-roheline\/"},"modified":"2026-03-04T13:30:09","modified_gmt":"2026-03-04T11:30:09","slug":"head-vibe-2026-roheline","status":"publish","type":"product","link":"https:\/\/padelhaus.mustlammas-dev.in\/lt\/parduotuve\/head-vibe-2026-roheline\/","title":{"rendered":"HEAD VIBE 2026 \u017dALIA"},"content":{"rendered":"<p><strong>Head Vibe 2026 \u017dalia<\/strong> sukurta u\u017etikrinti subalansuot\u0105 \u017eaidimo patirt\u012f nuo pat pirm\u0173j\u0173 ma\u010d\u0173. A\u0161aros formos raket\u0117 ir vidutinis balansas leid\u017eia nat\u016braliai derinti kontrol\u0119 bei gali\u0105, tod\u0117l \u017eaidimas tampa universalus tiek gynyboje, tiek puolime. <\/p>\n<p>D\u0117l ma\u017edaug 360\u2013370 g svorio ir standartinio 38 mm profilio raket\u0117 pasi\u017eymi puikiu manevringumu bei stabiliu sm\u016bgio poj\u016b\u010diu. Raket\u0117s pavir\u0161ius pagamintas i\u0161 stiklo pluo\u0161to \u2013 lanks\u010dios med\u017eiagos, suteikian\u010dios mink\u0161tumo poj\u016bt\u012f ir daugiau atleid\u017eian\u010dios netiksliai pataikius \u012f kamuoliuk\u0105. <\/p>\n<p>Raket\u0117s viduje esanti put\u0173 \u0161erdis u\u017etikrina tolyg\u0173 kamuoliuko at\u0161okim\u0105, pad\u0117dama geriau kontroliuoti \u017eaidimo temp\u0105 neprarandant komforto. Rezultatas \u2013 lengvai valdoma raket\u0117, padedanti auginti pasitik\u0117jim\u0105 savimi ir pasiekti stabilesnius sm\u016bgius. <\/p>\n<h5>Idealiai tinka pradedantiesiems ir vidutinio lygio \u017eaid\u0117jams<\/h5>\n<p>\u0160i a\u0161aros formos raket\u0117 skirta pradedantiesiems ir vidutinio lygio padelio \u017eaid\u0117jams, norintiems tobulinti technik\u0105 i\u0161laikant \u017eaidimo komfort\u0105. Plati \u201esweet spot\u201c zona suma\u017eina klaid\u0173 tikimyb\u0119 ir leid\u017eia susikoncentruoti \u012f sm\u016bgi\u0173 tikslum\u0105 bei kontrol\u0119. Tai puikus pasirinkimas ie\u0161kantiems patogios, universalios ir stabilios raket\u0117s, tinkan\u010dios tiek ilgiems susira\u0161in\u0117jimams, tiek u\u017etikrintai gynybai ar kontroliuojamam puolimui. Idealus pasirinkimas \u017eingsnis po \u017eingsnio tobul\u0117ti aik\u0161tel\u0117je.   <\/p>\n<h5>Pagrindiniai techniniai privalumai<\/h5>\n<ul>\n<li>A\u0161aros formos dizainas, subalansuojantis kontrol\u0119 ir gali\u0105<\/li>\n<li>Universalus ir lengvai valdomas \u017eaidimo poj\u016btis<\/li>\n<li>Optimizuotas svoris (360\u2013370 g)<\/li>\n<li>Stiklo pluo\u0161to pavir\u0161ius, suteikiantis mink\u0161t\u0105 sm\u016bgio poj\u016bt\u012f<\/li>\n<li>Put\u0173 \u0161erdis, u\u017etikrinanti skland\u0173 kamuoliuko at\u0161okim\u0105<\/li>\n<li>Lygus pavir\u0161ius be \u0161iurk\u0161\u010dios tekst\u016bros<\/li>\n<\/ul>\n","protected":false},"excerpt":{"rendered":"<p>Head Vibe 2026 \u017dalia sukurta u\u017etikrinti subalansuot\u0105 \u017eaidimo patirt\u012f nuo pat pirm\u0173j\u0173 ma\u010d\u0173. A\u0161aros formos raket\u0117 ir vidutinis balansas leid\u017eia nat\u016braliai derinti kontrol\u0119 bei gali\u0105, tod\u0117l \u017eaidimas tampa universalus tiek gynyboje, tiek puolime. D\u0117l ma\u017edaug 360\u2013370 g svorio ir standartinio 38 mm profilio raket\u0117 pasi\u017eymi puikiu manevringumu bei stabiliu sm\u016bgio poj\u016b\u010diu. Raket\u0117s pavir\u0161ius pagamintas i\u0161 [&hellip;]<\/p>\n","protected":false},"featured_media":70893,"comment_status":"open","ping_status":"closed","template":"","meta":{"_eb_attr":""},"product_brand":[326],"product_cat":[327,252,362,341],"product_tag":[],"class_list":{"0":"post-70892","1":"product","2":"type-product","3":"status-publish","4":"has-post-thumbnail","6":"product_brand-head","7":"product_cat-head","8":"product_cat-padelio-raketes","9":"product_cat-pradedantieji","10":"product_cat-vidutinis-lygis","11":"pa_kaal-365g","12":"pa_kuju-lasas","13":"pa_mangustiil-hibridine","14":"pa_tasakaal-viduryje","15":"pa_tase-pradedantysis","16":"pa_tase-vidutinis-lygis","17":"pa_varv-zalia","20":"first","21":"onbackorder","22":"sale","23":"taxable","24":"shipping-taxable","25":"purchasable","26":"product-type-simple"},"yoast_head":"<!-- This site is optimized with the Yoast SEO Premium plugin v27.1 (Yoast SEO v27.1.1) - https:\/\/yoast.com\/product\/yoast-seo-premium-wordpress\/ -->\n<title>HEAD VIBE 2026 \u017dALIA | Padelhaus<\/title>\n<meta name=\"description\" content=\"Ie\u0161kai naujos padelio raket\u0117s gera kaina? Padelhaus si\u016blo geriausi\u0105 padelio rake\u010di\u0173 pasirinkim\u0105 kiekvienam lygiui \u2013 tavo padelio parduotuv\u0117.\" \/>\n<meta name=\"robots\" content=\"noindex, follow, max-snippet:-1, max-image-preview:large, max-video-preview:-1\" \/>\n<meta property=\"og:locale\" content=\"lt_LT\" \/>\n<meta property=\"og:type\" content=\"article\" \/>\n<meta property=\"og:title\" content=\"HEAD VIBE 2026 \u017dALIA\" \/>\n<meta property=\"og:description\" content=\"Ie\u0161kai naujos padelio raket\u0117s gera kaina? Padelhaus si\u016blo geriausi\u0105 padelio rake\u010di\u0173 pasirinkim\u0105 kiekvienam lygiui \u2013 tavo padelio parduotuv\u0117.\" \/>\n<meta property=\"og:url\" content=\"https:\/\/padelhaus.mustlammas-dev.in\/lt\/parduotuve\/head-vibe-2026-roheline\/\" \/>\n<meta property=\"og:site_name\" content=\"Padelhaus\" \/>\n<meta property=\"article:modified_time\" content=\"2026-03-04T11:30:09+00:00\" \/>\n<meta property=\"og:image\" content=\"https:\/\/padel-haus.lt\/wp-content\/uploads\/2026\/03\/8.webp\" \/>\n\t<meta property=\"og:image:width\" content=\"1000\" \/>\n\t<meta property=\"og:image:height\" content=\"1000\" \/>\n\t<meta property=\"og:image:type\" content=\"image\/webp\" \/>\n<meta name=\"twitter:card\" content=\"summary_large_image\" \/>\n<meta name=\"twitter:label1\" content=\"Price\" \/>\n\t<meta name=\"twitter:data1\" content=\"83,95&nbsp;&euro;\" \/>\n\t<meta name=\"twitter:label2\" content=\"Availability\" \/>\n\t<meta name=\"twitter:data2\" content=\"On backorder\" \/>\n<script type=\"application\/ld+json\" class=\"yoast-schema-graph\">{\"@context\":\"https:\/\/schema.org\",\"@graph\":[{\"@type\":[\"WebPage\",\"ItemPage\"],\"@id\":\"https:\/\/padelhaus.mustlammas-dev.in\/lt\/parduotuve\/head-vibe-2026-roheline\/\",\"url\":\"https:\/\/padelhaus.mustlammas-dev.in\/lt\/parduotuve\/head-vibe-2026-roheline\/\",\"name\":\"HEAD VIBE 2026 \u017dALIA | Padelhaus\",\"isPartOf\":{\"@id\":\"https:\/\/padelhaus.mustlammas-dev.in\/lt\/#website\"},\"primaryImageOfPage\":{\"@id\":\"https:\/\/padelhaus.mustlammas-dev.in\/lt\/parduotuve\/head-vibe-2026-roheline\/#primaryimage\"},\"image\":{\"@id\":\"https:\/\/padelhaus.mustlammas-dev.in\/lt\/parduotuve\/head-vibe-2026-roheline\/#primaryimage\"},\"thumbnailUrl\":\"https:\/\/padelhaus.mustlammas-dev.in\/wp-content\/uploads\/2026\/03\/8.webp\",\"datePublished\":\"2026-03-04T10:18:27+00:00\",\"dateModified\":\"2026-03-04T11:30:09+00:00\",\"description\":\"Ie\u0161kai naujos padelio raket\u0117s gera kaina? Padelhaus si\u016blo geriausi\u0105 padelio rake\u010di\u0173 pasirinkim\u0105 kiekvienam lygiui \u2013 tavo padelio parduotuv\u0117.\",\"breadcrumb\":{\"@id\":\"https:\/\/padelhaus.mustlammas-dev.in\/lt\/parduotuve\/head-vibe-2026-roheline\/#breadcrumb\"},\"inLanguage\":\"lt-LT\",\"potentialAction\":[{\"@type\":\"ReadAction\",\"target\":[\"https:\/\/padelhaus.mustlammas-dev.in\/lt\/parduotuve\/head-vibe-2026-roheline\/\"]}]},{\"@type\":\"ImageObject\",\"inLanguage\":\"lt-LT\",\"@id\":\"https:\/\/padelhaus.mustlammas-dev.in\/lt\/parduotuve\/head-vibe-2026-roheline\/#primaryimage\",\"url\":\"https:\/\/padelhaus.mustlammas-dev.in\/wp-content\/uploads\/2026\/03\/8.webp\",\"contentUrl\":\"https:\/\/padelhaus.mustlammas-dev.in\/wp-content\/uploads\/2026\/03\/8.webp\",\"width\":1000,\"height\":1000,\"caption\":\"Head Vibe 2026 \u017dalia\"},{\"@type\":\"BreadcrumbList\",\"@id\":\"https:\/\/padelhaus.mustlammas-dev.in\/lt\/parduotuve\/head-vibe-2026-roheline\/#breadcrumb\",\"itemListElement\":[{\"@type\":\"ListItem\",\"position\":1,\"name\":\"Prad\u017eia\",\"item\":\"https:\/\/padel-haus.lt\/\"},{\"@type\":\"ListItem\",\"position\":2,\"name\":\"Parduotuv\u0117\",\"item\":\"https:\/\/padel-haus.lt\/parduotuve\/\"},{\"@type\":\"ListItem\",\"position\":3,\"name\":\"HEAD VIBE 2026 \u017dALIA\"}]},{\"@type\":\"WebSite\",\"@id\":\"https:\/\/padelhaus.mustlammas-dev.in\/lt\/#website\",\"url\":\"https:\/\/padelhaus.mustlammas-dev.in\/lt\/\",\"name\":\"Claude Padelhaus\",\"description\":\"Sinu padelivarustuse kodu\",\"publisher\":{\"@id\":\"https:\/\/padelhaus.mustlammas-dev.in\/lt\/#organization\"},\"potentialAction\":[{\"@type\":\"SearchAction\",\"target\":{\"@type\":\"EntryPoint\",\"urlTemplate\":\"https:\/\/padelhaus.mustlammas-dev.in\/lt\/?s={search_term_string}\"},\"query-input\":{\"@type\":\"PropertyValueSpecification\",\"valueRequired\":true,\"valueName\":\"search_term_string\"}}],\"inLanguage\":\"lt-LT\"},{\"@type\":\"Organization\",\"@id\":\"https:\/\/padelhaus.mustlammas-dev.in\/lt\/#organization\",\"name\":\"Claude Padelhaus\",\"url\":\"https:\/\/padelhaus.mustlammas-dev.in\/lt\/\",\"logo\":{\"@type\":\"ImageObject\",\"inLanguage\":\"lt-LT\",\"@id\":\"https:\/\/padelhaus.mustlammas-dev.in\/lt\/#\/schema\/logo\/image\/\",\"url\":\"https:\/\/padelhaus.mustlammas-dev.in\/wp-content\/uploads\/2025\/05\/Logo-1.png\",\"contentUrl\":\"https:\/\/padelhaus.mustlammas-dev.in\/wp-content\/uploads\/2025\/05\/Logo-1.png\",\"width\":280,\"height\":115,\"caption\":\"Claude Padelhaus\"},\"image\":{\"@id\":\"https:\/\/padelhaus.mustlammas-dev.in\/lt\/#\/schema\/logo\/image\/\"}}]}<\/script>\n<meta property=\"product:price:amount\" content=\"83.95\" \/>\n<meta property=\"product:price:currency\" content=\"EUR\" \/>\n<meta property=\"og:availability\" content=\"backorder\" \/>\n<meta property=\"product:availability\" content=\"available for order\" \/>\n<meta property=\"product:retailer_item_id\" content=\"HEA-R-44\" \/>\n<meta property=\"product:condition\" content=\"new\" \/>\n<!-- \/ Yoast SEO Premium plugin. -->","yoast_head_json":{"title":"HEAD VIBE 2026 \u017dALIA | Padelhaus","description":"Ie\u0161kai naujos padelio raket\u0117s gera kaina? Padelhaus si\u016blo geriausi\u0105 padelio rake\u010di\u0173 pasirinkim\u0105 kiekvienam lygiui \u2013 tavo padelio parduotuv\u0117.","robots":{"index":"noindex","follow":"follow","max-snippet":"max-snippet:-1","max-image-preview":"max-image-preview:large","max-video-preview":"max-video-preview:-1"},"og_locale":"lt_LT","og_type":"article","og_title":"HEAD VIBE 2026 \u017dALIA","og_description":"Ie\u0161kai naujos padelio raket\u0117s gera kaina? Padelhaus si\u016blo geriausi\u0105 padelio rake\u010di\u0173 pasirinkim\u0105 kiekvienam lygiui \u2013 tavo padelio parduotuv\u0117.","og_url":"https:\/\/padelhaus.mustlammas-dev.in\/lt\/parduotuve\/head-vibe-2026-roheline\/","og_site_name":"Padelhaus","article_modified_time":"2026-03-04T11:30:09+00:00","og_image":[{"width":1000,"height":1000,"url":"https:\/\/padel-haus.lt\/wp-content\/uploads\/2026\/03\/8.webp","type":"image\/webp"}],"twitter_card":"summary_large_image","twitter_misc":{"Price":"83,95&nbsp;&euro;","Availability":"On backorder"},"schema":{"@context":"https:\/\/schema.org","@graph":[{"@type":["WebPage","ItemPage"],"@id":"https:\/\/padelhaus.mustlammas-dev.in\/lt\/parduotuve\/head-vibe-2026-roheline\/","url":"https:\/\/padelhaus.mustlammas-dev.in\/lt\/parduotuve\/head-vibe-2026-roheline\/","name":"HEAD VIBE 2026 \u017dALIA | Padelhaus","isPartOf":{"@id":"https:\/\/padelhaus.mustlammas-dev.in\/lt\/#website"},"primaryImageOfPage":{"@id":"https:\/\/padelhaus.mustlammas-dev.in\/lt\/parduotuve\/head-vibe-2026-roheline\/#primaryimage"},"image":{"@id":"https:\/\/padelhaus.mustlammas-dev.in\/lt\/parduotuve\/head-vibe-2026-roheline\/#primaryimage"},"thumbnailUrl":"https:\/\/padelhaus.mustlammas-dev.in\/wp-content\/uploads\/2026\/03\/8.webp","datePublished":"2026-03-04T10:18:27+00:00","dateModified":"2026-03-04T11:30:09+00:00","description":"Ie\u0161kai naujos padelio raket\u0117s gera kaina? Padelhaus si\u016blo geriausi\u0105 padelio rake\u010di\u0173 pasirinkim\u0105 kiekvienam lygiui \u2013 tavo padelio parduotuv\u0117.","breadcrumb":{"@id":"https:\/\/padelhaus.mustlammas-dev.in\/lt\/parduotuve\/head-vibe-2026-roheline\/#breadcrumb"},"inLanguage":"lt-LT","potentialAction":[{"@type":"ReadAction","target":["https:\/\/padelhaus.mustlammas-dev.in\/lt\/parduotuve\/head-vibe-2026-roheline\/"]}]},{"@type":"ImageObject","inLanguage":"lt-LT","@id":"https:\/\/padelhaus.mustlammas-dev.in\/lt\/parduotuve\/head-vibe-2026-roheline\/#primaryimage","url":"https:\/\/padelhaus.mustlammas-dev.in\/wp-content\/uploads\/2026\/03\/8.webp","contentUrl":"https:\/\/padelhaus.mustlammas-dev.in\/wp-content\/uploads\/2026\/03\/8.webp","width":1000,"height":1000,"caption":"Head Vibe 2026 \u017dalia"},{"@type":"BreadcrumbList","@id":"https:\/\/padelhaus.mustlammas-dev.in\/lt\/parduotuve\/head-vibe-2026-roheline\/#breadcrumb","itemListElement":[{"@type":"ListItem","position":1,"name":"Prad\u017eia","item":"https:\/\/padel-haus.lt\/"},{"@type":"ListItem","position":2,"name":"Parduotuv\u0117","item":"https:\/\/padel-haus.lt\/parduotuve\/"},{"@type":"ListItem","position":3,"name":"HEAD VIBE 2026 \u017dALIA"}]},{"@type":"WebSite","@id":"https:\/\/padelhaus.mustlammas-dev.in\/lt\/#website","url":"https:\/\/padelhaus.mustlammas-dev.in\/lt\/","name":"Claude Padelhaus","description":"Sinu padelivarustuse kodu","publisher":{"@id":"https:\/\/padelhaus.mustlammas-dev.in\/lt\/#organization"},"potentialAction":[{"@type":"SearchAction","target":{"@type":"EntryPoint","urlTemplate":"https:\/\/padelhaus.mustlammas-dev.in\/lt\/?s={search_term_string}"},"query-input":{"@type":"PropertyValueSpecification","valueRequired":true,"valueName":"search_term_string"}}],"inLanguage":"lt-LT"},{"@type":"Organization","@id":"https:\/\/padelhaus.mustlammas-dev.in\/lt\/#organization","name":"Claude Padelhaus","url":"https:\/\/padelhaus.mustlammas-dev.in\/lt\/","logo":{"@type":"ImageObject","inLanguage":"lt-LT","@id":"https:\/\/padelhaus.mustlammas-dev.in\/lt\/#\/schema\/logo\/image\/","url":"https:\/\/padelhaus.mustlammas-dev.in\/wp-content\/uploads\/2025\/05\/Logo-1.png","contentUrl":"https:\/\/padelhaus.mustlammas-dev.in\/wp-content\/uploads\/2025\/05\/Logo-1.png","width":280,"height":115,"caption":"Claude Padelhaus"},"image":{"@id":"https:\/\/padelhaus.mustlammas-dev.in\/lt\/#\/schema\/logo\/image\/"}}]},"product_price_amount":"83.95","product_price_currency":"EUR","og_availability":"backorder","product_availability":"available for order","product_retailer_item_id":"HEA-R-44","product_condition":"new"},"_links":{"self":[{"href":"https:\/\/padelhaus.mustlammas-dev.in\/lt\/wp-json\/wp\/v2\/product\/70892","targetHints":{"allow":["GET"]}}],"collection":[{"href":"https:\/\/padelhaus.mustlammas-dev.in\/lt\/wp-json\/wp\/v2\/product"}],"about":[{"href":"https:\/\/padelhaus.mustlammas-dev.in\/lt\/wp-json\/wp\/v2\/types\/product"}],"replies":[{"embeddable":true,"href":"https:\/\/padelhaus.mustlammas-dev.in\/lt\/wp-json\/wp\/v2\/comments?post=70892"}],"wp:featuredmedia":[{"embeddable":true,"href":"https:\/\/padelhaus.mustlammas-dev.in\/lt\/wp-json\/wp\/v2\/media\/70893"}],"wp:attachment":[{"href":"https:\/\/padelhaus.mustlammas-dev.in\/lt\/wp-json\/wp\/v2\/media?parent=70892"}],"wp:term":[{"taxonomy":"product_brand","embeddable":true,"href":"https:\/\/padelhaus.mustlammas-dev.in\/lt\/wp-json\/wp\/v2\/product_brand?post=70892"},{"taxonomy":"product_cat","embeddable":true,"href":"https:\/\/padelhaus.mustlammas-dev.in\/lt\/wp-json\/wp\/v2\/product_cat?post=70892"},{"taxonomy":"product_tag","embeddable":true,"href":"https:\/\/padelhaus.mustlammas-dev.in\/lt\/wp-json\/wp\/v2\/product_tag?post=70892"}],"curies":[{"name":"wp","href":"https:\/\/api.w.org\/{rel}","templated":true}]}}