{"id":70900,"date":"2026-03-04T12:03:47","date_gmt":"2026-03-04T10:03:47","guid":{"rendered":"https:\/\/padelhaus.mustlammas-dev.in\/pood\/nox-equation-soft-advanced\/"},"modified":"2026-03-04T13:30:09","modified_gmt":"2026-03-04T11:30:09","slug":"nox-equation-soft-advanced","status":"publish","type":"product","link":"https:\/\/padelhaus.mustlammas-dev.in\/lt\/parduotuve\/nox-equation-soft-advanced\/","title":{"rendered":"NOX EQUATION SOFT ADVANCED"},"content":{"rendered":"<p><strong>Nox Equation Soft Advanced 2026<\/strong> sukurtas \u017eaid\u0117jams, ie\u0161kantiems mink\u0161to sm\u016bgio jausmo ir gero kamuoliuko at\u0161okimo \u2013 puikiai tinka ilgiems, intensyviems ma\u010dams. Speciali HR3 Soft EVA \u0161erdis u\u017etikrina patogesn\u012f ir geriau kontroliuojam\u0105 sm\u016bg\u012f, i\u0161laikant puik\u0173 tikslum\u0105 kiekviename ta\u0161ke. Apvali forma ir vidutinis balansas garantuoja subalansuot\u0105 valdym\u0105 bei stabil\u0173 \u017eaidim\u0105.  <\/p>\n<h5>Patvarus ir subalansuotas dizainas<\/h5>\n<p>Anglies pluo\u0161to r\u0117mas suteikia tvirt\u0105 ir stabili\u0105 konstrukcij\u0105, o Fiber Glass 3K apdaila padidina patvarum\u0105 neaukojant \u017eaidimo savybi\u0173. Be to, vibracij\u0105 slopinanti sistema suma\u017eina traum\u0173 rizik\u0105 ir pagerina komfort\u0105 kiekvieno sm\u016bgio metu. <\/p>\n<p>Raket\u0117 derina eleganti\u0161k\u0105 balt\u0105 dizain\u0105 su m\u0117lynais ir juodais akcentais bei \u017eaidimo savybes, sukurtas vidutinio lygio \u017eaid\u0117jams, ie\u0161kantiems tikslumo ir kontrol\u0117s.<\/p>\n<h5>Pagrindin\u0117s technologijos ir savyb\u0117s<\/h5>\n<ul>\n<li><strong>HR3 Soft EVA \u2013<\/strong> ma\u017eo tankio \u0161erdis, gerinanti kontrol\u0119 ir kamuoliuko at\u0161okim\u0105<\/li>\n<li><strong>Fiber Glass 3K \u2013<\/strong> trys stiklo pluo\u0161to sluoksniai didesnei patvarumui u\u017etikrinti<\/li>\n<li><strong>Exclusive Spin \u2013<\/strong> \u0161iurk\u0161tus pavir\u0161ius su dviguba apdaila (sm\u0117lio pur\u0161kimas + 3D \u0161e\u0161iakampis ra\u0161tas), padedantis suteikti kamuoliukui daugiau efekto<\/li>\n<li><strong>Anti Vibration System (AVS) \u2013<\/strong> \u012f r\u0117m\u0105 \u012fmontuoti gumos elementai, sugeriantys vibracij\u0105<\/li>\n<li><strong>Dynamic Composite Structure (DCS) \u2013<\/strong> vidinis sustiprinimas, padidinantis raket\u0117s patvarum\u0105<\/li>\n<li><strong>Carbon Frame \u2013<\/strong> standesnis ir patvaresnis anglies pluo\u0161to r\u0117mas<\/li>\n<li><strong>Smartstrap\u00ae \u2013<\/strong> kei\u010diama, higieni\u0161ka ir saugi rie\u0161o juosta<\/li>\n<\/ul>\n","protected":false},"excerpt":{"rendered":"<p>Nox Equation Soft Advanced 2026 sukurtas \u017eaid\u0117jams, ie\u0161kantiems mink\u0161to sm\u016bgio jausmo ir gero kamuoliuko at\u0161okimo \u2013 puikiai tinka ilgiems, intensyviems ma\u010dams. Speciali HR3 Soft EVA \u0161erdis u\u017etikrina patogesn\u012f ir geriau kontroliuojam\u0105 sm\u016bg\u012f, i\u0161laikant puik\u0173 tikslum\u0105 kiekviename ta\u0161ke. Apvali forma ir vidutinis balansas garantuoja subalansuot\u0105 valdym\u0105 bei stabil\u0173 \u017eaidim\u0105. Patvarus ir subalansuotas dizainas Anglies pluo\u0161to r\u0117mas [&hellip;]<\/p>\n","protected":false},"featured_media":70901,"comment_status":"open","ping_status":"closed","template":"","meta":{"_eb_attr":""},"product_brand":[369],"product_cat":[370,252,273,341],"product_tag":[],"class_list":{"0":"post-70900","1":"product","2":"type-product","3":"status-publish","4":"has-post-thumbnail","6":"product_brand-nox","7":"product_cat-nox","8":"product_cat-padelio-raketes","9":"product_cat-pazenges","10":"product_cat-vidutinis-lygis","11":"pa_kaal-360g","12":"pa_kuju-apvali","13":"pa_mangustiil-kontrole","14":"pa_tasakaal-viduryje","15":"pa_tase-pradedantysis","16":"pa_tase-vidutinis-lygis","17":"pa_varv-balta","18":"pa_varv-melyna","21":"first","22":"onbackorder","23":"sale","24":"taxable","25":"shipping-taxable","26":"purchasable","27":"product-type-simple"},"yoast_head":"<!-- This site is optimized with the Yoast SEO Premium plugin v27.1 (Yoast SEO v27.1.1) - https:\/\/yoast.com\/product\/yoast-seo-premium-wordpress\/ -->\n<title>NOX EQUATION SOFT ADVANCED | Padelhaus<\/title>\n<meta name=\"description\" content=\"Ie\u0161kai naujos padelio raket\u0117s gera kaina? Padelhaus si\u016blo geriausi\u0105 padelio rake\u010di\u0173 pasirinkim\u0105 kiekvienam lygiui \u2013 tavo padelio parduotuv\u0117.\" \/>\n<meta name=\"robots\" content=\"noindex, follow, max-snippet:-1, max-image-preview:large, max-video-preview:-1\" \/>\n<meta property=\"og:locale\" content=\"lt_LT\" \/>\n<meta property=\"og:type\" content=\"article\" \/>\n<meta property=\"og:title\" content=\"NOX EQUATION SOFT ADVANCED\" \/>\n<meta property=\"og:description\" content=\"Ie\u0161kai naujos padelio raket\u0117s gera kaina? Padelhaus si\u016blo geriausi\u0105 padelio rake\u010di\u0173 pasirinkim\u0105 kiekvienam lygiui \u2013 tavo padelio parduotuv\u0117.\" \/>\n<meta property=\"og:url\" content=\"https:\/\/padelhaus.mustlammas-dev.in\/lt\/parduotuve\/nox-equation-soft-advanced\/\" \/>\n<meta property=\"og:site_name\" content=\"Padelhaus\" \/>\n<meta property=\"article:modified_time\" content=\"2026-03-04T11:30:09+00:00\" \/>\n<meta property=\"og:image\" content=\"https:\/\/padel-haus.lt\/wp-content\/uploads\/2026\/03\/1.webp\" \/>\n\t<meta property=\"og:image:width\" content=\"1000\" \/>\n\t<meta property=\"og:image:height\" content=\"1000\" \/>\n\t<meta property=\"og:image:type\" content=\"image\/webp\" \/>\n<meta name=\"twitter:card\" content=\"summary_large_image\" \/>\n<meta name=\"twitter:label1\" content=\"Price\" \/>\n\t<meta name=\"twitter:data1\" content=\"107,95&nbsp;&euro;\" \/>\n\t<meta name=\"twitter:label2\" content=\"Availability\" \/>\n\t<meta name=\"twitter:data2\" content=\"On backorder\" \/>\n<script type=\"application\/ld+json\" class=\"yoast-schema-graph\">{\"@context\":\"https:\/\/schema.org\",\"@graph\":[{\"@type\":[\"WebPage\",\"ItemPage\"],\"@id\":\"https:\/\/padelhaus.mustlammas-dev.in\/lt\/parduotuve\/nox-equation-soft-advanced\/\",\"url\":\"https:\/\/padelhaus.mustlammas-dev.in\/lt\/parduotuve\/nox-equation-soft-advanced\/\",\"name\":\"NOX EQUATION SOFT ADVANCED | Padelhaus\",\"isPartOf\":{\"@id\":\"https:\/\/padelhaus.mustlammas-dev.in\/lt\/#website\"},\"primaryImageOfPage\":{\"@id\":\"https:\/\/padelhaus.mustlammas-dev.in\/lt\/parduotuve\/nox-equation-soft-advanced\/#primaryimage\"},\"image\":{\"@id\":\"https:\/\/padelhaus.mustlammas-dev.in\/lt\/parduotuve\/nox-equation-soft-advanced\/#primaryimage\"},\"thumbnailUrl\":\"https:\/\/padelhaus.mustlammas-dev.in\/wp-content\/uploads\/2026\/03\/1.webp\",\"datePublished\":\"2026-03-04T10:03:47+00:00\",\"dateModified\":\"2026-03-04T11:30:09+00:00\",\"description\":\"Ie\u0161kai naujos padelio raket\u0117s gera kaina? Padelhaus si\u016blo geriausi\u0105 padelio rake\u010di\u0173 pasirinkim\u0105 kiekvienam lygiui \u2013 tavo padelio parduotuv\u0117.\",\"breadcrumb\":{\"@id\":\"https:\/\/padelhaus.mustlammas-dev.in\/lt\/parduotuve\/nox-equation-soft-advanced\/#breadcrumb\"},\"inLanguage\":\"lt-LT\",\"potentialAction\":[{\"@type\":\"ReadAction\",\"target\":[\"https:\/\/padelhaus.mustlammas-dev.in\/lt\/parduotuve\/nox-equation-soft-advanced\/\"]}]},{\"@type\":\"ImageObject\",\"inLanguage\":\"lt-LT\",\"@id\":\"https:\/\/padelhaus.mustlammas-dev.in\/lt\/parduotuve\/nox-equation-soft-advanced\/#primaryimage\",\"url\":\"https:\/\/padelhaus.mustlammas-dev.in\/wp-content\/uploads\/2026\/03\/1.webp\",\"contentUrl\":\"https:\/\/padelhaus.mustlammas-dev.in\/wp-content\/uploads\/2026\/03\/1.webp\",\"width\":1000,\"height\":1000,\"caption\":\"NOX EQUATION SOFT ADVANCED 2026\"},{\"@type\":\"BreadcrumbList\",\"@id\":\"https:\/\/padelhaus.mustlammas-dev.in\/lt\/parduotuve\/nox-equation-soft-advanced\/#breadcrumb\",\"itemListElement\":[{\"@type\":\"ListItem\",\"position\":1,\"name\":\"Prad\u017eia\",\"item\":\"https:\/\/padel-haus.lt\/\"},{\"@type\":\"ListItem\",\"position\":2,\"name\":\"Parduotuv\u0117\",\"item\":\"https:\/\/padel-haus.lt\/parduotuve\/\"},{\"@type\":\"ListItem\",\"position\":3,\"name\":\"NOX EQUATION SOFT ADVANCED\"}]},{\"@type\":\"WebSite\",\"@id\":\"https:\/\/padelhaus.mustlammas-dev.in\/lt\/#website\",\"url\":\"https:\/\/padelhaus.mustlammas-dev.in\/lt\/\",\"name\":\"Claude Padelhaus\",\"description\":\"Sinu padelivarustuse kodu\",\"publisher\":{\"@id\":\"https:\/\/padelhaus.mustlammas-dev.in\/lt\/#organization\"},\"potentialAction\":[{\"@type\":\"SearchAction\",\"target\":{\"@type\":\"EntryPoint\",\"urlTemplate\":\"https:\/\/padelhaus.mustlammas-dev.in\/lt\/?s={search_term_string}\"},\"query-input\":{\"@type\":\"PropertyValueSpecification\",\"valueRequired\":true,\"valueName\":\"search_term_string\"}}],\"inLanguage\":\"lt-LT\"},{\"@type\":\"Organization\",\"@id\":\"https:\/\/padelhaus.mustlammas-dev.in\/lt\/#organization\",\"name\":\"Claude Padelhaus\",\"url\":\"https:\/\/padelhaus.mustlammas-dev.in\/lt\/\",\"logo\":{\"@type\":\"ImageObject\",\"inLanguage\":\"lt-LT\",\"@id\":\"https:\/\/padelhaus.mustlammas-dev.in\/lt\/#\/schema\/logo\/image\/\",\"url\":\"https:\/\/padelhaus.mustlammas-dev.in\/wp-content\/uploads\/2025\/05\/Logo-1.png\",\"contentUrl\":\"https:\/\/padelhaus.mustlammas-dev.in\/wp-content\/uploads\/2025\/05\/Logo-1.png\",\"width\":280,\"height\":115,\"caption\":\"Claude Padelhaus\"},\"image\":{\"@id\":\"https:\/\/padelhaus.mustlammas-dev.in\/lt\/#\/schema\/logo\/image\/\"}}]}<\/script>\n<meta property=\"product:price:amount\" content=\"107.95\" \/>\n<meta property=\"product:price:currency\" content=\"EUR\" \/>\n<meta property=\"og:availability\" content=\"backorder\" \/>\n<meta property=\"product:availability\" content=\"available for order\" \/>\n<meta property=\"product:retailer_item_id\" content=\"NOX-R-45\" \/>\n<meta property=\"product:condition\" content=\"new\" \/>\n<!-- \/ Yoast SEO Premium plugin. -->","yoast_head_json":{"title":"NOX EQUATION SOFT ADVANCED | Padelhaus","description":"Ie\u0161kai naujos padelio raket\u0117s gera kaina? Padelhaus si\u016blo geriausi\u0105 padelio rake\u010di\u0173 pasirinkim\u0105 kiekvienam lygiui \u2013 tavo padelio parduotuv\u0117.","robots":{"index":"noindex","follow":"follow","max-snippet":"max-snippet:-1","max-image-preview":"max-image-preview:large","max-video-preview":"max-video-preview:-1"},"og_locale":"lt_LT","og_type":"article","og_title":"NOX EQUATION SOFT ADVANCED","og_description":"Ie\u0161kai naujos padelio raket\u0117s gera kaina? Padelhaus si\u016blo geriausi\u0105 padelio rake\u010di\u0173 pasirinkim\u0105 kiekvienam lygiui \u2013 tavo padelio parduotuv\u0117.","og_url":"https:\/\/padelhaus.mustlammas-dev.in\/lt\/parduotuve\/nox-equation-soft-advanced\/","og_site_name":"Padelhaus","article_modified_time":"2026-03-04T11:30:09+00:00","og_image":[{"width":1000,"height":1000,"url":"https:\/\/padel-haus.lt\/wp-content\/uploads\/2026\/03\/1.webp","type":"image\/webp"}],"twitter_card":"summary_large_image","twitter_misc":{"Price":"107,95&nbsp;&euro;","Availability":"On backorder"},"schema":{"@context":"https:\/\/schema.org","@graph":[{"@type":["WebPage","ItemPage"],"@id":"https:\/\/padelhaus.mustlammas-dev.in\/lt\/parduotuve\/nox-equation-soft-advanced\/","url":"https:\/\/padelhaus.mustlammas-dev.in\/lt\/parduotuve\/nox-equation-soft-advanced\/","name":"NOX EQUATION SOFT ADVANCED | Padelhaus","isPartOf":{"@id":"https:\/\/padelhaus.mustlammas-dev.in\/lt\/#website"},"primaryImageOfPage":{"@id":"https:\/\/padelhaus.mustlammas-dev.in\/lt\/parduotuve\/nox-equation-soft-advanced\/#primaryimage"},"image":{"@id":"https:\/\/padelhaus.mustlammas-dev.in\/lt\/parduotuve\/nox-equation-soft-advanced\/#primaryimage"},"thumbnailUrl":"https:\/\/padelhaus.mustlammas-dev.in\/wp-content\/uploads\/2026\/03\/1.webp","datePublished":"2026-03-04T10:03:47+00:00","dateModified":"2026-03-04T11:30:09+00:00","description":"Ie\u0161kai naujos padelio raket\u0117s gera kaina? Padelhaus si\u016blo geriausi\u0105 padelio rake\u010di\u0173 pasirinkim\u0105 kiekvienam lygiui \u2013 tavo padelio parduotuv\u0117.","breadcrumb":{"@id":"https:\/\/padelhaus.mustlammas-dev.in\/lt\/parduotuve\/nox-equation-soft-advanced\/#breadcrumb"},"inLanguage":"lt-LT","potentialAction":[{"@type":"ReadAction","target":["https:\/\/padelhaus.mustlammas-dev.in\/lt\/parduotuve\/nox-equation-soft-advanced\/"]}]},{"@type":"ImageObject","inLanguage":"lt-LT","@id":"https:\/\/padelhaus.mustlammas-dev.in\/lt\/parduotuve\/nox-equation-soft-advanced\/#primaryimage","url":"https:\/\/padelhaus.mustlammas-dev.in\/wp-content\/uploads\/2026\/03\/1.webp","contentUrl":"https:\/\/padelhaus.mustlammas-dev.in\/wp-content\/uploads\/2026\/03\/1.webp","width":1000,"height":1000,"caption":"NOX EQUATION SOFT ADVANCED 2026"},{"@type":"BreadcrumbList","@id":"https:\/\/padelhaus.mustlammas-dev.in\/lt\/parduotuve\/nox-equation-soft-advanced\/#breadcrumb","itemListElement":[{"@type":"ListItem","position":1,"name":"Prad\u017eia","item":"https:\/\/padel-haus.lt\/"},{"@type":"ListItem","position":2,"name":"Parduotuv\u0117","item":"https:\/\/padel-haus.lt\/parduotuve\/"},{"@type":"ListItem","position":3,"name":"NOX EQUATION SOFT ADVANCED"}]},{"@type":"WebSite","@id":"https:\/\/padelhaus.mustlammas-dev.in\/lt\/#website","url":"https:\/\/padelhaus.mustlammas-dev.in\/lt\/","name":"Claude Padelhaus","description":"Sinu padelivarustuse kodu","publisher":{"@id":"https:\/\/padelhaus.mustlammas-dev.in\/lt\/#organization"},"potentialAction":[{"@type":"SearchAction","target":{"@type":"EntryPoint","urlTemplate":"https:\/\/padelhaus.mustlammas-dev.in\/lt\/?s={search_term_string}"},"query-input":{"@type":"PropertyValueSpecification","valueRequired":true,"valueName":"search_term_string"}}],"inLanguage":"lt-LT"},{"@type":"Organization","@id":"https:\/\/padelhaus.mustlammas-dev.in\/lt\/#organization","name":"Claude Padelhaus","url":"https:\/\/padelhaus.mustlammas-dev.in\/lt\/","logo":{"@type":"ImageObject","inLanguage":"lt-LT","@id":"https:\/\/padelhaus.mustlammas-dev.in\/lt\/#\/schema\/logo\/image\/","url":"https:\/\/padelhaus.mustlammas-dev.in\/wp-content\/uploads\/2025\/05\/Logo-1.png","contentUrl":"https:\/\/padelhaus.mustlammas-dev.in\/wp-content\/uploads\/2025\/05\/Logo-1.png","width":280,"height":115,"caption":"Claude Padelhaus"},"image":{"@id":"https:\/\/padelhaus.mustlammas-dev.in\/lt\/#\/schema\/logo\/image\/"}}]},"product_price_amount":"107.95","product_price_currency":"EUR","og_availability":"backorder","product_availability":"available for order","product_retailer_item_id":"NOX-R-45","product_condition":"new"},"_links":{"self":[{"href":"https:\/\/padelhaus.mustlammas-dev.in\/lt\/wp-json\/wp\/v2\/product\/70900","targetHints":{"allow":["GET"]}}],"collection":[{"href":"https:\/\/padelhaus.mustlammas-dev.in\/lt\/wp-json\/wp\/v2\/product"}],"about":[{"href":"https:\/\/padelhaus.mustlammas-dev.in\/lt\/wp-json\/wp\/v2\/types\/product"}],"replies":[{"embeddable":true,"href":"https:\/\/padelhaus.mustlammas-dev.in\/lt\/wp-json\/wp\/v2\/comments?post=70900"}],"wp:featuredmedia":[{"embeddable":true,"href":"https:\/\/padelhaus.mustlammas-dev.in\/lt\/wp-json\/wp\/v2\/media\/70901"}],"wp:attachment":[{"href":"https:\/\/padelhaus.mustlammas-dev.in\/lt\/wp-json\/wp\/v2\/media?parent=70900"}],"wp:term":[{"taxonomy":"product_brand","embeddable":true,"href":"https:\/\/padelhaus.mustlammas-dev.in\/lt\/wp-json\/wp\/v2\/product_brand?post=70900"},{"taxonomy":"product_cat","embeddable":true,"href":"https:\/\/padelhaus.mustlammas-dev.in\/lt\/wp-json\/wp\/v2\/product_cat?post=70900"},{"taxonomy":"product_tag","embeddable":true,"href":"https:\/\/padelhaus.mustlammas-dev.in\/lt\/wp-json\/wp\/v2\/product_tag?post=70900"}],"curies":[{"name":"wp","href":"https:\/\/api.w.org\/{rel}","templated":true}]}}