{"id":72716,"date":"2026-03-05T16:47:44","date_gmt":"2026-03-05T14:47:44","guid":{"rendered":"https:\/\/padelhaus.mustlammas-dev.in\/pood\/adidas-metalbone-team-3-3-2024\/"},"modified":"2026-03-05T18:37:35","modified_gmt":"2026-03-05T16:37:35","slug":"adidas-metalbone-team-3-3-2024","status":"publish","type":"product","link":"https:\/\/padelhaus.mustlammas-dev.in\/lt\/parduotuve\/adidas-metalbone-team-3-3-2024\/","title":{"rendered":"Adidas Metalbone Team 3.3 2024"},"content":{"rendered":"<h4><b>Adidas Metalbone Team 3.3 \u2013 pasiruo\u0161usi bet kokiam i\u0161\u0161\u016bkiui<\/b><\/h4>\n<p>&nbsp;<\/p>\n<p class=\"p3\"><span class=\"s2\"><b>Adidas Metalbone Team 3.3<\/b><\/span> sukurta auk\u0161to lygio \u017eaid\u0117jams, norintiems dominuoti puolime. D\u0117l <span class=\"s2\"><b>Octagonal Structure<\/b><\/span> ir <span class=\"s2\"><b>Structural Reinforcement<\/b><\/span> technologij\u0173 \u0161i raket\u0117 pasi\u017eymi i\u0161skirtiniu standumu ir stabilumu, padedan\u010diu pasiekti maksimali\u0105 gali\u0105 atliekant agresyvius sm\u016bgius. <\/p>\n<p class=\"p3\">Raket\u0117s <span class=\"s2\"><b>stiklo pluo\u0161to pavir\u0161ius<\/b><\/span> su <span class=\"s2\"><b>EVA Soft Performance \u0161erdimi<\/b><\/span> sukuria ideali\u0105 pusiausvyr\u0105 tarp komforto, kontrol\u0117s ir kamuoliuko at\u0161okimo. Be to, \u0161iurk\u0161tus <span class=\"s2\"><b>Spin Blade Gritt<\/b><\/span> pavir\u0161ius kartu su <span class=\"s2\"><b>Smart Holes Curve<\/b><\/span> skyli\u0173 i\u0161d\u0117stymu gerokai padidina sukimo galimybes, suteikdamas sm\u016bgiams daugiau efekto ir kontrol\u0117s. <\/p>\n<h4><b>Pagrindin\u0117s technologijos<\/b><\/h4>\n<h3><b>Octagonal Structure<\/b><\/h3>\n<p>&nbsp;<\/p>\n<p class=\"p3\">Maksimalus standumas prasideda raket\u0117s viduje.<\/p>\n<p class=\"p3\">\u0160i technologija naudoja <span class=\"s2\"><b>a\u0161tuonkampio skerspj\u016bvio anglies pluo\u0161to vamzdeli\u0173 konstrukcij\u0105<\/b><\/span>, kuri suteikia raketei didel\u012f stabilum\u0105 ir labai auk\u0161t\u0105 atsparum\u0105 sukimuisi. Rezultatas \u2013 u\u017etikrintas poj\u016btis ir maksimali galia net stipriausi\u0173 sm\u016bgi\u0173 metu. <\/p>\n<h3><b>Spin Blade Gritt<\/b><\/h3>\n<p>&nbsp;<\/p>\n<p class=\"p3\">Efektas atsiranda d\u0117l trinties tarp raket\u0117s pavir\u0161iaus ir kamuoliuko.<\/p>\n<p class=\"p3\">\u0160iurk\u0161tus, sm\u0117lio tekst\u016bros \u0161ios technologijos pavir\u0161ius gerokai padidina sukibim\u0105 su kamuoliuku ir padeda sukurti daugiau sukimo.<\/p>\n<h3><b>Smart Holes Curve<\/b><\/h3>\n<p>&nbsp;<\/p>\n<p class=\"p3\">I\u0161lenkta skyli\u0173 i\u0161d\u0117stymo schema optimizuota taip, kad raket\u0117s jud\u0117jimo trajektorija sukimo sm\u016bgi\u0173 metu padidint\u0173 trint\u012f, leid\u017eiant pasiekti pastebimai stipresn\u012f efekt\u0105.<\/p>\n<h4><b>Technin\u0117s specifikacijos<\/b><\/h4>\n<ul>\n<li>\n<p class=\"p1\"><span class=\"s1\"><b>Lygis:<\/b><\/span> pa\u017eengusiems<\/p>\n<\/li>\n<li>\n<p class=\"p1\"><b>\u017daidimo stilius:<\/b><span class=\"s1\"> puolamasis<\/span><\/p>\n<\/li>\n<li>\n<p class=\"p1\"><span class=\"s1\"><b>Forma:<\/b><\/span> padidintas deimantas<\/p>\n<\/li>\n<li>\n<p class=\"p1\"><span class=\"s1\"><b>Balansas:<\/b><\/span> \u012f galv\u0105 (285 mm)<\/p>\n<\/li>\n<li>\n<p class=\"p1\"><span class=\"s1\"><b>Plotas:<\/b><\/span> 485 cm\u00b2<\/p>\n<\/li>\n<li>\n<p class=\"p1\"><span class=\"s1\"><b>Ilgis:<\/b><\/span> 455 mm<\/p>\n<\/li>\n<li>\n<p class=\"p1\"><b>Profilis:<\/b><span class=\"s1\"> 38 mm<\/span><\/p>\n<\/li>\n<li>\n<p class=\"p1\"><span class=\"s1\"><b>Apsauga:<\/b><\/span> Metalbone Protector Tape<\/p>\n<\/li>\n<li>\n<p class=\"p1\"><span class=\"s1\"><b>\u0160erdis:<\/b><\/span> EVA Soft Performance<\/p>\n<\/li>\n<li>\n<p class=\"p1\"><span class=\"s1\"><b>Pavir\u0161ius:<\/b><\/span> Fiberglass<\/p>\n<\/li>\n<li>\n<p class=\"p1\"><span class=\"s1\"><b>Galios technologija:<\/b><\/span> Octagonal Structure<\/p>\n<\/li>\n<li>\n<p class=\"p1\"><span class=\"s1\"><b>Patvarumas:<\/b><\/span> Structural Reinforcement<\/p>\n<\/li>\n<li>\n<p class=\"p1\"><span class=\"s1\"><b>Sukimas:<\/b><\/span> Spin Blade Gritt<\/p>\n<\/li>\n<li>\n<p class=\"p1\"><b>Sukimas (skyli\u0173 ra\u0161tas):<\/b><span class=\"s1\"> Smart Holes Curve<\/span><\/p>\n<\/li>\n<li>\n<p class=\"p1\"><span class=\"s1\"><b>Serija:<\/b><\/span> Metalbone<\/p>\n<\/li>\n<\/ul>\n<p>&nbsp;<\/p>\n","protected":false},"excerpt":{"rendered":"<p>Adidas Metalbone Team 3.3 \u2013 pasiruo\u0161usi bet kokiam i\u0161\u0161\u016bkiui &nbsp; Adidas Metalbone Team 3.3 sukurta auk\u0161to lygio \u017eaid\u0117jams, norintiems dominuoti puolime. D\u0117l Octagonal Structure ir Structural Reinforcement technologij\u0173 \u0161i raket\u0117 pasi\u017eymi i\u0161skirtiniu standumu ir stabilumu, padedan\u010diu pasiekti maksimali\u0105 gali\u0105 atliekant agresyvius sm\u016bgius. Raket\u0117s stiklo pluo\u0161to pavir\u0161ius su EVA Soft Performance \u0161erdimi sukuria ideali\u0105 pusiausvyr\u0105 tarp [&hellip;]<\/p>\n","protected":false},"featured_media":72717,"comment_status":"open","ping_status":"closed","template":"","meta":{"_eb_attr":""},"product_brand":[381],"product_cat":[395,252,341],"product_tag":[],"class_list":{"0":"post-72716","1":"product","2":"type-product","3":"status-publish","4":"has-post-thumbnail","6":"product_brand-adidas","7":"product_cat-adidas","8":"product_cat-padelio-raketes","9":"product_cat-vidutinis-lygis","10":"pa_kaal-360-375g","11":"pa_kuju-deimantas","12":"pa_mangustiil-puolimas","13":"pa_tasakaal-virsuje","14":"pa_tase-vidutinis-lygis","15":"pa_varv-balta","16":"pa_varv-juoda","17":"pa_varv-raudona","20":"first","21":"instock","22":"sale","23":"taxable","24":"shipping-taxable","25":"purchasable","26":"product-type-simple"},"yoast_head":"<!-- This site is optimized with the Yoast SEO Premium plugin v27.1 (Yoast SEO v27.1.1) - https:\/\/yoast.com\/product\/yoast-seo-premium-wordpress\/ -->\n<title>Adidas Metalbone Team 3.3 2024 | Padelhaus<\/title>\n<meta name=\"description\" content=\"Ie\u0161kai naujos padelio raket\u0117s gera kaina? Padelhaus si\u016blo geriausi\u0105 padelio rake\u010di\u0173 pasirinkim\u0105 kiekvienam lygiui \u2013 tavo padelio parduotuv\u0117.\" \/>\n<meta name=\"robots\" content=\"noindex, follow, max-snippet:-1, max-image-preview:large, max-video-preview:-1\" \/>\n<meta property=\"og:locale\" content=\"lt_LT\" \/>\n<meta property=\"og:type\" content=\"article\" \/>\n<meta property=\"og:title\" content=\"Adidas Metalbone Team 3.3 2024\" \/>\n<meta property=\"og:description\" content=\"Ie\u0161kai naujos padelio raket\u0117s gera kaina? Padelhaus si\u016blo geriausi\u0105 padelio rake\u010di\u0173 pasirinkim\u0105 kiekvienam lygiui \u2013 tavo padelio parduotuv\u0117.\" \/>\n<meta property=\"og:url\" content=\"https:\/\/padelhaus.mustlammas-dev.in\/lt\/parduotuve\/adidas-metalbone-team-3-3-2024\/\" \/>\n<meta property=\"og:site_name\" content=\"Padelhaus\" \/>\n<meta property=\"article:modified_time\" content=\"2026-03-05T16:37:35+00:00\" \/>\n<meta property=\"og:image\" content=\"https:\/\/padel-haus.lt\/wp-content\/uploads\/2026\/03\/16.webp\" \/>\n\t<meta property=\"og:image:width\" content=\"1000\" \/>\n\t<meta property=\"og:image:height\" content=\"1000\" \/>\n\t<meta property=\"og:image:type\" content=\"image\/webp\" \/>\n<meta name=\"twitter:card\" content=\"summary_large_image\" \/>\n<meta name=\"twitter:label1\" content=\"Price\" \/>\n\t<meta name=\"twitter:data1\" content=\"124,95&nbsp;&euro;\" \/>\n\t<meta name=\"twitter:label2\" content=\"Availability\" \/>\n\t<meta name=\"twitter:data2\" content=\"In stock\" \/>\n<script type=\"application\/ld+json\" class=\"yoast-schema-graph\">{\"@context\":\"https:\/\/schema.org\",\"@graph\":[{\"@type\":[\"WebPage\",\"ItemPage\"],\"@id\":\"https:\/\/padelhaus.mustlammas-dev.in\/lt\/parduotuve\/adidas-metalbone-team-3-3-2024\/\",\"url\":\"https:\/\/padelhaus.mustlammas-dev.in\/lt\/parduotuve\/adidas-metalbone-team-3-3-2024\/\",\"name\":\"Adidas Metalbone Team 3.3 2024 | Padelhaus\",\"isPartOf\":{\"@id\":\"https:\/\/padelhaus.mustlammas-dev.in\/lt\/#website\"},\"primaryImageOfPage\":{\"@id\":\"https:\/\/padelhaus.mustlammas-dev.in\/lt\/parduotuve\/adidas-metalbone-team-3-3-2024\/#primaryimage\"},\"image\":{\"@id\":\"https:\/\/padelhaus.mustlammas-dev.in\/lt\/parduotuve\/adidas-metalbone-team-3-3-2024\/#primaryimage\"},\"thumbnailUrl\":\"https:\/\/padelhaus.mustlammas-dev.in\/wp-content\/uploads\/2026\/03\/16.webp\",\"datePublished\":\"2026-03-05T14:47:44+00:00\",\"dateModified\":\"2026-03-05T16:37:35+00:00\",\"description\":\"Ie\u0161kai naujos padelio raket\u0117s gera kaina? Padelhaus si\u016blo geriausi\u0105 padelio rake\u010di\u0173 pasirinkim\u0105 kiekvienam lygiui \u2013 tavo padelio parduotuv\u0117.\",\"breadcrumb\":{\"@id\":\"https:\/\/padelhaus.mustlammas-dev.in\/lt\/parduotuve\/adidas-metalbone-team-3-3-2024\/#breadcrumb\"},\"inLanguage\":\"lt-LT\",\"potentialAction\":[{\"@type\":\"ReadAction\",\"target\":[\"https:\/\/padelhaus.mustlammas-dev.in\/lt\/parduotuve\/adidas-metalbone-team-3-3-2024\/\"]}]},{\"@type\":\"ImageObject\",\"inLanguage\":\"lt-LT\",\"@id\":\"https:\/\/padelhaus.mustlammas-dev.in\/lt\/parduotuve\/adidas-metalbone-team-3-3-2024\/#primaryimage\",\"url\":\"https:\/\/padelhaus.mustlammas-dev.in\/wp-content\/uploads\/2026\/03\/16.webp\",\"contentUrl\":\"https:\/\/padelhaus.mustlammas-dev.in\/wp-content\/uploads\/2026\/03\/16.webp\",\"width\":1000,\"height\":1000},{\"@type\":\"BreadcrumbList\",\"@id\":\"https:\/\/padelhaus.mustlammas-dev.in\/lt\/parduotuve\/adidas-metalbone-team-3-3-2024\/#breadcrumb\",\"itemListElement\":[{\"@type\":\"ListItem\",\"position\":1,\"name\":\"Prad\u017eia\",\"item\":\"https:\/\/padel-haus.lt\/\"},{\"@type\":\"ListItem\",\"position\":2,\"name\":\"Parduotuv\u0117\",\"item\":\"https:\/\/padel-haus.lt\/parduotuve\/\"},{\"@type\":\"ListItem\",\"position\":3,\"name\":\"Adidas Metalbone Team 3.3 2024\"}]},{\"@type\":\"WebSite\",\"@id\":\"https:\/\/padelhaus.mustlammas-dev.in\/lt\/#website\",\"url\":\"https:\/\/padelhaus.mustlammas-dev.in\/lt\/\",\"name\":\"Claude Padelhaus\",\"description\":\"Sinu padelivarustuse kodu\",\"publisher\":{\"@id\":\"https:\/\/padelhaus.mustlammas-dev.in\/lt\/#organization\"},\"potentialAction\":[{\"@type\":\"SearchAction\",\"target\":{\"@type\":\"EntryPoint\",\"urlTemplate\":\"https:\/\/padelhaus.mustlammas-dev.in\/lt\/?s={search_term_string}\"},\"query-input\":{\"@type\":\"PropertyValueSpecification\",\"valueRequired\":true,\"valueName\":\"search_term_string\"}}],\"inLanguage\":\"lt-LT\"},{\"@type\":\"Organization\",\"@id\":\"https:\/\/padelhaus.mustlammas-dev.in\/lt\/#organization\",\"name\":\"Claude Padelhaus\",\"url\":\"https:\/\/padelhaus.mustlammas-dev.in\/lt\/\",\"logo\":{\"@type\":\"ImageObject\",\"inLanguage\":\"lt-LT\",\"@id\":\"https:\/\/padelhaus.mustlammas-dev.in\/lt\/#\/schema\/logo\/image\/\",\"url\":\"https:\/\/padelhaus.mustlammas-dev.in\/wp-content\/uploads\/2025\/05\/Logo-1.png\",\"contentUrl\":\"https:\/\/padelhaus.mustlammas-dev.in\/wp-content\/uploads\/2025\/05\/Logo-1.png\",\"width\":280,\"height\":115,\"caption\":\"Claude Padelhaus\"},\"image\":{\"@id\":\"https:\/\/padelhaus.mustlammas-dev.in\/lt\/#\/schema\/logo\/image\/\"}}]}<\/script>\n<meta property=\"product:price:amount\" content=\"124.95\" \/>\n<meta property=\"product:price:currency\" content=\"EUR\" \/>\n<meta property=\"og:availability\" content=\"instock\" \/>\n<meta property=\"product:availability\" content=\"instock\" \/>\n<meta property=\"product:retailer_item_id\" content=\"ADI-R-50\" \/>\n<meta property=\"product:condition\" content=\"new\" \/>\n<!-- \/ Yoast SEO Premium plugin. -->","yoast_head_json":{"title":"Adidas Metalbone Team 3.3 2024 | Padelhaus","description":"Ie\u0161kai naujos padelio raket\u0117s gera kaina? Padelhaus si\u016blo geriausi\u0105 padelio rake\u010di\u0173 pasirinkim\u0105 kiekvienam lygiui \u2013 tavo padelio parduotuv\u0117.","robots":{"index":"noindex","follow":"follow","max-snippet":"max-snippet:-1","max-image-preview":"max-image-preview:large","max-video-preview":"max-video-preview:-1"},"og_locale":"lt_LT","og_type":"article","og_title":"Adidas Metalbone Team 3.3 2024","og_description":"Ie\u0161kai naujos padelio raket\u0117s gera kaina? Padelhaus si\u016blo geriausi\u0105 padelio rake\u010di\u0173 pasirinkim\u0105 kiekvienam lygiui \u2013 tavo padelio parduotuv\u0117.","og_url":"https:\/\/padelhaus.mustlammas-dev.in\/lt\/parduotuve\/adidas-metalbone-team-3-3-2024\/","og_site_name":"Padelhaus","article_modified_time":"2026-03-05T16:37:35+00:00","og_image":[{"width":1000,"height":1000,"url":"https:\/\/padel-haus.lt\/wp-content\/uploads\/2026\/03\/16.webp","type":"image\/webp"}],"twitter_card":"summary_large_image","twitter_misc":{"Price":"124,95&nbsp;&euro;","Availability":"In stock"},"schema":{"@context":"https:\/\/schema.org","@graph":[{"@type":["WebPage","ItemPage"],"@id":"https:\/\/padelhaus.mustlammas-dev.in\/lt\/parduotuve\/adidas-metalbone-team-3-3-2024\/","url":"https:\/\/padelhaus.mustlammas-dev.in\/lt\/parduotuve\/adidas-metalbone-team-3-3-2024\/","name":"Adidas Metalbone Team 3.3 2024 | Padelhaus","isPartOf":{"@id":"https:\/\/padelhaus.mustlammas-dev.in\/lt\/#website"},"primaryImageOfPage":{"@id":"https:\/\/padelhaus.mustlammas-dev.in\/lt\/parduotuve\/adidas-metalbone-team-3-3-2024\/#primaryimage"},"image":{"@id":"https:\/\/padelhaus.mustlammas-dev.in\/lt\/parduotuve\/adidas-metalbone-team-3-3-2024\/#primaryimage"},"thumbnailUrl":"https:\/\/padelhaus.mustlammas-dev.in\/wp-content\/uploads\/2026\/03\/16.webp","datePublished":"2026-03-05T14:47:44+00:00","dateModified":"2026-03-05T16:37:35+00:00","description":"Ie\u0161kai naujos padelio raket\u0117s gera kaina? Padelhaus si\u016blo geriausi\u0105 padelio rake\u010di\u0173 pasirinkim\u0105 kiekvienam lygiui \u2013 tavo padelio parduotuv\u0117.","breadcrumb":{"@id":"https:\/\/padelhaus.mustlammas-dev.in\/lt\/parduotuve\/adidas-metalbone-team-3-3-2024\/#breadcrumb"},"inLanguage":"lt-LT","potentialAction":[{"@type":"ReadAction","target":["https:\/\/padelhaus.mustlammas-dev.in\/lt\/parduotuve\/adidas-metalbone-team-3-3-2024\/"]}]},{"@type":"ImageObject","inLanguage":"lt-LT","@id":"https:\/\/padelhaus.mustlammas-dev.in\/lt\/parduotuve\/adidas-metalbone-team-3-3-2024\/#primaryimage","url":"https:\/\/padelhaus.mustlammas-dev.in\/wp-content\/uploads\/2026\/03\/16.webp","contentUrl":"https:\/\/padelhaus.mustlammas-dev.in\/wp-content\/uploads\/2026\/03\/16.webp","width":1000,"height":1000},{"@type":"BreadcrumbList","@id":"https:\/\/padelhaus.mustlammas-dev.in\/lt\/parduotuve\/adidas-metalbone-team-3-3-2024\/#breadcrumb","itemListElement":[{"@type":"ListItem","position":1,"name":"Prad\u017eia","item":"https:\/\/padel-haus.lt\/"},{"@type":"ListItem","position":2,"name":"Parduotuv\u0117","item":"https:\/\/padel-haus.lt\/parduotuve\/"},{"@type":"ListItem","position":3,"name":"Adidas Metalbone Team 3.3 2024"}]},{"@type":"WebSite","@id":"https:\/\/padelhaus.mustlammas-dev.in\/lt\/#website","url":"https:\/\/padelhaus.mustlammas-dev.in\/lt\/","name":"Claude Padelhaus","description":"Sinu padelivarustuse kodu","publisher":{"@id":"https:\/\/padelhaus.mustlammas-dev.in\/lt\/#organization"},"potentialAction":[{"@type":"SearchAction","target":{"@type":"EntryPoint","urlTemplate":"https:\/\/padelhaus.mustlammas-dev.in\/lt\/?s={search_term_string}"},"query-input":{"@type":"PropertyValueSpecification","valueRequired":true,"valueName":"search_term_string"}}],"inLanguage":"lt-LT"},{"@type":"Organization","@id":"https:\/\/padelhaus.mustlammas-dev.in\/lt\/#organization","name":"Claude Padelhaus","url":"https:\/\/padelhaus.mustlammas-dev.in\/lt\/","logo":{"@type":"ImageObject","inLanguage":"lt-LT","@id":"https:\/\/padelhaus.mustlammas-dev.in\/lt\/#\/schema\/logo\/image\/","url":"https:\/\/padelhaus.mustlammas-dev.in\/wp-content\/uploads\/2025\/05\/Logo-1.png","contentUrl":"https:\/\/padelhaus.mustlammas-dev.in\/wp-content\/uploads\/2025\/05\/Logo-1.png","width":280,"height":115,"caption":"Claude Padelhaus"},"image":{"@id":"https:\/\/padelhaus.mustlammas-dev.in\/lt\/#\/schema\/logo\/image\/"}}]},"product_price_amount":"124.95","product_price_currency":"EUR","og_availability":"instock","product_availability":"instock","product_retailer_item_id":"ADI-R-50","product_condition":"new"},"_links":{"self":[{"href":"https:\/\/padelhaus.mustlammas-dev.in\/lt\/wp-json\/wp\/v2\/product\/72716","targetHints":{"allow":["GET"]}}],"collection":[{"href":"https:\/\/padelhaus.mustlammas-dev.in\/lt\/wp-json\/wp\/v2\/product"}],"about":[{"href":"https:\/\/padelhaus.mustlammas-dev.in\/lt\/wp-json\/wp\/v2\/types\/product"}],"replies":[{"embeddable":true,"href":"https:\/\/padelhaus.mustlammas-dev.in\/lt\/wp-json\/wp\/v2\/comments?post=72716"}],"wp:featuredmedia":[{"embeddable":true,"href":"https:\/\/padelhaus.mustlammas-dev.in\/lt\/wp-json\/wp\/v2\/media\/72717"}],"wp:attachment":[{"href":"https:\/\/padelhaus.mustlammas-dev.in\/lt\/wp-json\/wp\/v2\/media?parent=72716"}],"wp:term":[{"taxonomy":"product_brand","embeddable":true,"href":"https:\/\/padelhaus.mustlammas-dev.in\/lt\/wp-json\/wp\/v2\/product_brand?post=72716"},{"taxonomy":"product_cat","embeddable":true,"href":"https:\/\/padelhaus.mustlammas-dev.in\/lt\/wp-json\/wp\/v2\/product_cat?post=72716"},{"taxonomy":"product_tag","embeddable":true,"href":"https:\/\/padelhaus.mustlammas-dev.in\/lt\/wp-json\/wp\/v2\/product_tag?post=72716"}],"curies":[{"name":"wp","href":"https:\/\/api.w.org\/{rel}","templated":true}]}}