{"id":72731,"date":"2026-03-05T12:55:11","date_gmt":"2026-03-05T10:55:11","guid":{"rendered":"https:\/\/padelhaus.mustlammas-dev.in\/pood\/siux-stupa-electra-pro-st3-special-edition-2025\/"},"modified":"2026-03-05T18:37:36","modified_gmt":"2026-03-05T16:37:36","slug":"siux-stupa-electra-pro-st3-special-edition-2025","status":"publish","type":"product","link":"https:\/\/padelhaus.mustlammas-dev.in\/lt\/parduotuve\/siux-stupa-electra-pro-st3-special-edition-2025\/","title":{"rendered":"Siux Stupa Electra Pro ST3 Special Edition 2025"},"content":{"rendered":"<h4><b>Siux Stupa Electra Pro ST3 SE 2025 \u2013 galia, kontrol\u0117 ir auk\u0161\u010diausio lygio technologija<\/b><\/h4>\n<p>&nbsp;<\/p>\n<p class=\"p3\"><span class=\"s2\"><b>Siux Stupa Electra Pro ST3 SE 2025<\/b><\/span> yra idealus pasirinkimas reikliam \u017eaid\u0117jui, ie\u0161kan\u010diam puikaus balanso tarp galios, kontrol\u0117s ir \u0161iuolaikini\u0173 technologij\u0173. Sukurta bendradarbiaujant su auk\u0161\u010diausio lygio \u017eaid\u0117jais, \u0161i raket\u0117 naudoja naujausios kartos med\u017eiagas ir i\u0161skirtinius sprendimus, kad u\u017etikrint\u0173 maksimal\u0173 na\u0161um\u0105 kiekviename \u017eaidime. <\/p>\n<h4><b>Pagrindin\u0117s savyb\u0117s<\/b><\/h4>\n<p>&nbsp;<\/p>\n<ul>\n<li>\n<p class=\"p1\"><span class=\"s1\"><b>EVA Hard \u0161erdis<\/b><\/span> \u2013 suteikia tvirt\u0105 poj\u016bt\u012f ir greit\u0105 reakcij\u0105 kiekviename sm\u016bgyje, tinka \u017eaid\u0117jams, ie\u0161kantiems tikslumo ir galios<\/p>\n<\/li>\n<li>\n<p class=\"p1\"><span class=\"s1\"><b>15K Carbon pavir\u0161iai<\/b><\/span> \u2013 kokybi\u0161kas anglies pluo\u0161tas u\u017etikrina tvirt\u0105 konstrukcij\u0105 ir sprogstam\u0105 sm\u016bgio j\u0117g\u0105, kartu i\u0161laikant ma\u017e\u0105 svor\u012f<\/p>\n<\/li>\n<li>\n<p class=\"p1\"><span class=\"s1\"><b>Total Spin technologija<\/b><\/span> \u2013 leid\u017eia kamuoliukui suteikti daugiau sukimosi ir kontroliuoti \u017eaidim\u0105 taktiniais efektais<\/p>\n<\/li>\n<li>\n<p class=\"p1\"><span class=\"s1\"><b>Dual Pro Grip sistema<\/b><\/span> \u2013 padidina komfort\u0105 ir ma\u017eina nuovarg\u012f, u\u017etikrindama tvirt\u0105 sukibim\u0105 ilg\u0173 \u017eaidim\u0173 metu<\/p>\n<\/li>\n<li>\n<p class=\"p1\"><span class=\"s1\"><b>Anti Vibration System<\/b><\/span> \u2013 ma\u017eina vibracijas, saugo s\u0105narius ir gerina sm\u016bgi\u0173 stabilum\u0105<\/p>\n<\/li>\n<\/ul>\n<h4><b>Kam \u0161i raket\u0117 tinka<\/b><\/h4>\n<p>&nbsp;<\/p>\n<p class=\"p3\">\u0160i raket\u0117 sukurta <span class=\"s2\"><b>pa\u017eengusiems ir profesionaliems \u017eaid\u0117jams<\/b><\/span>, norintiems maksimaliai padidinti savo na\u0161um\u0105 intensyviose var\u017eybose. D\u0117l auk\u0161\u010diausios kokyb\u0117s konstrukcijos ir pa\u017eangi\u0173 technologij\u0173 ji taip pat puikiai tinka <span class=\"s2\"><b>vidutinio lygio \u017eaid\u0117jams<\/b><\/span>, norintiems pakelti savo \u017eaidim\u0105 \u012f kit\u0105 lyg\u012f. <\/p>\n<p class=\"p4\"><span class=\"s3\">Idealus pasirinkimas tiems, kurie ie\u0161ko <\/span><b>tobulo balanso tarp galios ir kontrol\u0117s<\/b><span class=\"s3\">.<\/span><\/p>\n<h4><b>Santrauka<\/b><\/h4>\n<p>&nbsp;<\/p>\n<p class=\"p3\"><span class=\"s2\"><b>Siux Stupa Electra Pro ST3 SE 2025<\/b><\/span> n\u0117ra tiesiog raket\u0117 \u2013 tai tikslumo \u012frankis, padedantis i\u0161siskirti kiekviename ta\u0161ke. Jei ie\u0161kai \u201epremium\u201c klas\u0117s raket\u0117s, jungian\u010dios inovacijas, patvarum\u0105 ir i\u0161skirtin\u012f dizain\u0105, tai puikus pasirinkimas. <\/p>\n<p class=\"p4\"><span class=\"s3\">Pakuot\u0117je yra: <\/span><b>1 rie\u0161o juosta ir 2 \u201eSiux overgrip\u201c rankenos apvijos.<\/b><\/p>\n","protected":false},"excerpt":{"rendered":"<p>Siux Stupa Electra Pro ST3 SE 2025 \u2013 galia, kontrol\u0117 ir auk\u0161\u010diausio lygio technologija &nbsp; Siux Stupa Electra Pro ST3 SE 2025 yra idealus pasirinkimas reikliam \u017eaid\u0117jui, ie\u0161kan\u010diam puikaus balanso tarp galios, kontrol\u0117s ir \u0161iuolaikini\u0173 technologij\u0173. Sukurta bendradarbiaujant su auk\u0161\u010diausio lygio \u017eaid\u0117jais, \u0161i raket\u0117 naudoja naujausios kartos med\u017eiagas ir i\u0161skirtinius sprendimus, kad u\u017etikrint\u0173 maksimal\u0173 na\u0161um\u0105 [&hellip;]<\/p>\n","protected":false},"featured_media":72732,"comment_status":"open","ping_status":"closed","template":"","meta":{"_eb_attr":""},"product_brand":[272],"product_cat":[252,273,274],"product_tag":[],"class_list":{"0":"post-72731","1":"product","2":"type-product","3":"status-publish","4":"has-post-thumbnail","6":"product_brand-siux","7":"product_cat-padelio-raketes","8":"product_cat-pazenges","9":"product_cat-siux","10":"pa_kaal-355g-375g","11":"pa_kuju-lasas","12":"pa_mangustiil-hibridine","13":"pa_tasakaal-viduryje","14":"pa_tase-pazenges","15":"pa_varv-juoda","16":"pa_varv-raudona","19":"first","20":"instock","21":"sale","22":"taxable","23":"shipping-taxable","24":"purchasable","25":"product-type-simple"},"yoast_head":"<!-- This site is optimized with the Yoast SEO Premium plugin v27.1 (Yoast SEO v27.1.1) - https:\/\/yoast.com\/product\/yoast-seo-premium-wordpress\/ -->\n<title>Siux Stupa Electra Pro ST3 Special Edition 2025 | Padelhaus<\/title>\n<meta name=\"description\" content=\"Ie\u0161kai naujos padelio raket\u0117s gera kaina? Padelhaus si\u016blo geriausi\u0105 padelio rake\u010di\u0173 pasirinkim\u0105 kiekvienam lygiui \u2013 tavo padelio parduotuv\u0117.\" \/>\n<meta name=\"robots\" content=\"noindex, follow, max-snippet:-1, max-image-preview:large, max-video-preview:-1\" \/>\n<meta property=\"og:locale\" content=\"lt_LT\" \/>\n<meta property=\"og:type\" content=\"article\" \/>\n<meta property=\"og:title\" content=\"Siux Stupa Electra Pro ST3 Special Edition 2025\" \/>\n<meta property=\"og:description\" content=\"Ie\u0161kai naujos padelio raket\u0117s gera kaina? Padelhaus si\u016blo geriausi\u0105 padelio rake\u010di\u0173 pasirinkim\u0105 kiekvienam lygiui \u2013 tavo padelio parduotuv\u0117.\" \/>\n<meta property=\"og:url\" content=\"https:\/\/padelhaus.mustlammas-dev.in\/lt\/parduotuve\/siux-stupa-electra-pro-st3-special-edition-2025\/\" \/>\n<meta property=\"og:site_name\" content=\"Padelhaus\" \/>\n<meta property=\"article:modified_time\" content=\"2026-03-05T16:37:36+00:00\" \/>\n<meta property=\"og:image\" content=\"https:\/\/padel-haus.lt\/wp-content\/uploads\/2026\/03\/1-1.webp\" \/>\n\t<meta property=\"og:image:width\" content=\"1000\" \/>\n\t<meta property=\"og:image:height\" content=\"1000\" \/>\n\t<meta property=\"og:image:type\" content=\"image\/webp\" \/>\n<meta name=\"twitter:card\" content=\"summary_large_image\" \/>\n<meta name=\"twitter:label1\" content=\"Price\" \/>\n\t<meta name=\"twitter:data1\" content=\"164,95&nbsp;&euro;\" \/>\n\t<meta name=\"twitter:label2\" content=\"Availability\" \/>\n\t<meta name=\"twitter:data2\" content=\"In stock\" \/>\n<script type=\"application\/ld+json\" class=\"yoast-schema-graph\">{\"@context\":\"https:\/\/schema.org\",\"@graph\":[{\"@type\":[\"WebPage\",\"ItemPage\"],\"@id\":\"https:\/\/padelhaus.mustlammas-dev.in\/lt\/parduotuve\/siux-stupa-electra-pro-st3-special-edition-2025\/\",\"url\":\"https:\/\/padelhaus.mustlammas-dev.in\/lt\/parduotuve\/siux-stupa-electra-pro-st3-special-edition-2025\/\",\"name\":\"Siux Stupa Electra Pro ST3 Special Edition 2025 | Padelhaus\",\"isPartOf\":{\"@id\":\"https:\/\/padelhaus.mustlammas-dev.in\/lt\/#website\"},\"primaryImageOfPage\":{\"@id\":\"https:\/\/padelhaus.mustlammas-dev.in\/lt\/parduotuve\/siux-stupa-electra-pro-st3-special-edition-2025\/#primaryimage\"},\"image\":{\"@id\":\"https:\/\/padelhaus.mustlammas-dev.in\/lt\/parduotuve\/siux-stupa-electra-pro-st3-special-edition-2025\/#primaryimage\"},\"thumbnailUrl\":\"https:\/\/padelhaus.mustlammas-dev.in\/wp-content\/uploads\/2026\/03\/1-1.webp\",\"datePublished\":\"2026-03-05T10:55:11+00:00\",\"dateModified\":\"2026-03-05T16:37:36+00:00\",\"description\":\"Ie\u0161kai naujos padelio raket\u0117s gera kaina? Padelhaus si\u016blo geriausi\u0105 padelio rake\u010di\u0173 pasirinkim\u0105 kiekvienam lygiui \u2013 tavo padelio parduotuv\u0117.\",\"breadcrumb\":{\"@id\":\"https:\/\/padelhaus.mustlammas-dev.in\/lt\/parduotuve\/siux-stupa-electra-pro-st3-special-edition-2025\/#breadcrumb\"},\"inLanguage\":\"lt-LT\",\"potentialAction\":[{\"@type\":\"ReadAction\",\"target\":[\"https:\/\/padelhaus.mustlammas-dev.in\/lt\/parduotuve\/siux-stupa-electra-pro-st3-special-edition-2025\/\"]}]},{\"@type\":\"ImageObject\",\"inLanguage\":\"lt-LT\",\"@id\":\"https:\/\/padelhaus.mustlammas-dev.in\/lt\/parduotuve\/siux-stupa-electra-pro-st3-special-edition-2025\/#primaryimage\",\"url\":\"https:\/\/padelhaus.mustlammas-dev.in\/wp-content\/uploads\/2026\/03\/1-1.webp\",\"contentUrl\":\"https:\/\/padelhaus.mustlammas-dev.in\/wp-content\/uploads\/2026\/03\/1-1.webp\",\"width\":1000,\"height\":1000},{\"@type\":\"BreadcrumbList\",\"@id\":\"https:\/\/padelhaus.mustlammas-dev.in\/lt\/parduotuve\/siux-stupa-electra-pro-st3-special-edition-2025\/#breadcrumb\",\"itemListElement\":[{\"@type\":\"ListItem\",\"position\":1,\"name\":\"Prad\u017eia\",\"item\":\"https:\/\/padel-haus.lt\/\"},{\"@type\":\"ListItem\",\"position\":2,\"name\":\"Parduotuv\u0117\",\"item\":\"https:\/\/padel-haus.lt\/parduotuve\/\"},{\"@type\":\"ListItem\",\"position\":3,\"name\":\"Siux Stupa Electra Pro ST3 Special Edition 2025\"}]},{\"@type\":\"WebSite\",\"@id\":\"https:\/\/padelhaus.mustlammas-dev.in\/lt\/#website\",\"url\":\"https:\/\/padelhaus.mustlammas-dev.in\/lt\/\",\"name\":\"Claude Padelhaus\",\"description\":\"Sinu padelivarustuse kodu\",\"publisher\":{\"@id\":\"https:\/\/padelhaus.mustlammas-dev.in\/lt\/#organization\"},\"potentialAction\":[{\"@type\":\"SearchAction\",\"target\":{\"@type\":\"EntryPoint\",\"urlTemplate\":\"https:\/\/padelhaus.mustlammas-dev.in\/lt\/?s={search_term_string}\"},\"query-input\":{\"@type\":\"PropertyValueSpecification\",\"valueRequired\":true,\"valueName\":\"search_term_string\"}}],\"inLanguage\":\"lt-LT\"},{\"@type\":\"Organization\",\"@id\":\"https:\/\/padelhaus.mustlammas-dev.in\/lt\/#organization\",\"name\":\"Claude Padelhaus\",\"url\":\"https:\/\/padelhaus.mustlammas-dev.in\/lt\/\",\"logo\":{\"@type\":\"ImageObject\",\"inLanguage\":\"lt-LT\",\"@id\":\"https:\/\/padelhaus.mustlammas-dev.in\/lt\/#\/schema\/logo\/image\/\",\"url\":\"https:\/\/padelhaus.mustlammas-dev.in\/wp-content\/uploads\/2025\/05\/Logo-1.png\",\"contentUrl\":\"https:\/\/padelhaus.mustlammas-dev.in\/wp-content\/uploads\/2025\/05\/Logo-1.png\",\"width\":280,\"height\":115,\"caption\":\"Claude Padelhaus\"},\"image\":{\"@id\":\"https:\/\/padelhaus.mustlammas-dev.in\/lt\/#\/schema\/logo\/image\/\"}}]}<\/script>\n<meta property=\"product:price:amount\" content=\"164.95\" \/>\n<meta property=\"product:price:currency\" content=\"EUR\" \/>\n<meta property=\"og:availability\" content=\"instock\" \/>\n<meta property=\"product:availability\" content=\"instock\" \/>\n<meta property=\"product:retailer_item_id\" content=\"SIU-R-28\" \/>\n<meta property=\"product:condition\" content=\"new\" \/>\n<!-- \/ Yoast SEO Premium plugin. -->","yoast_head_json":{"title":"Siux Stupa Electra Pro ST3 Special Edition 2025 | Padelhaus","description":"Ie\u0161kai naujos padelio raket\u0117s gera kaina? Padelhaus si\u016blo geriausi\u0105 padelio rake\u010di\u0173 pasirinkim\u0105 kiekvienam lygiui \u2013 tavo padelio parduotuv\u0117.","robots":{"index":"noindex","follow":"follow","max-snippet":"max-snippet:-1","max-image-preview":"max-image-preview:large","max-video-preview":"max-video-preview:-1"},"og_locale":"lt_LT","og_type":"article","og_title":"Siux Stupa Electra Pro ST3 Special Edition 2025","og_description":"Ie\u0161kai naujos padelio raket\u0117s gera kaina? Padelhaus si\u016blo geriausi\u0105 padelio rake\u010di\u0173 pasirinkim\u0105 kiekvienam lygiui \u2013 tavo padelio parduotuv\u0117.","og_url":"https:\/\/padelhaus.mustlammas-dev.in\/lt\/parduotuve\/siux-stupa-electra-pro-st3-special-edition-2025\/","og_site_name":"Padelhaus","article_modified_time":"2026-03-05T16:37:36+00:00","og_image":[{"width":1000,"height":1000,"url":"https:\/\/padel-haus.lt\/wp-content\/uploads\/2026\/03\/1-1.webp","type":"image\/webp"}],"twitter_card":"summary_large_image","twitter_misc":{"Price":"164,95&nbsp;&euro;","Availability":"In stock"},"schema":{"@context":"https:\/\/schema.org","@graph":[{"@type":["WebPage","ItemPage"],"@id":"https:\/\/padelhaus.mustlammas-dev.in\/lt\/parduotuve\/siux-stupa-electra-pro-st3-special-edition-2025\/","url":"https:\/\/padelhaus.mustlammas-dev.in\/lt\/parduotuve\/siux-stupa-electra-pro-st3-special-edition-2025\/","name":"Siux Stupa Electra Pro ST3 Special Edition 2025 | Padelhaus","isPartOf":{"@id":"https:\/\/padelhaus.mustlammas-dev.in\/lt\/#website"},"primaryImageOfPage":{"@id":"https:\/\/padelhaus.mustlammas-dev.in\/lt\/parduotuve\/siux-stupa-electra-pro-st3-special-edition-2025\/#primaryimage"},"image":{"@id":"https:\/\/padelhaus.mustlammas-dev.in\/lt\/parduotuve\/siux-stupa-electra-pro-st3-special-edition-2025\/#primaryimage"},"thumbnailUrl":"https:\/\/padelhaus.mustlammas-dev.in\/wp-content\/uploads\/2026\/03\/1-1.webp","datePublished":"2026-03-05T10:55:11+00:00","dateModified":"2026-03-05T16:37:36+00:00","description":"Ie\u0161kai naujos padelio raket\u0117s gera kaina? Padelhaus si\u016blo geriausi\u0105 padelio rake\u010di\u0173 pasirinkim\u0105 kiekvienam lygiui \u2013 tavo padelio parduotuv\u0117.","breadcrumb":{"@id":"https:\/\/padelhaus.mustlammas-dev.in\/lt\/parduotuve\/siux-stupa-electra-pro-st3-special-edition-2025\/#breadcrumb"},"inLanguage":"lt-LT","potentialAction":[{"@type":"ReadAction","target":["https:\/\/padelhaus.mustlammas-dev.in\/lt\/parduotuve\/siux-stupa-electra-pro-st3-special-edition-2025\/"]}]},{"@type":"ImageObject","inLanguage":"lt-LT","@id":"https:\/\/padelhaus.mustlammas-dev.in\/lt\/parduotuve\/siux-stupa-electra-pro-st3-special-edition-2025\/#primaryimage","url":"https:\/\/padelhaus.mustlammas-dev.in\/wp-content\/uploads\/2026\/03\/1-1.webp","contentUrl":"https:\/\/padelhaus.mustlammas-dev.in\/wp-content\/uploads\/2026\/03\/1-1.webp","width":1000,"height":1000},{"@type":"BreadcrumbList","@id":"https:\/\/padelhaus.mustlammas-dev.in\/lt\/parduotuve\/siux-stupa-electra-pro-st3-special-edition-2025\/#breadcrumb","itemListElement":[{"@type":"ListItem","position":1,"name":"Prad\u017eia","item":"https:\/\/padel-haus.lt\/"},{"@type":"ListItem","position":2,"name":"Parduotuv\u0117","item":"https:\/\/padel-haus.lt\/parduotuve\/"},{"@type":"ListItem","position":3,"name":"Siux Stupa Electra Pro ST3 Special Edition 2025"}]},{"@type":"WebSite","@id":"https:\/\/padelhaus.mustlammas-dev.in\/lt\/#website","url":"https:\/\/padelhaus.mustlammas-dev.in\/lt\/","name":"Claude Padelhaus","description":"Sinu padelivarustuse kodu","publisher":{"@id":"https:\/\/padelhaus.mustlammas-dev.in\/lt\/#organization"},"potentialAction":[{"@type":"SearchAction","target":{"@type":"EntryPoint","urlTemplate":"https:\/\/padelhaus.mustlammas-dev.in\/lt\/?s={search_term_string}"},"query-input":{"@type":"PropertyValueSpecification","valueRequired":true,"valueName":"search_term_string"}}],"inLanguage":"lt-LT"},{"@type":"Organization","@id":"https:\/\/padelhaus.mustlammas-dev.in\/lt\/#organization","name":"Claude Padelhaus","url":"https:\/\/padelhaus.mustlammas-dev.in\/lt\/","logo":{"@type":"ImageObject","inLanguage":"lt-LT","@id":"https:\/\/padelhaus.mustlammas-dev.in\/lt\/#\/schema\/logo\/image\/","url":"https:\/\/padelhaus.mustlammas-dev.in\/wp-content\/uploads\/2025\/05\/Logo-1.png","contentUrl":"https:\/\/padelhaus.mustlammas-dev.in\/wp-content\/uploads\/2025\/05\/Logo-1.png","width":280,"height":115,"caption":"Claude Padelhaus"},"image":{"@id":"https:\/\/padelhaus.mustlammas-dev.in\/lt\/#\/schema\/logo\/image\/"}}]},"product_price_amount":"164.95","product_price_currency":"EUR","og_availability":"instock","product_availability":"instock","product_retailer_item_id":"SIU-R-28","product_condition":"new"},"_links":{"self":[{"href":"https:\/\/padelhaus.mustlammas-dev.in\/lt\/wp-json\/wp\/v2\/product\/72731","targetHints":{"allow":["GET"]}}],"collection":[{"href":"https:\/\/padelhaus.mustlammas-dev.in\/lt\/wp-json\/wp\/v2\/product"}],"about":[{"href":"https:\/\/padelhaus.mustlammas-dev.in\/lt\/wp-json\/wp\/v2\/types\/product"}],"replies":[{"embeddable":true,"href":"https:\/\/padelhaus.mustlammas-dev.in\/lt\/wp-json\/wp\/v2\/comments?post=72731"}],"wp:featuredmedia":[{"embeddable":true,"href":"https:\/\/padelhaus.mustlammas-dev.in\/lt\/wp-json\/wp\/v2\/media\/72732"}],"wp:attachment":[{"href":"https:\/\/padelhaus.mustlammas-dev.in\/lt\/wp-json\/wp\/v2\/media?parent=72731"}],"wp:term":[{"taxonomy":"product_brand","embeddable":true,"href":"https:\/\/padelhaus.mustlammas-dev.in\/lt\/wp-json\/wp\/v2\/product_brand?post=72731"},{"taxonomy":"product_cat","embeddable":true,"href":"https:\/\/padelhaus.mustlammas-dev.in\/lt\/wp-json\/wp\/v2\/product_cat?post=72731"},{"taxonomy":"product_tag","embeddable":true,"href":"https:\/\/padelhaus.mustlammas-dev.in\/lt\/wp-json\/wp\/v2\/product_tag?post=72731"}],"curies":[{"name":"wp","href":"https:\/\/api.w.org\/{rel}","templated":true}]}}