{"id":72823,"date":"2026-03-05T18:34:36","date_gmt":"2026-03-05T16:34:36","guid":{"rendered":"https:\/\/padelhaus.mustlammas-dev.in\/pood\/adidas-metalbone-reserve-edt-2025\/"},"modified":"2026-03-09T02:05:26","modified_gmt":"2026-03-09T00:05:26","slug":"adidas-metalbone-reserve-edt-2025","status":"publish","type":"product","link":"https:\/\/padelhaus.mustlammas-dev.in\/lt\/parduotuve\/adidas-metalbone-reserve-edt-2025\/","title":{"rendered":"Adidas Metalbone Reserve Edt 2025"},"content":{"rendered":"<h4><b>Adidas Metalbone Reserve EDT \u2013 i\u0161skirtinis na\u0161umas<\/b><\/h4>\n<p>&nbsp;<\/p>\n<p class=\"p3\"><span class=\"s2\"><b>Adidas Metalbone Reserve EDT<\/b><\/span>, pasira\u0161yta Ale Gal\u00e1n, yra auk\u0161\u010diausios klas\u0117s padelio raket\u0117, sukurta specialiai <span class=\"s2\"><b>Reserve Cup<\/b><\/span> turnyrui. Ji sujungia naujausias technologijas ir \u201epremium\u201c med\u017eiagas, u\u017etikrindama maksimal\u0173 na\u0161um\u0105 \u017eaid\u0117jams, kurie aik\u0161tel\u0117je reikalauja geriausio. <\/p>\n<p class=\"p3\">Raket\u0117s <span class=\"s2\"><b>Octagonal Structure<\/b><\/span> technologija ma\u017eina sukim\u0105si ir u\u017etikrina i\u0161skirtin\u012f tikslum\u0105 kiekvieno sm\u016bgio metu. <span class=\"s2\"><b>Extra Power Grip<\/b><\/span> ilgesn\u0117 rankena padidina inercij\u0105 bei leid\u017eia atlikti greitesnius ir galingesnius sm\u016bgius. Tuo pa\u010diu <span class=\"s2\"><b>Low Poly<\/b><\/span> dizainas r\u0117me ir \u0161erdyje padidina konstrukcijos standum\u0105, suteikdamas puiki\u0105 kontrol\u0119 net sud\u0117tingiausiose situacijose. <\/p>\n<p class=\"p3\">Be to, <span class=\"s2\"><b>Spin Blade Decal<\/b><\/span> reljefinis pavir\u0161ius padeda sukurti tiksl\u0173 sukim\u0105si, o <span class=\"s2\"><b>EVA Soft Performance \u0161erdis<\/b><\/span> ir <span class=\"s2\"><b>6K Carbon pavir\u0161iai<\/b><\/span> sukuria pusiausvyr\u0105 tarp galios ir kontrol\u0117s. Rezultatas \u2013 raket\u0117, kuri idealiai tinka puolamajam \u017eaidimui. <\/p>\n<p class=\"p3\">I\u0161skirtinis dizainas ir auk\u0161\u010diausio lygio technologijos paver\u010dia <span class=\"s2\"><b>Adidas Metalbone Reserve EDT<\/b><\/span> model\u012f ne tik galingu \u012frankiu, bet ir \u201eReserve Cup\u201c padelio pasaulio simboliu \u2013 rakete tiems, kurie nori i\u0161 savo \u017eaidimo i\u0161spausti maksimum\u0105.<\/p>\n<h4><b>Pagrindin\u0117s technologijos<\/b><\/h4>\n<h5><b>Octagonal Structure<\/b><\/h5>\n<p class=\"p3\">\u201eMetalbone\u201c serijos tvirtumas pagr\u012fstas anglies pluo\u0161to vamzdeli\u0173 r\u0117mo konstrukcija, kuri u\u017etikrina didel\u012f standum\u0105, atsparum\u0105 sukimuisi ir tiksli\u0105 kontrol\u0119 kiekvieno sm\u016bgio metu.<\/p>\n<h5><b>Low Poly<\/b><\/h5>\n<p class=\"p3\">Poliedrinis r\u0117mo ir \u0161erdies dizainas tolygiau paskirsto sm\u016bgio j\u0117g\u0105, padidindamas konstrukcijos standum\u0105 ir pagerindamas na\u0161um\u0105 stipri\u0173 sm\u016bgi\u0173 metu.<\/p>\n<h5><b>Extra Power Grip<\/b><\/h5>\n<p class=\"p3\">Pailginta rankena padidina raket\u0117s inercij\u0105 puolam\u0173j\u0173 sm\u016bgi\u0173 metu. Didesnis atstumas tarp apatin\u0117s rankenos dalies ir raket\u0117s galvos leid\u017eia pasiekti didesn\u012f sm\u016bgio greit\u012f ir galingesn\u012f kontakt\u0105 su kamuoliuku. <\/p>\n","protected":false},"excerpt":{"rendered":"<p>Adidas Metalbone Reserve EDT \u2013 i\u0161skirtinis na\u0161umas &nbsp; Adidas Metalbone Reserve EDT, pasira\u0161yta Ale Gal\u00e1n, yra auk\u0161\u010diausios klas\u0117s padelio raket\u0117, sukurta specialiai Reserve Cup turnyrui. Ji sujungia naujausias technologijas ir \u201epremium\u201c med\u017eiagas, u\u017etikrindama maksimal\u0173 na\u0161um\u0105 \u017eaid\u0117jams, kurie aik\u0161tel\u0117je reikalauja geriausio. Raket\u0117s Octagonal Structure technologija ma\u017eina sukim\u0105si ir u\u017etikrina i\u0161skirtin\u012f tikslum\u0105 kiekvieno sm\u016bgio metu. Extra Power [&hellip;]<\/p>\n","protected":false},"featured_media":72824,"comment_status":"open","ping_status":"closed","template":"","meta":{"_eb_attr":""},"product_brand":[381],"product_cat":[395,252,273,341],"product_tag":[],"class_list":{"0":"post-72823","1":"product","2":"type-product","3":"status-publish","4":"has-post-thumbnail","6":"product_brand-adidas","7":"product_cat-adidas","8":"product_cat-padelio-raketes","9":"product_cat-pazenges","10":"product_cat-vidutinis-lygis","11":"pa_kaal-360-g-370-g","12":"pa_kuju-deimantas","13":"pa_mangustiil-puolimas","14":"pa_tasakaal-virsuje","15":"pa_tase-pazenges","16":"pa_varv-zalia","19":"first","20":"instock","21":"sale","22":"taxable","23":"shipping-taxable","24":"purchasable","25":"product-type-simple"},"yoast_head":"<!-- This site is optimized with the Yoast SEO Premium plugin v27.1 (Yoast SEO v27.1.1) - https:\/\/yoast.com\/product\/yoast-seo-premium-wordpress\/ -->\n<title>Adidas Metalbone Reserve Edt 2025 | Padelhaus<\/title>\n<meta name=\"description\" content=\"Ie\u0161kai naujos padelio raket\u0117s gera kaina? Padelhaus si\u016blo geriausi\u0105 padelio rake\u010di\u0173 pasirinkim\u0105 kiekvienam lygiui \u2013 tavo padelio parduotuv\u0117.\" \/>\n<meta name=\"robots\" content=\"noindex, follow, max-snippet:-1, max-image-preview:large, max-video-preview:-1\" \/>\n<meta property=\"og:locale\" content=\"lt_LT\" \/>\n<meta property=\"og:type\" content=\"article\" \/>\n<meta property=\"og:title\" content=\"Adidas Metalbone Reserve Edt 2025\" \/>\n<meta property=\"og:description\" content=\"Ie\u0161kai naujos padelio raket\u0117s gera kaina? Padelhaus si\u016blo geriausi\u0105 padelio rake\u010di\u0173 pasirinkim\u0105 kiekvienam lygiui \u2013 tavo padelio parduotuv\u0117.\" \/>\n<meta property=\"og:url\" content=\"https:\/\/padelhaus.mustlammas-dev.in\/lt\/parduotuve\/adidas-metalbone-reserve-edt-2025\/\" \/>\n<meta property=\"og:site_name\" content=\"Padelhaus\" \/>\n<meta property=\"article:modified_time\" content=\"2026-03-09T00:05:26+00:00\" \/>\n<meta property=\"og:image\" content=\"https:\/\/padel-haus.lt\/wp-content\/uploads\/2026\/03\/11.webp\" \/>\n\t<meta property=\"og:image:width\" content=\"1000\" \/>\n\t<meta property=\"og:image:height\" content=\"1000\" \/>\n\t<meta property=\"og:image:type\" content=\"image\/webp\" \/>\n<meta name=\"twitter:card\" content=\"summary_large_image\" \/>\n<meta name=\"twitter:label1\" content=\"Price\" \/>\n\t<meta name=\"twitter:data1\" content=\"299,95&nbsp;&euro;\" \/>\n\t<meta name=\"twitter:label2\" content=\"Availability\" \/>\n\t<meta name=\"twitter:data2\" content=\"In stock\" \/>\n<script type=\"application\/ld+json\" class=\"yoast-schema-graph\">{\"@context\":\"https:\/\/schema.org\",\"@graph\":[{\"@type\":[\"WebPage\",\"ItemPage\"],\"@id\":\"https:\/\/padelhaus.mustlammas-dev.in\/lt\/parduotuve\/adidas-metalbone-reserve-edt-2025\/\",\"url\":\"https:\/\/padelhaus.mustlammas-dev.in\/lt\/parduotuve\/adidas-metalbone-reserve-edt-2025\/\",\"name\":\"Adidas Metalbone Reserve Edt 2025 | Padelhaus\",\"isPartOf\":{\"@id\":\"https:\/\/padelhaus.mustlammas-dev.in\/lt\/#website\"},\"primaryImageOfPage\":{\"@id\":\"https:\/\/padelhaus.mustlammas-dev.in\/lt\/parduotuve\/adidas-metalbone-reserve-edt-2025\/#primaryimage\"},\"image\":{\"@id\":\"https:\/\/padelhaus.mustlammas-dev.in\/lt\/parduotuve\/adidas-metalbone-reserve-edt-2025\/#primaryimage\"},\"thumbnailUrl\":\"https:\/\/padelhaus.mustlammas-dev.in\/wp-content\/uploads\/2026\/03\/11.webp\",\"datePublished\":\"2026-03-05T16:34:36+00:00\",\"dateModified\":\"2026-03-09T00:05:26+00:00\",\"description\":\"Ie\u0161kai naujos padelio raket\u0117s gera kaina? Padelhaus si\u016blo geriausi\u0105 padelio rake\u010di\u0173 pasirinkim\u0105 kiekvienam lygiui \u2013 tavo padelio parduotuv\u0117.\",\"breadcrumb\":{\"@id\":\"https:\/\/padelhaus.mustlammas-dev.in\/lt\/parduotuve\/adidas-metalbone-reserve-edt-2025\/#breadcrumb\"},\"inLanguage\":\"lt-LT\",\"potentialAction\":[{\"@type\":\"ReadAction\",\"target\":[\"https:\/\/padelhaus.mustlammas-dev.in\/lt\/parduotuve\/adidas-metalbone-reserve-edt-2025\/\"]}]},{\"@type\":\"ImageObject\",\"inLanguage\":\"lt-LT\",\"@id\":\"https:\/\/padelhaus.mustlammas-dev.in\/lt\/parduotuve\/adidas-metalbone-reserve-edt-2025\/#primaryimage\",\"url\":\"https:\/\/padelhaus.mustlammas-dev.in\/wp-content\/uploads\/2026\/03\/11.webp\",\"contentUrl\":\"https:\/\/padelhaus.mustlammas-dev.in\/wp-content\/uploads\/2026\/03\/11.webp\",\"width\":1000,\"height\":1000},{\"@type\":\"BreadcrumbList\",\"@id\":\"https:\/\/padelhaus.mustlammas-dev.in\/lt\/parduotuve\/adidas-metalbone-reserve-edt-2025\/#breadcrumb\",\"itemListElement\":[{\"@type\":\"ListItem\",\"position\":1,\"name\":\"Prad\u017eia\",\"item\":\"https:\/\/padel-haus.lt\/\"},{\"@type\":\"ListItem\",\"position\":2,\"name\":\"Parduotuv\u0117\",\"item\":\"https:\/\/padel-haus.lt\/parduotuve\/\"},{\"@type\":\"ListItem\",\"position\":3,\"name\":\"Adidas Metalbone Reserve Edt 2025\"}]},{\"@type\":\"WebSite\",\"@id\":\"https:\/\/padelhaus.mustlammas-dev.in\/lt\/#website\",\"url\":\"https:\/\/padelhaus.mustlammas-dev.in\/lt\/\",\"name\":\"Claude Padelhaus\",\"description\":\"Sinu padelivarustuse kodu\",\"publisher\":{\"@id\":\"https:\/\/padelhaus.mustlammas-dev.in\/lt\/#organization\"},\"potentialAction\":[{\"@type\":\"SearchAction\",\"target\":{\"@type\":\"EntryPoint\",\"urlTemplate\":\"https:\/\/padelhaus.mustlammas-dev.in\/lt\/?s={search_term_string}\"},\"query-input\":{\"@type\":\"PropertyValueSpecification\",\"valueRequired\":true,\"valueName\":\"search_term_string\"}}],\"inLanguage\":\"lt-LT\"},{\"@type\":\"Organization\",\"@id\":\"https:\/\/padelhaus.mustlammas-dev.in\/lt\/#organization\",\"name\":\"Claude Padelhaus\",\"url\":\"https:\/\/padelhaus.mustlammas-dev.in\/lt\/\",\"logo\":{\"@type\":\"ImageObject\",\"inLanguage\":\"lt-LT\",\"@id\":\"https:\/\/padelhaus.mustlammas-dev.in\/lt\/#\/schema\/logo\/image\/\",\"url\":\"https:\/\/padelhaus.mustlammas-dev.in\/wp-content\/uploads\/2025\/05\/Logo-1.png\",\"contentUrl\":\"https:\/\/padelhaus.mustlammas-dev.in\/wp-content\/uploads\/2025\/05\/Logo-1.png\",\"width\":280,\"height\":115,\"caption\":\"Claude Padelhaus\"},\"image\":{\"@id\":\"https:\/\/padelhaus.mustlammas-dev.in\/lt\/#\/schema\/logo\/image\/\"}}]}<\/script>\n<meta property=\"product:price:amount\" content=\"299.95\" \/>\n<meta property=\"product:price:currency\" content=\"EUR\" \/>\n<meta property=\"og:availability\" content=\"instock\" \/>\n<meta property=\"product:availability\" content=\"instock\" \/>\n<meta property=\"product:retailer_item_id\" content=\"ADI-R-52\" \/>\n<meta property=\"product:condition\" content=\"new\" \/>\n<!-- \/ Yoast SEO Premium plugin. -->","yoast_head_json":{"title":"Adidas Metalbone Reserve Edt 2025 | Padelhaus","description":"Ie\u0161kai naujos padelio raket\u0117s gera kaina? Padelhaus si\u016blo geriausi\u0105 padelio rake\u010di\u0173 pasirinkim\u0105 kiekvienam lygiui \u2013 tavo padelio parduotuv\u0117.","robots":{"index":"noindex","follow":"follow","max-snippet":"max-snippet:-1","max-image-preview":"max-image-preview:large","max-video-preview":"max-video-preview:-1"},"og_locale":"lt_LT","og_type":"article","og_title":"Adidas Metalbone Reserve Edt 2025","og_description":"Ie\u0161kai naujos padelio raket\u0117s gera kaina? Padelhaus si\u016blo geriausi\u0105 padelio rake\u010di\u0173 pasirinkim\u0105 kiekvienam lygiui \u2013 tavo padelio parduotuv\u0117.","og_url":"https:\/\/padelhaus.mustlammas-dev.in\/lt\/parduotuve\/adidas-metalbone-reserve-edt-2025\/","og_site_name":"Padelhaus","article_modified_time":"2026-03-09T00:05:26+00:00","og_image":[{"width":1000,"height":1000,"url":"https:\/\/padel-haus.lt\/wp-content\/uploads\/2026\/03\/11.webp","type":"image\/webp"}],"twitter_card":"summary_large_image","twitter_misc":{"Price":"299,95&nbsp;&euro;","Availability":"In stock"},"schema":{"@context":"https:\/\/schema.org","@graph":[{"@type":["WebPage","ItemPage"],"@id":"https:\/\/padelhaus.mustlammas-dev.in\/lt\/parduotuve\/adidas-metalbone-reserve-edt-2025\/","url":"https:\/\/padelhaus.mustlammas-dev.in\/lt\/parduotuve\/adidas-metalbone-reserve-edt-2025\/","name":"Adidas Metalbone Reserve Edt 2025 | Padelhaus","isPartOf":{"@id":"https:\/\/padelhaus.mustlammas-dev.in\/lt\/#website"},"primaryImageOfPage":{"@id":"https:\/\/padelhaus.mustlammas-dev.in\/lt\/parduotuve\/adidas-metalbone-reserve-edt-2025\/#primaryimage"},"image":{"@id":"https:\/\/padelhaus.mustlammas-dev.in\/lt\/parduotuve\/adidas-metalbone-reserve-edt-2025\/#primaryimage"},"thumbnailUrl":"https:\/\/padelhaus.mustlammas-dev.in\/wp-content\/uploads\/2026\/03\/11.webp","datePublished":"2026-03-05T16:34:36+00:00","dateModified":"2026-03-09T00:05:26+00:00","description":"Ie\u0161kai naujos padelio raket\u0117s gera kaina? Padelhaus si\u016blo geriausi\u0105 padelio rake\u010di\u0173 pasirinkim\u0105 kiekvienam lygiui \u2013 tavo padelio parduotuv\u0117.","breadcrumb":{"@id":"https:\/\/padelhaus.mustlammas-dev.in\/lt\/parduotuve\/adidas-metalbone-reserve-edt-2025\/#breadcrumb"},"inLanguage":"lt-LT","potentialAction":[{"@type":"ReadAction","target":["https:\/\/padelhaus.mustlammas-dev.in\/lt\/parduotuve\/adidas-metalbone-reserve-edt-2025\/"]}]},{"@type":"ImageObject","inLanguage":"lt-LT","@id":"https:\/\/padelhaus.mustlammas-dev.in\/lt\/parduotuve\/adidas-metalbone-reserve-edt-2025\/#primaryimage","url":"https:\/\/padelhaus.mustlammas-dev.in\/wp-content\/uploads\/2026\/03\/11.webp","contentUrl":"https:\/\/padelhaus.mustlammas-dev.in\/wp-content\/uploads\/2026\/03\/11.webp","width":1000,"height":1000},{"@type":"BreadcrumbList","@id":"https:\/\/padelhaus.mustlammas-dev.in\/lt\/parduotuve\/adidas-metalbone-reserve-edt-2025\/#breadcrumb","itemListElement":[{"@type":"ListItem","position":1,"name":"Prad\u017eia","item":"https:\/\/padel-haus.lt\/"},{"@type":"ListItem","position":2,"name":"Parduotuv\u0117","item":"https:\/\/padel-haus.lt\/parduotuve\/"},{"@type":"ListItem","position":3,"name":"Adidas Metalbone Reserve Edt 2025"}]},{"@type":"WebSite","@id":"https:\/\/padelhaus.mustlammas-dev.in\/lt\/#website","url":"https:\/\/padelhaus.mustlammas-dev.in\/lt\/","name":"Claude Padelhaus","description":"Sinu padelivarustuse kodu","publisher":{"@id":"https:\/\/padelhaus.mustlammas-dev.in\/lt\/#organization"},"potentialAction":[{"@type":"SearchAction","target":{"@type":"EntryPoint","urlTemplate":"https:\/\/padelhaus.mustlammas-dev.in\/lt\/?s={search_term_string}"},"query-input":{"@type":"PropertyValueSpecification","valueRequired":true,"valueName":"search_term_string"}}],"inLanguage":"lt-LT"},{"@type":"Organization","@id":"https:\/\/padelhaus.mustlammas-dev.in\/lt\/#organization","name":"Claude Padelhaus","url":"https:\/\/padelhaus.mustlammas-dev.in\/lt\/","logo":{"@type":"ImageObject","inLanguage":"lt-LT","@id":"https:\/\/padelhaus.mustlammas-dev.in\/lt\/#\/schema\/logo\/image\/","url":"https:\/\/padelhaus.mustlammas-dev.in\/wp-content\/uploads\/2025\/05\/Logo-1.png","contentUrl":"https:\/\/padelhaus.mustlammas-dev.in\/wp-content\/uploads\/2025\/05\/Logo-1.png","width":280,"height":115,"caption":"Claude Padelhaus"},"image":{"@id":"https:\/\/padelhaus.mustlammas-dev.in\/lt\/#\/schema\/logo\/image\/"}}]},"product_price_amount":"299.95","product_price_currency":"EUR","og_availability":"instock","product_availability":"instock","product_retailer_item_id":"ADI-R-52","product_condition":"new"},"_links":{"self":[{"href":"https:\/\/padelhaus.mustlammas-dev.in\/lt\/wp-json\/wp\/v2\/product\/72823","targetHints":{"allow":["GET"]}}],"collection":[{"href":"https:\/\/padelhaus.mustlammas-dev.in\/lt\/wp-json\/wp\/v2\/product"}],"about":[{"href":"https:\/\/padelhaus.mustlammas-dev.in\/lt\/wp-json\/wp\/v2\/types\/product"}],"replies":[{"embeddable":true,"href":"https:\/\/padelhaus.mustlammas-dev.in\/lt\/wp-json\/wp\/v2\/comments?post=72823"}],"wp:featuredmedia":[{"embeddable":true,"href":"https:\/\/padelhaus.mustlammas-dev.in\/lt\/wp-json\/wp\/v2\/media\/72824"}],"wp:attachment":[{"href":"https:\/\/padelhaus.mustlammas-dev.in\/lt\/wp-json\/wp\/v2\/media?parent=72823"}],"wp:term":[{"taxonomy":"product_brand","embeddable":true,"href":"https:\/\/padelhaus.mustlammas-dev.in\/lt\/wp-json\/wp\/v2\/product_brand?post=72823"},{"taxonomy":"product_cat","embeddable":true,"href":"https:\/\/padelhaus.mustlammas-dev.in\/lt\/wp-json\/wp\/v2\/product_cat?post=72823"},{"taxonomy":"product_tag","embeddable":true,"href":"https:\/\/padelhaus.mustlammas-dev.in\/lt\/wp-json\/wp\/v2\/product_tag?post=72823"}],"curies":[{"name":"wp","href":"https:\/\/api.w.org\/{rel}","templated":true}]}}