{"id":66736,"date":"2025-12-11T15:19:22","date_gmt":"2025-12-11T13:19:22","guid":{"rendered":"https:\/\/padelhaus.mustlammas-dev.in\/?post_type=product&#038;p=66736"},"modified":"2026-02-06T15:52:19","modified_gmt":"2026-02-06T13:52:19","slug":"babolat-technical-veron-juan-lebron-3-0","status":"publish","type":"product","link":"https:\/\/padelhaus.mustlammas-dev.in\/lv\/veikals\/babolat-technical-veron-juan-lebron-3-0\/","title":{"rendered":"Babolat Technical Veron Juan Lebron 3.0"},"content":{"rendered":"<p data-start=\"72\" data-end=\"105\"><strong data-start=\"72\" data-end=\"105\">Babolat Veron Juan Lebr\u00f3n 3.0<\/strong><\/p>\n<p data-start=\"107\" data-end=\"589\">Babolat Veron Juan Lebr\u00f3n 3.0 ir dimanta formas rakete ar augstu l\u012bdzsvaru, kas rad\u012bta, lai nodro\u0161in\u0101tu spr\u0101dzienb\u012bstamu jaudu katr\u0101 sitien\u0101. Svars aptuveni 360 grami, t\u0101 pied\u0101v\u0101 ide\u0101lu l\u012bdzsvaru starp jaudu un manevr\u0113tsp\u0113ju, \u013caujot sp\u0113l\u0113t\u0101jam nodot maksim\u0101lu ener\u0123iju, nezaud\u0113jot kontroli. T\u0101s konstrukcija apvieno uzlabotus materi\u0101lus, kas palielina veiktsp\u0113ju \u0101tr\u0101s un uzbr\u016bko\u0161\u0101s sp\u0113les situ\u0101cij\u0101s, nodro\u0161inot stabilu, prec\u012bzu sitienu ar t\u016bl\u012bt\u0113ju reakciju.  <\/p>\n<h5 data-start=\"591\" data-end=\"618\">Uzbr\u016bko\u0161iem sp\u0113l\u0113t\u0101jiem<\/h5>\n<p data-start=\"620\" data-end=\"1230\">\u0160\u012b Babolat dimanta formas rakete ir rad\u012bta vid\u0113ja l\u012bme\u0146a un profesion\u0101liem sp\u0113l\u0113t\u0101jiem, kuri v\u0113las domin\u0113t sp\u0113l\u0113 ar uzbr\u016bko\u0161u pieeju. <strong data-start=\"778\" data-end=\"794\">Veron JL 3.0<\/strong> \u013cauj sp\u0113l\u0113t\u0101jiem, kuri dod priek\u0161roku sp\u0113c\u012bgiem sitieniem un agres\u012bviem uzbrukumiem, par\u0101d\u012bt savu lab\u0101ko sniegumu laukum\u0101. T\u0101s strukt\u016bra nodro\u0161ina dinamisku jaudu, neupur\u0113jot komfortu, padarot to par ide\u0101lu sabiedroto tiem, kuri mekl\u0113 \u0101tru, stabilu un prec\u012bzu raketi sp\u0113les iz\u0161\u0137iro\u0161ajos br\u012b\u017eos. Iedvesmojoties no pasaules pirm\u0101 numura, Huana Lebrona sp\u0113les stila, \u0161aj\u0101 raket\u0113 atspogu\u013cojas jauda, kontrole un maksim\u0101la dro\u0161\u012bba katr\u0101 darb\u012bb\u0101.  <\/p>\n<h5 data-start=\"1232\" data-end=\"1273\">Tehnisk\u0101s deta\u013cas un tehnolo\u0123ijas<\/h5>\n<ul>\n<li data-start=\"1277\" data-end=\"1380\"><strong data-start=\"1277\" data-end=\"1300\">Carbon Flex virsmas:<\/strong> Oglek\u013ca un stikla \u0161\u0137iedru kombin\u0101cija elast\u012bgam sp\u0113kam un dinamiskam sitienam<\/li>\n<li data-start=\"1383\" data-end=\"1486\"><strong data-start=\"1383\" data-end=\"1416\">Black EVA iek\u0161\u0113j\u0101 konstrukcija:<\/strong> Augstas elast\u012bbas gumija, kas maksimiz\u0113 jaudu un komfortu katr\u0101 sitien\u0101<\/li>\n<li data-start=\"1489\" data-end=\"1590\"><strong data-start=\"1489\" data-end=\"1514\">Holes Pattern System:<\/strong> Optimiz\u0113ts caurumu dizains, kas uzlabo precizit\u0101ti un ener\u0123ijas p\u0101rnesi<\/li>\n<li data-start=\"1593\" data-end=\"1649\"><strong data-start=\"1593\" data-end=\"1605\">3d Spin:<\/strong> Rupja tekst\u016bra, kas palielina bumbas grie\u0161anos<\/li>\n<li data-start=\"1652\" data-end=\"1761\"><strong data-start=\"1652\" data-end=\"1674\">Dynamic Stability:<\/strong> Pastiprin\u0101ta strukt\u016bra raketes sird\u012b, kas nodro\u0161ina liel\u0101ku stabilit\u0101ti, kontroli un jaudu<\/li>\n<\/ul>\n<p data-start=\"1763\" data-end=\"2053\">Babolat Veron Juan Lebr\u00f3n 3.0 ir ide\u0101la tiem, kuri mekl\u0113 r\u012bku sava l\u012bme\u0146a paaugstin\u0101\u0161anai, kas pied\u0101v\u0101 kontrol\u0113tu jaudu un unik\u0101las saj\u016btas. Pateicoties t\u0101s uzlabotajai tehnolo\u0123ijai un dizainam, kas iedvesmots no \u201cVilka\u201d sp\u0113les stila, \u0161\u012b rakete nodro\u0161ina izcilu veiktsp\u0113ju katr\u0101 punkt\u0101. <\/p>\n<h5 data-start=\"733\" data-end=\"861\">Specifik\u0101cijas<\/h5>\n<ul>\n<li data-start=\"39\" data-end=\"59\"><strong data-start=\"39\" data-end=\"49\">Z\u012bmols:<\/strong> Babolat<\/li>\n<li data-start=\"62\" data-end=\"79\"><strong data-start=\"62\" data-end=\"71\">Kr\u0101sa:<\/strong> Oran\u017ea<\/li>\n<li data-start=\"82\" data-end=\"108\"><strong data-start=\"82\" data-end=\"92\">Produkts:<\/strong> Padel raketes<\/li>\n<li data-start=\"111\" data-end=\"132\"><strong data-start=\"111\" data-end=\"124\">L\u012bdzsvars:<\/strong> Augsts<\/li>\n<li data-start=\"135\" data-end=\"158\"><strong data-start=\"135\" data-end=\"147\">Kodols:<\/strong> Melna EVA<\/li>\n<li data-start=\"161\" data-end=\"193\"><strong data-start=\"161\" data-end=\"179\">Virsmas materi\u0101ls:<\/strong> Carbon Flex<\/li>\n<li data-start=\"196\" data-end=\"227\"><strong data-start=\"196\" data-end=\"208\">Form\u0101ts:<\/strong> Standarta form\u0101ts<\/li>\n<li data-start=\"230\" data-end=\"270\"><strong data-start=\"230\" data-end=\"244\">Sp\u0113les l\u012bmenis:<\/strong> Pieredz\u0113jis \/ Sacens\u012bbas<\/li>\n<li data-start=\"273\" data-end=\"298\"><strong data-start=\"273\" data-end=\"288\">Apdare:<\/strong> 3D Spin<\/li>\n<li data-start=\"301\" data-end=\"325\"><strong data-start=\"301\" data-end=\"310\">Forma:<\/strong> Dimanta forma<\/li>\n<li data-start=\"328\" data-end=\"371\"><strong data-start=\"328\" data-end=\"343\">Virsmas tips:<\/strong> Rupja virsma (Rough Surface)<\/li>\n<li data-start=\"374\" data-end=\"396\"><strong data-start=\"374\" data-end=\"388\">Sp\u0113les veids:<\/strong> Power<\/li>\n<li data-start=\"399\" data-end=\"446\"><strong data-start=\"399\" data-end=\"411\">Kolekcija:<\/strong> Huana Lebrona sp\u0113l\u0113t\u0101ju kolekcija<\/li>\n<\/ul>\n","protected":false},"excerpt":{"rendered":"<p>Babolat Veron Juan Lebr\u00f3n 3.0 Babolat Veron Juan Lebr\u00f3n 3.0 ir dimanta formas rakete ar augstu l\u012bdzsvaru, kas rad\u012bta, lai nodro\u0161in\u0101tu spr\u0101dzienb\u012bstamu jaudu katr\u0101 sitien\u0101. Svars aptuveni 360 grami, t\u0101 pied\u0101v\u0101 ide\u0101lu l\u012bdzsvaru starp jaudu un manevr\u0113tsp\u0113ju, \u013caujot sp\u0113l\u0113t\u0101jam nodot maksim\u0101lu ener\u0123iju, nezaud\u0113jot kontroli. T\u0101s konstrukcija apvieno uzlabotus materi\u0101lus, kas palielina veiktsp\u0113ju \u0101tr\u0101s un uzbr\u016bko\u0161\u0101s [&hellip;]<\/p>\n","protected":false},"featured_media":70165,"comment_status":"open","ping_status":"closed","template":"","meta":{"_eb_attr":""},"product_brand":[377],"product_cat":[388,251,283],"product_tag":[],"class_list":{"0":"post-66736","1":"product","2":"type-product","3":"status-publish","4":"has-post-thumbnail","6":"product_brand-babolat","7":"product_cat-babolat","8":"product_cat-padela-raketes","9":"product_cat-pieredzejusi","10":"pa_kaal-360g","11":"pa_kuju-dimants","12":"pa_mangustiil-uzbrukoss","13":"pa_tasakaal-augsa","14":"pa_tase-pieredzejusi","15":"pa_varv-oranzs","18":"first","19":"instock","20":"sale","21":"taxable","22":"shipping-taxable","23":"purchasable","24":"product-type-simple"},"yoast_head":"<!-- This site is optimized with the Yoast SEO Premium plugin v27.1 (Yoast SEO v27.1.1) - https:\/\/yoast.com\/product\/yoast-seo-premium-wordpress\/ -->\n<title>Babolat Technical Veron Juan Lebron 3.0 | Test Padelhaus<\/title>\n<meta name=\"description\" content=\"Mekl\u0113 jaunu padela raketi par labu cenu? Padelhaus pied\u0101v\u0101 lab\u0101ko padela rake\u00f0u izv\u0113li visiem l\u012bme\u0146iem \u2013 tava padela apr\u012bkojuma m\u0101jas.\" \/>\n<meta name=\"robots\" content=\"noindex, follow, max-snippet:-1, max-image-preview:large, max-video-preview:-1\" \/>\n<meta property=\"og:locale\" content=\"lv_LV\" \/>\n<meta property=\"og:type\" content=\"article\" \/>\n<meta property=\"og:title\" content=\"Babolat Technical Veron Juan Lebron 3.0\" \/>\n<meta property=\"og:description\" content=\"Mekl\u0113 jaunu padela raketi par labu cenu? Padelhaus pied\u0101v\u0101 lab\u0101ko padela rake\u00f0u izv\u0113li visiem l\u012bme\u0146iem \u2013 tava padela apr\u012bkojuma m\u0101jas.\" \/>\n<meta property=\"og:url\" content=\"https:\/\/padelhaus.mustlammas-dev.in\/lv\/veikals\/babolat-technical-veron-juan-lebron-3-0\/\" \/>\n<meta property=\"og:site_name\" content=\"Test Padelhaus\" \/>\n<meta property=\"article:modified_time\" content=\"2026-02-06T13:52:19+00:00\" \/>\n<meta property=\"og:image\" content=\"https:\/\/padelhaus.lv\/wp-content\/uploads\/2025\/12\/57.webp\" \/>\n\t<meta property=\"og:image:width\" content=\"1000\" \/>\n\t<meta property=\"og:image:height\" content=\"1000\" \/>\n\t<meta property=\"og:image:type\" content=\"image\/webp\" \/>\n<meta name=\"twitter:card\" content=\"summary_large_image\" \/>\n<meta name=\"twitter:label1\" content=\"Price\" \/>\n\t<meta name=\"twitter:data1\" content=\"199,95&nbsp;&euro;\" \/>\n\t<meta name=\"twitter:label2\" content=\"Availability\" \/>\n\t<meta name=\"twitter:data2\" content=\"In stock\" \/>\n<script type=\"application\/ld+json\" class=\"yoast-schema-graph\">{\"@context\":\"https:\/\/schema.org\",\"@graph\":[{\"@type\":[\"WebPage\",\"ItemPage\"],\"@id\":\"https:\/\/padelhaus.mustlammas-dev.in\/lv\/veikals\/babolat-technical-veron-juan-lebron-3-0\/\",\"url\":\"https:\/\/padelhaus.mustlammas-dev.in\/lv\/veikals\/babolat-technical-veron-juan-lebron-3-0\/\",\"name\":\"Babolat Technical Veron Juan Lebron 3.0 | Test Padelhaus\",\"isPartOf\":{\"@id\":\"https:\/\/padelhaus.mustlammas-dev.in\/lv\/#website\"},\"primaryImageOfPage\":{\"@id\":\"https:\/\/padelhaus.mustlammas-dev.in\/lv\/veikals\/babolat-technical-veron-juan-lebron-3-0\/#primaryimage\"},\"image\":{\"@id\":\"https:\/\/padelhaus.mustlammas-dev.in\/lv\/veikals\/babolat-technical-veron-juan-lebron-3-0\/#primaryimage\"},\"thumbnailUrl\":\"https:\/\/padelhaus.mustlammas-dev.in\/wp-content\/uploads\/2025\/12\/57.webp\",\"datePublished\":\"2025-12-11T13:19:22+00:00\",\"dateModified\":\"2026-02-06T13:52:19+00:00\",\"description\":\"Mekl\u0113 jaunu padela raketi par labu cenu? Padelhaus pied\u0101v\u0101 lab\u0101ko padela rake\u00f0u izv\u0113li visiem l\u012bme\u0146iem \u2013 tava padela apr\u012bkojuma m\u0101jas.\",\"breadcrumb\":{\"@id\":\"https:\/\/padelhaus.mustlammas-dev.in\/lv\/veikals\/babolat-technical-veron-juan-lebron-3-0\/#breadcrumb\"},\"inLanguage\":\"lv-LV\",\"potentialAction\":[{\"@type\":\"ReadAction\",\"target\":[\"https:\/\/padelhaus.mustlammas-dev.in\/lv\/veikals\/babolat-technical-veron-juan-lebron-3-0\/\"]}]},{\"@type\":\"ImageObject\",\"inLanguage\":\"lv-LV\",\"@id\":\"https:\/\/padelhaus.mustlammas-dev.in\/lv\/veikals\/babolat-technical-veron-juan-lebron-3-0\/#primaryimage\",\"url\":\"https:\/\/padelhaus.mustlammas-dev.in\/wp-content\/uploads\/2025\/12\/57.webp\",\"contentUrl\":\"https:\/\/padelhaus.mustlammas-dev.in\/wp-content\/uploads\/2025\/12\/57.webp\",\"width\":1000,\"height\":1000},{\"@type\":\"BreadcrumbList\",\"@id\":\"https:\/\/padelhaus.mustlammas-dev.in\/lv\/veikals\/babolat-technical-veron-juan-lebron-3-0\/#breadcrumb\",\"itemListElement\":[{\"@type\":\"ListItem\",\"position\":1,\"name\":\"S\u0101kumlapa\",\"item\":\"https:\/\/padelhaus.lv\/\"},{\"@type\":\"ListItem\",\"position\":2,\"name\":\"Veikals\",\"item\":\"https:\/\/padelhaus.lv\/veikals\/\"},{\"@type\":\"ListItem\",\"position\":3,\"name\":\"Babolat Technical Veron Juan Lebron 3.0\"}]},{\"@type\":\"WebSite\",\"@id\":\"https:\/\/padelhaus.mustlammas-dev.in\/lv\/#website\",\"url\":\"https:\/\/padelhaus.mustlammas-dev.in\/lv\/\",\"name\":\"Claude Padelhaus\",\"description\":\"Sinu padelivarustuse kodu\",\"publisher\":{\"@id\":\"https:\/\/padelhaus.mustlammas-dev.in\/lv\/#organization\"},\"potentialAction\":[{\"@type\":\"SearchAction\",\"target\":{\"@type\":\"EntryPoint\",\"urlTemplate\":\"https:\/\/padelhaus.mustlammas-dev.in\/lv\/?s={search_term_string}\"},\"query-input\":{\"@type\":\"PropertyValueSpecification\",\"valueRequired\":true,\"valueName\":\"search_term_string\"}}],\"inLanguage\":\"lv-LV\"},{\"@type\":\"Organization\",\"@id\":\"https:\/\/padelhaus.mustlammas-dev.in\/lv\/#organization\",\"name\":\"Claude Padelhaus\",\"url\":\"https:\/\/padelhaus.mustlammas-dev.in\/lv\/\",\"logo\":{\"@type\":\"ImageObject\",\"inLanguage\":\"lv-LV\",\"@id\":\"https:\/\/padelhaus.mustlammas-dev.in\/lv\/#\/schema\/logo\/image\/\",\"url\":\"https:\/\/padelhaus.mustlammas-dev.in\/wp-content\/uploads\/2025\/05\/Logo-1.png\",\"contentUrl\":\"https:\/\/padelhaus.mustlammas-dev.in\/wp-content\/uploads\/2025\/05\/Logo-1.png\",\"width\":280,\"height\":115,\"caption\":\"Claude Padelhaus\"},\"image\":{\"@id\":\"https:\/\/padelhaus.mustlammas-dev.in\/lv\/#\/schema\/logo\/image\/\"}}]}<\/script>\n<meta property=\"product:price:amount\" content=\"199.95\" \/>\n<meta property=\"product:price:currency\" content=\"EUR\" \/>\n<meta property=\"og:availability\" content=\"instock\" \/>\n<meta property=\"product:availability\" content=\"instock\" \/>\n<meta property=\"product:retailer_item_id\" content=\"BAB-R-17\" \/>\n<meta property=\"product:condition\" content=\"new\" \/>\n<!-- \/ Yoast SEO Premium plugin. -->","yoast_head_json":{"title":"Babolat Technical Veron Juan Lebron 3.0 | Test Padelhaus","description":"Mekl\u0113 jaunu padela raketi par labu cenu? Padelhaus pied\u0101v\u0101 lab\u0101ko padela rake\u00f0u izv\u0113li visiem l\u012bme\u0146iem \u2013 tava padela apr\u012bkojuma m\u0101jas.","robots":{"index":"noindex","follow":"follow","max-snippet":"max-snippet:-1","max-image-preview":"max-image-preview:large","max-video-preview":"max-video-preview:-1"},"og_locale":"lv_LV","og_type":"article","og_title":"Babolat Technical Veron Juan Lebron 3.0","og_description":"Mekl\u0113 jaunu padela raketi par labu cenu? Padelhaus pied\u0101v\u0101 lab\u0101ko padela rake\u00f0u izv\u0113li visiem l\u012bme\u0146iem \u2013 tava padela apr\u012bkojuma m\u0101jas.","og_url":"https:\/\/padelhaus.mustlammas-dev.in\/lv\/veikals\/babolat-technical-veron-juan-lebron-3-0\/","og_site_name":"Test Padelhaus","article_modified_time":"2026-02-06T13:52:19+00:00","og_image":[{"width":1000,"height":1000,"url":"https:\/\/padelhaus.lv\/wp-content\/uploads\/2025\/12\/57.webp","type":"image\/webp"}],"twitter_card":"summary_large_image","twitter_misc":{"Price":"199,95&nbsp;&euro;","Availability":"In stock"},"schema":{"@context":"https:\/\/schema.org","@graph":[{"@type":["WebPage","ItemPage"],"@id":"https:\/\/padelhaus.mustlammas-dev.in\/lv\/veikals\/babolat-technical-veron-juan-lebron-3-0\/","url":"https:\/\/padelhaus.mustlammas-dev.in\/lv\/veikals\/babolat-technical-veron-juan-lebron-3-0\/","name":"Babolat Technical Veron Juan Lebron 3.0 | Test Padelhaus","isPartOf":{"@id":"https:\/\/padelhaus.mustlammas-dev.in\/lv\/#website"},"primaryImageOfPage":{"@id":"https:\/\/padelhaus.mustlammas-dev.in\/lv\/veikals\/babolat-technical-veron-juan-lebron-3-0\/#primaryimage"},"image":{"@id":"https:\/\/padelhaus.mustlammas-dev.in\/lv\/veikals\/babolat-technical-veron-juan-lebron-3-0\/#primaryimage"},"thumbnailUrl":"https:\/\/padelhaus.mustlammas-dev.in\/wp-content\/uploads\/2025\/12\/57.webp","datePublished":"2025-12-11T13:19:22+00:00","dateModified":"2026-02-06T13:52:19+00:00","description":"Mekl\u0113 jaunu padela raketi par labu cenu? Padelhaus pied\u0101v\u0101 lab\u0101ko padela rake\u00f0u izv\u0113li visiem l\u012bme\u0146iem \u2013 tava padela apr\u012bkojuma m\u0101jas.","breadcrumb":{"@id":"https:\/\/padelhaus.mustlammas-dev.in\/lv\/veikals\/babolat-technical-veron-juan-lebron-3-0\/#breadcrumb"},"inLanguage":"lv-LV","potentialAction":[{"@type":"ReadAction","target":["https:\/\/padelhaus.mustlammas-dev.in\/lv\/veikals\/babolat-technical-veron-juan-lebron-3-0\/"]}]},{"@type":"ImageObject","inLanguage":"lv-LV","@id":"https:\/\/padelhaus.mustlammas-dev.in\/lv\/veikals\/babolat-technical-veron-juan-lebron-3-0\/#primaryimage","url":"https:\/\/padelhaus.mustlammas-dev.in\/wp-content\/uploads\/2025\/12\/57.webp","contentUrl":"https:\/\/padelhaus.mustlammas-dev.in\/wp-content\/uploads\/2025\/12\/57.webp","width":1000,"height":1000},{"@type":"BreadcrumbList","@id":"https:\/\/padelhaus.mustlammas-dev.in\/lv\/veikals\/babolat-technical-veron-juan-lebron-3-0\/#breadcrumb","itemListElement":[{"@type":"ListItem","position":1,"name":"S\u0101kumlapa","item":"https:\/\/padelhaus.lv\/"},{"@type":"ListItem","position":2,"name":"Veikals","item":"https:\/\/padelhaus.lv\/veikals\/"},{"@type":"ListItem","position":3,"name":"Babolat Technical Veron Juan Lebron 3.0"}]},{"@type":"WebSite","@id":"https:\/\/padelhaus.mustlammas-dev.in\/lv\/#website","url":"https:\/\/padelhaus.mustlammas-dev.in\/lv\/","name":"Claude Padelhaus","description":"Sinu padelivarustuse kodu","publisher":{"@id":"https:\/\/padelhaus.mustlammas-dev.in\/lv\/#organization"},"potentialAction":[{"@type":"SearchAction","target":{"@type":"EntryPoint","urlTemplate":"https:\/\/padelhaus.mustlammas-dev.in\/lv\/?s={search_term_string}"},"query-input":{"@type":"PropertyValueSpecification","valueRequired":true,"valueName":"search_term_string"}}],"inLanguage":"lv-LV"},{"@type":"Organization","@id":"https:\/\/padelhaus.mustlammas-dev.in\/lv\/#organization","name":"Claude Padelhaus","url":"https:\/\/padelhaus.mustlammas-dev.in\/lv\/","logo":{"@type":"ImageObject","inLanguage":"lv-LV","@id":"https:\/\/padelhaus.mustlammas-dev.in\/lv\/#\/schema\/logo\/image\/","url":"https:\/\/padelhaus.mustlammas-dev.in\/wp-content\/uploads\/2025\/05\/Logo-1.png","contentUrl":"https:\/\/padelhaus.mustlammas-dev.in\/wp-content\/uploads\/2025\/05\/Logo-1.png","width":280,"height":115,"caption":"Claude Padelhaus"},"image":{"@id":"https:\/\/padelhaus.mustlammas-dev.in\/lv\/#\/schema\/logo\/image\/"}}]},"product_price_amount":"199.95","product_price_currency":"EUR","og_availability":"instock","product_availability":"instock","product_retailer_item_id":"BAB-R-17","product_condition":"new"},"_links":{"self":[{"href":"https:\/\/padelhaus.mustlammas-dev.in\/lv\/wp-json\/wp\/v2\/product\/66736","targetHints":{"allow":["GET"]}}],"collection":[{"href":"https:\/\/padelhaus.mustlammas-dev.in\/lv\/wp-json\/wp\/v2\/product"}],"about":[{"href":"https:\/\/padelhaus.mustlammas-dev.in\/lv\/wp-json\/wp\/v2\/types\/product"}],"replies":[{"embeddable":true,"href":"https:\/\/padelhaus.mustlammas-dev.in\/lv\/wp-json\/wp\/v2\/comments?post=66736"}],"wp:featuredmedia":[{"embeddable":true,"href":"https:\/\/padelhaus.mustlammas-dev.in\/lv\/wp-json\/wp\/v2\/media\/70165"}],"wp:attachment":[{"href":"https:\/\/padelhaus.mustlammas-dev.in\/lv\/wp-json\/wp\/v2\/media?parent=66736"}],"wp:term":[{"taxonomy":"product_brand","embeddable":true,"href":"https:\/\/padelhaus.mustlammas-dev.in\/lv\/wp-json\/wp\/v2\/product_brand?post=66736"},{"taxonomy":"product_cat","embeddable":true,"href":"https:\/\/padelhaus.mustlammas-dev.in\/lv\/wp-json\/wp\/v2\/product_cat?post=66736"},{"taxonomy":"product_tag","embeddable":true,"href":"https:\/\/padelhaus.mustlammas-dev.in\/lv\/wp-json\/wp\/v2\/product_tag?post=66736"}],"curies":[{"name":"wp","href":"https:\/\/api.w.org\/{rel}","templated":true}]}}