{"id":66742,"date":"2025-12-11T15:28:09","date_gmt":"2025-12-11T13:28:09","guid":{"rendered":"https:\/\/padelhaus.mustlammas-dev.in\/?post_type=product&#038;p=66742"},"modified":"2026-03-05T17:13:42","modified_gmt":"2026-03-05T15:13:42","slug":"head-extreme-one-x-2025","status":"publish","type":"product","link":"https:\/\/padelhaus.mustlammas-dev.in\/lv\/veikals\/head-extreme-one-x-2025\/","title":{"rendered":"Head Extreme One X 2025"},"content":{"rendered":"<p data-start=\"66\" data-end=\"93\"><strong data-start=\"66\" data-end=\"93\">Head Extreme One X 2025<\/strong><\/p>\n<p data-start=\"95\" data-end=\"549\">Head Extreme One X 2025 ir v\u0113l jaud\u012bg\u0101ka un sp\u0113c\u012bg\u0101ka Extreme s\u0113rijas versija. Rad\u012bta pras\u012bgiem sp\u0113l\u0113t\u0101jiem, kuri mekl\u0113 spr\u0101dzienb\u012bstamu sniegumu, \u0161\u012b rakete apvieno modernu est\u0113tiku un augst\u0101k\u0101s klases materi\u0101lus, lai nodro\u0161in\u0101tu p\u0101rliecino\u0161\u0101kus, iz\u0161\u0137iro\u0161\u0101kus un intens\u012bv\u0101kus sitienus. T\u0101s atjaunin\u0101tais dizains un oglek\u013ca strukt\u016bra izce\u013c \u0161ai s\u0113rijai rakstur\u012bgo agresivit\u0101ti un stingr\u012bbu, padarot to par ide\u0101lu izv\u0113li tiem, kas domin\u0113 uzbrukum\u0101.  <\/p>\n<h5 data-start=\"551\" data-end=\"602\">P\u0101rliecino\u0161a kontrole un n\u0101v\u0113jo\u0161i sitieni katr\u0101 punkt\u0101<\/h5>\n<p data-start=\"604\" data-end=\"1143\">Pateicoties 12k oglek\u013ca konstrukcijai un iespaid\u012bgajam 370 gramu svaram, Head Extreme One X 2025 nodro\u0161ina kompaktu saj\u016btu un izcilu jaudu sitienos un uzbr\u016bko\u0161os vollej\u0101s. 270 mm (vid\u0113ji augsts) l\u012bdzsvars nodro\u0161ina izcilu ener\u0123ijas p\u0101rnesi uz raketes galvu, palielinot sitiena sp\u0113ku, nezaud\u0113jot stabilit\u0101ti vai kontroli. \u0160is izdevums uzlabo saj\u016btas laukum\u0101, nodro\u0161inot p\u0101rliecino\u0161u vad\u0101m\u012bbu, liel\u0101ku kontroli saspringtos sitienos un lab\u0101ku bumbas izlido\u0161anu konkur\u0113tsp\u0113j\u012bg\u0101s, pras\u012bg\u0101s situ\u0101cij\u0101s.  <\/p>\n<h5 data-start=\"1145\" data-end=\"1182\">Galven\u0101s \u012bpa\u0161\u012bbas un tehnolo\u0123ijas<\/h5>\n<ul>\n<li data-start=\"1186\" data-end=\"1276\"><strong data-start=\"1186\" data-end=\"1202\">Auxetic 2.0:<\/strong> Optimiz\u0113 struktur\u0101lo reakciju, nodro\u0161inot jaud\u012bg\u0101kus un prec\u012bz\u0101kus sitienus<\/li>\n<li data-start=\"1279\" data-end=\"1362\"><strong data-start=\"1279\" data-end=\"1294\">Power Foam:<\/strong> Nodro\u0161ina ide\u0101lu jaudas, kontroles un trieciena absorbcijas l\u012bdzsvaru<\/li>\n<li data-start=\"1365\" data-end=\"1440\"><strong data-start=\"1365\" data-end=\"1381\">12k ogleklis:<\/strong> Liel\u0101ka stingr\u012bba, iztur\u012bba un pa\u0101trin\u0101juma sp\u0113ja sitienos<\/li>\n<li data-start=\"1443\" data-end=\"1522\"><strong data-start=\"1443\" data-end=\"1468\">Dimanta formas:<\/strong> Rad\u012bta, lai maksim\u0101li palielin\u0101tu jaudu sitienos un uzbrukumos<\/li>\n<li data-start=\"1525\" data-end=\"1591\"><strong data-start=\"1525\" data-end=\"1540\">Svars 370 g:<\/strong> Nodro\u0161ina liel\u0101ku sp\u0113ku un jaudu katr\u0101 sitien\u0101<\/li>\n<li data-start=\"1594\" data-end=\"1684\"><strong data-start=\"1594\" data-end=\"1631\">L\u012bdzsvars 270 mm (vid\u0113ji augsts):<\/strong> Veicina uzbrukumu, nezaud\u0113jot manevr\u0113tsp\u0113ju<\/li>\n<\/ul>\n<h5 data-start=\"733\" data-end=\"861\">Specifik\u0101cijas<\/h5>\n<ul>\n<li data-start=\"39\" data-end=\"56\"><strong data-start=\"39\" data-end=\"49\">Z\u012bmols:<\/strong> Head<\/li>\n<li data-start=\"59\" data-end=\"85\"><strong data-start=\"59\" data-end=\"69\">Produkts:<\/strong> Padel raketes<\/li>\n<li data-start=\"88\" data-end=\"112\"><strong data-start=\"88\" data-end=\"101\">L\u012bdzsvars:<\/strong> Vid\u0113js<\/li>\n<li data-start=\"115\" data-end=\"141\"><strong data-start=\"115\" data-end=\"127\">Kodols:<\/strong> Putas (Foam)<\/li>\n<li data-start=\"144\" data-end=\"194\"><strong data-start=\"144\" data-end=\"162\">Virsmas materi\u0101ls:<\/strong> 12k oglek\u013ca \u0161\u0137iedra (Carbon Face)<\/li>\n<li data-start=\"197\" data-end=\"228\"><strong data-start=\"197\" data-end=\"209\">Form\u0101ts:<\/strong> Parasts form\u0101ts<\/li>\n<li data-start=\"231\" data-end=\"288\"><strong data-start=\"231\" data-end=\"245\">Sp\u0113les l\u012bmenis:<\/strong> Pieredz\u0113jis \/ Sacens\u012bbu, Profesion\u0101ls<\/li>\n<li data-start=\"291\" data-end=\"333\"><strong data-start=\"291\" data-end=\"306\">Apdare:<\/strong> Rugosa (raupja apdare)<\/li>\n<li data-start=\"336\" data-end=\"360\"><strong data-start=\"336\" data-end=\"345\">Forma:<\/strong> Dimanta forma<\/li>\n<li data-start=\"363\" data-end=\"406\"><strong data-start=\"363\" data-end=\"378\">Virsmas tips:<\/strong> Raupja virsma (Rough Surface)<\/li>\n<li data-start=\"409\" data-end=\"429\"><strong data-start=\"409\" data-end=\"423\">Sp\u0113les veids:<\/strong> Jauda<\/li>\n<\/ul>\n","protected":false},"excerpt":{"rendered":"<p>Head Extreme One X 2025 Head Extreme One X 2025 ir v\u0113l jaud\u012bg\u0101ka un sp\u0113c\u012bg\u0101ka Extreme s\u0113rijas versija. Rad\u012bta pras\u012bgiem sp\u0113l\u0113t\u0101jiem, kuri mekl\u0113 spr\u0101dzienb\u012bstamu sniegumu, \u0161\u012b rakete apvieno modernu est\u0113tiku un augst\u0101k\u0101s klases materi\u0101lus, lai nodro\u0161in\u0101tu p\u0101rliecino\u0161\u0101kus, iz\u0161\u0137iro\u0161\u0101kus un intens\u012bv\u0101kus sitienus. T\u0101s atjaunin\u0101tais dizains un oglek\u013ca strukt\u016bra izce\u013c \u0161ai s\u0113rijai rakstur\u012bgo agresivit\u0101ti un stingr\u012bbu, padarot [&hellip;]<\/p>\n","protected":false},"featured_media":72586,"comment_status":"open","ping_status":"closed","template":"","meta":{"_eb_attr":""},"product_brand":[313],"product_cat":[314,251,283],"product_tag":[],"class_list":{"0":"post-66742","1":"product","2":"type-product","3":"status-publish","4":"has-post-thumbnail","6":"product_brand-head","7":"product_cat-head","8":"product_cat-padela-raketes","9":"product_cat-pieredzejusi","10":"pa_kaal-370g","11":"pa_kuju-dimants","12":"pa_mangustiil-uzbrukoss","13":"pa_tasakaal-augsa","14":"pa_tase-pieredzejusi","15":"pa_varv-melns","18":"first","19":"onbackorder","20":"sale","21":"taxable","22":"shipping-taxable","23":"purchasable","24":"product-type-simple"},"yoast_head":"<!-- This site is optimized with the Yoast SEO Premium plugin v27.1 (Yoast SEO v27.1.1) - https:\/\/yoast.com\/product\/yoast-seo-premium-wordpress\/ -->\n<title>Head Extreme One X 2025 | Test Padelhaus<\/title>\n<meta name=\"description\" content=\"Mekl\u0113 jaunu padela raketi par labu cenu? Padelhaus pied\u0101v\u0101 lab\u0101ko padela rake\u00f0u izv\u0113li visiem l\u012bme\u0146iem \u2013 tava padela apr\u012bkojuma m\u0101jas.\" \/>\n<meta name=\"robots\" content=\"noindex, follow, max-snippet:-1, max-image-preview:large, max-video-preview:-1\" \/>\n<meta property=\"og:locale\" content=\"lv_LV\" \/>\n<meta property=\"og:type\" content=\"article\" \/>\n<meta property=\"og:title\" content=\"Head Extreme One X 2025\" \/>\n<meta property=\"og:description\" content=\"Mekl\u0113 jaunu padela raketi par labu cenu? Padelhaus pied\u0101v\u0101 lab\u0101ko padela rake\u00f0u izv\u0113li visiem l\u012bme\u0146iem \u2013 tava padela apr\u012bkojuma m\u0101jas.\" \/>\n<meta property=\"og:url\" content=\"https:\/\/padelhaus.mustlammas-dev.in\/lv\/veikals\/head-extreme-one-x-2025\/\" \/>\n<meta property=\"og:site_name\" content=\"Test Padelhaus\" \/>\n<meta property=\"article:modified_time\" content=\"2026-03-05T15:13:42+00:00\" \/>\n<meta property=\"og:image\" content=\"https:\/\/padelhaus.lv\/wp-content\/uploads\/2025\/12\/61.webp\" \/>\n\t<meta property=\"og:image:width\" content=\"1000\" \/>\n\t<meta property=\"og:image:height\" content=\"1000\" \/>\n\t<meta property=\"og:image:type\" content=\"image\/webp\" \/>\n<meta name=\"twitter:card\" content=\"summary_large_image\" \/>\n<meta name=\"twitter:label1\" content=\"Price\" \/>\n\t<meta name=\"twitter:data1\" content=\"219,95&nbsp;&euro;\" \/>\n\t<meta name=\"twitter:label2\" content=\"Availability\" \/>\n\t<meta name=\"twitter:data2\" content=\"On backorder\" \/>\n<script type=\"application\/ld+json\" class=\"yoast-schema-graph\">{\"@context\":\"https:\/\/schema.org\",\"@graph\":[{\"@type\":[\"WebPage\",\"ItemPage\"],\"@id\":\"https:\/\/padelhaus.mustlammas-dev.in\/lv\/veikals\/head-extreme-one-x-2025\/\",\"url\":\"https:\/\/padelhaus.mustlammas-dev.in\/lv\/veikals\/head-extreme-one-x-2025\/\",\"name\":\"Head Extreme One X 2025 | Test Padelhaus\",\"isPartOf\":{\"@id\":\"https:\/\/padelhaus.mustlammas-dev.in\/lv\/#website\"},\"primaryImageOfPage\":{\"@id\":\"https:\/\/padelhaus.mustlammas-dev.in\/lv\/veikals\/head-extreme-one-x-2025\/#primaryimage\"},\"image\":{\"@id\":\"https:\/\/padelhaus.mustlammas-dev.in\/lv\/veikals\/head-extreme-one-x-2025\/#primaryimage\"},\"thumbnailUrl\":\"https:\/\/padelhaus.mustlammas-dev.in\/wp-content\/uploads\/2025\/12\/61.webp\",\"datePublished\":\"2025-12-11T13:28:09+00:00\",\"dateModified\":\"2026-03-05T15:13:42+00:00\",\"description\":\"Mekl\u0113 jaunu padela raketi par labu cenu? Padelhaus pied\u0101v\u0101 lab\u0101ko padela rake\u00f0u izv\u0113li visiem l\u012bme\u0146iem \u2013 tava padela apr\u012bkojuma m\u0101jas.\",\"breadcrumb\":{\"@id\":\"https:\/\/padelhaus.mustlammas-dev.in\/lv\/veikals\/head-extreme-one-x-2025\/#breadcrumb\"},\"inLanguage\":\"lv-LV\",\"potentialAction\":[{\"@type\":\"ReadAction\",\"target\":[\"https:\/\/padelhaus.mustlammas-dev.in\/lv\/veikals\/head-extreme-one-x-2025\/\"]}]},{\"@type\":\"ImageObject\",\"inLanguage\":\"lv-LV\",\"@id\":\"https:\/\/padelhaus.mustlammas-dev.in\/lv\/veikals\/head-extreme-one-x-2025\/#primaryimage\",\"url\":\"https:\/\/padelhaus.mustlammas-dev.in\/wp-content\/uploads\/2025\/12\/61.webp\",\"contentUrl\":\"https:\/\/padelhaus.mustlammas-dev.in\/wp-content\/uploads\/2025\/12\/61.webp\",\"width\":1000,\"height\":1000},{\"@type\":\"BreadcrumbList\",\"@id\":\"https:\/\/padelhaus.mustlammas-dev.in\/lv\/veikals\/head-extreme-one-x-2025\/#breadcrumb\",\"itemListElement\":[{\"@type\":\"ListItem\",\"position\":1,\"name\":\"S\u0101kumlapa\",\"item\":\"https:\/\/padelhaus.lv\/\"},{\"@type\":\"ListItem\",\"position\":2,\"name\":\"Veikals\",\"item\":\"https:\/\/padelhaus.lv\/veikals\/\"},{\"@type\":\"ListItem\",\"position\":3,\"name\":\"Head Extreme One X 2025\"}]},{\"@type\":\"WebSite\",\"@id\":\"https:\/\/padelhaus.mustlammas-dev.in\/lv\/#website\",\"url\":\"https:\/\/padelhaus.mustlammas-dev.in\/lv\/\",\"name\":\"Claude Padelhaus\",\"description\":\"Sinu padelivarustuse kodu\",\"publisher\":{\"@id\":\"https:\/\/padelhaus.mustlammas-dev.in\/lv\/#organization\"},\"potentialAction\":[{\"@type\":\"SearchAction\",\"target\":{\"@type\":\"EntryPoint\",\"urlTemplate\":\"https:\/\/padelhaus.mustlammas-dev.in\/lv\/?s={search_term_string}\"},\"query-input\":{\"@type\":\"PropertyValueSpecification\",\"valueRequired\":true,\"valueName\":\"search_term_string\"}}],\"inLanguage\":\"lv-LV\"},{\"@type\":\"Organization\",\"@id\":\"https:\/\/padelhaus.mustlammas-dev.in\/lv\/#organization\",\"name\":\"Claude Padelhaus\",\"url\":\"https:\/\/padelhaus.mustlammas-dev.in\/lv\/\",\"logo\":{\"@type\":\"ImageObject\",\"inLanguage\":\"lv-LV\",\"@id\":\"https:\/\/padelhaus.mustlammas-dev.in\/lv\/#\/schema\/logo\/image\/\",\"url\":\"https:\/\/padelhaus.mustlammas-dev.in\/wp-content\/uploads\/2025\/05\/Logo-1.png\",\"contentUrl\":\"https:\/\/padelhaus.mustlammas-dev.in\/wp-content\/uploads\/2025\/05\/Logo-1.png\",\"width\":280,\"height\":115,\"caption\":\"Claude Padelhaus\"},\"image\":{\"@id\":\"https:\/\/padelhaus.mustlammas-dev.in\/lv\/#\/schema\/logo\/image\/\"}}]}<\/script>\n<meta property=\"product:price:amount\" content=\"219.95\" \/>\n<meta property=\"product:price:currency\" content=\"EUR\" \/>\n<meta property=\"og:availability\" content=\"backorder\" \/>\n<meta property=\"product:availability\" content=\"available for order\" \/>\n<meta property=\"product:retailer_item_id\" content=\"HEA-R-29\" \/>\n<meta property=\"product:condition\" content=\"new\" \/>\n<!-- \/ Yoast SEO Premium plugin. -->","yoast_head_json":{"title":"Head Extreme One X 2025 | Test Padelhaus","description":"Mekl\u0113 jaunu padela raketi par labu cenu? Padelhaus pied\u0101v\u0101 lab\u0101ko padela rake\u00f0u izv\u0113li visiem l\u012bme\u0146iem \u2013 tava padela apr\u012bkojuma m\u0101jas.","robots":{"index":"noindex","follow":"follow","max-snippet":"max-snippet:-1","max-image-preview":"max-image-preview:large","max-video-preview":"max-video-preview:-1"},"og_locale":"lv_LV","og_type":"article","og_title":"Head Extreme One X 2025","og_description":"Mekl\u0113 jaunu padela raketi par labu cenu? Padelhaus pied\u0101v\u0101 lab\u0101ko padela rake\u00f0u izv\u0113li visiem l\u012bme\u0146iem \u2013 tava padela apr\u012bkojuma m\u0101jas.","og_url":"https:\/\/padelhaus.mustlammas-dev.in\/lv\/veikals\/head-extreme-one-x-2025\/","og_site_name":"Test Padelhaus","article_modified_time":"2026-03-05T15:13:42+00:00","og_image":[{"width":1000,"height":1000,"url":"https:\/\/padelhaus.lv\/wp-content\/uploads\/2025\/12\/61.webp","type":"image\/webp"}],"twitter_card":"summary_large_image","twitter_misc":{"Price":"219,95&nbsp;&euro;","Availability":"On backorder"},"schema":{"@context":"https:\/\/schema.org","@graph":[{"@type":["WebPage","ItemPage"],"@id":"https:\/\/padelhaus.mustlammas-dev.in\/lv\/veikals\/head-extreme-one-x-2025\/","url":"https:\/\/padelhaus.mustlammas-dev.in\/lv\/veikals\/head-extreme-one-x-2025\/","name":"Head Extreme One X 2025 | Test Padelhaus","isPartOf":{"@id":"https:\/\/padelhaus.mustlammas-dev.in\/lv\/#website"},"primaryImageOfPage":{"@id":"https:\/\/padelhaus.mustlammas-dev.in\/lv\/veikals\/head-extreme-one-x-2025\/#primaryimage"},"image":{"@id":"https:\/\/padelhaus.mustlammas-dev.in\/lv\/veikals\/head-extreme-one-x-2025\/#primaryimage"},"thumbnailUrl":"https:\/\/padelhaus.mustlammas-dev.in\/wp-content\/uploads\/2025\/12\/61.webp","datePublished":"2025-12-11T13:28:09+00:00","dateModified":"2026-03-05T15:13:42+00:00","description":"Mekl\u0113 jaunu padela raketi par labu cenu? Padelhaus pied\u0101v\u0101 lab\u0101ko padela rake\u00f0u izv\u0113li visiem l\u012bme\u0146iem \u2013 tava padela apr\u012bkojuma m\u0101jas.","breadcrumb":{"@id":"https:\/\/padelhaus.mustlammas-dev.in\/lv\/veikals\/head-extreme-one-x-2025\/#breadcrumb"},"inLanguage":"lv-LV","potentialAction":[{"@type":"ReadAction","target":["https:\/\/padelhaus.mustlammas-dev.in\/lv\/veikals\/head-extreme-one-x-2025\/"]}]},{"@type":"ImageObject","inLanguage":"lv-LV","@id":"https:\/\/padelhaus.mustlammas-dev.in\/lv\/veikals\/head-extreme-one-x-2025\/#primaryimage","url":"https:\/\/padelhaus.mustlammas-dev.in\/wp-content\/uploads\/2025\/12\/61.webp","contentUrl":"https:\/\/padelhaus.mustlammas-dev.in\/wp-content\/uploads\/2025\/12\/61.webp","width":1000,"height":1000},{"@type":"BreadcrumbList","@id":"https:\/\/padelhaus.mustlammas-dev.in\/lv\/veikals\/head-extreme-one-x-2025\/#breadcrumb","itemListElement":[{"@type":"ListItem","position":1,"name":"S\u0101kumlapa","item":"https:\/\/padelhaus.lv\/"},{"@type":"ListItem","position":2,"name":"Veikals","item":"https:\/\/padelhaus.lv\/veikals\/"},{"@type":"ListItem","position":3,"name":"Head Extreme One X 2025"}]},{"@type":"WebSite","@id":"https:\/\/padelhaus.mustlammas-dev.in\/lv\/#website","url":"https:\/\/padelhaus.mustlammas-dev.in\/lv\/","name":"Claude Padelhaus","description":"Sinu padelivarustuse kodu","publisher":{"@id":"https:\/\/padelhaus.mustlammas-dev.in\/lv\/#organization"},"potentialAction":[{"@type":"SearchAction","target":{"@type":"EntryPoint","urlTemplate":"https:\/\/padelhaus.mustlammas-dev.in\/lv\/?s={search_term_string}"},"query-input":{"@type":"PropertyValueSpecification","valueRequired":true,"valueName":"search_term_string"}}],"inLanguage":"lv-LV"},{"@type":"Organization","@id":"https:\/\/padelhaus.mustlammas-dev.in\/lv\/#organization","name":"Claude Padelhaus","url":"https:\/\/padelhaus.mustlammas-dev.in\/lv\/","logo":{"@type":"ImageObject","inLanguage":"lv-LV","@id":"https:\/\/padelhaus.mustlammas-dev.in\/lv\/#\/schema\/logo\/image\/","url":"https:\/\/padelhaus.mustlammas-dev.in\/wp-content\/uploads\/2025\/05\/Logo-1.png","contentUrl":"https:\/\/padelhaus.mustlammas-dev.in\/wp-content\/uploads\/2025\/05\/Logo-1.png","width":280,"height":115,"caption":"Claude Padelhaus"},"image":{"@id":"https:\/\/padelhaus.mustlammas-dev.in\/lv\/#\/schema\/logo\/image\/"}}]},"product_price_amount":"219.95","product_price_currency":"EUR","og_availability":"backorder","product_availability":"available for order","product_retailer_item_id":"HEA-R-29","product_condition":"new"},"_links":{"self":[{"href":"https:\/\/padelhaus.mustlammas-dev.in\/lv\/wp-json\/wp\/v2\/product\/66742","targetHints":{"allow":["GET"]}}],"collection":[{"href":"https:\/\/padelhaus.mustlammas-dev.in\/lv\/wp-json\/wp\/v2\/product"}],"about":[{"href":"https:\/\/padelhaus.mustlammas-dev.in\/lv\/wp-json\/wp\/v2\/types\/product"}],"replies":[{"embeddable":true,"href":"https:\/\/padelhaus.mustlammas-dev.in\/lv\/wp-json\/wp\/v2\/comments?post=66742"}],"wp:featuredmedia":[{"embeddable":true,"href":"https:\/\/padelhaus.mustlammas-dev.in\/lv\/wp-json\/wp\/v2\/media\/72586"}],"wp:attachment":[{"href":"https:\/\/padelhaus.mustlammas-dev.in\/lv\/wp-json\/wp\/v2\/media?parent=66742"}],"wp:term":[{"taxonomy":"product_brand","embeddable":true,"href":"https:\/\/padelhaus.mustlammas-dev.in\/lv\/wp-json\/wp\/v2\/product_brand?post=66742"},{"taxonomy":"product_cat","embeddable":true,"href":"https:\/\/padelhaus.mustlammas-dev.in\/lv\/wp-json\/wp\/v2\/product_cat?post=66742"},{"taxonomy":"product_tag","embeddable":true,"href":"https:\/\/padelhaus.mustlammas-dev.in\/lv\/wp-json\/wp\/v2\/product_tag?post=66742"}],"curies":[{"name":"wp","href":"https:\/\/api.w.org\/{rel}","templated":true}]}}