{"id":66770,"date":"2025-12-06T02:54:29","date_gmt":"2025-12-06T00:54:29","guid":{"rendered":"https:\/\/padelhaus.mustlammas-dev.in\/?post_type=product&#038;p=66770"},"modified":"2026-01-29T07:50:55","modified_gmt":"2026-01-29T05:50:55","slug":"siux-fenix-pro-5-black","status":"publish","type":"product","link":"https:\/\/padelhaus.mustlammas-dev.in\/lv\/veikals\/siux-fenix-pro-5-black\/","title":{"rendered":"Siux Fenix Pro 5 Black"},"content":{"rendered":"<p data-start=\"77\" data-end=\"131\"><strong data-start=\"77\" data-end=\"131\">Siux Fenix Pro 5 Black, Leo Augsburgera padel rakete<\/strong><\/p>\n<p data-start=\"133\" data-end=\"376\">Siux Fenix Pro 5 Black ir profesion\u0101la padel rakete, kas rad\u012bta, lai maksim\u0101li uzlabotu uzbrukuma sp\u0113li. T\u0101s dimanta forma un augstais l\u012bdzsvars nodro\u0161ina lielu jaudu sarkanaj\u0101 zon\u0101, padarot to ide\u0101lu nosl\u0113dzo\u0161ajiem sitieniem un sp\u0113c\u012bgiem uzbrukumiem. <\/p>\n<p data-start=\"378\" data-end=\"725\">Sitiena virsma ir izgatavota no 24K oglek\u013ca, un kodols sast\u0101v no Black EVA gumijas, kas nodro\u0161ina liel\u0101ku iztur\u012bbu un ciet\u0101ku sitiena saj\u016btu, uzlabojot bumbas izlido\u0161anu. 3D apdare palielina bumbas grie\u0161anos, savuk\u0101rt gar\u0101ks rokturis atvieglo divu roku bekhendu. Switch Strap sist\u0113ma \u013cauj nomain\u012bt siksnu, lai rakete prec\u012bzi atbilstu j\u016bsu v\u0113lm\u0113m.  <\/p>\n<h5 data-start=\"727\" data-end=\"775\">Fenix Pro 5 Black \u2013 pieredz\u0113ju\u0161iem sp\u0113l\u0113t\u0101jiem<\/h5>\n<p data-start=\"777\" data-end=\"1049\">\u0160\u012b Siux dimanta formas rakete ir paredz\u0113ta pieredz\u0113ju\u0161iem un profesion\u0101liem sp\u0113l\u0113t\u0101jiem, kuri dod priek\u0161roku sp\u0113c\u012bgam sp\u0113les stilam. T\u0101 ir piem\u0113rota tiem, kuri sp\u0113l\u0113 agres\u012bvi un tehniski, izmantojot augsto l\u012bdzsvaru un cieto sitiena saj\u016btu prec\u012bziem un b\u012bstamiem sitieniem. <\/p>\n<p data-start=\"1051\" data-end=\"1244\">Pateicoties dimanta formai un pastiprin\u0101tai konstrukcijai, t\u0101 ir lieliska izv\u0113le sp\u0113l\u0113t\u0101jam, kuram nepiecie\u0161ams modelis, kas iztur sp\u0113c\u012bgus sitienus un nodro\u0161ina augst\u0101k\u0101s klases veiktsp\u0113ju pat vispras\u012bg\u0101kaj\u0101s sp\u0113l\u0113s.<\/p>\n<h5 data-start=\"1246\" data-end=\"1283\">Galven\u0101s \u012bpa\u0161\u012bbas un tehnolo\u0123ijas<\/h5>\n<ul data-start=\"1285\" data-end=\"1641\">\n<li data-start=\"1285\" data-end=\"1330\">\n<p data-start=\"1287\" data-end=\"1330\">Dimanta forma: maksim\u0101la jauda katr\u0101 sitien\u0101<\/p>\n<\/li>\n<li data-start=\"1331\" data-end=\"1379\">\n<p data-start=\"1333\" data-end=\"1379\">Augsts l\u012bdzsvars: lab\u0101ks topspins un uzbrukuma sitieni<\/p>\n<\/li>\n<li data-start=\"1380\" data-end=\"1445\">\n<p data-start=\"1382\" data-end=\"1445\">Black EVA kodols: stingr\u0101ka saj\u016bta un efekt\u012bva vibr\u0101ciju absorbcija<\/p>\n<\/li>\n<li data-start=\"1446\" data-end=\"1488\">\n<p data-start=\"1448\" data-end=\"1488\">24K oglek\u013ca virsma: ar augstu iztur\u012bbu<\/p>\n<\/li>\n<li data-start=\"1489\" data-end=\"1537\">\n<p data-start=\"1491\" data-end=\"1537\">3D apdare: lab\u0101ka grie\u0161an\u0101s grieztajos sitienos<\/p>\n<\/li>\n<li data-start=\"1538\" data-end=\"1593\">\n<p data-start=\"1540\" data-end=\"1593\">Switch Strap: main\u0101ma siksna \u0113rtai piel\u0101go\u0161anai<\/p>\n<\/li>\n<li data-start=\"1594\" data-end=\"1641\">\n<p data-start=\"1596\" data-end=\"1641\">Gar\u0161 rokturis: ide\u0101li piem\u0113rots divu roku bekhendam<\/p>\n<\/li>\n<\/ul>\n<h5 data-start=\"1643\" data-end=\"1689\">Atbr\u012bvo savu sp\u0113ku ar Siux Fenix Pro 5 raketi<\/h5>\n<p data-start=\"1691\" data-end=\"1909\" data-is-last-node=\"\" data-is-only-node=\"\">Pacel savu sp\u0113li jaun\u0101 l\u012bmen\u012b ar Siux Fenix Pro 5 Black raketi, Leo Augsburgera ofici\u0101lo modeli. Profesion\u0101\u013ciem rad\u012bt\u0101 rakete apvieno jaudu, precizit\u0101ti un stilu. Ieg\u0101d\u0101jies to P\u00e1del Nuestro veikal\u0101 un domin\u0113 laukum\u0101!  <\/p>\n<h5 data-start=\"733\" data-end=\"861\">Specifik\u0101cijas<\/h5>\n<ul>\n<li data-start=\"2\" data-end=\"19\"><strong data-start=\"2\" data-end=\"11\" data-is-only-node=\"\">Z\u012bmols<\/strong>: Siux<\/li>\n<li data-start=\"22\" data-end=\"38\"><strong data-start=\"22\" data-end=\"30\" data-is-only-node=\"\">Kr\u0101sa<\/strong>: Melna<\/li>\n<li data-start=\"41\" data-end=\"68\"><strong data-start=\"41\" data-end=\"50\" data-is-only-node=\"\">Produkts<\/strong>: Padel raketes<\/li>\n<li data-start=\"71\" data-end=\"92\"><strong data-start=\"71\" data-end=\"83\" data-is-only-node=\"\">L\u012bdzsvars<\/strong>: Augsts<\/li>\n<li data-start=\"95\" data-end=\"119\"><strong data-start=\"95\" data-end=\"106\" data-is-only-node=\"\">Kodols<\/strong>: Black EVA<\/li>\n<li data-start=\"122\" data-end=\"147\"><strong data-start=\"122\" data-end=\"133\" data-is-only-node=\"\">Virsma<\/strong>: Carbon 24K<\/li>\n<li data-start=\"150\" data-end=\"173\"><strong data-start=\"150\" data-end=\"161\" data-is-only-node=\"\">Form\u0101ts<\/strong>: Standarta<\/li>\n<li data-start=\"176\" data-end=\"194\"><strong data-start=\"176\" data-end=\"186\" data-is-only-node=\"\">Stingr\u012bba<\/strong>: Stingra<\/li>\n<li data-start=\"197\" data-end=\"236\"><strong data-start=\"197\" data-end=\"205\" data-is-only-node=\"\">L\u012bmenis<\/strong>: Pieredz\u0113jis \/ Sacens\u012bbu l\u012bmenis<\/li>\n<li data-start=\"239\" data-end=\"264\"><strong data-start=\"239\" data-end=\"253\" data-is-only-node=\"\">Apdare<\/strong>: 3D Spin<\/li>\n<li data-start=\"267\" data-end=\"286\"><strong data-start=\"267\" data-end=\"275\" data-is-only-node=\"\">Forma<\/strong>: Dimanta<\/li>\n<li data-start=\"289\" data-end=\"305\"><strong data-start=\"289\" data-end=\"297\" data-is-only-node=\"\">Virsma<\/strong>: Nel\u012bdzena<\/li>\n<li data-start=\"308\" data-end=\"329\"><strong data-start=\"308\" data-end=\"321\" data-is-only-node=\"\">Sp\u0113les veids<\/strong>: Jauda<\/li>\n<li data-start=\"332\" data-end=\"375\"><strong data-start=\"332\" data-end=\"358\" data-is-only-node=\"\">Sp\u0113l\u0113t\u0101ju kolekcija<\/strong>: Leo Augsburguer<\/li>\n<\/ul>\n","protected":false},"excerpt":{"rendered":"<p>Siux Fenix Pro 5 Black, Leo Augsburgera padel rakete Siux Fenix Pro 5 Black ir profesion\u0101la padel rakete, kas rad\u012bta, lai maksim\u0101li uzlabotu uzbrukuma sp\u0113li. T\u0101s dimanta forma un augstais l\u012bdzsvars nodro\u0161ina lielu jaudu sarkanaj\u0101 zon\u0101, padarot to ide\u0101lu nosl\u0113dzo\u0161ajiem sitieniem un sp\u0113c\u012bgiem uzbrukumiem. Sitiena virsma ir izgatavota no 24K oglek\u013ca, un kodols sast\u0101v no [&hellip;]<\/p>\n","protected":false},"featured_media":69155,"comment_status":"open","ping_status":"closed","template":"","meta":{"_eb_attr":""},"product_brand":[260],"product_cat":[251,283,262],"product_tag":[],"class_list":{"0":"post-66770","1":"product","2":"type-product","3":"status-publish","4":"has-post-thumbnail","6":"product_brand-siux","7":"product_cat-padela-raketes","8":"product_cat-pieredzejusi","9":"product_cat-siux","10":"pa_kaal-350-370g","11":"pa_kuju-dimants","12":"pa_mangustiil-uzbrukoss","13":"pa_tasakaal-augsa","14":"pa_tase-pieredzejusi","15":"pa_varv-melns","18":"first","19":"instock","20":"sale","21":"taxable","22":"shipping-taxable","23":"purchasable","24":"product-type-simple"},"yoast_head":"<!-- This site is optimized with the Yoast SEO Premium plugin v27.1 (Yoast SEO v27.1.1) - https:\/\/yoast.com\/product\/yoast-seo-premium-wordpress\/ -->\n<title>Siux Fenix Pro 5 Black | Test Padelhaus<\/title>\n<meta name=\"description\" content=\"Mekl\u0113 jaunu padela raketi par labu cenu? Padelhaus pied\u0101v\u0101 lab\u0101ko padela rake\u00f0u izv\u0113li visiem l\u012bme\u0146iem \u2013 tava padela apr\u012bkojuma m\u0101jas.\" \/>\n<meta name=\"robots\" content=\"noindex, follow, max-snippet:-1, max-image-preview:large, max-video-preview:-1\" \/>\n<meta property=\"og:locale\" content=\"lv_LV\" \/>\n<meta property=\"og:type\" content=\"article\" \/>\n<meta property=\"og:title\" content=\"Siux Fenix Pro 5 Black\" \/>\n<meta property=\"og:description\" content=\"Mekl\u0113 jaunu padela raketi par labu cenu? Padelhaus pied\u0101v\u0101 lab\u0101ko padela rake\u00f0u izv\u0113li visiem l\u012bme\u0146iem \u2013 tava padela apr\u012bkojuma m\u0101jas.\" \/>\n<meta property=\"og:url\" content=\"https:\/\/padelhaus.mustlammas-dev.in\/lv\/veikals\/siux-fenix-pro-5-black\/\" \/>\n<meta property=\"og:site_name\" content=\"Test Padelhaus\" \/>\n<meta property=\"article:modified_time\" content=\"2026-01-29T05:50:55+00:00\" \/>\n<meta property=\"og:image\" content=\"https:\/\/padelhaus.lv\/wp-content\/uploads\/2025\/12\/SIUX-FENIX-PRO-5-BLACK-BEEZ.webp\" \/>\n\t<meta property=\"og:image:width\" content=\"1000\" \/>\n\t<meta property=\"og:image:height\" content=\"1000\" \/>\n\t<meta property=\"og:image:type\" content=\"image\/webp\" \/>\n<meta name=\"twitter:card\" content=\"summary_large_image\" \/>\n<meta name=\"twitter:label1\" content=\"Price\" \/>\n\t<meta name=\"twitter:data1\" content=\"199,95&nbsp;&euro;\" \/>\n\t<meta name=\"twitter:label2\" content=\"Availability\" \/>\n\t<meta name=\"twitter:data2\" content=\"In stock\" \/>\n<script type=\"application\/ld+json\" class=\"yoast-schema-graph\">{\"@context\":\"https:\/\/schema.org\",\"@graph\":[{\"@type\":[\"WebPage\",\"ItemPage\"],\"@id\":\"https:\/\/padelhaus.mustlammas-dev.in\/lv\/veikals\/siux-fenix-pro-5-black\/\",\"url\":\"https:\/\/padelhaus.mustlammas-dev.in\/lv\/veikals\/siux-fenix-pro-5-black\/\",\"name\":\"Siux Fenix Pro 5 Black | Test Padelhaus\",\"isPartOf\":{\"@id\":\"https:\/\/padelhaus.mustlammas-dev.in\/lv\/#website\"},\"primaryImageOfPage\":{\"@id\":\"https:\/\/padelhaus.mustlammas-dev.in\/lv\/veikals\/siux-fenix-pro-5-black\/#primaryimage\"},\"image\":{\"@id\":\"https:\/\/padelhaus.mustlammas-dev.in\/lv\/veikals\/siux-fenix-pro-5-black\/#primaryimage\"},\"thumbnailUrl\":\"https:\/\/padelhaus.mustlammas-dev.in\/wp-content\/uploads\/2025\/12\/SIUX-FENIX-PRO-5-BLACK-BEEZ.webp\",\"datePublished\":\"2025-12-06T00:54:29+00:00\",\"dateModified\":\"2026-01-29T05:50:55+00:00\",\"description\":\"Mekl\u0113 jaunu padela raketi par labu cenu? Padelhaus pied\u0101v\u0101 lab\u0101ko padela rake\u00f0u izv\u0113li visiem l\u012bme\u0146iem \u2013 tava padela apr\u012bkojuma m\u0101jas.\",\"breadcrumb\":{\"@id\":\"https:\/\/padelhaus.mustlammas-dev.in\/lv\/veikals\/siux-fenix-pro-5-black\/#breadcrumb\"},\"inLanguage\":\"lv-LV\",\"potentialAction\":[{\"@type\":\"ReadAction\",\"target\":[\"https:\/\/padelhaus.mustlammas-dev.in\/lv\/veikals\/siux-fenix-pro-5-black\/\"]}]},{\"@type\":\"ImageObject\",\"inLanguage\":\"lv-LV\",\"@id\":\"https:\/\/padelhaus.mustlammas-dev.in\/lv\/veikals\/siux-fenix-pro-5-black\/#primaryimage\",\"url\":\"https:\/\/padelhaus.mustlammas-dev.in\/wp-content\/uploads\/2025\/12\/SIUX-FENIX-PRO-5-BLACK-BEEZ.webp\",\"contentUrl\":\"https:\/\/padelhaus.mustlammas-dev.in\/wp-content\/uploads\/2025\/12\/SIUX-FENIX-PRO-5-BLACK-BEEZ.webp\",\"width\":1000,\"height\":1000},{\"@type\":\"BreadcrumbList\",\"@id\":\"https:\/\/padelhaus.mustlammas-dev.in\/lv\/veikals\/siux-fenix-pro-5-black\/#breadcrumb\",\"itemListElement\":[{\"@type\":\"ListItem\",\"position\":1,\"name\":\"S\u0101kumlapa\",\"item\":\"https:\/\/padelhaus.lv\/\"},{\"@type\":\"ListItem\",\"position\":2,\"name\":\"Veikals\",\"item\":\"https:\/\/padelhaus.lv\/veikals\/\"},{\"@type\":\"ListItem\",\"position\":3,\"name\":\"Siux Fenix Pro 5 Black\"}]},{\"@type\":\"WebSite\",\"@id\":\"https:\/\/padelhaus.mustlammas-dev.in\/lv\/#website\",\"url\":\"https:\/\/padelhaus.mustlammas-dev.in\/lv\/\",\"name\":\"Claude Padelhaus\",\"description\":\"Sinu padelivarustuse kodu\",\"publisher\":{\"@id\":\"https:\/\/padelhaus.mustlammas-dev.in\/lv\/#organization\"},\"potentialAction\":[{\"@type\":\"SearchAction\",\"target\":{\"@type\":\"EntryPoint\",\"urlTemplate\":\"https:\/\/padelhaus.mustlammas-dev.in\/lv\/?s={search_term_string}\"},\"query-input\":{\"@type\":\"PropertyValueSpecification\",\"valueRequired\":true,\"valueName\":\"search_term_string\"}}],\"inLanguage\":\"lv-LV\"},{\"@type\":\"Organization\",\"@id\":\"https:\/\/padelhaus.mustlammas-dev.in\/lv\/#organization\",\"name\":\"Claude Padelhaus\",\"url\":\"https:\/\/padelhaus.mustlammas-dev.in\/lv\/\",\"logo\":{\"@type\":\"ImageObject\",\"inLanguage\":\"lv-LV\",\"@id\":\"https:\/\/padelhaus.mustlammas-dev.in\/lv\/#\/schema\/logo\/image\/\",\"url\":\"https:\/\/padelhaus.mustlammas-dev.in\/wp-content\/uploads\/2025\/05\/Logo-1.png\",\"contentUrl\":\"https:\/\/padelhaus.mustlammas-dev.in\/wp-content\/uploads\/2025\/05\/Logo-1.png\",\"width\":280,\"height\":115,\"caption\":\"Claude Padelhaus\"},\"image\":{\"@id\":\"https:\/\/padelhaus.mustlammas-dev.in\/lv\/#\/schema\/logo\/image\/\"}}]}<\/script>\n<meta property=\"product:price:amount\" content=\"199.95\" \/>\n<meta property=\"product:price:currency\" content=\"EUR\" \/>\n<meta property=\"og:availability\" content=\"instock\" \/>\n<meta property=\"product:availability\" content=\"instock\" \/>\n<meta property=\"product:retailer_item_id\" content=\"SIU-R-18\" \/>\n<meta property=\"product:condition\" content=\"new\" \/>\n<!-- \/ Yoast SEO Premium plugin. -->","yoast_head_json":{"title":"Siux Fenix Pro 5 Black | Test Padelhaus","description":"Mekl\u0113 jaunu padela raketi par labu cenu? Padelhaus pied\u0101v\u0101 lab\u0101ko padela rake\u00f0u izv\u0113li visiem l\u012bme\u0146iem \u2013 tava padela apr\u012bkojuma m\u0101jas.","robots":{"index":"noindex","follow":"follow","max-snippet":"max-snippet:-1","max-image-preview":"max-image-preview:large","max-video-preview":"max-video-preview:-1"},"og_locale":"lv_LV","og_type":"article","og_title":"Siux Fenix Pro 5 Black","og_description":"Mekl\u0113 jaunu padela raketi par labu cenu? Padelhaus pied\u0101v\u0101 lab\u0101ko padela rake\u00f0u izv\u0113li visiem l\u012bme\u0146iem \u2013 tava padela apr\u012bkojuma m\u0101jas.","og_url":"https:\/\/padelhaus.mustlammas-dev.in\/lv\/veikals\/siux-fenix-pro-5-black\/","og_site_name":"Test Padelhaus","article_modified_time":"2026-01-29T05:50:55+00:00","og_image":[{"width":1000,"height":1000,"url":"https:\/\/padelhaus.lv\/wp-content\/uploads\/2025\/12\/SIUX-FENIX-PRO-5-BLACK-BEEZ.webp","type":"image\/webp"}],"twitter_card":"summary_large_image","twitter_misc":{"Price":"199,95&nbsp;&euro;","Availability":"In stock"},"schema":{"@context":"https:\/\/schema.org","@graph":[{"@type":["WebPage","ItemPage"],"@id":"https:\/\/padelhaus.mustlammas-dev.in\/lv\/veikals\/siux-fenix-pro-5-black\/","url":"https:\/\/padelhaus.mustlammas-dev.in\/lv\/veikals\/siux-fenix-pro-5-black\/","name":"Siux Fenix Pro 5 Black | Test Padelhaus","isPartOf":{"@id":"https:\/\/padelhaus.mustlammas-dev.in\/lv\/#website"},"primaryImageOfPage":{"@id":"https:\/\/padelhaus.mustlammas-dev.in\/lv\/veikals\/siux-fenix-pro-5-black\/#primaryimage"},"image":{"@id":"https:\/\/padelhaus.mustlammas-dev.in\/lv\/veikals\/siux-fenix-pro-5-black\/#primaryimage"},"thumbnailUrl":"https:\/\/padelhaus.mustlammas-dev.in\/wp-content\/uploads\/2025\/12\/SIUX-FENIX-PRO-5-BLACK-BEEZ.webp","datePublished":"2025-12-06T00:54:29+00:00","dateModified":"2026-01-29T05:50:55+00:00","description":"Mekl\u0113 jaunu padela raketi par labu cenu? Padelhaus pied\u0101v\u0101 lab\u0101ko padela rake\u00f0u izv\u0113li visiem l\u012bme\u0146iem \u2013 tava padela apr\u012bkojuma m\u0101jas.","breadcrumb":{"@id":"https:\/\/padelhaus.mustlammas-dev.in\/lv\/veikals\/siux-fenix-pro-5-black\/#breadcrumb"},"inLanguage":"lv-LV","potentialAction":[{"@type":"ReadAction","target":["https:\/\/padelhaus.mustlammas-dev.in\/lv\/veikals\/siux-fenix-pro-5-black\/"]}]},{"@type":"ImageObject","inLanguage":"lv-LV","@id":"https:\/\/padelhaus.mustlammas-dev.in\/lv\/veikals\/siux-fenix-pro-5-black\/#primaryimage","url":"https:\/\/padelhaus.mustlammas-dev.in\/wp-content\/uploads\/2025\/12\/SIUX-FENIX-PRO-5-BLACK-BEEZ.webp","contentUrl":"https:\/\/padelhaus.mustlammas-dev.in\/wp-content\/uploads\/2025\/12\/SIUX-FENIX-PRO-5-BLACK-BEEZ.webp","width":1000,"height":1000},{"@type":"BreadcrumbList","@id":"https:\/\/padelhaus.mustlammas-dev.in\/lv\/veikals\/siux-fenix-pro-5-black\/#breadcrumb","itemListElement":[{"@type":"ListItem","position":1,"name":"S\u0101kumlapa","item":"https:\/\/padelhaus.lv\/"},{"@type":"ListItem","position":2,"name":"Veikals","item":"https:\/\/padelhaus.lv\/veikals\/"},{"@type":"ListItem","position":3,"name":"Siux Fenix Pro 5 Black"}]},{"@type":"WebSite","@id":"https:\/\/padelhaus.mustlammas-dev.in\/lv\/#website","url":"https:\/\/padelhaus.mustlammas-dev.in\/lv\/","name":"Claude Padelhaus","description":"Sinu padelivarustuse kodu","publisher":{"@id":"https:\/\/padelhaus.mustlammas-dev.in\/lv\/#organization"},"potentialAction":[{"@type":"SearchAction","target":{"@type":"EntryPoint","urlTemplate":"https:\/\/padelhaus.mustlammas-dev.in\/lv\/?s={search_term_string}"},"query-input":{"@type":"PropertyValueSpecification","valueRequired":true,"valueName":"search_term_string"}}],"inLanguage":"lv-LV"},{"@type":"Organization","@id":"https:\/\/padelhaus.mustlammas-dev.in\/lv\/#organization","name":"Claude Padelhaus","url":"https:\/\/padelhaus.mustlammas-dev.in\/lv\/","logo":{"@type":"ImageObject","inLanguage":"lv-LV","@id":"https:\/\/padelhaus.mustlammas-dev.in\/lv\/#\/schema\/logo\/image\/","url":"https:\/\/padelhaus.mustlammas-dev.in\/wp-content\/uploads\/2025\/05\/Logo-1.png","contentUrl":"https:\/\/padelhaus.mustlammas-dev.in\/wp-content\/uploads\/2025\/05\/Logo-1.png","width":280,"height":115,"caption":"Claude Padelhaus"},"image":{"@id":"https:\/\/padelhaus.mustlammas-dev.in\/lv\/#\/schema\/logo\/image\/"}}]},"product_price_amount":"199.95","product_price_currency":"EUR","og_availability":"instock","product_availability":"instock","product_retailer_item_id":"SIU-R-18","product_condition":"new"},"_links":{"self":[{"href":"https:\/\/padelhaus.mustlammas-dev.in\/lv\/wp-json\/wp\/v2\/product\/66770","targetHints":{"allow":["GET"]}}],"collection":[{"href":"https:\/\/padelhaus.mustlammas-dev.in\/lv\/wp-json\/wp\/v2\/product"}],"about":[{"href":"https:\/\/padelhaus.mustlammas-dev.in\/lv\/wp-json\/wp\/v2\/types\/product"}],"replies":[{"embeddable":true,"href":"https:\/\/padelhaus.mustlammas-dev.in\/lv\/wp-json\/wp\/v2\/comments?post=66770"}],"wp:featuredmedia":[{"embeddable":true,"href":"https:\/\/padelhaus.mustlammas-dev.in\/lv\/wp-json\/wp\/v2\/media\/69155"}],"wp:attachment":[{"href":"https:\/\/padelhaus.mustlammas-dev.in\/lv\/wp-json\/wp\/v2\/media?parent=66770"}],"wp:term":[{"taxonomy":"product_brand","embeddable":true,"href":"https:\/\/padelhaus.mustlammas-dev.in\/lv\/wp-json\/wp\/v2\/product_brand?post=66770"},{"taxonomy":"product_cat","embeddable":true,"href":"https:\/\/padelhaus.mustlammas-dev.in\/lv\/wp-json\/wp\/v2\/product_cat?post=66770"},{"taxonomy":"product_tag","embeddable":true,"href":"https:\/\/padelhaus.mustlammas-dev.in\/lv\/wp-json\/wp\/v2\/product_tag?post=66770"}],"curies":[{"name":"wp","href":"https:\/\/api.w.org\/{rel}","templated":true}]}}