{"id":66803,"date":"2025-12-11T15:33:58","date_gmt":"2025-12-11T13:33:58","guid":{"rendered":"https:\/\/padelhaus.mustlammas-dev.in\/?post_type=product&#038;p=66803"},"modified":"2026-03-05T17:06:51","modified_gmt":"2026-03-05T15:06:51","slug":"head-extreme-one-2025","status":"publish","type":"product","link":"https:\/\/padelhaus.mustlammas-dev.in\/lv\/veikals\/head-extreme-one-2025\/","title":{"rendered":"Head Extreme One 2025"},"content":{"rendered":"<p data-start=\"64\" data-end=\"89\"><strong data-start=\"64\" data-end=\"89\">Head Extreme One 2025<\/strong><\/p>\n<p data-start=\"91\" data-end=\"569\">Head Extreme One 2025 ir atjaunin\u0101ta versija, kas pied\u0101v\u0101 spr\u0101dzienb\u012bstam\u0101ku, prec\u012bz\u0101ku un modern\u0101ku sp\u0113les pieredzi. Saglab\u0101jot savu s\u0101kotn\u0113jo formu, kas ir iecien\u012bta starp pieredz\u0113ju\u0161iem un profesion\u0101liem sp\u0113l\u0113t\u0101jiem, \u0161\u012b rakete att\u012bst\u0101s ar piln\u012bgi jaunu dizainu, kas stiprina Extreme s\u0113rijas identit\u0101ti. T\u0101s agres\u012bv\u0101 est\u0113tika, augst\u0101k\u0101s klases materi\u0101li un uz veiktsp\u0113ju orient\u0113t\u0101 konstrukcija padara to par ide\u0101lu izv\u0113li tiem, kas mekl\u0113 maksim\u0101lu jaudu, nezaud\u0113jot kontroli.  <\/p>\n<h5 data-start=\"571\" data-end=\"613\">Uzlabotas saj\u016btas un izcila veiktsp\u0113ja<\/h5>\n<p data-start=\"615\" data-end=\"1087\">\u0160is jaunais izdevums nodro\u0161ina dro\u0161\u0101ku, stabil\u0101ku un \u0113rt\u0101ku sp\u0113les pieredzi. Pateicoties Power Foam un Soft Cap+ absorbcijas tehnolo\u0123iju kombin\u0101cijai, sitiena saj\u016bta ir \u0113rt\u0101ka, \u013caujot bumbi\u0146ai ieg\u016bt \u0101trumu ar maz\u0101ku piep\u016bli. 272 mm (augsts) l\u012bdzsvars veicina uzbrukuma sp\u0113li, kas ir ide\u0101li piem\u0113rota sp\u0113c\u012bgiem sitieniem, dzi\u013ciem vibriem un agres\u012bviem volejiem. Kopum\u0101 Extreme One 2025 ir rad\u012bta, lai domin\u0113tu uzbrukum\u0101 ar izcilu manevr\u0113tsp\u0113ju.   <\/p>\n<h5 data-start=\"1089\" data-end=\"1126\">Galven\u0101s tehnolo\u0123ijas un \u012bpa\u0161\u012bbas<\/h5>\n<ul>\n<li data-start=\"1130\" data-end=\"1236\"><strong data-start=\"1130\" data-end=\"1146\">Auxetic 2.0:<\/strong> Uzlabo struktur\u0101lo reakciju katr\u0101 sitien\u0101, nodro\u0161inot liel\u0101ku jaudu un dabisku saj\u016btu<\/li>\n<li data-start=\"1239\" data-end=\"1320\"><strong data-start=\"1239\" data-end=\"1261\">Jauns caurumu raksts:<\/strong> Palielina <strong data-start=\"1272\" data-end=\"1288\">sweet spot<\/strong> un optimiz\u0113 bumbi\u0146as izlido\u0161anu<\/li>\n<li data-start=\"1323\" data-end=\"1388\"><strong data-start=\"1323\" data-end=\"1341\">Jauna raupja virsma:<\/strong> Nodro\u0161ina papildu griezienu topspinam un grieztiem sitieniem<\/li>\n<li data-start=\"1391\" data-end=\"1461\"><strong data-start=\"1391\" data-end=\"1411\">Jauns 12k ogleklis:<\/strong> Liel\u0101ka stingr\u012bba, jauda un iztur\u012bba katr\u0101 sitien\u0101<\/li>\n<li data-start=\"1464\" data-end=\"1529\"><strong data-start=\"1464\" data-end=\"1479\">Power Foam:<\/strong> Lab\u0101kais l\u012bdzsvars starp jaudu, kontroli un komfortu<\/li>\n<li data-start=\"1532\" data-end=\"1608\"><strong data-start=\"1532\" data-end=\"1557\">Dimanta formas dizains:<\/strong> Rad\u012bts, lai maksim\u0101li palielin\u0101tu ener\u0123iju uzbrukuma sitienos<\/li>\n<li data-start=\"1611\" data-end=\"1676\"><strong data-start=\"1611\" data-end=\"1626\">Svars 350 g:<\/strong> Ide\u0101ls l\u012bdzsvars starp jaudu un manevr\u0113tsp\u0113ju<\/li>\n<li data-start=\"1679\" data-end=\"1742\"><strong data-start=\"1679\" data-end=\"1693\">Soft Cap+:<\/strong> Absorb\u0113 vibr\u0101cijas un uzlabo sp\u0113les komfortu<\/li>\n<\/ul>\n<h5 data-start=\"733\" data-end=\"861\">Specifik\u0101cijas<\/h5>\n<ul>\n<li data-start=\"39\" data-end=\"56\"><strong data-start=\"39\" data-end=\"49\">Z\u012bmols:<\/strong> Head<\/li>\n<li data-start=\"59\" data-end=\"85\"><strong data-start=\"59\" data-end=\"69\">Produkts:<\/strong> Padel raketes<\/li>\n<li data-start=\"88\" data-end=\"109\"><strong data-start=\"88\" data-end=\"101\">L\u012bdzsvars:<\/strong> Augsts<\/li>\n<li data-start=\"112\" data-end=\"138\"><strong data-start=\"112\" data-end=\"124\">Kodols:<\/strong> Putas (Foam)<\/li>\n<li data-start=\"141\" data-end=\"191\"><strong data-start=\"141\" data-end=\"159\">Virsmas materi\u0101ls:<\/strong> 12k oglek\u013ca \u0161\u0137iedra (Carbon Face)<\/li>\n<li data-start=\"194\" data-end=\"225\"><strong data-start=\"194\" data-end=\"206\">Form\u0101ts:<\/strong> Standarta form\u0101ts<\/li>\n<li data-start=\"228\" data-end=\"268\"><strong data-start=\"228\" data-end=\"242\">Sp\u0113les l\u012bmenis:<\/strong> Pieredz\u0113jis \/ Sacens\u012bbas<\/li>\n<li data-start=\"271\" data-end=\"313\"><strong data-start=\"271\" data-end=\"286\">Apdare:<\/strong> Rugosa (raupja apdare)<\/li>\n<li data-start=\"316\" data-end=\"340\"><strong data-start=\"316\" data-end=\"325\">Forma:<\/strong> Dimanta forma<\/li>\n<li data-start=\"343\" data-end=\"384\"><strong data-start=\"343\" data-end=\"358\">Virsmas tips:<\/strong> Rupja virsma (Rough Surface)<\/li>\n<\/ul>\n","protected":false},"excerpt":{"rendered":"<p>Head Extreme One 2025 Head Extreme One 2025 ir atjaunin\u0101ta versija, kas pied\u0101v\u0101 spr\u0101dzienb\u012bstam\u0101ku, prec\u012bz\u0101ku un modern\u0101ku sp\u0113les pieredzi. Saglab\u0101jot savu s\u0101kotn\u0113jo formu, kas ir iecien\u012bta starp pieredz\u0113ju\u0161iem un profesion\u0101liem sp\u0113l\u0113t\u0101jiem, \u0161\u012b rakete att\u012bst\u0101s ar piln\u012bgi jaunu dizainu, kas stiprina Extreme s\u0113rijas identit\u0101ti. T\u0101s agres\u012bv\u0101 est\u0113tika, augst\u0101k\u0101s klases materi\u0101li un uz veiktsp\u0113ju orient\u0113t\u0101 konstrukcija padara [&hellip;]<\/p>\n","protected":false},"featured_media":72415,"comment_status":"open","ping_status":"closed","template":"","meta":{"_eb_attr":""},"product_brand":[313],"product_cat":[314,251,331],"product_tag":[],"class_list":{"0":"post-66803","1":"product","2":"type-product","3":"status-publish","4":"has-post-thumbnail","6":"product_brand-head","7":"product_cat-head","8":"product_cat-padela-raketes","9":"product_cat-videjais-limenis","10":"pa_kaal-350g","11":"pa_kuju-dimants","12":"pa_mangustiil-uzbrukoss","13":"pa_tasakaal-augsa","14":"pa_tase-videjais-limenis","15":"pa_varv-melns","18":"first","19":"onbackorder","20":"sale","21":"taxable","22":"shipping-taxable","23":"purchasable","24":"product-type-simple"},"yoast_head":"<!-- This site is optimized with the Yoast SEO Premium plugin v27.1 (Yoast SEO v27.1.1) - https:\/\/yoast.com\/product\/yoast-seo-premium-wordpress\/ -->\n<title>Head Extreme One 2025 | Test Padelhaus<\/title>\n<meta name=\"description\" content=\"Mekl\u0113 jaunu padela raketi par labu cenu? Padelhaus pied\u0101v\u0101 lab\u0101ko padela rake\u00f0u izv\u0113li visiem l\u012bme\u0146iem \u2013 tava padela apr\u012bkojuma m\u0101jas.\" \/>\n<meta name=\"robots\" content=\"noindex, follow, max-snippet:-1, max-image-preview:large, max-video-preview:-1\" \/>\n<meta property=\"og:locale\" content=\"lv_LV\" \/>\n<meta property=\"og:type\" content=\"article\" \/>\n<meta property=\"og:title\" content=\"Head Extreme One 2025\" \/>\n<meta property=\"og:description\" content=\"Mekl\u0113 jaunu padela raketi par labu cenu? Padelhaus pied\u0101v\u0101 lab\u0101ko padela rake\u00f0u izv\u0113li visiem l\u012bme\u0146iem \u2013 tava padela apr\u012bkojuma m\u0101jas.\" \/>\n<meta property=\"og:url\" content=\"https:\/\/padelhaus.mustlammas-dev.in\/lv\/veikals\/head-extreme-one-2025\/\" \/>\n<meta property=\"og:site_name\" content=\"Test Padelhaus\" \/>\n<meta property=\"article:modified_time\" content=\"2026-03-05T15:06:51+00:00\" \/>\n<meta property=\"og:image\" content=\"https:\/\/padelhaus.lv\/wp-content\/uploads\/2025\/12\/65.webp\" \/>\n\t<meta property=\"og:image:width\" content=\"1000\" \/>\n\t<meta property=\"og:image:height\" content=\"1000\" \/>\n\t<meta property=\"og:image:type\" content=\"image\/webp\" \/>\n<meta name=\"twitter:card\" content=\"summary_large_image\" \/>\n<meta name=\"twitter:label1\" content=\"Price\" \/>\n\t<meta name=\"twitter:data1\" content=\"209,95&nbsp;&euro;\" \/>\n\t<meta name=\"twitter:label2\" content=\"Availability\" \/>\n\t<meta name=\"twitter:data2\" content=\"On backorder\" \/>\n<script type=\"application\/ld+json\" class=\"yoast-schema-graph\">{\"@context\":\"https:\/\/schema.org\",\"@graph\":[{\"@type\":[\"WebPage\",\"ItemPage\"],\"@id\":\"https:\/\/padelhaus.mustlammas-dev.in\/lv\/veikals\/head-extreme-one-2025\/\",\"url\":\"https:\/\/padelhaus.mustlammas-dev.in\/lv\/veikals\/head-extreme-one-2025\/\",\"name\":\"Head Extreme One 2025 | Test Padelhaus\",\"isPartOf\":{\"@id\":\"https:\/\/padelhaus.mustlammas-dev.in\/lv\/#website\"},\"primaryImageOfPage\":{\"@id\":\"https:\/\/padelhaus.mustlammas-dev.in\/lv\/veikals\/head-extreme-one-2025\/#primaryimage\"},\"image\":{\"@id\":\"https:\/\/padelhaus.mustlammas-dev.in\/lv\/veikals\/head-extreme-one-2025\/#primaryimage\"},\"thumbnailUrl\":\"https:\/\/padelhaus.mustlammas-dev.in\/wp-content\/uploads\/2025\/12\/65.webp\",\"datePublished\":\"2025-12-11T13:33:58+00:00\",\"dateModified\":\"2026-03-05T15:06:51+00:00\",\"description\":\"Mekl\u0113 jaunu padela raketi par labu cenu? Padelhaus pied\u0101v\u0101 lab\u0101ko padela rake\u00f0u izv\u0113li visiem l\u012bme\u0146iem \u2013 tava padela apr\u012bkojuma m\u0101jas.\",\"breadcrumb\":{\"@id\":\"https:\/\/padelhaus.mustlammas-dev.in\/lv\/veikals\/head-extreme-one-2025\/#breadcrumb\"},\"inLanguage\":\"lv-LV\",\"potentialAction\":[{\"@type\":\"ReadAction\",\"target\":[\"https:\/\/padelhaus.mustlammas-dev.in\/lv\/veikals\/head-extreme-one-2025\/\"]}]},{\"@type\":\"ImageObject\",\"inLanguage\":\"lv-LV\",\"@id\":\"https:\/\/padelhaus.mustlammas-dev.in\/lv\/veikals\/head-extreme-one-2025\/#primaryimage\",\"url\":\"https:\/\/padelhaus.mustlammas-dev.in\/wp-content\/uploads\/2025\/12\/65.webp\",\"contentUrl\":\"https:\/\/padelhaus.mustlammas-dev.in\/wp-content\/uploads\/2025\/12\/65.webp\",\"width\":1000,\"height\":1000},{\"@type\":\"BreadcrumbList\",\"@id\":\"https:\/\/padelhaus.mustlammas-dev.in\/lv\/veikals\/head-extreme-one-2025\/#breadcrumb\",\"itemListElement\":[{\"@type\":\"ListItem\",\"position\":1,\"name\":\"S\u0101kumlapa\",\"item\":\"https:\/\/padelhaus.lv\/\"},{\"@type\":\"ListItem\",\"position\":2,\"name\":\"Veikals\",\"item\":\"https:\/\/padelhaus.lv\/veikals\/\"},{\"@type\":\"ListItem\",\"position\":3,\"name\":\"Head Extreme One 2025\"}]},{\"@type\":\"WebSite\",\"@id\":\"https:\/\/padelhaus.mustlammas-dev.in\/lv\/#website\",\"url\":\"https:\/\/padelhaus.mustlammas-dev.in\/lv\/\",\"name\":\"Claude Padelhaus\",\"description\":\"Sinu padelivarustuse kodu\",\"publisher\":{\"@id\":\"https:\/\/padelhaus.mustlammas-dev.in\/lv\/#organization\"},\"potentialAction\":[{\"@type\":\"SearchAction\",\"target\":{\"@type\":\"EntryPoint\",\"urlTemplate\":\"https:\/\/padelhaus.mustlammas-dev.in\/lv\/?s={search_term_string}\"},\"query-input\":{\"@type\":\"PropertyValueSpecification\",\"valueRequired\":true,\"valueName\":\"search_term_string\"}}],\"inLanguage\":\"lv-LV\"},{\"@type\":\"Organization\",\"@id\":\"https:\/\/padelhaus.mustlammas-dev.in\/lv\/#organization\",\"name\":\"Claude Padelhaus\",\"url\":\"https:\/\/padelhaus.mustlammas-dev.in\/lv\/\",\"logo\":{\"@type\":\"ImageObject\",\"inLanguage\":\"lv-LV\",\"@id\":\"https:\/\/padelhaus.mustlammas-dev.in\/lv\/#\/schema\/logo\/image\/\",\"url\":\"https:\/\/padelhaus.mustlammas-dev.in\/wp-content\/uploads\/2025\/05\/Logo-1.png\",\"contentUrl\":\"https:\/\/padelhaus.mustlammas-dev.in\/wp-content\/uploads\/2025\/05\/Logo-1.png\",\"width\":280,\"height\":115,\"caption\":\"Claude Padelhaus\"},\"image\":{\"@id\":\"https:\/\/padelhaus.mustlammas-dev.in\/lv\/#\/schema\/logo\/image\/\"}}]}<\/script>\n<meta property=\"product:price:amount\" content=\"209.95\" \/>\n<meta property=\"product:price:currency\" content=\"EUR\" \/>\n<meta property=\"og:availability\" content=\"backorder\" \/>\n<meta property=\"product:availability\" content=\"available for order\" \/>\n<meta property=\"product:retailer_item_id\" content=\"HEA-R-30\" \/>\n<meta property=\"product:condition\" content=\"new\" \/>\n<!-- \/ Yoast SEO Premium plugin. -->","yoast_head_json":{"title":"Head Extreme One 2025 | Test Padelhaus","description":"Mekl\u0113 jaunu padela raketi par labu cenu? Padelhaus pied\u0101v\u0101 lab\u0101ko padela rake\u00f0u izv\u0113li visiem l\u012bme\u0146iem \u2013 tava padela apr\u012bkojuma m\u0101jas.","robots":{"index":"noindex","follow":"follow","max-snippet":"max-snippet:-1","max-image-preview":"max-image-preview:large","max-video-preview":"max-video-preview:-1"},"og_locale":"lv_LV","og_type":"article","og_title":"Head Extreme One 2025","og_description":"Mekl\u0113 jaunu padela raketi par labu cenu? Padelhaus pied\u0101v\u0101 lab\u0101ko padela rake\u00f0u izv\u0113li visiem l\u012bme\u0146iem \u2013 tava padela apr\u012bkojuma m\u0101jas.","og_url":"https:\/\/padelhaus.mustlammas-dev.in\/lv\/veikals\/head-extreme-one-2025\/","og_site_name":"Test Padelhaus","article_modified_time":"2026-03-05T15:06:51+00:00","og_image":[{"width":1000,"height":1000,"url":"https:\/\/padelhaus.lv\/wp-content\/uploads\/2025\/12\/65.webp","type":"image\/webp"}],"twitter_card":"summary_large_image","twitter_misc":{"Price":"209,95&nbsp;&euro;","Availability":"On backorder"},"schema":{"@context":"https:\/\/schema.org","@graph":[{"@type":["WebPage","ItemPage"],"@id":"https:\/\/padelhaus.mustlammas-dev.in\/lv\/veikals\/head-extreme-one-2025\/","url":"https:\/\/padelhaus.mustlammas-dev.in\/lv\/veikals\/head-extreme-one-2025\/","name":"Head Extreme One 2025 | Test Padelhaus","isPartOf":{"@id":"https:\/\/padelhaus.mustlammas-dev.in\/lv\/#website"},"primaryImageOfPage":{"@id":"https:\/\/padelhaus.mustlammas-dev.in\/lv\/veikals\/head-extreme-one-2025\/#primaryimage"},"image":{"@id":"https:\/\/padelhaus.mustlammas-dev.in\/lv\/veikals\/head-extreme-one-2025\/#primaryimage"},"thumbnailUrl":"https:\/\/padelhaus.mustlammas-dev.in\/wp-content\/uploads\/2025\/12\/65.webp","datePublished":"2025-12-11T13:33:58+00:00","dateModified":"2026-03-05T15:06:51+00:00","description":"Mekl\u0113 jaunu padela raketi par labu cenu? Padelhaus pied\u0101v\u0101 lab\u0101ko padela rake\u00f0u izv\u0113li visiem l\u012bme\u0146iem \u2013 tava padela apr\u012bkojuma m\u0101jas.","breadcrumb":{"@id":"https:\/\/padelhaus.mustlammas-dev.in\/lv\/veikals\/head-extreme-one-2025\/#breadcrumb"},"inLanguage":"lv-LV","potentialAction":[{"@type":"ReadAction","target":["https:\/\/padelhaus.mustlammas-dev.in\/lv\/veikals\/head-extreme-one-2025\/"]}]},{"@type":"ImageObject","inLanguage":"lv-LV","@id":"https:\/\/padelhaus.mustlammas-dev.in\/lv\/veikals\/head-extreme-one-2025\/#primaryimage","url":"https:\/\/padelhaus.mustlammas-dev.in\/wp-content\/uploads\/2025\/12\/65.webp","contentUrl":"https:\/\/padelhaus.mustlammas-dev.in\/wp-content\/uploads\/2025\/12\/65.webp","width":1000,"height":1000},{"@type":"BreadcrumbList","@id":"https:\/\/padelhaus.mustlammas-dev.in\/lv\/veikals\/head-extreme-one-2025\/#breadcrumb","itemListElement":[{"@type":"ListItem","position":1,"name":"S\u0101kumlapa","item":"https:\/\/padelhaus.lv\/"},{"@type":"ListItem","position":2,"name":"Veikals","item":"https:\/\/padelhaus.lv\/veikals\/"},{"@type":"ListItem","position":3,"name":"Head Extreme One 2025"}]},{"@type":"WebSite","@id":"https:\/\/padelhaus.mustlammas-dev.in\/lv\/#website","url":"https:\/\/padelhaus.mustlammas-dev.in\/lv\/","name":"Claude Padelhaus","description":"Sinu padelivarustuse kodu","publisher":{"@id":"https:\/\/padelhaus.mustlammas-dev.in\/lv\/#organization"},"potentialAction":[{"@type":"SearchAction","target":{"@type":"EntryPoint","urlTemplate":"https:\/\/padelhaus.mustlammas-dev.in\/lv\/?s={search_term_string}"},"query-input":{"@type":"PropertyValueSpecification","valueRequired":true,"valueName":"search_term_string"}}],"inLanguage":"lv-LV"},{"@type":"Organization","@id":"https:\/\/padelhaus.mustlammas-dev.in\/lv\/#organization","name":"Claude Padelhaus","url":"https:\/\/padelhaus.mustlammas-dev.in\/lv\/","logo":{"@type":"ImageObject","inLanguage":"lv-LV","@id":"https:\/\/padelhaus.mustlammas-dev.in\/lv\/#\/schema\/logo\/image\/","url":"https:\/\/padelhaus.mustlammas-dev.in\/wp-content\/uploads\/2025\/05\/Logo-1.png","contentUrl":"https:\/\/padelhaus.mustlammas-dev.in\/wp-content\/uploads\/2025\/05\/Logo-1.png","width":280,"height":115,"caption":"Claude Padelhaus"},"image":{"@id":"https:\/\/padelhaus.mustlammas-dev.in\/lv\/#\/schema\/logo\/image\/"}}]},"product_price_amount":"209.95","product_price_currency":"EUR","og_availability":"backorder","product_availability":"available for order","product_retailer_item_id":"HEA-R-30","product_condition":"new"},"_links":{"self":[{"href":"https:\/\/padelhaus.mustlammas-dev.in\/lv\/wp-json\/wp\/v2\/product\/66803","targetHints":{"allow":["GET"]}}],"collection":[{"href":"https:\/\/padelhaus.mustlammas-dev.in\/lv\/wp-json\/wp\/v2\/product"}],"about":[{"href":"https:\/\/padelhaus.mustlammas-dev.in\/lv\/wp-json\/wp\/v2\/types\/product"}],"replies":[{"embeddable":true,"href":"https:\/\/padelhaus.mustlammas-dev.in\/lv\/wp-json\/wp\/v2\/comments?post=66803"}],"wp:featuredmedia":[{"embeddable":true,"href":"https:\/\/padelhaus.mustlammas-dev.in\/lv\/wp-json\/wp\/v2\/media\/72415"}],"wp:attachment":[{"href":"https:\/\/padelhaus.mustlammas-dev.in\/lv\/wp-json\/wp\/v2\/media?parent=66803"}],"wp:term":[{"taxonomy":"product_brand","embeddable":true,"href":"https:\/\/padelhaus.mustlammas-dev.in\/lv\/wp-json\/wp\/v2\/product_brand?post=66803"},{"taxonomy":"product_cat","embeddable":true,"href":"https:\/\/padelhaus.mustlammas-dev.in\/lv\/wp-json\/wp\/v2\/product_cat?post=66803"},{"taxonomy":"product_tag","embeddable":true,"href":"https:\/\/padelhaus.mustlammas-dev.in\/lv\/wp-json\/wp\/v2\/product_tag?post=66803"}],"curies":[{"name":"wp","href":"https:\/\/api.w.org\/{rel}","templated":true}]}}