{"id":66900,"date":"2025-12-11T13:25:49","date_gmt":"2025-12-11T11:25:49","guid":{"rendered":"https:\/\/padelhaus.mustlammas-dev.in\/?post_type=product&#038;p=66900"},"modified":"2026-01-29T07:50:46","modified_gmt":"2026-01-29T05:50:46","slug":"adidas-metalbone-2026","status":"publish","type":"product","link":"https:\/\/padelhaus.mustlammas-dev.in\/lv\/veikals\/adidas-metalbone-2026\/","title":{"rendered":"Adidas Metalbone 2026"},"content":{"rendered":"<p data-start=\"81\" data-end=\"146\"><strong data-start=\"81\" data-end=\"146\">Adidas Metalbone 2026: <\/strong>Absol\u016bta jauda un piel\u0101gojama kontrole<\/p>\n<p data-start=\"148\" data-end=\"398\">Adidas Metalbone 2026, Ale Gal\u0101na ofici\u0101l\u0101 rakete, p\u0101rst\u0101v vismodern\u0101ko padel tehnolo\u0123ijas att\u012bst\u012bbu. Ar dimanta formu un augstu sitiena saldo punktu t\u0101 pied\u0101v\u0101 spr\u0101dzienb\u012bstamu jaudu, kas ir ide\u0101li piem\u0113rota uzbr\u016bko\u0161iem sp\u0113l\u0113t\u0101jiem, kuri v\u0113las domin\u0113t t\u012bkl\u0101. <\/p>\n<h5 data-start=\"400\" data-end=\"431\">Piel\u0101gojams svars un l\u012bdzsvars<\/h5>\n<p data-start=\"433\" data-end=\"673\">Raketes piel\u0101gojamais svars no 345 l\u012bdz 360 g (+\/- 11,2 g) \u013cauj to piel\u0101got jebkuram sp\u0113les stilam, pateicoties ekskluz\u012bvajai Weight &amp; Balance System sist\u0113mai, kuras no\u0146emamie svari maina l\u012bdzsvaru atbilsto\u0161i j\u016bsu v\u0113lm\u0113m.<\/p>\n<h5 data-start=\"675\" data-end=\"710\">Uzlaboti materi\u0101li un dizains<\/h5>\n<p data-start=\"712\" data-end=\"975\">Izgatavota no ar alum\u012bniju p\u0101rkl\u0101tas 16K oglek\u013ca \u0161\u0137iedras, t\u0101 nodro\u0161ina izcilu stingr\u012bbu, lielisku iztur\u012bbu un sp\u0113c\u012bgu sitiena saj\u016btu. Poliedriskais Low Poly dizains nodro\u0161ina stingr\u0101ku un stabil\u0101ku strukt\u016bru, palielinot katra sitiena jaudu, nezaud\u0113jot precizit\u0101ti. <\/p>\n<h5 data-start=\"977\" data-end=\"1027\">Profesion\u0101liem un uzbr\u016bko\u0161iem sp\u0113l\u0113t\u0101jiem<\/h5>\n<p data-start=\"1029\" data-end=\"1385\">Paredz\u0113ta pieredz\u0113ju\u0161iem un profesion\u0101liem sp\u0113l\u0113t\u0101jiem, Metalbone 2026 ir ide\u0101ls pavadonis tiem, kuri priorit\u0101ti pie\u0161\u0137ir uzbr\u016bko\u0161ai sp\u0113lei un kontrolei iz\u0161\u0137iro\u0161\u0101s situ\u0101cij\u0101s. T\u0101s augstais l\u012bdzsvars veicina sp\u0113c\u012bgus sitienus un iz\u0161\u0137iro\u0161us triecienus, savuk\u0101rt Eva Soft Performance gumija nodro\u0161ina perfektu bumbas izlido\u0161anu ar m\u012bkstu un \u0113rtu saj\u016btu. <\/p>\n<h5 data-start=\"1387\" data-end=\"1408\">Ekstr\u0113ma veiktsp\u0113ja<\/h5>\n<p data-start=\"1410\" data-end=\"1644\">Robust\u0101 konstrukcija un inovat\u012bv\u0101s tehnolo\u0123ijas padara \u0161o raketi par ekstr\u0113mu sp\u0113ku un \u0137irur\u0123isku precizit\u0101ti. T\u0101 ir gal\u012bg\u0101 izv\u0113le tiem, kuri v\u0113las pacelt savu sniegumu augst\u0101kaj\u0101 l\u012bmen\u012b, t\u0101pat k\u0101 profesion\u0101\u013ci. <\/p>\n<h5 data-start=\"1651\" data-end=\"1688\">Galven\u0101s \u012bpa\u0161\u012bbas un tehnolo\u0123ijas<\/h5>\n<ul>\n<li data-start=\"1692\" data-end=\"1806\"><strong data-start=\"1692\" data-end=\"1720\">Weight &amp; Balance System:<\/strong> Piel\u0101gojiet svaru un l\u012bdzsvaru l\u012bdz 11,2 g, lai ieg\u016btu papildu kontroli p\u0101r veiktsp\u0113ju.<\/li>\n<li data-start=\"1809\" data-end=\"1879\"><strong data-start=\"1809\" data-end=\"1835\">Aluminized Carbon 16K:<\/strong> Maksim\u0101la stingr\u012bba, iztur\u012bba un jauda.<\/li>\n<li data-start=\"1882\" data-end=\"1973\"><strong data-start=\"1882\" data-end=\"1899\">Power Groove:<\/strong> Struktur\u0101ls stiprin\u0101jums r\u0101mjos, kas uzlabo stabilit\u0101ti un iztur\u012bbu.<\/li>\n<li data-start=\"1976\" data-end=\"2071\"><strong data-start=\"1976\" data-end=\"1996\">Low Poly Design:<\/strong> Poliedrisk\u0101s strukt\u016bras dizains, kas nodro\u0161ina stingr\u012bbu un jaudu katr\u0101 sitien\u0101.<\/li>\n<li data-start=\"2074\" data-end=\"2175\"><strong data-start=\"2074\" data-end=\"2106\">Eva Soft Performance Rubber:<\/strong> M\u012bksts piesk\u0101riens un perfekta bumbas izlido\u0161ana, ko raksturo melns p\u0101rkl\u0101jums.<\/li>\n<li data-start=\"2178\" data-end=\"2262\"><strong data-start=\"2178\" data-end=\"2199\">Spin Blade Decal:<\/strong> Rupja tekst\u016bra, kas palielina grie\u0161anos, neupur\u0113jot komfortu.<\/li>\n<li data-start=\"2265\" data-end=\"2343\"><strong data-start=\"2265\" data-end=\"2281\">Teemantkuju:<\/strong> L\u012bdzsvars starp jaudu, precizit\u0101ti un \u0101trumu uzbr\u016bko\u0161os sitienos.<\/li>\n<\/ul>\n<h5 data-start=\"733\" data-end=\"861\">Specifik\u0101cijas<\/h5>\n<ul>\n<li data-start=\"39\" data-end=\"58\"><strong data-start=\"39\" data-end=\"49\">Z\u012bmols:<\/strong> Adidas<\/li>\n<li data-start=\"61\" data-end=\"77\"><strong data-start=\"61\" data-end=\"70\">Kr\u0101sa:<\/strong> Melns<\/li>\n<li data-start=\"80\" data-end=\"106\"><strong data-start=\"80\" data-end=\"90\">Produkts:<\/strong> Padel raketes<\/li>\n<li data-start=\"109\" data-end=\"130\"><strong data-start=\"109\" data-end=\"122\">L\u012bdzsvars:<\/strong> Augsts<\/li>\n<li data-start=\"133\" data-end=\"168\"><strong data-start=\"133\" data-end=\"145\">Serde:<\/strong> EVA Soft Performance<\/li>\n<li data-start=\"171\" data-end=\"221\"><strong data-start=\"171\" data-end=\"189\">Virsmas materi\u0101ls:<\/strong> 16k oglek\u013ca \u0161\u0137iedra (Carbon Face)<\/li>\n<li data-start=\"224\" data-end=\"255\"><strong data-start=\"224\" data-end=\"236\">Form\u0101ts:<\/strong> Standarta form\u0101ts<\/li>\n<li data-start=\"258\" data-end=\"290\"><strong data-start=\"258\" data-end=\"272\">Sp\u0113les l\u012bmenis:<\/strong> Profesion\u0101ls<\/li>\n<li data-start=\"293\" data-end=\"317\"><strong data-start=\"293\" data-end=\"308\">Apdare:<\/strong> Sp\u012bd\u012bga<\/li>\n<li data-start=\"320\" data-end=\"344\"><strong data-start=\"320\" data-end=\"329\">Forma:<\/strong> Dimanta forma<\/li>\n<li data-start=\"347\" data-end=\"390\"><strong data-start=\"347\" data-end=\"362\">Virsmas tips:<\/strong> Rupja virsma (Rough Surface)<\/li>\n<li data-start=\"393\" data-end=\"415\"><strong data-start=\"393\" data-end=\"407\">Sp\u0113les veids:<\/strong> Power<\/li>\n<li data-start=\"418\" data-end=\"469\"><strong data-start=\"418\" data-end=\"430\">Kolekcija:<\/strong> Alejandro Gal\u0101na sp\u0113l\u0113t\u0101ju kolekcija<\/li>\n<\/ul>\n","protected":false},"excerpt":{"rendered":"<p>Adidas Metalbone 2026: Absol\u016bta jauda un piel\u0101gojama kontrole Adidas Metalbone 2026, Ale Gal\u0101na ofici\u0101l\u0101 rakete, p\u0101rst\u0101v vismodern\u0101ko padel tehnolo\u0123ijas att\u012bst\u012bbu. Ar dimanta formu un augstu sitiena saldo punktu t\u0101 pied\u0101v\u0101 spr\u0101dzienb\u012bstamu jaudu, kas ir ide\u0101li piem\u0113rota uzbr\u016bko\u0161iem sp\u0113l\u0113t\u0101jiem, kuri v\u0113las domin\u0113t t\u012bkl\u0101. Piel\u0101gojams svars un l\u012bdzsvars Raketes piel\u0101gojamais svars no 345 l\u012bdz 360 g (+\/- [&hellip;]<\/p>\n","protected":false},"featured_media":69054,"comment_status":"open","ping_status":"closed","template":"","meta":{"_eb_attr":""},"product_brand":[380],"product_cat":[396,251,283],"product_tag":[],"class_list":{"0":"post-66900","1":"product","2":"type-product","3":"status-publish","4":"has-post-thumbnail","6":"product_brand-adidas","7":"product_cat-adidas","8":"product_cat-padela-raketes","9":"product_cat-pieredzejusi","10":"pa_kaal-350-360g","11":"pa_kuju-teemant","12":"pa_mangustiil-rundav","13":"pa_tasakaal-uleval","14":"pa_tase-edasijoudnud","15":"pa_varv-must","18":"first","19":"onbackorder","20":"sale","21":"taxable","22":"shipping-taxable","23":"purchasable","24":"product-type-simple"},"yoast_head":"<!-- This site is optimized with the Yoast SEO Premium plugin v27.1 (Yoast SEO v27.1.1) - https:\/\/yoast.com\/product\/yoast-seo-premium-wordpress\/ -->\n<title>Adidas Metalbone 2026 | Test Padelhaus<\/title>\n<meta name=\"description\" content=\"Mekl\u0113 jaunu padela raketi par labu cenu? Padelhaus pied\u0101v\u0101 lab\u0101ko padela rake\u00f0u izv\u0113li visiem l\u012bme\u0146iem \u2013 tava padela apr\u012bkojuma m\u0101jas.\" \/>\n<meta name=\"robots\" content=\"noindex, follow, max-snippet:-1, max-image-preview:large, max-video-preview:-1\" \/>\n<meta property=\"og:locale\" content=\"lv_LV\" \/>\n<meta property=\"og:type\" content=\"article\" \/>\n<meta property=\"og:title\" content=\"Adidas Metalbone 2026\" \/>\n<meta property=\"og:description\" content=\"Mekl\u0113 jaunu padela raketi par labu cenu? Padelhaus pied\u0101v\u0101 lab\u0101ko padela rake\u00f0u izv\u0113li visiem l\u012bme\u0146iem \u2013 tava padela apr\u012bkojuma m\u0101jas.\" \/>\n<meta property=\"og:url\" content=\"https:\/\/padelhaus.mustlammas-dev.in\/lv\/veikals\/adidas-metalbone-2026\/\" \/>\n<meta property=\"og:site_name\" content=\"Test Padelhaus\" \/>\n<meta property=\"article:modified_time\" content=\"2026-01-29T05:50:46+00:00\" \/>\n<meta property=\"og:image\" content=\"https:\/\/padelhaus.lv\/wp-content\/uploads\/2025\/12\/13.webp\" \/>\n\t<meta property=\"og:image:width\" content=\"1000\" \/>\n\t<meta property=\"og:image:height\" content=\"1000\" \/>\n\t<meta property=\"og:image:type\" content=\"image\/webp\" \/>\n<meta name=\"twitter:card\" content=\"summary_large_image\" \/>\n<meta name=\"twitter:label1\" content=\"Price\" \/>\n\t<meta name=\"twitter:data1\" content=\"299,95&nbsp;&euro;\" \/>\n\t<meta name=\"twitter:label2\" content=\"Availability\" \/>\n\t<meta name=\"twitter:data2\" content=\"On backorder\" \/>\n<script type=\"application\/ld+json\" class=\"yoast-schema-graph\">{\"@context\":\"https:\/\/schema.org\",\"@graph\":[{\"@type\":[\"WebPage\",\"ItemPage\"],\"@id\":\"https:\/\/padelhaus.mustlammas-dev.in\/lv\/veikals\/adidas-metalbone-2026\/\",\"url\":\"https:\/\/padelhaus.mustlammas-dev.in\/lv\/veikals\/adidas-metalbone-2026\/\",\"name\":\"Adidas Metalbone 2026 | Test Padelhaus\",\"isPartOf\":{\"@id\":\"https:\/\/padelhaus.mustlammas-dev.in\/lv\/#website\"},\"primaryImageOfPage\":{\"@id\":\"https:\/\/padelhaus.mustlammas-dev.in\/lv\/veikals\/adidas-metalbone-2026\/#primaryimage\"},\"image\":{\"@id\":\"https:\/\/padelhaus.mustlammas-dev.in\/lv\/veikals\/adidas-metalbone-2026\/#primaryimage\"},\"thumbnailUrl\":\"https:\/\/padelhaus.mustlammas-dev.in\/wp-content\/uploads\/2025\/12\/13.webp\",\"datePublished\":\"2025-12-11T11:25:49+00:00\",\"dateModified\":\"2026-01-29T05:50:46+00:00\",\"description\":\"Mekl\u0113 jaunu padela raketi par labu cenu? Padelhaus pied\u0101v\u0101 lab\u0101ko padela rake\u00f0u izv\u0113li visiem l\u012bme\u0146iem \u2013 tava padela apr\u012bkojuma m\u0101jas.\",\"breadcrumb\":{\"@id\":\"https:\/\/padelhaus.mustlammas-dev.in\/lv\/veikals\/adidas-metalbone-2026\/#breadcrumb\"},\"inLanguage\":\"lv-LV\",\"potentialAction\":[{\"@type\":\"ReadAction\",\"target\":[\"https:\/\/padelhaus.mustlammas-dev.in\/lv\/veikals\/adidas-metalbone-2026\/\"]}]},{\"@type\":\"ImageObject\",\"inLanguage\":\"lv-LV\",\"@id\":\"https:\/\/padelhaus.mustlammas-dev.in\/lv\/veikals\/adidas-metalbone-2026\/#primaryimage\",\"url\":\"https:\/\/padelhaus.mustlammas-dev.in\/wp-content\/uploads\/2025\/12\/13.webp\",\"contentUrl\":\"https:\/\/padelhaus.mustlammas-dev.in\/wp-content\/uploads\/2025\/12\/13.webp\",\"width\":1000,\"height\":1000},{\"@type\":\"BreadcrumbList\",\"@id\":\"https:\/\/padelhaus.mustlammas-dev.in\/lv\/veikals\/adidas-metalbone-2026\/#breadcrumb\",\"itemListElement\":[{\"@type\":\"ListItem\",\"position\":1,\"name\":\"S\u0101kumlapa\",\"item\":\"https:\/\/padelhaus.lv\/\"},{\"@type\":\"ListItem\",\"position\":2,\"name\":\"Veikals\",\"item\":\"https:\/\/padelhaus.lv\/veikals\/\"},{\"@type\":\"ListItem\",\"position\":3,\"name\":\"Adidas Metalbone 2026\"}]},{\"@type\":\"WebSite\",\"@id\":\"https:\/\/padelhaus.mustlammas-dev.in\/lv\/#website\",\"url\":\"https:\/\/padelhaus.mustlammas-dev.in\/lv\/\",\"name\":\"Claude Padelhaus\",\"description\":\"Sinu padelivarustuse kodu\",\"publisher\":{\"@id\":\"https:\/\/padelhaus.mustlammas-dev.in\/lv\/#organization\"},\"potentialAction\":[{\"@type\":\"SearchAction\",\"target\":{\"@type\":\"EntryPoint\",\"urlTemplate\":\"https:\/\/padelhaus.mustlammas-dev.in\/lv\/?s={search_term_string}\"},\"query-input\":{\"@type\":\"PropertyValueSpecification\",\"valueRequired\":true,\"valueName\":\"search_term_string\"}}],\"inLanguage\":\"lv-LV\"},{\"@type\":\"Organization\",\"@id\":\"https:\/\/padelhaus.mustlammas-dev.in\/lv\/#organization\",\"name\":\"Claude Padelhaus\",\"url\":\"https:\/\/padelhaus.mustlammas-dev.in\/lv\/\",\"logo\":{\"@type\":\"ImageObject\",\"inLanguage\":\"lv-LV\",\"@id\":\"https:\/\/padelhaus.mustlammas-dev.in\/lv\/#\/schema\/logo\/image\/\",\"url\":\"https:\/\/padelhaus.mustlammas-dev.in\/wp-content\/uploads\/2025\/05\/Logo-1.png\",\"contentUrl\":\"https:\/\/padelhaus.mustlammas-dev.in\/wp-content\/uploads\/2025\/05\/Logo-1.png\",\"width\":280,\"height\":115,\"caption\":\"Claude Padelhaus\"},\"image\":{\"@id\":\"https:\/\/padelhaus.mustlammas-dev.in\/lv\/#\/schema\/logo\/image\/\"}}]}<\/script>\n<meta property=\"product:price:amount\" content=\"299.95\" \/>\n<meta property=\"product:price:currency\" content=\"EUR\" \/>\n<meta property=\"og:availability\" content=\"backorder\" \/>\n<meta property=\"product:availability\" content=\"available for order\" \/>\n<meta property=\"product:retailer_item_id\" content=\"ADI-R-28\" \/>\n<meta property=\"product:condition\" content=\"new\" \/>\n<!-- \/ Yoast SEO Premium plugin. -->","yoast_head_json":{"title":"Adidas Metalbone 2026 | Test Padelhaus","description":"Mekl\u0113 jaunu padela raketi par labu cenu? Padelhaus pied\u0101v\u0101 lab\u0101ko padela rake\u00f0u izv\u0113li visiem l\u012bme\u0146iem \u2013 tava padela apr\u012bkojuma m\u0101jas.","robots":{"index":"noindex","follow":"follow","max-snippet":"max-snippet:-1","max-image-preview":"max-image-preview:large","max-video-preview":"max-video-preview:-1"},"og_locale":"lv_LV","og_type":"article","og_title":"Adidas Metalbone 2026","og_description":"Mekl\u0113 jaunu padela raketi par labu cenu? Padelhaus pied\u0101v\u0101 lab\u0101ko padela rake\u00f0u izv\u0113li visiem l\u012bme\u0146iem \u2013 tava padela apr\u012bkojuma m\u0101jas.","og_url":"https:\/\/padelhaus.mustlammas-dev.in\/lv\/veikals\/adidas-metalbone-2026\/","og_site_name":"Test Padelhaus","article_modified_time":"2026-01-29T05:50:46+00:00","og_image":[{"width":1000,"height":1000,"url":"https:\/\/padelhaus.lv\/wp-content\/uploads\/2025\/12\/13.webp","type":"image\/webp"}],"twitter_card":"summary_large_image","twitter_misc":{"Price":"299,95&nbsp;&euro;","Availability":"On backorder"},"schema":{"@context":"https:\/\/schema.org","@graph":[{"@type":["WebPage","ItemPage"],"@id":"https:\/\/padelhaus.mustlammas-dev.in\/lv\/veikals\/adidas-metalbone-2026\/","url":"https:\/\/padelhaus.mustlammas-dev.in\/lv\/veikals\/adidas-metalbone-2026\/","name":"Adidas Metalbone 2026 | Test Padelhaus","isPartOf":{"@id":"https:\/\/padelhaus.mustlammas-dev.in\/lv\/#website"},"primaryImageOfPage":{"@id":"https:\/\/padelhaus.mustlammas-dev.in\/lv\/veikals\/adidas-metalbone-2026\/#primaryimage"},"image":{"@id":"https:\/\/padelhaus.mustlammas-dev.in\/lv\/veikals\/adidas-metalbone-2026\/#primaryimage"},"thumbnailUrl":"https:\/\/padelhaus.mustlammas-dev.in\/wp-content\/uploads\/2025\/12\/13.webp","datePublished":"2025-12-11T11:25:49+00:00","dateModified":"2026-01-29T05:50:46+00:00","description":"Mekl\u0113 jaunu padela raketi par labu cenu? Padelhaus pied\u0101v\u0101 lab\u0101ko padela rake\u00f0u izv\u0113li visiem l\u012bme\u0146iem \u2013 tava padela apr\u012bkojuma m\u0101jas.","breadcrumb":{"@id":"https:\/\/padelhaus.mustlammas-dev.in\/lv\/veikals\/adidas-metalbone-2026\/#breadcrumb"},"inLanguage":"lv-LV","potentialAction":[{"@type":"ReadAction","target":["https:\/\/padelhaus.mustlammas-dev.in\/lv\/veikals\/adidas-metalbone-2026\/"]}]},{"@type":"ImageObject","inLanguage":"lv-LV","@id":"https:\/\/padelhaus.mustlammas-dev.in\/lv\/veikals\/adidas-metalbone-2026\/#primaryimage","url":"https:\/\/padelhaus.mustlammas-dev.in\/wp-content\/uploads\/2025\/12\/13.webp","contentUrl":"https:\/\/padelhaus.mustlammas-dev.in\/wp-content\/uploads\/2025\/12\/13.webp","width":1000,"height":1000},{"@type":"BreadcrumbList","@id":"https:\/\/padelhaus.mustlammas-dev.in\/lv\/veikals\/adidas-metalbone-2026\/#breadcrumb","itemListElement":[{"@type":"ListItem","position":1,"name":"S\u0101kumlapa","item":"https:\/\/padelhaus.lv\/"},{"@type":"ListItem","position":2,"name":"Veikals","item":"https:\/\/padelhaus.lv\/veikals\/"},{"@type":"ListItem","position":3,"name":"Adidas Metalbone 2026"}]},{"@type":"WebSite","@id":"https:\/\/padelhaus.mustlammas-dev.in\/lv\/#website","url":"https:\/\/padelhaus.mustlammas-dev.in\/lv\/","name":"Claude Padelhaus","description":"Sinu padelivarustuse kodu","publisher":{"@id":"https:\/\/padelhaus.mustlammas-dev.in\/lv\/#organization"},"potentialAction":[{"@type":"SearchAction","target":{"@type":"EntryPoint","urlTemplate":"https:\/\/padelhaus.mustlammas-dev.in\/lv\/?s={search_term_string}"},"query-input":{"@type":"PropertyValueSpecification","valueRequired":true,"valueName":"search_term_string"}}],"inLanguage":"lv-LV"},{"@type":"Organization","@id":"https:\/\/padelhaus.mustlammas-dev.in\/lv\/#organization","name":"Claude Padelhaus","url":"https:\/\/padelhaus.mustlammas-dev.in\/lv\/","logo":{"@type":"ImageObject","inLanguage":"lv-LV","@id":"https:\/\/padelhaus.mustlammas-dev.in\/lv\/#\/schema\/logo\/image\/","url":"https:\/\/padelhaus.mustlammas-dev.in\/wp-content\/uploads\/2025\/05\/Logo-1.png","contentUrl":"https:\/\/padelhaus.mustlammas-dev.in\/wp-content\/uploads\/2025\/05\/Logo-1.png","width":280,"height":115,"caption":"Claude Padelhaus"},"image":{"@id":"https:\/\/padelhaus.mustlammas-dev.in\/lv\/#\/schema\/logo\/image\/"}}]},"product_price_amount":"299.95","product_price_currency":"EUR","og_availability":"backorder","product_availability":"available for order","product_retailer_item_id":"ADI-R-28","product_condition":"new"},"_links":{"self":[{"href":"https:\/\/padelhaus.mustlammas-dev.in\/lv\/wp-json\/wp\/v2\/product\/66900","targetHints":{"allow":["GET"]}}],"collection":[{"href":"https:\/\/padelhaus.mustlammas-dev.in\/lv\/wp-json\/wp\/v2\/product"}],"about":[{"href":"https:\/\/padelhaus.mustlammas-dev.in\/lv\/wp-json\/wp\/v2\/types\/product"}],"replies":[{"embeddable":true,"href":"https:\/\/padelhaus.mustlammas-dev.in\/lv\/wp-json\/wp\/v2\/comments?post=66900"}],"wp:featuredmedia":[{"embeddable":true,"href":"https:\/\/padelhaus.mustlammas-dev.in\/lv\/wp-json\/wp\/v2\/media\/69054"}],"wp:attachment":[{"href":"https:\/\/padelhaus.mustlammas-dev.in\/lv\/wp-json\/wp\/v2\/media?parent=66900"}],"wp:term":[{"taxonomy":"product_brand","embeddable":true,"href":"https:\/\/padelhaus.mustlammas-dev.in\/lv\/wp-json\/wp\/v2\/product_brand?post=66900"},{"taxonomy":"product_cat","embeddable":true,"href":"https:\/\/padelhaus.mustlammas-dev.in\/lv\/wp-json\/wp\/v2\/product_cat?post=66900"},{"taxonomy":"product_tag","embeddable":true,"href":"https:\/\/padelhaus.mustlammas-dev.in\/lv\/wp-json\/wp\/v2\/product_tag?post=66900"}],"curies":[{"name":"wp","href":"https:\/\/api.w.org\/{rel}","templated":true}]}}