{"id":67075,"date":"2025-12-11T15:09:59","date_gmt":"2025-12-11T13:09:59","guid":{"rendered":"https:\/\/padelhaus.mustlammas-dev.in\/?post_type=product&#038;p=67075"},"modified":"2026-02-06T15:52:28","modified_gmt":"2026-02-06T13:52:28","slug":"babolat-viper-juan-lebron-3-0","status":"publish","type":"product","link":"https:\/\/padelhaus.mustlammas-dev.in\/lv\/veikals\/babolat-viper-juan-lebron-3-0\/","title":{"rendered":"Babolat Viper Juan Lebr\u00f3n 3.0"},"content":{"rendered":"<p data-start=\"96\" data-end=\"129\"><strong data-start=\"96\" data-end=\"129\">Babolat Viper Juan Lebr\u00f3n 3.0<\/strong><\/p>\n<p data-start=\"131\" data-end=\"454\">Babolat Viper Juan Lebr\u00f3n 3.0 Red ir rakete, kas rad\u012bta profesion\u0101la l\u012bme\u0146a sp\u0113l\u0113t\u0101jiem, kuri v\u0113las domin\u0113t katr\u0101 punkt\u0101 ar agresivit\u0101ti un kontroli. Modelis, kas izstr\u0101d\u0101ts, iedvesmojoties un sadarbojoties ar pasaules \u010dempionu Huanu Lebronu, apvieno sp\u0113ku, precizit\u0101ti un stilu, nodro\u0161inot elites sniegumu vispras\u012bg\u0101kaj\u0101s rok\u0101s. <\/p>\n<h5 data-start=\"456\" data-end=\"483\"><strong data-start=\"456\" data-end=\"483\">Dizains un veiktsp\u0113ja<\/strong><\/h5>\n<p data-start=\"485\" data-end=\"777\">T\u0101s kardio\u012bda forma nodro\u0161ina perfektu l\u012bdzsvaru starp jaudu un manevr\u0113tsp\u0113ju, \u013caujot veikt maksim\u0101li \u0101trus sitienus, nezaud\u0113jot stabilit\u0101ti vai precizit\u0101ti. T\u0101s satrieco\u0161ais tum\u0161i zilais dizains atspogu\u013co vienu no pasaules lab\u0101kajiem sp\u0113l\u0113t\u0101jiem, vi\u0146a ener\u0123iju un konkur\u0113tsp\u0113j\u012bgo raksturu. <\/p>\n<h5 data-start=\"779\" data-end=\"842\">Augstas veiktsp\u0113jas in\u017eenierija profesion\u0101lai sp\u0113lei<\/h5>\n<p data-start=\"844\" data-end=\"1196\">Izgatavota no Babolat vismodern\u0101kajiem materi\u0101liem, Viper Juan Lebr\u00f3n 3.0 izce\u013cas ar savu stingr\u012bbu, stabilit\u0101ti un spr\u0101dzienb\u012bstamu bumbas izlido\u0161anu. 3K oglek\u013ca \u0161\u0137iedras virsma nodro\u0161ina nep\u0101rsp\u0113jamu jaudu un t\u016bl\u012bt\u0113ju reakciju, savuk\u0101rt inovat\u012bv\u0101 Dynamic Stability System stiprina raketes sirdi, lai pan\u0101ktu stabil\u0101ku, jaud\u012bg\u0101ku un prec\u012bz\u0101ku sitienu. <\/p>\n<ul>\n<li data-start=\"1198\" data-end=\"1264\">Svars aptuveni 370 grami<\/li>\n<li data-start=\"1198\" data-end=\"1264\">Balanss 270 mm<\/li>\n<li data-start=\"1198\" data-end=\"1264\">Biezums 38 mm<\/li>\n<\/ul>\n<p data-start=\"1266\" data-end=\"1446\">\u0160\u012b rakete ir piem\u0113rota pieredz\u0113ju\u0161iem sp\u0113l\u0113t\u0101jiem, kuri mekl\u0113 piln\u012bgu kontroli katr\u0101 kust\u012bb\u0101. <strong data-start=\"1352\" data-end=\"1374\">Syntec Pro rokturis<\/strong> nodro\u0161ina dro\u0161u un \u0113rtu satv\u0113rienu pat visintens\u012bv\u0101kajos punktos.<\/p>\n<h5 data-start=\"733\" data-end=\"861\">Specifik\u0101cijas<\/h5>\n<ul>\n<li data-start=\"39\" data-end=\"59\"><strong data-start=\"39\" data-end=\"49\">Z\u012bmols:<\/strong> Babolat<\/li>\n<li data-start=\"62\" data-end=\"88\"><strong data-start=\"62\" data-end=\"72\">Produkts:<\/strong> Padel raketes<\/li>\n<li data-start=\"91\" data-end=\"115\"><strong data-start=\"91\" data-end=\"104\">L\u012bdzsvars:<\/strong> Vid\u0113js<\/li>\n<li data-start=\"118\" data-end=\"167\"><strong data-start=\"118\" data-end=\"136\">Virsmas materi\u0101ls:<\/strong> 3k oglek\u013ca \u0161\u0137iedra (Carbon Face)<\/li>\n<li data-start=\"170\" data-end=\"201\"><strong data-start=\"170\" data-end=\"182\">Form\u0101ts:<\/strong> Standarta form\u0101ts<\/li>\n<li data-start=\"204\" data-end=\"236\"><strong data-start=\"204\" data-end=\"218\">Sp\u0113les l\u012bmenis:<\/strong> Profesion\u0101ls<\/li>\n<li data-start=\"239\" data-end=\"264\"><strong data-start=\"239\" data-end=\"254\">Apdare:<\/strong> 3D Spin<\/li>\n<li data-start=\"267\" data-end=\"299\"><strong data-start=\"267\" data-end=\"276\">Forma:<\/strong> Asaras forma (Teardrop)<\/li>\n<li data-start=\"302\" data-end=\"345\"><strong data-start=\"302\" data-end=\"317\">Virsmas tips:<\/strong> Rupja virsma (Rough Surface)<\/li>\n<li data-start=\"348\" data-end=\"368\"><strong data-start=\"348\" data-end=\"362\">Sp\u0113les veids:<\/strong> Power<\/li>\n<\/ul>\n","protected":false},"excerpt":{"rendered":"<p>Babolat Viper Juan Lebr\u00f3n 3.0 Babolat Viper Juan Lebr\u00f3n 3.0 Red ir rakete, kas rad\u012bta profesion\u0101la l\u012bme\u0146a sp\u0113l\u0113t\u0101jiem, kuri v\u0113las domin\u0113t katr\u0101 punkt\u0101 ar agresivit\u0101ti un kontroli. Modelis, kas izstr\u0101d\u0101ts, iedvesmojoties un sadarbojoties ar pasaules \u010dempionu Huanu Lebronu, apvieno sp\u0113ku, precizit\u0101ti un stilu, nodro\u0161inot elites sniegumu vispras\u012bg\u0101kaj\u0101s rok\u0101s. Dizains un veiktsp\u0113ja T\u0101s kardio\u012bda forma nodro\u0161ina [&hellip;]<\/p>\n","protected":false},"featured_media":70167,"comment_status":"open","ping_status":"closed","template":"","meta":{"_eb_attr":""},"product_brand":[377],"product_cat":[388,251,283],"product_tag":[],"class_list":{"0":"post-67075","1":"product","2":"type-product","3":"status-publish","4":"has-post-thumbnail","6":"product_brand-babolat","7":"product_cat-babolat","8":"product_cat-padela-raketes","9":"product_cat-pieredzejusi","10":"pa_kaal-370g","11":"pa_kuju-dimants","12":"pa_mangustiil-uzbrukoss","13":"pa_tasakaal-centra","14":"pa_tase-pieredzejusi","15":"pa_varv-oranzs","18":"first","19":"instock","20":"sale","21":"taxable","22":"shipping-taxable","23":"purchasable","24":"product-type-simple"},"yoast_head":"<!-- This site is optimized with the Yoast SEO Premium plugin v27.1 (Yoast SEO v27.1.1) - https:\/\/yoast.com\/product\/yoast-seo-premium-wordpress\/ -->\n<title>Babolat Viper Juan Lebr\u00f3n 3.0 | Test Padelhaus<\/title>\n<meta name=\"description\" content=\"Mekl\u0113 jaunu padela raketi par labu cenu? Padelhaus pied\u0101v\u0101 lab\u0101ko padela rake\u00f0u izv\u0113li visiem l\u012bme\u0146iem \u2013 tava padela apr\u012bkojuma m\u0101jas.\" \/>\n<meta name=\"robots\" content=\"noindex, follow, max-snippet:-1, max-image-preview:large, max-video-preview:-1\" \/>\n<meta property=\"og:locale\" content=\"lv_LV\" \/>\n<meta property=\"og:type\" content=\"article\" \/>\n<meta property=\"og:title\" content=\"Babolat Viper Juan Lebr\u00f3n 3.0\" \/>\n<meta property=\"og:description\" content=\"Mekl\u0113 jaunu padela raketi par labu cenu? Padelhaus pied\u0101v\u0101 lab\u0101ko padela rake\u00f0u izv\u0113li visiem l\u012bme\u0146iem \u2013 tava padela apr\u012bkojuma m\u0101jas.\" \/>\n<meta property=\"og:url\" content=\"https:\/\/padelhaus.mustlammas-dev.in\/lv\/veikals\/babolat-viper-juan-lebron-3-0\/\" \/>\n<meta property=\"og:site_name\" content=\"Test Padelhaus\" \/>\n<meta property=\"article:modified_time\" content=\"2026-02-06T13:52:28+00:00\" \/>\n<meta property=\"og:image\" content=\"https:\/\/padelhaus.lv\/wp-content\/uploads\/2025\/12\/53.webp\" \/>\n\t<meta property=\"og:image:width\" content=\"1000\" \/>\n\t<meta property=\"og:image:height\" content=\"1000\" \/>\n\t<meta property=\"og:image:type\" content=\"image\/webp\" \/>\n<meta name=\"twitter:card\" content=\"summary_large_image\" \/>\n<meta name=\"twitter:label1\" content=\"Price\" \/>\n\t<meta name=\"twitter:data1\" content=\"309,95&nbsp;&euro;\" \/>\n\t<meta name=\"twitter:label2\" content=\"Availability\" \/>\n\t<meta name=\"twitter:data2\" content=\"In stock\" \/>\n<script type=\"application\/ld+json\" class=\"yoast-schema-graph\">{\"@context\":\"https:\/\/schema.org\",\"@graph\":[{\"@type\":[\"WebPage\",\"ItemPage\"],\"@id\":\"https:\/\/padelhaus.mustlammas-dev.in\/lv\/veikals\/babolat-viper-juan-lebron-3-0\/\",\"url\":\"https:\/\/padelhaus.mustlammas-dev.in\/lv\/veikals\/babolat-viper-juan-lebron-3-0\/\",\"name\":\"Babolat Viper Juan Lebr\u00f3n 3.0 | Test Padelhaus\",\"isPartOf\":{\"@id\":\"https:\/\/padelhaus.mustlammas-dev.in\/lv\/#website\"},\"primaryImageOfPage\":{\"@id\":\"https:\/\/padelhaus.mustlammas-dev.in\/lv\/veikals\/babolat-viper-juan-lebron-3-0\/#primaryimage\"},\"image\":{\"@id\":\"https:\/\/padelhaus.mustlammas-dev.in\/lv\/veikals\/babolat-viper-juan-lebron-3-0\/#primaryimage\"},\"thumbnailUrl\":\"https:\/\/padelhaus.mustlammas-dev.in\/wp-content\/uploads\/2025\/12\/53.webp\",\"datePublished\":\"2025-12-11T13:09:59+00:00\",\"dateModified\":\"2026-02-06T13:52:28+00:00\",\"description\":\"Mekl\u0113 jaunu padela raketi par labu cenu? Padelhaus pied\u0101v\u0101 lab\u0101ko padela rake\u00f0u izv\u0113li visiem l\u012bme\u0146iem \u2013 tava padela apr\u012bkojuma m\u0101jas.\",\"breadcrumb\":{\"@id\":\"https:\/\/padelhaus.mustlammas-dev.in\/lv\/veikals\/babolat-viper-juan-lebron-3-0\/#breadcrumb\"},\"inLanguage\":\"lv-LV\",\"potentialAction\":[{\"@type\":\"ReadAction\",\"target\":[\"https:\/\/padelhaus.mustlammas-dev.in\/lv\/veikals\/babolat-viper-juan-lebron-3-0\/\"]}]},{\"@type\":\"ImageObject\",\"inLanguage\":\"lv-LV\",\"@id\":\"https:\/\/padelhaus.mustlammas-dev.in\/lv\/veikals\/babolat-viper-juan-lebron-3-0\/#primaryimage\",\"url\":\"https:\/\/padelhaus.mustlammas-dev.in\/wp-content\/uploads\/2025\/12\/53.webp\",\"contentUrl\":\"https:\/\/padelhaus.mustlammas-dev.in\/wp-content\/uploads\/2025\/12\/53.webp\",\"width\":1000,\"height\":1000},{\"@type\":\"BreadcrumbList\",\"@id\":\"https:\/\/padelhaus.mustlammas-dev.in\/lv\/veikals\/babolat-viper-juan-lebron-3-0\/#breadcrumb\",\"itemListElement\":[{\"@type\":\"ListItem\",\"position\":1,\"name\":\"S\u0101kumlapa\",\"item\":\"https:\/\/padelhaus.lv\/\"},{\"@type\":\"ListItem\",\"position\":2,\"name\":\"Veikals\",\"item\":\"https:\/\/padelhaus.lv\/veikals\/\"},{\"@type\":\"ListItem\",\"position\":3,\"name\":\"Babolat Viper Juan Lebr\u00f3n 3.0\"}]},{\"@type\":\"WebSite\",\"@id\":\"https:\/\/padelhaus.mustlammas-dev.in\/lv\/#website\",\"url\":\"https:\/\/padelhaus.mustlammas-dev.in\/lv\/\",\"name\":\"Claude Padelhaus\",\"description\":\"Sinu padelivarustuse kodu\",\"publisher\":{\"@id\":\"https:\/\/padelhaus.mustlammas-dev.in\/lv\/#organization\"},\"potentialAction\":[{\"@type\":\"SearchAction\",\"target\":{\"@type\":\"EntryPoint\",\"urlTemplate\":\"https:\/\/padelhaus.mustlammas-dev.in\/lv\/?s={search_term_string}\"},\"query-input\":{\"@type\":\"PropertyValueSpecification\",\"valueRequired\":true,\"valueName\":\"search_term_string\"}}],\"inLanguage\":\"lv-LV\"},{\"@type\":\"Organization\",\"@id\":\"https:\/\/padelhaus.mustlammas-dev.in\/lv\/#organization\",\"name\":\"Claude Padelhaus\",\"url\":\"https:\/\/padelhaus.mustlammas-dev.in\/lv\/\",\"logo\":{\"@type\":\"ImageObject\",\"inLanguage\":\"lv-LV\",\"@id\":\"https:\/\/padelhaus.mustlammas-dev.in\/lv\/#\/schema\/logo\/image\/\",\"url\":\"https:\/\/padelhaus.mustlammas-dev.in\/wp-content\/uploads\/2025\/05\/Logo-1.png\",\"contentUrl\":\"https:\/\/padelhaus.mustlammas-dev.in\/wp-content\/uploads\/2025\/05\/Logo-1.png\",\"width\":280,\"height\":115,\"caption\":\"Claude Padelhaus\"},\"image\":{\"@id\":\"https:\/\/padelhaus.mustlammas-dev.in\/lv\/#\/schema\/logo\/image\/\"}}]}<\/script>\n<meta property=\"product:price:amount\" content=\"309.95\" \/>\n<meta property=\"product:price:currency\" content=\"EUR\" \/>\n<meta property=\"og:availability\" content=\"instock\" \/>\n<meta property=\"product:availability\" content=\"instock\" \/>\n<meta property=\"product:retailer_item_id\" content=\"BAB-R-16\" \/>\n<meta property=\"product:condition\" content=\"new\" \/>\n<!-- \/ Yoast SEO Premium plugin. -->","yoast_head_json":{"title":"Babolat Viper Juan Lebr\u00f3n 3.0 | Test Padelhaus","description":"Mekl\u0113 jaunu padela raketi par labu cenu? Padelhaus pied\u0101v\u0101 lab\u0101ko padela rake\u00f0u izv\u0113li visiem l\u012bme\u0146iem \u2013 tava padela apr\u012bkojuma m\u0101jas.","robots":{"index":"noindex","follow":"follow","max-snippet":"max-snippet:-1","max-image-preview":"max-image-preview:large","max-video-preview":"max-video-preview:-1"},"og_locale":"lv_LV","og_type":"article","og_title":"Babolat Viper Juan Lebr\u00f3n 3.0","og_description":"Mekl\u0113 jaunu padela raketi par labu cenu? Padelhaus pied\u0101v\u0101 lab\u0101ko padela rake\u00f0u izv\u0113li visiem l\u012bme\u0146iem \u2013 tava padela apr\u012bkojuma m\u0101jas.","og_url":"https:\/\/padelhaus.mustlammas-dev.in\/lv\/veikals\/babolat-viper-juan-lebron-3-0\/","og_site_name":"Test Padelhaus","article_modified_time":"2026-02-06T13:52:28+00:00","og_image":[{"width":1000,"height":1000,"url":"https:\/\/padelhaus.lv\/wp-content\/uploads\/2025\/12\/53.webp","type":"image\/webp"}],"twitter_card":"summary_large_image","twitter_misc":{"Price":"309,95&nbsp;&euro;","Availability":"In stock"},"schema":{"@context":"https:\/\/schema.org","@graph":[{"@type":["WebPage","ItemPage"],"@id":"https:\/\/padelhaus.mustlammas-dev.in\/lv\/veikals\/babolat-viper-juan-lebron-3-0\/","url":"https:\/\/padelhaus.mustlammas-dev.in\/lv\/veikals\/babolat-viper-juan-lebron-3-0\/","name":"Babolat Viper Juan Lebr\u00f3n 3.0 | Test Padelhaus","isPartOf":{"@id":"https:\/\/padelhaus.mustlammas-dev.in\/lv\/#website"},"primaryImageOfPage":{"@id":"https:\/\/padelhaus.mustlammas-dev.in\/lv\/veikals\/babolat-viper-juan-lebron-3-0\/#primaryimage"},"image":{"@id":"https:\/\/padelhaus.mustlammas-dev.in\/lv\/veikals\/babolat-viper-juan-lebron-3-0\/#primaryimage"},"thumbnailUrl":"https:\/\/padelhaus.mustlammas-dev.in\/wp-content\/uploads\/2025\/12\/53.webp","datePublished":"2025-12-11T13:09:59+00:00","dateModified":"2026-02-06T13:52:28+00:00","description":"Mekl\u0113 jaunu padela raketi par labu cenu? Padelhaus pied\u0101v\u0101 lab\u0101ko padela rake\u00f0u izv\u0113li visiem l\u012bme\u0146iem \u2013 tava padela apr\u012bkojuma m\u0101jas.","breadcrumb":{"@id":"https:\/\/padelhaus.mustlammas-dev.in\/lv\/veikals\/babolat-viper-juan-lebron-3-0\/#breadcrumb"},"inLanguage":"lv-LV","potentialAction":[{"@type":"ReadAction","target":["https:\/\/padelhaus.mustlammas-dev.in\/lv\/veikals\/babolat-viper-juan-lebron-3-0\/"]}]},{"@type":"ImageObject","inLanguage":"lv-LV","@id":"https:\/\/padelhaus.mustlammas-dev.in\/lv\/veikals\/babolat-viper-juan-lebron-3-0\/#primaryimage","url":"https:\/\/padelhaus.mustlammas-dev.in\/wp-content\/uploads\/2025\/12\/53.webp","contentUrl":"https:\/\/padelhaus.mustlammas-dev.in\/wp-content\/uploads\/2025\/12\/53.webp","width":1000,"height":1000},{"@type":"BreadcrumbList","@id":"https:\/\/padelhaus.mustlammas-dev.in\/lv\/veikals\/babolat-viper-juan-lebron-3-0\/#breadcrumb","itemListElement":[{"@type":"ListItem","position":1,"name":"S\u0101kumlapa","item":"https:\/\/padelhaus.lv\/"},{"@type":"ListItem","position":2,"name":"Veikals","item":"https:\/\/padelhaus.lv\/veikals\/"},{"@type":"ListItem","position":3,"name":"Babolat Viper Juan Lebr\u00f3n 3.0"}]},{"@type":"WebSite","@id":"https:\/\/padelhaus.mustlammas-dev.in\/lv\/#website","url":"https:\/\/padelhaus.mustlammas-dev.in\/lv\/","name":"Claude Padelhaus","description":"Sinu padelivarustuse kodu","publisher":{"@id":"https:\/\/padelhaus.mustlammas-dev.in\/lv\/#organization"},"potentialAction":[{"@type":"SearchAction","target":{"@type":"EntryPoint","urlTemplate":"https:\/\/padelhaus.mustlammas-dev.in\/lv\/?s={search_term_string}"},"query-input":{"@type":"PropertyValueSpecification","valueRequired":true,"valueName":"search_term_string"}}],"inLanguage":"lv-LV"},{"@type":"Organization","@id":"https:\/\/padelhaus.mustlammas-dev.in\/lv\/#organization","name":"Claude Padelhaus","url":"https:\/\/padelhaus.mustlammas-dev.in\/lv\/","logo":{"@type":"ImageObject","inLanguage":"lv-LV","@id":"https:\/\/padelhaus.mustlammas-dev.in\/lv\/#\/schema\/logo\/image\/","url":"https:\/\/padelhaus.mustlammas-dev.in\/wp-content\/uploads\/2025\/05\/Logo-1.png","contentUrl":"https:\/\/padelhaus.mustlammas-dev.in\/wp-content\/uploads\/2025\/05\/Logo-1.png","width":280,"height":115,"caption":"Claude Padelhaus"},"image":{"@id":"https:\/\/padelhaus.mustlammas-dev.in\/lv\/#\/schema\/logo\/image\/"}}]},"product_price_amount":"309.95","product_price_currency":"EUR","og_availability":"instock","product_availability":"instock","product_retailer_item_id":"BAB-R-16","product_condition":"new"},"_links":{"self":[{"href":"https:\/\/padelhaus.mustlammas-dev.in\/lv\/wp-json\/wp\/v2\/product\/67075","targetHints":{"allow":["GET"]}}],"collection":[{"href":"https:\/\/padelhaus.mustlammas-dev.in\/lv\/wp-json\/wp\/v2\/product"}],"about":[{"href":"https:\/\/padelhaus.mustlammas-dev.in\/lv\/wp-json\/wp\/v2\/types\/product"}],"replies":[{"embeddable":true,"href":"https:\/\/padelhaus.mustlammas-dev.in\/lv\/wp-json\/wp\/v2\/comments?post=67075"}],"wp:featuredmedia":[{"embeddable":true,"href":"https:\/\/padelhaus.mustlammas-dev.in\/lv\/wp-json\/wp\/v2\/media\/70167"}],"wp:attachment":[{"href":"https:\/\/padelhaus.mustlammas-dev.in\/lv\/wp-json\/wp\/v2\/media?parent=67075"}],"wp:term":[{"taxonomy":"product_brand","embeddable":true,"href":"https:\/\/padelhaus.mustlammas-dev.in\/lv\/wp-json\/wp\/v2\/product_brand?post=67075"},{"taxonomy":"product_cat","embeddable":true,"href":"https:\/\/padelhaus.mustlammas-dev.in\/lv\/wp-json\/wp\/v2\/product_cat?post=67075"},{"taxonomy":"product_tag","embeddable":true,"href":"https:\/\/padelhaus.mustlammas-dev.in\/lv\/wp-json\/wp\/v2\/product_tag?post=67075"}],"curies":[{"name":"wp","href":"https:\/\/api.w.org\/{rel}","templated":true}]}}