{"id":67136,"date":"2025-12-11T15:01:15","date_gmt":"2025-12-11T13:01:15","guid":{"rendered":"https:\/\/padelhaus.mustlammas-dev.in\/?post_type=product&#038;p=67136"},"modified":"2026-02-06T15:52:49","modified_gmt":"2026-02-06T13:52:49","slug":"babolat-viper-soft-juan-lebron-3-0","status":"publish","type":"product","link":"https:\/\/padelhaus.mustlammas-dev.in\/lv\/veikals\/babolat-viper-soft-juan-lebron-3-0\/","title":{"rendered":"Babolat Viper Soft Juan Lebr\u00f3n 3.0"},"content":{"rendered":"<p data-start=\"97\" data-end=\"148\"><strong data-start=\"97\" data-end=\"148\">Babolat Viper Soft Juan Lebr\u00f3n 3.0, uzbrukuma sp\u0113le<\/strong><\/p>\n<p data-start=\"150\" data-end=\"464\">Babolat Viper Soft Juan Lebr\u00f3n 3.0 ir augstas veiktsp\u0113jas rakete, kas rad\u012bta sp\u0113l\u0113t\u0101jiem, kuri mekl\u0113 spr\u0101dzienb\u012bstamu jaudu ar m\u012bkstu un \u0113rtu saj\u016btu. T\u0101s dimanta formas dizains, augsta l\u012bdzsvara un aptuveni 365 gramu svara kombin\u0101cija nodro\u0161ina perfektu l\u012bdzsvaru starp jaudu un precizit\u0101ti katr\u0101 sitien\u0101. <\/p>\n<p data-start=\"466\" data-end=\"757\">Izgatavota no Soft Carbon materi\u0101la, \u0161\u012b rakete pied\u0101v\u0101 elast\u012bg\u0101ku un piedodo\u0161\u0101ku reakciju, samazinot vibr\u0101cijas un uzlabojot kontroles saj\u016btu. Turkl\u0101t Black EVA iek\u0161\u0113j\u0101 konstrukcija nodro\u0161ina izcilu elast\u012bbu, lai optimiz\u0113tu gan jaudu, gan komfortu pat vispras\u012bg\u0101kajos sitienos. <\/p>\n<p data-start=\"759\" data-end=\"903\">Rakete, kas rad\u012bta uzbrukumam, \u013cauj saglab\u0101t intensit\u0101ti visas sp\u0113les laik\u0101, nodro\u0161inot konsekventu un profesion\u0101lu sniegumu.<\/p>\n<h5 data-start=\"905\" data-end=\"939\">Rad\u012bta uzbr\u016bko\u0161iem sp\u0113l\u0113t\u0101jiem<\/h5>\n<p data-start=\"941\" data-end=\"1356\">Babolat Viper Soft Juan Lebr\u00f3n 3.0 ir rad\u012bta tehniskiem uzbr\u016bko\u0161iem sp\u0113l\u0113t\u0101jiem, kuri apvieno agresivit\u0101ti ar precizit\u0101ti un mekl\u0113 punktu dominanci ar jaud\u012bgiem un strat\u0113\u0123iskiem sitieniem. T\u0101s uzlabot\u0101 konstrukcija \u013cauj veikt volejus, smashus un bandejas unik\u0101l\u0101 kontroles, jaudas un komforta kombin\u0101cij\u0101, ide\u0101li piem\u0113rota tiem, kuri v\u0113las past\u0101v\u012bgi izdar\u012bt spiedienu pie t\u012bkla. <\/p>\n<p data-start=\"1358\" data-end=\"1676\">Pateicoties m\u012bkst\u0101kai saj\u016btai, \u0161\u012b rakete ir ide\u0101li piem\u0113rota konkur\u0113tsp\u0113j\u012bgiem sp\u0113l\u0113t\u0101jiem, kuri mekl\u0113 liel\u0101ku komfortu, nezaud\u0113jot stingru saj\u016btu sitien\u0101. Iedvesmojoties no pa\u0161a Huana Lebrona sp\u0113les stila, \u0161\u012b rakete ir rad\u012bta tiem, kuri v\u0113las izcelties laukum\u0101 ar maksim\u0101lu efektivit\u0101ti un eleganci. <\/p>\n<h5 data-start=\"1678\" data-end=\"1699\">Galven\u0101s \u012bpa\u0161\u012bbas<\/h5>\n<ul>\n<li data-start=\"1703\" data-end=\"1826\"><strong data-start=\"1703\" data-end=\"1726\">Soft Carbon virsmas:<\/strong> P\u012bts ogleklis, kas nodro\u0161ina elast\u012bg\u0101ku virsmu, uzlabojot sitiena saj\u016btu un pied\u0101v\u0101jot liel\u0101ku komfortu.<\/li>\n<li data-start=\"1829\" data-end=\"1943\"><strong data-start=\"1829\" data-end=\"1862\">Black EVA iek\u0161\u0113j\u0101 konstrukcija:<\/strong> Elast\u012bga gumija, kas nodro\u0161ina perfektu l\u012bdzsvaru starp jaudu un m\u012bkstumu katr\u0101 sitien\u0101.<\/li>\n<li data-start=\"1946\" data-end=\"2052\"><strong data-start=\"1946\" data-end=\"1971\">Holes Pattern System:<\/strong> Optimiz\u0113ts caurumu izvietojums, kas palielina jaudas p\u0101rnesi un sitiena precizit\u0101ti.<\/li>\n<li data-start=\"2055\" data-end=\"2132\"><strong data-start=\"2055\" data-end=\"2067\">3D Spin:<\/strong> Virsmas reljefs, kas palielina spina un kontroli p\u0101r bumbu.<\/li>\n<li data-start=\"2135\" data-end=\"2274\"><strong data-start=\"2135\" data-end=\"2164\">Dynamic Stability System:<\/strong> Pastiprin\u0101ta sirds ar centr\u0101lo barjeru, nodro\u0161inot liel\u0101ku stabilit\u0101ti un lab\u0101ku kontroli jaud\u012bgu sitienu laik\u0101.<\/li>\n<\/ul>\n<p data-start=\"2276\" data-end=\"2657\">Babolat Viper Soft Juan Lebr\u00f3n 3.0 apvieno tehnolo\u0123iju, dizainu un premium saj\u016btu uzbr\u016bko\u0161iem sp\u0113l\u0113t\u0101jiem, kuri v\u0113las domin\u0113t laukum\u0101 ar precizit\u0101ti un jaudu. Ja v\u0113laties uzlabot savu sniegumu un baud\u012bt \u0113rtu, jaud\u012bgu raketi ar \u010dempiona identit\u0101ti, tad Viper Soft JL 3.0 ir j\u016bsu lab\u0101kais sabiedrotais. Pacelieties kvalit\u0101tes l\u012bmen\u012b, ko j\u016bsu sp\u0113le ir peln\u012bjusi, kop\u0101 ar Babolat!  <\/p>\n<h5 data-start=\"733\" data-end=\"861\">Specifik\u0101cijas<\/h5>\n<ul>\n<li data-start=\"39\" data-end=\"59\"><strong data-start=\"39\" data-end=\"49\">Z\u012bmols:<\/strong> Babolat<\/li>\n<li data-start=\"62\" data-end=\"79\"><strong data-start=\"62\" data-end=\"71\">Kr\u0101sa:<\/strong> Oran\u017ea<\/li>\n<li data-start=\"82\" data-end=\"108\"><strong data-start=\"82\" data-end=\"92\">Produkts:<\/strong> Padel raketes<\/li>\n<li data-start=\"111\" data-end=\"132\"><strong data-start=\"111\" data-end=\"124\">L\u012bdzsvars:<\/strong> Augsts<\/li>\n<li data-start=\"135\" data-end=\"158\"><strong data-start=\"135\" data-end=\"147\">Kodols:<\/strong> Melna EVA<\/li>\n<li data-start=\"161\" data-end=\"192\"><strong data-start=\"161\" data-end=\"173\">Form\u0101ts:<\/strong> Standarta form\u0101ts<\/li>\n<li data-start=\"195\" data-end=\"235\"><strong data-start=\"195\" data-end=\"209\">Sp\u0113les l\u012bmenis:<\/strong> Pieredz\u0113jis \/ Sacens\u012bbas<\/li>\n<li data-start=\"238\" data-end=\"263\"><strong data-start=\"238\" data-end=\"253\">Apdare:<\/strong> 3D Spin<\/li>\n<li data-start=\"266\" data-end=\"290\"><strong data-start=\"266\" data-end=\"275\">Forma:<\/strong> Dimanta forma<\/li>\n<li data-start=\"293\" data-end=\"336\"><strong data-start=\"293\" data-end=\"308\">Virsmas tips:<\/strong> Rupja virsma (Rough Surface)<\/li>\n<li data-start=\"339\" data-end=\"361\"><strong data-start=\"339\" data-end=\"353\">Sp\u0113les veids:<\/strong> Power<\/li>\n<li data-start=\"364\" data-end=\"411\"><strong data-start=\"364\" data-end=\"376\">Kolekcija:<\/strong> Huana Lebrona sp\u0113l\u0113t\u0101ju kolekcija<\/li>\n<\/ul>\n","protected":false},"excerpt":{"rendered":"<p>Babolat Viper Soft Juan Lebr\u00f3n 3.0, uzbrukuma sp\u0113le Babolat Viper Soft Juan Lebr\u00f3n 3.0 ir augstas veiktsp\u0113jas rakete, kas rad\u012bta sp\u0113l\u0113t\u0101jiem, kuri mekl\u0113 spr\u0101dzienb\u012bstamu jaudu ar m\u012bkstu un \u0113rtu saj\u016btu. T\u0101s dimanta formas dizains, augsta l\u012bdzsvara un aptuveni 365 gramu svara kombin\u0101cija nodro\u0161ina perfektu l\u012bdzsvaru starp jaudu un precizit\u0101ti katr\u0101 sitien\u0101. Izgatavota no Soft Carbon [&hellip;]<\/p>\n","protected":false},"featured_media":70169,"comment_status":"open","ping_status":"closed","template":"","meta":{"_eb_attr":""},"product_brand":[377],"product_cat":[388,251,283],"product_tag":[],"class_list":{"0":"post-67136","1":"product","2":"type-product","3":"status-publish","4":"has-post-thumbnail","6":"product_brand-babolat","7":"product_cat-babolat","8":"product_cat-padela-raketes","9":"product_cat-pieredzejusi","10":"pa_kaal-365g","11":"pa_kuju-dimants","12":"pa_mangustiil-uzbrukoss","13":"pa_tasakaal-augsa","14":"pa_tase-pieredzejusi","15":"pa_varv-oranzs","18":"first","19":"instock","20":"sale","21":"taxable","22":"shipping-taxable","23":"purchasable","24":"product-type-simple"},"yoast_head":"<!-- This site is optimized with the Yoast SEO Premium plugin v27.1 (Yoast SEO v27.1.1) - https:\/\/yoast.com\/product\/yoast-seo-premium-wordpress\/ -->\n<title>Babolat Viper Soft Juan Lebr\u00f3n 3.0 | Test Padelhaus<\/title>\n<meta name=\"description\" content=\"Mekl\u0113 jaunu padela raketi par labu cenu? Padelhaus pied\u0101v\u0101 lab\u0101ko padela rake\u00f0u izv\u0113li visiem l\u012bme\u0146iem \u2013 tava padela apr\u012bkojuma m\u0101jas.\" \/>\n<meta name=\"robots\" content=\"noindex, follow, max-snippet:-1, max-image-preview:large, max-video-preview:-1\" \/>\n<meta property=\"og:locale\" content=\"lv_LV\" \/>\n<meta property=\"og:type\" content=\"article\" \/>\n<meta property=\"og:title\" content=\"Babolat Viper Soft Juan Lebr\u00f3n 3.0\" \/>\n<meta property=\"og:description\" content=\"Mekl\u0113 jaunu padela raketi par labu cenu? Padelhaus pied\u0101v\u0101 lab\u0101ko padela rake\u00f0u izv\u0113li visiem l\u012bme\u0146iem \u2013 tava padela apr\u012bkojuma m\u0101jas.\" \/>\n<meta property=\"og:url\" content=\"https:\/\/padelhaus.mustlammas-dev.in\/lv\/veikals\/babolat-viper-soft-juan-lebron-3-0\/\" \/>\n<meta property=\"og:site_name\" content=\"Test Padelhaus\" \/>\n<meta property=\"article:modified_time\" content=\"2026-02-06T13:52:49+00:00\" \/>\n<meta property=\"og:image\" content=\"https:\/\/padelhaus.lv\/wp-content\/uploads\/2025\/12\/49.webp\" \/>\n\t<meta property=\"og:image:width\" content=\"1000\" \/>\n\t<meta property=\"og:image:height\" content=\"1000\" \/>\n\t<meta property=\"og:image:type\" content=\"image\/webp\" \/>\n<meta name=\"twitter:card\" content=\"summary_large_image\" \/>\n<meta name=\"twitter:label1\" content=\"Price\" \/>\n\t<meta name=\"twitter:data1\" content=\"249,95&nbsp;&euro;\" \/>\n\t<meta name=\"twitter:label2\" content=\"Availability\" \/>\n\t<meta name=\"twitter:data2\" content=\"In stock\" \/>\n<script type=\"application\/ld+json\" class=\"yoast-schema-graph\">{\"@context\":\"https:\/\/schema.org\",\"@graph\":[{\"@type\":[\"WebPage\",\"ItemPage\"],\"@id\":\"https:\/\/padelhaus.mustlammas-dev.in\/lv\/veikals\/babolat-viper-soft-juan-lebron-3-0\/\",\"url\":\"https:\/\/padelhaus.mustlammas-dev.in\/lv\/veikals\/babolat-viper-soft-juan-lebron-3-0\/\",\"name\":\"Babolat Viper Soft Juan Lebr\u00f3n 3.0 | Test Padelhaus\",\"isPartOf\":{\"@id\":\"https:\/\/padelhaus.mustlammas-dev.in\/lv\/#website\"},\"primaryImageOfPage\":{\"@id\":\"https:\/\/padelhaus.mustlammas-dev.in\/lv\/veikals\/babolat-viper-soft-juan-lebron-3-0\/#primaryimage\"},\"image\":{\"@id\":\"https:\/\/padelhaus.mustlammas-dev.in\/lv\/veikals\/babolat-viper-soft-juan-lebron-3-0\/#primaryimage\"},\"thumbnailUrl\":\"https:\/\/padelhaus.mustlammas-dev.in\/wp-content\/uploads\/2025\/12\/49.webp\",\"datePublished\":\"2025-12-11T13:01:15+00:00\",\"dateModified\":\"2026-02-06T13:52:49+00:00\",\"description\":\"Mekl\u0113 jaunu padela raketi par labu cenu? Padelhaus pied\u0101v\u0101 lab\u0101ko padela rake\u00f0u izv\u0113li visiem l\u012bme\u0146iem \u2013 tava padela apr\u012bkojuma m\u0101jas.\",\"breadcrumb\":{\"@id\":\"https:\/\/padelhaus.mustlammas-dev.in\/lv\/veikals\/babolat-viper-soft-juan-lebron-3-0\/#breadcrumb\"},\"inLanguage\":\"lv-LV\",\"potentialAction\":[{\"@type\":\"ReadAction\",\"target\":[\"https:\/\/padelhaus.mustlammas-dev.in\/lv\/veikals\/babolat-viper-soft-juan-lebron-3-0\/\"]}]},{\"@type\":\"ImageObject\",\"inLanguage\":\"lv-LV\",\"@id\":\"https:\/\/padelhaus.mustlammas-dev.in\/lv\/veikals\/babolat-viper-soft-juan-lebron-3-0\/#primaryimage\",\"url\":\"https:\/\/padelhaus.mustlammas-dev.in\/wp-content\/uploads\/2025\/12\/49.webp\",\"contentUrl\":\"https:\/\/padelhaus.mustlammas-dev.in\/wp-content\/uploads\/2025\/12\/49.webp\",\"width\":1000,\"height\":1000},{\"@type\":\"BreadcrumbList\",\"@id\":\"https:\/\/padelhaus.mustlammas-dev.in\/lv\/veikals\/babolat-viper-soft-juan-lebron-3-0\/#breadcrumb\",\"itemListElement\":[{\"@type\":\"ListItem\",\"position\":1,\"name\":\"S\u0101kumlapa\",\"item\":\"https:\/\/padelhaus.lv\/\"},{\"@type\":\"ListItem\",\"position\":2,\"name\":\"Veikals\",\"item\":\"https:\/\/padelhaus.lv\/veikals\/\"},{\"@type\":\"ListItem\",\"position\":3,\"name\":\"Babolat Viper Soft Juan Lebr\u00f3n 3.0\"}]},{\"@type\":\"WebSite\",\"@id\":\"https:\/\/padelhaus.mustlammas-dev.in\/lv\/#website\",\"url\":\"https:\/\/padelhaus.mustlammas-dev.in\/lv\/\",\"name\":\"Claude Padelhaus\",\"description\":\"Sinu padelivarustuse kodu\",\"publisher\":{\"@id\":\"https:\/\/padelhaus.mustlammas-dev.in\/lv\/#organization\"},\"potentialAction\":[{\"@type\":\"SearchAction\",\"target\":{\"@type\":\"EntryPoint\",\"urlTemplate\":\"https:\/\/padelhaus.mustlammas-dev.in\/lv\/?s={search_term_string}\"},\"query-input\":{\"@type\":\"PropertyValueSpecification\",\"valueRequired\":true,\"valueName\":\"search_term_string\"}}],\"inLanguage\":\"lv-LV\"},{\"@type\":\"Organization\",\"@id\":\"https:\/\/padelhaus.mustlammas-dev.in\/lv\/#organization\",\"name\":\"Claude Padelhaus\",\"url\":\"https:\/\/padelhaus.mustlammas-dev.in\/lv\/\",\"logo\":{\"@type\":\"ImageObject\",\"inLanguage\":\"lv-LV\",\"@id\":\"https:\/\/padelhaus.mustlammas-dev.in\/lv\/#\/schema\/logo\/image\/\",\"url\":\"https:\/\/padelhaus.mustlammas-dev.in\/wp-content\/uploads\/2025\/05\/Logo-1.png\",\"contentUrl\":\"https:\/\/padelhaus.mustlammas-dev.in\/wp-content\/uploads\/2025\/05\/Logo-1.png\",\"width\":280,\"height\":115,\"caption\":\"Claude Padelhaus\"},\"image\":{\"@id\":\"https:\/\/padelhaus.mustlammas-dev.in\/lv\/#\/schema\/logo\/image\/\"}}]}<\/script>\n<meta property=\"product:price:amount\" content=\"249.95\" \/>\n<meta property=\"product:price:currency\" content=\"EUR\" \/>\n<meta property=\"og:availability\" content=\"instock\" \/>\n<meta property=\"product:availability\" content=\"instock\" \/>\n<meta property=\"product:retailer_item_id\" content=\"BAB-R-15\" \/>\n<meta property=\"product:condition\" content=\"new\" \/>\n<!-- \/ Yoast SEO Premium plugin. -->","yoast_head_json":{"title":"Babolat Viper Soft Juan Lebr\u00f3n 3.0 | Test Padelhaus","description":"Mekl\u0113 jaunu padela raketi par labu cenu? Padelhaus pied\u0101v\u0101 lab\u0101ko padela rake\u00f0u izv\u0113li visiem l\u012bme\u0146iem \u2013 tava padela apr\u012bkojuma m\u0101jas.","robots":{"index":"noindex","follow":"follow","max-snippet":"max-snippet:-1","max-image-preview":"max-image-preview:large","max-video-preview":"max-video-preview:-1"},"og_locale":"lv_LV","og_type":"article","og_title":"Babolat Viper Soft Juan Lebr\u00f3n 3.0","og_description":"Mekl\u0113 jaunu padela raketi par labu cenu? Padelhaus pied\u0101v\u0101 lab\u0101ko padela rake\u00f0u izv\u0113li visiem l\u012bme\u0146iem \u2013 tava padela apr\u012bkojuma m\u0101jas.","og_url":"https:\/\/padelhaus.mustlammas-dev.in\/lv\/veikals\/babolat-viper-soft-juan-lebron-3-0\/","og_site_name":"Test Padelhaus","article_modified_time":"2026-02-06T13:52:49+00:00","og_image":[{"width":1000,"height":1000,"url":"https:\/\/padelhaus.lv\/wp-content\/uploads\/2025\/12\/49.webp","type":"image\/webp"}],"twitter_card":"summary_large_image","twitter_misc":{"Price":"249,95&nbsp;&euro;","Availability":"In stock"},"schema":{"@context":"https:\/\/schema.org","@graph":[{"@type":["WebPage","ItemPage"],"@id":"https:\/\/padelhaus.mustlammas-dev.in\/lv\/veikals\/babolat-viper-soft-juan-lebron-3-0\/","url":"https:\/\/padelhaus.mustlammas-dev.in\/lv\/veikals\/babolat-viper-soft-juan-lebron-3-0\/","name":"Babolat Viper Soft Juan Lebr\u00f3n 3.0 | Test Padelhaus","isPartOf":{"@id":"https:\/\/padelhaus.mustlammas-dev.in\/lv\/#website"},"primaryImageOfPage":{"@id":"https:\/\/padelhaus.mustlammas-dev.in\/lv\/veikals\/babolat-viper-soft-juan-lebron-3-0\/#primaryimage"},"image":{"@id":"https:\/\/padelhaus.mustlammas-dev.in\/lv\/veikals\/babolat-viper-soft-juan-lebron-3-0\/#primaryimage"},"thumbnailUrl":"https:\/\/padelhaus.mustlammas-dev.in\/wp-content\/uploads\/2025\/12\/49.webp","datePublished":"2025-12-11T13:01:15+00:00","dateModified":"2026-02-06T13:52:49+00:00","description":"Mekl\u0113 jaunu padela raketi par labu cenu? Padelhaus pied\u0101v\u0101 lab\u0101ko padela rake\u00f0u izv\u0113li visiem l\u012bme\u0146iem \u2013 tava padela apr\u012bkojuma m\u0101jas.","breadcrumb":{"@id":"https:\/\/padelhaus.mustlammas-dev.in\/lv\/veikals\/babolat-viper-soft-juan-lebron-3-0\/#breadcrumb"},"inLanguage":"lv-LV","potentialAction":[{"@type":"ReadAction","target":["https:\/\/padelhaus.mustlammas-dev.in\/lv\/veikals\/babolat-viper-soft-juan-lebron-3-0\/"]}]},{"@type":"ImageObject","inLanguage":"lv-LV","@id":"https:\/\/padelhaus.mustlammas-dev.in\/lv\/veikals\/babolat-viper-soft-juan-lebron-3-0\/#primaryimage","url":"https:\/\/padelhaus.mustlammas-dev.in\/wp-content\/uploads\/2025\/12\/49.webp","contentUrl":"https:\/\/padelhaus.mustlammas-dev.in\/wp-content\/uploads\/2025\/12\/49.webp","width":1000,"height":1000},{"@type":"BreadcrumbList","@id":"https:\/\/padelhaus.mustlammas-dev.in\/lv\/veikals\/babolat-viper-soft-juan-lebron-3-0\/#breadcrumb","itemListElement":[{"@type":"ListItem","position":1,"name":"S\u0101kumlapa","item":"https:\/\/padelhaus.lv\/"},{"@type":"ListItem","position":2,"name":"Veikals","item":"https:\/\/padelhaus.lv\/veikals\/"},{"@type":"ListItem","position":3,"name":"Babolat Viper Soft Juan Lebr\u00f3n 3.0"}]},{"@type":"WebSite","@id":"https:\/\/padelhaus.mustlammas-dev.in\/lv\/#website","url":"https:\/\/padelhaus.mustlammas-dev.in\/lv\/","name":"Claude Padelhaus","description":"Sinu padelivarustuse kodu","publisher":{"@id":"https:\/\/padelhaus.mustlammas-dev.in\/lv\/#organization"},"potentialAction":[{"@type":"SearchAction","target":{"@type":"EntryPoint","urlTemplate":"https:\/\/padelhaus.mustlammas-dev.in\/lv\/?s={search_term_string}"},"query-input":{"@type":"PropertyValueSpecification","valueRequired":true,"valueName":"search_term_string"}}],"inLanguage":"lv-LV"},{"@type":"Organization","@id":"https:\/\/padelhaus.mustlammas-dev.in\/lv\/#organization","name":"Claude Padelhaus","url":"https:\/\/padelhaus.mustlammas-dev.in\/lv\/","logo":{"@type":"ImageObject","inLanguage":"lv-LV","@id":"https:\/\/padelhaus.mustlammas-dev.in\/lv\/#\/schema\/logo\/image\/","url":"https:\/\/padelhaus.mustlammas-dev.in\/wp-content\/uploads\/2025\/05\/Logo-1.png","contentUrl":"https:\/\/padelhaus.mustlammas-dev.in\/wp-content\/uploads\/2025\/05\/Logo-1.png","width":280,"height":115,"caption":"Claude Padelhaus"},"image":{"@id":"https:\/\/padelhaus.mustlammas-dev.in\/lv\/#\/schema\/logo\/image\/"}}]},"product_price_amount":"249.95","product_price_currency":"EUR","og_availability":"instock","product_availability":"instock","product_retailer_item_id":"BAB-R-15","product_condition":"new"},"_links":{"self":[{"href":"https:\/\/padelhaus.mustlammas-dev.in\/lv\/wp-json\/wp\/v2\/product\/67136","targetHints":{"allow":["GET"]}}],"collection":[{"href":"https:\/\/padelhaus.mustlammas-dev.in\/lv\/wp-json\/wp\/v2\/product"}],"about":[{"href":"https:\/\/padelhaus.mustlammas-dev.in\/lv\/wp-json\/wp\/v2\/types\/product"}],"replies":[{"embeddable":true,"href":"https:\/\/padelhaus.mustlammas-dev.in\/lv\/wp-json\/wp\/v2\/comments?post=67136"}],"wp:featuredmedia":[{"embeddable":true,"href":"https:\/\/padelhaus.mustlammas-dev.in\/lv\/wp-json\/wp\/v2\/media\/70169"}],"wp:attachment":[{"href":"https:\/\/padelhaus.mustlammas-dev.in\/lv\/wp-json\/wp\/v2\/media?parent=67136"}],"wp:term":[{"taxonomy":"product_brand","embeddable":true,"href":"https:\/\/padelhaus.mustlammas-dev.in\/lv\/wp-json\/wp\/v2\/product_brand?post=67136"},{"taxonomy":"product_cat","embeddable":true,"href":"https:\/\/padelhaus.mustlammas-dev.in\/lv\/wp-json\/wp\/v2\/product_cat?post=67136"},{"taxonomy":"product_tag","embeddable":true,"href":"https:\/\/padelhaus.mustlammas-dev.in\/lv\/wp-json\/wp\/v2\/product_tag?post=67136"}],"curies":[{"name":"wp","href":"https:\/\/api.w.org\/{rel}","templated":true}]}}