{"id":67343,"date":"2025-12-11T13:12:06","date_gmt":"2025-12-11T11:12:06","guid":{"rendered":"https:\/\/padelhaus.mustlammas-dev.in\/?post_type=product&#038;p=67343"},"modified":"2026-03-05T22:03:16","modified_gmt":"2026-03-05T20:03:16","slug":"adidas-match-light-2026","status":"publish","type":"product","link":"https:\/\/padelhaus.mustlammas-dev.in\/lv\/veikals\/adidas-match-light-2026\/","title":{"rendered":"Adidas Match Light 2026"},"content":{"rendered":"<p data-start=\"138\" data-end=\"435\"><strong>Adidas Match Light 2026<\/strong> \u2013 kontrole un jauda<\/p>\n<p data-start=\"138\" data-end=\"435\">Adidas Match Light ir hibr\u012bdra\u0137ete, kas apvieno vieglumu, komfortu un kontroli, padarot to par ide\u0101lu izv\u0113li tiem, kuri v\u0113las pilnveidot savu tehniku ar piln\u012bgu p\u0101rliec\u012bbu. T\u0101s visp\u0101r\u0113j\u0101 forma un centr\u0101lais sitiena punkts nodro\u0161ina stabilu un prec\u012bzu sitienu, \u013caujot domin\u0113t gan laukuma aizmugur\u0113j\u0101 da\u013c\u0101, gan uzbrukuma sp\u0113l\u0113. <\/p>\n<p data-start=\"437\" data-end=\"645\">Sverot 345\u2013360 gramus, \u0161\u012b rakete izce\u013cas ar izcilu vad\u0101m\u012bbu un kust\u012bbu br\u012bv\u012bbu, padarot to par ide\u0101lu izv\u0113li ilgsto\u0161\u0101m sp\u0113l\u0113m vai sp\u0113l\u0113t\u0101jiem, kuri v\u0113las samazin\u0101t fizisko piep\u016bli.<\/p>\n<p data-start=\"647\" data-end=\"947\">Stikla \u0161\u0137iedras konstrukcija pied\u0101v\u0101 m\u012bkst\u0101ku saj\u016btu un izcilu bumbas atsitienu, savuk\u0101rt Soft Performance iek\u0161\u0113j\u0101 konstrukcija ar zema bl\u012bvuma EVA gumiju palielina komfortu katr\u0101 sitien\u0101. Labi l\u012bdzsvarota rakete, kas apvieno iztur\u012bbu, kontroli un ilgm\u016b\u017e\u012bbu katr\u0101 sitien\u0101. <\/p>\n<h5 data-start=\"949\" data-end=\"996\">Match Light \u2013 rad\u012bta ies\u0101c\u0113jiem<\/h5>\n<p data-start=\"998\" data-end=\"1223\">\u0160\u012b Adidas hibr\u012bdra\u0137ete ir izstr\u0101d\u0101ta ies\u0101c\u0113jiem vai amatieriem, kuri mekl\u0113 vad\u0101m\u012bbu un lielisku k\u013c\u016bdu piedo\u0161anu. T\u0101s vieglais svars un apa\u013c\u0101 forma vienk\u0101r\u0161o m\u0101c\u012b\u0161anos un uzlabo kontroli katr\u0101 sitien\u0101. <\/p>\n<p data-start=\"1225\" data-end=\"1502\">Tas ir ide\u0101ls pavadonis ikvienam, kur\u0161 v\u0113las baud\u012bt padelu no pirm\u0101s dienas, nezaud\u0113jot jaudu un komfortu, kas ir Adidas rake\u0161u rakstur\u012bg\u0101s iez\u012bmes. T\u0101s funkcion\u0101lais dizains nodro\u0161ina \u0101tru att\u012bst\u012bbu, pied\u0101v\u0101jot l\u012bdzsvarotu un pat\u012bkamu sp\u0113les pieredzi. <\/p>\n<h5 data-start=\"1504\" data-end=\"1541\">Galven\u0101s \u012bpa\u0161\u012bbas un tehnolo\u0123ijas<\/h5>\n<ul>\n<li data-start=\"1545\" data-end=\"1608\"><strong>Visp\u0101r\u0113j\u0101 forma<\/strong>: Centr\u0101lais sitiena punkts, kas uzlabo kontroli un precizit\u0101ti<\/li>\n<li data-start=\"1611\" data-end=\"1692\"><strong>Fiberglass<\/strong>: Stikla \u0161\u0137iedras virsma m\u012bkst\u0101kai saj\u016btai un vienm\u0113r\u012bg\u0101kai bumbas izlido\u0161anai<\/li>\n<li data-start=\"1695\" data-end=\"1788\"><strong>Soft Performance EVA<\/strong>: Zema bl\u012bvuma gumija, kas nodro\u0161ina komfortu un izcilu atsitienu<\/li>\n<li data-start=\"1791\" data-end=\"1874\"><strong>Viegls svars<\/strong>: Viegls svars (345\u2013360 g), kas uzlabo vad\u0101m\u012bbu un samazina nogurumu<\/li>\n<li data-start=\"1877\" data-end=\"1969\"><strong>Smart Holes Linear<\/strong>: Caurumi, kas vienm\u0113r\u012bgi izvietoti pa trim, lai stiprin\u0101tu sitiena virsmu<\/li>\n<li data-start=\"1972\" data-end=\"2058\"><strong>Structural Reinforcement<\/strong>: Perimetra pastiprin\u0101jums, kas palielina iztur\u012bbu un stabilit\u0101ti<\/li>\n<\/ul>\n<p data-start=\"2126\" data-end=\"2372\">Adidas Match Light ir l\u012bdzsvarota, viegla un \u0113rta padela rakete, kas lieliski piem\u0113rota ies\u0101c\u0113jiem, nodro\u0161inot labu kontroli un bumbas \u0101trumu. T\u0101s pastiprin\u0101t\u0101 konstrukcija un pat\u012bkam\u0101 saj\u016bta atbalst\u012bs tevi visa att\u012bst\u012bbas procesa laik\u0101 laukum\u0101. <\/p>\n<h5 data-start=\"733\" data-end=\"861\">Specifik\u0101cijas<\/h5>\n<ul>\n<li data-start=\"53\" data-end=\"72\"><strong data-start=\"53\" data-end=\"63\">Z\u012bmols:<\/strong> Adidas<\/li>\n<li data-start=\"75\" data-end=\"108\"><strong data-start=\"75\" data-end=\"84\">Kr\u0101sa:<\/strong> Melna, balta un zila<\/li>\n<li data-start=\"111\" data-end=\"144\"><strong data-start=\"111\" data-end=\"121\">Produkts:<\/strong> Rakete (l\u0101pstas tipa)<\/li>\n<li data-start=\"147\" data-end=\"178\"><strong data-start=\"147\" data-end=\"160\">L\u012bdzsvars:<\/strong> Augsts, vid\u0113js<\/li>\n<li data-start=\"181\" data-end=\"221\"><strong data-start=\"181\" data-end=\"193\">Kodols:<\/strong> EVA Soft Performance Core<\/li>\n<li data-start=\"224\" data-end=\"272\"><strong data-start=\"224\" data-end=\"242\">Virsmas materi\u0101ls:<\/strong> Stikla \u0161\u0137iedra (Fiberglass Face)<\/li>\n<li data-start=\"275\" data-end=\"306\"><strong data-start=\"275\" data-end=\"287\">Form\u0101ts:<\/strong> Standarta form\u0101ts<\/li>\n<li data-start=\"309\" data-end=\"337\"><strong data-start=\"309\" data-end=\"321\">Ciet\u012bba:<\/strong> M\u012bksta ciet\u012bba<\/li>\n<li data-start=\"340\" data-end=\"374\"><strong data-start=\"340\" data-end=\"354\">Sp\u0113les l\u012bmenis:<\/strong> Ies\u0101c\u0113js \/ vid\u0113jais l\u012bmenis<\/li>\n<li data-start=\"377\" data-end=\"400\"><strong data-start=\"377\" data-end=\"386\">Forma:<\/strong> Hibr\u012bda forma<\/li>\n<li data-start=\"403\" data-end=\"450\"><strong data-start=\"403\" data-end=\"417\">Sp\u0113les veids:<\/strong> Daudzfunkcion\u0101ls (multipurpose)<\/li>\n<\/ul>\n","protected":false},"excerpt":{"rendered":"<p>Adidas Match Light 2026 \u2013 kontrole un jauda Adidas Match Light ir hibr\u012bdra\u0137ete, kas apvieno vieglumu, komfortu un kontroli, padarot to par ide\u0101lu izv\u0113li tiem, kuri v\u0113las pilnveidot savu tehniku ar piln\u012bgu p\u0101rliec\u012bbu. T\u0101s visp\u0101r\u0113j\u0101 forma un centr\u0101lais sitiena punkts nodro\u0161ina stabilu un prec\u012bzu sitienu, \u013caujot domin\u0113t gan laukuma aizmugur\u0113j\u0101 da\u013c\u0101, gan uzbrukuma sp\u0113l\u0113. Sverot [&hellip;]<\/p>\n","protected":false},"featured_media":69132,"comment_status":"open","ping_status":"closed","template":"","meta":{"_eb_attr":""},"product_brand":[380],"product_cat":[396,261,251],"product_tag":[],"class_list":{"0":"post-67343","1":"product","2":"type-product","3":"status-publish","4":"has-post-thumbnail","6":"product_brand-adidas","7":"product_cat-adidas","8":"product_cat-iesaceji","9":"product_cat-padela-raketes","10":"pa_kaal-345-360-g","11":"pa_kuju-piliens","12":"pa_mangustiil-hibrids","13":"pa_tasakaal-centra","14":"pa_tase-iesacejs","15":"pa_varv-melns","18":"first","19":"instock","20":"sale","21":"taxable","22":"shipping-taxable","23":"purchasable","24":"product-type-simple"},"yoast_head":"<!-- This site is optimized with the Yoast SEO Premium plugin v27.1 (Yoast SEO v27.1.1) - https:\/\/yoast.com\/product\/yoast-seo-premium-wordpress\/ -->\n<title>Adidas Match Light 2026 | Test Padelhaus<\/title>\n<meta name=\"description\" content=\"Mekl\u0113 jaunu padela raketi par labu cenu? Padelhaus pied\u0101v\u0101 lab\u0101ko padela rake\u00f0u izv\u0113li visiem l\u012bme\u0146iem \u2013 tava padela apr\u012bkojuma m\u0101jas.\" \/>\n<meta name=\"robots\" content=\"noindex, follow, max-snippet:-1, max-image-preview:large, max-video-preview:-1\" \/>\n<meta property=\"og:locale\" content=\"lv_LV\" \/>\n<meta property=\"og:type\" content=\"article\" \/>\n<meta property=\"og:title\" content=\"Adidas Match Light 2026\" \/>\n<meta property=\"og:description\" content=\"Mekl\u0113 jaunu padela raketi par labu cenu? Padelhaus pied\u0101v\u0101 lab\u0101ko padela rake\u00f0u izv\u0113li visiem l\u012bme\u0146iem \u2013 tava padela apr\u012bkojuma m\u0101jas.\" \/>\n<meta property=\"og:url\" content=\"https:\/\/padelhaus.mustlammas-dev.in\/lv\/veikals\/adidas-match-light-2026\/\" \/>\n<meta property=\"og:site_name\" content=\"Test Padelhaus\" \/>\n<meta property=\"article:modified_time\" content=\"2026-03-05T20:03:16+00:00\" \/>\n<meta property=\"og:image\" content=\"https:\/\/padelhaus.lv\/wp-content\/uploads\/2025\/12\/5.webp\" \/>\n\t<meta property=\"og:image:width\" content=\"1000\" \/>\n\t<meta property=\"og:image:height\" content=\"1000\" \/>\n\t<meta property=\"og:image:type\" content=\"image\/webp\" \/>\n<meta name=\"twitter:card\" content=\"summary_large_image\" \/>\n<meta name=\"twitter:label1\" content=\"Price\" \/>\n\t<meta name=\"twitter:data1\" content=\"74,95&nbsp;&euro;\" \/>\n\t<meta name=\"twitter:label2\" content=\"Availability\" \/>\n\t<meta name=\"twitter:data2\" content=\"In stock\" \/>\n<script type=\"application\/ld+json\" class=\"yoast-schema-graph\">{\"@context\":\"https:\/\/schema.org\",\"@graph\":[{\"@type\":[\"WebPage\",\"ItemPage\"],\"@id\":\"https:\/\/padelhaus.mustlammas-dev.in\/lv\/veikals\/adidas-match-light-2026\/\",\"url\":\"https:\/\/padelhaus.mustlammas-dev.in\/lv\/veikals\/adidas-match-light-2026\/\",\"name\":\"Adidas Match Light 2026 | Test Padelhaus\",\"isPartOf\":{\"@id\":\"https:\/\/padelhaus.mustlammas-dev.in\/lv\/#website\"},\"primaryImageOfPage\":{\"@id\":\"https:\/\/padelhaus.mustlammas-dev.in\/lv\/veikals\/adidas-match-light-2026\/#primaryimage\"},\"image\":{\"@id\":\"https:\/\/padelhaus.mustlammas-dev.in\/lv\/veikals\/adidas-match-light-2026\/#primaryimage\"},\"thumbnailUrl\":\"https:\/\/padelhaus.mustlammas-dev.in\/wp-content\/uploads\/2025\/12\/5.webp\",\"datePublished\":\"2025-12-11T11:12:06+00:00\",\"dateModified\":\"2026-03-05T20:03:16+00:00\",\"description\":\"Mekl\u0113 jaunu padela raketi par labu cenu? Padelhaus pied\u0101v\u0101 lab\u0101ko padela rake\u00f0u izv\u0113li visiem l\u012bme\u0146iem \u2013 tava padela apr\u012bkojuma m\u0101jas.\",\"breadcrumb\":{\"@id\":\"https:\/\/padelhaus.mustlammas-dev.in\/lv\/veikals\/adidas-match-light-2026\/#breadcrumb\"},\"inLanguage\":\"lv-LV\",\"potentialAction\":[{\"@type\":\"ReadAction\",\"target\":[\"https:\/\/padelhaus.mustlammas-dev.in\/lv\/veikals\/adidas-match-light-2026\/\"]}]},{\"@type\":\"ImageObject\",\"inLanguage\":\"lv-LV\",\"@id\":\"https:\/\/padelhaus.mustlammas-dev.in\/lv\/veikals\/adidas-match-light-2026\/#primaryimage\",\"url\":\"https:\/\/padelhaus.mustlammas-dev.in\/wp-content\/uploads\/2025\/12\/5.webp\",\"contentUrl\":\"https:\/\/padelhaus.mustlammas-dev.in\/wp-content\/uploads\/2025\/12\/5.webp\",\"width\":1000,\"height\":1000},{\"@type\":\"BreadcrumbList\",\"@id\":\"https:\/\/padelhaus.mustlammas-dev.in\/lv\/veikals\/adidas-match-light-2026\/#breadcrumb\",\"itemListElement\":[{\"@type\":\"ListItem\",\"position\":1,\"name\":\"S\u0101kumlapa\",\"item\":\"https:\/\/padelhaus.lv\/\"},{\"@type\":\"ListItem\",\"position\":2,\"name\":\"Veikals\",\"item\":\"https:\/\/padelhaus.lv\/veikals\/\"},{\"@type\":\"ListItem\",\"position\":3,\"name\":\"Adidas Match Light 2026\"}]},{\"@type\":\"WebSite\",\"@id\":\"https:\/\/padelhaus.mustlammas-dev.in\/lv\/#website\",\"url\":\"https:\/\/padelhaus.mustlammas-dev.in\/lv\/\",\"name\":\"Claude Padelhaus\",\"description\":\"Sinu padelivarustuse kodu\",\"publisher\":{\"@id\":\"https:\/\/padelhaus.mustlammas-dev.in\/lv\/#organization\"},\"potentialAction\":[{\"@type\":\"SearchAction\",\"target\":{\"@type\":\"EntryPoint\",\"urlTemplate\":\"https:\/\/padelhaus.mustlammas-dev.in\/lv\/?s={search_term_string}\"},\"query-input\":{\"@type\":\"PropertyValueSpecification\",\"valueRequired\":true,\"valueName\":\"search_term_string\"}}],\"inLanguage\":\"lv-LV\"},{\"@type\":\"Organization\",\"@id\":\"https:\/\/padelhaus.mustlammas-dev.in\/lv\/#organization\",\"name\":\"Claude Padelhaus\",\"url\":\"https:\/\/padelhaus.mustlammas-dev.in\/lv\/\",\"logo\":{\"@type\":\"ImageObject\",\"inLanguage\":\"lv-LV\",\"@id\":\"https:\/\/padelhaus.mustlammas-dev.in\/lv\/#\/schema\/logo\/image\/\",\"url\":\"https:\/\/padelhaus.mustlammas-dev.in\/wp-content\/uploads\/2025\/05\/Logo-1.png\",\"contentUrl\":\"https:\/\/padelhaus.mustlammas-dev.in\/wp-content\/uploads\/2025\/05\/Logo-1.png\",\"width\":280,\"height\":115,\"caption\":\"Claude Padelhaus\"},\"image\":{\"@id\":\"https:\/\/padelhaus.mustlammas-dev.in\/lv\/#\/schema\/logo\/image\/\"}}]}<\/script>\n<meta property=\"product:price:amount\" content=\"74.95\" \/>\n<meta property=\"product:price:currency\" content=\"EUR\" \/>\n<meta property=\"og:availability\" content=\"instock\" \/>\n<meta property=\"product:availability\" content=\"instock\" \/>\n<meta property=\"product:retailer_item_id\" content=\"ADI-R-26\" \/>\n<meta property=\"product:condition\" content=\"new\" \/>\n<!-- \/ Yoast SEO Premium plugin. -->","yoast_head_json":{"title":"Adidas Match Light 2026 | Test Padelhaus","description":"Mekl\u0113 jaunu padela raketi par labu cenu? Padelhaus pied\u0101v\u0101 lab\u0101ko padela rake\u00f0u izv\u0113li visiem l\u012bme\u0146iem \u2013 tava padela apr\u012bkojuma m\u0101jas.","robots":{"index":"noindex","follow":"follow","max-snippet":"max-snippet:-1","max-image-preview":"max-image-preview:large","max-video-preview":"max-video-preview:-1"},"og_locale":"lv_LV","og_type":"article","og_title":"Adidas Match Light 2026","og_description":"Mekl\u0113 jaunu padela raketi par labu cenu? Padelhaus pied\u0101v\u0101 lab\u0101ko padela rake\u00f0u izv\u0113li visiem l\u012bme\u0146iem \u2013 tava padela apr\u012bkojuma m\u0101jas.","og_url":"https:\/\/padelhaus.mustlammas-dev.in\/lv\/veikals\/adidas-match-light-2026\/","og_site_name":"Test Padelhaus","article_modified_time":"2026-03-05T20:03:16+00:00","og_image":[{"width":1000,"height":1000,"url":"https:\/\/padelhaus.lv\/wp-content\/uploads\/2025\/12\/5.webp","type":"image\/webp"}],"twitter_card":"summary_large_image","twitter_misc":{"Price":"74,95&nbsp;&euro;","Availability":"In stock"},"schema":{"@context":"https:\/\/schema.org","@graph":[{"@type":["WebPage","ItemPage"],"@id":"https:\/\/padelhaus.mustlammas-dev.in\/lv\/veikals\/adidas-match-light-2026\/","url":"https:\/\/padelhaus.mustlammas-dev.in\/lv\/veikals\/adidas-match-light-2026\/","name":"Adidas Match Light 2026 | Test Padelhaus","isPartOf":{"@id":"https:\/\/padelhaus.mustlammas-dev.in\/lv\/#website"},"primaryImageOfPage":{"@id":"https:\/\/padelhaus.mustlammas-dev.in\/lv\/veikals\/adidas-match-light-2026\/#primaryimage"},"image":{"@id":"https:\/\/padelhaus.mustlammas-dev.in\/lv\/veikals\/adidas-match-light-2026\/#primaryimage"},"thumbnailUrl":"https:\/\/padelhaus.mustlammas-dev.in\/wp-content\/uploads\/2025\/12\/5.webp","datePublished":"2025-12-11T11:12:06+00:00","dateModified":"2026-03-05T20:03:16+00:00","description":"Mekl\u0113 jaunu padela raketi par labu cenu? Padelhaus pied\u0101v\u0101 lab\u0101ko padela rake\u00f0u izv\u0113li visiem l\u012bme\u0146iem \u2013 tava padela apr\u012bkojuma m\u0101jas.","breadcrumb":{"@id":"https:\/\/padelhaus.mustlammas-dev.in\/lv\/veikals\/adidas-match-light-2026\/#breadcrumb"},"inLanguage":"lv-LV","potentialAction":[{"@type":"ReadAction","target":["https:\/\/padelhaus.mustlammas-dev.in\/lv\/veikals\/adidas-match-light-2026\/"]}]},{"@type":"ImageObject","inLanguage":"lv-LV","@id":"https:\/\/padelhaus.mustlammas-dev.in\/lv\/veikals\/adidas-match-light-2026\/#primaryimage","url":"https:\/\/padelhaus.mustlammas-dev.in\/wp-content\/uploads\/2025\/12\/5.webp","contentUrl":"https:\/\/padelhaus.mustlammas-dev.in\/wp-content\/uploads\/2025\/12\/5.webp","width":1000,"height":1000},{"@type":"BreadcrumbList","@id":"https:\/\/padelhaus.mustlammas-dev.in\/lv\/veikals\/adidas-match-light-2026\/#breadcrumb","itemListElement":[{"@type":"ListItem","position":1,"name":"S\u0101kumlapa","item":"https:\/\/padelhaus.lv\/"},{"@type":"ListItem","position":2,"name":"Veikals","item":"https:\/\/padelhaus.lv\/veikals\/"},{"@type":"ListItem","position":3,"name":"Adidas Match Light 2026"}]},{"@type":"WebSite","@id":"https:\/\/padelhaus.mustlammas-dev.in\/lv\/#website","url":"https:\/\/padelhaus.mustlammas-dev.in\/lv\/","name":"Claude Padelhaus","description":"Sinu padelivarustuse kodu","publisher":{"@id":"https:\/\/padelhaus.mustlammas-dev.in\/lv\/#organization"},"potentialAction":[{"@type":"SearchAction","target":{"@type":"EntryPoint","urlTemplate":"https:\/\/padelhaus.mustlammas-dev.in\/lv\/?s={search_term_string}"},"query-input":{"@type":"PropertyValueSpecification","valueRequired":true,"valueName":"search_term_string"}}],"inLanguage":"lv-LV"},{"@type":"Organization","@id":"https:\/\/padelhaus.mustlammas-dev.in\/lv\/#organization","name":"Claude Padelhaus","url":"https:\/\/padelhaus.mustlammas-dev.in\/lv\/","logo":{"@type":"ImageObject","inLanguage":"lv-LV","@id":"https:\/\/padelhaus.mustlammas-dev.in\/lv\/#\/schema\/logo\/image\/","url":"https:\/\/padelhaus.mustlammas-dev.in\/wp-content\/uploads\/2025\/05\/Logo-1.png","contentUrl":"https:\/\/padelhaus.mustlammas-dev.in\/wp-content\/uploads\/2025\/05\/Logo-1.png","width":280,"height":115,"caption":"Claude Padelhaus"},"image":{"@id":"https:\/\/padelhaus.mustlammas-dev.in\/lv\/#\/schema\/logo\/image\/"}}]},"product_price_amount":"74.95","product_price_currency":"EUR","og_availability":"instock","product_availability":"instock","product_retailer_item_id":"ADI-R-26","product_condition":"new"},"_links":{"self":[{"href":"https:\/\/padelhaus.mustlammas-dev.in\/lv\/wp-json\/wp\/v2\/product\/67343","targetHints":{"allow":["GET"]}}],"collection":[{"href":"https:\/\/padelhaus.mustlammas-dev.in\/lv\/wp-json\/wp\/v2\/product"}],"about":[{"href":"https:\/\/padelhaus.mustlammas-dev.in\/lv\/wp-json\/wp\/v2\/types\/product"}],"replies":[{"embeddable":true,"href":"https:\/\/padelhaus.mustlammas-dev.in\/lv\/wp-json\/wp\/v2\/comments?post=67343"}],"wp:featuredmedia":[{"embeddable":true,"href":"https:\/\/padelhaus.mustlammas-dev.in\/lv\/wp-json\/wp\/v2\/media\/69132"}],"wp:attachment":[{"href":"https:\/\/padelhaus.mustlammas-dev.in\/lv\/wp-json\/wp\/v2\/media?parent=67343"}],"wp:term":[{"taxonomy":"product_brand","embeddable":true,"href":"https:\/\/padelhaus.mustlammas-dev.in\/lv\/wp-json\/wp\/v2\/product_brand?post=67343"},{"taxonomy":"product_cat","embeddable":true,"href":"https:\/\/padelhaus.mustlammas-dev.in\/lv\/wp-json\/wp\/v2\/product_cat?post=67343"},{"taxonomy":"product_tag","embeddable":true,"href":"https:\/\/padelhaus.mustlammas-dev.in\/lv\/wp-json\/wp\/v2\/product_tag?post=67343"}],"curies":[{"name":"wp","href":"https:\/\/api.w.org\/{rel}","templated":true}]}}