{"id":67361,"date":"2025-12-11T13:18:46","date_gmt":"2025-12-11T11:18:46","guid":{"rendered":"https:\/\/padelhaus.mustlammas-dev.in\/?post_type=product&#038;p=67361"},"modified":"2026-01-29T07:50:47","modified_gmt":"2026-01-29T05:50:47","slug":"adidas-metalbone-hrd-2026","status":"publish","type":"product","link":"https:\/\/padelhaus.mustlammas-dev.in\/lv\/veikals\/adidas-metalbone-hrd-2026\/","title":{"rendered":"Adidas Metalbone HRD+ 2026"},"content":{"rendered":"<p data-start=\"78\" data-end=\"138\"><strong data-start=\"78\" data-end=\"138\">Adidas Metalbone HRD+ 2026 \u2013<\/strong> Ale Gal\u0101na ofici\u0101lais apr\u012bkojums<\/p>\n<p data-start=\"140\" data-end=\"468\">Adidas Metalbone HRD+ 2026 ir rad\u012bts, lai domin\u0113tu uzbrukuma sp\u0113l\u0113, pateicoties t\u0101 dimanta formai, augstajai sitiena saldajai zonai un strukt\u016brai, kas koncentr\u0113jas uz maksim\u0101las jaudas \u0123ener\u0113\u0161anu. T\u0101 augstais l\u012bdzsvara punkts veicina sp\u0113c\u012bgus sitienus un sitienus virs galvas, padarot to par ide\u0101lu raketi tiem, kas mekl\u0113 gan jaudu, gan precizit\u0101ti. <\/p>\n<p data-start=\"470\" data-end=\"838\">Izgatavota no 16K alum\u012bnija p\u0101rkl\u0101tas oglek\u013ca \u0161\u0137iedras un augstas atmi\u0146as EVA iek\u0161\u0113j\u0101s konstrukcijas, t\u0101 nodro\u0161ina izcilu stingr\u012bbu un \u0101tru atjauno\u0161anos p\u0113c katra sitiena, \u013caujot veikt spr\u0101dzienb\u012bstamu ener\u0123ijas p\u0101rnesi. T\u0101s dizains ietver jaun\u0101kos 2025. gada Metalbone kolekcijas jaunin\u0101jumus, kas rad\u012bti, lai nodro\u0161in\u0101tu stabilit\u0101ti, precizit\u0101ti un konsekventu jaudu katr\u0101 sitien\u0101.  <\/p>\n<h5 data-start=\"845\" data-end=\"904\">Ide\u0101li piem\u0113rota profesion\u0101liem un uzbr\u016bko\u0161iem sp\u0113l\u0113t\u0101jiem<\/h5>\n<p data-start=\"906\" data-end=\"1240\">\u0160\u012b Adidas dimanta formas rakete ir paredz\u0113ta pieredz\u0113ju\u0161iem vai profesion\u0101liem sp\u0113l\u0113t\u0101jiem, kuri ir apguvu\u0161i tehniku un mekl\u0113 raketi, kas uzlabotu vi\u0146u uzbrukuma sp\u0113jas. T\u0101 ir ide\u0101la izv\u0113le agres\u012bviem sp\u0113l\u0113t\u0101jiem, kuriem pat\u012bk izdar\u012bt spiedienu pie t\u012bkla, pabeidzot punktus ar sp\u0113c\u012bgiem sitieniem un volejiem. <\/p>\n<p data-start=\"1242\" data-end=\"1587\">Pateicoties Weight &amp; Balance System, kas \u013cauj piel\u0101got raketes svaru un l\u012bdzsvaru atbilsto\u0161i sp\u0113l\u0113t\u0101ja stilam vai katras sp\u0113les vajadz\u012bb\u0101m, t\u0101 ir ide\u0101la izv\u0113le. T\u0101s augst\u0101 sitiena sald\u0101 zona prasa labu sitiena vietas izv\u0113li, padarot to piem\u0113rotu pieredz\u0113ju\u0161iem sp\u0113l\u0113t\u0101jiem, kuri mekl\u0113 precizit\u0101ti, jaudu un uzticamu r\u012bku kritisk\u0101s situ\u0101cij\u0101s. <\/p>\n<h5 data-start=\"1594\" data-end=\"1625\">Izcelt\u0101s tehnolo\u0123ijas<\/h5>\n<ul>\n<li data-start=\"1629\" data-end=\"1736\"><strong data-start=\"1629\" data-end=\"1657\">Astotst\u016bra strukt\u016bra:<\/strong> Oglek\u013ca \u0161\u0137iedras cauru\u013cveida konstrukcija liel\u0101kai stingr\u012bbai un stabilit\u0101tei<\/li>\n<li data-start=\"1739\" data-end=\"1810\"><strong data-start=\"1739\" data-end=\"1767\">Weight &amp; Balance System:<\/strong> Svara piel\u0101go\u0161ana l\u012bdz 11,2 gramiem<\/li>\n<li data-start=\"1813\" data-end=\"1875\"><strong data-start=\"1813\" data-end=\"1830\">Power Groove:<\/strong> S\u0101nu siena, kas palielina strukt\u016bras stingr\u012bbu<\/li>\n<li data-start=\"1878\" data-end=\"1934\"><strong data-start=\"1878\" data-end=\"1904\">Carbon Aluminized 16K:<\/strong> Liel\u0101ka jauda un iztur\u012bba<\/li>\n<li data-start=\"1937\" data-end=\"2034\"><strong data-start=\"1937\" data-end=\"1957\">Low Poly Design:<\/strong> Serdes un r\u0101mja daudzskald\u0146u dizaina izmanto\u0161ana v\u0113rpes samazin\u0101\u0161anai<\/li>\n<li data-start=\"2037\" data-end=\"2106\"><strong data-start=\"2037\" data-end=\"2058\">Extra Power Grip:<\/strong> Gar\u0101ks rokturis liel\u0101kai inercei<\/li>\n<\/ul>\n<h5 data-start=\"733\" data-end=\"861\">Specifik\u0101cijas<\/h5>\n<ul>\n<li data-start=\"39\" data-end=\"58\"><strong data-start=\"39\" data-end=\"49\">Z\u012bmols:<\/strong> Adidas<\/li>\n<li data-start=\"61\" data-end=\"86\"><strong data-start=\"61\" data-end=\"70\">Kr\u0101sa:<\/strong> Melna un oran\u017ea<\/li>\n<li data-start=\"89\" data-end=\"122\"><strong data-start=\"89\" data-end=\"99\">Produkts:<\/strong> Rakete (l\u0101pstas tipa)<\/li>\n<li data-start=\"125\" data-end=\"146\"><strong data-start=\"125\" data-end=\"138\">L\u012bdzsvars:<\/strong> Augsts<\/li>\n<li data-start=\"149\" data-end=\"184\"><strong data-start=\"149\" data-end=\"161\">Serde:<\/strong> EVA High Memory Core<\/li>\n<li data-start=\"187\" data-end=\"237\"><strong data-start=\"187\" data-end=\"205\">Virsmas materi\u0101ls:<\/strong> 18k oglek\u013ca \u0161\u0137iedra (Carbon Face)<\/li>\n<li data-start=\"240\" data-end=\"282\"><strong data-start=\"240\" data-end=\"252\">Form\u0101ts:<\/strong> Viens liels form\u0101ts (Oversize)<\/li>\n<li data-start=\"285\" data-end=\"317\"><strong data-start=\"285\" data-end=\"299\">Sp\u0113les l\u012bmenis:<\/strong> Profesion\u0101ls<\/li>\n<li data-start=\"320\" data-end=\"344\"><strong data-start=\"320\" data-end=\"335\">Apdare:<\/strong> Sp\u012bd\u012bga<\/li>\n<li data-start=\"347\" data-end=\"371\"><strong data-start=\"347\" data-end=\"356\">Forma:<\/strong> Dimanta forma<\/li>\n<li data-start=\"374\" data-end=\"417\"><strong data-start=\"374\" data-end=\"389\">Virsmas tips:<\/strong> Rupja virsma (Rough Surface)<\/li>\n<li data-start=\"420\" data-end=\"442\"><strong data-start=\"420\" data-end=\"434\">Sp\u0113les veids:<\/strong> Power<\/li>\n<li data-start=\"445\" data-end=\"496\"><strong data-start=\"445\" data-end=\"457\">Kolekcija:<\/strong> Alejandro Gal\u0101na sp\u0113l\u0113t\u0101ju kolekcija<\/li>\n<\/ul>\n","protected":false},"excerpt":{"rendered":"<p>Adidas Metalbone HRD+ 2026 \u2013 Ale Gal\u0101na ofici\u0101lais apr\u012bkojums Adidas Metalbone HRD+ 2026 ir rad\u012bts, lai domin\u0113tu uzbrukuma sp\u0113l\u0113, pateicoties t\u0101 dimanta formai, augstajai sitiena saldajai zonai un strukt\u016brai, kas koncentr\u0113jas uz maksim\u0101las jaudas \u0123ener\u0113\u0161anu. T\u0101 augstais l\u012bdzsvara punkts veicina sp\u0113c\u012bgus sitienus un sitienus virs galvas, padarot to par ide\u0101lu raketi tiem, kas mekl\u0113 gan [&hellip;]<\/p>\n","protected":false},"featured_media":69234,"comment_status":"open","ping_status":"closed","template":"","meta":{"_eb_attr":""},"product_brand":[380],"product_cat":[396,251,283],"product_tag":[],"class_list":{"0":"post-67361","1":"product","2":"type-product","3":"status-publish","4":"has-post-thumbnail","6":"product_brand-adidas","7":"product_cat-adidas","8":"product_cat-padela-raketes","9":"product_cat-pieredzejusi","10":"pa_kaal-345-360-g","11":"pa_kuju-dimants","12":"pa_mangustiil-uzbrukoss","13":"pa_tasakaal-augsa","14":"pa_tase-pieredzejusi","15":"pa_varv-melns","18":"first","19":"onbackorder","20":"sale","21":"taxable","22":"shipping-taxable","23":"purchasable","24":"product-type-simple"},"yoast_head":"<!-- This site is optimized with the Yoast SEO Premium plugin v27.1 (Yoast SEO v27.1.1) - https:\/\/yoast.com\/product\/yoast-seo-premium-wordpress\/ -->\n<title>Adidas Metalbone HRD+ 2026 | Test Padelhaus<\/title>\n<meta name=\"description\" content=\"Mekl\u0113 jaunu padela raketi par labu cenu? Padelhaus pied\u0101v\u0101 lab\u0101ko padela rake\u00f0u izv\u0113li visiem l\u012bme\u0146iem \u2013 tava padela apr\u012bkojuma m\u0101jas.\" \/>\n<meta name=\"robots\" content=\"noindex, follow, max-snippet:-1, max-image-preview:large, max-video-preview:-1\" \/>\n<meta property=\"og:locale\" content=\"lv_LV\" \/>\n<meta property=\"og:type\" content=\"article\" \/>\n<meta property=\"og:title\" content=\"Adidas Metalbone HRD+ 2026\" \/>\n<meta property=\"og:description\" content=\"Mekl\u0113 jaunu padela raketi par labu cenu? Padelhaus pied\u0101v\u0101 lab\u0101ko padela rake\u00f0u izv\u0113li visiem l\u012bme\u0146iem \u2013 tava padela apr\u012bkojuma m\u0101jas.\" \/>\n<meta property=\"og:url\" content=\"https:\/\/padelhaus.mustlammas-dev.in\/lv\/veikals\/adidas-metalbone-hrd-2026\/\" \/>\n<meta property=\"og:site_name\" content=\"Test Padelhaus\" \/>\n<meta property=\"article:modified_time\" content=\"2026-01-29T05:50:47+00:00\" \/>\n<meta property=\"og:image\" content=\"https:\/\/padelhaus.lv\/wp-content\/uploads\/2025\/12\/9.webp\" \/>\n\t<meta property=\"og:image:width\" content=\"1000\" \/>\n\t<meta property=\"og:image:height\" content=\"1000\" \/>\n\t<meta property=\"og:image:type\" content=\"image\/webp\" \/>\n<meta name=\"twitter:card\" content=\"summary_large_image\" \/>\n<meta name=\"twitter:label1\" content=\"Price\" \/>\n\t<meta name=\"twitter:data1\" content=\"299,95&nbsp;&euro;\" \/>\n\t<meta name=\"twitter:label2\" content=\"Availability\" \/>\n\t<meta name=\"twitter:data2\" content=\"On backorder\" \/>\n<script type=\"application\/ld+json\" class=\"yoast-schema-graph\">{\"@context\":\"https:\/\/schema.org\",\"@graph\":[{\"@type\":[\"WebPage\",\"ItemPage\"],\"@id\":\"https:\/\/padelhaus.mustlammas-dev.in\/lv\/veikals\/adidas-metalbone-hrd-2026\/\",\"url\":\"https:\/\/padelhaus.mustlammas-dev.in\/lv\/veikals\/adidas-metalbone-hrd-2026\/\",\"name\":\"Adidas Metalbone HRD+ 2026 | Test Padelhaus\",\"isPartOf\":{\"@id\":\"https:\/\/padelhaus.mustlammas-dev.in\/lv\/#website\"},\"primaryImageOfPage\":{\"@id\":\"https:\/\/padelhaus.mustlammas-dev.in\/lv\/veikals\/adidas-metalbone-hrd-2026\/#primaryimage\"},\"image\":{\"@id\":\"https:\/\/padelhaus.mustlammas-dev.in\/lv\/veikals\/adidas-metalbone-hrd-2026\/#primaryimage\"},\"thumbnailUrl\":\"https:\/\/padelhaus.mustlammas-dev.in\/wp-content\/uploads\/2025\/12\/9.webp\",\"datePublished\":\"2025-12-11T11:18:46+00:00\",\"dateModified\":\"2026-01-29T05:50:47+00:00\",\"description\":\"Mekl\u0113 jaunu padela raketi par labu cenu? Padelhaus pied\u0101v\u0101 lab\u0101ko padela rake\u00f0u izv\u0113li visiem l\u012bme\u0146iem \u2013 tava padela apr\u012bkojuma m\u0101jas.\",\"breadcrumb\":{\"@id\":\"https:\/\/padelhaus.mustlammas-dev.in\/lv\/veikals\/adidas-metalbone-hrd-2026\/#breadcrumb\"},\"inLanguage\":\"lv-LV\",\"potentialAction\":[{\"@type\":\"ReadAction\",\"target\":[\"https:\/\/padelhaus.mustlammas-dev.in\/lv\/veikals\/adidas-metalbone-hrd-2026\/\"]}]},{\"@type\":\"ImageObject\",\"inLanguage\":\"lv-LV\",\"@id\":\"https:\/\/padelhaus.mustlammas-dev.in\/lv\/veikals\/adidas-metalbone-hrd-2026\/#primaryimage\",\"url\":\"https:\/\/padelhaus.mustlammas-dev.in\/wp-content\/uploads\/2025\/12\/9.webp\",\"contentUrl\":\"https:\/\/padelhaus.mustlammas-dev.in\/wp-content\/uploads\/2025\/12\/9.webp\",\"width\":1000,\"height\":1000},{\"@type\":\"BreadcrumbList\",\"@id\":\"https:\/\/padelhaus.mustlammas-dev.in\/lv\/veikals\/adidas-metalbone-hrd-2026\/#breadcrumb\",\"itemListElement\":[{\"@type\":\"ListItem\",\"position\":1,\"name\":\"S\u0101kumlapa\",\"item\":\"https:\/\/padelhaus.lv\/\"},{\"@type\":\"ListItem\",\"position\":2,\"name\":\"Veikals\",\"item\":\"https:\/\/padelhaus.lv\/veikals\/\"},{\"@type\":\"ListItem\",\"position\":3,\"name\":\"Adidas Metalbone HRD+ 2026\"}]},{\"@type\":\"WebSite\",\"@id\":\"https:\/\/padelhaus.mustlammas-dev.in\/lv\/#website\",\"url\":\"https:\/\/padelhaus.mustlammas-dev.in\/lv\/\",\"name\":\"Claude Padelhaus\",\"description\":\"Sinu padelivarustuse kodu\",\"publisher\":{\"@id\":\"https:\/\/padelhaus.mustlammas-dev.in\/lv\/#organization\"},\"potentialAction\":[{\"@type\":\"SearchAction\",\"target\":{\"@type\":\"EntryPoint\",\"urlTemplate\":\"https:\/\/padelhaus.mustlammas-dev.in\/lv\/?s={search_term_string}\"},\"query-input\":{\"@type\":\"PropertyValueSpecification\",\"valueRequired\":true,\"valueName\":\"search_term_string\"}}],\"inLanguage\":\"lv-LV\"},{\"@type\":\"Organization\",\"@id\":\"https:\/\/padelhaus.mustlammas-dev.in\/lv\/#organization\",\"name\":\"Claude Padelhaus\",\"url\":\"https:\/\/padelhaus.mustlammas-dev.in\/lv\/\",\"logo\":{\"@type\":\"ImageObject\",\"inLanguage\":\"lv-LV\",\"@id\":\"https:\/\/padelhaus.mustlammas-dev.in\/lv\/#\/schema\/logo\/image\/\",\"url\":\"https:\/\/padelhaus.mustlammas-dev.in\/wp-content\/uploads\/2025\/05\/Logo-1.png\",\"contentUrl\":\"https:\/\/padelhaus.mustlammas-dev.in\/wp-content\/uploads\/2025\/05\/Logo-1.png\",\"width\":280,\"height\":115,\"caption\":\"Claude Padelhaus\"},\"image\":{\"@id\":\"https:\/\/padelhaus.mustlammas-dev.in\/lv\/#\/schema\/logo\/image\/\"}}]}<\/script>\n<meta property=\"product:price:amount\" content=\"299.95\" \/>\n<meta property=\"product:price:currency\" content=\"EUR\" \/>\n<meta property=\"og:availability\" content=\"backorder\" \/>\n<meta property=\"product:availability\" content=\"available for order\" \/>\n<meta property=\"product:retailer_item_id\" content=\"ADI-R-27\" \/>\n<meta property=\"product:condition\" content=\"new\" \/>\n<!-- \/ Yoast SEO Premium plugin. -->","yoast_head_json":{"title":"Adidas Metalbone HRD+ 2026 | Test Padelhaus","description":"Mekl\u0113 jaunu padela raketi par labu cenu? Padelhaus pied\u0101v\u0101 lab\u0101ko padela rake\u00f0u izv\u0113li visiem l\u012bme\u0146iem \u2013 tava padela apr\u012bkojuma m\u0101jas.","robots":{"index":"noindex","follow":"follow","max-snippet":"max-snippet:-1","max-image-preview":"max-image-preview:large","max-video-preview":"max-video-preview:-1"},"og_locale":"lv_LV","og_type":"article","og_title":"Adidas Metalbone HRD+ 2026","og_description":"Mekl\u0113 jaunu padela raketi par labu cenu? Padelhaus pied\u0101v\u0101 lab\u0101ko padela rake\u00f0u izv\u0113li visiem l\u012bme\u0146iem \u2013 tava padela apr\u012bkojuma m\u0101jas.","og_url":"https:\/\/padelhaus.mustlammas-dev.in\/lv\/veikals\/adidas-metalbone-hrd-2026\/","og_site_name":"Test Padelhaus","article_modified_time":"2026-01-29T05:50:47+00:00","og_image":[{"width":1000,"height":1000,"url":"https:\/\/padelhaus.lv\/wp-content\/uploads\/2025\/12\/9.webp","type":"image\/webp"}],"twitter_card":"summary_large_image","twitter_misc":{"Price":"299,95&nbsp;&euro;","Availability":"On backorder"},"schema":{"@context":"https:\/\/schema.org","@graph":[{"@type":["WebPage","ItemPage"],"@id":"https:\/\/padelhaus.mustlammas-dev.in\/lv\/veikals\/adidas-metalbone-hrd-2026\/","url":"https:\/\/padelhaus.mustlammas-dev.in\/lv\/veikals\/adidas-metalbone-hrd-2026\/","name":"Adidas Metalbone HRD+ 2026 | Test Padelhaus","isPartOf":{"@id":"https:\/\/padelhaus.mustlammas-dev.in\/lv\/#website"},"primaryImageOfPage":{"@id":"https:\/\/padelhaus.mustlammas-dev.in\/lv\/veikals\/adidas-metalbone-hrd-2026\/#primaryimage"},"image":{"@id":"https:\/\/padelhaus.mustlammas-dev.in\/lv\/veikals\/adidas-metalbone-hrd-2026\/#primaryimage"},"thumbnailUrl":"https:\/\/padelhaus.mustlammas-dev.in\/wp-content\/uploads\/2025\/12\/9.webp","datePublished":"2025-12-11T11:18:46+00:00","dateModified":"2026-01-29T05:50:47+00:00","description":"Mekl\u0113 jaunu padela raketi par labu cenu? Padelhaus pied\u0101v\u0101 lab\u0101ko padela rake\u00f0u izv\u0113li visiem l\u012bme\u0146iem \u2013 tava padela apr\u012bkojuma m\u0101jas.","breadcrumb":{"@id":"https:\/\/padelhaus.mustlammas-dev.in\/lv\/veikals\/adidas-metalbone-hrd-2026\/#breadcrumb"},"inLanguage":"lv-LV","potentialAction":[{"@type":"ReadAction","target":["https:\/\/padelhaus.mustlammas-dev.in\/lv\/veikals\/adidas-metalbone-hrd-2026\/"]}]},{"@type":"ImageObject","inLanguage":"lv-LV","@id":"https:\/\/padelhaus.mustlammas-dev.in\/lv\/veikals\/adidas-metalbone-hrd-2026\/#primaryimage","url":"https:\/\/padelhaus.mustlammas-dev.in\/wp-content\/uploads\/2025\/12\/9.webp","contentUrl":"https:\/\/padelhaus.mustlammas-dev.in\/wp-content\/uploads\/2025\/12\/9.webp","width":1000,"height":1000},{"@type":"BreadcrumbList","@id":"https:\/\/padelhaus.mustlammas-dev.in\/lv\/veikals\/adidas-metalbone-hrd-2026\/#breadcrumb","itemListElement":[{"@type":"ListItem","position":1,"name":"S\u0101kumlapa","item":"https:\/\/padelhaus.lv\/"},{"@type":"ListItem","position":2,"name":"Veikals","item":"https:\/\/padelhaus.lv\/veikals\/"},{"@type":"ListItem","position":3,"name":"Adidas Metalbone HRD+ 2026"}]},{"@type":"WebSite","@id":"https:\/\/padelhaus.mustlammas-dev.in\/lv\/#website","url":"https:\/\/padelhaus.mustlammas-dev.in\/lv\/","name":"Claude Padelhaus","description":"Sinu padelivarustuse kodu","publisher":{"@id":"https:\/\/padelhaus.mustlammas-dev.in\/lv\/#organization"},"potentialAction":[{"@type":"SearchAction","target":{"@type":"EntryPoint","urlTemplate":"https:\/\/padelhaus.mustlammas-dev.in\/lv\/?s={search_term_string}"},"query-input":{"@type":"PropertyValueSpecification","valueRequired":true,"valueName":"search_term_string"}}],"inLanguage":"lv-LV"},{"@type":"Organization","@id":"https:\/\/padelhaus.mustlammas-dev.in\/lv\/#organization","name":"Claude Padelhaus","url":"https:\/\/padelhaus.mustlammas-dev.in\/lv\/","logo":{"@type":"ImageObject","inLanguage":"lv-LV","@id":"https:\/\/padelhaus.mustlammas-dev.in\/lv\/#\/schema\/logo\/image\/","url":"https:\/\/padelhaus.mustlammas-dev.in\/wp-content\/uploads\/2025\/05\/Logo-1.png","contentUrl":"https:\/\/padelhaus.mustlammas-dev.in\/wp-content\/uploads\/2025\/05\/Logo-1.png","width":280,"height":115,"caption":"Claude Padelhaus"},"image":{"@id":"https:\/\/padelhaus.mustlammas-dev.in\/lv\/#\/schema\/logo\/image\/"}}]},"product_price_amount":"299.95","product_price_currency":"EUR","og_availability":"backorder","product_availability":"available for order","product_retailer_item_id":"ADI-R-27","product_condition":"new"},"_links":{"self":[{"href":"https:\/\/padelhaus.mustlammas-dev.in\/lv\/wp-json\/wp\/v2\/product\/67361","targetHints":{"allow":["GET"]}}],"collection":[{"href":"https:\/\/padelhaus.mustlammas-dev.in\/lv\/wp-json\/wp\/v2\/product"}],"about":[{"href":"https:\/\/padelhaus.mustlammas-dev.in\/lv\/wp-json\/wp\/v2\/types\/product"}],"replies":[{"embeddable":true,"href":"https:\/\/padelhaus.mustlammas-dev.in\/lv\/wp-json\/wp\/v2\/comments?post=67361"}],"wp:featuredmedia":[{"embeddable":true,"href":"https:\/\/padelhaus.mustlammas-dev.in\/lv\/wp-json\/wp\/v2\/media\/69234"}],"wp:attachment":[{"href":"https:\/\/padelhaus.mustlammas-dev.in\/lv\/wp-json\/wp\/v2\/media?parent=67361"}],"wp:term":[{"taxonomy":"product_brand","embeddable":true,"href":"https:\/\/padelhaus.mustlammas-dev.in\/lv\/wp-json\/wp\/v2\/product_brand?post=67361"},{"taxonomy":"product_cat","embeddable":true,"href":"https:\/\/padelhaus.mustlammas-dev.in\/lv\/wp-json\/wp\/v2\/product_cat?post=67361"},{"taxonomy":"product_tag","embeddable":true,"href":"https:\/\/padelhaus.mustlammas-dev.in\/lv\/wp-json\/wp\/v2\/product_tag?post=67361"}],"curies":[{"name":"wp","href":"https:\/\/api.w.org\/{rel}","templated":true}]}}