{"id":67617,"date":"2025-12-06T03:00:58","date_gmt":"2025-12-06T01:00:58","guid":{"rendered":"https:\/\/padelhaus.mustlammas-dev.in\/?post_type=product&#038;p=67617"},"modified":"2026-03-05T17:00:14","modified_gmt":"2026-03-05T15:00:14","slug":"siux-valkiria-go","status":"publish","type":"product","link":"https:\/\/padelhaus.mustlammas-dev.in\/lv\/veikals\/siux-valkiria-go\/","title":{"rendered":"Siux Valkiria Go"},"content":{"rendered":"<p data-start=\"239\" data-end=\"313\"><strong data-start=\"239\" data-end=\"313\">SIUX VALKIRIA GO 2025: <\/strong>Siux Valkiria Go 2025 \u2013 L\u012bdzsvars un Kontrole Vid\u0113ja L\u012bme\u0146a Sp\u0113l\u0113t\u0101jam<\/p>\n<p data-start=\"70\" data-end=\"501\">Siux Valkiria Go 2025 ir lieliska izv\u0113le vid\u0113ja l\u012bme\u0146a sp\u0113l\u0113t\u0101jiem, kuri mekl\u0113 komfortu, vieglu vad\u0101m\u012bbu un l\u012bdzsvarotu saj\u016btu. Tas pal\u012bdz\u0113s tev att\u012bst\u012bt savu sp\u0113li, pied\u0101v\u0101jot vienm\u0113r\u012bgu bumbas izlido\u0161anu un vieglu manevr\u0113tsp\u0113ju. Jau no pirm\u0101 sitiena tas pied\u0101v\u0101 pat\u012bkamu piesk\u0101rienu un stabilu reakciju, esot ide\u0101ls tiem, kuri v\u0113las uzlabot savu tehniku, vienlaikus baudot uzticamu un daudzpus\u012bgu raketi.  <\/p>\n<p data-start=\"503\" data-end=\"958\">\u0160\u012b mode\u013ca virsma ir izgatavota no 3K Alumesh oglek\u013ca \u0161\u0137iedras, kas apvieno 3K oglek\u013ca \u0161\u0137iedru ar alum\u012bniju, lai rad\u012btu elast\u012bgu un vieglu saj\u016btu. Tu ieg\u016bsi viegl\u0101ku vad\u0101m\u012bbu, nezaud\u0113jot p\u0101rliec\u012bbu sitiena br\u012bd\u012b. R\u0101mis sast\u0101v no oglek\u013ca un stikla \u0161\u0137iedras (50\/50), pied\u0101v\u0101jot labu iztur\u012bbu, triecieniztur\u012bbu un papildu komfortu, pateicoties t\u0101 elast\u012bbai. \u0160ie materi\u0101li veicina stabilit\u0101ti un samazina vibr\u0101ciju, aizsarg\u0101jot tavu roku ilgas sp\u0113les laik\u0101.   <\/p>\n<p data-start=\"960\" data-end=\"1173\">Kodols ir EVA Soft gumijas serde. Zema bl\u012bvuma gumija absorb\u0113 vibr\u0101cijas un nodro\u0161ina izcilu atsper\u012bgumu, radot m\u012bkstu un \u0113rtu saj\u016btu. Sp\u012bd\u012bg\u0101 virsma nodro\u0161ina t\u012bru apdari, aizsarg\u0101jot raketi laika gait\u0101.  <\/p>\n<h5 data-start=\"1175\" data-end=\"1238\">Hibr\u012bda Forma un Vid\u0113js L\u012bdzsvars Visu Sp\u0113les Stilu Vajadz\u012bb\u0101m<\/h5>\n<p data-start=\"1240\" data-end=\"1739\">Valkiria Go 2025 ir hibr\u012bda forma, kas apvieno apa\u013cas raketes kontroli un asaras formas raketes jaudu. Tas nodro\u0161ina l\u012bdzsvarotu reakciju gan aizsardz\u012bbas, gan uzbrukuma sitienos. Vid\u0113jais l\u012bdzsvars vienm\u0113r\u012bgi sadala svaru pa raketi, uzlabojot mobilit\u0101ti un nodro\u0161inot lielu &#8220;sweet spot&#8221;. Pat centr\u0101lie sitieni paliek kontrol\u0113ti, \u013caujot tev sp\u0113l\u0113t ar liel\u0101ku p\u0101rliec\u012bbu un precizit\u0101ti. Vid\u0113ja l\u012bme\u0146a sp\u0113l\u0113t\u0101jiem \u0161\u012b kombin\u0101cija pied\u0101v\u0101 piedo\u0161anu, precizit\u0101ti un pietiekamu jaudu, kad palielini bumbas \u0101trumu.    <\/p>\n<h5 data-start=\"1741\" data-end=\"1768\">Augst\u0101k\u0101 l\u012bme\u0146a tehnolo\u0123ija no Siux<\/h5>\n<ul data-start=\"1770\" data-end=\"2096\">\n<li data-start=\"1770\" data-end=\"1886\">\n<p data-start=\"1772\" data-end=\"1886\"><strong data-start=\"1772\" data-end=\"1791\">3K Alumesh \u0160\u0137iedra<\/strong>: Oglek\u013ca un alum\u012bnija mais\u012bjums, kas nodro\u0161ina viegl\u0101ku un elast\u012bg\u0101ku saj\u016btu ar stabilu p\u0101rliec\u012bbu.<\/p>\n<\/li>\n<li data-start=\"1887\" data-end=\"2003\">\n<p data-start=\"1889\" data-end=\"2003\"><strong data-start=\"1889\" data-end=\"1909\">EVA Soft Kodols<\/strong>: Izcila vibr\u0101ciju absorbcija un bumbas atsper\u012bgums ar m\u012bkstu, rokai draudz\u012bgu saj\u016btu.<\/p>\n<\/li>\n<li data-start=\"2004\" data-end=\"2096\">\n<p data-start=\"2006\" data-end=\"2096\"><strong data-start=\"2006\" data-end=\"2038\">50\/50 Oglek\u013ca-Stikla \u0160\u0137iedras R\u0101mis<\/strong>: Sp\u0113c\u012bgs, iztur\u012bgs un elast\u012bgs, nodro\u0161inot \u0113rtu sp\u0113li.<\/p>\n<\/li>\n<\/ul>\n<h5 data-start=\"2098\" data-end=\"2126\">Kam Piem\u0113rota \u0160\u012b Rakete?<\/h5>\n<p data-start=\"2128\" data-end=\"2553\">Siux Valkiria Go 2025 ir paredz\u0113ta vid\u0113ja l\u012bme\u0146a sp\u0113l\u0113t\u0101jiem, kuri mekl\u0113 l\u012bdzsvarotu raketi, kas atbalsta vi\u0146u att\u012bst\u012bbu. Piem\u0113rota sp\u0113l\u0113t\u0101jiem, kuri nov\u0113rt\u0113 komfortu, vienm\u0113r\u012bgu bumbas izlido\u0161anu un m\u012bkstu saj\u016btu. Hibr\u012bda forma pal\u012bdz kontrol\u0113t, savuk\u0101rt kop\u0113jais dizains \u013cauj tev att\u012bst\u012bt jaudu uzbrukuma sitienos. T\u0101 ir lieliska izv\u0113le daudzpus\u012bgiem sp\u0113l\u0113t\u0101jiem, kuri vienm\u0113r\u012bgi p\u0101rvietojas starp aizsardz\u012bbu un uzbrukumu.   <\/p>\n<h5 data-start=\"2555\" data-end=\"2609\">Bie\u017e\u0101k Uzdotie Jaut\u0101jumi \u2013 Siux Valkiria Go 2025<\/h5>\n<p data-start=\"2611\" data-end=\"2752\"><strong data-start=\"2611\" data-end=\"2645\">Kuram sp\u0113l\u0113t\u0101jam t\u0101 ir piem\u0113rota?<\/strong><br data-start=\"2645\" data-end=\"2648\">Vid\u0113ja l\u012bme\u0146a sp\u0113l\u0113t\u0101jiem, kuri mekl\u0113 \u0113rtu, vieglu un l\u012bdzsvarotu raketi, kas atbalsta vi\u0146u att\u012bst\u012bbu.<\/p>\n<p data-start=\"2754\" data-end=\"2884\"><strong data-start=\"2754\" data-end=\"2790\">K\u0101di materi\u0101li tiek izmantoti?<\/strong><br data-start=\"2790\" data-end=\"2793\">3K Alumesh \u0161\u0137iedra virsm\u0101m, hibr\u012bda oglek\u013ca-stikla \u0161\u0137iedras r\u0101mis un EVA Soft gumijas serde.<\/p>\n<p data-start=\"2886\" data-end=\"3035\"><strong data-start=\"2886\" data-end=\"2944\">K\u0101das ir hibr\u012bda formas un vid\u0113j\u0101 l\u012bdzsvara priek\u0161roc\u012bbas?<\/strong><br data-start=\"2944\" data-end=\"2947\">T\u0101 pied\u0101v\u0101 kontroles un jaudas apvienojumu, viegl\u0101ku manevr\u0113tsp\u0113ju un liel\u0101ku &#8220;sweet spot&#8221;.<\/p>\n<p data-start=\"3037\" data-end=\"3147\"><strong data-start=\"3037\" data-end=\"3073\">Vai t\u0101 pal\u012bdz izvair\u012bties no traum\u0101m?<\/strong><br data-start=\"3073\" data-end=\"3076\">J\u0101, EVA Soft kodols labi absorb\u0113 vibr\u0101cijas un samazina rokas nogurumu.<\/p>\n<p data-start=\"3149\" data-end=\"3414\"><strong data-start=\"3149\" data-end=\"3192\">K\u0101 t\u0101 sal\u012bdzin\u0101ma ar citiem z\u012bmoliem?<\/strong><br data-start=\"3192\" data-end=\"3195\">At\u0161\u0137iras ar savu vieglo un elast\u012bgo saj\u016btu, pied\u0101v\u0101jot l\u012bdzsvarotu dizainu, kas piem\u0113rots att\u012bst\u012bbai. T\u0101 ir \u0113rta alternat\u012bva stingr\u0101k\u0101m vai specializ\u0113t\u0101k\u0101m raket\u0113m no t\u0101diem z\u012bmoliem k\u0101 Nox, Bullpadel, Head vai Adidas. <\/p>\n<h5 data-start=\"3416\" data-end=\"3464\">Kopsavilkums: Gudra Izv\u0113le Augo\u0161am Sp\u0113l\u0113t\u0101jam<\/h5>\n<p data-start=\"3466\" data-end=\"3932\" data-is-last-node=\"\" data-is-only-node=\"\">Siux Valkiria Go 2025 apvieno augstas kvalit\u0101tes materi\u0101lus, hibr\u012bda formu un \u0113rtu m\u012bkstu kodolu, lai pied\u0101v\u0101tu raketi, kas ir gan piedodo\u0161a, gan dinamiska. T\u0101 ir rad\u012bta sp\u0113l\u0113t\u0101jiem, kuri v\u0113las pilnveidot savu tehniku ar r\u012bku, kas nodro\u0161ina kontroli, jaudu un vienm\u0113r\u012bgu vad\u0101m\u012bbu. Ja mekl\u0113 raketi, kas atbalsta tavu att\u012bst\u012bbu un pal\u012bdz tev sp\u0113l\u0113t p\u0101rliecino\u0161i, Valkiria Go 2025 ir gudra invest\u012bcija. Izbaudi l\u012bdzsvarotu, \u0113rtu saj\u016btu un pacel savu sp\u0113li n\u0101kamaj\u0101 l\u012bmen\u012b.   <\/p>\n<h5 data-start=\"733\" data-end=\"861\">Specifik\u0101cijas<\/h5>\n<ul>\n<li><strong>Z\u012bmols<\/strong>: Siux<\/li>\n<li><strong>Dzimums<\/strong>: Unisex<\/li>\n<li><strong>L\u012bmenis<\/strong>: Vid\u0113jais l\u012bmenis<\/li>\n<li><strong>Sp\u0113les veids<\/strong>: Daudzfunkcion\u0101ls<\/li>\n<li><strong>Forma<\/strong>: Hibr\u012bds<\/li>\n<li><strong>Svars<\/strong>: 345\u2013355 g<\/li>\n<li><strong>Strukt\u016bra<\/strong>: Carbon<\/li>\n<li><strong>Kodols<\/strong>: EVA Mix<\/li>\n<li><strong>Virsma<\/strong>: Aluminiz\u0113ts ogleklis<\/li>\n<li><strong>Sezona<\/strong>: 2025<\/li>\n<\/ul>\n","protected":false},"excerpt":{"rendered":"<p>SIUX VALKIRIA GO 2025: Siux Valkiria Go 2025 \u2013 L\u012bdzsvars un Kontrole Vid\u0113ja L\u012bme\u0146a Sp\u0113l\u0113t\u0101jam Siux Valkiria Go 2025 ir lieliska izv\u0113le vid\u0113ja l\u012bme\u0146a sp\u0113l\u0113t\u0101jiem, kuri mekl\u0113 komfortu, vieglu vad\u0101m\u012bbu un l\u012bdzsvarotu saj\u016btu. Tas pal\u012bdz\u0113s tev att\u012bst\u012bt savu sp\u0113li, pied\u0101v\u0101jot vienm\u0113r\u012bgu bumbas izlido\u0161anu un vieglu manevr\u0113tsp\u0113ju. Jau no pirm\u0101 sitiena tas pied\u0101v\u0101 pat\u012bkamu piesk\u0101rienu un [&hellip;]<\/p>\n","protected":false},"featured_media":72154,"comment_status":"open","ping_status":"closed","template":"","meta":{"_eb_attr":""},"product_brand":[260],"product_cat":[261,251,263,262,284],"product_tag":[],"class_list":{"0":"post-67617","1":"product","2":"type-product","3":"status-publish","4":"has-post-thumbnail","6":"product_brand-siux","7":"product_cat-iesaceji","8":"product_cat-padela-raketes","9":"product_cat-sievietes","10":"product_cat-siux","11":"product_cat-viriesi","12":"pa_kuju-piliens","13":"pa_mangustiil-hibrids","14":"pa_tasakaal-centra","15":"pa_tase-iesacejs","16":"pa_varv-zila","19":"first","20":"onbackorder","21":"sale","22":"taxable","23":"shipping-taxable","24":"purchasable","25":"product-type-simple"},"yoast_head":"<!-- This site is optimized with the Yoast SEO Premium plugin v27.1 (Yoast SEO v27.1.1) - https:\/\/yoast.com\/product\/yoast-seo-premium-wordpress\/ -->\n<title>Siux Valkiria Go | Test Padelhaus<\/title>\n<meta name=\"description\" content=\"Mekl\u0113 jaunu padela raketi par labu cenu? Padelhaus pied\u0101v\u0101 lab\u0101ko padela rake\u00f0u izv\u0113li visiem l\u012bme\u0146iem \u2013 tava padela apr\u012bkojuma m\u0101jas.\" \/>\n<meta name=\"robots\" content=\"noindex, follow, max-snippet:-1, max-image-preview:large, max-video-preview:-1\" \/>\n<meta property=\"og:locale\" content=\"lv_LV\" \/>\n<meta property=\"og:type\" content=\"article\" \/>\n<meta property=\"og:title\" content=\"Siux Valkiria Go\" \/>\n<meta property=\"og:description\" content=\"Mekl\u0113 jaunu padela raketi par labu cenu? Padelhaus pied\u0101v\u0101 lab\u0101ko padela rake\u00f0u izv\u0113li visiem l\u012bme\u0146iem \u2013 tava padela apr\u012bkojuma m\u0101jas.\" \/>\n<meta property=\"og:url\" content=\"https:\/\/padelhaus.mustlammas-dev.in\/lv\/veikals\/siux-valkiria-go\/\" \/>\n<meta property=\"og:site_name\" content=\"Test Padelhaus\" \/>\n<meta property=\"article:modified_time\" content=\"2026-03-05T15:00:14+00:00\" \/>\n<meta property=\"og:image\" content=\"https:\/\/padelhaus.lv\/wp-content\/uploads\/2025\/12\/SIUX-VALIKIRIA-GO-2025-BEEZ.webp\" \/>\n\t<meta property=\"og:image:width\" content=\"1000\" \/>\n\t<meta property=\"og:image:height\" content=\"1000\" \/>\n\t<meta property=\"og:image:type\" content=\"image\/webp\" \/>\n<meta name=\"twitter:card\" content=\"summary_large_image\" \/>\n<meta name=\"twitter:label1\" content=\"Price\" \/>\n\t<meta name=\"twitter:data1\" content=\"89,95&nbsp;&euro;\" \/>\n\t<meta name=\"twitter:label2\" content=\"Availability\" \/>\n\t<meta name=\"twitter:data2\" content=\"On backorder\" \/>\n<script type=\"application\/ld+json\" class=\"yoast-schema-graph\">{\"@context\":\"https:\/\/schema.org\",\"@graph\":[{\"@type\":[\"WebPage\",\"ItemPage\"],\"@id\":\"https:\/\/padelhaus.mustlammas-dev.in\/lv\/veikals\/siux-valkiria-go\/\",\"url\":\"https:\/\/padelhaus.mustlammas-dev.in\/lv\/veikals\/siux-valkiria-go\/\",\"name\":\"Siux Valkiria Go | Test Padelhaus\",\"isPartOf\":{\"@id\":\"https:\/\/padelhaus.mustlammas-dev.in\/lv\/#website\"},\"primaryImageOfPage\":{\"@id\":\"https:\/\/padelhaus.mustlammas-dev.in\/lv\/veikals\/siux-valkiria-go\/#primaryimage\"},\"image\":{\"@id\":\"https:\/\/padelhaus.mustlammas-dev.in\/lv\/veikals\/siux-valkiria-go\/#primaryimage\"},\"thumbnailUrl\":\"https:\/\/padelhaus.mustlammas-dev.in\/wp-content\/uploads\/2025\/12\/SIUX-VALIKIRIA-GO-2025-BEEZ.webp\",\"datePublished\":\"2025-12-06T01:00:58+00:00\",\"dateModified\":\"2026-03-05T15:00:14+00:00\",\"description\":\"Mekl\u0113 jaunu padela raketi par labu cenu? Padelhaus pied\u0101v\u0101 lab\u0101ko padela rake\u00f0u izv\u0113li visiem l\u012bme\u0146iem \u2013 tava padela apr\u012bkojuma m\u0101jas.\",\"breadcrumb\":{\"@id\":\"https:\/\/padelhaus.mustlammas-dev.in\/lv\/veikals\/siux-valkiria-go\/#breadcrumb\"},\"inLanguage\":\"lv-LV\",\"potentialAction\":[{\"@type\":\"ReadAction\",\"target\":[\"https:\/\/padelhaus.mustlammas-dev.in\/lv\/veikals\/siux-valkiria-go\/\"]}]},{\"@type\":\"ImageObject\",\"inLanguage\":\"lv-LV\",\"@id\":\"https:\/\/padelhaus.mustlammas-dev.in\/lv\/veikals\/siux-valkiria-go\/#primaryimage\",\"url\":\"https:\/\/padelhaus.mustlammas-dev.in\/wp-content\/uploads\/2025\/12\/SIUX-VALIKIRIA-GO-2025-BEEZ.webp\",\"contentUrl\":\"https:\/\/padelhaus.mustlammas-dev.in\/wp-content\/uploads\/2025\/12\/SIUX-VALIKIRIA-GO-2025-BEEZ.webp\",\"width\":1000,\"height\":1000},{\"@type\":\"BreadcrumbList\",\"@id\":\"https:\/\/padelhaus.mustlammas-dev.in\/lv\/veikals\/siux-valkiria-go\/#breadcrumb\",\"itemListElement\":[{\"@type\":\"ListItem\",\"position\":1,\"name\":\"S\u0101kumlapa\",\"item\":\"https:\/\/padelhaus.lv\/\"},{\"@type\":\"ListItem\",\"position\":2,\"name\":\"Veikals\",\"item\":\"https:\/\/padelhaus.lv\/veikals\/\"},{\"@type\":\"ListItem\",\"position\":3,\"name\":\"Siux Valkiria Go\"}]},{\"@type\":\"WebSite\",\"@id\":\"https:\/\/padelhaus.mustlammas-dev.in\/lv\/#website\",\"url\":\"https:\/\/padelhaus.mustlammas-dev.in\/lv\/\",\"name\":\"Claude Padelhaus\",\"description\":\"Sinu padelivarustuse kodu\",\"publisher\":{\"@id\":\"https:\/\/padelhaus.mustlammas-dev.in\/lv\/#organization\"},\"potentialAction\":[{\"@type\":\"SearchAction\",\"target\":{\"@type\":\"EntryPoint\",\"urlTemplate\":\"https:\/\/padelhaus.mustlammas-dev.in\/lv\/?s={search_term_string}\"},\"query-input\":{\"@type\":\"PropertyValueSpecification\",\"valueRequired\":true,\"valueName\":\"search_term_string\"}}],\"inLanguage\":\"lv-LV\"},{\"@type\":\"Organization\",\"@id\":\"https:\/\/padelhaus.mustlammas-dev.in\/lv\/#organization\",\"name\":\"Claude Padelhaus\",\"url\":\"https:\/\/padelhaus.mustlammas-dev.in\/lv\/\",\"logo\":{\"@type\":\"ImageObject\",\"inLanguage\":\"lv-LV\",\"@id\":\"https:\/\/padelhaus.mustlammas-dev.in\/lv\/#\/schema\/logo\/image\/\",\"url\":\"https:\/\/padelhaus.mustlammas-dev.in\/wp-content\/uploads\/2025\/05\/Logo-1.png\",\"contentUrl\":\"https:\/\/padelhaus.mustlammas-dev.in\/wp-content\/uploads\/2025\/05\/Logo-1.png\",\"width\":280,\"height\":115,\"caption\":\"Claude Padelhaus\"},\"image\":{\"@id\":\"https:\/\/padelhaus.mustlammas-dev.in\/lv\/#\/schema\/logo\/image\/\"}}]}<\/script>\n<meta property=\"product:price:amount\" content=\"89.95\" \/>\n<meta property=\"product:price:currency\" content=\"EUR\" \/>\n<meta property=\"og:availability\" content=\"backorder\" \/>\n<meta property=\"product:availability\" content=\"available for order\" \/>\n<meta property=\"product:retailer_item_id\" content=\"SIU-R-19\" \/>\n<meta property=\"product:condition\" content=\"new\" \/>\n<!-- \/ Yoast SEO Premium plugin. -->","yoast_head_json":{"title":"Siux Valkiria Go | Test Padelhaus","description":"Mekl\u0113 jaunu padela raketi par labu cenu? Padelhaus pied\u0101v\u0101 lab\u0101ko padela rake\u00f0u izv\u0113li visiem l\u012bme\u0146iem \u2013 tava padela apr\u012bkojuma m\u0101jas.","robots":{"index":"noindex","follow":"follow","max-snippet":"max-snippet:-1","max-image-preview":"max-image-preview:large","max-video-preview":"max-video-preview:-1"},"og_locale":"lv_LV","og_type":"article","og_title":"Siux Valkiria Go","og_description":"Mekl\u0113 jaunu padela raketi par labu cenu? Padelhaus pied\u0101v\u0101 lab\u0101ko padela rake\u00f0u izv\u0113li visiem l\u012bme\u0146iem \u2013 tava padela apr\u012bkojuma m\u0101jas.","og_url":"https:\/\/padelhaus.mustlammas-dev.in\/lv\/veikals\/siux-valkiria-go\/","og_site_name":"Test Padelhaus","article_modified_time":"2026-03-05T15:00:14+00:00","og_image":[{"width":1000,"height":1000,"url":"https:\/\/padelhaus.lv\/wp-content\/uploads\/2025\/12\/SIUX-VALIKIRIA-GO-2025-BEEZ.webp","type":"image\/webp"}],"twitter_card":"summary_large_image","twitter_misc":{"Price":"89,95&nbsp;&euro;","Availability":"On backorder"},"schema":{"@context":"https:\/\/schema.org","@graph":[{"@type":["WebPage","ItemPage"],"@id":"https:\/\/padelhaus.mustlammas-dev.in\/lv\/veikals\/siux-valkiria-go\/","url":"https:\/\/padelhaus.mustlammas-dev.in\/lv\/veikals\/siux-valkiria-go\/","name":"Siux Valkiria Go | Test Padelhaus","isPartOf":{"@id":"https:\/\/padelhaus.mustlammas-dev.in\/lv\/#website"},"primaryImageOfPage":{"@id":"https:\/\/padelhaus.mustlammas-dev.in\/lv\/veikals\/siux-valkiria-go\/#primaryimage"},"image":{"@id":"https:\/\/padelhaus.mustlammas-dev.in\/lv\/veikals\/siux-valkiria-go\/#primaryimage"},"thumbnailUrl":"https:\/\/padelhaus.mustlammas-dev.in\/wp-content\/uploads\/2025\/12\/SIUX-VALIKIRIA-GO-2025-BEEZ.webp","datePublished":"2025-12-06T01:00:58+00:00","dateModified":"2026-03-05T15:00:14+00:00","description":"Mekl\u0113 jaunu padela raketi par labu cenu? Padelhaus pied\u0101v\u0101 lab\u0101ko padela rake\u00f0u izv\u0113li visiem l\u012bme\u0146iem \u2013 tava padela apr\u012bkojuma m\u0101jas.","breadcrumb":{"@id":"https:\/\/padelhaus.mustlammas-dev.in\/lv\/veikals\/siux-valkiria-go\/#breadcrumb"},"inLanguage":"lv-LV","potentialAction":[{"@type":"ReadAction","target":["https:\/\/padelhaus.mustlammas-dev.in\/lv\/veikals\/siux-valkiria-go\/"]}]},{"@type":"ImageObject","inLanguage":"lv-LV","@id":"https:\/\/padelhaus.mustlammas-dev.in\/lv\/veikals\/siux-valkiria-go\/#primaryimage","url":"https:\/\/padelhaus.mustlammas-dev.in\/wp-content\/uploads\/2025\/12\/SIUX-VALIKIRIA-GO-2025-BEEZ.webp","contentUrl":"https:\/\/padelhaus.mustlammas-dev.in\/wp-content\/uploads\/2025\/12\/SIUX-VALIKIRIA-GO-2025-BEEZ.webp","width":1000,"height":1000},{"@type":"BreadcrumbList","@id":"https:\/\/padelhaus.mustlammas-dev.in\/lv\/veikals\/siux-valkiria-go\/#breadcrumb","itemListElement":[{"@type":"ListItem","position":1,"name":"S\u0101kumlapa","item":"https:\/\/padelhaus.lv\/"},{"@type":"ListItem","position":2,"name":"Veikals","item":"https:\/\/padelhaus.lv\/veikals\/"},{"@type":"ListItem","position":3,"name":"Siux Valkiria Go"}]},{"@type":"WebSite","@id":"https:\/\/padelhaus.mustlammas-dev.in\/lv\/#website","url":"https:\/\/padelhaus.mustlammas-dev.in\/lv\/","name":"Claude Padelhaus","description":"Sinu padelivarustuse kodu","publisher":{"@id":"https:\/\/padelhaus.mustlammas-dev.in\/lv\/#organization"},"potentialAction":[{"@type":"SearchAction","target":{"@type":"EntryPoint","urlTemplate":"https:\/\/padelhaus.mustlammas-dev.in\/lv\/?s={search_term_string}"},"query-input":{"@type":"PropertyValueSpecification","valueRequired":true,"valueName":"search_term_string"}}],"inLanguage":"lv-LV"},{"@type":"Organization","@id":"https:\/\/padelhaus.mustlammas-dev.in\/lv\/#organization","name":"Claude Padelhaus","url":"https:\/\/padelhaus.mustlammas-dev.in\/lv\/","logo":{"@type":"ImageObject","inLanguage":"lv-LV","@id":"https:\/\/padelhaus.mustlammas-dev.in\/lv\/#\/schema\/logo\/image\/","url":"https:\/\/padelhaus.mustlammas-dev.in\/wp-content\/uploads\/2025\/05\/Logo-1.png","contentUrl":"https:\/\/padelhaus.mustlammas-dev.in\/wp-content\/uploads\/2025\/05\/Logo-1.png","width":280,"height":115,"caption":"Claude Padelhaus"},"image":{"@id":"https:\/\/padelhaus.mustlammas-dev.in\/lv\/#\/schema\/logo\/image\/"}}]},"product_price_amount":"89.95","product_price_currency":"EUR","og_availability":"backorder","product_availability":"available for order","product_retailer_item_id":"SIU-R-19","product_condition":"new"},"_links":{"self":[{"href":"https:\/\/padelhaus.mustlammas-dev.in\/lv\/wp-json\/wp\/v2\/product\/67617","targetHints":{"allow":["GET"]}}],"collection":[{"href":"https:\/\/padelhaus.mustlammas-dev.in\/lv\/wp-json\/wp\/v2\/product"}],"about":[{"href":"https:\/\/padelhaus.mustlammas-dev.in\/lv\/wp-json\/wp\/v2\/types\/product"}],"replies":[{"embeddable":true,"href":"https:\/\/padelhaus.mustlammas-dev.in\/lv\/wp-json\/wp\/v2\/comments?post=67617"}],"wp:featuredmedia":[{"embeddable":true,"href":"https:\/\/padelhaus.mustlammas-dev.in\/lv\/wp-json\/wp\/v2\/media\/72154"}],"wp:attachment":[{"href":"https:\/\/padelhaus.mustlammas-dev.in\/lv\/wp-json\/wp\/v2\/media?parent=67617"}],"wp:term":[{"taxonomy":"product_brand","embeddable":true,"href":"https:\/\/padelhaus.mustlammas-dev.in\/lv\/wp-json\/wp\/v2\/product_brand?post=67617"},{"taxonomy":"product_cat","embeddable":true,"href":"https:\/\/padelhaus.mustlammas-dev.in\/lv\/wp-json\/wp\/v2\/product_cat?post=67617"},{"taxonomy":"product_tag","embeddable":true,"href":"https:\/\/padelhaus.mustlammas-dev.in\/lv\/wp-json\/wp\/v2\/product_tag?post=67617"}],"curies":[{"name":"wp","href":"https:\/\/api.w.org\/{rel}","templated":true}]}}