{"id":69240,"date":"2026-01-05T13:39:32","date_gmt":"2026-01-05T11:39:32","guid":{"rendered":"https:\/\/padelhaus.mustlammas-dev.in\/pood\/head-radical-team-light-2026\/"},"modified":"2026-01-29T07:50:35","modified_gmt":"2026-01-29T05:50:35","slug":"head-radical-team-light-2026","status":"publish","type":"product","link":"https:\/\/padelhaus.mustlammas-dev.in\/lv\/veikals\/head-radical-team-light-2026\/","title":{"rendered":"Head Radical Team Light 2026"},"content":{"rendered":"<h5>Head Radical Team Light 2026 \u2013 absol\u016bta precizit\u0101te<\/h5>\n<p>&nbsp;<\/p>\n<p class=\"p3\"><span class=\"s2\">Radical Team Light 2026<\/span> ir uz kontroli orient\u0113ta padela rakete sp\u0113l\u0113t\u0101jiem, kuri v\u0113las kontrol\u0113t katru punktu ar maksim\u0101lu precizit\u0101ti.<\/p>\n<p class=\"p3\">Raketei ir <span class=\"s2\">apa\u013ca forma<\/span>, <span class=\"s2\">vid\u0113js l\u012bdzsvars<\/span> un <span class=\"s2\">\u012bpa\u0161i viegls svars 340 grami<\/span>, kas nodro\u0161ina izcilu manevr\u0113tsp\u0113ju un \u0113rtu vad\u0101m\u012bbu vis\u0101s sp\u0113les situ\u0101cij\u0101s.<\/p>\n<p class=\"p3\">Raketes virsmas ir izgatavotas no <span class=\"s2\">stikla \u0161\u0137iedras materi\u0101la<\/span>, kas pie\u0161\u0137ir elast\u012bbu, un kodol\u0101 tiek izmantotas <span class=\"s2\">Control Foam<\/span> putas, kas nodro\u0161ina m\u012bkstu saj\u016btu un vienm\u0113r\u012bgu sitiena kvalit\u0101ti. Head Radical Team Light 2026 ir daudzpus\u012bga un dro\u0161a izv\u0113le sp\u0113l\u0113t\u0101jiem, kuri nov\u0113rt\u0113 taktisko kontroli, stabilit\u0101ti un precizit\u0101ti. <\/p>\n<h5>Radical Team Light \u2013 sp\u0113l\u0113t\u0101jam, kur\u0161 m\u012bl kontroli<\/h5>\n<p>&nbsp;<\/p>\n<p class=\"p3\">Radical Team Light 2026 ir paredz\u0113ta sp\u0113l\u0113t\u0101jiem, kuru stipr\u0101 puse ir <span class=\"s2\">strat\u0113\u0123isk\u0101 dom\u0101\u0161ana<\/span>, sp\u0113les las\u012b\u0161ana un sp\u0113ja main\u012bt tempu p\u0113c vajadz\u012bbas.<\/p>\n<p class=\"p3\">T\u0101 ir ide\u0101li piem\u0113rota mobilajiem sp\u0113l\u0113t\u0101jiem, kuri j\u016btas \u0113rti, p\u0101rejot uzbrukum\u0101 p\u0101rejas sp\u0113l\u0113, un p\u0101rvalda tehniskos sitienus, piem\u0113ram, <span class=\"s2\">chiquita<\/span>, <span class=\"s2\">bandeja<\/span> un <span class=\"s2\">v\u00edbora<\/span>.<\/p>\n<p class=\"p3\">Pateicoties t\u0101s vieglumam un kontrol\u0113tai saj\u016btai, rakete pied\u0101v\u0101 nepiecie\u0161amo daudzpus\u012bbu gan m\u012bkstai aizsardz\u012bbas sp\u0113lei, gan stabilam uzbrukuma sitienam. T\u0101 uzticami piel\u0101gojas katrai sp\u0113les f\u0101zei un jebkurai situ\u0101cijai laukum\u0101. <\/p>\n<h5>Tehnolo\u0123ijas un svar\u012bg\u0101k\u0101s \u012bpa\u0161\u012bbas<\/h5>\n<ul>\n<li>\n<p class=\"p1\"><span class=\"s1\">Auxetic 2.0<\/span> \u2013 uzlabota reakcija uz tilta un roktura lab\u0101kai saj\u016btai un atgriezeniskajai saitei<\/p>\n<\/li>\n<li>\n<p class=\"p1\"><span class=\"s1\">Optimized Sweet Spot<\/span> \u2013 \u012bpa\u0161s caurumu raksts, kas palielina optim\u0101lo sitiena zonu<\/p>\n<\/li>\n<li>\n<p class=\"p1\"><span class=\"s1\">Tailored Frame<\/span> \u2013 bezcauru\u013cu r\u0101mis, kas uzlabo triecieniztur\u012bbu un kop\u0113jo veiktsp\u0113ju<\/p>\n<\/li>\n<li>\n<p class=\"p1\"><span class=\"s1\">Smart Bridge<\/span> \u2013 individu\u0101li izstr\u0101d\u0101ts tilts optim\u0101lai kontrolei un stabilit\u0101tei<\/p>\n<\/li>\n<li>\n<p class=\"p1\"><span class=\"s1\">Control Foam<\/span> \u2013 prec\u012bzas un m\u012bkstas putas lab\u0101kai vad\u0101m\u012bbai tehniskajos sitienos<\/p>\n<\/li>\n<li>\n<p class=\"p1\"><span class=\"s1\">Graphene 360+<\/span> \u2013 uzlabota ener\u0123ijas p\u0101rnese un t\u012bra sitiena saj\u016bta<\/p>\n<\/li>\n<li>\n<p class=\"p1\"><span class=\"s1\">Svars:<\/span> 340 g \u2013 maksim\u0101ls vad\u0101m\u012bbas komforts<\/p>\n<\/li>\n<li>\n<p class=\"p1\"><span class=\"s1\">Forma:<\/span> apa\u013ca \u2013 ide\u0101li piem\u0113rota absol\u016btai kontrolei<\/p>\n<\/li>\n<li>\n<p class=\"p1\"><span class=\"s1\">Virsmas:<\/span> stikla \u0161\u0137iedra \u2013 m\u012bksta un elast\u012bga saj\u016bta<\/p>\n<\/li>\n<\/ul>\n<h5>Prec\u012bza, l\u012bdzsvarota un uzticama katr\u0101 punkt\u0101<\/h5>\n<p>&nbsp;<\/p>\n<p class=\"p3\">Head Radical Team Light 2026 ir viegls un \u0113rts rakete, kuras tehnolo\u0123ijas ir rad\u012btas <span class=\"s2\">precizit\u0101tes, stabilit\u0101tes un kontroles maksimiz\u0113\u0161anai<\/span>.<\/p>\n<p class=\"p3\">Ja tu mekl\u0113 l\u012bdzsvaru, stabilu saj\u016btu un nevainojamu reakciju katr\u0101 sitien\u0101, tad \u0161is modelis ir ide\u0101la izv\u0113le taktiskam sp\u0113l\u0113t\u0101jam, kur\u0161 v\u0113las piln\u012bb\u0101 kontrol\u0113t ma\u010da tempu.<\/p>\n","protected":false},"excerpt":{"rendered":"<p>Head Radical Team Light 2026 \u2013 absol\u016bta precizit\u0101te &nbsp; Radical Team Light 2026 ir uz kontroli orient\u0113ta padela rakete sp\u0113l\u0113t\u0101jiem, kuri v\u0113las kontrol\u0113t katru punktu ar maksim\u0101lu precizit\u0101ti. Raketei ir apa\u013ca forma, vid\u0113js l\u012bdzsvars un \u012bpa\u0161i viegls svars 340 grami, kas nodro\u0161ina izcilu manevr\u0113tsp\u0113ju un \u0113rtu vad\u0101m\u012bbu vis\u0101s sp\u0113les situ\u0101cij\u0101s. Raketes virsmas ir izgatavotas no [&hellip;]<\/p>\n","protected":false},"featured_media":69241,"comment_status":"open","ping_status":"closed","template":"","meta":{"_eb_attr":""},"product_brand":[313],"product_cat":[314,261,251],"product_tag":[],"class_list":{"0":"post-69240","1":"product","2":"type-product","3":"status-publish","4":"has-post-thumbnail","6":"product_brand-head","7":"product_cat-head","8":"product_cat-iesaceji","9":"product_cat-padela-raketes","10":"pa_kaal-340-g","11":"pa_kuju-apala","12":"pa_mangustiil-kontrole","13":"pa_tasakaal-augsa","14":"pa_tasakaal-centra","15":"pa_tase-iesacejs","16":"pa_tase-videjais-limenis","17":"pa_varv-sarkana","18":"pa_varv-zala","21":"first","22":"instock","23":"sale","24":"featured","25":"taxable","26":"shipping-taxable","27":"purchasable","28":"product-type-simple"},"yoast_head":"<!-- This site is optimized with the Yoast SEO Premium plugin v27.1 (Yoast SEO v27.1.1) - https:\/\/yoast.com\/product\/yoast-seo-premium-wordpress\/ -->\n<title>Head Radical Team Light 2026 | Test Padelhaus<\/title>\n<meta name=\"description\" content=\"Mekl\u0113 jaunu padela raketi par labu cenu? Padelhaus pied\u0101v\u0101 lab\u0101ko padela rake\u00f0u izv\u0113li visiem l\u012bme\u0146iem \u2013 tava padela apr\u012bkojuma m\u0101jas.\" \/>\n<meta name=\"robots\" content=\"noindex, follow, max-snippet:-1, max-image-preview:large, max-video-preview:-1\" \/>\n<meta property=\"og:locale\" content=\"lv_LV\" \/>\n<meta property=\"og:type\" content=\"article\" \/>\n<meta property=\"og:title\" content=\"Head Radical Team Light 2026\" \/>\n<meta property=\"og:description\" content=\"Mekl\u0113 jaunu padela raketi par labu cenu? Padelhaus pied\u0101v\u0101 lab\u0101ko padela rake\u00f0u izv\u0113li visiem l\u012bme\u0146iem \u2013 tava padela apr\u012bkojuma m\u0101jas.\" \/>\n<meta property=\"og:url\" content=\"https:\/\/padelhaus.mustlammas-dev.in\/lv\/veikals\/head-radical-team-light-2026\/\" \/>\n<meta property=\"og:site_name\" content=\"Test Padelhaus\" \/>\n<meta property=\"article:modified_time\" content=\"2026-01-29T05:50:35+00:00\" \/>\n<meta property=\"og:image\" content=\"https:\/\/padelhaus.lv\/wp-content\/uploads\/2026\/01\/1.webp\" \/>\n\t<meta property=\"og:image:width\" content=\"1000\" \/>\n\t<meta property=\"og:image:height\" content=\"1000\" \/>\n\t<meta property=\"og:image:type\" content=\"image\/webp\" \/>\n<meta name=\"twitter:card\" content=\"summary_large_image\" \/>\n<meta name=\"twitter:label1\" content=\"Price\" \/>\n\t<meta name=\"twitter:data1\" content=\"119,95&nbsp;&euro;\" \/>\n\t<meta name=\"twitter:label2\" content=\"Availability\" \/>\n\t<meta name=\"twitter:data2\" content=\"In stock\" \/>\n<script type=\"application\/ld+json\" class=\"yoast-schema-graph\">{\"@context\":\"https:\/\/schema.org\",\"@graph\":[{\"@type\":[\"WebPage\",\"ItemPage\"],\"@id\":\"https:\/\/padelhaus.mustlammas-dev.in\/lv\/veikals\/head-radical-team-light-2026\/\",\"url\":\"https:\/\/padelhaus.mustlammas-dev.in\/lv\/veikals\/head-radical-team-light-2026\/\",\"name\":\"Head Radical Team Light 2026 | Test Padelhaus\",\"isPartOf\":{\"@id\":\"https:\/\/padelhaus.mustlammas-dev.in\/lv\/#website\"},\"primaryImageOfPage\":{\"@id\":\"https:\/\/padelhaus.mustlammas-dev.in\/lv\/veikals\/head-radical-team-light-2026\/#primaryimage\"},\"image\":{\"@id\":\"https:\/\/padelhaus.mustlammas-dev.in\/lv\/veikals\/head-radical-team-light-2026\/#primaryimage\"},\"thumbnailUrl\":\"https:\/\/padelhaus.mustlammas-dev.in\/wp-content\/uploads\/2026\/01\/1.webp\",\"datePublished\":\"2026-01-05T11:39:32+00:00\",\"dateModified\":\"2026-01-29T05:50:35+00:00\",\"description\":\"Mekl\u0113 jaunu padela raketi par labu cenu? Padelhaus pied\u0101v\u0101 lab\u0101ko padela rake\u00f0u izv\u0113li visiem l\u012bme\u0146iem \u2013 tava padela apr\u012bkojuma m\u0101jas.\",\"breadcrumb\":{\"@id\":\"https:\/\/padelhaus.mustlammas-dev.in\/lv\/veikals\/head-radical-team-light-2026\/#breadcrumb\"},\"inLanguage\":\"lv-LV\",\"potentialAction\":[{\"@type\":\"ReadAction\",\"target\":[\"https:\/\/padelhaus.mustlammas-dev.in\/lv\/veikals\/head-radical-team-light-2026\/\"]}]},{\"@type\":\"ImageObject\",\"inLanguage\":\"lv-LV\",\"@id\":\"https:\/\/padelhaus.mustlammas-dev.in\/lv\/veikals\/head-radical-team-light-2026\/#primaryimage\",\"url\":\"https:\/\/padelhaus.mustlammas-dev.in\/wp-content\/uploads\/2026\/01\/1.webp\",\"contentUrl\":\"https:\/\/padelhaus.mustlammas-dev.in\/wp-content\/uploads\/2026\/01\/1.webp\",\"width\":1000,\"height\":1000},{\"@type\":\"BreadcrumbList\",\"@id\":\"https:\/\/padelhaus.mustlammas-dev.in\/lv\/veikals\/head-radical-team-light-2026\/#breadcrumb\",\"itemListElement\":[{\"@type\":\"ListItem\",\"position\":1,\"name\":\"S\u0101kumlapa\",\"item\":\"https:\/\/padelhaus.lv\/\"},{\"@type\":\"ListItem\",\"position\":2,\"name\":\"Veikals\",\"item\":\"https:\/\/padelhaus.lv\/veikals\/\"},{\"@type\":\"ListItem\",\"position\":3,\"name\":\"Head Radical Team Light 2026\"}]},{\"@type\":\"WebSite\",\"@id\":\"https:\/\/padelhaus.mustlammas-dev.in\/lv\/#website\",\"url\":\"https:\/\/padelhaus.mustlammas-dev.in\/lv\/\",\"name\":\"Claude Padelhaus\",\"description\":\"Sinu padelivarustuse kodu\",\"publisher\":{\"@id\":\"https:\/\/padelhaus.mustlammas-dev.in\/lv\/#organization\"},\"potentialAction\":[{\"@type\":\"SearchAction\",\"target\":{\"@type\":\"EntryPoint\",\"urlTemplate\":\"https:\/\/padelhaus.mustlammas-dev.in\/lv\/?s={search_term_string}\"},\"query-input\":{\"@type\":\"PropertyValueSpecification\",\"valueRequired\":true,\"valueName\":\"search_term_string\"}}],\"inLanguage\":\"lv-LV\"},{\"@type\":\"Organization\",\"@id\":\"https:\/\/padelhaus.mustlammas-dev.in\/lv\/#organization\",\"name\":\"Claude Padelhaus\",\"url\":\"https:\/\/padelhaus.mustlammas-dev.in\/lv\/\",\"logo\":{\"@type\":\"ImageObject\",\"inLanguage\":\"lv-LV\",\"@id\":\"https:\/\/padelhaus.mustlammas-dev.in\/lv\/#\/schema\/logo\/image\/\",\"url\":\"https:\/\/padelhaus.mustlammas-dev.in\/wp-content\/uploads\/2025\/05\/Logo-1.png\",\"contentUrl\":\"https:\/\/padelhaus.mustlammas-dev.in\/wp-content\/uploads\/2025\/05\/Logo-1.png\",\"width\":280,\"height\":115,\"caption\":\"Claude Padelhaus\"},\"image\":{\"@id\":\"https:\/\/padelhaus.mustlammas-dev.in\/lv\/#\/schema\/logo\/image\/\"}}]}<\/script>\n<meta property=\"product:price:amount\" content=\"119.95\" \/>\n<meta property=\"product:price:currency\" content=\"EUR\" \/>\n<meta property=\"og:availability\" content=\"instock\" \/>\n<meta property=\"product:availability\" content=\"instock\" \/>\n<meta property=\"product:retailer_item_id\" content=\"HEA-R-31\" \/>\n<meta property=\"product:condition\" content=\"new\" \/>\n<!-- \/ Yoast SEO Premium plugin. -->","yoast_head_json":{"title":"Head Radical Team Light 2026 | Test Padelhaus","description":"Mekl\u0113 jaunu padela raketi par labu cenu? Padelhaus pied\u0101v\u0101 lab\u0101ko padela rake\u00f0u izv\u0113li visiem l\u012bme\u0146iem \u2013 tava padela apr\u012bkojuma m\u0101jas.","robots":{"index":"noindex","follow":"follow","max-snippet":"max-snippet:-1","max-image-preview":"max-image-preview:large","max-video-preview":"max-video-preview:-1"},"og_locale":"lv_LV","og_type":"article","og_title":"Head Radical Team Light 2026","og_description":"Mekl\u0113 jaunu padela raketi par labu cenu? Padelhaus pied\u0101v\u0101 lab\u0101ko padela rake\u00f0u izv\u0113li visiem l\u012bme\u0146iem \u2013 tava padela apr\u012bkojuma m\u0101jas.","og_url":"https:\/\/padelhaus.mustlammas-dev.in\/lv\/veikals\/head-radical-team-light-2026\/","og_site_name":"Test Padelhaus","article_modified_time":"2026-01-29T05:50:35+00:00","og_image":[{"width":1000,"height":1000,"url":"https:\/\/padelhaus.lv\/wp-content\/uploads\/2026\/01\/1.webp","type":"image\/webp"}],"twitter_card":"summary_large_image","twitter_misc":{"Price":"119,95&nbsp;&euro;","Availability":"In stock"},"schema":{"@context":"https:\/\/schema.org","@graph":[{"@type":["WebPage","ItemPage"],"@id":"https:\/\/padelhaus.mustlammas-dev.in\/lv\/veikals\/head-radical-team-light-2026\/","url":"https:\/\/padelhaus.mustlammas-dev.in\/lv\/veikals\/head-radical-team-light-2026\/","name":"Head Radical Team Light 2026 | Test Padelhaus","isPartOf":{"@id":"https:\/\/padelhaus.mustlammas-dev.in\/lv\/#website"},"primaryImageOfPage":{"@id":"https:\/\/padelhaus.mustlammas-dev.in\/lv\/veikals\/head-radical-team-light-2026\/#primaryimage"},"image":{"@id":"https:\/\/padelhaus.mustlammas-dev.in\/lv\/veikals\/head-radical-team-light-2026\/#primaryimage"},"thumbnailUrl":"https:\/\/padelhaus.mustlammas-dev.in\/wp-content\/uploads\/2026\/01\/1.webp","datePublished":"2026-01-05T11:39:32+00:00","dateModified":"2026-01-29T05:50:35+00:00","description":"Mekl\u0113 jaunu padela raketi par labu cenu? Padelhaus pied\u0101v\u0101 lab\u0101ko padela rake\u00f0u izv\u0113li visiem l\u012bme\u0146iem \u2013 tava padela apr\u012bkojuma m\u0101jas.","breadcrumb":{"@id":"https:\/\/padelhaus.mustlammas-dev.in\/lv\/veikals\/head-radical-team-light-2026\/#breadcrumb"},"inLanguage":"lv-LV","potentialAction":[{"@type":"ReadAction","target":["https:\/\/padelhaus.mustlammas-dev.in\/lv\/veikals\/head-radical-team-light-2026\/"]}]},{"@type":"ImageObject","inLanguage":"lv-LV","@id":"https:\/\/padelhaus.mustlammas-dev.in\/lv\/veikals\/head-radical-team-light-2026\/#primaryimage","url":"https:\/\/padelhaus.mustlammas-dev.in\/wp-content\/uploads\/2026\/01\/1.webp","contentUrl":"https:\/\/padelhaus.mustlammas-dev.in\/wp-content\/uploads\/2026\/01\/1.webp","width":1000,"height":1000},{"@type":"BreadcrumbList","@id":"https:\/\/padelhaus.mustlammas-dev.in\/lv\/veikals\/head-radical-team-light-2026\/#breadcrumb","itemListElement":[{"@type":"ListItem","position":1,"name":"S\u0101kumlapa","item":"https:\/\/padelhaus.lv\/"},{"@type":"ListItem","position":2,"name":"Veikals","item":"https:\/\/padelhaus.lv\/veikals\/"},{"@type":"ListItem","position":3,"name":"Head Radical Team Light 2026"}]},{"@type":"WebSite","@id":"https:\/\/padelhaus.mustlammas-dev.in\/lv\/#website","url":"https:\/\/padelhaus.mustlammas-dev.in\/lv\/","name":"Claude Padelhaus","description":"Sinu padelivarustuse kodu","publisher":{"@id":"https:\/\/padelhaus.mustlammas-dev.in\/lv\/#organization"},"potentialAction":[{"@type":"SearchAction","target":{"@type":"EntryPoint","urlTemplate":"https:\/\/padelhaus.mustlammas-dev.in\/lv\/?s={search_term_string}"},"query-input":{"@type":"PropertyValueSpecification","valueRequired":true,"valueName":"search_term_string"}}],"inLanguage":"lv-LV"},{"@type":"Organization","@id":"https:\/\/padelhaus.mustlammas-dev.in\/lv\/#organization","name":"Claude Padelhaus","url":"https:\/\/padelhaus.mustlammas-dev.in\/lv\/","logo":{"@type":"ImageObject","inLanguage":"lv-LV","@id":"https:\/\/padelhaus.mustlammas-dev.in\/lv\/#\/schema\/logo\/image\/","url":"https:\/\/padelhaus.mustlammas-dev.in\/wp-content\/uploads\/2025\/05\/Logo-1.png","contentUrl":"https:\/\/padelhaus.mustlammas-dev.in\/wp-content\/uploads\/2025\/05\/Logo-1.png","width":280,"height":115,"caption":"Claude Padelhaus"},"image":{"@id":"https:\/\/padelhaus.mustlammas-dev.in\/lv\/#\/schema\/logo\/image\/"}}]},"product_price_amount":"119.95","product_price_currency":"EUR","og_availability":"instock","product_availability":"instock","product_retailer_item_id":"HEA-R-31","product_condition":"new"},"_links":{"self":[{"href":"https:\/\/padelhaus.mustlammas-dev.in\/lv\/wp-json\/wp\/v2\/product\/69240","targetHints":{"allow":["GET"]}}],"collection":[{"href":"https:\/\/padelhaus.mustlammas-dev.in\/lv\/wp-json\/wp\/v2\/product"}],"about":[{"href":"https:\/\/padelhaus.mustlammas-dev.in\/lv\/wp-json\/wp\/v2\/types\/product"}],"replies":[{"embeddable":true,"href":"https:\/\/padelhaus.mustlammas-dev.in\/lv\/wp-json\/wp\/v2\/comments?post=69240"}],"wp:featuredmedia":[{"embeddable":true,"href":"https:\/\/padelhaus.mustlammas-dev.in\/lv\/wp-json\/wp\/v2\/media\/69241"}],"wp:attachment":[{"href":"https:\/\/padelhaus.mustlammas-dev.in\/lv\/wp-json\/wp\/v2\/media?parent=69240"}],"wp:term":[{"taxonomy":"product_brand","embeddable":true,"href":"https:\/\/padelhaus.mustlammas-dev.in\/lv\/wp-json\/wp\/v2\/product_brand?post=69240"},{"taxonomy":"product_cat","embeddable":true,"href":"https:\/\/padelhaus.mustlammas-dev.in\/lv\/wp-json\/wp\/v2\/product_cat?post=69240"},{"taxonomy":"product_tag","embeddable":true,"href":"https:\/\/padelhaus.mustlammas-dev.in\/lv\/wp-json\/wp\/v2\/product_tag?post=69240"}],"curies":[{"name":"wp","href":"https:\/\/api.w.org\/{rel}","templated":true}]}}