{"id":69250,"date":"2026-01-06T01:51:19","date_gmt":"2026-01-05T23:51:19","guid":{"rendered":"https:\/\/padelhaus.mustlammas-dev.in\/pood\/head-radical-pro-2026\/"},"modified":"2026-01-29T07:50:34","modified_gmt":"2026-01-29T05:50:34","slug":"head-radical-pro-2026","status":"publish","type":"product","link":"https:\/\/padelhaus.mustlammas-dev.in\/lv\/veikals\/head-radical-pro-2026\/","title":{"rendered":"Head Radical Pro 2026"},"content":{"rendered":"<h4>Head Radical Pro 2026 \u2013 kontrol\u0113ts sp\u0113ks<\/h4>\n<p>&nbsp;<\/p>\n<p class=\"p3\"><span class=\"s2\">Head Radical Pro 2026<\/span> ir asaras formas padel rakete pras\u012bgiem sp\u0113l\u0113t\u0101jiem, kuri mekl\u0113 ide\u0101lu l\u012bdzsvaru starp sp\u0113c\u012bgu kontroli un atsauc\u012bgu jaudu. Raketes konstrukcij\u0101 tiek izmantotas <span class=\"s2\">oglek\u013ca \u0161\u0137iedras virsmas<\/span>, kas nodro\u0161ina stingru un prec\u012bzu sitiena saj\u016btu, un <span class=\"s2\">Control Foam<\/span> kodols, kas palielina precizit\u0101ti. <\/p>\n<p class=\"p3\">Ar svaru <span class=\"s2\">370 grami<\/span> un <span class=\"s2\">zemu l\u012bdzsvaru<\/span>, \u0161\u012b rakete pied\u0101v\u0101 izcilu vad\u0101m\u012bbu vis\u0101s sp\u0113les f\u0101z\u0113s.<\/p>\n<p class=\"p3\">Asaras formas rakete nodro\u0161ina \u013coti labu sniegumu tehniskos sitienos, piem\u0113ram, <span class=\"s2\">chiquita<\/span>, <span class=\"s2\">bandeja<\/span> un <span class=\"s2\">v\u00edbora<\/span>. T\u0101pat t\u0101 viegli piel\u0101gojas p\u0101rejas sp\u0113l\u0113 starp aizsardz\u012bbu un uzbrukumu, pied\u0101v\u0101jot nepiecie\u0161amo daudzpus\u012bbu uzbrukuma situ\u0101ciju risin\u0101\u0161anai, nezaud\u0113jot kontroli un saj\u016btu aizsardz\u012bb\u0101. <\/p>\n<h5>Radical Pro 2026 \u2013 augst\u0101k\u0101 l\u012bme\u0146a sp\u0113l\u0113t\u0101jam, kur\u0161 mekl\u0113 daudzpus\u012bbu<\/h5>\n<p>&nbsp;<\/p>\n<p class=\"p3\">Radical Pro 2026 ir paredz\u0113ta <span class=\"s2\">pieredz\u0113ju\u0161iem un profesion\u0101liem sp\u0113l\u0113t\u0101jiem<\/span>, kuri piln\u012bb\u0101 kontrol\u0113 sp\u0113les tempu un taktiku. T\u0101 ir ide\u0101la izv\u0113le strat\u0113\u0123iskam sp\u0113l\u0113t\u0101jam, kur\u0161 prot las\u012bt laukumu, laic\u012bgi izpild\u012bt sitienus un pie\u0146emt gudrus l\u0113mumus katr\u0101 punkt\u0101. <\/p>\n<p class=\"p3\">Rakete piem\u0113rota sp\u0113l\u0113t\u0101jam, kur\u0161 sp\u0113j apzin\u0101ti main\u012bt sp\u0113les tempu, saglab\u0101t paciet\u012bbu un gaid\u012bt \u012bsto br\u012bdi uzbrukumam. T\u0101s profils atbalsta kontrol\u0113tu un p\u0101rdom\u0101tu sp\u0113les stilu, kur katrs sitiens ir apdom\u0101ts. <\/p>\n<h5>Svar\u012bg\u0101k\u0101s tehnolo\u0123ijas un \u012bpa\u0161\u012bbas<\/h5>\n<ul>\n<li>\n<p class=\"p1\"><span class=\"s1\">3K oglek\u013ca virsmas<\/span> \u2013 liel\u0101ka stingr\u012bba un kontrole stabilam un prec\u012bzam sitienam<\/p>\n<\/li>\n<li>\n<p class=\"p1\"><span class=\"s1\">Control Foam<\/span> \u2013 papla\u0161ina saldo zonu un uzlabo toleranci tehniskos sitienos<\/p>\n<\/li>\n<li>\n<p class=\"p1\"><span class=\"s1\">Auxetic 2.0<\/span> \u2013 rea\u0123\u0113jo\u0161a strukt\u016bra tilt\u0101 un roktur\u012b, kas nodro\u0161ina dz\u012bv\u012bg\u0101ku un jaud\u012bg\u0101ku sitiena saj\u016btu<\/p>\n<\/li>\n<li>\n<p class=\"p1\"><span class=\"s1\">Optimized Sweet Spot<\/span> \u2013 caurumu raksts, kas palielina kontroli un efekt\u012bvo sitiena laukumu<\/p>\n<\/li>\n<li>\n<p class=\"p1\"><span class=\"s1\">Tailored Frame<\/span> \u2013 konstrukcija bez tradicion\u0101l\u0101 cauru\u013cveida r\u0101mja lab\u0101kai tolerancei un liel\u0101kam sweet spot<\/p>\n<\/li>\n<li>\n<p class=\"p1\"><span class=\"s1\">Smart Bridge<\/span> \u2013 tilts, kas l\u012bdzsvaro jaudu, kontroli un stabilit\u0101ti<\/p>\n<\/li>\n<li>\n<p class=\"p1\"><span class=\"s1\">Svars:<\/span> 370 g \u2013 izcila stabilit\u0101te gan kontroles, gan uzbrukuma sitienos<\/p>\n<\/li>\n<li>\n<p class=\"p1\"><span class=\"s1\">L\u012bdzsvars:<\/span> zems \u2013 lab\u0101ka manevr\u0113tsp\u0113ja, \u0101tras p\u0101rejas un \u0101tr\u0101ka sp\u0113le pie t\u012bkla<\/p>\n<\/li>\n<\/ul>\n<h5>Piln\u012bga kontrole un veiktsp\u0113ja augsta l\u012bme\u0146a sp\u0113lei<\/h5>\n<p class=\"p3\">Head Radical Pro 2026 ir ide\u0101la izv\u0113le sp\u0113l\u0113t\u0101jam, kur\u0161 mekl\u0113 <span class=\"s2\">prec\u012bzu, stabilu un tehnolo\u0123iski augst\u0101k\u0101 l\u012bme\u0146a<\/span> raketi. Kontroles, stabilit\u0101tes un gudri vad\u012btas jaudas kombin\u0101cija \u013cauj domin\u0113t katr\u0101 punkt\u0101 p\u0101rliecino\u0161i un stingri. <\/p>\n","protected":false},"excerpt":{"rendered":"<p>Head Radical Pro 2026 \u2013 kontrol\u0113ts sp\u0113ks &nbsp; Head Radical Pro 2026 ir asaras formas padel rakete pras\u012bgiem sp\u0113l\u0113t\u0101jiem, kuri mekl\u0113 ide\u0101lu l\u012bdzsvaru starp sp\u0113c\u012bgu kontroli un atsauc\u012bgu jaudu. Raketes konstrukcij\u0101 tiek izmantotas oglek\u013ca \u0161\u0137iedras virsmas, kas nodro\u0161ina stingru un prec\u012bzu sitiena saj\u016btu, un Control Foam kodols, kas palielina precizit\u0101ti. Ar svaru 370 grami un [&hellip;]<\/p>\n","protected":false},"featured_media":69255,"comment_status":"open","ping_status":"closed","template":"","meta":{"_eb_attr":""},"product_brand":[313],"product_cat":[314,251,283],"product_tag":[],"class_list":{"0":"post-69250","1":"product","2":"type-product","3":"status-publish","4":"has-post-thumbnail","6":"product_brand-head","7":"product_cat-head","8":"product_cat-padela-raketes","9":"product_cat-pieredzejusi","10":"pa_kaal-370g","11":"pa_kuju-piliens","12":"pa_mangustiil-hibrids","13":"pa_tasakaal-centra","14":"pa_tase-pieredzejusi","15":"pa_varv-sarkana","18":"first","19":"instock","20":"sale","21":"taxable","22":"shipping-taxable","23":"purchasable","24":"product-type-simple"},"yoast_head":"<!-- This site is optimized with the Yoast SEO Premium plugin v27.1 (Yoast SEO v27.1.1) - https:\/\/yoast.com\/product\/yoast-seo-premium-wordpress\/ -->\n<title>Head Radical Pro 2026 | Test Padelhaus<\/title>\n<meta name=\"description\" content=\"Mekl\u0113 jaunu padela raketi par labu cenu? Padelhaus pied\u0101v\u0101 lab\u0101ko padela rake\u00f0u izv\u0113li visiem l\u012bme\u0146iem \u2013 tava padela apr\u012bkojuma m\u0101jas.\" \/>\n<meta name=\"robots\" content=\"noindex, follow, max-snippet:-1, max-image-preview:large, max-video-preview:-1\" \/>\n<meta property=\"og:locale\" content=\"lv_LV\" \/>\n<meta property=\"og:type\" content=\"article\" \/>\n<meta property=\"og:title\" content=\"Head Radical Pro 2026\" \/>\n<meta property=\"og:description\" content=\"Mekl\u0113 jaunu padela raketi par labu cenu? Padelhaus pied\u0101v\u0101 lab\u0101ko padela rake\u00f0u izv\u0113li visiem l\u012bme\u0146iem \u2013 tava padela apr\u012bkojuma m\u0101jas.\" \/>\n<meta property=\"og:url\" content=\"https:\/\/padelhaus.mustlammas-dev.in\/lv\/veikals\/head-radical-pro-2026\/\" \/>\n<meta property=\"og:site_name\" content=\"Test Padelhaus\" \/>\n<meta property=\"article:modified_time\" content=\"2026-01-29T05:50:34+00:00\" \/>\n<meta property=\"og:image\" content=\"https:\/\/padelhaus.lv\/wp-content\/uploads\/2026\/01\/11.webp\" \/>\n\t<meta property=\"og:image:width\" content=\"1000\" \/>\n\t<meta property=\"og:image:height\" content=\"1000\" \/>\n\t<meta property=\"og:image:type\" content=\"image\/webp\" \/>\n<meta name=\"twitter:card\" content=\"summary_large_image\" \/>\n<meta name=\"twitter:label1\" content=\"Price\" \/>\n\t<meta name=\"twitter:data1\" content=\"194,95&nbsp;&euro;\" \/>\n\t<meta name=\"twitter:label2\" content=\"Availability\" \/>\n\t<meta name=\"twitter:data2\" content=\"In stock\" \/>\n<script type=\"application\/ld+json\" class=\"yoast-schema-graph\">{\"@context\":\"https:\/\/schema.org\",\"@graph\":[{\"@type\":[\"WebPage\",\"ItemPage\"],\"@id\":\"https:\/\/padelhaus.mustlammas-dev.in\/lv\/veikals\/head-radical-pro-2026\/\",\"url\":\"https:\/\/padelhaus.mustlammas-dev.in\/lv\/veikals\/head-radical-pro-2026\/\",\"name\":\"Head Radical Pro 2026 | Test Padelhaus\",\"isPartOf\":{\"@id\":\"https:\/\/padelhaus.mustlammas-dev.in\/lv\/#website\"},\"primaryImageOfPage\":{\"@id\":\"https:\/\/padelhaus.mustlammas-dev.in\/lv\/veikals\/head-radical-pro-2026\/#primaryimage\"},\"image\":{\"@id\":\"https:\/\/padelhaus.mustlammas-dev.in\/lv\/veikals\/head-radical-pro-2026\/#primaryimage\"},\"thumbnailUrl\":\"https:\/\/padelhaus.mustlammas-dev.in\/wp-content\/uploads\/2026\/01\/11.webp\",\"datePublished\":\"2026-01-05T23:51:19+00:00\",\"dateModified\":\"2026-01-29T05:50:34+00:00\",\"description\":\"Mekl\u0113 jaunu padela raketi par labu cenu? Padelhaus pied\u0101v\u0101 lab\u0101ko padela rake\u00f0u izv\u0113li visiem l\u012bme\u0146iem \u2013 tava padela apr\u012bkojuma m\u0101jas.\",\"breadcrumb\":{\"@id\":\"https:\/\/padelhaus.mustlammas-dev.in\/lv\/veikals\/head-radical-pro-2026\/#breadcrumb\"},\"inLanguage\":\"lv-LV\",\"potentialAction\":[{\"@type\":\"ReadAction\",\"target\":[\"https:\/\/padelhaus.mustlammas-dev.in\/lv\/veikals\/head-radical-pro-2026\/\"]}]},{\"@type\":\"ImageObject\",\"inLanguage\":\"lv-LV\",\"@id\":\"https:\/\/padelhaus.mustlammas-dev.in\/lv\/veikals\/head-radical-pro-2026\/#primaryimage\",\"url\":\"https:\/\/padelhaus.mustlammas-dev.in\/wp-content\/uploads\/2026\/01\/11.webp\",\"contentUrl\":\"https:\/\/padelhaus.mustlammas-dev.in\/wp-content\/uploads\/2026\/01\/11.webp\",\"width\":1000,\"height\":1000},{\"@type\":\"BreadcrumbList\",\"@id\":\"https:\/\/padelhaus.mustlammas-dev.in\/lv\/veikals\/head-radical-pro-2026\/#breadcrumb\",\"itemListElement\":[{\"@type\":\"ListItem\",\"position\":1,\"name\":\"S\u0101kumlapa\",\"item\":\"https:\/\/padelhaus.lv\/\"},{\"@type\":\"ListItem\",\"position\":2,\"name\":\"Veikals\",\"item\":\"https:\/\/padelhaus.lv\/veikals\/\"},{\"@type\":\"ListItem\",\"position\":3,\"name\":\"Head Radical Pro 2026\"}]},{\"@type\":\"WebSite\",\"@id\":\"https:\/\/padelhaus.mustlammas-dev.in\/lv\/#website\",\"url\":\"https:\/\/padelhaus.mustlammas-dev.in\/lv\/\",\"name\":\"Claude Padelhaus\",\"description\":\"Sinu padelivarustuse kodu\",\"publisher\":{\"@id\":\"https:\/\/padelhaus.mustlammas-dev.in\/lv\/#organization\"},\"potentialAction\":[{\"@type\":\"SearchAction\",\"target\":{\"@type\":\"EntryPoint\",\"urlTemplate\":\"https:\/\/padelhaus.mustlammas-dev.in\/lv\/?s={search_term_string}\"},\"query-input\":{\"@type\":\"PropertyValueSpecification\",\"valueRequired\":true,\"valueName\":\"search_term_string\"}}],\"inLanguage\":\"lv-LV\"},{\"@type\":\"Organization\",\"@id\":\"https:\/\/padelhaus.mustlammas-dev.in\/lv\/#organization\",\"name\":\"Claude Padelhaus\",\"url\":\"https:\/\/padelhaus.mustlammas-dev.in\/lv\/\",\"logo\":{\"@type\":\"ImageObject\",\"inLanguage\":\"lv-LV\",\"@id\":\"https:\/\/padelhaus.mustlammas-dev.in\/lv\/#\/schema\/logo\/image\/\",\"url\":\"https:\/\/padelhaus.mustlammas-dev.in\/wp-content\/uploads\/2025\/05\/Logo-1.png\",\"contentUrl\":\"https:\/\/padelhaus.mustlammas-dev.in\/wp-content\/uploads\/2025\/05\/Logo-1.png\",\"width\":280,\"height\":115,\"caption\":\"Claude Padelhaus\"},\"image\":{\"@id\":\"https:\/\/padelhaus.mustlammas-dev.in\/lv\/#\/schema\/logo\/image\/\"}}]}<\/script>\n<meta property=\"product:price:amount\" content=\"194.95\" \/>\n<meta property=\"product:price:currency\" content=\"EUR\" \/>\n<meta property=\"og:availability\" content=\"instock\" \/>\n<meta property=\"product:availability\" content=\"instock\" \/>\n<meta property=\"product:retailer_item_id\" content=\"HEA-R-32\" \/>\n<meta property=\"product:condition\" content=\"new\" \/>\n<!-- \/ Yoast SEO Premium plugin. -->","yoast_head_json":{"title":"Head Radical Pro 2026 | Test Padelhaus","description":"Mekl\u0113 jaunu padela raketi par labu cenu? Padelhaus pied\u0101v\u0101 lab\u0101ko padela rake\u00f0u izv\u0113li visiem l\u012bme\u0146iem \u2013 tava padela apr\u012bkojuma m\u0101jas.","robots":{"index":"noindex","follow":"follow","max-snippet":"max-snippet:-1","max-image-preview":"max-image-preview:large","max-video-preview":"max-video-preview:-1"},"og_locale":"lv_LV","og_type":"article","og_title":"Head Radical Pro 2026","og_description":"Mekl\u0113 jaunu padela raketi par labu cenu? Padelhaus pied\u0101v\u0101 lab\u0101ko padela rake\u00f0u izv\u0113li visiem l\u012bme\u0146iem \u2013 tava padela apr\u012bkojuma m\u0101jas.","og_url":"https:\/\/padelhaus.mustlammas-dev.in\/lv\/veikals\/head-radical-pro-2026\/","og_site_name":"Test Padelhaus","article_modified_time":"2026-01-29T05:50:34+00:00","og_image":[{"width":1000,"height":1000,"url":"https:\/\/padelhaus.lv\/wp-content\/uploads\/2026\/01\/11.webp","type":"image\/webp"}],"twitter_card":"summary_large_image","twitter_misc":{"Price":"194,95&nbsp;&euro;","Availability":"In stock"},"schema":{"@context":"https:\/\/schema.org","@graph":[{"@type":["WebPage","ItemPage"],"@id":"https:\/\/padelhaus.mustlammas-dev.in\/lv\/veikals\/head-radical-pro-2026\/","url":"https:\/\/padelhaus.mustlammas-dev.in\/lv\/veikals\/head-radical-pro-2026\/","name":"Head Radical Pro 2026 | Test Padelhaus","isPartOf":{"@id":"https:\/\/padelhaus.mustlammas-dev.in\/lv\/#website"},"primaryImageOfPage":{"@id":"https:\/\/padelhaus.mustlammas-dev.in\/lv\/veikals\/head-radical-pro-2026\/#primaryimage"},"image":{"@id":"https:\/\/padelhaus.mustlammas-dev.in\/lv\/veikals\/head-radical-pro-2026\/#primaryimage"},"thumbnailUrl":"https:\/\/padelhaus.mustlammas-dev.in\/wp-content\/uploads\/2026\/01\/11.webp","datePublished":"2026-01-05T23:51:19+00:00","dateModified":"2026-01-29T05:50:34+00:00","description":"Mekl\u0113 jaunu padela raketi par labu cenu? Padelhaus pied\u0101v\u0101 lab\u0101ko padela rake\u00f0u izv\u0113li visiem l\u012bme\u0146iem \u2013 tava padela apr\u012bkojuma m\u0101jas.","breadcrumb":{"@id":"https:\/\/padelhaus.mustlammas-dev.in\/lv\/veikals\/head-radical-pro-2026\/#breadcrumb"},"inLanguage":"lv-LV","potentialAction":[{"@type":"ReadAction","target":["https:\/\/padelhaus.mustlammas-dev.in\/lv\/veikals\/head-radical-pro-2026\/"]}]},{"@type":"ImageObject","inLanguage":"lv-LV","@id":"https:\/\/padelhaus.mustlammas-dev.in\/lv\/veikals\/head-radical-pro-2026\/#primaryimage","url":"https:\/\/padelhaus.mustlammas-dev.in\/wp-content\/uploads\/2026\/01\/11.webp","contentUrl":"https:\/\/padelhaus.mustlammas-dev.in\/wp-content\/uploads\/2026\/01\/11.webp","width":1000,"height":1000},{"@type":"BreadcrumbList","@id":"https:\/\/padelhaus.mustlammas-dev.in\/lv\/veikals\/head-radical-pro-2026\/#breadcrumb","itemListElement":[{"@type":"ListItem","position":1,"name":"S\u0101kumlapa","item":"https:\/\/padelhaus.lv\/"},{"@type":"ListItem","position":2,"name":"Veikals","item":"https:\/\/padelhaus.lv\/veikals\/"},{"@type":"ListItem","position":3,"name":"Head Radical Pro 2026"}]},{"@type":"WebSite","@id":"https:\/\/padelhaus.mustlammas-dev.in\/lv\/#website","url":"https:\/\/padelhaus.mustlammas-dev.in\/lv\/","name":"Claude Padelhaus","description":"Sinu padelivarustuse kodu","publisher":{"@id":"https:\/\/padelhaus.mustlammas-dev.in\/lv\/#organization"},"potentialAction":[{"@type":"SearchAction","target":{"@type":"EntryPoint","urlTemplate":"https:\/\/padelhaus.mustlammas-dev.in\/lv\/?s={search_term_string}"},"query-input":{"@type":"PropertyValueSpecification","valueRequired":true,"valueName":"search_term_string"}}],"inLanguage":"lv-LV"},{"@type":"Organization","@id":"https:\/\/padelhaus.mustlammas-dev.in\/lv\/#organization","name":"Claude Padelhaus","url":"https:\/\/padelhaus.mustlammas-dev.in\/lv\/","logo":{"@type":"ImageObject","inLanguage":"lv-LV","@id":"https:\/\/padelhaus.mustlammas-dev.in\/lv\/#\/schema\/logo\/image\/","url":"https:\/\/padelhaus.mustlammas-dev.in\/wp-content\/uploads\/2025\/05\/Logo-1.png","contentUrl":"https:\/\/padelhaus.mustlammas-dev.in\/wp-content\/uploads\/2025\/05\/Logo-1.png","width":280,"height":115,"caption":"Claude Padelhaus"},"image":{"@id":"https:\/\/padelhaus.mustlammas-dev.in\/lv\/#\/schema\/logo\/image\/"}}]},"product_price_amount":"194.95","product_price_currency":"EUR","og_availability":"instock","product_availability":"instock","product_retailer_item_id":"HEA-R-32","product_condition":"new"},"_links":{"self":[{"href":"https:\/\/padelhaus.mustlammas-dev.in\/lv\/wp-json\/wp\/v2\/product\/69250","targetHints":{"allow":["GET"]}}],"collection":[{"href":"https:\/\/padelhaus.mustlammas-dev.in\/lv\/wp-json\/wp\/v2\/product"}],"about":[{"href":"https:\/\/padelhaus.mustlammas-dev.in\/lv\/wp-json\/wp\/v2\/types\/product"}],"replies":[{"embeddable":true,"href":"https:\/\/padelhaus.mustlammas-dev.in\/lv\/wp-json\/wp\/v2\/comments?post=69250"}],"wp:featuredmedia":[{"embeddable":true,"href":"https:\/\/padelhaus.mustlammas-dev.in\/lv\/wp-json\/wp\/v2\/media\/69255"}],"wp:attachment":[{"href":"https:\/\/padelhaus.mustlammas-dev.in\/lv\/wp-json\/wp\/v2\/media?parent=69250"}],"wp:term":[{"taxonomy":"product_brand","embeddable":true,"href":"https:\/\/padelhaus.mustlammas-dev.in\/lv\/wp-json\/wp\/v2\/product_brand?post=69250"},{"taxonomy":"product_cat","embeddable":true,"href":"https:\/\/padelhaus.mustlammas-dev.in\/lv\/wp-json\/wp\/v2\/product_cat?post=69250"},{"taxonomy":"product_tag","embeddable":true,"href":"https:\/\/padelhaus.mustlammas-dev.in\/lv\/wp-json\/wp\/v2\/product_tag?post=69250"}],"curies":[{"name":"wp","href":"https:\/\/api.w.org\/{rel}","templated":true}]}}