{"id":69265,"date":"2026-01-06T12:19:34","date_gmt":"2026-01-06T10:19:34","guid":{"rendered":"https:\/\/padelhaus.mustlammas-dev.in\/pood\/head-radical-motion-2026\/"},"modified":"2026-01-29T07:50:33","modified_gmt":"2026-01-29T05:50:33","slug":"head-radical-motion-2026","status":"publish","type":"product","link":"https:\/\/padelhaus.mustlammas-dev.in\/lv\/veikals\/head-radical-motion-2026\/","title":{"rendered":"Head Radical Motion 2026"},"content":{"rendered":"<h5><b>Head Radical Motion 2026 \u2013 vieglums un kontrole<\/b><\/h5>\n<p>&nbsp;<\/p>\n<p class=\"p3\"><span class=\"s2\"><b>Head Radical Motion 2026<\/b><\/span> ir asaras formas padela rakete, kas rad\u012bta, lai nodro\u0161in\u0101tu ide\u0101lu l\u012bdzsvaru starp <span class=\"s2\"><b>manevr\u0113tsp\u0113ju, stabilit\u0101ti un precizit\u0101ti<\/b><\/span> katr\u0101 sitien\u0101.<\/p>\n<p class=\"p3\">Raketes konstrukcija apvieno <span class=\"s2\"><b>stikla \u0161\u0137iedras virsmas<\/b><\/span>, kas nodro\u0161ina elast\u012bg\u0101ku un \u0113rt\u0101ku saj\u016btu, un <span class=\"s2\"><b>Control Foam<\/b><\/span> serdi, kas uzlabo bumbas izlido\u0161anu un papla\u0161ina saldo zonu pat saspringt\u0101s sp\u0113les situ\u0101cij\u0101s.<\/p>\n<h5><b>Radical Motion \u2013 pieredz\u0113ju\u0161iem un profesion\u0101liem sp\u0113l\u0113t\u0101jiem<\/b><\/h5>\n<p>&nbsp;<\/p>\n<p class=\"p3\">Head Radical Motion 2026 ir paredz\u0113ta <span class=\"s2\"><b>pieredz\u0113ju\u0161iem un profesion\u0101liem sp\u0113l\u0113t\u0101jiem<\/b><\/span>, kuru sp\u0113le balst\u0101s uz taktiku, punktu veido\u0161anu un sp\u0113les tempa kontroli.<\/p>\n<p class=\"p3\">T\u0101 ir lieliski piem\u0113rota sp\u0113l\u0113t\u0101jiem, kuri izce\u013cas ar <span class=\"s2\"><b>strat\u0113\u0123isku dom\u0101\u0161anu<\/b><\/span> \u2013 vi\u0146i kontrol\u0113 tempu, paciet\u012bgi veido punktus un gudri izmanto p\u0101rejas, lai rad\u012btu uzbrukuma iesp\u0113jas.<\/p>\n<p class=\"p3\">L\u012bdzsvarota uzved\u012bba atbalsta tehniskus sitienus, piem\u0113ram, <span class=\"s2\"><b>chiquita<\/b><\/span>, stabilas <span class=\"s2\"><b>bandejas<\/b><\/span> un prec\u012bzi m\u0113r\u0137\u0113tas <span class=\"s2\"><b>v\u00edboras<\/b><\/span>, vienlaikus nodro\u0161inot nepiecie\u0161amo stabilit\u0101ti prec\u012bzai aizsardz\u012bbas sp\u0113lei.<\/p>\n<h5><b>Galven\u0101s tehnolo\u0123ijas un \u012bpa\u0161\u012bbas<\/b><\/h5>\n<ul>\n<li>\n<p class=\"p1\"><span class=\"s1\"><b>Auxetic 2.0<\/b><\/span> \u2013 dinamiski rea\u0123\u0113jo\u0161a iek\u0161\u0113j\u0101 strukt\u016bra lab\u0101kai saj\u016btai un atgriezeniskajai saitei<\/p>\n<\/li>\n<li>\n<p class=\"p1\"><span class=\"s1\"><b>Control Foam<\/b><\/span> \u2013 serde, kas papla\u0161ina saldo zonu un uzlabo sitiena precizit\u0101ti<\/p>\n<\/li>\n<li>\n<p class=\"p1\"><span class=\"s1\"><b>Optimized Sweet Spot<\/b><\/span> \u2013 piel\u0101gots caurumu raksts maksim\u0101lai efekt\u012bvai sitiena zonai<\/p>\n<\/li>\n<li>\n<p class=\"p1\"><span class=\"s1\"><b>Tailored Frame<\/b><\/span> \u2013 optimiz\u0113ts r\u0101mis bez tradicion\u0101l\u0101s caurules, liel\u0101kai iztur\u012bbai<\/p>\n<\/li>\n<li>\n<p class=\"p1\"><span class=\"s1\"><b>Smart Bridge<\/b><\/span> \u2013 \u012bpa\u0161i izstr\u0101d\u0101ts tilts kontroles un stabilit\u0101tes l\u012bdzsvaro\u0161anai<\/p>\n<\/li>\n<li>\n<p class=\"p1\"><span class=\"s1\"><b>Stikla \u0161\u0137iedras virsmas<\/b><\/span> \u2013 elast\u012bga saj\u016bta un vienm\u0113r\u012bga bumbas izlido\u0161ana<\/p>\n<\/li>\n<li>\n<p class=\"p1\"><span class=\"s1\"><b>Jaun\u0101 Radical forma<\/b><\/span> \u2013 daudzpus\u012bgs un viegli vad\u0101ms asaras formas dizains<\/p>\n<\/li>\n<\/ul>\n<h5><b>Daudzpus\u012bgs un prec\u012bzs pavadonis katr\u0101 punkt\u0101<\/b><\/h5>\n<p>&nbsp;<\/p>\n<p class=\"p3\">Head Radical Motion 2026 ir ide\u0101la izv\u0113le, ja tu mekl\u0113 <span class=\"s2\"><b>vieglu, l\u012bdzsvarotu un piln\u012bgu kontroli nodro\u0161ino\u0161u<\/b><\/span> raketi, kas stabili rea\u0123\u0113 jebkur\u0101 sp\u0113les situ\u0101cij\u0101.<\/p>\n<p class=\"p3\">T\u0101 ir moderna un daudzpus\u012bga rakete, gatava pacelt tavu sp\u0113li n\u0101kamaj\u0101 l\u012bmen\u012b \u2013 prec\u012bzi, pa\u0161p\u0101rliecin\u0101ti un kontrol\u0113ti.<\/p>\n","protected":false},"excerpt":{"rendered":"<p>Head Radical Motion 2026 \u2013 vieglums un kontrole &nbsp; Head Radical Motion 2026 ir asaras formas padela rakete, kas rad\u012bta, lai nodro\u0161in\u0101tu ide\u0101lu l\u012bdzsvaru starp manevr\u0113tsp\u0113ju, stabilit\u0101ti un precizit\u0101ti katr\u0101 sitien\u0101. Raketes konstrukcija apvieno stikla \u0161\u0137iedras virsmas, kas nodro\u0161ina elast\u012bg\u0101ku un \u0113rt\u0101ku saj\u016btu, un Control Foam serdi, kas uzlabo bumbas izlido\u0161anu un papla\u0161ina saldo zonu [&hellip;]<\/p>\n","protected":false},"featured_media":69266,"comment_status":"open","ping_status":"closed","template":"","meta":{"_eb_attr":""},"product_brand":[313],"product_cat":[314,251,331],"product_tag":[],"class_list":{"0":"post-69265","1":"product","2":"type-product","3":"status-publish","4":"has-post-thumbnail","6":"product_brand-head","7":"product_cat-head","8":"product_cat-padela-raketes","9":"product_cat-videjais-limenis","10":"pa_kaal-350-360g","11":"pa_kuju-piliens","12":"pa_mangustiil-hibrids","13":"pa_tasakaal-zems","14":"pa_tase-videjais-limenis","15":"pa_varv-sarkana","16":"pa_varv-zala","19":"first","20":"onbackorder","21":"sale","22":"taxable","23":"shipping-taxable","24":"purchasable","25":"product-type-simple"},"yoast_head":"<!-- This site is optimized with the Yoast SEO Premium plugin v27.1 (Yoast SEO v27.1.1) - https:\/\/yoast.com\/product\/yoast-seo-premium-wordpress\/ -->\n<title>Head Radical Motion 2026 | Test Padelhaus<\/title>\n<meta name=\"description\" content=\"Mekl\u0113 jaunu padela raketi par labu cenu? Padelhaus pied\u0101v\u0101 lab\u0101ko padela rake\u00f0u izv\u0113li visiem l\u012bme\u0146iem \u2013 tava padela apr\u012bkojuma m\u0101jas.\" \/>\n<meta name=\"robots\" content=\"noindex, follow, max-snippet:-1, max-image-preview:large, max-video-preview:-1\" \/>\n<meta property=\"og:locale\" content=\"lv_LV\" \/>\n<meta property=\"og:type\" content=\"article\" \/>\n<meta property=\"og:title\" content=\"Head Radical Motion 2026\" \/>\n<meta property=\"og:description\" content=\"Mekl\u0113 jaunu padela raketi par labu cenu? Padelhaus pied\u0101v\u0101 lab\u0101ko padela rake\u00f0u izv\u0113li visiem l\u012bme\u0146iem \u2013 tava padela apr\u012bkojuma m\u0101jas.\" \/>\n<meta property=\"og:url\" content=\"https:\/\/padelhaus.mustlammas-dev.in\/lv\/veikals\/head-radical-motion-2026\/\" \/>\n<meta property=\"og:site_name\" content=\"Test Padelhaus\" \/>\n<meta property=\"article:modified_time\" content=\"2026-01-29T05:50:33+00:00\" \/>\n<meta property=\"og:image\" content=\"https:\/\/padelhaus.lv\/wp-content\/uploads\/2026\/01\/4.webp\" \/>\n\t<meta property=\"og:image:width\" content=\"1000\" \/>\n\t<meta property=\"og:image:height\" content=\"1000\" \/>\n\t<meta property=\"og:image:type\" content=\"image\/webp\" \/>\n<meta name=\"twitter:card\" content=\"summary_large_image\" \/>\n<meta name=\"twitter:label1\" content=\"Price\" \/>\n\t<meta name=\"twitter:data1\" content=\"169,00&nbsp;&euro;\" \/>\n\t<meta name=\"twitter:label2\" content=\"Availability\" \/>\n\t<meta name=\"twitter:data2\" content=\"On backorder\" \/>\n<script type=\"application\/ld+json\" class=\"yoast-schema-graph\">{\"@context\":\"https:\/\/schema.org\",\"@graph\":[{\"@type\":[\"WebPage\",\"ItemPage\"],\"@id\":\"https:\/\/padelhaus.mustlammas-dev.in\/lv\/veikals\/head-radical-motion-2026\/\",\"url\":\"https:\/\/padelhaus.mustlammas-dev.in\/lv\/veikals\/head-radical-motion-2026\/\",\"name\":\"Head Radical Motion 2026 | Test Padelhaus\",\"isPartOf\":{\"@id\":\"https:\/\/padelhaus.mustlammas-dev.in\/lv\/#website\"},\"primaryImageOfPage\":{\"@id\":\"https:\/\/padelhaus.mustlammas-dev.in\/lv\/veikals\/head-radical-motion-2026\/#primaryimage\"},\"image\":{\"@id\":\"https:\/\/padelhaus.mustlammas-dev.in\/lv\/veikals\/head-radical-motion-2026\/#primaryimage\"},\"thumbnailUrl\":\"https:\/\/padelhaus.mustlammas-dev.in\/wp-content\/uploads\/2026\/01\/4.webp\",\"datePublished\":\"2026-01-06T10:19:34+00:00\",\"dateModified\":\"2026-01-29T05:50:33+00:00\",\"description\":\"Mekl\u0113 jaunu padela raketi par labu cenu? Padelhaus pied\u0101v\u0101 lab\u0101ko padela rake\u00f0u izv\u0113li visiem l\u012bme\u0146iem \u2013 tava padela apr\u012bkojuma m\u0101jas.\",\"breadcrumb\":{\"@id\":\"https:\/\/padelhaus.mustlammas-dev.in\/lv\/veikals\/head-radical-motion-2026\/#breadcrumb\"},\"inLanguage\":\"lv-LV\",\"potentialAction\":[{\"@type\":\"ReadAction\",\"target\":[\"https:\/\/padelhaus.mustlammas-dev.in\/lv\/veikals\/head-radical-motion-2026\/\"]}]},{\"@type\":\"ImageObject\",\"inLanguage\":\"lv-LV\",\"@id\":\"https:\/\/padelhaus.mustlammas-dev.in\/lv\/veikals\/head-radical-motion-2026\/#primaryimage\",\"url\":\"https:\/\/padelhaus.mustlammas-dev.in\/wp-content\/uploads\/2026\/01\/4.webp\",\"contentUrl\":\"https:\/\/padelhaus.mustlammas-dev.in\/wp-content\/uploads\/2026\/01\/4.webp\",\"width\":1000,\"height\":1000},{\"@type\":\"BreadcrumbList\",\"@id\":\"https:\/\/padelhaus.mustlammas-dev.in\/lv\/veikals\/head-radical-motion-2026\/#breadcrumb\",\"itemListElement\":[{\"@type\":\"ListItem\",\"position\":1,\"name\":\"S\u0101kumlapa\",\"item\":\"https:\/\/padelhaus.lv\/\"},{\"@type\":\"ListItem\",\"position\":2,\"name\":\"Veikals\",\"item\":\"https:\/\/padelhaus.lv\/veikals\/\"},{\"@type\":\"ListItem\",\"position\":3,\"name\":\"Head Radical Motion 2026\"}]},{\"@type\":\"WebSite\",\"@id\":\"https:\/\/padelhaus.mustlammas-dev.in\/lv\/#website\",\"url\":\"https:\/\/padelhaus.mustlammas-dev.in\/lv\/\",\"name\":\"Claude Padelhaus\",\"description\":\"Sinu padelivarustuse kodu\",\"publisher\":{\"@id\":\"https:\/\/padelhaus.mustlammas-dev.in\/lv\/#organization\"},\"potentialAction\":[{\"@type\":\"SearchAction\",\"target\":{\"@type\":\"EntryPoint\",\"urlTemplate\":\"https:\/\/padelhaus.mustlammas-dev.in\/lv\/?s={search_term_string}\"},\"query-input\":{\"@type\":\"PropertyValueSpecification\",\"valueRequired\":true,\"valueName\":\"search_term_string\"}}],\"inLanguage\":\"lv-LV\"},{\"@type\":\"Organization\",\"@id\":\"https:\/\/padelhaus.mustlammas-dev.in\/lv\/#organization\",\"name\":\"Claude Padelhaus\",\"url\":\"https:\/\/padelhaus.mustlammas-dev.in\/lv\/\",\"logo\":{\"@type\":\"ImageObject\",\"inLanguage\":\"lv-LV\",\"@id\":\"https:\/\/padelhaus.mustlammas-dev.in\/lv\/#\/schema\/logo\/image\/\",\"url\":\"https:\/\/padelhaus.mustlammas-dev.in\/wp-content\/uploads\/2025\/05\/Logo-1.png\",\"contentUrl\":\"https:\/\/padelhaus.mustlammas-dev.in\/wp-content\/uploads\/2025\/05\/Logo-1.png\",\"width\":280,\"height\":115,\"caption\":\"Claude Padelhaus\"},\"image\":{\"@id\":\"https:\/\/padelhaus.mustlammas-dev.in\/lv\/#\/schema\/logo\/image\/\"}}]}<\/script>\n<meta property=\"product:price:amount\" content=\"169.00\" \/>\n<meta property=\"product:price:currency\" content=\"EUR\" \/>\n<meta property=\"og:availability\" content=\"backorder\" \/>\n<meta property=\"product:availability\" content=\"available for order\" \/>\n<meta property=\"product:retailer_item_id\" content=\"HEA-R-33\" \/>\n<meta property=\"product:condition\" content=\"new\" \/>\n<!-- \/ Yoast SEO Premium plugin. -->","yoast_head_json":{"title":"Head Radical Motion 2026 | Test Padelhaus","description":"Mekl\u0113 jaunu padela raketi par labu cenu? Padelhaus pied\u0101v\u0101 lab\u0101ko padela rake\u00f0u izv\u0113li visiem l\u012bme\u0146iem \u2013 tava padela apr\u012bkojuma m\u0101jas.","robots":{"index":"noindex","follow":"follow","max-snippet":"max-snippet:-1","max-image-preview":"max-image-preview:large","max-video-preview":"max-video-preview:-1"},"og_locale":"lv_LV","og_type":"article","og_title":"Head Radical Motion 2026","og_description":"Mekl\u0113 jaunu padela raketi par labu cenu? Padelhaus pied\u0101v\u0101 lab\u0101ko padela rake\u00f0u izv\u0113li visiem l\u012bme\u0146iem \u2013 tava padela apr\u012bkojuma m\u0101jas.","og_url":"https:\/\/padelhaus.mustlammas-dev.in\/lv\/veikals\/head-radical-motion-2026\/","og_site_name":"Test Padelhaus","article_modified_time":"2026-01-29T05:50:33+00:00","og_image":[{"width":1000,"height":1000,"url":"https:\/\/padelhaus.lv\/wp-content\/uploads\/2026\/01\/4.webp","type":"image\/webp"}],"twitter_card":"summary_large_image","twitter_misc":{"Price":"169,00&nbsp;&euro;","Availability":"On backorder"},"schema":{"@context":"https:\/\/schema.org","@graph":[{"@type":["WebPage","ItemPage"],"@id":"https:\/\/padelhaus.mustlammas-dev.in\/lv\/veikals\/head-radical-motion-2026\/","url":"https:\/\/padelhaus.mustlammas-dev.in\/lv\/veikals\/head-radical-motion-2026\/","name":"Head Radical Motion 2026 | Test Padelhaus","isPartOf":{"@id":"https:\/\/padelhaus.mustlammas-dev.in\/lv\/#website"},"primaryImageOfPage":{"@id":"https:\/\/padelhaus.mustlammas-dev.in\/lv\/veikals\/head-radical-motion-2026\/#primaryimage"},"image":{"@id":"https:\/\/padelhaus.mustlammas-dev.in\/lv\/veikals\/head-radical-motion-2026\/#primaryimage"},"thumbnailUrl":"https:\/\/padelhaus.mustlammas-dev.in\/wp-content\/uploads\/2026\/01\/4.webp","datePublished":"2026-01-06T10:19:34+00:00","dateModified":"2026-01-29T05:50:33+00:00","description":"Mekl\u0113 jaunu padela raketi par labu cenu? Padelhaus pied\u0101v\u0101 lab\u0101ko padela rake\u00f0u izv\u0113li visiem l\u012bme\u0146iem \u2013 tava padela apr\u012bkojuma m\u0101jas.","breadcrumb":{"@id":"https:\/\/padelhaus.mustlammas-dev.in\/lv\/veikals\/head-radical-motion-2026\/#breadcrumb"},"inLanguage":"lv-LV","potentialAction":[{"@type":"ReadAction","target":["https:\/\/padelhaus.mustlammas-dev.in\/lv\/veikals\/head-radical-motion-2026\/"]}]},{"@type":"ImageObject","inLanguage":"lv-LV","@id":"https:\/\/padelhaus.mustlammas-dev.in\/lv\/veikals\/head-radical-motion-2026\/#primaryimage","url":"https:\/\/padelhaus.mustlammas-dev.in\/wp-content\/uploads\/2026\/01\/4.webp","contentUrl":"https:\/\/padelhaus.mustlammas-dev.in\/wp-content\/uploads\/2026\/01\/4.webp","width":1000,"height":1000},{"@type":"BreadcrumbList","@id":"https:\/\/padelhaus.mustlammas-dev.in\/lv\/veikals\/head-radical-motion-2026\/#breadcrumb","itemListElement":[{"@type":"ListItem","position":1,"name":"S\u0101kumlapa","item":"https:\/\/padelhaus.lv\/"},{"@type":"ListItem","position":2,"name":"Veikals","item":"https:\/\/padelhaus.lv\/veikals\/"},{"@type":"ListItem","position":3,"name":"Head Radical Motion 2026"}]},{"@type":"WebSite","@id":"https:\/\/padelhaus.mustlammas-dev.in\/lv\/#website","url":"https:\/\/padelhaus.mustlammas-dev.in\/lv\/","name":"Claude Padelhaus","description":"Sinu padelivarustuse kodu","publisher":{"@id":"https:\/\/padelhaus.mustlammas-dev.in\/lv\/#organization"},"potentialAction":[{"@type":"SearchAction","target":{"@type":"EntryPoint","urlTemplate":"https:\/\/padelhaus.mustlammas-dev.in\/lv\/?s={search_term_string}"},"query-input":{"@type":"PropertyValueSpecification","valueRequired":true,"valueName":"search_term_string"}}],"inLanguage":"lv-LV"},{"@type":"Organization","@id":"https:\/\/padelhaus.mustlammas-dev.in\/lv\/#organization","name":"Claude Padelhaus","url":"https:\/\/padelhaus.mustlammas-dev.in\/lv\/","logo":{"@type":"ImageObject","inLanguage":"lv-LV","@id":"https:\/\/padelhaus.mustlammas-dev.in\/lv\/#\/schema\/logo\/image\/","url":"https:\/\/padelhaus.mustlammas-dev.in\/wp-content\/uploads\/2025\/05\/Logo-1.png","contentUrl":"https:\/\/padelhaus.mustlammas-dev.in\/wp-content\/uploads\/2025\/05\/Logo-1.png","width":280,"height":115,"caption":"Claude Padelhaus"},"image":{"@id":"https:\/\/padelhaus.mustlammas-dev.in\/lv\/#\/schema\/logo\/image\/"}}]},"product_price_amount":"169.00","product_price_currency":"EUR","og_availability":"backorder","product_availability":"available for order","product_retailer_item_id":"HEA-R-33","product_condition":"new"},"_links":{"self":[{"href":"https:\/\/padelhaus.mustlammas-dev.in\/lv\/wp-json\/wp\/v2\/product\/69265","targetHints":{"allow":["GET"]}}],"collection":[{"href":"https:\/\/padelhaus.mustlammas-dev.in\/lv\/wp-json\/wp\/v2\/product"}],"about":[{"href":"https:\/\/padelhaus.mustlammas-dev.in\/lv\/wp-json\/wp\/v2\/types\/product"}],"replies":[{"embeddable":true,"href":"https:\/\/padelhaus.mustlammas-dev.in\/lv\/wp-json\/wp\/v2\/comments?post=69265"}],"wp:featuredmedia":[{"embeddable":true,"href":"https:\/\/padelhaus.mustlammas-dev.in\/lv\/wp-json\/wp\/v2\/media\/69266"}],"wp:attachment":[{"href":"https:\/\/padelhaus.mustlammas-dev.in\/lv\/wp-json\/wp\/v2\/media?parent=69265"}],"wp:term":[{"taxonomy":"product_brand","embeddable":true,"href":"https:\/\/padelhaus.mustlammas-dev.in\/lv\/wp-json\/wp\/v2\/product_brand?post=69265"},{"taxonomy":"product_cat","embeddable":true,"href":"https:\/\/padelhaus.mustlammas-dev.in\/lv\/wp-json\/wp\/v2\/product_cat?post=69265"},{"taxonomy":"product_tag","embeddable":true,"href":"https:\/\/padelhaus.mustlammas-dev.in\/lv\/wp-json\/wp\/v2\/product_tag?post=69265"}],"curies":[{"name":"wp","href":"https:\/\/api.w.org\/{rel}","templated":true}]}}