{"id":69274,"date":"2026-01-06T17:42:57","date_gmt":"2026-01-06T15:42:57","guid":{"rendered":"https:\/\/padelhaus.mustlammas-dev.in\/pood\/head-radical-team-2026\/"},"modified":"2026-01-29T07:50:32","modified_gmt":"2026-01-29T05:50:32","slug":"head-radical-team-2026","status":"publish","type":"product","link":"https:\/\/padelhaus.mustlammas-dev.in\/lv\/veikals\/head-radical-team-2026\/","title":{"rendered":"Head Radical Team 2026"},"content":{"rendered":"<h5>Head Radical Team 2026 \u2013 optim\u0101la daudzpus\u012bba<\/h5>\n<p>&nbsp;<\/p>\n<p class=\"p3\"><span class=\"s2\">Head Radical Team 2026<\/span> ir piliena formas padel rake\u0161u, kas rad\u012bta, lai nodro\u0161in\u0101tu ide\u0101lu l\u012bdzsvaru starp <span class=\"s2\">kontroli, m\u0113renu jaudu un izcilu vad\u0101m\u012bbu<\/span>.<\/p>\n<p class=\"p3\">Rakete ir izgatavota ar <span class=\"s2\">stikla \u0161\u0137iedras virsm\u0101m<\/span> un apr\u012bkota ar <span class=\"s2\">Control Foam<\/span> serdi, kas uzlabo sitiena precizit\u0101ti un nodro\u0161ina \u0113rtu un stabilu saj\u016btu katr\u0101 sitien\u0101.<\/p>\n<p class=\"p3\">Aptuveni <span class=\"s2\">365 gramu svars<\/span> un sp\u0113c\u012bga konstrukcija padara to par \u013coti daudzpus\u012bgu izv\u0113li sp\u0113l\u0113t\u0101jiem, kuri v\u0113las p\u0101rliecino\u0161u sniegumu vis\u0101s sp\u0113les situ\u0101cij\u0101s.<\/p>\n<p>&nbsp;<\/p>\n<h5>Radical Team \u2013 daudzpus\u012bgam un taktiskam sp\u0113l\u0113t\u0101jam<\/h5>\n<p>&nbsp;<\/p>\n<p class=\"p3\">\u0160\u012b piliena formas Head rakete ir rad\u012bta <span class=\"s2\">daudzpus\u012bgam un strat\u0113\u0123iskam sp\u0113l\u0113t\u0101jam<\/span>, kur\u0161 prot kontrol\u0113t sp\u0113les tempu un las\u012bt laukumu.<\/p>\n<p class=\"p3\">Ide\u0101lais profils ir paciet\u012bgs sp\u0113l\u0113t\u0101js, kur\u0161 pie\u0146em p\u0101rdom\u0101tus l\u0113mumus un sp\u0113j main\u012bt sp\u0113les ritmu, ja nepiecie\u0161ams.<\/p>\n<p class=\"p3\">Rakete ir lieliski piem\u0113rota tiem, kuri mekl\u0113 <span class=\"s2\">daudzpus\u012bbu, stingru kontroli aizsardz\u012bb\u0101 un stabilit\u0101ti kontrol\u0113t\u0101 uzbrukum\u0101<\/span>. T\u0101 labi piel\u0101gojas \u0101tr\u0101m p\u0101rej\u0101m un sp\u0113lei pie t\u012bkla, nodro\u0161inot p\u0101rliec\u012bbu gan uzbrukuma, gan aizsardz\u012bbas situ\u0101cij\u0101s. <\/p>\n<p class=\"p1\">\n<h5>Galven\u0101s priek\u0161roc\u012bbas un tehnolo\u0123ijas<\/h5>\n<p class=\"p1\">\n<ul>\n<li>\n<p class=\"p1\"><span class=\"s1\">Auxetic 2.0<\/span> \u2013 rea\u0123\u0113jo\u0161a strukt\u016bra tilti\u0146\u0101 un roktur\u012b dz\u012bv\u012bg\u0101kai, bet kontrol\u0113tai sitiena saj\u016btai<\/p>\n<\/li>\n<li>\n<p class=\"p1\"><span class=\"s1\">Optimized Sweet Spot<\/span> \u2013 unik\u0101ls caurumu raksts, kas papla\u0161ina optim\u0101lo sitiena zonu un palielina precizit\u0101ti<\/p>\n<\/li>\n<li>\n<p class=\"p1\"><span class=\"s1\">Tailored Frame<\/span> \u2013 konstrukcija bez tradicion\u0101l\u0101 cauru\u013cveida r\u0101mja liel\u0101kai iztur\u012bbai un pla\u0161\u0101kai optim\u0101lajai sitiena zonai<\/p>\n<\/li>\n<li>\n<p class=\"p1\"><span class=\"s1\">Smart Bridge<\/span> \u2013 rake\u0161u vajadz\u012bb\u0101m piel\u0101gots tilts kontroles, saj\u016btas un stabilit\u0101tes l\u012bdzsvaro\u0161anai<\/p>\n<\/li>\n<li>\n<p class=\"p1\"><span class=\"s1\">Control Foam<\/span> \u2013 precizit\u0101ti uzlabojo\u0161as putas, ide\u0101li piem\u0113rotas tehniskiem kontroles sitieniem<\/p>\n<\/li>\n<li>\n<p class=\"p1\"><span class=\"s1\">Stikla \u0161\u0137iedras virsmas<\/span> \u2013 elast\u012bga un \u0113rta saj\u016bta lab\u0101kai vad\u0101m\u012bbai<\/p>\n<\/li>\n<li>\n<p class=\"p1\"><span class=\"s1\">Forma:<\/span> piliena \u2013 l\u012bdzsvars starp m\u0113renu jaudu un kontroli<\/p>\n<\/li>\n<li>\n<p class=\"p1\"><span class=\"s1\">Svars:<\/span> apm. 365 g \u2013 stabilit\u0101te un kontrole ar izcilu manevr\u0113tsp\u0113ju<\/p>\n<\/li>\n<\/ul>\n<p>&nbsp;<\/p>\n<p class=\"p1\">\n<h5>Uzticama izv\u0113le jebkurai sp\u0113les situ\u0101cijai<\/h5>\n<p>&nbsp;<\/p>\n<p class=\"p3\">Ja mekl\u0113 <span class=\"s2\">l\u012bdzsvarotu, \u0113rtu un univers\u0101lu<\/span> raketi, kas sp\u0113j labi tikt gal\u0101 ar katru sp\u0113les f\u0101zi, Head Radical Team 2026 ir ide\u0101la izv\u0113le.<\/p>\n<p class=\"p3\">Kontroles, daudzpus\u012bbas un m\u016bsdien\u012bgu tehnolo\u0123iju kombin\u0101cija \u013cauj veikt prec\u012bzus sitienus, kontrol\u0113t punkta tempu un sp\u0113l\u0113t p\u0101rliecino\u0161i visa ma\u010da garum\u0101.<\/p>\n","protected":false},"excerpt":{"rendered":"<p>Head Radical Team 2026 \u2013 optim\u0101la daudzpus\u012bba &nbsp; Head Radical Team 2026 ir piliena formas padel rake\u0161u, kas rad\u012bta, lai nodro\u0161in\u0101tu ide\u0101lu l\u012bdzsvaru starp kontroli, m\u0113renu jaudu un izcilu vad\u0101m\u012bbu. Rakete ir izgatavota ar stikla \u0161\u0137iedras virsm\u0101m un apr\u012bkota ar Control Foam serdi, kas uzlabo sitiena precizit\u0101ti un nodro\u0161ina \u0113rtu un stabilu saj\u016btu katr\u0101 sitien\u0101. [&hellip;]<\/p>\n","protected":false},"featured_media":69275,"comment_status":"open","ping_status":"closed","template":"","meta":{"_eb_attr":""},"product_brand":[313],"product_cat":[314,251,331],"product_tag":[],"class_list":{"0":"post-69274","1":"product","2":"type-product","3":"status-publish","4":"has-post-thumbnail","6":"product_brand-head","7":"product_cat-head","8":"product_cat-padela-raketes","9":"product_cat-videjais-limenis","10":"pa_kaal-365g","11":"pa_kuju-piliens","12":"pa_mangustiil-hibrids","13":"pa_tasakaal-zems","14":"pa_tase-videjais-limenis","15":"pa_varv-sarkana","16":"pa_varv-zala","19":"first","20":"instock","21":"sale","22":"taxable","23":"shipping-taxable","24":"purchasable","25":"product-type-simple"},"yoast_head":"<!-- This site is optimized with the Yoast SEO Premium plugin v27.1 (Yoast SEO v27.1.1) - https:\/\/yoast.com\/product\/yoast-seo-premium-wordpress\/ -->\n<title>Head Radical Team 2026 | Test Padelhaus<\/title>\n<meta name=\"description\" content=\"Mekl\u0113 jaunu padela raketi par labu cenu? Padelhaus pied\u0101v\u0101 lab\u0101ko padela rake\u00f0u izv\u0113li visiem l\u012bme\u0146iem \u2013 tava padela apr\u012bkojuma m\u0101jas.\" \/>\n<meta name=\"robots\" content=\"noindex, follow, max-snippet:-1, max-image-preview:large, max-video-preview:-1\" \/>\n<meta property=\"og:locale\" content=\"lv_LV\" \/>\n<meta property=\"og:type\" content=\"article\" \/>\n<meta property=\"og:title\" content=\"Head Radical Team 2026\" \/>\n<meta property=\"og:description\" content=\"Mekl\u0113 jaunu padela raketi par labu cenu? Padelhaus pied\u0101v\u0101 lab\u0101ko padela rake\u00f0u izv\u0113li visiem l\u012bme\u0146iem \u2013 tava padela apr\u012bkojuma m\u0101jas.\" \/>\n<meta property=\"og:url\" content=\"https:\/\/padelhaus.mustlammas-dev.in\/lv\/veikals\/head-radical-team-2026\/\" \/>\n<meta property=\"og:site_name\" content=\"Test Padelhaus\" \/>\n<meta property=\"article:modified_time\" content=\"2026-01-29T05:50:32+00:00\" \/>\n<meta property=\"og:image\" content=\"https:\/\/padelhaus.lv\/wp-content\/uploads\/2026\/01\/8-1.webp\" \/>\n\t<meta property=\"og:image:width\" content=\"1000\" \/>\n\t<meta property=\"og:image:height\" content=\"1000\" \/>\n\t<meta property=\"og:image:type\" content=\"image\/webp\" \/>\n<meta name=\"twitter:card\" content=\"summary_large_image\" \/>\n<meta name=\"twitter:label1\" content=\"Price\" \/>\n\t<meta name=\"twitter:data1\" content=\"159,00&nbsp;&euro;\" \/>\n\t<meta name=\"twitter:label2\" content=\"Availability\" \/>\n\t<meta name=\"twitter:data2\" content=\"In stock\" \/>\n<script type=\"application\/ld+json\" class=\"yoast-schema-graph\">{\"@context\":\"https:\/\/schema.org\",\"@graph\":[{\"@type\":[\"WebPage\",\"ItemPage\"],\"@id\":\"https:\/\/padelhaus.mustlammas-dev.in\/lv\/veikals\/head-radical-team-2026\/\",\"url\":\"https:\/\/padelhaus.mustlammas-dev.in\/lv\/veikals\/head-radical-team-2026\/\",\"name\":\"Head Radical Team 2026 | Test Padelhaus\",\"isPartOf\":{\"@id\":\"https:\/\/padelhaus.mustlammas-dev.in\/lv\/#website\"},\"primaryImageOfPage\":{\"@id\":\"https:\/\/padelhaus.mustlammas-dev.in\/lv\/veikals\/head-radical-team-2026\/#primaryimage\"},\"image\":{\"@id\":\"https:\/\/padelhaus.mustlammas-dev.in\/lv\/veikals\/head-radical-team-2026\/#primaryimage\"},\"thumbnailUrl\":\"https:\/\/padelhaus.mustlammas-dev.in\/wp-content\/uploads\/2026\/01\/8-1.webp\",\"datePublished\":\"2026-01-06T15:42:57+00:00\",\"dateModified\":\"2026-01-29T05:50:32+00:00\",\"description\":\"Mekl\u0113 jaunu padela raketi par labu cenu? Padelhaus pied\u0101v\u0101 lab\u0101ko padela rake\u00f0u izv\u0113li visiem l\u012bme\u0146iem \u2013 tava padela apr\u012bkojuma m\u0101jas.\",\"breadcrumb\":{\"@id\":\"https:\/\/padelhaus.mustlammas-dev.in\/lv\/veikals\/head-radical-team-2026\/#breadcrumb\"},\"inLanguage\":\"lv-LV\",\"potentialAction\":[{\"@type\":\"ReadAction\",\"target\":[\"https:\/\/padelhaus.mustlammas-dev.in\/lv\/veikals\/head-radical-team-2026\/\"]}]},{\"@type\":\"ImageObject\",\"inLanguage\":\"lv-LV\",\"@id\":\"https:\/\/padelhaus.mustlammas-dev.in\/lv\/veikals\/head-radical-team-2026\/#primaryimage\",\"url\":\"https:\/\/padelhaus.mustlammas-dev.in\/wp-content\/uploads\/2026\/01\/8-1.webp\",\"contentUrl\":\"https:\/\/padelhaus.mustlammas-dev.in\/wp-content\/uploads\/2026\/01\/8-1.webp\",\"width\":1000,\"height\":1000},{\"@type\":\"BreadcrumbList\",\"@id\":\"https:\/\/padelhaus.mustlammas-dev.in\/lv\/veikals\/head-radical-team-2026\/#breadcrumb\",\"itemListElement\":[{\"@type\":\"ListItem\",\"position\":1,\"name\":\"S\u0101kumlapa\",\"item\":\"https:\/\/padelhaus.lv\/\"},{\"@type\":\"ListItem\",\"position\":2,\"name\":\"Veikals\",\"item\":\"https:\/\/padelhaus.lv\/veikals\/\"},{\"@type\":\"ListItem\",\"position\":3,\"name\":\"Head Radical Team 2026\"}]},{\"@type\":\"WebSite\",\"@id\":\"https:\/\/padelhaus.mustlammas-dev.in\/lv\/#website\",\"url\":\"https:\/\/padelhaus.mustlammas-dev.in\/lv\/\",\"name\":\"Claude Padelhaus\",\"description\":\"Sinu padelivarustuse kodu\",\"publisher\":{\"@id\":\"https:\/\/padelhaus.mustlammas-dev.in\/lv\/#organization\"},\"potentialAction\":[{\"@type\":\"SearchAction\",\"target\":{\"@type\":\"EntryPoint\",\"urlTemplate\":\"https:\/\/padelhaus.mustlammas-dev.in\/lv\/?s={search_term_string}\"},\"query-input\":{\"@type\":\"PropertyValueSpecification\",\"valueRequired\":true,\"valueName\":\"search_term_string\"}}],\"inLanguage\":\"lv-LV\"},{\"@type\":\"Organization\",\"@id\":\"https:\/\/padelhaus.mustlammas-dev.in\/lv\/#organization\",\"name\":\"Claude Padelhaus\",\"url\":\"https:\/\/padelhaus.mustlammas-dev.in\/lv\/\",\"logo\":{\"@type\":\"ImageObject\",\"inLanguage\":\"lv-LV\",\"@id\":\"https:\/\/padelhaus.mustlammas-dev.in\/lv\/#\/schema\/logo\/image\/\",\"url\":\"https:\/\/padelhaus.mustlammas-dev.in\/wp-content\/uploads\/2025\/05\/Logo-1.png\",\"contentUrl\":\"https:\/\/padelhaus.mustlammas-dev.in\/wp-content\/uploads\/2025\/05\/Logo-1.png\",\"width\":280,\"height\":115,\"caption\":\"Claude Padelhaus\"},\"image\":{\"@id\":\"https:\/\/padelhaus.mustlammas-dev.in\/lv\/#\/schema\/logo\/image\/\"}}]}<\/script>\n<meta property=\"product:price:amount\" content=\"159.00\" \/>\n<meta property=\"product:price:currency\" content=\"EUR\" \/>\n<meta property=\"og:availability\" content=\"instock\" \/>\n<meta property=\"product:availability\" content=\"instock\" \/>\n<meta property=\"product:retailer_item_id\" content=\"HEA-R-34\" \/>\n<meta property=\"product:condition\" content=\"new\" \/>\n<!-- \/ Yoast SEO Premium plugin. -->","yoast_head_json":{"title":"Head Radical Team 2026 | Test Padelhaus","description":"Mekl\u0113 jaunu padela raketi par labu cenu? Padelhaus pied\u0101v\u0101 lab\u0101ko padela rake\u00f0u izv\u0113li visiem l\u012bme\u0146iem \u2013 tava padela apr\u012bkojuma m\u0101jas.","robots":{"index":"noindex","follow":"follow","max-snippet":"max-snippet:-1","max-image-preview":"max-image-preview:large","max-video-preview":"max-video-preview:-1"},"og_locale":"lv_LV","og_type":"article","og_title":"Head Radical Team 2026","og_description":"Mekl\u0113 jaunu padela raketi par labu cenu? Padelhaus pied\u0101v\u0101 lab\u0101ko padela rake\u00f0u izv\u0113li visiem l\u012bme\u0146iem \u2013 tava padela apr\u012bkojuma m\u0101jas.","og_url":"https:\/\/padelhaus.mustlammas-dev.in\/lv\/veikals\/head-radical-team-2026\/","og_site_name":"Test Padelhaus","article_modified_time":"2026-01-29T05:50:32+00:00","og_image":[{"width":1000,"height":1000,"url":"https:\/\/padelhaus.lv\/wp-content\/uploads\/2026\/01\/8-1.webp","type":"image\/webp"}],"twitter_card":"summary_large_image","twitter_misc":{"Price":"159,00&nbsp;&euro;","Availability":"In stock"},"schema":{"@context":"https:\/\/schema.org","@graph":[{"@type":["WebPage","ItemPage"],"@id":"https:\/\/padelhaus.mustlammas-dev.in\/lv\/veikals\/head-radical-team-2026\/","url":"https:\/\/padelhaus.mustlammas-dev.in\/lv\/veikals\/head-radical-team-2026\/","name":"Head Radical Team 2026 | Test Padelhaus","isPartOf":{"@id":"https:\/\/padelhaus.mustlammas-dev.in\/lv\/#website"},"primaryImageOfPage":{"@id":"https:\/\/padelhaus.mustlammas-dev.in\/lv\/veikals\/head-radical-team-2026\/#primaryimage"},"image":{"@id":"https:\/\/padelhaus.mustlammas-dev.in\/lv\/veikals\/head-radical-team-2026\/#primaryimage"},"thumbnailUrl":"https:\/\/padelhaus.mustlammas-dev.in\/wp-content\/uploads\/2026\/01\/8-1.webp","datePublished":"2026-01-06T15:42:57+00:00","dateModified":"2026-01-29T05:50:32+00:00","description":"Mekl\u0113 jaunu padela raketi par labu cenu? Padelhaus pied\u0101v\u0101 lab\u0101ko padela rake\u00f0u izv\u0113li visiem l\u012bme\u0146iem \u2013 tava padela apr\u012bkojuma m\u0101jas.","breadcrumb":{"@id":"https:\/\/padelhaus.mustlammas-dev.in\/lv\/veikals\/head-radical-team-2026\/#breadcrumb"},"inLanguage":"lv-LV","potentialAction":[{"@type":"ReadAction","target":["https:\/\/padelhaus.mustlammas-dev.in\/lv\/veikals\/head-radical-team-2026\/"]}]},{"@type":"ImageObject","inLanguage":"lv-LV","@id":"https:\/\/padelhaus.mustlammas-dev.in\/lv\/veikals\/head-radical-team-2026\/#primaryimage","url":"https:\/\/padelhaus.mustlammas-dev.in\/wp-content\/uploads\/2026\/01\/8-1.webp","contentUrl":"https:\/\/padelhaus.mustlammas-dev.in\/wp-content\/uploads\/2026\/01\/8-1.webp","width":1000,"height":1000},{"@type":"BreadcrumbList","@id":"https:\/\/padelhaus.mustlammas-dev.in\/lv\/veikals\/head-radical-team-2026\/#breadcrumb","itemListElement":[{"@type":"ListItem","position":1,"name":"S\u0101kumlapa","item":"https:\/\/padelhaus.lv\/"},{"@type":"ListItem","position":2,"name":"Veikals","item":"https:\/\/padelhaus.lv\/veikals\/"},{"@type":"ListItem","position":3,"name":"Head Radical Team 2026"}]},{"@type":"WebSite","@id":"https:\/\/padelhaus.mustlammas-dev.in\/lv\/#website","url":"https:\/\/padelhaus.mustlammas-dev.in\/lv\/","name":"Claude Padelhaus","description":"Sinu padelivarustuse kodu","publisher":{"@id":"https:\/\/padelhaus.mustlammas-dev.in\/lv\/#organization"},"potentialAction":[{"@type":"SearchAction","target":{"@type":"EntryPoint","urlTemplate":"https:\/\/padelhaus.mustlammas-dev.in\/lv\/?s={search_term_string}"},"query-input":{"@type":"PropertyValueSpecification","valueRequired":true,"valueName":"search_term_string"}}],"inLanguage":"lv-LV"},{"@type":"Organization","@id":"https:\/\/padelhaus.mustlammas-dev.in\/lv\/#organization","name":"Claude Padelhaus","url":"https:\/\/padelhaus.mustlammas-dev.in\/lv\/","logo":{"@type":"ImageObject","inLanguage":"lv-LV","@id":"https:\/\/padelhaus.mustlammas-dev.in\/lv\/#\/schema\/logo\/image\/","url":"https:\/\/padelhaus.mustlammas-dev.in\/wp-content\/uploads\/2025\/05\/Logo-1.png","contentUrl":"https:\/\/padelhaus.mustlammas-dev.in\/wp-content\/uploads\/2025\/05\/Logo-1.png","width":280,"height":115,"caption":"Claude Padelhaus"},"image":{"@id":"https:\/\/padelhaus.mustlammas-dev.in\/lv\/#\/schema\/logo\/image\/"}}]},"product_price_amount":"159.00","product_price_currency":"EUR","og_availability":"instock","product_availability":"instock","product_retailer_item_id":"HEA-R-34","product_condition":"new"},"_links":{"self":[{"href":"https:\/\/padelhaus.mustlammas-dev.in\/lv\/wp-json\/wp\/v2\/product\/69274","targetHints":{"allow":["GET"]}}],"collection":[{"href":"https:\/\/padelhaus.mustlammas-dev.in\/lv\/wp-json\/wp\/v2\/product"}],"about":[{"href":"https:\/\/padelhaus.mustlammas-dev.in\/lv\/wp-json\/wp\/v2\/types\/product"}],"replies":[{"embeddable":true,"href":"https:\/\/padelhaus.mustlammas-dev.in\/lv\/wp-json\/wp\/v2\/comments?post=69274"}],"wp:featuredmedia":[{"embeddable":true,"href":"https:\/\/padelhaus.mustlammas-dev.in\/lv\/wp-json\/wp\/v2\/media\/69275"}],"wp:attachment":[{"href":"https:\/\/padelhaus.mustlammas-dev.in\/lv\/wp-json\/wp\/v2\/media?parent=69274"}],"wp:term":[{"taxonomy":"product_brand","embeddable":true,"href":"https:\/\/padelhaus.mustlammas-dev.in\/lv\/wp-json\/wp\/v2\/product_brand?post=69274"},{"taxonomy":"product_cat","embeddable":true,"href":"https:\/\/padelhaus.mustlammas-dev.in\/lv\/wp-json\/wp\/v2\/product_cat?post=69274"},{"taxonomy":"product_tag","embeddable":true,"href":"https:\/\/padelhaus.mustlammas-dev.in\/lv\/wp-json\/wp\/v2\/product_tag?post=69274"}],"curies":[{"name":"wp","href":"https:\/\/api.w.org\/{rel}","templated":true}]}}