{"id":69283,"date":"2026-01-14T00:33:42","date_gmt":"2026-01-13T22:33:42","guid":{"rendered":"https:\/\/padelhaus.mustlammas-dev.in\/pood\/adidas-match-light-3-3-2024\/"},"modified":"2026-03-13T20:12:40","modified_gmt":"2026-03-13T18:12:40","slug":"adidas-match-light-3-3-2024","status":"publish","type":"product","link":"https:\/\/padelhaus.mustlammas-dev.in\/lv\/veikals\/adidas-match-light-3-3-2024\/","title":{"rendered":"Adidas Match Light 3.3 2024"},"content":{"rendered":"<h5><b>Adidas Match Light 3.3 2024 \u2013 ide\u0101li piem\u0113rota ies\u0101c\u0113jiem<\/b><\/h5>\n<p>&nbsp;<\/p>\n<p class=\"p3\"><span class=\"s2\"><b>Adidas Match Light 3.3 2024<\/b><\/span> ir ies\u0101c\u0113jiem paredz\u0113ta padela rakete, kas ir lieliski piem\u0113rota tiem, kuri v\u0113las <span class=\"s2\"><b>tikai s\u0101kt sp\u0113l\u0113t padelu<\/b><\/span>. Rakete ir <span class=\"s2\"><b>piliena formas<\/b><\/span>, un t\u0101s saldais punkts atrodas korpusa centr\u0101laj\u0101 da\u013c\u0101, nedaudz augst\u0101k nek\u0101 apa\u013caj\u0101m raket\u0113m, nodro\u0161inot labu l\u012bdzsvaru starp kontroli un jaudu. <\/p>\n<p class=\"p3\">T\u0101 ir <span class=\"s2\"><b>viegl\u0101 rakete (345\u2013360 g)<\/b><\/span>, ko ir viegli lietot un ar kuru ir \u0113rti apg\u016bt kust\u012bbas un sitienu tehniku. Liela sitiena virsma padara sp\u0113li piedodo\u0161\u0101ku un pal\u012bdz \u0101tr\u0101k ieg\u016bt p\u0101rliec\u012bbu. <\/p>\n<h5><b>M\u012bksta un elast\u012bga piliena formas rakete<\/b><\/h5>\n<p>&nbsp;<\/p>\n<p class=\"p3\">Raketes r\u0101mis un virsmas ir izgatavotas no <span class=\"s2\"><b>stikla \u0161\u0137iedras materi\u0101la<\/b><\/span>, kas ir viegls, iztur\u012bgs un nodro\u0161ina m\u012bkstu un elast\u012bgu saj\u016btu. Kodol\u0101 tiek izmantotas <span class=\"s2\"><b>EVA Soft Performance<\/b><\/span> putas \u2013 zema bl\u012bvuma gumijas materi\u0101ls, kas absorb\u0113 triecienus, uzlabo kontroli un nodro\u0161ina pat\u012bkamu bumbas atsitienu. <\/p>\n<p class=\"p3\">Izmantotie materi\u0101li ir izv\u0113l\u0113ti, \u012bpa\u0161i \u0146emot v\u0113r\u0101 ies\u0101c\u0113ju vajadz\u012bbas: <span class=\"s2\"><b>viegls, elast\u012bgs un viegli vad\u0101ms<\/b><\/span>, lai m\u0101c\u012b\u0161an\u0101s b\u016btu vienk\u0101r\u0161\u0101ka un pat\u012bkam\u0101ka.<\/p>\n<h5><b>Gudrs caurumu izvietojums un uzlabota iztur\u012bba<\/b><\/h5>\n<p>&nbsp;<\/p>\n<p class=\"p3\">Raketes caurumu izvietojums ir veidots ar <span class=\"s2\"><b>Smart Holes Linear<\/b><\/span> tehnolo\u0123iju. Caurumi ir urbti vienm\u0113r\u012bg\u0101 rakst\u0101, kas uzlabo sitiena virsmas iztur\u012bbu un pagarina raketes kalpo\u0161anas laiku. <\/p>\n<h5><b>Iztur\u012bga konstrukcija ies\u0101c\u0113jam sp\u0113l\u0113t\u0101jam<\/b><\/h5>\n<p>&nbsp;<\/p>\n<p class=\"p3\">Lai gan tas ir ies\u0101c\u0113jiem paredz\u0113ts modelis, rakete ir apr\u012bkota ar tehnolo\u0123ij\u0101m, kas padara to <span class=\"s2\"><b>stipru un iztur\u012bgu<\/b><\/span>.<\/p>\n<p class=\"p3\"><span class=\"s2\"><b>Structural Reinforcement<\/b><\/span> tehnolo\u0123ija stiprina raketes perimetru, samazinot v\u0113rpes un uzlabojot stabilit\u0101ti pat neprec\u012bzu sitienu gad\u012bjum\u0101.<\/p>\n<h5><b>Sportisks un pievilc\u012bgs dizains<\/b><\/h5>\n<p>&nbsp;<\/p>\n<p class=\"p3\">Adidas Match Light 3.3 2024 izce\u013cas ar <span class=\"s2\"><b>sportisku un t\u012bru dizainu<\/b><\/span> \u2013 melni l\u012bniju raksti uz balta fona un melns rokturis pie\u0161\u0137ir raketei modernu un ener\u0123isku izskatu.<\/p>\n<h5><b>Vienk\u0101r\u0161a, piedodo\u0161a un ide\u0101li piem\u0113rota s\u0101k\u0161anai<\/b><\/h5>\n<p>&nbsp;<\/p>\n<p class=\"p3\">Ja tu mekl\u0113 <span class=\"s2\"><b>vieglu, m\u012bkstu un iztur\u012bgu<\/b><\/span> padela raketi, ar kuru s\u0101kt m\u0101c\u012bties sp\u0113l\u0113t padelu, tad Adidas Match Light 3.3 2024 ir dro\u0161a un uzticama izv\u0113le.<\/p>\n","protected":false},"excerpt":{"rendered":"<p>Adidas Match Light 3.3 2024 \u2013 ide\u0101li piem\u0113rota ies\u0101c\u0113jiem &nbsp; Adidas Match Light 3.3 2024 ir ies\u0101c\u0113jiem paredz\u0113ta padela rakete, kas ir lieliski piem\u0113rota tiem, kuri v\u0113las tikai s\u0101kt sp\u0113l\u0113t padelu. Rakete ir piliena formas, un t\u0101s saldais punkts atrodas korpusa centr\u0101laj\u0101 da\u013c\u0101, nedaudz augst\u0101k nek\u0101 apa\u013caj\u0101m raket\u0113m, nodro\u0161inot labu l\u012bdzsvaru starp kontroli un jaudu. [&hellip;]<\/p>\n","protected":false},"featured_media":73159,"comment_status":"open","ping_status":"closed","template":"","meta":{"_eb_attr":""},"product_brand":[380],"product_cat":[396,261,251],"product_tag":[],"class_list":{"0":"post-69283","1":"product","2":"type-product","3":"status-publish","4":"has-post-thumbnail","6":"product_brand-adidas","7":"product_cat-adidas","8":"product_cat-iesaceji","9":"product_cat-padela-raketes","10":"pa_kaal-345-360-g","11":"pa_kuju-piliens","12":"pa_mangustiil-hibrids","13":"pa_tasakaal-augsa","14":"pa_tase-iesacejs","15":"pa_varv-balts","18":"first","19":"instock","20":"sale","21":"taxable","22":"shipping-taxable","23":"purchasable","24":"product-type-simple"},"yoast_head":"<!-- This site is optimized with the Yoast SEO Premium plugin v27.1 (Yoast SEO v27.1.1) - https:\/\/yoast.com\/product\/yoast-seo-premium-wordpress\/ -->\n<title>Adidas Match Light 3.3 2024 | Test Padelhaus<\/title>\n<meta name=\"description\" content=\"Mekl\u0113 jaunu padela raketi par labu cenu? Padelhaus pied\u0101v\u0101 lab\u0101ko padela rake\u00f0u izv\u0113li visiem l\u012bme\u0146iem \u2013 tava padela apr\u012bkojuma m\u0101jas.\" \/>\n<meta name=\"robots\" content=\"noindex, follow, max-snippet:-1, max-image-preview:large, max-video-preview:-1\" \/>\n<meta property=\"og:locale\" content=\"lv_LV\" \/>\n<meta property=\"og:type\" content=\"article\" \/>\n<meta property=\"og:title\" content=\"Adidas Match Light 3.3 2024\" \/>\n<meta property=\"og:description\" content=\"Mekl\u0113 jaunu padela raketi par labu cenu? Padelhaus pied\u0101v\u0101 lab\u0101ko padela rake\u00f0u izv\u0113li visiem l\u012bme\u0146iem \u2013 tava padela apr\u012bkojuma m\u0101jas.\" \/>\n<meta property=\"og:url\" content=\"https:\/\/padelhaus.mustlammas-dev.in\/lv\/veikals\/adidas-match-light-3-3-2024\/\" \/>\n<meta property=\"og:site_name\" content=\"Test Padelhaus\" \/>\n<meta property=\"article:modified_time\" content=\"2026-03-13T18:12:40+00:00\" \/>\n<meta property=\"og:image\" content=\"https:\/\/padelhaus.lv\/wp-content\/uploads\/2026\/01\/1.png\" \/>\n\t<meta property=\"og:image:width\" content=\"1000\" \/>\n\t<meta property=\"og:image:height\" content=\"1000\" \/>\n\t<meta property=\"og:image:type\" content=\"image\/png\" \/>\n<meta name=\"twitter:card\" content=\"summary_large_image\" \/>\n<meta name=\"twitter:label1\" content=\"Price\" \/>\n\t<meta name=\"twitter:data1\" content=\"59,95&nbsp;&euro;\" \/>\n\t<meta name=\"twitter:label2\" content=\"Availability\" \/>\n\t<meta name=\"twitter:data2\" content=\"In stock\" \/>\n<script type=\"application\/ld+json\" class=\"yoast-schema-graph\">{\"@context\":\"https:\/\/schema.org\",\"@graph\":[{\"@type\":[\"WebPage\",\"ItemPage\"],\"@id\":\"https:\/\/padelhaus.mustlammas-dev.in\/lv\/veikals\/adidas-match-light-3-3-2024\/\",\"url\":\"https:\/\/padelhaus.mustlammas-dev.in\/lv\/veikals\/adidas-match-light-3-3-2024\/\",\"name\":\"Adidas Match Light 3.3 2024 | Test Padelhaus\",\"isPartOf\":{\"@id\":\"https:\/\/padelhaus.mustlammas-dev.in\/lv\/#website\"},\"primaryImageOfPage\":{\"@id\":\"https:\/\/padelhaus.mustlammas-dev.in\/lv\/veikals\/adidas-match-light-3-3-2024\/#primaryimage\"},\"image\":{\"@id\":\"https:\/\/padelhaus.mustlammas-dev.in\/lv\/veikals\/adidas-match-light-3-3-2024\/#primaryimage\"},\"thumbnailUrl\":\"https:\/\/padelhaus.mustlammas-dev.in\/wp-content\/uploads\/2026\/01\/1.png\",\"datePublished\":\"2026-01-13T22:33:42+00:00\",\"dateModified\":\"2026-03-13T18:12:40+00:00\",\"description\":\"Mekl\u0113 jaunu padela raketi par labu cenu? Padelhaus pied\u0101v\u0101 lab\u0101ko padela rake\u00f0u izv\u0113li visiem l\u012bme\u0146iem \u2013 tava padela apr\u012bkojuma m\u0101jas.\",\"breadcrumb\":{\"@id\":\"https:\/\/padelhaus.mustlammas-dev.in\/lv\/veikals\/adidas-match-light-3-3-2024\/#breadcrumb\"},\"inLanguage\":\"lv-LV\",\"potentialAction\":[{\"@type\":\"ReadAction\",\"target\":[\"https:\/\/padelhaus.mustlammas-dev.in\/lv\/veikals\/adidas-match-light-3-3-2024\/\"]}]},{\"@type\":\"ImageObject\",\"inLanguage\":\"lv-LV\",\"@id\":\"https:\/\/padelhaus.mustlammas-dev.in\/lv\/veikals\/adidas-match-light-3-3-2024\/#primaryimage\",\"url\":\"https:\/\/padelhaus.mustlammas-dev.in\/wp-content\/uploads\/2026\/01\/1.png\",\"contentUrl\":\"https:\/\/padelhaus.mustlammas-dev.in\/wp-content\/uploads\/2026\/01\/1.png\",\"width\":1000,\"height\":1000},{\"@type\":\"BreadcrumbList\",\"@id\":\"https:\/\/padelhaus.mustlammas-dev.in\/lv\/veikals\/adidas-match-light-3-3-2024\/#breadcrumb\",\"itemListElement\":[{\"@type\":\"ListItem\",\"position\":1,\"name\":\"S\u0101kumlapa\",\"item\":\"https:\/\/padelhaus.lv\/\"},{\"@type\":\"ListItem\",\"position\":2,\"name\":\"Veikals\",\"item\":\"https:\/\/padelhaus.lv\/veikals\/\"},{\"@type\":\"ListItem\",\"position\":3,\"name\":\"Adidas Match Light 3.3 2024\"}]},{\"@type\":\"WebSite\",\"@id\":\"https:\/\/padelhaus.mustlammas-dev.in\/lv\/#website\",\"url\":\"https:\/\/padelhaus.mustlammas-dev.in\/lv\/\",\"name\":\"Claude Padelhaus\",\"description\":\"Sinu padelivarustuse kodu\",\"publisher\":{\"@id\":\"https:\/\/padelhaus.mustlammas-dev.in\/lv\/#organization\"},\"potentialAction\":[{\"@type\":\"SearchAction\",\"target\":{\"@type\":\"EntryPoint\",\"urlTemplate\":\"https:\/\/padelhaus.mustlammas-dev.in\/lv\/?s={search_term_string}\"},\"query-input\":{\"@type\":\"PropertyValueSpecification\",\"valueRequired\":true,\"valueName\":\"search_term_string\"}}],\"inLanguage\":\"lv-LV\"},{\"@type\":\"Organization\",\"@id\":\"https:\/\/padelhaus.mustlammas-dev.in\/lv\/#organization\",\"name\":\"Claude Padelhaus\",\"url\":\"https:\/\/padelhaus.mustlammas-dev.in\/lv\/\",\"logo\":{\"@type\":\"ImageObject\",\"inLanguage\":\"lv-LV\",\"@id\":\"https:\/\/padelhaus.mustlammas-dev.in\/lv\/#\/schema\/logo\/image\/\",\"url\":\"https:\/\/padelhaus.mustlammas-dev.in\/wp-content\/uploads\/2025\/05\/Logo-1.png\",\"contentUrl\":\"https:\/\/padelhaus.mustlammas-dev.in\/wp-content\/uploads\/2025\/05\/Logo-1.png\",\"width\":280,\"height\":115,\"caption\":\"Claude Padelhaus\"},\"image\":{\"@id\":\"https:\/\/padelhaus.mustlammas-dev.in\/lv\/#\/schema\/logo\/image\/\"}}]}<\/script>\n<meta property=\"product:price:amount\" content=\"59.95\" \/>\n<meta property=\"product:price:currency\" content=\"EUR\" \/>\n<meta property=\"og:availability\" content=\"instock\" \/>\n<meta property=\"product:availability\" content=\"instock\" \/>\n<meta property=\"product:retailer_item_id\" content=\"ADI-R-45\" \/>\n<meta property=\"product:condition\" content=\"new\" \/>\n<!-- \/ Yoast SEO Premium plugin. -->","yoast_head_json":{"title":"Adidas Match Light 3.3 2024 | Test Padelhaus","description":"Mekl\u0113 jaunu padela raketi par labu cenu? Padelhaus pied\u0101v\u0101 lab\u0101ko padela rake\u00f0u izv\u0113li visiem l\u012bme\u0146iem \u2013 tava padela apr\u012bkojuma m\u0101jas.","robots":{"index":"noindex","follow":"follow","max-snippet":"max-snippet:-1","max-image-preview":"max-image-preview:large","max-video-preview":"max-video-preview:-1"},"og_locale":"lv_LV","og_type":"article","og_title":"Adidas Match Light 3.3 2024","og_description":"Mekl\u0113 jaunu padela raketi par labu cenu? Padelhaus pied\u0101v\u0101 lab\u0101ko padela rake\u00f0u izv\u0113li visiem l\u012bme\u0146iem \u2013 tava padela apr\u012bkojuma m\u0101jas.","og_url":"https:\/\/padelhaus.mustlammas-dev.in\/lv\/veikals\/adidas-match-light-3-3-2024\/","og_site_name":"Test Padelhaus","article_modified_time":"2026-03-13T18:12:40+00:00","og_image":[{"width":1000,"height":1000,"url":"https:\/\/padelhaus.lv\/wp-content\/uploads\/2026\/01\/1.png","type":"image\/png"}],"twitter_card":"summary_large_image","twitter_misc":{"Price":"59,95&nbsp;&euro;","Availability":"In stock"},"schema":{"@context":"https:\/\/schema.org","@graph":[{"@type":["WebPage","ItemPage"],"@id":"https:\/\/padelhaus.mustlammas-dev.in\/lv\/veikals\/adidas-match-light-3-3-2024\/","url":"https:\/\/padelhaus.mustlammas-dev.in\/lv\/veikals\/adidas-match-light-3-3-2024\/","name":"Adidas Match Light 3.3 2024 | Test Padelhaus","isPartOf":{"@id":"https:\/\/padelhaus.mustlammas-dev.in\/lv\/#website"},"primaryImageOfPage":{"@id":"https:\/\/padelhaus.mustlammas-dev.in\/lv\/veikals\/adidas-match-light-3-3-2024\/#primaryimage"},"image":{"@id":"https:\/\/padelhaus.mustlammas-dev.in\/lv\/veikals\/adidas-match-light-3-3-2024\/#primaryimage"},"thumbnailUrl":"https:\/\/padelhaus.mustlammas-dev.in\/wp-content\/uploads\/2026\/01\/1.png","datePublished":"2026-01-13T22:33:42+00:00","dateModified":"2026-03-13T18:12:40+00:00","description":"Mekl\u0113 jaunu padela raketi par labu cenu? Padelhaus pied\u0101v\u0101 lab\u0101ko padela rake\u00f0u izv\u0113li visiem l\u012bme\u0146iem \u2013 tava padela apr\u012bkojuma m\u0101jas.","breadcrumb":{"@id":"https:\/\/padelhaus.mustlammas-dev.in\/lv\/veikals\/adidas-match-light-3-3-2024\/#breadcrumb"},"inLanguage":"lv-LV","potentialAction":[{"@type":"ReadAction","target":["https:\/\/padelhaus.mustlammas-dev.in\/lv\/veikals\/adidas-match-light-3-3-2024\/"]}]},{"@type":"ImageObject","inLanguage":"lv-LV","@id":"https:\/\/padelhaus.mustlammas-dev.in\/lv\/veikals\/adidas-match-light-3-3-2024\/#primaryimage","url":"https:\/\/padelhaus.mustlammas-dev.in\/wp-content\/uploads\/2026\/01\/1.png","contentUrl":"https:\/\/padelhaus.mustlammas-dev.in\/wp-content\/uploads\/2026\/01\/1.png","width":1000,"height":1000},{"@type":"BreadcrumbList","@id":"https:\/\/padelhaus.mustlammas-dev.in\/lv\/veikals\/adidas-match-light-3-3-2024\/#breadcrumb","itemListElement":[{"@type":"ListItem","position":1,"name":"S\u0101kumlapa","item":"https:\/\/padelhaus.lv\/"},{"@type":"ListItem","position":2,"name":"Veikals","item":"https:\/\/padelhaus.lv\/veikals\/"},{"@type":"ListItem","position":3,"name":"Adidas Match Light 3.3 2024"}]},{"@type":"WebSite","@id":"https:\/\/padelhaus.mustlammas-dev.in\/lv\/#website","url":"https:\/\/padelhaus.mustlammas-dev.in\/lv\/","name":"Claude Padelhaus","description":"Sinu padelivarustuse kodu","publisher":{"@id":"https:\/\/padelhaus.mustlammas-dev.in\/lv\/#organization"},"potentialAction":[{"@type":"SearchAction","target":{"@type":"EntryPoint","urlTemplate":"https:\/\/padelhaus.mustlammas-dev.in\/lv\/?s={search_term_string}"},"query-input":{"@type":"PropertyValueSpecification","valueRequired":true,"valueName":"search_term_string"}}],"inLanguage":"lv-LV"},{"@type":"Organization","@id":"https:\/\/padelhaus.mustlammas-dev.in\/lv\/#organization","name":"Claude Padelhaus","url":"https:\/\/padelhaus.mustlammas-dev.in\/lv\/","logo":{"@type":"ImageObject","inLanguage":"lv-LV","@id":"https:\/\/padelhaus.mustlammas-dev.in\/lv\/#\/schema\/logo\/image\/","url":"https:\/\/padelhaus.mustlammas-dev.in\/wp-content\/uploads\/2025\/05\/Logo-1.png","contentUrl":"https:\/\/padelhaus.mustlammas-dev.in\/wp-content\/uploads\/2025\/05\/Logo-1.png","width":280,"height":115,"caption":"Claude Padelhaus"},"image":{"@id":"https:\/\/padelhaus.mustlammas-dev.in\/lv\/#\/schema\/logo\/image\/"}}]},"product_price_amount":"59.95","product_price_currency":"EUR","og_availability":"instock","product_availability":"instock","product_retailer_item_id":"ADI-R-45","product_condition":"new"},"_links":{"self":[{"href":"https:\/\/padelhaus.mustlammas-dev.in\/lv\/wp-json\/wp\/v2\/product\/69283","targetHints":{"allow":["GET"]}}],"collection":[{"href":"https:\/\/padelhaus.mustlammas-dev.in\/lv\/wp-json\/wp\/v2\/product"}],"about":[{"href":"https:\/\/padelhaus.mustlammas-dev.in\/lv\/wp-json\/wp\/v2\/types\/product"}],"replies":[{"embeddable":true,"href":"https:\/\/padelhaus.mustlammas-dev.in\/lv\/wp-json\/wp\/v2\/comments?post=69283"}],"wp:featuredmedia":[{"embeddable":true,"href":"https:\/\/padelhaus.mustlammas-dev.in\/lv\/wp-json\/wp\/v2\/media\/73159"}],"wp:attachment":[{"href":"https:\/\/padelhaus.mustlammas-dev.in\/lv\/wp-json\/wp\/v2\/media?parent=69283"}],"wp:term":[{"taxonomy":"product_brand","embeddable":true,"href":"https:\/\/padelhaus.mustlammas-dev.in\/lv\/wp-json\/wp\/v2\/product_brand?post=69283"},{"taxonomy":"product_cat","embeddable":true,"href":"https:\/\/padelhaus.mustlammas-dev.in\/lv\/wp-json\/wp\/v2\/product_cat?post=69283"},{"taxonomy":"product_tag","embeddable":true,"href":"https:\/\/padelhaus.mustlammas-dev.in\/lv\/wp-json\/wp\/v2\/product_tag?post=69283"}],"curies":[{"name":"wp","href":"https:\/\/api.w.org\/{rel}","templated":true}]}}