{"id":69292,"date":"2026-01-14T11:14:09","date_gmt":"2026-01-14T09:14:09","guid":{"rendered":"https:\/\/padelhaus.mustlammas-dev.in\/pood\/sane-assassin-carbon-compact-3k\/"},"modified":"2026-01-29T07:50:30","modified_gmt":"2026-01-29T05:50:30","slug":"sane-assassin-carbon-compact-3k","status":"publish","type":"product","link":"https:\/\/padelhaus.mustlammas-dev.in\/lv\/veikals\/sane-assassin-carbon-compact-3k\/","title":{"rendered":"Sane Assassin Carbon Compact 3K"},"content":{"rendered":"<h5><b>Assassin Carbon Compact \u2013 ide\u0101ls l\u012bdzsvars starp jaudu un kontroli<\/b><\/h5>\n<p>&nbsp;<\/p>\n<p class=\"p3\"><span class=\"s2\"><b>Assassin Carbon Compact<\/b><\/span> ir padel rakete sp\u0113l\u0113t\u0101jiem, kuri mekl\u0113 <span class=\"s2\"><b>iztur\u012bbu, efektivit\u0101ti un l\u012bdzsvaru<\/b><\/span> starp jaudu un kontroli. T\u0101s <span class=\"s2\"><b>hibr\u012bd\u0101 apa\u013c\u0101 un asaras formas<\/b><\/span> un <span class=\"s2\"><b>3K oglek\u013ca \u0161\u0137iedras konstrukcija<\/b><\/span> padara to par lielisku izv\u0113li tiem, kas nov\u0113rt\u0113 gan veiktsp\u0113ju, gan vizu\u0101lo stilu. <\/p>\n<h5><b>Galven\u0101s \u012bpa\u0161\u012bbas<\/b><\/h5>\n<ul>\n<li>\n<p class=\"p1\"><span class=\"s1\"><b>3K Carbon<\/b><\/span> \u2013 rakete ir izgatavota no 3K oglek\u013ca \u0161\u0137iedras, kas ir paz\u012bstama ar savu iztur\u012bbu un notur\u012bbu. Nodro\u0161ina izcilu efektivit\u0101ti laukum\u0101 un labu triecieniztur\u012bbu. <\/p>\n<\/li>\n<li>\n<p class=\"p1\"><span class=\"s1\"><b>Compact Hybrid kodols<\/b><\/span> \u2013 kompaktais kodols pied\u0101v\u0101 \u0101tru un jaud\u012bgu reakciju, ide\u0101li piem\u0113rots sp\u0113l\u0113t\u0101jam, kur\u0161 mekl\u0113 l\u012bdzsvaru starp jaudu un kontroli.<\/p>\n<\/li>\n<li>\n<p class=\"p1\"><span class=\"s1\"><b>Hibr\u012bda apa\u013ci-pilienveida forma<\/b><\/span> \u2013 apvieno apa\u013cas un pilienveida raketes priek\u0161roc\u012bbas, pied\u0101v\u0101jot pla\u0161u saldo punktu un izcilu l\u012bdzsvaru sp\u0113l\u0113.<\/p>\n<\/li>\n<li>\n<p class=\"p1\"><span class=\"s1\"><b>Sp\u012bd\u012bga apdare<\/b><\/span> \u2013 elegants un m\u016bsdien\u012bgs izskats, kas uzlabo ar\u012b bumbas sa\u0137eri, atvieglojot spina pie\u0161\u0137ir\u0161anu un nodro\u0161inot lab\u0101ku kontroli p\u0101r sitieniem.<\/p>\n<\/li>\n<\/ul>\n<h5><b>Tehnisk\u0101 specifik\u0101cija<\/b><\/h5>\n<ul>\n<li>\n<p class=\"p1\"><span class=\"s1\"><b>Materi\u0101ls:<\/b><\/span> 3K Carbon<\/p>\n<\/li>\n<li>\n<p class=\"p1\"><span class=\"s1\"><b>Kodols:<\/b><\/span> Compact Hybrid<\/p>\n<\/li>\n<li>\n<p class=\"p1\"><span class=\"s1\"><b>Forma:<\/b><\/span> hibr\u012bda apa\u013c\u0101-asaras<\/p>\n<\/li>\n<li>\n<p class=\"p1\"><b>Apdare:<\/b><span class=\"s1\"> sp\u012bd\u012bga<\/span><\/p>\n<\/li>\n<li>\n<p class=\"p1\"><span class=\"s1\"><b>L\u012bdzsvars:<\/b><\/span> vid\u0113js<\/p>\n<\/li>\n<li>\n<p class=\"p1\"><b>Profils:<\/b><span class=\"s1\"> 38 mm<\/span><\/p>\n<\/li>\n<\/ul>\n<p>&nbsp;<\/p>\n<h5><b>Kam \u0161\u012b rakete ir piem\u0113rota?<\/b><\/h5>\n<p>&nbsp;<\/p>\n<p class=\"p3\">Assassin Carbon Compact ir ide\u0101la izv\u0113le sp\u0113l\u0113t\u0101jam, kur\u0161 mekl\u0113 <span class=\"s2\"><b>daudzpus\u012bgu raketi<\/b><\/span>, kas pied\u0101v\u0101 izcilu l\u012bdzsvaru starp jaudu un kontroli. Hibr\u012bd\u0101 forma \u013cauj piel\u0101goties da\u017e\u0101d\u0101m sp\u0113les situ\u0101cij\u0101m, savuk\u0101rt modernais dizains un sp\u012bd\u012bg\u0101 apdare pie\u0161\u0137ir laukum\u0101 stil\u012bgu un profesion\u0101lu izskatu. <\/p>\n<p class=\"p3\">T\u0101 ir rakete sp\u0113l\u0113t\u0101jam, kur\u0161 v\u0113las <span class=\"s2\"><b>maksimiz\u0113t savu veiktsp\u0113ju<\/b><\/span>, vienlaikus saglab\u0101jot p\u0101rliecino\u0161u saj\u016btu un elegantu sp\u0113les stilu.<\/p>\n","protected":false},"excerpt":{"rendered":"<p>Assassin Carbon Compact \u2013 ide\u0101ls l\u012bdzsvars starp jaudu un kontroli &nbsp; Assassin Carbon Compact ir padel rakete sp\u0113l\u0113t\u0101jiem, kuri mekl\u0113 iztur\u012bbu, efektivit\u0101ti un l\u012bdzsvaru starp jaudu un kontroli. T\u0101s hibr\u012bd\u0101 apa\u013c\u0101 un asaras formas un 3K oglek\u013ca \u0161\u0137iedras konstrukcija padara to par lielisku izv\u0113li tiem, kas nov\u0113rt\u0113 gan veiktsp\u0113ju, gan vizu\u0101lo stilu. Galven\u0101s \u012bpa\u0161\u012bbas 3K [&hellip;]<\/p>\n","protected":false},"featured_media":69179,"comment_status":"open","ping_status":"closed","template":"","meta":{"_eb_attr":""},"product_brand":[349],"product_cat":[251,350,331],"product_tag":[],"class_list":{"0":"post-69292","1":"product","2":"type-product","3":"status-publish","4":"has-post-thumbnail","6":"product_brand-sane","7":"product_cat-padela-raketes","8":"product_cat-sane","9":"product_cat-videjais-limenis","10":"pa_kaal-350-370g","11":"pa_kuju-piliens","12":"pa_mangustiil-hibrids","13":"pa_tasakaal-centra","14":"pa_tase-videjais-limenis","15":"pa_varv-balts","18":"first","19":"outofstock","20":"sale","21":"taxable","22":"shipping-taxable","23":"purchasable","24":"product-type-simple"},"yoast_head":"<!-- This site is optimized with the Yoast SEO Premium plugin v27.1 (Yoast SEO v27.1.1) - https:\/\/yoast.com\/product\/yoast-seo-premium-wordpress\/ -->\n<title>Sane Assassin Carbon Compact 3K | Test Padelhaus<\/title>\n<meta name=\"description\" content=\"Mekl\u0113 jaunu padela raketi par labu cenu? Padelhaus pied\u0101v\u0101 lab\u0101ko padela rake\u00f0u izv\u0113li visiem l\u012bme\u0146iem \u2013 tava padela apr\u012bkojuma m\u0101jas.\" \/>\n<meta name=\"robots\" content=\"noindex, follow, max-snippet:-1, max-image-preview:large, max-video-preview:-1\" \/>\n<meta property=\"og:locale\" content=\"lv_LV\" \/>\n<meta property=\"og:type\" content=\"article\" \/>\n<meta property=\"og:title\" content=\"Sane Assassin Carbon Compact 3K\" \/>\n<meta property=\"og:description\" content=\"Mekl\u0113 jaunu padela raketi par labu cenu? Padelhaus pied\u0101v\u0101 lab\u0101ko padela rake\u00f0u izv\u0113li visiem l\u012bme\u0146iem \u2013 tava padela apr\u012bkojuma m\u0101jas.\" \/>\n<meta property=\"og:url\" content=\"https:\/\/padelhaus.mustlammas-dev.in\/lv\/veikals\/sane-assassin-carbon-compact-3k\/\" \/>\n<meta property=\"og:site_name\" content=\"Test Padelhaus\" \/>\n<meta property=\"article:modified_time\" content=\"2026-01-29T05:50:30+00:00\" \/>\n<meta property=\"og:image\" content=\"https:\/\/padelhaus.lv\/wp-content\/uploads\/2026\/01\/13-1.webp\" \/>\n\t<meta property=\"og:image:width\" content=\"1000\" \/>\n\t<meta property=\"og:image:height\" content=\"1000\" \/>\n\t<meta property=\"og:image:type\" content=\"image\/webp\" \/>\n<meta name=\"twitter:card\" content=\"summary_large_image\" \/>\n<meta name=\"twitter:label1\" content=\"Price\" \/>\n\t<meta name=\"twitter:data1\" content=\"98,95&nbsp;&euro;\" \/>\n\t<meta name=\"twitter:label2\" content=\"Availability\" \/>\n\t<meta name=\"twitter:data2\" content=\"Out of stock\" \/>\n<script type=\"application\/ld+json\" class=\"yoast-schema-graph\">{\"@context\":\"https:\/\/schema.org\",\"@graph\":[{\"@type\":[\"WebPage\",\"ItemPage\"],\"@id\":\"https:\/\/padelhaus.mustlammas-dev.in\/lv\/veikals\/sane-assassin-carbon-compact-3k\/\",\"url\":\"https:\/\/padelhaus.mustlammas-dev.in\/lv\/veikals\/sane-assassin-carbon-compact-3k\/\",\"name\":\"Sane Assassin Carbon Compact 3K | Test Padelhaus\",\"isPartOf\":{\"@id\":\"https:\/\/padelhaus.mustlammas-dev.in\/lv\/#website\"},\"primaryImageOfPage\":{\"@id\":\"https:\/\/padelhaus.mustlammas-dev.in\/lv\/veikals\/sane-assassin-carbon-compact-3k\/#primaryimage\"},\"image\":{\"@id\":\"https:\/\/padelhaus.mustlammas-dev.in\/lv\/veikals\/sane-assassin-carbon-compact-3k\/#primaryimage\"},\"thumbnailUrl\":\"https:\/\/padelhaus.mustlammas-dev.in\/wp-content\/uploads\/2026\/01\/13-1.webp\",\"datePublished\":\"2026-01-14T09:14:09+00:00\",\"dateModified\":\"2026-01-29T05:50:30+00:00\",\"description\":\"Mekl\u0113 jaunu padela raketi par labu cenu? Padelhaus pied\u0101v\u0101 lab\u0101ko padela rake\u00f0u izv\u0113li visiem l\u012bme\u0146iem \u2013 tava padela apr\u012bkojuma m\u0101jas.\",\"breadcrumb\":{\"@id\":\"https:\/\/padelhaus.mustlammas-dev.in\/lv\/veikals\/sane-assassin-carbon-compact-3k\/#breadcrumb\"},\"inLanguage\":\"lv-LV\",\"potentialAction\":[{\"@type\":\"ReadAction\",\"target\":[\"https:\/\/padelhaus.mustlammas-dev.in\/lv\/veikals\/sane-assassin-carbon-compact-3k\/\"]}]},{\"@type\":\"ImageObject\",\"inLanguage\":\"lv-LV\",\"@id\":\"https:\/\/padelhaus.mustlammas-dev.in\/lv\/veikals\/sane-assassin-carbon-compact-3k\/#primaryimage\",\"url\":\"https:\/\/padelhaus.mustlammas-dev.in\/wp-content\/uploads\/2026\/01\/13-1.webp\",\"contentUrl\":\"https:\/\/padelhaus.mustlammas-dev.in\/wp-content\/uploads\/2026\/01\/13-1.webp\",\"width\":1000,\"height\":1000},{\"@type\":\"BreadcrumbList\",\"@id\":\"https:\/\/padelhaus.mustlammas-dev.in\/lv\/veikals\/sane-assassin-carbon-compact-3k\/#breadcrumb\",\"itemListElement\":[{\"@type\":\"ListItem\",\"position\":1,\"name\":\"S\u0101kumlapa\",\"item\":\"https:\/\/padelhaus.lv\/\"},{\"@type\":\"ListItem\",\"position\":2,\"name\":\"Veikals\",\"item\":\"https:\/\/padelhaus.lv\/veikals\/\"},{\"@type\":\"ListItem\",\"position\":3,\"name\":\"Sane Assassin Carbon Compact 3K\"}]},{\"@type\":\"WebSite\",\"@id\":\"https:\/\/padelhaus.mustlammas-dev.in\/lv\/#website\",\"url\":\"https:\/\/padelhaus.mustlammas-dev.in\/lv\/\",\"name\":\"Claude Padelhaus\",\"description\":\"Sinu padelivarustuse kodu\",\"publisher\":{\"@id\":\"https:\/\/padelhaus.mustlammas-dev.in\/lv\/#organization\"},\"potentialAction\":[{\"@type\":\"SearchAction\",\"target\":{\"@type\":\"EntryPoint\",\"urlTemplate\":\"https:\/\/padelhaus.mustlammas-dev.in\/lv\/?s={search_term_string}\"},\"query-input\":{\"@type\":\"PropertyValueSpecification\",\"valueRequired\":true,\"valueName\":\"search_term_string\"}}],\"inLanguage\":\"lv-LV\"},{\"@type\":\"Organization\",\"@id\":\"https:\/\/padelhaus.mustlammas-dev.in\/lv\/#organization\",\"name\":\"Claude Padelhaus\",\"url\":\"https:\/\/padelhaus.mustlammas-dev.in\/lv\/\",\"logo\":{\"@type\":\"ImageObject\",\"inLanguage\":\"lv-LV\",\"@id\":\"https:\/\/padelhaus.mustlammas-dev.in\/lv\/#\/schema\/logo\/image\/\",\"url\":\"https:\/\/padelhaus.mustlammas-dev.in\/wp-content\/uploads\/2025\/05\/Logo-1.png\",\"contentUrl\":\"https:\/\/padelhaus.mustlammas-dev.in\/wp-content\/uploads\/2025\/05\/Logo-1.png\",\"width\":280,\"height\":115,\"caption\":\"Claude Padelhaus\"},\"image\":{\"@id\":\"https:\/\/padelhaus.mustlammas-dev.in\/lv\/#\/schema\/logo\/image\/\"}}]}<\/script>\n<meta property=\"product:price:amount\" content=\"98.95\" \/>\n<meta property=\"product:price:currency\" content=\"EUR\" \/>\n<meta property=\"og:availability\" content=\"out of stock\" \/>\n<meta property=\"product:availability\" content=\"out of stock\" \/>\n<meta property=\"product:retailer_item_id\" content=\"SAN-R-15\" \/>\n<meta property=\"product:condition\" content=\"new\" \/>\n<!-- \/ Yoast SEO Premium plugin. -->","yoast_head_json":{"title":"Sane Assassin Carbon Compact 3K | Test Padelhaus","description":"Mekl\u0113 jaunu padela raketi par labu cenu? Padelhaus pied\u0101v\u0101 lab\u0101ko padela rake\u00f0u izv\u0113li visiem l\u012bme\u0146iem \u2013 tava padela apr\u012bkojuma m\u0101jas.","robots":{"index":"noindex","follow":"follow","max-snippet":"max-snippet:-1","max-image-preview":"max-image-preview:large","max-video-preview":"max-video-preview:-1"},"og_locale":"lv_LV","og_type":"article","og_title":"Sane Assassin Carbon Compact 3K","og_description":"Mekl\u0113 jaunu padela raketi par labu cenu? Padelhaus pied\u0101v\u0101 lab\u0101ko padela rake\u00f0u izv\u0113li visiem l\u012bme\u0146iem \u2013 tava padela apr\u012bkojuma m\u0101jas.","og_url":"https:\/\/padelhaus.mustlammas-dev.in\/lv\/veikals\/sane-assassin-carbon-compact-3k\/","og_site_name":"Test Padelhaus","article_modified_time":"2026-01-29T05:50:30+00:00","og_image":[{"width":1000,"height":1000,"url":"https:\/\/padelhaus.lv\/wp-content\/uploads\/2026\/01\/13-1.webp","type":"image\/webp"}],"twitter_card":"summary_large_image","twitter_misc":{"Price":"98,95&nbsp;&euro;","Availability":"Out of stock"},"schema":{"@context":"https:\/\/schema.org","@graph":[{"@type":["WebPage","ItemPage"],"@id":"https:\/\/padelhaus.mustlammas-dev.in\/lv\/veikals\/sane-assassin-carbon-compact-3k\/","url":"https:\/\/padelhaus.mustlammas-dev.in\/lv\/veikals\/sane-assassin-carbon-compact-3k\/","name":"Sane Assassin Carbon Compact 3K | Test Padelhaus","isPartOf":{"@id":"https:\/\/padelhaus.mustlammas-dev.in\/lv\/#website"},"primaryImageOfPage":{"@id":"https:\/\/padelhaus.mustlammas-dev.in\/lv\/veikals\/sane-assassin-carbon-compact-3k\/#primaryimage"},"image":{"@id":"https:\/\/padelhaus.mustlammas-dev.in\/lv\/veikals\/sane-assassin-carbon-compact-3k\/#primaryimage"},"thumbnailUrl":"https:\/\/padelhaus.mustlammas-dev.in\/wp-content\/uploads\/2026\/01\/13-1.webp","datePublished":"2026-01-14T09:14:09+00:00","dateModified":"2026-01-29T05:50:30+00:00","description":"Mekl\u0113 jaunu padela raketi par labu cenu? Padelhaus pied\u0101v\u0101 lab\u0101ko padela rake\u00f0u izv\u0113li visiem l\u012bme\u0146iem \u2013 tava padela apr\u012bkojuma m\u0101jas.","breadcrumb":{"@id":"https:\/\/padelhaus.mustlammas-dev.in\/lv\/veikals\/sane-assassin-carbon-compact-3k\/#breadcrumb"},"inLanguage":"lv-LV","potentialAction":[{"@type":"ReadAction","target":["https:\/\/padelhaus.mustlammas-dev.in\/lv\/veikals\/sane-assassin-carbon-compact-3k\/"]}]},{"@type":"ImageObject","inLanguage":"lv-LV","@id":"https:\/\/padelhaus.mustlammas-dev.in\/lv\/veikals\/sane-assassin-carbon-compact-3k\/#primaryimage","url":"https:\/\/padelhaus.mustlammas-dev.in\/wp-content\/uploads\/2026\/01\/13-1.webp","contentUrl":"https:\/\/padelhaus.mustlammas-dev.in\/wp-content\/uploads\/2026\/01\/13-1.webp","width":1000,"height":1000},{"@type":"BreadcrumbList","@id":"https:\/\/padelhaus.mustlammas-dev.in\/lv\/veikals\/sane-assassin-carbon-compact-3k\/#breadcrumb","itemListElement":[{"@type":"ListItem","position":1,"name":"S\u0101kumlapa","item":"https:\/\/padelhaus.lv\/"},{"@type":"ListItem","position":2,"name":"Veikals","item":"https:\/\/padelhaus.lv\/veikals\/"},{"@type":"ListItem","position":3,"name":"Sane Assassin Carbon Compact 3K"}]},{"@type":"WebSite","@id":"https:\/\/padelhaus.mustlammas-dev.in\/lv\/#website","url":"https:\/\/padelhaus.mustlammas-dev.in\/lv\/","name":"Claude Padelhaus","description":"Sinu padelivarustuse kodu","publisher":{"@id":"https:\/\/padelhaus.mustlammas-dev.in\/lv\/#organization"},"potentialAction":[{"@type":"SearchAction","target":{"@type":"EntryPoint","urlTemplate":"https:\/\/padelhaus.mustlammas-dev.in\/lv\/?s={search_term_string}"},"query-input":{"@type":"PropertyValueSpecification","valueRequired":true,"valueName":"search_term_string"}}],"inLanguage":"lv-LV"},{"@type":"Organization","@id":"https:\/\/padelhaus.mustlammas-dev.in\/lv\/#organization","name":"Claude Padelhaus","url":"https:\/\/padelhaus.mustlammas-dev.in\/lv\/","logo":{"@type":"ImageObject","inLanguage":"lv-LV","@id":"https:\/\/padelhaus.mustlammas-dev.in\/lv\/#\/schema\/logo\/image\/","url":"https:\/\/padelhaus.mustlammas-dev.in\/wp-content\/uploads\/2025\/05\/Logo-1.png","contentUrl":"https:\/\/padelhaus.mustlammas-dev.in\/wp-content\/uploads\/2025\/05\/Logo-1.png","width":280,"height":115,"caption":"Claude Padelhaus"},"image":{"@id":"https:\/\/padelhaus.mustlammas-dev.in\/lv\/#\/schema\/logo\/image\/"}}]},"product_price_amount":"98.95","product_price_currency":"EUR","og_availability":"out of stock","product_availability":"out of stock","product_retailer_item_id":"SAN-R-15","product_condition":"new"},"_links":{"self":[{"href":"https:\/\/padelhaus.mustlammas-dev.in\/lv\/wp-json\/wp\/v2\/product\/69292","targetHints":{"allow":["GET"]}}],"collection":[{"href":"https:\/\/padelhaus.mustlammas-dev.in\/lv\/wp-json\/wp\/v2\/product"}],"about":[{"href":"https:\/\/padelhaus.mustlammas-dev.in\/lv\/wp-json\/wp\/v2\/types\/product"}],"replies":[{"embeddable":true,"href":"https:\/\/padelhaus.mustlammas-dev.in\/lv\/wp-json\/wp\/v2\/comments?post=69292"}],"wp:featuredmedia":[{"embeddable":true,"href":"https:\/\/padelhaus.mustlammas-dev.in\/lv\/wp-json\/wp\/v2\/media\/69179"}],"wp:attachment":[{"href":"https:\/\/padelhaus.mustlammas-dev.in\/lv\/wp-json\/wp\/v2\/media?parent=69292"}],"wp:term":[{"taxonomy":"product_brand","embeddable":true,"href":"https:\/\/padelhaus.mustlammas-dev.in\/lv\/wp-json\/wp\/v2\/product_brand?post=69292"},{"taxonomy":"product_cat","embeddable":true,"href":"https:\/\/padelhaus.mustlammas-dev.in\/lv\/wp-json\/wp\/v2\/product_cat?post=69292"},{"taxonomy":"product_tag","embeddable":true,"href":"https:\/\/padelhaus.mustlammas-dev.in\/lv\/wp-json\/wp\/v2\/product_tag?post=69292"}],"curies":[{"name":"wp","href":"https:\/\/api.w.org\/{rel}","templated":true}]}}