{"id":69507,"date":"2026-01-21T14:50:55","date_gmt":"2026-01-21T12:50:55","guid":{"rendered":"https:\/\/padelhaus.mustlammas-dev.in\/pood\/adidas-metalbone-team-light-3-5-2026\/"},"modified":"2026-03-10T02:05:35","modified_gmt":"2026-03-10T00:05:35","slug":"adidas-metalbone-team-light-3-5-2026","status":"publish","type":"product","link":"https:\/\/padelhaus.mustlammas-dev.in\/lv\/veikals\/adidas-metalbone-team-light-3-5-2026\/","title":{"rendered":"Adidas Metalbone Team Light 3.5 2026"},"content":{"rendered":"<p class=\"p1\">\n<h4><b>Adidas Metalbone Team Light 2026 \u2013 kontrol\u0113ts sp\u0113ks<\/b><\/h4>\n<p>&nbsp;<\/p>\n<p class=\"p3\"><span class=\"s2\"><b>Adidas Metalbone Team Light 2026<\/b><\/span> apvieno gudru sp\u0113ku, prec\u012bzu kontroli un izcilu manevr\u0113tsp\u0113ju, pateicoties t\u0101 <span class=\"s2\"><b>vieglajai konstrukcijai (345\u2013360 g)<\/b><\/span>. Raketes <span class=\"s2\"><b>apa\u013c\u0101 forma<\/b><\/span> un <span class=\"s2\"><b>vid\u0113jais l\u012bdzsvars<\/b><\/span> nodro\u0161ina stabilit\u0101ti un precizit\u0101ti katr\u0101 sitien\u0101, savuk\u0101rt <span class=\"s2\"><b>pla\u0161\u0101 sald\u0101 zona<\/b><\/span> pal\u012bdz dro\u0161i sp\u0113l\u0113t gan aizsardz\u012bb\u0101, gan uzbrukum\u0101. <\/p>\n<p class=\"p1\">\n<h4><b>Dizains un materi\u0101li<\/b><\/h4>\n<p>&nbsp;<\/p>\n<p class=\"p3\">Rakete ir veidota no <span class=\"s2\"><b>EVA Soft Performance<\/b><\/span> gumijas serdes un <span class=\"s2\"><b>stikla \u0161\u0137iedras virsm\u0101m<\/b><\/span>, pied\u0101v\u0101jot m\u012bkstu un \u0113rtu saj\u016btu, k\u0101 ar\u012b vienm\u0113r\u012bgu bumbas izlidojumu, nezaud\u0113jot nepiecie\u0161amo stingr\u012bbu iz\u0161\u0137iro\u0161iem sitieniem.<\/p>\n<p class=\"p3\">Turkl\u0101t ir integr\u0113tas augst\u0101k\u0101s klases tehnolo\u0123ijas, piem\u0113ram, <span class=\"s2\"><b>Octagonal Structure<\/b><\/span> r\u0101m\u012b un <span class=\"s2\"><b>Low Poly<\/b><\/span> dizains strat\u0113\u0123isk\u0101s zon\u0101s, kas nodro\u0161ina liel\u0101ku stingr\u012bbu, stabilit\u0101ti un profesion\u0101lu sniegumu.<\/p>\n<p class=\"p1\">\n<h4><b>Pieredz\u0113ju\u0161am sp\u0113l\u0113t\u0101jam, kur\u0161 mekl\u0113 kontroli un dinamiku<\/b><\/h4>\n<p>&nbsp;<\/p>\n<p class=\"p3\">\u0160\u012b viegl\u0101 Adidas rakete ir paredz\u0113ta <span class=\"s2\"><b>pieredz\u0113ju\u0161iem sp\u0113l\u0113t\u0101jiem<\/b><\/span>, kuri v\u0113las vieglu raketi, bet taj\u0101 pa\u0161\u0101 laik\u0101 sagaida no t\u0101s sp\u0113c\u012bgu atbildi sp\u0113les iz\u0161\u0137iro\u0161ajos br\u012b\u017eos.<\/p>\n<p class=\"p3\">Metalbone Team Light 2026 ir piem\u0113rota sp\u0113l\u0113t\u0101jam, kur\u0161 par priorit\u0101ti izvirza <span class=\"s2\"><b>kontroli un precizit\u0101ti<\/b><\/span>, bet nev\u0113las atteikties no jaud\u012bga uzbrukuma sitiena, kad rodas iesp\u0113ja.<\/p>\n<p class=\"p3\"><span class=\"s2\"><b>Power Extra Grip<\/b><\/span> \u2013 gar\u0101ks rokturis \u2013 uzlabo vad\u0101m\u012bbu sm\u0113\u0161os un spina sitienos, pied\u0101v\u0101jot liel\u0101ku sviru \u0101truma un sp\u0113ka \u0123ener\u0113\u0161anai.<\/p>\n<p class=\"p3\">Ja v\u0113lies maksimiz\u0113t savu kust\u012bbu, uzlabot reakciju un saglab\u0101t komfortu visas sp\u0113les laik\u0101, \u0161\u012b rakete ir rad\u012bta tie\u0161i tev.<\/p>\n<p class=\"p1\">\n<h4><b>Galven\u0101s \u012bpa\u0161\u012bbas un tehnolo\u0123ijas<\/b><\/h4>\n<p class=\"p1\">\n<ul>\n<li>\n<p class=\"p1\"><span class=\"s1\"><b>Octagonal Structure<\/b><\/span> \u2013 oglek\u013ca cauru\u013cu r\u0101mis, kas palielina stingr\u012bbu un samazina v\u0113rpes sp\u0113c\u012bgos sitienos<\/p>\n<\/li>\n<li>\n<p class=\"p1\"><span class=\"s1\"><b>Low Poly Design<\/b><\/span> \u2013 polihedr\u0101la forma r\u0101m\u012b un sird\u012b, kas optimiz\u0113 sp\u0113ka sadal\u012bjumu un uzlabo stabilit\u0101ti<\/p>\n<\/li>\n<li>\n<p class=\"p1\"><span class=\"s1\"><b>Power Extra Grip<\/b><\/span> \u2013 gar\u0101ks rokturis liel\u0101ka sp\u0113ka un precizit\u0101tes sasnieg\u0161anai uzbrukuma sitienos<\/p>\n<\/li>\n<li>\n<p class=\"p1\"><span class=\"s1\"><b>Spin Blade Gritt<\/b><\/span> \u2013 raupja sitiena virsma, kas nodro\u0161ina lab\u0101ku spina un bumbas kontroli<\/p>\n<\/li>\n<li>\n<p class=\"p1\"><span class=\"s1\"><b>Smart Holes Curve<\/b><\/span> \u2013 strat\u0113\u0123isks caurumu izvietojums, kas papla\u0161ina saldo zonu un uzlabo iztur\u012bbu<\/p>\n<\/li>\n<li>\n<p class=\"p1\"><span class=\"s1\"><b>Materi\u0101li:<\/b><\/span> EVA Soft Performance gumija un stikla \u0161\u0137iedra \u2013 maksim\u0101ls komforts, labs bumbas izlidojums un vibr\u0101ciju sl\u0101p\u0113\u0161ana<\/p>\n<\/li>\n<\/ul>\n<p class=\"p1\">\n<h4><b>Viegls, prec\u012bzs un ar profesion\u0101lu atbildi<\/b><\/h4>\n<p>&nbsp;<\/p>\n<p class=\"p3\">Adidas Metalbone Team Light 2026 ir ide\u0101la izv\u0113le sp\u0113l\u0113t\u0101jam, kur\u0161 mekl\u0113 <span class=\"s2\"><b>vieglu, uz kontroli orient\u0113tu un tehnolo\u0123iski att\u012bst\u012btu<\/b><\/span> raketi, kas nepiecie\u0161am\u012bbas gad\u012bjum\u0101 sp\u0113j nodro\u0161in\u0101t ar\u012b sp\u0113ku.<\/p>\n","protected":false},"excerpt":{"rendered":"<p>Adidas Metalbone Team Light 2026 \u2013 kontrol\u0113ts sp\u0113ks &nbsp; Adidas Metalbone Team Light 2026 apvieno gudru sp\u0113ku, prec\u012bzu kontroli un izcilu manevr\u0113tsp\u0113ju, pateicoties t\u0101 vieglajai konstrukcijai (345\u2013360 g). Raketes apa\u013c\u0101 forma un vid\u0113jais l\u012bdzsvars nodro\u0161ina stabilit\u0101ti un precizit\u0101ti katr\u0101 sitien\u0101, savuk\u0101rt pla\u0161\u0101 sald\u0101 zona pal\u012bdz dro\u0161i sp\u0113l\u0113t gan aizsardz\u012bb\u0101, gan uzbrukum\u0101. Dizains un materi\u0101li &nbsp; [&hellip;]<\/p>\n","protected":false},"featured_media":69508,"comment_status":"open","ping_status":"closed","template":"","meta":{"_eb_attr":""},"product_brand":[380],"product_cat":[396,251,263,331],"product_tag":[],"class_list":{"0":"post-69507","1":"product","2":"type-product","3":"status-publish","4":"has-post-thumbnail","6":"product_brand-adidas","7":"product_cat-adidas","8":"product_cat-padela-raketes","9":"product_cat-sievietes","10":"product_cat-videjais-limenis","11":"pa_kaal-345-360-g","12":"pa_kuju-apala","13":"pa_mangustiil-kontrole","14":"pa_tasakaal-zems","15":"pa_tase-videjais-limenis","16":"pa_varv-balts","17":"pa_varv-melns","18":"pa_varv-oranzs","21":"first","22":"instock","23":"sale","24":"featured","25":"taxable","26":"shipping-taxable","27":"purchasable","28":"product-type-simple"},"yoast_head":"<!-- This site is optimized with the Yoast SEO Premium plugin v27.1 (Yoast SEO v27.1.1) - https:\/\/yoast.com\/product\/yoast-seo-premium-wordpress\/ -->\n<title>Adidas Metalbone Team Light 3.5 2026 | Test Padelhaus<\/title>\n<meta name=\"description\" content=\"Mekl\u0113 jaunu padela raketi par labu cenu? Padelhaus pied\u0101v\u0101 lab\u0101ko padela rake\u00f0u izv\u0113li visiem l\u012bme\u0146iem \u2013 tava padela apr\u012bkojuma m\u0101jas.\" \/>\n<meta name=\"robots\" content=\"noindex, follow, max-snippet:-1, max-image-preview:large, max-video-preview:-1\" \/>\n<meta property=\"og:locale\" content=\"lv_LV\" \/>\n<meta property=\"og:type\" content=\"article\" \/>\n<meta property=\"og:title\" content=\"Adidas Metalbone Team Light 3.5 2026\" \/>\n<meta property=\"og:description\" content=\"Mekl\u0113 jaunu padela raketi par labu cenu? Padelhaus pied\u0101v\u0101 lab\u0101ko padela rake\u00f0u izv\u0113li visiem l\u012bme\u0146iem \u2013 tava padela apr\u012bkojuma m\u0101jas.\" \/>\n<meta property=\"og:url\" content=\"https:\/\/padelhaus.mustlammas-dev.in\/lv\/veikals\/adidas-metalbone-team-light-3-5-2026\/\" \/>\n<meta property=\"og:site_name\" content=\"Test Padelhaus\" \/>\n<meta property=\"article:modified_time\" content=\"2026-03-10T00:05:35+00:00\" \/>\n<meta property=\"og:image\" content=\"https:\/\/padelhaus.lv\/wp-content\/uploads\/2026\/01\/1-3.webp\" \/>\n\t<meta property=\"og:image:width\" content=\"1000\" \/>\n\t<meta property=\"og:image:height\" content=\"1000\" \/>\n\t<meta property=\"og:image:type\" content=\"image\/webp\" \/>\n<meta name=\"twitter:card\" content=\"summary_large_image\" \/>\n<meta name=\"twitter:label1\" content=\"Price\" \/>\n\t<meta name=\"twitter:data1\" content=\"179,95&nbsp;&euro;\" \/>\n\t<meta name=\"twitter:label2\" content=\"Availability\" \/>\n\t<meta name=\"twitter:data2\" content=\"In stock\" \/>\n<script type=\"application\/ld+json\" class=\"yoast-schema-graph\">{\"@context\":\"https:\/\/schema.org\",\"@graph\":[{\"@type\":[\"WebPage\",\"ItemPage\"],\"@id\":\"https:\/\/padelhaus.mustlammas-dev.in\/lv\/veikals\/adidas-metalbone-team-light-3-5-2026\/\",\"url\":\"https:\/\/padelhaus.mustlammas-dev.in\/lv\/veikals\/adidas-metalbone-team-light-3-5-2026\/\",\"name\":\"Adidas Metalbone Team Light 3.5 2026 | Test Padelhaus\",\"isPartOf\":{\"@id\":\"https:\/\/padelhaus.mustlammas-dev.in\/lv\/#website\"},\"primaryImageOfPage\":{\"@id\":\"https:\/\/padelhaus.mustlammas-dev.in\/lv\/veikals\/adidas-metalbone-team-light-3-5-2026\/#primaryimage\"},\"image\":{\"@id\":\"https:\/\/padelhaus.mustlammas-dev.in\/lv\/veikals\/adidas-metalbone-team-light-3-5-2026\/#primaryimage\"},\"thumbnailUrl\":\"https:\/\/padelhaus.mustlammas-dev.in\/wp-content\/uploads\/2026\/01\/1-3.webp\",\"datePublished\":\"2026-01-21T12:50:55+00:00\",\"dateModified\":\"2026-03-10T00:05:35+00:00\",\"description\":\"Mekl\u0113 jaunu padela raketi par labu cenu? Padelhaus pied\u0101v\u0101 lab\u0101ko padela rake\u00f0u izv\u0113li visiem l\u012bme\u0146iem \u2013 tava padela apr\u012bkojuma m\u0101jas.\",\"breadcrumb\":{\"@id\":\"https:\/\/padelhaus.mustlammas-dev.in\/lv\/veikals\/adidas-metalbone-team-light-3-5-2026\/#breadcrumb\"},\"inLanguage\":\"lv-LV\",\"potentialAction\":[{\"@type\":\"ReadAction\",\"target\":[\"https:\/\/padelhaus.mustlammas-dev.in\/lv\/veikals\/adidas-metalbone-team-light-3-5-2026\/\"]}]},{\"@type\":\"ImageObject\",\"inLanguage\":\"lv-LV\",\"@id\":\"https:\/\/padelhaus.mustlammas-dev.in\/lv\/veikals\/adidas-metalbone-team-light-3-5-2026\/#primaryimage\",\"url\":\"https:\/\/padelhaus.mustlammas-dev.in\/wp-content\/uploads\/2026\/01\/1-3.webp\",\"contentUrl\":\"https:\/\/padelhaus.mustlammas-dev.in\/wp-content\/uploads\/2026\/01\/1-3.webp\",\"width\":1000,\"height\":1000},{\"@type\":\"BreadcrumbList\",\"@id\":\"https:\/\/padelhaus.mustlammas-dev.in\/lv\/veikals\/adidas-metalbone-team-light-3-5-2026\/#breadcrumb\",\"itemListElement\":[{\"@type\":\"ListItem\",\"position\":1,\"name\":\"S\u0101kumlapa\",\"item\":\"https:\/\/padelhaus.lv\/\"},{\"@type\":\"ListItem\",\"position\":2,\"name\":\"Veikals\",\"item\":\"https:\/\/padelhaus.lv\/veikals\/\"},{\"@type\":\"ListItem\",\"position\":3,\"name\":\"Adidas Metalbone Team Light 3.5 2026\"}]},{\"@type\":\"WebSite\",\"@id\":\"https:\/\/padelhaus.mustlammas-dev.in\/lv\/#website\",\"url\":\"https:\/\/padelhaus.mustlammas-dev.in\/lv\/\",\"name\":\"Claude Padelhaus\",\"description\":\"Sinu padelivarustuse kodu\",\"publisher\":{\"@id\":\"https:\/\/padelhaus.mustlammas-dev.in\/lv\/#organization\"},\"potentialAction\":[{\"@type\":\"SearchAction\",\"target\":{\"@type\":\"EntryPoint\",\"urlTemplate\":\"https:\/\/padelhaus.mustlammas-dev.in\/lv\/?s={search_term_string}\"},\"query-input\":{\"@type\":\"PropertyValueSpecification\",\"valueRequired\":true,\"valueName\":\"search_term_string\"}}],\"inLanguage\":\"lv-LV\"},{\"@type\":\"Organization\",\"@id\":\"https:\/\/padelhaus.mustlammas-dev.in\/lv\/#organization\",\"name\":\"Claude Padelhaus\",\"url\":\"https:\/\/padelhaus.mustlammas-dev.in\/lv\/\",\"logo\":{\"@type\":\"ImageObject\",\"inLanguage\":\"lv-LV\",\"@id\":\"https:\/\/padelhaus.mustlammas-dev.in\/lv\/#\/schema\/logo\/image\/\",\"url\":\"https:\/\/padelhaus.mustlammas-dev.in\/wp-content\/uploads\/2025\/05\/Logo-1.png\",\"contentUrl\":\"https:\/\/padelhaus.mustlammas-dev.in\/wp-content\/uploads\/2025\/05\/Logo-1.png\",\"width\":280,\"height\":115,\"caption\":\"Claude Padelhaus\"},\"image\":{\"@id\":\"https:\/\/padelhaus.mustlammas-dev.in\/lv\/#\/schema\/logo\/image\/\"}}]}<\/script>\n<meta property=\"product:price:amount\" content=\"179.95\" \/>\n<meta property=\"product:price:currency\" content=\"EUR\" \/>\n<meta property=\"og:availability\" content=\"instock\" \/>\n<meta property=\"product:availability\" content=\"instock\" \/>\n<meta property=\"product:retailer_item_id\" content=\"ADI-R-47\" \/>\n<meta property=\"product:condition\" content=\"new\" \/>\n<!-- \/ Yoast SEO Premium plugin. -->","yoast_head_json":{"title":"Adidas Metalbone Team Light 3.5 2026 | Test Padelhaus","description":"Mekl\u0113 jaunu padela raketi par labu cenu? Padelhaus pied\u0101v\u0101 lab\u0101ko padela rake\u00f0u izv\u0113li visiem l\u012bme\u0146iem \u2013 tava padela apr\u012bkojuma m\u0101jas.","robots":{"index":"noindex","follow":"follow","max-snippet":"max-snippet:-1","max-image-preview":"max-image-preview:large","max-video-preview":"max-video-preview:-1"},"og_locale":"lv_LV","og_type":"article","og_title":"Adidas Metalbone Team Light 3.5 2026","og_description":"Mekl\u0113 jaunu padela raketi par labu cenu? Padelhaus pied\u0101v\u0101 lab\u0101ko padela rake\u00f0u izv\u0113li visiem l\u012bme\u0146iem \u2013 tava padela apr\u012bkojuma m\u0101jas.","og_url":"https:\/\/padelhaus.mustlammas-dev.in\/lv\/veikals\/adidas-metalbone-team-light-3-5-2026\/","og_site_name":"Test Padelhaus","article_modified_time":"2026-03-10T00:05:35+00:00","og_image":[{"width":1000,"height":1000,"url":"https:\/\/padelhaus.lv\/wp-content\/uploads\/2026\/01\/1-3.webp","type":"image\/webp"}],"twitter_card":"summary_large_image","twitter_misc":{"Price":"179,95&nbsp;&euro;","Availability":"In stock"},"schema":{"@context":"https:\/\/schema.org","@graph":[{"@type":["WebPage","ItemPage"],"@id":"https:\/\/padelhaus.mustlammas-dev.in\/lv\/veikals\/adidas-metalbone-team-light-3-5-2026\/","url":"https:\/\/padelhaus.mustlammas-dev.in\/lv\/veikals\/adidas-metalbone-team-light-3-5-2026\/","name":"Adidas Metalbone Team Light 3.5 2026 | Test Padelhaus","isPartOf":{"@id":"https:\/\/padelhaus.mustlammas-dev.in\/lv\/#website"},"primaryImageOfPage":{"@id":"https:\/\/padelhaus.mustlammas-dev.in\/lv\/veikals\/adidas-metalbone-team-light-3-5-2026\/#primaryimage"},"image":{"@id":"https:\/\/padelhaus.mustlammas-dev.in\/lv\/veikals\/adidas-metalbone-team-light-3-5-2026\/#primaryimage"},"thumbnailUrl":"https:\/\/padelhaus.mustlammas-dev.in\/wp-content\/uploads\/2026\/01\/1-3.webp","datePublished":"2026-01-21T12:50:55+00:00","dateModified":"2026-03-10T00:05:35+00:00","description":"Mekl\u0113 jaunu padela raketi par labu cenu? Padelhaus pied\u0101v\u0101 lab\u0101ko padela rake\u00f0u izv\u0113li visiem l\u012bme\u0146iem \u2013 tava padela apr\u012bkojuma m\u0101jas.","breadcrumb":{"@id":"https:\/\/padelhaus.mustlammas-dev.in\/lv\/veikals\/adidas-metalbone-team-light-3-5-2026\/#breadcrumb"},"inLanguage":"lv-LV","potentialAction":[{"@type":"ReadAction","target":["https:\/\/padelhaus.mustlammas-dev.in\/lv\/veikals\/adidas-metalbone-team-light-3-5-2026\/"]}]},{"@type":"ImageObject","inLanguage":"lv-LV","@id":"https:\/\/padelhaus.mustlammas-dev.in\/lv\/veikals\/adidas-metalbone-team-light-3-5-2026\/#primaryimage","url":"https:\/\/padelhaus.mustlammas-dev.in\/wp-content\/uploads\/2026\/01\/1-3.webp","contentUrl":"https:\/\/padelhaus.mustlammas-dev.in\/wp-content\/uploads\/2026\/01\/1-3.webp","width":1000,"height":1000},{"@type":"BreadcrumbList","@id":"https:\/\/padelhaus.mustlammas-dev.in\/lv\/veikals\/adidas-metalbone-team-light-3-5-2026\/#breadcrumb","itemListElement":[{"@type":"ListItem","position":1,"name":"S\u0101kumlapa","item":"https:\/\/padelhaus.lv\/"},{"@type":"ListItem","position":2,"name":"Veikals","item":"https:\/\/padelhaus.lv\/veikals\/"},{"@type":"ListItem","position":3,"name":"Adidas Metalbone Team Light 3.5 2026"}]},{"@type":"WebSite","@id":"https:\/\/padelhaus.mustlammas-dev.in\/lv\/#website","url":"https:\/\/padelhaus.mustlammas-dev.in\/lv\/","name":"Claude Padelhaus","description":"Sinu padelivarustuse kodu","publisher":{"@id":"https:\/\/padelhaus.mustlammas-dev.in\/lv\/#organization"},"potentialAction":[{"@type":"SearchAction","target":{"@type":"EntryPoint","urlTemplate":"https:\/\/padelhaus.mustlammas-dev.in\/lv\/?s={search_term_string}"},"query-input":{"@type":"PropertyValueSpecification","valueRequired":true,"valueName":"search_term_string"}}],"inLanguage":"lv-LV"},{"@type":"Organization","@id":"https:\/\/padelhaus.mustlammas-dev.in\/lv\/#organization","name":"Claude Padelhaus","url":"https:\/\/padelhaus.mustlammas-dev.in\/lv\/","logo":{"@type":"ImageObject","inLanguage":"lv-LV","@id":"https:\/\/padelhaus.mustlammas-dev.in\/lv\/#\/schema\/logo\/image\/","url":"https:\/\/padelhaus.mustlammas-dev.in\/wp-content\/uploads\/2025\/05\/Logo-1.png","contentUrl":"https:\/\/padelhaus.mustlammas-dev.in\/wp-content\/uploads\/2025\/05\/Logo-1.png","width":280,"height":115,"caption":"Claude Padelhaus"},"image":{"@id":"https:\/\/padelhaus.mustlammas-dev.in\/lv\/#\/schema\/logo\/image\/"}}]},"product_price_amount":"179.95","product_price_currency":"EUR","og_availability":"instock","product_availability":"instock","product_retailer_item_id":"ADI-R-47","product_condition":"new"},"_links":{"self":[{"href":"https:\/\/padelhaus.mustlammas-dev.in\/lv\/wp-json\/wp\/v2\/product\/69507","targetHints":{"allow":["GET"]}}],"collection":[{"href":"https:\/\/padelhaus.mustlammas-dev.in\/lv\/wp-json\/wp\/v2\/product"}],"about":[{"href":"https:\/\/padelhaus.mustlammas-dev.in\/lv\/wp-json\/wp\/v2\/types\/product"}],"replies":[{"embeddable":true,"href":"https:\/\/padelhaus.mustlammas-dev.in\/lv\/wp-json\/wp\/v2\/comments?post=69507"}],"wp:featuredmedia":[{"embeddable":true,"href":"https:\/\/padelhaus.mustlammas-dev.in\/lv\/wp-json\/wp\/v2\/media\/69508"}],"wp:attachment":[{"href":"https:\/\/padelhaus.mustlammas-dev.in\/lv\/wp-json\/wp\/v2\/media?parent=69507"}],"wp:term":[{"taxonomy":"product_brand","embeddable":true,"href":"https:\/\/padelhaus.mustlammas-dev.in\/lv\/wp-json\/wp\/v2\/product_brand?post=69507"},{"taxonomy":"product_cat","embeddable":true,"href":"https:\/\/padelhaus.mustlammas-dev.in\/lv\/wp-json\/wp\/v2\/product_cat?post=69507"},{"taxonomy":"product_tag","embeddable":true,"href":"https:\/\/padelhaus.mustlammas-dev.in\/lv\/wp-json\/wp\/v2\/product_tag?post=69507"}],"curies":[{"name":"wp","href":"https:\/\/api.w.org\/{rel}","templated":true}]}}