{"id":69517,"date":"2026-01-21T15:33:39","date_gmt":"2026-01-21T13:33:39","guid":{"rendered":"https:\/\/padelhaus.mustlammas-dev.in\/pood\/head-speed-motion-2023-ari-sanchez\/"},"modified":"2026-03-10T02:05:34","modified_gmt":"2026-03-10T00:05:34","slug":"head-speed-motion-2023-ari-sanchez","status":"publish","type":"product","link":"https:\/\/padelhaus.mustlammas-dev.in\/lv\/veikals\/head-speed-motion-2023-ari-sanchez\/","title":{"rendered":"Head Speed Motion 2023 Ari S\u00e1nchez"},"content":{"rendered":"<h4><b>Head Speed Motion 2023 \u2013 \u0101trums un daudzpus\u012bba katr\u0101 punkt\u0101<\/b><\/h4>\n<p>&nbsp;<\/p>\n<p class=\"p3\"><span class=\"s2\"><b>Head Speed Motion 2023<\/b><\/span> pal\u012bdz tev izcelties laukum\u0101, pateicoties t\u0101 <span class=\"s2\"><b>vieglumam, daudzpus\u012bbai un izcilai vad\u0101m\u012bbai<\/b><\/span>. T\u0101 ir Speed s\u0113rijas <span class=\"s2\"><b>viegl\u0101k\u0101 rakete<\/b><\/span>, kas rad\u012bta \u0101trai un dinamiskai sp\u0113lei. <\/p>\n<p class=\"p3\">Asaras formas un <span class=\"s2\"><b>vid\u0113jais l\u012bdzsvars<\/b><\/span> \u013cauj pieredz\u0113ju\u0161iem sp\u0113l\u0113t\u0101jiem sp\u0113l\u0113t \u0101tr\u0101k, kust\u0113ties pl\u016bden\u0101k un uztur\u0113t tempu visa ma\u010da garum\u0101. \u0160\u012b rakete ir ide\u0101li piem\u0113rota sp\u0113l\u0113t\u0101jam, kur\u0161 v\u0113las agres\u012bvi, bet kontrol\u0113ti vad\u012bt sp\u0113li. <\/p>\n<h4><b>Profesion\u0101les ieteikta<\/b><\/h4>\n<p>&nbsp;<\/p>\n<p class=\"p3\">Head Speed Motion 2023 ir <span class=\"s2\"><b>Ariana S\u00e1nchez<\/b><\/span> izmantotais un apstiprin\u0101tais modelis.<\/p>\n<p class=\"p3\">Raketes sitiena virsma ir izgatavota no <span class=\"s2\"><b>oglek\u013ca \u0161\u0137iedras un stikla \u0161\u0137iedras hibr\u012bda<\/b><\/span>, kas nodro\u0161ina l\u012bdzsvaru starp jaudu un saj\u016btu. Kodol\u0101 tiek izmantotas <span class=\"s2\"><b>Power Foam<\/b><\/span> putas, kas pie\u0161\u0137ir katram sitienam papildu \u0101trumu un jaudu. <\/p>\n<h4><b>Vair\u0101k jaudas un lab\u0101ka saj\u016bta<\/b><\/h4>\n<p>&nbsp;<\/p>\n<p class=\"p3\">\u0160\u012b mode\u013ca galven\u0101 tehnolo\u0123ija ir <span class=\"s2\"><b>Auxetic<\/b><\/span>, kas uzlabo sitiena saj\u016btu un nodro\u0161ina jaud\u012bg\u0101ku atgriezenisko saiti saskar\u0113 ar bumbu.<\/p>\n<p class=\"p3\">R\u0101mis ir pastiprin\u0101ts ar <span class=\"s2\"><b>Graphene Inside<\/b><\/span> tehnolo\u0123iju, kas palielina stabilit\u0101ti un optimiz\u0113 ener\u0123ijas p\u0101rnesi no raketes uz bumbu, padarot sitienus efekt\u012bv\u0101kus un prec\u012bz\u0101kus.<\/p>\n<h4><b>Aizsardz\u012bba un komforts katr\u0101 deta\u013c\u0101<\/b><\/h4>\n<ul>\n<li>\n<p class=\"p1\"><span class=\"s1\"><b>Anti Shock Skin<\/b><\/span> \u2013 augstas kvalit\u0101tes polim\u0113ra aizsardz\u012bba, kas atrodas uz <span class=\"s1\"><b>IBS2 (Integrated Bumper System 2)<\/b><\/span> aizsardz\u012bbas sist\u0113mas un pasarg\u0101 raketi no triecieniem un skr\u0101p\u0113jumiem.<\/p>\n<\/li>\n<li>\n<p class=\"p1\"><span class=\"s1\"><b>Jauns m\u012bksts butt cap<\/b><\/span> \u2013 m\u012bkst\u0101ks v\u0101ci\u0146\u0161 roktura gal\u0101 uzlabo sa\u0137eri un visp\u0101r\u0113jo sp\u0113les komfortu.<\/p>\n<\/li>\n<\/ul>\n<h4><b>\u0100tra, viegla un ar profesion\u0101lu saj\u016btu<\/b><\/h4>\n<p>&nbsp;<\/p>\n<p class=\"p3\">Head Speed Motion 2023 ir ide\u0101la izv\u0113le <span class=\"s2\"><b>pieredz\u0113ju\u0161am sp\u0113l\u0113t\u0101jam<\/b><\/span>, kur\u0161 mekl\u0113 <span class=\"s2\"><b>\u0101trumu, manevr\u0113tsp\u0113ju un daudzpus\u012bbu<\/b><\/span>, nezaud\u0113jot kontroli vai stabilit\u0101ti.<\/p>\n","protected":false},"excerpt":{"rendered":"<p>Head Speed Motion 2023 \u2013 \u0101trums un daudzpus\u012bba katr\u0101 punkt\u0101 &nbsp; Head Speed Motion 2023 pal\u012bdz tev izcelties laukum\u0101, pateicoties t\u0101 vieglumam, daudzpus\u012bbai un izcilai vad\u0101m\u012bbai. T\u0101 ir Speed s\u0113rijas viegl\u0101k\u0101 rakete, kas rad\u012bta \u0101trai un dinamiskai sp\u0113lei. Asaras formas un vid\u0113jais l\u012bdzsvars \u013cauj pieredz\u0113ju\u0161iem sp\u0113l\u0113t\u0101jiem sp\u0113l\u0113t \u0101tr\u0101k, kust\u0113ties pl\u016bden\u0101k un uztur\u0113t tempu visa ma\u010da [&hellip;]<\/p>\n","protected":false},"featured_media":69518,"comment_status":"open","ping_status":"closed","template":"","meta":{"_eb_attr":""},"product_brand":[313],"product_cat":[314,251,283,263],"product_tag":[],"class_list":{"0":"post-69517","1":"product","2":"type-product","3":"status-publish","4":"has-post-thumbnail","6":"product_brand-head","7":"product_cat-head","8":"product_cat-padela-raketes","9":"product_cat-pieredzejusi","10":"product_cat-sievietes","11":"pa_kaal-350-360g","12":"pa_kuju-piliens","13":"pa_mangustiil-hibrids","14":"pa_mangustiil-uzbrukoss","15":"pa_tasakaal-augsa","16":"pa_tase-pieredzejusi","17":"pa_varv-bruns","18":"pa_varv-melns","21":"first","22":"instock","23":"sale","24":"taxable","25":"shipping-taxable","26":"purchasable","27":"product-type-simple"},"yoast_head":"<!-- This site is optimized with the Yoast SEO Premium plugin v27.1 (Yoast SEO v27.1.1) - https:\/\/yoast.com\/product\/yoast-seo-premium-wordpress\/ -->\n<title>Head Speed Motion 2023 Ari S\u00e1nchez | Test Padelhaus<\/title>\n<meta name=\"description\" content=\"Mekl\u0113 jaunu padela raketi par labu cenu? Padelhaus pied\u0101v\u0101 lab\u0101ko padela rake\u00f0u izv\u0113li visiem l\u012bme\u0146iem \u2013 tava padela apr\u012bkojuma m\u0101jas.\" \/>\n<meta name=\"robots\" content=\"noindex, follow, max-snippet:-1, max-image-preview:large, max-video-preview:-1\" \/>\n<meta property=\"og:locale\" content=\"lv_LV\" \/>\n<meta property=\"og:type\" content=\"article\" \/>\n<meta property=\"og:title\" content=\"Head Speed Motion 2023 Ari S\u00e1nchez\" \/>\n<meta property=\"og:description\" content=\"Mekl\u0113 jaunu padela raketi par labu cenu? Padelhaus pied\u0101v\u0101 lab\u0101ko padela rake\u00f0u izv\u0113li visiem l\u012bme\u0146iem \u2013 tava padela apr\u012bkojuma m\u0101jas.\" \/>\n<meta property=\"og:url\" content=\"https:\/\/padelhaus.mustlammas-dev.in\/lv\/veikals\/head-speed-motion-2023-ari-sanchez\/\" \/>\n<meta property=\"og:site_name\" content=\"Test Padelhaus\" \/>\n<meta property=\"article:modified_time\" content=\"2026-03-10T00:05:34+00:00\" \/>\n<meta property=\"og:image\" content=\"https:\/\/padelhaus.lv\/wp-content\/uploads\/2026\/01\/5-2.webp\" \/>\n\t<meta property=\"og:image:width\" content=\"1000\" \/>\n\t<meta property=\"og:image:height\" content=\"1000\" \/>\n\t<meta property=\"og:image:type\" content=\"image\/webp\" \/>\n<meta name=\"twitter:card\" content=\"summary_large_image\" \/>\n<meta name=\"twitter:label1\" content=\"Price\" \/>\n\t<meta name=\"twitter:data1\" content=\"134,95&nbsp;&euro;\" \/>\n\t<meta name=\"twitter:label2\" content=\"Availability\" \/>\n\t<meta name=\"twitter:data2\" content=\"In stock\" \/>\n<script type=\"application\/ld+json\" class=\"yoast-schema-graph\">{\"@context\":\"https:\/\/schema.org\",\"@graph\":[{\"@type\":[\"WebPage\",\"ItemPage\"],\"@id\":\"https:\/\/padelhaus.mustlammas-dev.in\/lv\/veikals\/head-speed-motion-2023-ari-sanchez\/\",\"url\":\"https:\/\/padelhaus.mustlammas-dev.in\/lv\/veikals\/head-speed-motion-2023-ari-sanchez\/\",\"name\":\"Head Speed Motion 2023 Ari S\u00e1nchez | Test Padelhaus\",\"isPartOf\":{\"@id\":\"https:\/\/padelhaus.mustlammas-dev.in\/lv\/#website\"},\"primaryImageOfPage\":{\"@id\":\"https:\/\/padelhaus.mustlammas-dev.in\/lv\/veikals\/head-speed-motion-2023-ari-sanchez\/#primaryimage\"},\"image\":{\"@id\":\"https:\/\/padelhaus.mustlammas-dev.in\/lv\/veikals\/head-speed-motion-2023-ari-sanchez\/#primaryimage\"},\"thumbnailUrl\":\"https:\/\/padelhaus.mustlammas-dev.in\/wp-content\/uploads\/2026\/01\/5-2.webp\",\"datePublished\":\"2026-01-21T13:33:39+00:00\",\"dateModified\":\"2026-03-10T00:05:34+00:00\",\"description\":\"Mekl\u0113 jaunu padela raketi par labu cenu? Padelhaus pied\u0101v\u0101 lab\u0101ko padela rake\u00f0u izv\u0113li visiem l\u012bme\u0146iem \u2013 tava padela apr\u012bkojuma m\u0101jas.\",\"breadcrumb\":{\"@id\":\"https:\/\/padelhaus.mustlammas-dev.in\/lv\/veikals\/head-speed-motion-2023-ari-sanchez\/#breadcrumb\"},\"inLanguage\":\"lv-LV\",\"potentialAction\":[{\"@type\":\"ReadAction\",\"target\":[\"https:\/\/padelhaus.mustlammas-dev.in\/lv\/veikals\/head-speed-motion-2023-ari-sanchez\/\"]}]},{\"@type\":\"ImageObject\",\"inLanguage\":\"lv-LV\",\"@id\":\"https:\/\/padelhaus.mustlammas-dev.in\/lv\/veikals\/head-speed-motion-2023-ari-sanchez\/#primaryimage\",\"url\":\"https:\/\/padelhaus.mustlammas-dev.in\/wp-content\/uploads\/2026\/01\/5-2.webp\",\"contentUrl\":\"https:\/\/padelhaus.mustlammas-dev.in\/wp-content\/uploads\/2026\/01\/5-2.webp\",\"width\":1000,\"height\":1000},{\"@type\":\"BreadcrumbList\",\"@id\":\"https:\/\/padelhaus.mustlammas-dev.in\/lv\/veikals\/head-speed-motion-2023-ari-sanchez\/#breadcrumb\",\"itemListElement\":[{\"@type\":\"ListItem\",\"position\":1,\"name\":\"S\u0101kumlapa\",\"item\":\"https:\/\/padelhaus.lv\/\"},{\"@type\":\"ListItem\",\"position\":2,\"name\":\"Veikals\",\"item\":\"https:\/\/padelhaus.lv\/veikals\/\"},{\"@type\":\"ListItem\",\"position\":3,\"name\":\"Head Speed Motion 2023 Ari S\u00e1nchez\"}]},{\"@type\":\"WebSite\",\"@id\":\"https:\/\/padelhaus.mustlammas-dev.in\/lv\/#website\",\"url\":\"https:\/\/padelhaus.mustlammas-dev.in\/lv\/\",\"name\":\"Claude Padelhaus\",\"description\":\"Sinu padelivarustuse kodu\",\"publisher\":{\"@id\":\"https:\/\/padelhaus.mustlammas-dev.in\/lv\/#organization\"},\"potentialAction\":[{\"@type\":\"SearchAction\",\"target\":{\"@type\":\"EntryPoint\",\"urlTemplate\":\"https:\/\/padelhaus.mustlammas-dev.in\/lv\/?s={search_term_string}\"},\"query-input\":{\"@type\":\"PropertyValueSpecification\",\"valueRequired\":true,\"valueName\":\"search_term_string\"}}],\"inLanguage\":\"lv-LV\"},{\"@type\":\"Organization\",\"@id\":\"https:\/\/padelhaus.mustlammas-dev.in\/lv\/#organization\",\"name\":\"Claude Padelhaus\",\"url\":\"https:\/\/padelhaus.mustlammas-dev.in\/lv\/\",\"logo\":{\"@type\":\"ImageObject\",\"inLanguage\":\"lv-LV\",\"@id\":\"https:\/\/padelhaus.mustlammas-dev.in\/lv\/#\/schema\/logo\/image\/\",\"url\":\"https:\/\/padelhaus.mustlammas-dev.in\/wp-content\/uploads\/2025\/05\/Logo-1.png\",\"contentUrl\":\"https:\/\/padelhaus.mustlammas-dev.in\/wp-content\/uploads\/2025\/05\/Logo-1.png\",\"width\":280,\"height\":115,\"caption\":\"Claude Padelhaus\"},\"image\":{\"@id\":\"https:\/\/padelhaus.mustlammas-dev.in\/lv\/#\/schema\/logo\/image\/\"}}]}<\/script>\n<meta property=\"product:price:amount\" content=\"134.95\" \/>\n<meta property=\"product:price:currency\" content=\"EUR\" \/>\n<meta property=\"og:availability\" content=\"instock\" \/>\n<meta property=\"product:availability\" content=\"instock\" \/>\n<meta property=\"product:retailer_item_id\" content=\"HEA-R-36\" \/>\n<meta property=\"product:condition\" content=\"new\" \/>\n<!-- \/ Yoast SEO Premium plugin. -->","yoast_head_json":{"title":"Head Speed Motion 2023 Ari S\u00e1nchez | Test Padelhaus","description":"Mekl\u0113 jaunu padela raketi par labu cenu? Padelhaus pied\u0101v\u0101 lab\u0101ko padela rake\u00f0u izv\u0113li visiem l\u012bme\u0146iem \u2013 tava padela apr\u012bkojuma m\u0101jas.","robots":{"index":"noindex","follow":"follow","max-snippet":"max-snippet:-1","max-image-preview":"max-image-preview:large","max-video-preview":"max-video-preview:-1"},"og_locale":"lv_LV","og_type":"article","og_title":"Head Speed Motion 2023 Ari S\u00e1nchez","og_description":"Mekl\u0113 jaunu padela raketi par labu cenu? Padelhaus pied\u0101v\u0101 lab\u0101ko padela rake\u00f0u izv\u0113li visiem l\u012bme\u0146iem \u2013 tava padela apr\u012bkojuma m\u0101jas.","og_url":"https:\/\/padelhaus.mustlammas-dev.in\/lv\/veikals\/head-speed-motion-2023-ari-sanchez\/","og_site_name":"Test Padelhaus","article_modified_time":"2026-03-10T00:05:34+00:00","og_image":[{"width":1000,"height":1000,"url":"https:\/\/padelhaus.lv\/wp-content\/uploads\/2026\/01\/5-2.webp","type":"image\/webp"}],"twitter_card":"summary_large_image","twitter_misc":{"Price":"134,95&nbsp;&euro;","Availability":"In stock"},"schema":{"@context":"https:\/\/schema.org","@graph":[{"@type":["WebPage","ItemPage"],"@id":"https:\/\/padelhaus.mustlammas-dev.in\/lv\/veikals\/head-speed-motion-2023-ari-sanchez\/","url":"https:\/\/padelhaus.mustlammas-dev.in\/lv\/veikals\/head-speed-motion-2023-ari-sanchez\/","name":"Head Speed Motion 2023 Ari S\u00e1nchez | Test Padelhaus","isPartOf":{"@id":"https:\/\/padelhaus.mustlammas-dev.in\/lv\/#website"},"primaryImageOfPage":{"@id":"https:\/\/padelhaus.mustlammas-dev.in\/lv\/veikals\/head-speed-motion-2023-ari-sanchez\/#primaryimage"},"image":{"@id":"https:\/\/padelhaus.mustlammas-dev.in\/lv\/veikals\/head-speed-motion-2023-ari-sanchez\/#primaryimage"},"thumbnailUrl":"https:\/\/padelhaus.mustlammas-dev.in\/wp-content\/uploads\/2026\/01\/5-2.webp","datePublished":"2026-01-21T13:33:39+00:00","dateModified":"2026-03-10T00:05:34+00:00","description":"Mekl\u0113 jaunu padela raketi par labu cenu? Padelhaus pied\u0101v\u0101 lab\u0101ko padela rake\u00f0u izv\u0113li visiem l\u012bme\u0146iem \u2013 tava padela apr\u012bkojuma m\u0101jas.","breadcrumb":{"@id":"https:\/\/padelhaus.mustlammas-dev.in\/lv\/veikals\/head-speed-motion-2023-ari-sanchez\/#breadcrumb"},"inLanguage":"lv-LV","potentialAction":[{"@type":"ReadAction","target":["https:\/\/padelhaus.mustlammas-dev.in\/lv\/veikals\/head-speed-motion-2023-ari-sanchez\/"]}]},{"@type":"ImageObject","inLanguage":"lv-LV","@id":"https:\/\/padelhaus.mustlammas-dev.in\/lv\/veikals\/head-speed-motion-2023-ari-sanchez\/#primaryimage","url":"https:\/\/padelhaus.mustlammas-dev.in\/wp-content\/uploads\/2026\/01\/5-2.webp","contentUrl":"https:\/\/padelhaus.mustlammas-dev.in\/wp-content\/uploads\/2026\/01\/5-2.webp","width":1000,"height":1000},{"@type":"BreadcrumbList","@id":"https:\/\/padelhaus.mustlammas-dev.in\/lv\/veikals\/head-speed-motion-2023-ari-sanchez\/#breadcrumb","itemListElement":[{"@type":"ListItem","position":1,"name":"S\u0101kumlapa","item":"https:\/\/padelhaus.lv\/"},{"@type":"ListItem","position":2,"name":"Veikals","item":"https:\/\/padelhaus.lv\/veikals\/"},{"@type":"ListItem","position":3,"name":"Head Speed Motion 2023 Ari S\u00e1nchez"}]},{"@type":"WebSite","@id":"https:\/\/padelhaus.mustlammas-dev.in\/lv\/#website","url":"https:\/\/padelhaus.mustlammas-dev.in\/lv\/","name":"Claude Padelhaus","description":"Sinu padelivarustuse kodu","publisher":{"@id":"https:\/\/padelhaus.mustlammas-dev.in\/lv\/#organization"},"potentialAction":[{"@type":"SearchAction","target":{"@type":"EntryPoint","urlTemplate":"https:\/\/padelhaus.mustlammas-dev.in\/lv\/?s={search_term_string}"},"query-input":{"@type":"PropertyValueSpecification","valueRequired":true,"valueName":"search_term_string"}}],"inLanguage":"lv-LV"},{"@type":"Organization","@id":"https:\/\/padelhaus.mustlammas-dev.in\/lv\/#organization","name":"Claude Padelhaus","url":"https:\/\/padelhaus.mustlammas-dev.in\/lv\/","logo":{"@type":"ImageObject","inLanguage":"lv-LV","@id":"https:\/\/padelhaus.mustlammas-dev.in\/lv\/#\/schema\/logo\/image\/","url":"https:\/\/padelhaus.mustlammas-dev.in\/wp-content\/uploads\/2025\/05\/Logo-1.png","contentUrl":"https:\/\/padelhaus.mustlammas-dev.in\/wp-content\/uploads\/2025\/05\/Logo-1.png","width":280,"height":115,"caption":"Claude Padelhaus"},"image":{"@id":"https:\/\/padelhaus.mustlammas-dev.in\/lv\/#\/schema\/logo\/image\/"}}]},"product_price_amount":"134.95","product_price_currency":"EUR","og_availability":"instock","product_availability":"instock","product_retailer_item_id":"HEA-R-36","product_condition":"new"},"_links":{"self":[{"href":"https:\/\/padelhaus.mustlammas-dev.in\/lv\/wp-json\/wp\/v2\/product\/69517","targetHints":{"allow":["GET"]}}],"collection":[{"href":"https:\/\/padelhaus.mustlammas-dev.in\/lv\/wp-json\/wp\/v2\/product"}],"about":[{"href":"https:\/\/padelhaus.mustlammas-dev.in\/lv\/wp-json\/wp\/v2\/types\/product"}],"replies":[{"embeddable":true,"href":"https:\/\/padelhaus.mustlammas-dev.in\/lv\/wp-json\/wp\/v2\/comments?post=69517"}],"wp:featuredmedia":[{"embeddable":true,"href":"https:\/\/padelhaus.mustlammas-dev.in\/lv\/wp-json\/wp\/v2\/media\/69518"}],"wp:attachment":[{"href":"https:\/\/padelhaus.mustlammas-dev.in\/lv\/wp-json\/wp\/v2\/media?parent=69517"}],"wp:term":[{"taxonomy":"product_brand","embeddable":true,"href":"https:\/\/padelhaus.mustlammas-dev.in\/lv\/wp-json\/wp\/v2\/product_brand?post=69517"},{"taxonomy":"product_cat","embeddable":true,"href":"https:\/\/padelhaus.mustlammas-dev.in\/lv\/wp-json\/wp\/v2\/product_cat?post=69517"},{"taxonomy":"product_tag","embeddable":true,"href":"https:\/\/padelhaus.mustlammas-dev.in\/lv\/wp-json\/wp\/v2\/product_tag?post=69517"}],"curies":[{"name":"wp","href":"https:\/\/api.w.org\/{rel}","templated":true}]}}