{"id":69541,"date":"2026-01-19T22:08:13","date_gmt":"2026-01-19T20:08:13","guid":{"rendered":"https:\/\/padelhaus.mustlammas-dev.in\/pood\/siux-beat-hybrid-3-air\/"},"modified":"2026-03-10T02:05:35","modified_gmt":"2026-03-10T00:05:35","slug":"siux-beat-hybrid-3-air","status":"publish","type":"product","link":"https:\/\/padelhaus.mustlammas-dev.in\/lv\/veikals\/siux-beat-hybrid-3-air\/","title":{"rendered":"SIUX BEAT HYBRID 3 AIR"},"content":{"rendered":"<h4><b>Siux Beat Hybrid 3 Air \u2013 viegls un l\u012bdzsvarots ies\u0101c\u0113jam<\/b><\/h4>\n<p>&nbsp;<\/p>\n<p class=\"p3\"><span class=\"s2\"><b>Siux Beat Hybrid 3 Air<\/b><\/span> ir padela rakete, kas rad\u012bta tiem, kuri <span class=\"s2\"><b>s\u0101k sp\u0113l\u0113t padelu<\/b><\/span> un mekl\u0113 l\u012bdzsvarotu, vieglu un \u0113rtu izv\u0113li, lai att\u012bst\u012btu savu tehniku jau no pirmaj\u0101m sp\u0113l\u0113m.<\/p>\n<p class=\"p3\">Raketes <span class=\"s2\"><b>asaras formas<\/b><\/span> un <span class=\"s2\"><b>vid\u0113jais l\u012bdzsvars<\/b><\/span> pied\u0101v\u0101 \u013coti labu kontroles un jaudas kombin\u0101ciju, pal\u012bdzot apg\u016bt un p\u0101rvald\u012bt visus pamatpa\u0146\u0113mienus.<\/p>\n<p class=\"p3\">Ar svaru <span class=\"s2\"><b>340\u2013360 grami<\/b><\/span> t\u0101 ir viegla rakete, kas nodro\u0161ina izcilu manevr\u0113tsp\u0113ju un \u0101tru, bez piep\u016bles \u0161\u016bpo\u0161anos. <span class=\"s2\"><b>Stikla \u0161\u0137iedras virsmas<\/b><\/span> nodro\u0161ina m\u012bkstu saj\u016btu un kontrol\u0113tu bumbas lidojumu, savuk\u0101rt <span class=\"s2\"><b>vid\u0113ji m\u012bksts EVA kodols<\/b><\/span> sl\u0101p\u0113 vibr\u0101cijas un pal\u012bdz aizsarg\u0101t roku un elkoni.<\/p>\n<p class=\"p3\"><span class=\"s2\"><b>Sp\u012bd\u012bga apdare<\/b><\/span> pie\u0161\u0137ir modernu un sportisku izskatu, k\u0101 ar\u012b uzlabo sitiena virsmu iztur\u012bbu.<\/p>\n<p class=\"p1\">\n<h4><b>Beat Hybrid 3 Air \u2013 ide\u0101li piem\u0113rota ies\u0101c\u0113jam sp\u0113l\u0113t\u0101jam<\/b><\/h4>\n<p>&nbsp;<\/p>\n<p class=\"p3\">Siux Beat Hybrid 3 Air ir paredz\u0113ta <span class=\"s2\"><b>ies\u0101c\u0113jiem<\/b><\/span>, kuri v\u0113las apg\u016bt padelu <span class=\"s2\"><b>ar vienk\u0101r\u0161u, piedodo\u0161u un daudzpus\u012bgu<\/b><\/span> raketi. Unisex dizains un kontroles un jaudas l\u012bdzsvars padara to par lielisku pavadoni pirmajiem so\u013ciem laukum\u0101. <\/p>\n<p class=\"p3\">Pateicoties t\u0101s vieglumam, t\u0101 ir \u012bpa\u0161i piem\u0113rota sp\u0113l\u0113t\u0101jiem, kuri nov\u0113rt\u0113 komfortu gar\u0101ku sp\u0113\u013cu un bie\u017eu treni\u0146u laik\u0101. Stabila un piedodo\u0161a uzved\u012bba pat neprec\u012bzu sitienu gad\u012bjum\u0101 pal\u012bdz \u0101tri vairot p\u0101rliec\u012bbu un atbalsta vienm\u0113r\u012bgu un pat\u012bkamu tehnisko att\u012bst\u012bbu. <\/p>\n<p class=\"p1\">\n<h4><b>Galven\u0101s \u012bpa\u0161\u012bbas un tehnolo\u0123ijas<\/b><\/h4>\n<ul>\n<li>\n<p class=\"p1\"><span class=\"s1\"><b>Forma:<\/b><\/span> asara \u2013 l\u012bdzsvarota sp\u0113le starp kontroli un jaudu<\/p>\n<\/li>\n<li>\n<p class=\"p1\"><span class=\"s1\"><b>L\u012bdzsvars:<\/b><\/span> vid\u0113js<\/p>\n<\/li>\n<li>\n<p class=\"p1\"><span class=\"s1\"><b>Svars:<\/b><\/span> 340\u2013360 g \u2013 viegla vad\u0101m\u012bba un laba manevr\u0113tsp\u0113ja<\/p>\n<\/li>\n<li>\n<p class=\"p1\"><span class=\"s1\"><b>Virsmas:<\/b><\/span> stikla \u0161\u0137iedra ar sp\u012bd\u012bgu apdari<\/p>\n<\/li>\n<li>\n<p class=\"p1\"><span class=\"s1\"><b>Kodols:<\/b><\/span> vid\u0113ji m\u012bkstas EVA putas<\/p>\n<\/li>\n<li>\n<p class=\"p1\"><span class=\"s1\"><b>Vibr\u0101ciju sl\u0101p\u0113\u0161ana:<\/b><\/span> izcils komforts un roku aizsardz\u012bba<\/p>\n<\/li>\n<li>\n<p class=\"p1\"><span class=\"s1\"><b>Dizains:<\/b><\/span> moderns un pievilc\u012bgs unisex izskats<\/p>\n<\/li>\n<li>\n<p class=\"p1\"><span class=\"s1\"><b>Sp\u0113l\u0113jam\u012bba:<\/b><\/span> \u013coti laba ies\u0101c\u0113jiem<\/p>\n<\/li>\n<\/ul>\n","protected":false},"excerpt":{"rendered":"<p>Siux Beat Hybrid 3 Air \u2013 viegls un l\u012bdzsvarots ies\u0101c\u0113jam &nbsp; Siux Beat Hybrid 3 Air ir padela rakete, kas rad\u012bta tiem, kuri s\u0101k sp\u0113l\u0113t padelu un mekl\u0113 l\u012bdzsvarotu, vieglu un \u0113rtu izv\u0113li, lai att\u012bst\u012btu savu tehniku jau no pirmaj\u0101m sp\u0113l\u0113m. Raketes asaras formas un vid\u0113jais l\u012bdzsvars pied\u0101v\u0101 \u013coti labu kontroles un jaudas kombin\u0101ciju, pal\u012bdzot [&hellip;]<\/p>\n","protected":false},"featured_media":69542,"comment_status":"open","ping_status":"closed","template":"","meta":{"_eb_attr":""},"product_brand":[260],"product_cat":[261,251,262],"product_tag":[],"class_list":{"0":"post-69541","1":"product","2":"type-product","3":"status-publish","4":"has-post-thumbnail","6":"product_brand-siux","7":"product_cat-iesaceji","8":"product_cat-padela-raketes","9":"product_cat-siux","10":"pa_kaal-340g-360g","11":"pa_kuju-piliens","12":"pa_mangustiil-hibrids","13":"pa_tasakaal-centra","14":"pa_tase-iesacejs","15":"pa_varv-zila","18":"first","19":"instock","20":"sale","21":"taxable","22":"shipping-taxable","23":"purchasable","24":"product-type-simple"},"yoast_head":"<!-- This site is optimized with the Yoast SEO Premium plugin v27.1 (Yoast SEO v27.1.1) - https:\/\/yoast.com\/product\/yoast-seo-premium-wordpress\/ -->\n<title>SIUX BEAT HYBRID 3 AIR | Test Padelhaus<\/title>\n<meta name=\"description\" content=\"Mekl\u0113 jaunu padela raketi par labu cenu? Padelhaus pied\u0101v\u0101 lab\u0101ko padela rake\u00f0u izv\u0113li visiem l\u012bme\u0146iem \u2013 tava padela apr\u012bkojuma m\u0101jas.\" \/>\n<meta name=\"robots\" content=\"noindex, follow, max-snippet:-1, max-image-preview:large, max-video-preview:-1\" \/>\n<meta property=\"og:locale\" content=\"lv_LV\" \/>\n<meta property=\"og:type\" content=\"article\" \/>\n<meta property=\"og:title\" content=\"SIUX BEAT HYBRID 3 AIR\" \/>\n<meta property=\"og:description\" content=\"Mekl\u0113 jaunu padela raketi par labu cenu? Padelhaus pied\u0101v\u0101 lab\u0101ko padela rake\u00f0u izv\u0113li visiem l\u012bme\u0146iem \u2013 tava padela apr\u012bkojuma m\u0101jas.\" \/>\n<meta property=\"og:url\" content=\"https:\/\/padelhaus.mustlammas-dev.in\/lv\/veikals\/siux-beat-hybrid-3-air\/\" \/>\n<meta property=\"og:site_name\" content=\"Test Padelhaus\" \/>\n<meta property=\"article:modified_time\" content=\"2026-03-10T00:05:35+00:00\" \/>\n<meta property=\"og:image\" content=\"https:\/\/padelhaus.lv\/wp-content\/uploads\/2026\/01\/9-2.webp\" \/>\n\t<meta property=\"og:image:width\" content=\"1000\" \/>\n\t<meta property=\"og:image:height\" content=\"1000\" \/>\n\t<meta property=\"og:image:type\" content=\"image\/webp\" \/>\n<meta name=\"twitter:card\" content=\"summary_large_image\" \/>\n<meta name=\"twitter:label1\" content=\"Price\" \/>\n\t<meta name=\"twitter:data1\" content=\"89,95&nbsp;&euro;\" \/>\n\t<meta name=\"twitter:label2\" content=\"Availability\" \/>\n\t<meta name=\"twitter:data2\" content=\"In stock\" \/>\n<script type=\"application\/ld+json\" class=\"yoast-schema-graph\">{\"@context\":\"https:\/\/schema.org\",\"@graph\":[{\"@type\":[\"WebPage\",\"ItemPage\"],\"@id\":\"https:\/\/padelhaus.mustlammas-dev.in\/lv\/veikals\/siux-beat-hybrid-3-air\/\",\"url\":\"https:\/\/padelhaus.mustlammas-dev.in\/lv\/veikals\/siux-beat-hybrid-3-air\/\",\"name\":\"SIUX BEAT HYBRID 3 AIR | Test Padelhaus\",\"isPartOf\":{\"@id\":\"https:\/\/padelhaus.mustlammas-dev.in\/lv\/#website\"},\"primaryImageOfPage\":{\"@id\":\"https:\/\/padelhaus.mustlammas-dev.in\/lv\/veikals\/siux-beat-hybrid-3-air\/#primaryimage\"},\"image\":{\"@id\":\"https:\/\/padelhaus.mustlammas-dev.in\/lv\/veikals\/siux-beat-hybrid-3-air\/#primaryimage\"},\"thumbnailUrl\":\"https:\/\/padelhaus.mustlammas-dev.in\/wp-content\/uploads\/2026\/01\/9-2.webp\",\"datePublished\":\"2026-01-19T20:08:13+00:00\",\"dateModified\":\"2026-03-10T00:05:35+00:00\",\"description\":\"Mekl\u0113 jaunu padela raketi par labu cenu? Padelhaus pied\u0101v\u0101 lab\u0101ko padela rake\u00f0u izv\u0113li visiem l\u012bme\u0146iem \u2013 tava padela apr\u012bkojuma m\u0101jas.\",\"breadcrumb\":{\"@id\":\"https:\/\/padelhaus.mustlammas-dev.in\/lv\/veikals\/siux-beat-hybrid-3-air\/#breadcrumb\"},\"inLanguage\":\"lv-LV\",\"potentialAction\":[{\"@type\":\"ReadAction\",\"target\":[\"https:\/\/padelhaus.mustlammas-dev.in\/lv\/veikals\/siux-beat-hybrid-3-air\/\"]}]},{\"@type\":\"ImageObject\",\"inLanguage\":\"lv-LV\",\"@id\":\"https:\/\/padelhaus.mustlammas-dev.in\/lv\/veikals\/siux-beat-hybrid-3-air\/#primaryimage\",\"url\":\"https:\/\/padelhaus.mustlammas-dev.in\/wp-content\/uploads\/2026\/01\/9-2.webp\",\"contentUrl\":\"https:\/\/padelhaus.mustlammas-dev.in\/wp-content\/uploads\/2026\/01\/9-2.webp\",\"width\":1000,\"height\":1000},{\"@type\":\"BreadcrumbList\",\"@id\":\"https:\/\/padelhaus.mustlammas-dev.in\/lv\/veikals\/siux-beat-hybrid-3-air\/#breadcrumb\",\"itemListElement\":[{\"@type\":\"ListItem\",\"position\":1,\"name\":\"S\u0101kumlapa\",\"item\":\"https:\/\/padelhaus.lv\/\"},{\"@type\":\"ListItem\",\"position\":2,\"name\":\"Veikals\",\"item\":\"https:\/\/padelhaus.lv\/veikals\/\"},{\"@type\":\"ListItem\",\"position\":3,\"name\":\"SIUX BEAT HYBRID 3 AIR\"}]},{\"@type\":\"WebSite\",\"@id\":\"https:\/\/padelhaus.mustlammas-dev.in\/lv\/#website\",\"url\":\"https:\/\/padelhaus.mustlammas-dev.in\/lv\/\",\"name\":\"Claude Padelhaus\",\"description\":\"Sinu padelivarustuse kodu\",\"publisher\":{\"@id\":\"https:\/\/padelhaus.mustlammas-dev.in\/lv\/#organization\"},\"potentialAction\":[{\"@type\":\"SearchAction\",\"target\":{\"@type\":\"EntryPoint\",\"urlTemplate\":\"https:\/\/padelhaus.mustlammas-dev.in\/lv\/?s={search_term_string}\"},\"query-input\":{\"@type\":\"PropertyValueSpecification\",\"valueRequired\":true,\"valueName\":\"search_term_string\"}}],\"inLanguage\":\"lv-LV\"},{\"@type\":\"Organization\",\"@id\":\"https:\/\/padelhaus.mustlammas-dev.in\/lv\/#organization\",\"name\":\"Claude Padelhaus\",\"url\":\"https:\/\/padelhaus.mustlammas-dev.in\/lv\/\",\"logo\":{\"@type\":\"ImageObject\",\"inLanguage\":\"lv-LV\",\"@id\":\"https:\/\/padelhaus.mustlammas-dev.in\/lv\/#\/schema\/logo\/image\/\",\"url\":\"https:\/\/padelhaus.mustlammas-dev.in\/wp-content\/uploads\/2025\/05\/Logo-1.png\",\"contentUrl\":\"https:\/\/padelhaus.mustlammas-dev.in\/wp-content\/uploads\/2025\/05\/Logo-1.png\",\"width\":280,\"height\":115,\"caption\":\"Claude Padelhaus\"},\"image\":{\"@id\":\"https:\/\/padelhaus.mustlammas-dev.in\/lv\/#\/schema\/logo\/image\/\"}}]}<\/script>\n<meta property=\"product:price:amount\" content=\"89.95\" \/>\n<meta property=\"product:price:currency\" content=\"EUR\" \/>\n<meta property=\"og:availability\" content=\"instock\" \/>\n<meta property=\"product:availability\" content=\"instock\" \/>\n<meta property=\"product:retailer_item_id\" content=\"SIU-R-24\" \/>\n<meta property=\"product:condition\" content=\"new\" \/>\n<!-- \/ Yoast SEO Premium plugin. -->","yoast_head_json":{"title":"SIUX BEAT HYBRID 3 AIR | Test Padelhaus","description":"Mekl\u0113 jaunu padela raketi par labu cenu? Padelhaus pied\u0101v\u0101 lab\u0101ko padela rake\u00f0u izv\u0113li visiem l\u012bme\u0146iem \u2013 tava padela apr\u012bkojuma m\u0101jas.","robots":{"index":"noindex","follow":"follow","max-snippet":"max-snippet:-1","max-image-preview":"max-image-preview:large","max-video-preview":"max-video-preview:-1"},"og_locale":"lv_LV","og_type":"article","og_title":"SIUX BEAT HYBRID 3 AIR","og_description":"Mekl\u0113 jaunu padela raketi par labu cenu? Padelhaus pied\u0101v\u0101 lab\u0101ko padela rake\u00f0u izv\u0113li visiem l\u012bme\u0146iem \u2013 tava padela apr\u012bkojuma m\u0101jas.","og_url":"https:\/\/padelhaus.mustlammas-dev.in\/lv\/veikals\/siux-beat-hybrid-3-air\/","og_site_name":"Test Padelhaus","article_modified_time":"2026-03-10T00:05:35+00:00","og_image":[{"width":1000,"height":1000,"url":"https:\/\/padelhaus.lv\/wp-content\/uploads\/2026\/01\/9-2.webp","type":"image\/webp"}],"twitter_card":"summary_large_image","twitter_misc":{"Price":"89,95&nbsp;&euro;","Availability":"In stock"},"schema":{"@context":"https:\/\/schema.org","@graph":[{"@type":["WebPage","ItemPage"],"@id":"https:\/\/padelhaus.mustlammas-dev.in\/lv\/veikals\/siux-beat-hybrid-3-air\/","url":"https:\/\/padelhaus.mustlammas-dev.in\/lv\/veikals\/siux-beat-hybrid-3-air\/","name":"SIUX BEAT HYBRID 3 AIR | Test Padelhaus","isPartOf":{"@id":"https:\/\/padelhaus.mustlammas-dev.in\/lv\/#website"},"primaryImageOfPage":{"@id":"https:\/\/padelhaus.mustlammas-dev.in\/lv\/veikals\/siux-beat-hybrid-3-air\/#primaryimage"},"image":{"@id":"https:\/\/padelhaus.mustlammas-dev.in\/lv\/veikals\/siux-beat-hybrid-3-air\/#primaryimage"},"thumbnailUrl":"https:\/\/padelhaus.mustlammas-dev.in\/wp-content\/uploads\/2026\/01\/9-2.webp","datePublished":"2026-01-19T20:08:13+00:00","dateModified":"2026-03-10T00:05:35+00:00","description":"Mekl\u0113 jaunu padela raketi par labu cenu? Padelhaus pied\u0101v\u0101 lab\u0101ko padela rake\u00f0u izv\u0113li visiem l\u012bme\u0146iem \u2013 tava padela apr\u012bkojuma m\u0101jas.","breadcrumb":{"@id":"https:\/\/padelhaus.mustlammas-dev.in\/lv\/veikals\/siux-beat-hybrid-3-air\/#breadcrumb"},"inLanguage":"lv-LV","potentialAction":[{"@type":"ReadAction","target":["https:\/\/padelhaus.mustlammas-dev.in\/lv\/veikals\/siux-beat-hybrid-3-air\/"]}]},{"@type":"ImageObject","inLanguage":"lv-LV","@id":"https:\/\/padelhaus.mustlammas-dev.in\/lv\/veikals\/siux-beat-hybrid-3-air\/#primaryimage","url":"https:\/\/padelhaus.mustlammas-dev.in\/wp-content\/uploads\/2026\/01\/9-2.webp","contentUrl":"https:\/\/padelhaus.mustlammas-dev.in\/wp-content\/uploads\/2026\/01\/9-2.webp","width":1000,"height":1000},{"@type":"BreadcrumbList","@id":"https:\/\/padelhaus.mustlammas-dev.in\/lv\/veikals\/siux-beat-hybrid-3-air\/#breadcrumb","itemListElement":[{"@type":"ListItem","position":1,"name":"S\u0101kumlapa","item":"https:\/\/padelhaus.lv\/"},{"@type":"ListItem","position":2,"name":"Veikals","item":"https:\/\/padelhaus.lv\/veikals\/"},{"@type":"ListItem","position":3,"name":"SIUX BEAT HYBRID 3 AIR"}]},{"@type":"WebSite","@id":"https:\/\/padelhaus.mustlammas-dev.in\/lv\/#website","url":"https:\/\/padelhaus.mustlammas-dev.in\/lv\/","name":"Claude Padelhaus","description":"Sinu padelivarustuse kodu","publisher":{"@id":"https:\/\/padelhaus.mustlammas-dev.in\/lv\/#organization"},"potentialAction":[{"@type":"SearchAction","target":{"@type":"EntryPoint","urlTemplate":"https:\/\/padelhaus.mustlammas-dev.in\/lv\/?s={search_term_string}"},"query-input":{"@type":"PropertyValueSpecification","valueRequired":true,"valueName":"search_term_string"}}],"inLanguage":"lv-LV"},{"@type":"Organization","@id":"https:\/\/padelhaus.mustlammas-dev.in\/lv\/#organization","name":"Claude Padelhaus","url":"https:\/\/padelhaus.mustlammas-dev.in\/lv\/","logo":{"@type":"ImageObject","inLanguage":"lv-LV","@id":"https:\/\/padelhaus.mustlammas-dev.in\/lv\/#\/schema\/logo\/image\/","url":"https:\/\/padelhaus.mustlammas-dev.in\/wp-content\/uploads\/2025\/05\/Logo-1.png","contentUrl":"https:\/\/padelhaus.mustlammas-dev.in\/wp-content\/uploads\/2025\/05\/Logo-1.png","width":280,"height":115,"caption":"Claude Padelhaus"},"image":{"@id":"https:\/\/padelhaus.mustlammas-dev.in\/lv\/#\/schema\/logo\/image\/"}}]},"product_price_amount":"89.95","product_price_currency":"EUR","og_availability":"instock","product_availability":"instock","product_retailer_item_id":"SIU-R-24","product_condition":"new"},"_links":{"self":[{"href":"https:\/\/padelhaus.mustlammas-dev.in\/lv\/wp-json\/wp\/v2\/product\/69541","targetHints":{"allow":["GET"]}}],"collection":[{"href":"https:\/\/padelhaus.mustlammas-dev.in\/lv\/wp-json\/wp\/v2\/product"}],"about":[{"href":"https:\/\/padelhaus.mustlammas-dev.in\/lv\/wp-json\/wp\/v2\/types\/product"}],"replies":[{"embeddable":true,"href":"https:\/\/padelhaus.mustlammas-dev.in\/lv\/wp-json\/wp\/v2\/comments?post=69541"}],"wp:featuredmedia":[{"embeddable":true,"href":"https:\/\/padelhaus.mustlammas-dev.in\/lv\/wp-json\/wp\/v2\/media\/69542"}],"wp:attachment":[{"href":"https:\/\/padelhaus.mustlammas-dev.in\/lv\/wp-json\/wp\/v2\/media?parent=69541"}],"wp:term":[{"taxonomy":"product_brand","embeddable":true,"href":"https:\/\/padelhaus.mustlammas-dev.in\/lv\/wp-json\/wp\/v2\/product_brand?post=69541"},{"taxonomy":"product_cat","embeddable":true,"href":"https:\/\/padelhaus.mustlammas-dev.in\/lv\/wp-json\/wp\/v2\/product_cat?post=69541"},{"taxonomy":"product_tag","embeddable":true,"href":"https:\/\/padelhaus.mustlammas-dev.in\/lv\/wp-json\/wp\/v2\/product_tag?post=69541"}],"curies":[{"name":"wp","href":"https:\/\/api.w.org\/{rel}","templated":true}]}}