{"id":69551,"date":"2026-01-19T22:44:40","date_gmt":"2026-01-19T20:44:40","guid":{"rendered":"https:\/\/padelhaus.mustlammas-dev.in\/pood\/nox-ml10-pro-cup-rough-surface-2023\/"},"modified":"2026-03-12T14:20:43","modified_gmt":"2026-03-12T12:20:43","slug":"nox-ml10-pro-cup-rough-surface-2023","status":"publish","type":"product","link":"https:\/\/padelhaus.mustlammas-dev.in\/lv\/veikals\/nox-ml10-pro-cup-rough-surface-2023\/","title":{"rendered":"Nox ML10 Pro Cup Rough Surface 2023"},"content":{"rendered":"<h4><b>NOX ML10 Pro Cup Rough Surface Edition 2023 \u2013 jauna NOX kolekcija<\/b><\/h4>\n<p>&nbsp;<\/p>\n<p class=\"p3\"><span class=\"s2\"><b>NOX ML10 Pro Cup Rough Surface Edition 2023<\/b><\/span> pieder le\u0123end\u0101rajai <span class=\"s2\"><b>Nox Pro Cup<\/b><\/span> s\u0113rijai. \u0160\u012b rakete apvieno <span class=\"s2\"><b>klasisko kontroli<\/b><\/span>, modernu dizainu un <span class=\"s2\"><b>nel\u012bdzenu sitiena virsmu<\/b><\/span>, pied\u0101v\u0101jot izcilu saj\u016btu katr\u0101 sitien\u0101 \u2013 pat vispras\u012bg\u0101kaj\u0101s sp\u0113les situ\u0101cij\u0101s. <\/p>\n<p class=\"p3\">Rakete ir <span class=\"s2\"><b>apa\u013cas formas<\/b><\/span> un izgatavota no augstas kvalit\u0101tes materi\u0101liem un NOX ekskluz\u012bv\u0101m tehnolo\u0123ij\u0101m, kas pal\u012bdz saglab\u0101t stabilit\u0101ti un precizit\u0101ti pat \u0101tr\u0101 sp\u0113l\u0113.<\/p>\n<p class=\"p1\">\n<h4><b>Sp\u0113l\u0113t\u0101ja tips<\/b><\/h4>\n<p>&nbsp;<\/p>\n<p class=\"p3\">ML10 Pro Cup Rough Surface Edition pied\u0101v\u0101 aptuveni <span class=\"s2\"><b>100% kontroli un 90% jaudu<\/b><\/span>, t\u0101d\u0113\u013c t\u0101 ir ide\u0101la izv\u0113le <span class=\"s2\"><b>vid\u0113ja l\u012bme\u0146a un pieredz\u0113ju\u0161iem sp\u0113l\u0113t\u0101jiem<\/b><\/span>, kas mekl\u0113:<\/p>\n<p class=\"p1\">\n<ul>\n<li>\n<p class=\"p1\">\u0113rtu un viegli vad\u0101mu raketi<\/p>\n<\/li>\n<li>\n<p class=\"p1\">lielu &#8220;sweet spot&#8221; rakete centr\u0101<\/p>\n<\/li>\n<li>\n<p class=\"p1\">zemu l\u012bdzsvaru lab\u0101kai kontrolei<\/p>\n<\/li>\n<li>\n<p class=\"p1\">iztur\u012bbu un stabilu sitiena saj\u016btu<\/p>\n<\/li>\n<\/ul>\n<p class=\"p1\">\n<h4><b>Tehnisk\u0101s \u012bpa\u0161\u012bbas un tehnolo\u0123ijas<\/b><\/h4>\n<p class=\"p1\">\n<ul>\n<li>\n<p class=\"p1\"><span class=\"s1\"><b>NOX Carbon Frame (100% ogleklis)<\/b><\/span> \u2013 sp\u0113c\u012bgs un iztur\u012bgs r\u0101mis maksim\u0101lai stabilit\u0101tei<\/p>\n<\/li>\n<li>\n<p class=\"p1\"><span class=\"s1\"><b>Silver Fibreglass virsmas<\/b><\/span> \u2013 pie\u0161\u0137ir stingr\u012bbu, iztur\u012bbu un dod sitieniem papildu jaudu<\/p>\n<\/li>\n<li>\n<p class=\"p1\"><span class=\"s1\"><b>HR3 Core<\/b><\/span> \u2013 augstas veiktsp\u0113jas kodols, kas nodro\u0161ina vair\u0101k ener\u0123ijas un jaudas spina sitienos<\/p>\n<\/li>\n<li>\n<p class=\"p1\"><span class=\"s1\"><b>Rough Surface tehnolo\u0123ija<\/b><\/span> \u2013 nel\u012bdzena apdare ar sil\u012bcija smilt\u012bm, kas uzlabo bumbas sa\u0137eri un \u013cauj pie\u0161\u0137irt vair\u0101k spina<\/p>\n<\/li>\n<li>\n<p class=\"p1\"><span class=\"s1\"><b>Forma:<\/b><\/span> apa\u013ca \u2013 pla\u0161s &#8220;sweet spot&#8221; un maksim\u0101la kontrole<\/p>\n<\/li>\n<li>\n<p class=\"p1\"><span class=\"s1\"><b>L\u012bdzsvars:<\/b><\/span> zems \u2013 lab\u0101ka manevr\u0113tsp\u0113ja un precizit\u0101te<\/p>\n<\/li>\n<\/ul>\n<p>&nbsp;<\/p>\n<p class=\"p1\">\n<h4><b>Dizains un kr\u0101su salikums<\/b><\/h4>\n<p>&nbsp;<\/p>\n<p class=\"p3\">ML10 Pro Cup Rough Surface Edition 2023 izce\u013cas ar <span class=\"s2\"><b>modernu un kr\u0101sainu dizainu<\/b><\/span>, kur klasiskie NOX logotipi un fonts ir apvienoti ar <span class=\"s2\"><b>ko\u0161u sarkanu toni<\/b><\/span>. Rezult\u0101t\u0101 ir rakete, kas izskat\u0101s profesion\u0101li un vienlaikus pied\u0101v\u0101 augst\u0101k\u0101 l\u012bme\u0146a sp\u0113l\u0113jam\u012bbu. <\/p>\n<p class=\"p1\">\n<h4><b>Kontroles klasika ar spina priek\u0161roc\u012bbu<\/b><\/h4>\n<p>&nbsp;<\/p>\n<p class=\"p3\">NOX ML10 Pro Cup Rough Surface Edition 2023 ir ide\u0101la izv\u0113le sp\u0113l\u0113t\u0101jam, kur\u0161 nov\u0113rt\u0113 <span class=\"s2\"><b>kontroli, komfortu un spinu<\/b><\/span>, bet nev\u0113las atteikties no jaudas un iztur\u012bbas. Tas ir m\u016b\u017e\u012bgs Pro Cup s\u0113rijas modelis, kas piem\u0113rots gan treni\u0146iem, gan nopietn\u0101m sacens\u012bbu sp\u0113l\u0113m. <\/p>\n","protected":false},"excerpt":{"rendered":"<p>NOX ML10 Pro Cup Rough Surface Edition 2023 \u2013 jauna NOX kolekcija &nbsp; NOX ML10 Pro Cup Rough Surface Edition 2023 pieder le\u0123end\u0101rajai Nox Pro Cup s\u0113rijai. \u0160\u012b rakete apvieno klasisko kontroli, modernu dizainu un nel\u012bdzenu sitiena virsmu, pied\u0101v\u0101jot izcilu saj\u016btu katr\u0101 sitien\u0101 \u2013 pat vispras\u012bg\u0101kaj\u0101s sp\u0113les situ\u0101cij\u0101s. Rakete ir apa\u013cas formas un izgatavota no [&hellip;]<\/p>\n","protected":false},"featured_media":69552,"comment_status":"open","ping_status":"closed","template":"","meta":{"_eb_attr":""},"product_brand":[330],"product_cat":[332,251,331],"product_tag":[],"class_list":{"0":"post-69551","1":"product","2":"type-product","3":"status-publish","4":"has-post-thumbnail","6":"product_brand-nox","7":"product_cat-nox","8":"product_cat-padela-raketes","9":"product_cat-videjais-limenis","10":"pa_kaal-360-375g","11":"pa_kuju-apala","12":"pa_mangustiil-kontrole","13":"pa_tasakaal-zems","14":"pa_tase-videjais-limenis","15":"pa_varv-melns","16":"pa_varv-sarkana","19":"first","20":"instock","21":"sale","22":"taxable","23":"shipping-taxable","24":"purchasable","25":"product-type-simple"},"yoast_head":"<!-- This site is optimized with the Yoast SEO Premium plugin v27.1 (Yoast SEO v27.1.1) - https:\/\/yoast.com\/product\/yoast-seo-premium-wordpress\/ -->\n<title>Nox ML10 Pro Cup Rough Surface 2023 | Test Padelhaus<\/title>\n<meta name=\"description\" content=\"Mekl\u0113 jaunu padela raketi par labu cenu? Padelhaus pied\u0101v\u0101 lab\u0101ko padela rake\u00f0u izv\u0113li visiem l\u012bme\u0146iem \u2013 tava padela apr\u012bkojuma m\u0101jas.\" \/>\n<meta name=\"robots\" content=\"noindex, follow, max-snippet:-1, max-image-preview:large, max-video-preview:-1\" \/>\n<meta property=\"og:locale\" content=\"lv_LV\" \/>\n<meta property=\"og:type\" content=\"article\" \/>\n<meta property=\"og:title\" content=\"Nox ML10 Pro Cup Rough Surface 2023\" \/>\n<meta property=\"og:description\" content=\"Mekl\u0113 jaunu padela raketi par labu cenu? Padelhaus pied\u0101v\u0101 lab\u0101ko padela rake\u00f0u izv\u0113li visiem l\u012bme\u0146iem \u2013 tava padela apr\u012bkojuma m\u0101jas.\" \/>\n<meta property=\"og:url\" content=\"https:\/\/padelhaus.mustlammas-dev.in\/lv\/veikals\/nox-ml10-pro-cup-rough-surface-2023\/\" \/>\n<meta property=\"og:site_name\" content=\"Test Padelhaus\" \/>\n<meta property=\"article:modified_time\" content=\"2026-03-12T12:20:43+00:00\" \/>\n<meta property=\"og:image\" content=\"https:\/\/padelhaus.lv\/wp-content\/uploads\/2026\/01\/9.png\" \/>\n\t<meta property=\"og:image:width\" content=\"1000\" \/>\n\t<meta property=\"og:image:height\" content=\"1000\" \/>\n\t<meta property=\"og:image:type\" content=\"image\/png\" \/>\n<meta name=\"twitter:card\" content=\"summary_large_image\" \/>\n<meta name=\"twitter:label1\" content=\"Price\" \/>\n\t<meta name=\"twitter:data1\" content=\"119,95&nbsp;&euro;\" \/>\n\t<meta name=\"twitter:label2\" content=\"Availability\" \/>\n\t<meta name=\"twitter:data2\" content=\"In stock\" \/>\n<script type=\"application\/ld+json\" class=\"yoast-schema-graph\">{\"@context\":\"https:\/\/schema.org\",\"@graph\":[{\"@type\":[\"WebPage\",\"ItemPage\"],\"@id\":\"https:\/\/padelhaus.mustlammas-dev.in\/lv\/veikals\/nox-ml10-pro-cup-rough-surface-2023\/\",\"url\":\"https:\/\/padelhaus.mustlammas-dev.in\/lv\/veikals\/nox-ml10-pro-cup-rough-surface-2023\/\",\"name\":\"Nox ML10 Pro Cup Rough Surface 2023 | Test Padelhaus\",\"isPartOf\":{\"@id\":\"https:\/\/padelhaus.mustlammas-dev.in\/lv\/#website\"},\"primaryImageOfPage\":{\"@id\":\"https:\/\/padelhaus.mustlammas-dev.in\/lv\/veikals\/nox-ml10-pro-cup-rough-surface-2023\/#primaryimage\"},\"image\":{\"@id\":\"https:\/\/padelhaus.mustlammas-dev.in\/lv\/veikals\/nox-ml10-pro-cup-rough-surface-2023\/#primaryimage\"},\"thumbnailUrl\":\"https:\/\/padelhaus.mustlammas-dev.in\/wp-content\/uploads\/2026\/01\/9.png\",\"datePublished\":\"2026-01-19T20:44:40+00:00\",\"dateModified\":\"2026-03-12T12:20:43+00:00\",\"description\":\"Mekl\u0113 jaunu padela raketi par labu cenu? Padelhaus pied\u0101v\u0101 lab\u0101ko padela rake\u00f0u izv\u0113li visiem l\u012bme\u0146iem \u2013 tava padela apr\u012bkojuma m\u0101jas.\",\"breadcrumb\":{\"@id\":\"https:\/\/padelhaus.mustlammas-dev.in\/lv\/veikals\/nox-ml10-pro-cup-rough-surface-2023\/#breadcrumb\"},\"inLanguage\":\"lv-LV\",\"potentialAction\":[{\"@type\":\"ReadAction\",\"target\":[\"https:\/\/padelhaus.mustlammas-dev.in\/lv\/veikals\/nox-ml10-pro-cup-rough-surface-2023\/\"]}]},{\"@type\":\"ImageObject\",\"inLanguage\":\"lv-LV\",\"@id\":\"https:\/\/padelhaus.mustlammas-dev.in\/lv\/veikals\/nox-ml10-pro-cup-rough-surface-2023\/#primaryimage\",\"url\":\"https:\/\/padelhaus.mustlammas-dev.in\/wp-content\/uploads\/2026\/01\/9.png\",\"contentUrl\":\"https:\/\/padelhaus.mustlammas-dev.in\/wp-content\/uploads\/2026\/01\/9.png\",\"width\":1000,\"height\":1000},{\"@type\":\"BreadcrumbList\",\"@id\":\"https:\/\/padelhaus.mustlammas-dev.in\/lv\/veikals\/nox-ml10-pro-cup-rough-surface-2023\/#breadcrumb\",\"itemListElement\":[{\"@type\":\"ListItem\",\"position\":1,\"name\":\"S\u0101kumlapa\",\"item\":\"https:\/\/padelhaus.lv\/\"},{\"@type\":\"ListItem\",\"position\":2,\"name\":\"Veikals\",\"item\":\"https:\/\/padelhaus.lv\/veikals\/\"},{\"@type\":\"ListItem\",\"position\":3,\"name\":\"Nox ML10 Pro Cup Rough Surface 2023\"}]},{\"@type\":\"WebSite\",\"@id\":\"https:\/\/padelhaus.mustlammas-dev.in\/lv\/#website\",\"url\":\"https:\/\/padelhaus.mustlammas-dev.in\/lv\/\",\"name\":\"Claude Padelhaus\",\"description\":\"Sinu padelivarustuse kodu\",\"publisher\":{\"@id\":\"https:\/\/padelhaus.mustlammas-dev.in\/lv\/#organization\"},\"potentialAction\":[{\"@type\":\"SearchAction\",\"target\":{\"@type\":\"EntryPoint\",\"urlTemplate\":\"https:\/\/padelhaus.mustlammas-dev.in\/lv\/?s={search_term_string}\"},\"query-input\":{\"@type\":\"PropertyValueSpecification\",\"valueRequired\":true,\"valueName\":\"search_term_string\"}}],\"inLanguage\":\"lv-LV\"},{\"@type\":\"Organization\",\"@id\":\"https:\/\/padelhaus.mustlammas-dev.in\/lv\/#organization\",\"name\":\"Claude Padelhaus\",\"url\":\"https:\/\/padelhaus.mustlammas-dev.in\/lv\/\",\"logo\":{\"@type\":\"ImageObject\",\"inLanguage\":\"lv-LV\",\"@id\":\"https:\/\/padelhaus.mustlammas-dev.in\/lv\/#\/schema\/logo\/image\/\",\"url\":\"https:\/\/padelhaus.mustlammas-dev.in\/wp-content\/uploads\/2025\/05\/Logo-1.png\",\"contentUrl\":\"https:\/\/padelhaus.mustlammas-dev.in\/wp-content\/uploads\/2025\/05\/Logo-1.png\",\"width\":280,\"height\":115,\"caption\":\"Claude Padelhaus\"},\"image\":{\"@id\":\"https:\/\/padelhaus.mustlammas-dev.in\/lv\/#\/schema\/logo\/image\/\"}}]}<\/script>\n<meta property=\"product:price:amount\" content=\"119.95\" \/>\n<meta property=\"product:price:currency\" content=\"EUR\" \/>\n<meta property=\"og:availability\" content=\"instock\" \/>\n<meta property=\"product:availability\" content=\"instock\" \/>\n<meta property=\"product:retailer_item_id\" content=\"NOX-R-44\" \/>\n<meta property=\"product:condition\" content=\"new\" \/>\n<!-- \/ Yoast SEO Premium plugin. -->","yoast_head_json":{"title":"Nox ML10 Pro Cup Rough Surface 2023 | Test Padelhaus","description":"Mekl\u0113 jaunu padela raketi par labu cenu? Padelhaus pied\u0101v\u0101 lab\u0101ko padela rake\u00f0u izv\u0113li visiem l\u012bme\u0146iem \u2013 tava padela apr\u012bkojuma m\u0101jas.","robots":{"index":"noindex","follow":"follow","max-snippet":"max-snippet:-1","max-image-preview":"max-image-preview:large","max-video-preview":"max-video-preview:-1"},"og_locale":"lv_LV","og_type":"article","og_title":"Nox ML10 Pro Cup Rough Surface 2023","og_description":"Mekl\u0113 jaunu padela raketi par labu cenu? Padelhaus pied\u0101v\u0101 lab\u0101ko padela rake\u00f0u izv\u0113li visiem l\u012bme\u0146iem \u2013 tava padela apr\u012bkojuma m\u0101jas.","og_url":"https:\/\/padelhaus.mustlammas-dev.in\/lv\/veikals\/nox-ml10-pro-cup-rough-surface-2023\/","og_site_name":"Test Padelhaus","article_modified_time":"2026-03-12T12:20:43+00:00","og_image":[{"width":1000,"height":1000,"url":"https:\/\/padelhaus.lv\/wp-content\/uploads\/2026\/01\/9.png","type":"image\/png"}],"twitter_card":"summary_large_image","twitter_misc":{"Price":"119,95&nbsp;&euro;","Availability":"In stock"},"schema":{"@context":"https:\/\/schema.org","@graph":[{"@type":["WebPage","ItemPage"],"@id":"https:\/\/padelhaus.mustlammas-dev.in\/lv\/veikals\/nox-ml10-pro-cup-rough-surface-2023\/","url":"https:\/\/padelhaus.mustlammas-dev.in\/lv\/veikals\/nox-ml10-pro-cup-rough-surface-2023\/","name":"Nox ML10 Pro Cup Rough Surface 2023 | Test Padelhaus","isPartOf":{"@id":"https:\/\/padelhaus.mustlammas-dev.in\/lv\/#website"},"primaryImageOfPage":{"@id":"https:\/\/padelhaus.mustlammas-dev.in\/lv\/veikals\/nox-ml10-pro-cup-rough-surface-2023\/#primaryimage"},"image":{"@id":"https:\/\/padelhaus.mustlammas-dev.in\/lv\/veikals\/nox-ml10-pro-cup-rough-surface-2023\/#primaryimage"},"thumbnailUrl":"https:\/\/padelhaus.mustlammas-dev.in\/wp-content\/uploads\/2026\/01\/9.png","datePublished":"2026-01-19T20:44:40+00:00","dateModified":"2026-03-12T12:20:43+00:00","description":"Mekl\u0113 jaunu padela raketi par labu cenu? Padelhaus pied\u0101v\u0101 lab\u0101ko padela rake\u00f0u izv\u0113li visiem l\u012bme\u0146iem \u2013 tava padela apr\u012bkojuma m\u0101jas.","breadcrumb":{"@id":"https:\/\/padelhaus.mustlammas-dev.in\/lv\/veikals\/nox-ml10-pro-cup-rough-surface-2023\/#breadcrumb"},"inLanguage":"lv-LV","potentialAction":[{"@type":"ReadAction","target":["https:\/\/padelhaus.mustlammas-dev.in\/lv\/veikals\/nox-ml10-pro-cup-rough-surface-2023\/"]}]},{"@type":"ImageObject","inLanguage":"lv-LV","@id":"https:\/\/padelhaus.mustlammas-dev.in\/lv\/veikals\/nox-ml10-pro-cup-rough-surface-2023\/#primaryimage","url":"https:\/\/padelhaus.mustlammas-dev.in\/wp-content\/uploads\/2026\/01\/9.png","contentUrl":"https:\/\/padelhaus.mustlammas-dev.in\/wp-content\/uploads\/2026\/01\/9.png","width":1000,"height":1000},{"@type":"BreadcrumbList","@id":"https:\/\/padelhaus.mustlammas-dev.in\/lv\/veikals\/nox-ml10-pro-cup-rough-surface-2023\/#breadcrumb","itemListElement":[{"@type":"ListItem","position":1,"name":"S\u0101kumlapa","item":"https:\/\/padelhaus.lv\/"},{"@type":"ListItem","position":2,"name":"Veikals","item":"https:\/\/padelhaus.lv\/veikals\/"},{"@type":"ListItem","position":3,"name":"Nox ML10 Pro Cup Rough Surface 2023"}]},{"@type":"WebSite","@id":"https:\/\/padelhaus.mustlammas-dev.in\/lv\/#website","url":"https:\/\/padelhaus.mustlammas-dev.in\/lv\/","name":"Claude Padelhaus","description":"Sinu padelivarustuse kodu","publisher":{"@id":"https:\/\/padelhaus.mustlammas-dev.in\/lv\/#organization"},"potentialAction":[{"@type":"SearchAction","target":{"@type":"EntryPoint","urlTemplate":"https:\/\/padelhaus.mustlammas-dev.in\/lv\/?s={search_term_string}"},"query-input":{"@type":"PropertyValueSpecification","valueRequired":true,"valueName":"search_term_string"}}],"inLanguage":"lv-LV"},{"@type":"Organization","@id":"https:\/\/padelhaus.mustlammas-dev.in\/lv\/#organization","name":"Claude Padelhaus","url":"https:\/\/padelhaus.mustlammas-dev.in\/lv\/","logo":{"@type":"ImageObject","inLanguage":"lv-LV","@id":"https:\/\/padelhaus.mustlammas-dev.in\/lv\/#\/schema\/logo\/image\/","url":"https:\/\/padelhaus.mustlammas-dev.in\/wp-content\/uploads\/2025\/05\/Logo-1.png","contentUrl":"https:\/\/padelhaus.mustlammas-dev.in\/wp-content\/uploads\/2025\/05\/Logo-1.png","width":280,"height":115,"caption":"Claude Padelhaus"},"image":{"@id":"https:\/\/padelhaus.mustlammas-dev.in\/lv\/#\/schema\/logo\/image\/"}}]},"product_price_amount":"119.95","product_price_currency":"EUR","og_availability":"instock","product_availability":"instock","product_retailer_item_id":"NOX-R-44","product_condition":"new"},"_links":{"self":[{"href":"https:\/\/padelhaus.mustlammas-dev.in\/lv\/wp-json\/wp\/v2\/product\/69551","targetHints":{"allow":["GET"]}}],"collection":[{"href":"https:\/\/padelhaus.mustlammas-dev.in\/lv\/wp-json\/wp\/v2\/product"}],"about":[{"href":"https:\/\/padelhaus.mustlammas-dev.in\/lv\/wp-json\/wp\/v2\/types\/product"}],"replies":[{"embeddable":true,"href":"https:\/\/padelhaus.mustlammas-dev.in\/lv\/wp-json\/wp\/v2\/comments?post=69551"}],"wp:featuredmedia":[{"embeddable":true,"href":"https:\/\/padelhaus.mustlammas-dev.in\/lv\/wp-json\/wp\/v2\/media\/69552"}],"wp:attachment":[{"href":"https:\/\/padelhaus.mustlammas-dev.in\/lv\/wp-json\/wp\/v2\/media?parent=69551"}],"wp:term":[{"taxonomy":"product_brand","embeddable":true,"href":"https:\/\/padelhaus.mustlammas-dev.in\/lv\/wp-json\/wp\/v2\/product_brand?post=69551"},{"taxonomy":"product_cat","embeddable":true,"href":"https:\/\/padelhaus.mustlammas-dev.in\/lv\/wp-json\/wp\/v2\/product_cat?post=69551"},{"taxonomy":"product_tag","embeddable":true,"href":"https:\/\/padelhaus.mustlammas-dev.in\/lv\/wp-json\/wp\/v2\/product_tag?post=69551"}],"curies":[{"name":"wp","href":"https:\/\/api.w.org\/{rel}","templated":true}]}}