{"id":69560,"date":"2026-01-21T15:16:56","date_gmt":"2026-01-21T13:16:56","guid":{"rendered":"https:\/\/padelhaus.mustlammas-dev.in\/pood\/siux-trilogy-5-go-2025\/"},"modified":"2026-01-29T07:50:25","modified_gmt":"2026-01-29T05:50:25","slug":"siux-trilogy-5-go-2025","status":"publish","type":"product","link":"https:\/\/padelhaus.mustlammas-dev.in\/lv\/veikals\/siux-trilogy-5-go-2025\/","title":{"rendered":"Siux Trilogy 5 Go 2025"},"content":{"rendered":"<h4><b>Siux Trilogy Go 5 \u2013 kontrole katr\u0101 sitien\u0101<\/b><\/h4>\n<p>&nbsp;<\/p>\n<p class=\"p3\"><span class=\"s2\"><b>Siux Trilogy Go 5<\/b><\/span> ir padela rakete, kas rad\u012bta, lai nodro\u0161in\u0101tu <span class=\"s2\"><b>maksim\u0101lu kontroli katr\u0101 sp\u0113les situ\u0101cij\u0101<\/b><\/span>. Raketes <span class=\"s2\"><b>apa\u013c\u0101 forma<\/b><\/span> un <span class=\"s2\"><b>zemais l\u012bdzsvars<\/b><\/span> padara to \u013coti viegli vad\u0101mu, nodro\u0161inot prec\u012bzus, stabilus un \u0101tras reakcijas sitienus. <\/p>\n<p class=\"p3\">\u0160\u0101da forma un l\u012bdzsvars pal\u012bdz rad\u012bt <span class=\"s2\"><b>lielu &#8220;sweet spot&#8221; zonu<\/b><\/span>, kas noz\u012bm\u0113, ka vari dro\u0161i tr\u0101p\u012bt pa bumbu gandr\u012bz vis\u0101 sitiena virsmas laukum\u0101. Tas dod vair\u0101k k\u013c\u016bdu pie\u013cau\u0161anas iesp\u0113ju un palielina p\u0101rliec\u012bbu katr\u0101 punkt\u0101. <\/p>\n<p class=\"p1\">\n<h4><b>\u0112rta un stabila konstrukcija<\/b><\/h4>\n<p>&nbsp;<\/p>\n<p class=\"p3\">Raketes sitiena virsma ir izgatavota no <span class=\"s2\"><b>3K Alumesh oglek\u013ca \u0161\u0137iedras<\/b><\/span>, kas nodro\u0161ina labu iztur\u012bbu un vienm\u0113r\u012bgu sitiena kvalit\u0101ti. R\u0101mi papildina <span class=\"s2\"><b>EVA gumijas kodols<\/b><\/span>, kas pie\u0161\u0137ir komfortu un pal\u012bdz pan\u0101kt l\u012bdzsvaru starp m\u012bkstu kontaktu un pietiekamu jaudu. <\/p>\n<p class=\"p3\">Rezult\u0101t\u0101 ir rakete, kas pied\u0101v\u0101 <span class=\"s2\"><b>\u0113rtu saj\u016btu<\/b><\/span>, bet vajadz\u012bbas gad\u012bjum\u0101 sp\u0113j nodro\u0161in\u0101t ar\u012b pietiekamu bumbas izlidojumu.<\/p>\n<p class=\"p1\">\n<h4><b>Izcils dizains<\/b><\/h4>\n<p>&nbsp;<\/p>\n<p class=\"p3\">Raketei ir <span class=\"s2\"><b>sp\u012bd\u012bga apdare<\/b><\/span>, kas uzsver t\u0101s moderno izskatu un pal\u012bdz saglab\u0101t labu kontroli. Za\u013co un melno to\u0146u <span class=\"s2\"><b>gradienta dizains<\/b><\/span> pie\u0161\u0137ir raketei sportisku un uzkr\u012bto\u0161u raksturu. <\/p>\n<p>&nbsp;<\/p>\n<p class=\"p1\">\n<h4><b>Trilogy Go 5 \u2013 vid\u0113ja l\u012bme\u0146a sp\u0113l\u0113t\u0101jam<\/b><\/h4>\n<p>&nbsp;<\/p>\n<p class=\"p3\">Siux Trilogy Go 5 ir rad\u012bta <span class=\"s2\"><b>vid\u0113ja l\u012bme\u0146a sp\u0113l\u0113t\u0101jiem<\/b><\/span>, kuri galvenok\u0101rt mekl\u0113 kontroli un p\u0101rliec\u012bbu, lai att\u012bst\u012btu savu sp\u0113les l\u012bmeni.<\/p>\n<p class=\"p3\">Ja v\u0113lies punktus iz\u0161\u0137irt ar savu tehniku un precizit\u0101ti, \u0161\u012b rakete pied\u0101v\u0101 izcilu vad\u0101m\u012bbu, komfortu un stabilit\u0101ti \u2013 ide\u0101la izv\u0113le konsekventai un p\u0101rliecin\u0101tai sp\u0113lei.<\/p>\n<p>&nbsp;<\/p>\n<p class=\"p1\">\n<h4><b>Tehnisk\u0101 specifik\u0101cija<\/b><\/h4>\n<p class=\"p1\">\n<ul>\n<li>\n<p class=\"p1\"><span class=\"s1\"><b>Virsma:<\/b><\/span> 3K Alumesh<\/p>\n<\/li>\n<li>\n<p class=\"p1\"><span class=\"s1\"><b>Kodols:<\/b><\/span> EVA gumija<\/p>\n<\/li>\n<li>\n<p class=\"p1\"><span class=\"s1\"><b>Forma:<\/b><\/span> apa\u013ca \u2013 maksim\u0101la kontrole un precizit\u0101te<\/p>\n<\/li>\n<\/ul>\n","protected":false},"excerpt":{"rendered":"<p>Siux Trilogy Go 5 \u2013 kontrole katr\u0101 sitien\u0101 &nbsp; Siux Trilogy Go 5 ir padela rakete, kas rad\u012bta, lai nodro\u0161in\u0101tu maksim\u0101lu kontroli katr\u0101 sp\u0113les situ\u0101cij\u0101. Raketes apa\u013c\u0101 forma un zemais l\u012bdzsvars padara to \u013coti viegli vad\u0101mu, nodro\u0161inot prec\u012bzus, stabilus un \u0101tras reakcijas sitienus. \u0160\u0101da forma un l\u012bdzsvars pal\u012bdz rad\u012bt lielu &#8220;sweet spot&#8221; zonu, kas noz\u012bm\u0113, [&hellip;]<\/p>\n","protected":false},"featured_media":69561,"comment_status":"open","ping_status":"closed","template":"","meta":{"_eb_attr":""},"product_brand":[260],"product_cat":[261,251,262],"product_tag":[],"class_list":{"0":"post-69560","1":"product","2":"type-product","3":"status-publish","4":"has-post-thumbnail","6":"product_brand-siux","7":"product_cat-iesaceji","8":"product_cat-padela-raketes","9":"product_cat-siux","10":"pa_kaal-350-370g","11":"pa_kuju-apala","12":"pa_mangustiil-kontrole","13":"pa_tasakaal-zems","14":"pa_tase-iesacejs","15":"pa_tase-videjais-limenis","16":"pa_varv-melns","17":"pa_varv-zala","20":"first","21":"instock","22":"sale","23":"taxable","24":"shipping-taxable","25":"purchasable","26":"product-type-simple"},"yoast_head":"<!-- This site is optimized with the Yoast SEO Premium plugin v27.1 (Yoast SEO v27.1.1) - https:\/\/yoast.com\/product\/yoast-seo-premium-wordpress\/ -->\n<title>Siux Trilogy 5 Go 2025 | Test Padelhaus<\/title>\n<meta name=\"description\" content=\"Mekl\u0113 jaunu padela raketi par labu cenu? Padelhaus pied\u0101v\u0101 lab\u0101ko padela rake\u00f0u izv\u0113li visiem l\u012bme\u0146iem \u2013 tava padela apr\u012bkojuma m\u0101jas.\" \/>\n<meta name=\"robots\" content=\"noindex, follow, max-snippet:-1, max-image-preview:large, max-video-preview:-1\" \/>\n<meta property=\"og:locale\" content=\"lv_LV\" \/>\n<meta property=\"og:type\" content=\"article\" \/>\n<meta property=\"og:title\" content=\"Siux Trilogy 5 Go 2025\" \/>\n<meta property=\"og:description\" content=\"Mekl\u0113 jaunu padela raketi par labu cenu? Padelhaus pied\u0101v\u0101 lab\u0101ko padela rake\u00f0u izv\u0113li visiem l\u012bme\u0146iem \u2013 tava padela apr\u012bkojuma m\u0101jas.\" \/>\n<meta property=\"og:url\" content=\"https:\/\/padelhaus.mustlammas-dev.in\/lv\/veikals\/siux-trilogy-5-go-2025\/\" \/>\n<meta property=\"og:site_name\" content=\"Test Padelhaus\" \/>\n<meta property=\"article:modified_time\" content=\"2026-01-29T05:50:25+00:00\" \/>\n<meta property=\"og:image\" content=\"https:\/\/padelhaus.lv\/wp-content\/uploads\/2026\/01\/18.webp\" \/>\n\t<meta property=\"og:image:width\" content=\"1000\" \/>\n\t<meta property=\"og:image:height\" content=\"1000\" \/>\n\t<meta property=\"og:image:type\" content=\"image\/webp\" \/>\n<meta name=\"twitter:card\" content=\"summary_large_image\" \/>\n<meta name=\"twitter:label1\" content=\"Price\" \/>\n\t<meta name=\"twitter:data1\" content=\"89,95&nbsp;&euro;\" \/>\n\t<meta name=\"twitter:label2\" content=\"Availability\" \/>\n\t<meta name=\"twitter:data2\" content=\"In stock\" \/>\n<script type=\"application\/ld+json\" class=\"yoast-schema-graph\">{\"@context\":\"https:\/\/schema.org\",\"@graph\":[{\"@type\":[\"WebPage\",\"ItemPage\"],\"@id\":\"https:\/\/padelhaus.mustlammas-dev.in\/lv\/veikals\/siux-trilogy-5-go-2025\/\",\"url\":\"https:\/\/padelhaus.mustlammas-dev.in\/lv\/veikals\/siux-trilogy-5-go-2025\/\",\"name\":\"Siux Trilogy 5 Go 2025 | Test Padelhaus\",\"isPartOf\":{\"@id\":\"https:\/\/padelhaus.mustlammas-dev.in\/lv\/#website\"},\"primaryImageOfPage\":{\"@id\":\"https:\/\/padelhaus.mustlammas-dev.in\/lv\/veikals\/siux-trilogy-5-go-2025\/#primaryimage\"},\"image\":{\"@id\":\"https:\/\/padelhaus.mustlammas-dev.in\/lv\/veikals\/siux-trilogy-5-go-2025\/#primaryimage\"},\"thumbnailUrl\":\"https:\/\/padelhaus.mustlammas-dev.in\/wp-content\/uploads\/2026\/01\/18.webp\",\"datePublished\":\"2026-01-21T13:16:56+00:00\",\"dateModified\":\"2026-01-29T05:50:25+00:00\",\"description\":\"Mekl\u0113 jaunu padela raketi par labu cenu? Padelhaus pied\u0101v\u0101 lab\u0101ko padela rake\u00f0u izv\u0113li visiem l\u012bme\u0146iem \u2013 tava padela apr\u012bkojuma m\u0101jas.\",\"breadcrumb\":{\"@id\":\"https:\/\/padelhaus.mustlammas-dev.in\/lv\/veikals\/siux-trilogy-5-go-2025\/#breadcrumb\"},\"inLanguage\":\"lv-LV\",\"potentialAction\":[{\"@type\":\"ReadAction\",\"target\":[\"https:\/\/padelhaus.mustlammas-dev.in\/lv\/veikals\/siux-trilogy-5-go-2025\/\"]}]},{\"@type\":\"ImageObject\",\"inLanguage\":\"lv-LV\",\"@id\":\"https:\/\/padelhaus.mustlammas-dev.in\/lv\/veikals\/siux-trilogy-5-go-2025\/#primaryimage\",\"url\":\"https:\/\/padelhaus.mustlammas-dev.in\/wp-content\/uploads\/2026\/01\/18.webp\",\"contentUrl\":\"https:\/\/padelhaus.mustlammas-dev.in\/wp-content\/uploads\/2026\/01\/18.webp\",\"width\":1000,\"height\":1000},{\"@type\":\"BreadcrumbList\",\"@id\":\"https:\/\/padelhaus.mustlammas-dev.in\/lv\/veikals\/siux-trilogy-5-go-2025\/#breadcrumb\",\"itemListElement\":[{\"@type\":\"ListItem\",\"position\":1,\"name\":\"S\u0101kumlapa\",\"item\":\"https:\/\/padelhaus.lv\/\"},{\"@type\":\"ListItem\",\"position\":2,\"name\":\"Veikals\",\"item\":\"https:\/\/padelhaus.lv\/veikals\/\"},{\"@type\":\"ListItem\",\"position\":3,\"name\":\"Siux Trilogy 5 Go 2025\"}]},{\"@type\":\"WebSite\",\"@id\":\"https:\/\/padelhaus.mustlammas-dev.in\/lv\/#website\",\"url\":\"https:\/\/padelhaus.mustlammas-dev.in\/lv\/\",\"name\":\"Claude Padelhaus\",\"description\":\"Sinu padelivarustuse kodu\",\"publisher\":{\"@id\":\"https:\/\/padelhaus.mustlammas-dev.in\/lv\/#organization\"},\"potentialAction\":[{\"@type\":\"SearchAction\",\"target\":{\"@type\":\"EntryPoint\",\"urlTemplate\":\"https:\/\/padelhaus.mustlammas-dev.in\/lv\/?s={search_term_string}\"},\"query-input\":{\"@type\":\"PropertyValueSpecification\",\"valueRequired\":true,\"valueName\":\"search_term_string\"}}],\"inLanguage\":\"lv-LV\"},{\"@type\":\"Organization\",\"@id\":\"https:\/\/padelhaus.mustlammas-dev.in\/lv\/#organization\",\"name\":\"Claude Padelhaus\",\"url\":\"https:\/\/padelhaus.mustlammas-dev.in\/lv\/\",\"logo\":{\"@type\":\"ImageObject\",\"inLanguage\":\"lv-LV\",\"@id\":\"https:\/\/padelhaus.mustlammas-dev.in\/lv\/#\/schema\/logo\/image\/\",\"url\":\"https:\/\/padelhaus.mustlammas-dev.in\/wp-content\/uploads\/2025\/05\/Logo-1.png\",\"contentUrl\":\"https:\/\/padelhaus.mustlammas-dev.in\/wp-content\/uploads\/2025\/05\/Logo-1.png\",\"width\":280,\"height\":115,\"caption\":\"Claude Padelhaus\"},\"image\":{\"@id\":\"https:\/\/padelhaus.mustlammas-dev.in\/lv\/#\/schema\/logo\/image\/\"}}]}<\/script>\n<meta property=\"product:price:amount\" content=\"89.95\" \/>\n<meta property=\"product:price:currency\" content=\"EUR\" \/>\n<meta property=\"og:availability\" content=\"instock\" \/>\n<meta property=\"product:availability\" content=\"instock\" \/>\n<meta property=\"product:retailer_item_id\" content=\"SIU-R-25\" \/>\n<meta property=\"product:condition\" content=\"new\" \/>\n<!-- \/ Yoast SEO Premium plugin. -->","yoast_head_json":{"title":"Siux Trilogy 5 Go 2025 | Test Padelhaus","description":"Mekl\u0113 jaunu padela raketi par labu cenu? Padelhaus pied\u0101v\u0101 lab\u0101ko padela rake\u00f0u izv\u0113li visiem l\u012bme\u0146iem \u2013 tava padela apr\u012bkojuma m\u0101jas.","robots":{"index":"noindex","follow":"follow","max-snippet":"max-snippet:-1","max-image-preview":"max-image-preview:large","max-video-preview":"max-video-preview:-1"},"og_locale":"lv_LV","og_type":"article","og_title":"Siux Trilogy 5 Go 2025","og_description":"Mekl\u0113 jaunu padela raketi par labu cenu? Padelhaus pied\u0101v\u0101 lab\u0101ko padela rake\u00f0u izv\u0113li visiem l\u012bme\u0146iem \u2013 tava padela apr\u012bkojuma m\u0101jas.","og_url":"https:\/\/padelhaus.mustlammas-dev.in\/lv\/veikals\/siux-trilogy-5-go-2025\/","og_site_name":"Test Padelhaus","article_modified_time":"2026-01-29T05:50:25+00:00","og_image":[{"width":1000,"height":1000,"url":"https:\/\/padelhaus.lv\/wp-content\/uploads\/2026\/01\/18.webp","type":"image\/webp"}],"twitter_card":"summary_large_image","twitter_misc":{"Price":"89,95&nbsp;&euro;","Availability":"In stock"},"schema":{"@context":"https:\/\/schema.org","@graph":[{"@type":["WebPage","ItemPage"],"@id":"https:\/\/padelhaus.mustlammas-dev.in\/lv\/veikals\/siux-trilogy-5-go-2025\/","url":"https:\/\/padelhaus.mustlammas-dev.in\/lv\/veikals\/siux-trilogy-5-go-2025\/","name":"Siux Trilogy 5 Go 2025 | Test Padelhaus","isPartOf":{"@id":"https:\/\/padelhaus.mustlammas-dev.in\/lv\/#website"},"primaryImageOfPage":{"@id":"https:\/\/padelhaus.mustlammas-dev.in\/lv\/veikals\/siux-trilogy-5-go-2025\/#primaryimage"},"image":{"@id":"https:\/\/padelhaus.mustlammas-dev.in\/lv\/veikals\/siux-trilogy-5-go-2025\/#primaryimage"},"thumbnailUrl":"https:\/\/padelhaus.mustlammas-dev.in\/wp-content\/uploads\/2026\/01\/18.webp","datePublished":"2026-01-21T13:16:56+00:00","dateModified":"2026-01-29T05:50:25+00:00","description":"Mekl\u0113 jaunu padela raketi par labu cenu? Padelhaus pied\u0101v\u0101 lab\u0101ko padela rake\u00f0u izv\u0113li visiem l\u012bme\u0146iem \u2013 tava padela apr\u012bkojuma m\u0101jas.","breadcrumb":{"@id":"https:\/\/padelhaus.mustlammas-dev.in\/lv\/veikals\/siux-trilogy-5-go-2025\/#breadcrumb"},"inLanguage":"lv-LV","potentialAction":[{"@type":"ReadAction","target":["https:\/\/padelhaus.mustlammas-dev.in\/lv\/veikals\/siux-trilogy-5-go-2025\/"]}]},{"@type":"ImageObject","inLanguage":"lv-LV","@id":"https:\/\/padelhaus.mustlammas-dev.in\/lv\/veikals\/siux-trilogy-5-go-2025\/#primaryimage","url":"https:\/\/padelhaus.mustlammas-dev.in\/wp-content\/uploads\/2026\/01\/18.webp","contentUrl":"https:\/\/padelhaus.mustlammas-dev.in\/wp-content\/uploads\/2026\/01\/18.webp","width":1000,"height":1000},{"@type":"BreadcrumbList","@id":"https:\/\/padelhaus.mustlammas-dev.in\/lv\/veikals\/siux-trilogy-5-go-2025\/#breadcrumb","itemListElement":[{"@type":"ListItem","position":1,"name":"S\u0101kumlapa","item":"https:\/\/padelhaus.lv\/"},{"@type":"ListItem","position":2,"name":"Veikals","item":"https:\/\/padelhaus.lv\/veikals\/"},{"@type":"ListItem","position":3,"name":"Siux Trilogy 5 Go 2025"}]},{"@type":"WebSite","@id":"https:\/\/padelhaus.mustlammas-dev.in\/lv\/#website","url":"https:\/\/padelhaus.mustlammas-dev.in\/lv\/","name":"Claude Padelhaus","description":"Sinu padelivarustuse kodu","publisher":{"@id":"https:\/\/padelhaus.mustlammas-dev.in\/lv\/#organization"},"potentialAction":[{"@type":"SearchAction","target":{"@type":"EntryPoint","urlTemplate":"https:\/\/padelhaus.mustlammas-dev.in\/lv\/?s={search_term_string}"},"query-input":{"@type":"PropertyValueSpecification","valueRequired":true,"valueName":"search_term_string"}}],"inLanguage":"lv-LV"},{"@type":"Organization","@id":"https:\/\/padelhaus.mustlammas-dev.in\/lv\/#organization","name":"Claude Padelhaus","url":"https:\/\/padelhaus.mustlammas-dev.in\/lv\/","logo":{"@type":"ImageObject","inLanguage":"lv-LV","@id":"https:\/\/padelhaus.mustlammas-dev.in\/lv\/#\/schema\/logo\/image\/","url":"https:\/\/padelhaus.mustlammas-dev.in\/wp-content\/uploads\/2025\/05\/Logo-1.png","contentUrl":"https:\/\/padelhaus.mustlammas-dev.in\/wp-content\/uploads\/2025\/05\/Logo-1.png","width":280,"height":115,"caption":"Claude Padelhaus"},"image":{"@id":"https:\/\/padelhaus.mustlammas-dev.in\/lv\/#\/schema\/logo\/image\/"}}]},"product_price_amount":"89.95","product_price_currency":"EUR","og_availability":"instock","product_availability":"instock","product_retailer_item_id":"SIU-R-25","product_condition":"new"},"_links":{"self":[{"href":"https:\/\/padelhaus.mustlammas-dev.in\/lv\/wp-json\/wp\/v2\/product\/69560","targetHints":{"allow":["GET"]}}],"collection":[{"href":"https:\/\/padelhaus.mustlammas-dev.in\/lv\/wp-json\/wp\/v2\/product"}],"about":[{"href":"https:\/\/padelhaus.mustlammas-dev.in\/lv\/wp-json\/wp\/v2\/types\/product"}],"replies":[{"embeddable":true,"href":"https:\/\/padelhaus.mustlammas-dev.in\/lv\/wp-json\/wp\/v2\/comments?post=69560"}],"wp:featuredmedia":[{"embeddable":true,"href":"https:\/\/padelhaus.mustlammas-dev.in\/lv\/wp-json\/wp\/v2\/media\/69561"}],"wp:attachment":[{"href":"https:\/\/padelhaus.mustlammas-dev.in\/lv\/wp-json\/wp\/v2\/media?parent=69560"}],"wp:term":[{"taxonomy":"product_brand","embeddable":true,"href":"https:\/\/padelhaus.mustlammas-dev.in\/lv\/wp-json\/wp\/v2\/product_brand?post=69560"},{"taxonomy":"product_cat","embeddable":true,"href":"https:\/\/padelhaus.mustlammas-dev.in\/lv\/wp-json\/wp\/v2\/product_cat?post=69560"},{"taxonomy":"product_tag","embeddable":true,"href":"https:\/\/padelhaus.mustlammas-dev.in\/lv\/wp-json\/wp\/v2\/product_tag?post=69560"}],"curies":[{"name":"wp","href":"https:\/\/api.w.org\/{rel}","templated":true}]}}