{"id":70071,"date":"2026-02-03T16:10:01","date_gmt":"2026-02-03T14:10:01","guid":{"rendered":"https:\/\/padelhaus.mustlammas-dev.in\/pood\/bullpadel-neuron-02-cloud-2026-fede-chingotto\/"},"modified":"2026-02-03T16:27:13","modified_gmt":"2026-02-03T14:27:13","slug":"bullpadel-neuron-02-cloud-2026-fede-chingotto","status":"publish","type":"product","link":"https:\/\/padelhaus.mustlammas-dev.in\/lv\/veikals\/bullpadel-neuron-02-cloud-2026-fede-chingotto\/","title":{"rendered":"Bullpadel Neuron 02 Cloud 2026 Fede Chingotto"},"content":{"rendered":"<h4><b>Bullpadel Neuron 02 Cloud \u2013 komforts un precizit\u0101te vien\u0101<\/b><\/h4>\n<p>&nbsp;<\/p>\n<p class=\"p3\"><span class=\"s2\"><b>Bullpadel Neuron 02 Cloud<\/b><\/span> ir rakete, ar kuru Bullpadel ir p\u0101rsniedzis ierasto veiktsp\u0113ju. Paz\u012bstam\u0101s <span class=\"s2\"><b>Neuron s\u0113rijas<\/b><\/span> iedvesmotais modelis izmanto <span class=\"s2\"><b>m\u012bkst\u0101kus materi\u0101lus<\/b><\/span> un konstrukciju, kas pal\u012bdz samazin\u0101t fizisko slodzi, vienlaikus saglab\u0101jot s\u0113rijai rakstur\u012bgo precizit\u0101ti un kontroli. <\/p>\n<h4><b>Rakete, kas r\u016bp\u0113jas par tavu sp\u0113li<\/b><\/h4>\n<p>&nbsp;<\/p>\n<p class=\"p3\">Hibr\u012bda formas un <span class=\"s2\"><b>nedaudz augst\u0101ka l\u012bdzsvara<\/b><\/span> kombin\u0101cija nodro\u0161ina stabilu kontroli un \u013cauj nepiecie\u0161am\u012bbas gad\u012bjum\u0101 pievienot sp\u0113ku. \u0160\u012b mode\u013ca kodols ir <span class=\"s2\"><b>New Blue Soft EVA<\/b><\/span> serde \u2013 putu materi\u0101ls, kas absorb\u0113 vibr\u0101cijas un nodro\u0161ina m\u012bkstu sitiena saj\u016btu. Tas padara raketi ide\u0101lu sp\u0113l\u0113t\u0101jiem, kuri nov\u0113rt\u0113 komfortu ar\u012b gar\u0101s un intens\u012bv\u0101s sp\u0113l\u0113s.  <\/p>\n<p class=\"p3\"><span class=\"s2\"><b>Stikla \u0161\u0137iedras virsmas<\/b><\/span> veicina viegl\u0101ku un elast\u012bg\u0101ku bumbas izlido\u0161anu, padarot sp\u0113li pl\u016bsto\u0161\u0101ku un piedodo\u0161\u0101ku.<\/p>\n<h4><b>Svar\u012bg\u0101k\u0101s deta\u013cas<\/b><\/h4>\n<ul>\n<li>\n<p class=\"p1\"><span class=\"s1\"><b>Forma:<\/b><\/span> hibr\u012bda \u2013 pla\u0161a sald\u0101 zona un lab\u0101ka precizit\u0101te<\/p>\n<\/li>\n<li>\n<p class=\"p1\"><span class=\"s1\"><b>Virsmas:<\/b><\/span> stikla \u0161\u0137iedra \u2013 elast\u012bga un komfortabla saj\u016bta<\/p>\n<\/li>\n<li>\n<p class=\"p1\"><span class=\"s1\"><b>Serde:<\/b><\/span> New Blue Soft EVA \u2013 vibr\u0101ciju absorbcija un lab\u0101ka bumbas izlido\u0161ana<\/p>\n<\/li>\n<li>\n<p class=\"p1\"><span class=\"s1\"><b>L\u012bdzsvars:<\/b><\/span> vid\u0113js \u2013 laba manevr\u0113tsp\u0113ja ar m\u0113renu jaudu<\/p>\n<\/li>\n<li>\n<p class=\"p1\"><span class=\"s1\"><b>Svars:<\/b><\/span> 365\u2013375 g<\/p>\n<\/li>\n<li>\n<p class=\"p1\"><span class=\"s1\"><b>Profils:<\/b><\/span> 38 mm \u2013 piem\u0113rots pieredz\u0113ju\u0161am sp\u0113l\u0113t\u0101jam<\/p>\n<\/li>\n<li>\n<p class=\"p1\"><span class=\"s1\"><b>3D Grain raupja virsma<\/b><\/span> \u2013 viegl\u0101ka spina pievieno\u0161ana sitieniem<\/p>\n<\/li>\n<\/ul>\n<h4><b>Ide\u0101li piem\u0113rots pieredz\u0113ju\u0161am sp\u0113l\u0113t\u0101jam<\/b><\/h4>\n<p>&nbsp;<\/p>\n<p class=\"p3\">Bullpadel Neuron 02 Cloud ir lieliski piem\u0113rota sp\u0113l\u0113t\u0101jam, kur\u0161 par priorit\u0101ti uzskata <span class=\"s2\"><b>komfortu, pl\u016bsto\u0161u sp\u0113li un stabilit\u0101ti<\/b><\/span>, ta\u010du nev\u0113las atteikties no tehniskaj\u0101m \u012bpa\u0161\u012bb\u0101m. T\u0101 ir rakete, kas padara katru sitienu pl\u016bsto\u0161u, pal\u012bdz samazin\u0101t nogurumu un saglab\u0101t koncentr\u0113\u0161anos visas sp\u0113les laik\u0101. <\/p>\n","protected":false},"excerpt":{"rendered":"<p>Bullpadel Neuron 02 Cloud \u2013 komforts un precizit\u0101te vien\u0101 &nbsp; Bullpadel Neuron 02 Cloud ir rakete, ar kuru Bullpadel ir p\u0101rsniedzis ierasto veiktsp\u0113ju. Paz\u012bstam\u0101s Neuron s\u0113rijas iedvesmotais modelis izmanto m\u012bkst\u0101kus materi\u0101lus un konstrukciju, kas pal\u012bdz samazin\u0101t fizisko slodzi, vienlaikus saglab\u0101jot s\u0113rijai rakstur\u012bgo precizit\u0101ti un kontroli. Rakete, kas r\u016bp\u0113jas par tavu sp\u0113li &nbsp; Hibr\u012bda formas un [&hellip;]<\/p>\n","protected":false},"featured_media":70072,"comment_status":"open","ping_status":"closed","template":"","meta":{"_eb_attr":""},"product_brand":[336],"product_cat":[337,251,331],"product_tag":[],"class_list":{"0":"post-70071","1":"product","2":"type-product","3":"status-publish","4":"has-post-thumbnail","6":"product_brand-bullpadel","7":"product_cat-bullpadel","8":"product_cat-padela-raketes","9":"product_cat-videjais-limenis","10":"pa_kaal-360-375g","11":"pa_kuju-piliens","12":"pa_mangustiil-hibrids","13":"pa_tasakaal-centra","14":"pa_tase-pieredzejusi","15":"pa_tase-videjais-limenis","16":"pa_varv-zala","19":"first","20":"instock","21":"sale","22":"taxable","23":"shipping-taxable","24":"purchasable","25":"product-type-simple"},"yoast_head":"<!-- This site is optimized with the Yoast SEO Premium plugin v27.1 (Yoast SEO v27.1.1) - https:\/\/yoast.com\/product\/yoast-seo-premium-wordpress\/ -->\n<title>Bullpadel Neuron 02 Cloud 2026 Fede Chingotto | Test Padelhaus<\/title>\n<meta name=\"description\" content=\"Mekl\u0113 jaunu padela raketi par labu cenu? Padelhaus pied\u0101v\u0101 lab\u0101ko padela rake\u00f0u izv\u0113li visiem l\u012bme\u0146iem \u2013 tava padela apr\u012bkojuma m\u0101jas.\" \/>\n<meta name=\"robots\" content=\"noindex, follow, max-snippet:-1, max-image-preview:large, max-video-preview:-1\" \/>\n<meta property=\"og:locale\" content=\"lv_LV\" \/>\n<meta property=\"og:type\" content=\"article\" \/>\n<meta property=\"og:title\" content=\"Bullpadel Neuron 02 Cloud 2026 Fede Chingotto\" \/>\n<meta property=\"og:description\" content=\"Mekl\u0113 jaunu padela raketi par labu cenu? Padelhaus pied\u0101v\u0101 lab\u0101ko padela rake\u00f0u izv\u0113li visiem l\u012bme\u0146iem \u2013 tava padela apr\u012bkojuma m\u0101jas.\" \/>\n<meta property=\"og:url\" content=\"https:\/\/padelhaus.mustlammas-dev.in\/lv\/veikals\/bullpadel-neuron-02-cloud-2026-fede-chingotto\/\" \/>\n<meta property=\"og:site_name\" content=\"Test Padelhaus\" \/>\n<meta property=\"article:modified_time\" content=\"2026-02-03T14:27:13+00:00\" \/>\n<meta property=\"og:image\" content=\"https:\/\/padelhaus.lv\/wp-content\/uploads\/2026\/02\/1.webp\" \/>\n\t<meta property=\"og:image:width\" content=\"1000\" \/>\n\t<meta property=\"og:image:height\" content=\"1000\" \/>\n\t<meta property=\"og:image:type\" content=\"image\/webp\" \/>\n<meta name=\"twitter:card\" content=\"summary_large_image\" \/>\n<meta name=\"twitter:label1\" content=\"Price\" \/>\n\t<meta name=\"twitter:data1\" content=\"209,95&nbsp;&euro;\" \/>\n\t<meta name=\"twitter:label2\" content=\"Availability\" \/>\n\t<meta name=\"twitter:data2\" content=\"In stock\" \/>\n<script type=\"application\/ld+json\" class=\"yoast-schema-graph\">{\"@context\":\"https:\/\/schema.org\",\"@graph\":[{\"@type\":[\"WebPage\",\"ItemPage\"],\"@id\":\"https:\/\/padelhaus.mustlammas-dev.in\/lv\/veikals\/bullpadel-neuron-02-cloud-2026-fede-chingotto\/\",\"url\":\"https:\/\/padelhaus.mustlammas-dev.in\/lv\/veikals\/bullpadel-neuron-02-cloud-2026-fede-chingotto\/\",\"name\":\"Bullpadel Neuron 02 Cloud 2026 Fede Chingotto | Test Padelhaus\",\"isPartOf\":{\"@id\":\"https:\/\/padelhaus.mustlammas-dev.in\/lv\/#website\"},\"primaryImageOfPage\":{\"@id\":\"https:\/\/padelhaus.mustlammas-dev.in\/lv\/veikals\/bullpadel-neuron-02-cloud-2026-fede-chingotto\/#primaryimage\"},\"image\":{\"@id\":\"https:\/\/padelhaus.mustlammas-dev.in\/lv\/veikals\/bullpadel-neuron-02-cloud-2026-fede-chingotto\/#primaryimage\"},\"thumbnailUrl\":\"https:\/\/padelhaus.mustlammas-dev.in\/wp-content\/uploads\/2026\/02\/1.webp\",\"datePublished\":\"2026-02-03T14:10:01+00:00\",\"dateModified\":\"2026-02-03T14:27:13+00:00\",\"description\":\"Mekl\u0113 jaunu padela raketi par labu cenu? Padelhaus pied\u0101v\u0101 lab\u0101ko padela rake\u00f0u izv\u0113li visiem l\u012bme\u0146iem \u2013 tava padela apr\u012bkojuma m\u0101jas.\",\"breadcrumb\":{\"@id\":\"https:\/\/padelhaus.mustlammas-dev.in\/lv\/veikals\/bullpadel-neuron-02-cloud-2026-fede-chingotto\/#breadcrumb\"},\"inLanguage\":\"lv-LV\",\"potentialAction\":[{\"@type\":\"ReadAction\",\"target\":[\"https:\/\/padelhaus.mustlammas-dev.in\/lv\/veikals\/bullpadel-neuron-02-cloud-2026-fede-chingotto\/\"]}]},{\"@type\":\"ImageObject\",\"inLanguage\":\"lv-LV\",\"@id\":\"https:\/\/padelhaus.mustlammas-dev.in\/lv\/veikals\/bullpadel-neuron-02-cloud-2026-fede-chingotto\/#primaryimage\",\"url\":\"https:\/\/padelhaus.mustlammas-dev.in\/wp-content\/uploads\/2026\/02\/1.webp\",\"contentUrl\":\"https:\/\/padelhaus.mustlammas-dev.in\/wp-content\/uploads\/2026\/02\/1.webp\",\"width\":1000,\"height\":1000},{\"@type\":\"BreadcrumbList\",\"@id\":\"https:\/\/padelhaus.mustlammas-dev.in\/lv\/veikals\/bullpadel-neuron-02-cloud-2026-fede-chingotto\/#breadcrumb\",\"itemListElement\":[{\"@type\":\"ListItem\",\"position\":1,\"name\":\"S\u0101kumlapa\",\"item\":\"https:\/\/padelhaus.lv\/\"},{\"@type\":\"ListItem\",\"position\":2,\"name\":\"Veikals\",\"item\":\"https:\/\/padelhaus.lv\/veikals\/\"},{\"@type\":\"ListItem\",\"position\":3,\"name\":\"Bullpadel Neuron 02 Cloud 2026 Fede Chingotto\"}]},{\"@type\":\"WebSite\",\"@id\":\"https:\/\/padelhaus.mustlammas-dev.in\/lv\/#website\",\"url\":\"https:\/\/padelhaus.mustlammas-dev.in\/lv\/\",\"name\":\"Claude Padelhaus\",\"description\":\"Sinu padelivarustuse kodu\",\"publisher\":{\"@id\":\"https:\/\/padelhaus.mustlammas-dev.in\/lv\/#organization\"},\"potentialAction\":[{\"@type\":\"SearchAction\",\"target\":{\"@type\":\"EntryPoint\",\"urlTemplate\":\"https:\/\/padelhaus.mustlammas-dev.in\/lv\/?s={search_term_string}\"},\"query-input\":{\"@type\":\"PropertyValueSpecification\",\"valueRequired\":true,\"valueName\":\"search_term_string\"}}],\"inLanguage\":\"lv-LV\"},{\"@type\":\"Organization\",\"@id\":\"https:\/\/padelhaus.mustlammas-dev.in\/lv\/#organization\",\"name\":\"Claude Padelhaus\",\"url\":\"https:\/\/padelhaus.mustlammas-dev.in\/lv\/\",\"logo\":{\"@type\":\"ImageObject\",\"inLanguage\":\"lv-LV\",\"@id\":\"https:\/\/padelhaus.mustlammas-dev.in\/lv\/#\/schema\/logo\/image\/\",\"url\":\"https:\/\/padelhaus.mustlammas-dev.in\/wp-content\/uploads\/2025\/05\/Logo-1.png\",\"contentUrl\":\"https:\/\/padelhaus.mustlammas-dev.in\/wp-content\/uploads\/2025\/05\/Logo-1.png\",\"width\":280,\"height\":115,\"caption\":\"Claude Padelhaus\"},\"image\":{\"@id\":\"https:\/\/padelhaus.mustlammas-dev.in\/lv\/#\/schema\/logo\/image\/\"}}]}<\/script>\n<meta property=\"product:price:amount\" content=\"209.95\" \/>\n<meta property=\"product:price:currency\" content=\"EUR\" \/>\n<meta property=\"og:availability\" content=\"instock\" \/>\n<meta property=\"product:availability\" content=\"instock\" \/>\n<meta property=\"product:retailer_item_id\" content=\"BUL-R-46\" \/>\n<meta property=\"product:condition\" content=\"new\" \/>\n<!-- \/ Yoast SEO Premium plugin. -->","yoast_head_json":{"title":"Bullpadel Neuron 02 Cloud 2026 Fede Chingotto | Test Padelhaus","description":"Mekl\u0113 jaunu padela raketi par labu cenu? Padelhaus pied\u0101v\u0101 lab\u0101ko padela rake\u00f0u izv\u0113li visiem l\u012bme\u0146iem \u2013 tava padela apr\u012bkojuma m\u0101jas.","robots":{"index":"noindex","follow":"follow","max-snippet":"max-snippet:-1","max-image-preview":"max-image-preview:large","max-video-preview":"max-video-preview:-1"},"og_locale":"lv_LV","og_type":"article","og_title":"Bullpadel Neuron 02 Cloud 2026 Fede Chingotto","og_description":"Mekl\u0113 jaunu padela raketi par labu cenu? Padelhaus pied\u0101v\u0101 lab\u0101ko padela rake\u00f0u izv\u0113li visiem l\u012bme\u0146iem \u2013 tava padela apr\u012bkojuma m\u0101jas.","og_url":"https:\/\/padelhaus.mustlammas-dev.in\/lv\/veikals\/bullpadel-neuron-02-cloud-2026-fede-chingotto\/","og_site_name":"Test Padelhaus","article_modified_time":"2026-02-03T14:27:13+00:00","og_image":[{"width":1000,"height":1000,"url":"https:\/\/padelhaus.lv\/wp-content\/uploads\/2026\/02\/1.webp","type":"image\/webp"}],"twitter_card":"summary_large_image","twitter_misc":{"Price":"209,95&nbsp;&euro;","Availability":"In stock"},"schema":{"@context":"https:\/\/schema.org","@graph":[{"@type":["WebPage","ItemPage"],"@id":"https:\/\/padelhaus.mustlammas-dev.in\/lv\/veikals\/bullpadel-neuron-02-cloud-2026-fede-chingotto\/","url":"https:\/\/padelhaus.mustlammas-dev.in\/lv\/veikals\/bullpadel-neuron-02-cloud-2026-fede-chingotto\/","name":"Bullpadel Neuron 02 Cloud 2026 Fede Chingotto | Test Padelhaus","isPartOf":{"@id":"https:\/\/padelhaus.mustlammas-dev.in\/lv\/#website"},"primaryImageOfPage":{"@id":"https:\/\/padelhaus.mustlammas-dev.in\/lv\/veikals\/bullpadel-neuron-02-cloud-2026-fede-chingotto\/#primaryimage"},"image":{"@id":"https:\/\/padelhaus.mustlammas-dev.in\/lv\/veikals\/bullpadel-neuron-02-cloud-2026-fede-chingotto\/#primaryimage"},"thumbnailUrl":"https:\/\/padelhaus.mustlammas-dev.in\/wp-content\/uploads\/2026\/02\/1.webp","datePublished":"2026-02-03T14:10:01+00:00","dateModified":"2026-02-03T14:27:13+00:00","description":"Mekl\u0113 jaunu padela raketi par labu cenu? Padelhaus pied\u0101v\u0101 lab\u0101ko padela rake\u00f0u izv\u0113li visiem l\u012bme\u0146iem \u2013 tava padela apr\u012bkojuma m\u0101jas.","breadcrumb":{"@id":"https:\/\/padelhaus.mustlammas-dev.in\/lv\/veikals\/bullpadel-neuron-02-cloud-2026-fede-chingotto\/#breadcrumb"},"inLanguage":"lv-LV","potentialAction":[{"@type":"ReadAction","target":["https:\/\/padelhaus.mustlammas-dev.in\/lv\/veikals\/bullpadel-neuron-02-cloud-2026-fede-chingotto\/"]}]},{"@type":"ImageObject","inLanguage":"lv-LV","@id":"https:\/\/padelhaus.mustlammas-dev.in\/lv\/veikals\/bullpadel-neuron-02-cloud-2026-fede-chingotto\/#primaryimage","url":"https:\/\/padelhaus.mustlammas-dev.in\/wp-content\/uploads\/2026\/02\/1.webp","contentUrl":"https:\/\/padelhaus.mustlammas-dev.in\/wp-content\/uploads\/2026\/02\/1.webp","width":1000,"height":1000},{"@type":"BreadcrumbList","@id":"https:\/\/padelhaus.mustlammas-dev.in\/lv\/veikals\/bullpadel-neuron-02-cloud-2026-fede-chingotto\/#breadcrumb","itemListElement":[{"@type":"ListItem","position":1,"name":"S\u0101kumlapa","item":"https:\/\/padelhaus.lv\/"},{"@type":"ListItem","position":2,"name":"Veikals","item":"https:\/\/padelhaus.lv\/veikals\/"},{"@type":"ListItem","position":3,"name":"Bullpadel Neuron 02 Cloud 2026 Fede Chingotto"}]},{"@type":"WebSite","@id":"https:\/\/padelhaus.mustlammas-dev.in\/lv\/#website","url":"https:\/\/padelhaus.mustlammas-dev.in\/lv\/","name":"Claude Padelhaus","description":"Sinu padelivarustuse kodu","publisher":{"@id":"https:\/\/padelhaus.mustlammas-dev.in\/lv\/#organization"},"potentialAction":[{"@type":"SearchAction","target":{"@type":"EntryPoint","urlTemplate":"https:\/\/padelhaus.mustlammas-dev.in\/lv\/?s={search_term_string}"},"query-input":{"@type":"PropertyValueSpecification","valueRequired":true,"valueName":"search_term_string"}}],"inLanguage":"lv-LV"},{"@type":"Organization","@id":"https:\/\/padelhaus.mustlammas-dev.in\/lv\/#organization","name":"Claude Padelhaus","url":"https:\/\/padelhaus.mustlammas-dev.in\/lv\/","logo":{"@type":"ImageObject","inLanguage":"lv-LV","@id":"https:\/\/padelhaus.mustlammas-dev.in\/lv\/#\/schema\/logo\/image\/","url":"https:\/\/padelhaus.mustlammas-dev.in\/wp-content\/uploads\/2025\/05\/Logo-1.png","contentUrl":"https:\/\/padelhaus.mustlammas-dev.in\/wp-content\/uploads\/2025\/05\/Logo-1.png","width":280,"height":115,"caption":"Claude Padelhaus"},"image":{"@id":"https:\/\/padelhaus.mustlammas-dev.in\/lv\/#\/schema\/logo\/image\/"}}]},"product_price_amount":"209.95","product_price_currency":"EUR","og_availability":"instock","product_availability":"instock","product_retailer_item_id":"BUL-R-46","product_condition":"new"},"_links":{"self":[{"href":"https:\/\/padelhaus.mustlammas-dev.in\/lv\/wp-json\/wp\/v2\/product\/70071","targetHints":{"allow":["GET"]}}],"collection":[{"href":"https:\/\/padelhaus.mustlammas-dev.in\/lv\/wp-json\/wp\/v2\/product"}],"about":[{"href":"https:\/\/padelhaus.mustlammas-dev.in\/lv\/wp-json\/wp\/v2\/types\/product"}],"replies":[{"embeddable":true,"href":"https:\/\/padelhaus.mustlammas-dev.in\/lv\/wp-json\/wp\/v2\/comments?post=70071"}],"wp:featuredmedia":[{"embeddable":true,"href":"https:\/\/padelhaus.mustlammas-dev.in\/lv\/wp-json\/wp\/v2\/media\/70072"}],"wp:attachment":[{"href":"https:\/\/padelhaus.mustlammas-dev.in\/lv\/wp-json\/wp\/v2\/media?parent=70071"}],"wp:term":[{"taxonomy":"product_brand","embeddable":true,"href":"https:\/\/padelhaus.mustlammas-dev.in\/lv\/wp-json\/wp\/v2\/product_brand?post=70071"},{"taxonomy":"product_cat","embeddable":true,"href":"https:\/\/padelhaus.mustlammas-dev.in\/lv\/wp-json\/wp\/v2\/product_cat?post=70071"},{"taxonomy":"product_tag","embeddable":true,"href":"https:\/\/padelhaus.mustlammas-dev.in\/lv\/wp-json\/wp\/v2\/product_tag?post=70071"}],"curies":[{"name":"wp","href":"https:\/\/api.w.org\/{rel}","templated":true}]}}