{"id":70095,"date":"2026-02-02T13:30:01","date_gmt":"2026-02-02T11:30:01","guid":{"rendered":"https:\/\/padelhaus.mustlammas-dev.in\/pood\/bullpadel-vertex-05-cloud-2026-women-delfi-brea\/"},"modified":"2026-03-10T02:05:34","modified_gmt":"2026-03-10T00:05:34","slug":"bullpadel-vertex-05-cloud-2026-women-delfi-brea","status":"publish","type":"product","link":"https:\/\/padelhaus.mustlammas-dev.in\/lv\/veikals\/bullpadel-vertex-05-cloud-2026-women-delfi-brea\/","title":{"rendered":"Bullpadel Vertex 05 Cloud 2026 Sievie\u0161u Delfi Brea"},"content":{"rendered":"<h4><b>Bullpadel Vertex 05 Cloud Sievie\u0161u \u2013 sp\u0113ks un kontrole jaun\u0101 l\u012bmen\u012b<\/b><\/h4>\n<p>&nbsp;<\/p>\n<p class=\"p3\"><span class=\"s2\"><b>Bullpadel Vertex 05 Cloud Sievie\u0161u<\/b><\/span> ir padela rakete sp\u0113l\u0113t\u0101j\u0101m, kuras v\u0113las pacelt savu sp\u0113li <span class=\"s2\"><b>n\u0101kamaj\u0101 l\u012bmen\u012b<\/b><\/span>. Inovat\u012bvs dizains un augst\u0101k\u0101s klases materi\u0101li rada perfektu l\u012bdzsvaru starp <span class=\"s2\"><b>sp\u0113ku un kontroli<\/b><\/span>, pied\u0101v\u0101jot komfortu un p\u0101rliec\u012bbu katr\u0101 sitien\u0101. Raketes konstrukcija atbilst m\u016bsdienu padela pras\u012bb\u0101m un atbalsta dro\u0161u un stabilu sp\u0113li.  <\/p>\n<p class=\"p1\">\n<h4><b>Sp\u0113l\u0113t\u0101jai rad\u012bts dizains<\/b><\/h4>\n<p>&nbsp;<\/p>\n<p class=\"p3\">Raketei ir <span class=\"s2\"><b>atjaunots kodols<\/b><\/span> ar dubultu diagon\u0101lu tiltu un <span class=\"s2\"><b>tr\u012bsst\u016brveida \u0123eometriju<\/b><\/span>, kas uzlabo sp\u0113ku sadal\u012bjumu r\u0101mja mal\u0101s. \u0160is risin\u0101jums nodro\u0161ina liel\u0101ku stabilit\u0101ti un lab\u0101ku precizit\u0101ti gan sp\u0113l\u0113jot no aizmugures laukuma, gan veicot uzbr\u016bko\u0161us sitienus pie t\u012bkla. <\/p>\n<p class=\"p3\">Elegants un sportisks izskats ir rad\u012bts sp\u0113l\u0113t\u0101jai, kura v\u0113las izcelties laukum\u0101 ne tikai ar savu sp\u0113les l\u012bmeni, bet ar\u012b ar stilu.<\/p>\n<p class=\"p1\">\n<h4><b>Izcelt\u0101s tehnolo\u0123ijas un \u012bpa\u0161\u012bbas<\/b><\/h4>\n<p class=\"p1\">\n<ul>\n<li>\n<p class=\"p1\"><span class=\"s1\"><b>Forma:<\/b><\/span> dimants \u2013 veicina sp\u0113ku, vienlaikus saglab\u0101jot kontroli<\/p>\n<\/li>\n<li>\n<p class=\"p1\"><span class=\"s1\"><b>L\u012bdzsvars:<\/b><\/span> augsts \u2013 uzbrukuma sp\u0113lei<\/p>\n<\/li>\n<li>\n<p class=\"p1\"><span class=\"s1\"><b>Svars:<\/b><\/span> 350\u2013360 g \u2013 \u0113rta vad\u0101m\u012bba pieredz\u0113ju\u0161ai sp\u0113l\u0113t\u0101jai<\/p>\n<\/li>\n<li>\n<p class=\"p1\"><b>Profils:<\/b><span class=\"s1\"> 38 mm<\/span><\/p>\n<\/li>\n<li>\n<p class=\"p1\"><span class=\"s1\"><b>\u0100r\u0113j\u0101 virsma:<\/b><\/span> stikla \u0161\u0137iedra \u2013 elast\u012bba un iztur\u012bba<\/p>\n<\/li>\n<li>\n<p class=\"p1\"><span class=\"s1\"><b>Kodols:<\/b><\/span> jauns <span class=\"s1\"><b>Blue Soft EVA<\/b><\/span> \u2013 m\u012bkst\u0101ks materi\u0101ls, kas maksim\u0101li palielina komfortu un samazina traumu risku<\/p>\n<\/li>\n<li>\n<p class=\"p1\"><span class=\"s1\"><b>Rough Top Spin<\/b><\/span> \u2013 raupja virsma, kas \u013cauj pie\u0161\u0137irt sitieniem vair\u0101k spina<\/p>\n<\/li>\n<li>\n<p class=\"p1\"><span class=\"s1\"><b>Elastic Fiber &amp; Cloud EVA<\/b><\/span> \u2013 kombin\u0101cija, kas nodro\u0161ina m\u012bkst\u0101ku kontaktu un uzlabo sp\u0113les pieredzi<\/p>\n<\/li>\n<\/ul>\n<p class=\"p1\">\n<h4><b>Augst\u0101k\u0101s klases pieredze laukum\u0101<\/b><\/h4>\n<p>&nbsp;<\/p>\n<p class=\"p3\">Bullpadel Vertex 05 Cloud Sievie\u0161u ir <span class=\"s2\"><b>daudzpus\u012bbas iemiesojums<\/b><\/span>. M\u012bksta saj\u016bta un \u0101tra reakcija padara to par ide\u0101lu pavadoni sp\u0113l\u0113t\u0101jai, kura mekl\u0113 <span class=\"s2\"><b>spr\u0101dzienb\u012bstamu sp\u0113ku apvienojum\u0101 ar kontroli<\/b><\/span>. Uzlaboto tehnolo\u0123iju un papildu komforta l\u012bdzsvars \u013cauj sp\u0113l\u0113t visaugst\u0101kaj\u0101 l\u012bmen\u012b, neatsakoties no \u0113rt\u012bb\u0101m.  <\/p>\n","protected":false},"excerpt":{"rendered":"<p>Bullpadel Vertex 05 Cloud Sievie\u0161u \u2013 sp\u0113ks un kontrole jaun\u0101 l\u012bmen\u012b &nbsp; Bullpadel Vertex 05 Cloud Sievie\u0161u ir padela rakete sp\u0113l\u0113t\u0101j\u0101m, kuras v\u0113las pacelt savu sp\u0113li n\u0101kamaj\u0101 l\u012bmen\u012b. Inovat\u012bvs dizains un augst\u0101k\u0101s klases materi\u0101li rada perfektu l\u012bdzsvaru starp sp\u0113ku un kontroli, pied\u0101v\u0101jot komfortu un p\u0101rliec\u012bbu katr\u0101 sitien\u0101. Raketes konstrukcija atbilst m\u016bsdienu padela pras\u012bb\u0101m un atbalsta [&hellip;]<\/p>\n","protected":false},"featured_media":70096,"comment_status":"open","ping_status":"closed","template":"","meta":{"_eb_attr":""},"product_brand":[336],"product_cat":[337,251,263,331],"product_tag":[],"class_list":{"0":"post-70095","1":"product","2":"type-product","3":"status-publish","4":"has-post-thumbnail","6":"product_brand-bullpadel","7":"product_cat-bullpadel","8":"product_cat-padela-raketes","9":"product_cat-sievietes","10":"product_cat-videjais-limenis","11":"pa_kaal-350-360g","12":"pa_kuju-dimants","13":"pa_mangustiil-hibrids","14":"pa_mangustiil-kontrole","15":"pa_tasakaal-augsa","16":"pa_tase-pieredzejusi","17":"pa_tase-videjais-limenis","18":"pa_varv-roza","19":"pa_varv-bess","22":"first","23":"instock","24":"sale","25":"taxable","26":"shipping-taxable","27":"purchasable","28":"product-type-simple"},"yoast_head":"<!-- This site is optimized with the Yoast SEO Premium plugin v27.1 (Yoast SEO v27.1.1) - https:\/\/yoast.com\/product\/yoast-seo-premium-wordpress\/ -->\n<title>Bullpadel Vertex 05 Cloud 2026 Sievie\u0161u Delfi Brea | Test Padelhaus<\/title>\n<meta name=\"description\" content=\"Mekl\u0113 jaunu padela raketi par labu cenu? Padelhaus pied\u0101v\u0101 lab\u0101ko padela rake\u00f0u izv\u0113li visiem l\u012bme\u0146iem \u2013 tava padela apr\u012bkojuma m\u0101jas.\" \/>\n<meta name=\"robots\" content=\"noindex, follow, max-snippet:-1, max-image-preview:large, max-video-preview:-1\" \/>\n<meta property=\"og:locale\" content=\"lv_LV\" \/>\n<meta property=\"og:type\" content=\"article\" \/>\n<meta property=\"og:title\" content=\"Bullpadel Vertex 05 Cloud 2026 Sievie\u0161u Delfi Brea\" \/>\n<meta property=\"og:description\" content=\"Mekl\u0113 jaunu padela raketi par labu cenu? Padelhaus pied\u0101v\u0101 lab\u0101ko padela rake\u00f0u izv\u0113li visiem l\u012bme\u0146iem \u2013 tava padela apr\u012bkojuma m\u0101jas.\" \/>\n<meta property=\"og:url\" content=\"https:\/\/padelhaus.mustlammas-dev.in\/lv\/veikals\/bullpadel-vertex-05-cloud-2026-women-delfi-brea\/\" \/>\n<meta property=\"og:site_name\" content=\"Test Padelhaus\" \/>\n<meta property=\"article:modified_time\" content=\"2026-03-10T00:05:34+00:00\" \/>\n<meta property=\"og:image\" content=\"https:\/\/padelhaus.lv\/wp-content\/uploads\/2026\/02\/3.webp\" \/>\n\t<meta property=\"og:image:width\" content=\"1000\" \/>\n\t<meta property=\"og:image:height\" content=\"1000\" \/>\n\t<meta property=\"og:image:type\" content=\"image\/webp\" \/>\n<meta name=\"twitter:card\" content=\"summary_large_image\" \/>\n<meta name=\"twitter:label1\" content=\"Price\" \/>\n\t<meta name=\"twitter:data1\" content=\"209,95&nbsp;&euro;\" \/>\n\t<meta name=\"twitter:label2\" content=\"Availability\" \/>\n\t<meta name=\"twitter:data2\" content=\"In stock\" \/>\n<script type=\"application\/ld+json\" class=\"yoast-schema-graph\">{\"@context\":\"https:\/\/schema.org\",\"@graph\":[{\"@type\":[\"WebPage\",\"ItemPage\"],\"@id\":\"https:\/\/padelhaus.mustlammas-dev.in\/lv\/veikals\/bullpadel-vertex-05-cloud-2026-women-delfi-brea\/\",\"url\":\"https:\/\/padelhaus.mustlammas-dev.in\/lv\/veikals\/bullpadel-vertex-05-cloud-2026-women-delfi-brea\/\",\"name\":\"Bullpadel Vertex 05 Cloud 2026 Sievie\u0161u Delfi Brea | Test Padelhaus\",\"isPartOf\":{\"@id\":\"https:\/\/padelhaus.mustlammas-dev.in\/lv\/#website\"},\"primaryImageOfPage\":{\"@id\":\"https:\/\/padelhaus.mustlammas-dev.in\/lv\/veikals\/bullpadel-vertex-05-cloud-2026-women-delfi-brea\/#primaryimage\"},\"image\":{\"@id\":\"https:\/\/padelhaus.mustlammas-dev.in\/lv\/veikals\/bullpadel-vertex-05-cloud-2026-women-delfi-brea\/#primaryimage\"},\"thumbnailUrl\":\"https:\/\/padelhaus.mustlammas-dev.in\/wp-content\/uploads\/2026\/02\/3.webp\",\"datePublished\":\"2026-02-02T11:30:01+00:00\",\"dateModified\":\"2026-03-10T00:05:34+00:00\",\"description\":\"Mekl\u0113 jaunu padela raketi par labu cenu? Padelhaus pied\u0101v\u0101 lab\u0101ko padela rake\u00f0u izv\u0113li visiem l\u012bme\u0146iem \u2013 tava padela apr\u012bkojuma m\u0101jas.\",\"breadcrumb\":{\"@id\":\"https:\/\/padelhaus.mustlammas-dev.in\/lv\/veikals\/bullpadel-vertex-05-cloud-2026-women-delfi-brea\/#breadcrumb\"},\"inLanguage\":\"lv-LV\",\"potentialAction\":[{\"@type\":\"ReadAction\",\"target\":[\"https:\/\/padelhaus.mustlammas-dev.in\/lv\/veikals\/bullpadel-vertex-05-cloud-2026-women-delfi-brea\/\"]}]},{\"@type\":\"ImageObject\",\"inLanguage\":\"lv-LV\",\"@id\":\"https:\/\/padelhaus.mustlammas-dev.in\/lv\/veikals\/bullpadel-vertex-05-cloud-2026-women-delfi-brea\/#primaryimage\",\"url\":\"https:\/\/padelhaus.mustlammas-dev.in\/wp-content\/uploads\/2026\/02\/3.webp\",\"contentUrl\":\"https:\/\/padelhaus.mustlammas-dev.in\/wp-content\/uploads\/2026\/02\/3.webp\",\"width\":1000,\"height\":1000},{\"@type\":\"BreadcrumbList\",\"@id\":\"https:\/\/padelhaus.mustlammas-dev.in\/lv\/veikals\/bullpadel-vertex-05-cloud-2026-women-delfi-brea\/#breadcrumb\",\"itemListElement\":[{\"@type\":\"ListItem\",\"position\":1,\"name\":\"S\u0101kumlapa\",\"item\":\"https:\/\/padelhaus.lv\/\"},{\"@type\":\"ListItem\",\"position\":2,\"name\":\"Veikals\",\"item\":\"https:\/\/padelhaus.lv\/veikals\/\"},{\"@type\":\"ListItem\",\"position\":3,\"name\":\"Bullpadel Vertex 05 Cloud 2026 Sievie\u0161u Delfi Brea\"}]},{\"@type\":\"WebSite\",\"@id\":\"https:\/\/padelhaus.mustlammas-dev.in\/lv\/#website\",\"url\":\"https:\/\/padelhaus.mustlammas-dev.in\/lv\/\",\"name\":\"Claude Padelhaus\",\"description\":\"Sinu padelivarustuse kodu\",\"publisher\":{\"@id\":\"https:\/\/padelhaus.mustlammas-dev.in\/lv\/#organization\"},\"potentialAction\":[{\"@type\":\"SearchAction\",\"target\":{\"@type\":\"EntryPoint\",\"urlTemplate\":\"https:\/\/padelhaus.mustlammas-dev.in\/lv\/?s={search_term_string}\"},\"query-input\":{\"@type\":\"PropertyValueSpecification\",\"valueRequired\":true,\"valueName\":\"search_term_string\"}}],\"inLanguage\":\"lv-LV\"},{\"@type\":\"Organization\",\"@id\":\"https:\/\/padelhaus.mustlammas-dev.in\/lv\/#organization\",\"name\":\"Claude Padelhaus\",\"url\":\"https:\/\/padelhaus.mustlammas-dev.in\/lv\/\",\"logo\":{\"@type\":\"ImageObject\",\"inLanguage\":\"lv-LV\",\"@id\":\"https:\/\/padelhaus.mustlammas-dev.in\/lv\/#\/schema\/logo\/image\/\",\"url\":\"https:\/\/padelhaus.mustlammas-dev.in\/wp-content\/uploads\/2025\/05\/Logo-1.png\",\"contentUrl\":\"https:\/\/padelhaus.mustlammas-dev.in\/wp-content\/uploads\/2025\/05\/Logo-1.png\",\"width\":280,\"height\":115,\"caption\":\"Claude Padelhaus\"},\"image\":{\"@id\":\"https:\/\/padelhaus.mustlammas-dev.in\/lv\/#\/schema\/logo\/image\/\"}}]}<\/script>\n<meta property=\"product:price:amount\" content=\"209.95\" \/>\n<meta property=\"product:price:currency\" content=\"EUR\" \/>\n<meta property=\"og:availability\" content=\"instock\" \/>\n<meta property=\"product:availability\" content=\"instock\" \/>\n<meta property=\"product:retailer_item_id\" content=\"BUL-R-45\" \/>\n<meta property=\"product:condition\" content=\"new\" \/>\n<!-- \/ Yoast SEO Premium plugin. -->","yoast_head_json":{"title":"Bullpadel Vertex 05 Cloud 2026 Sievie\u0161u Delfi Brea | Test Padelhaus","description":"Mekl\u0113 jaunu padela raketi par labu cenu? Padelhaus pied\u0101v\u0101 lab\u0101ko padela rake\u00f0u izv\u0113li visiem l\u012bme\u0146iem \u2013 tava padela apr\u012bkojuma m\u0101jas.","robots":{"index":"noindex","follow":"follow","max-snippet":"max-snippet:-1","max-image-preview":"max-image-preview:large","max-video-preview":"max-video-preview:-1"},"og_locale":"lv_LV","og_type":"article","og_title":"Bullpadel Vertex 05 Cloud 2026 Sievie\u0161u Delfi Brea","og_description":"Mekl\u0113 jaunu padela raketi par labu cenu? Padelhaus pied\u0101v\u0101 lab\u0101ko padela rake\u00f0u izv\u0113li visiem l\u012bme\u0146iem \u2013 tava padela apr\u012bkojuma m\u0101jas.","og_url":"https:\/\/padelhaus.mustlammas-dev.in\/lv\/veikals\/bullpadel-vertex-05-cloud-2026-women-delfi-brea\/","og_site_name":"Test Padelhaus","article_modified_time":"2026-03-10T00:05:34+00:00","og_image":[{"width":1000,"height":1000,"url":"https:\/\/padelhaus.lv\/wp-content\/uploads\/2026\/02\/3.webp","type":"image\/webp"}],"twitter_card":"summary_large_image","twitter_misc":{"Price":"209,95&nbsp;&euro;","Availability":"In stock"},"schema":{"@context":"https:\/\/schema.org","@graph":[{"@type":["WebPage","ItemPage"],"@id":"https:\/\/padelhaus.mustlammas-dev.in\/lv\/veikals\/bullpadel-vertex-05-cloud-2026-women-delfi-brea\/","url":"https:\/\/padelhaus.mustlammas-dev.in\/lv\/veikals\/bullpadel-vertex-05-cloud-2026-women-delfi-brea\/","name":"Bullpadel Vertex 05 Cloud 2026 Sievie\u0161u Delfi Brea | Test Padelhaus","isPartOf":{"@id":"https:\/\/padelhaus.mustlammas-dev.in\/lv\/#website"},"primaryImageOfPage":{"@id":"https:\/\/padelhaus.mustlammas-dev.in\/lv\/veikals\/bullpadel-vertex-05-cloud-2026-women-delfi-brea\/#primaryimage"},"image":{"@id":"https:\/\/padelhaus.mustlammas-dev.in\/lv\/veikals\/bullpadel-vertex-05-cloud-2026-women-delfi-brea\/#primaryimage"},"thumbnailUrl":"https:\/\/padelhaus.mustlammas-dev.in\/wp-content\/uploads\/2026\/02\/3.webp","datePublished":"2026-02-02T11:30:01+00:00","dateModified":"2026-03-10T00:05:34+00:00","description":"Mekl\u0113 jaunu padela raketi par labu cenu? Padelhaus pied\u0101v\u0101 lab\u0101ko padela rake\u00f0u izv\u0113li visiem l\u012bme\u0146iem \u2013 tava padela apr\u012bkojuma m\u0101jas.","breadcrumb":{"@id":"https:\/\/padelhaus.mustlammas-dev.in\/lv\/veikals\/bullpadel-vertex-05-cloud-2026-women-delfi-brea\/#breadcrumb"},"inLanguage":"lv-LV","potentialAction":[{"@type":"ReadAction","target":["https:\/\/padelhaus.mustlammas-dev.in\/lv\/veikals\/bullpadel-vertex-05-cloud-2026-women-delfi-brea\/"]}]},{"@type":"ImageObject","inLanguage":"lv-LV","@id":"https:\/\/padelhaus.mustlammas-dev.in\/lv\/veikals\/bullpadel-vertex-05-cloud-2026-women-delfi-brea\/#primaryimage","url":"https:\/\/padelhaus.mustlammas-dev.in\/wp-content\/uploads\/2026\/02\/3.webp","contentUrl":"https:\/\/padelhaus.mustlammas-dev.in\/wp-content\/uploads\/2026\/02\/3.webp","width":1000,"height":1000},{"@type":"BreadcrumbList","@id":"https:\/\/padelhaus.mustlammas-dev.in\/lv\/veikals\/bullpadel-vertex-05-cloud-2026-women-delfi-brea\/#breadcrumb","itemListElement":[{"@type":"ListItem","position":1,"name":"S\u0101kumlapa","item":"https:\/\/padelhaus.lv\/"},{"@type":"ListItem","position":2,"name":"Veikals","item":"https:\/\/padelhaus.lv\/veikals\/"},{"@type":"ListItem","position":3,"name":"Bullpadel Vertex 05 Cloud 2026 Sievie\u0161u Delfi Brea"}]},{"@type":"WebSite","@id":"https:\/\/padelhaus.mustlammas-dev.in\/lv\/#website","url":"https:\/\/padelhaus.mustlammas-dev.in\/lv\/","name":"Claude Padelhaus","description":"Sinu padelivarustuse kodu","publisher":{"@id":"https:\/\/padelhaus.mustlammas-dev.in\/lv\/#organization"},"potentialAction":[{"@type":"SearchAction","target":{"@type":"EntryPoint","urlTemplate":"https:\/\/padelhaus.mustlammas-dev.in\/lv\/?s={search_term_string}"},"query-input":{"@type":"PropertyValueSpecification","valueRequired":true,"valueName":"search_term_string"}}],"inLanguage":"lv-LV"},{"@type":"Organization","@id":"https:\/\/padelhaus.mustlammas-dev.in\/lv\/#organization","name":"Claude Padelhaus","url":"https:\/\/padelhaus.mustlammas-dev.in\/lv\/","logo":{"@type":"ImageObject","inLanguage":"lv-LV","@id":"https:\/\/padelhaus.mustlammas-dev.in\/lv\/#\/schema\/logo\/image\/","url":"https:\/\/padelhaus.mustlammas-dev.in\/wp-content\/uploads\/2025\/05\/Logo-1.png","contentUrl":"https:\/\/padelhaus.mustlammas-dev.in\/wp-content\/uploads\/2025\/05\/Logo-1.png","width":280,"height":115,"caption":"Claude Padelhaus"},"image":{"@id":"https:\/\/padelhaus.mustlammas-dev.in\/lv\/#\/schema\/logo\/image\/"}}]},"product_price_amount":"209.95","product_price_currency":"EUR","og_availability":"instock","product_availability":"instock","product_retailer_item_id":"BUL-R-45","product_condition":"new"},"_links":{"self":[{"href":"https:\/\/padelhaus.mustlammas-dev.in\/lv\/wp-json\/wp\/v2\/product\/70095","targetHints":{"allow":["GET"]}}],"collection":[{"href":"https:\/\/padelhaus.mustlammas-dev.in\/lv\/wp-json\/wp\/v2\/product"}],"about":[{"href":"https:\/\/padelhaus.mustlammas-dev.in\/lv\/wp-json\/wp\/v2\/types\/product"}],"replies":[{"embeddable":true,"href":"https:\/\/padelhaus.mustlammas-dev.in\/lv\/wp-json\/wp\/v2\/comments?post=70095"}],"wp:featuredmedia":[{"embeddable":true,"href":"https:\/\/padelhaus.mustlammas-dev.in\/lv\/wp-json\/wp\/v2\/media\/70096"}],"wp:attachment":[{"href":"https:\/\/padelhaus.mustlammas-dev.in\/lv\/wp-json\/wp\/v2\/media?parent=70095"}],"wp:term":[{"taxonomy":"product_brand","embeddable":true,"href":"https:\/\/padelhaus.mustlammas-dev.in\/lv\/wp-json\/wp\/v2\/product_brand?post=70095"},{"taxonomy":"product_cat","embeddable":true,"href":"https:\/\/padelhaus.mustlammas-dev.in\/lv\/wp-json\/wp\/v2\/product_cat?post=70095"},{"taxonomy":"product_tag","embeddable":true,"href":"https:\/\/padelhaus.mustlammas-dev.in\/lv\/wp-json\/wp\/v2\/product_tag?post=70095"}],"curies":[{"name":"wp","href":"https:\/\/api.w.org\/{rel}","templated":true}]}}