{"id":70247,"date":"2026-02-09T18:16:25","date_gmt":"2026-02-09T16:16:25","guid":{"rendered":"https:\/\/padelhaus.mustlammas-dev.in\/pood\/bullpadel-hack-04-hybrid-cloud-2026\/"},"modified":"2026-02-10T13:15:43","modified_gmt":"2026-02-10T11:15:43","slug":"bullpadel-hack-04-hybrid-cloud-2026","status":"publish","type":"product","link":"https:\/\/padelhaus.mustlammas-dev.in\/lv\/veikals\/bullpadel-hack-04-hybrid-cloud-2026\/","title":{"rendered":"Bullpadel Hack 04 Hybrid Cloud 2026"},"content":{"rendered":"<h4><b>Bullpadel Hack 04 Hybrid Cloud \u2013 dinamiska jauda jaun\u0101 veid\u0101<\/b><\/h4>\n<p>&nbsp;<\/p>\n<p class=\"p3\"><span class=\"s2\"><b>Bullpadel Hack 04 Hybrid Cloud<\/b><\/span> no jauna defin\u0113 jaudu padel\u0101. Neapstr\u0101d\u0101tas jaudas viet\u0101 \u0161is modelis koncentr\u0113jas uz <span class=\"s2\"><b>dinamisku jaudu<\/b><\/span>, kur sp\u0113l\u0113t\u0101ja kust\u012bbas \u0101trums p\u0101rv\u0113r\u0161as kin\u0113tiskaj\u0101 ener\u0123ij\u0101 \u2013 rezult\u0101t\u0101 ieg\u016bstot pl\u016bsto\u0161\u0101kus, prec\u012bz\u0101kus un jaud\u012bg\u0101kus sitienus.<\/p>\n<p class=\"p3\"><span class=\"s2\"><b>Noapa\u013cota hibr\u012bda forma<\/b><\/span> un <span class=\"s2\"><b>zems l\u012bdzsvars<\/b><\/span> padara to par daudzpus\u012bgu raketi, kas ide\u0101li piel\u0101gojas sp\u0113l\u0113t\u0101jam, kur\u0161 v\u0113las augstu veiktsp\u0113ju, neupur\u0113jot komfortu.<\/p>\n<h4><b>Sp\u0113l\u0113 ilg\u0101k, ar maz\u0101ku piep\u016bli<\/b><\/h4>\n<p>&nbsp;<\/p>\n<p class=\"p3\">Cloud versijas liel\u0101k\u0101 priek\u0161roc\u012bba ir t\u0101s <span class=\"s2\"><b>\u0113rta un viegla sp\u0113l\u0113\u0161ana<\/b><\/span>, kas samazina vibr\u0101cijas katr\u0101 saskarsm\u0113. Tas uzlabo sp\u0113les pieredzi un pal\u012bdz mazin\u0101t nogurumu un iesp\u0113jam\u0101s ne\u0113rt\u012bbas.<\/p>\n<p class=\"p3\">M\u012bksta saj\u016bta un <span class=\"s2\"><b>New Blue Soft EVA<\/b><\/span> kodols nodro\u0161ina m\u012bkstu sitiena kontaktu, kas garant\u0113 <span class=\"s2\"><b>piln\u012bgu kontroli aizsardz\u012bb\u0101<\/b><\/span> un <span class=\"s2\"><b>dinamisku atbildi uzbrukum\u0101<\/b><\/span>.<\/p>\n<h4><b>Izcelt\u0101s tehnolo\u0123ijas un \u012bpa\u0161\u012bbas<\/b><\/h4>\n<ul>\n<li>\n<p class=\"p1\"><span class=\"s1\"><b>Dinamisk\u0101 jauda<\/b><\/span> \u2013 p\u0101rv\u0113r\u0161 kust\u012bbas \u0101trumu ener\u0123ij\u0101 prec\u012bz\u0101kiem un spr\u0101dzienb\u012bstam\u0101kiem sitieniem<\/p>\n<\/li>\n<li>\n<p class=\"p1\"><span class=\"s1\"><b>Hibr\u012bda apa\u013ca forma<\/b><\/span> \u2013 liel\u0101ka optim\u0101l\u0101 sitiena zona un l\u012bdzsvars starp kontroli un jaudu<\/p>\n<\/li>\n<li>\n<p class=\"p1\"><span class=\"s1\"><b>Stikla \u0161\u0137iedras konstrukcija<\/b><\/span> \u2013 elast\u012bba un \u0113rt\u0101ka saj\u016bta<\/p>\n<\/li>\n<li>\n<p class=\"p1\"><span class=\"s1\"><b>New Blue Soft EVA kodols<\/b><\/span> \u2013 uzlabots komforts, vibr\u0101ciju sl\u0101p\u0113\u0161ana un bumbas atl\u0113ciens<\/p>\n<\/li>\n<li>\n<p class=\"p1\"><span class=\"s1\"><b>Zems l\u012bdzsvars<\/b><\/span> \u2013 liel\u0101ka manevr\u0113tsp\u0113ja un maz\u0101ka piep\u016ble katr\u0101 sitien\u0101<\/p>\n<\/li>\n<li>\n<p class=\"p1\"><span class=\"s1\"><b>3D Grain raupja virsma<\/b><\/span> \u2013 lab\u0101ka bumbas kontrole un viegl\u0101ka spina pie\u0161\u0137ir\u0161ana<\/p>\n<\/li>\n<li>\n<p class=\"p1\"><span class=\"s1\"><b>Svars:<\/b><\/span> 365\u2013375 g<\/p>\n<\/li>\n<li>\n<p class=\"p1\"><span class=\"s1\"><b>Profils:<\/b><\/span> 38 mm \u2013 profesion\u0101li izm\u0113ri pieredz\u0113ju\u0161am sp\u0113l\u0113t\u0101jam<\/p>\n<\/li>\n<\/ul>\n<h4><b>\u0112rta veiktsp\u0113ja pieredz\u0113ju\u0161am sp\u0113l\u0113t\u0101jam<\/b><\/h4>\n<p>&nbsp;<\/p>\n<p class=\"p3\">Bullpadel Hack 04 Hybrid Cloud ir ide\u0101la izv\u0113le sp\u0113l\u0113t\u0101jam, kur\u0161 mekl\u0113 <span class=\"s2\"><b>kontrol\u0113tu un pl\u016bsto\u0161u jaudu<\/b><\/span>, samazin\u0101tas vibr\u0101cijas un iesp\u0113ju sp\u0113l\u0113t augst\u0101 l\u012bmen\u012b ilg\u0101kus ma\u010dus bez p\u0101rm\u0113r\u012bgas slodzes.<\/p>\n","protected":false},"excerpt":{"rendered":"<p>Bullpadel Hack 04 Hybrid Cloud \u2013 dinamiska jauda jaun\u0101 veid\u0101 &nbsp; Bullpadel Hack 04 Hybrid Cloud no jauna defin\u0113 jaudu padel\u0101. Neapstr\u0101d\u0101tas jaudas viet\u0101 \u0161is modelis koncentr\u0113jas uz dinamisku jaudu, kur sp\u0113l\u0113t\u0101ja kust\u012bbas \u0101trums p\u0101rv\u0113r\u0161as kin\u0113tiskaj\u0101 ener\u0123ij\u0101 \u2013 rezult\u0101t\u0101 ieg\u016bstot pl\u016bsto\u0161\u0101kus, prec\u012bz\u0101kus un jaud\u012bg\u0101kus sitienus. Noapa\u013cota hibr\u012bda forma un zems l\u012bdzsvars padara to par daudzpus\u012bgu [&hellip;]<\/p>\n","protected":false},"featured_media":70248,"comment_status":"open","ping_status":"closed","template":"","meta":{"_eb_attr":""},"product_brand":[336],"product_cat":[337,251,331,284],"product_tag":[],"class_list":{"0":"post-70247","1":"product","2":"type-product","3":"status-publish","4":"has-post-thumbnail","6":"product_brand-bullpadel","7":"product_cat-bullpadel","8":"product_cat-padela-raketes","9":"product_cat-videjais-limenis","10":"product_cat-viriesi","11":"pa_kaal-360-375g","12":"pa_kuju-piliens","13":"pa_mangustiil-hibrids","14":"pa_tasakaal-zems","15":"pa_tase-pieredzejusi","16":"pa_tase-videjais-limenis","17":"pa_varv-peleks","20":"first","21":"instock","22":"sale","23":"taxable","24":"shipping-taxable","25":"purchasable","26":"product-type-simple"},"yoast_head":"<!-- This site is optimized with the Yoast SEO Premium plugin v27.1 (Yoast SEO v27.1.1) - https:\/\/yoast.com\/product\/yoast-seo-premium-wordpress\/ -->\n<title>Bullpadel Hack 04 Hybrid Cloud 2026 | Test Padelhaus<\/title>\n<meta name=\"description\" content=\"Mekl\u0113 jaunu padela raketi par labu cenu? Padelhaus pied\u0101v\u0101 lab\u0101ko padela rake\u00f0u izv\u0113li visiem l\u012bme\u0146iem \u2013 tava padela apr\u012bkojuma m\u0101jas.\" \/>\n<meta name=\"robots\" content=\"noindex, follow, max-snippet:-1, max-image-preview:large, max-video-preview:-1\" \/>\n<meta property=\"og:locale\" content=\"lv_LV\" \/>\n<meta property=\"og:type\" content=\"article\" \/>\n<meta property=\"og:title\" content=\"Bullpadel Hack 04 Hybrid Cloud 2026\" \/>\n<meta property=\"og:description\" content=\"Mekl\u0113 jaunu padela raketi par labu cenu? Padelhaus pied\u0101v\u0101 lab\u0101ko padela rake\u00f0u izv\u0113li visiem l\u012bme\u0146iem \u2013 tava padela apr\u012bkojuma m\u0101jas.\" \/>\n<meta property=\"og:url\" content=\"https:\/\/padelhaus.mustlammas-dev.in\/lv\/veikals\/bullpadel-hack-04-hybrid-cloud-2026\/\" \/>\n<meta property=\"og:site_name\" content=\"Test Padelhaus\" \/>\n<meta property=\"article:modified_time\" content=\"2026-02-10T11:15:43+00:00\" \/>\n<meta property=\"og:image\" content=\"https:\/\/padelhaus.lv\/wp-content\/uploads\/2026\/02\/2-1.webp\" \/>\n\t<meta property=\"og:image:width\" content=\"1000\" \/>\n\t<meta property=\"og:image:height\" content=\"1000\" \/>\n\t<meta property=\"og:image:type\" content=\"image\/webp\" \/>\n<meta name=\"twitter:card\" content=\"summary_large_image\" \/>\n<meta name=\"twitter:label1\" content=\"Price\" \/>\n\t<meta name=\"twitter:data1\" content=\"199,95&nbsp;&euro;\" \/>\n\t<meta name=\"twitter:label2\" content=\"Availability\" \/>\n\t<meta name=\"twitter:data2\" content=\"In stock\" \/>\n<script type=\"application\/ld+json\" class=\"yoast-schema-graph\">{\"@context\":\"https:\/\/schema.org\",\"@graph\":[{\"@type\":[\"WebPage\",\"ItemPage\"],\"@id\":\"https:\/\/padelhaus.mustlammas-dev.in\/lv\/veikals\/bullpadel-hack-04-hybrid-cloud-2026\/\",\"url\":\"https:\/\/padelhaus.mustlammas-dev.in\/lv\/veikals\/bullpadel-hack-04-hybrid-cloud-2026\/\",\"name\":\"Bullpadel Hack 04 Hybrid Cloud 2026 | Test Padelhaus\",\"isPartOf\":{\"@id\":\"https:\/\/padelhaus.mustlammas-dev.in\/lv\/#website\"},\"primaryImageOfPage\":{\"@id\":\"https:\/\/padelhaus.mustlammas-dev.in\/lv\/veikals\/bullpadel-hack-04-hybrid-cloud-2026\/#primaryimage\"},\"image\":{\"@id\":\"https:\/\/padelhaus.mustlammas-dev.in\/lv\/veikals\/bullpadel-hack-04-hybrid-cloud-2026\/#primaryimage\"},\"thumbnailUrl\":\"https:\/\/padelhaus.mustlammas-dev.in\/wp-content\/uploads\/2026\/02\/2-1.webp\",\"datePublished\":\"2026-02-09T16:16:25+00:00\",\"dateModified\":\"2026-02-10T11:15:43+00:00\",\"description\":\"Mekl\u0113 jaunu padela raketi par labu cenu? Padelhaus pied\u0101v\u0101 lab\u0101ko padela rake\u00f0u izv\u0113li visiem l\u012bme\u0146iem \u2013 tava padela apr\u012bkojuma m\u0101jas.\",\"breadcrumb\":{\"@id\":\"https:\/\/padelhaus.mustlammas-dev.in\/lv\/veikals\/bullpadel-hack-04-hybrid-cloud-2026\/#breadcrumb\"},\"inLanguage\":\"lv-LV\",\"potentialAction\":[{\"@type\":\"ReadAction\",\"target\":[\"https:\/\/padelhaus.mustlammas-dev.in\/lv\/veikals\/bullpadel-hack-04-hybrid-cloud-2026\/\"]}]},{\"@type\":\"ImageObject\",\"inLanguage\":\"lv-LV\",\"@id\":\"https:\/\/padelhaus.mustlammas-dev.in\/lv\/veikals\/bullpadel-hack-04-hybrid-cloud-2026\/#primaryimage\",\"url\":\"https:\/\/padelhaus.mustlammas-dev.in\/wp-content\/uploads\/2026\/02\/2-1.webp\",\"contentUrl\":\"https:\/\/padelhaus.mustlammas-dev.in\/wp-content\/uploads\/2026\/02\/2-1.webp\",\"width\":1000,\"height\":1000},{\"@type\":\"BreadcrumbList\",\"@id\":\"https:\/\/padelhaus.mustlammas-dev.in\/lv\/veikals\/bullpadel-hack-04-hybrid-cloud-2026\/#breadcrumb\",\"itemListElement\":[{\"@type\":\"ListItem\",\"position\":1,\"name\":\"S\u0101kumlapa\",\"item\":\"https:\/\/padelhaus.lv\/\"},{\"@type\":\"ListItem\",\"position\":2,\"name\":\"Veikals\",\"item\":\"https:\/\/padelhaus.lv\/veikals\/\"},{\"@type\":\"ListItem\",\"position\":3,\"name\":\"Bullpadel Hack 04 Hybrid Cloud 2026\"}]},{\"@type\":\"WebSite\",\"@id\":\"https:\/\/padelhaus.mustlammas-dev.in\/lv\/#website\",\"url\":\"https:\/\/padelhaus.mustlammas-dev.in\/lv\/\",\"name\":\"Claude Padelhaus\",\"description\":\"Sinu padelivarustuse kodu\",\"publisher\":{\"@id\":\"https:\/\/padelhaus.mustlammas-dev.in\/lv\/#organization\"},\"potentialAction\":[{\"@type\":\"SearchAction\",\"target\":{\"@type\":\"EntryPoint\",\"urlTemplate\":\"https:\/\/padelhaus.mustlammas-dev.in\/lv\/?s={search_term_string}\"},\"query-input\":{\"@type\":\"PropertyValueSpecification\",\"valueRequired\":true,\"valueName\":\"search_term_string\"}}],\"inLanguage\":\"lv-LV\"},{\"@type\":\"Organization\",\"@id\":\"https:\/\/padelhaus.mustlammas-dev.in\/lv\/#organization\",\"name\":\"Claude Padelhaus\",\"url\":\"https:\/\/padelhaus.mustlammas-dev.in\/lv\/\",\"logo\":{\"@type\":\"ImageObject\",\"inLanguage\":\"lv-LV\",\"@id\":\"https:\/\/padelhaus.mustlammas-dev.in\/lv\/#\/schema\/logo\/image\/\",\"url\":\"https:\/\/padelhaus.mustlammas-dev.in\/wp-content\/uploads\/2025\/05\/Logo-1.png\",\"contentUrl\":\"https:\/\/padelhaus.mustlammas-dev.in\/wp-content\/uploads\/2025\/05\/Logo-1.png\",\"width\":280,\"height\":115,\"caption\":\"Claude Padelhaus\"},\"image\":{\"@id\":\"https:\/\/padelhaus.mustlammas-dev.in\/lv\/#\/schema\/logo\/image\/\"}}]}<\/script>\n<meta property=\"product:price:amount\" content=\"199.95\" \/>\n<meta property=\"product:price:currency\" content=\"EUR\" \/>\n<meta property=\"og:availability\" content=\"instock\" \/>\n<meta property=\"product:availability\" content=\"instock\" \/>\n<meta property=\"product:retailer_item_id\" content=\"BUL-R-47\" \/>\n<meta property=\"product:condition\" content=\"new\" \/>\n<!-- \/ Yoast SEO Premium plugin. -->","yoast_head_json":{"title":"Bullpadel Hack 04 Hybrid Cloud 2026 | Test Padelhaus","description":"Mekl\u0113 jaunu padela raketi par labu cenu? Padelhaus pied\u0101v\u0101 lab\u0101ko padela rake\u00f0u izv\u0113li visiem l\u012bme\u0146iem \u2013 tava padela apr\u012bkojuma m\u0101jas.","robots":{"index":"noindex","follow":"follow","max-snippet":"max-snippet:-1","max-image-preview":"max-image-preview:large","max-video-preview":"max-video-preview:-1"},"og_locale":"lv_LV","og_type":"article","og_title":"Bullpadel Hack 04 Hybrid Cloud 2026","og_description":"Mekl\u0113 jaunu padela raketi par labu cenu? Padelhaus pied\u0101v\u0101 lab\u0101ko padela rake\u00f0u izv\u0113li visiem l\u012bme\u0146iem \u2013 tava padela apr\u012bkojuma m\u0101jas.","og_url":"https:\/\/padelhaus.mustlammas-dev.in\/lv\/veikals\/bullpadel-hack-04-hybrid-cloud-2026\/","og_site_name":"Test Padelhaus","article_modified_time":"2026-02-10T11:15:43+00:00","og_image":[{"width":1000,"height":1000,"url":"https:\/\/padelhaus.lv\/wp-content\/uploads\/2026\/02\/2-1.webp","type":"image\/webp"}],"twitter_card":"summary_large_image","twitter_misc":{"Price":"199,95&nbsp;&euro;","Availability":"In stock"},"schema":{"@context":"https:\/\/schema.org","@graph":[{"@type":["WebPage","ItemPage"],"@id":"https:\/\/padelhaus.mustlammas-dev.in\/lv\/veikals\/bullpadel-hack-04-hybrid-cloud-2026\/","url":"https:\/\/padelhaus.mustlammas-dev.in\/lv\/veikals\/bullpadel-hack-04-hybrid-cloud-2026\/","name":"Bullpadel Hack 04 Hybrid Cloud 2026 | Test Padelhaus","isPartOf":{"@id":"https:\/\/padelhaus.mustlammas-dev.in\/lv\/#website"},"primaryImageOfPage":{"@id":"https:\/\/padelhaus.mustlammas-dev.in\/lv\/veikals\/bullpadel-hack-04-hybrid-cloud-2026\/#primaryimage"},"image":{"@id":"https:\/\/padelhaus.mustlammas-dev.in\/lv\/veikals\/bullpadel-hack-04-hybrid-cloud-2026\/#primaryimage"},"thumbnailUrl":"https:\/\/padelhaus.mustlammas-dev.in\/wp-content\/uploads\/2026\/02\/2-1.webp","datePublished":"2026-02-09T16:16:25+00:00","dateModified":"2026-02-10T11:15:43+00:00","description":"Mekl\u0113 jaunu padela raketi par labu cenu? Padelhaus pied\u0101v\u0101 lab\u0101ko padela rake\u00f0u izv\u0113li visiem l\u012bme\u0146iem \u2013 tava padela apr\u012bkojuma m\u0101jas.","breadcrumb":{"@id":"https:\/\/padelhaus.mustlammas-dev.in\/lv\/veikals\/bullpadel-hack-04-hybrid-cloud-2026\/#breadcrumb"},"inLanguage":"lv-LV","potentialAction":[{"@type":"ReadAction","target":["https:\/\/padelhaus.mustlammas-dev.in\/lv\/veikals\/bullpadel-hack-04-hybrid-cloud-2026\/"]}]},{"@type":"ImageObject","inLanguage":"lv-LV","@id":"https:\/\/padelhaus.mustlammas-dev.in\/lv\/veikals\/bullpadel-hack-04-hybrid-cloud-2026\/#primaryimage","url":"https:\/\/padelhaus.mustlammas-dev.in\/wp-content\/uploads\/2026\/02\/2-1.webp","contentUrl":"https:\/\/padelhaus.mustlammas-dev.in\/wp-content\/uploads\/2026\/02\/2-1.webp","width":1000,"height":1000},{"@type":"BreadcrumbList","@id":"https:\/\/padelhaus.mustlammas-dev.in\/lv\/veikals\/bullpadel-hack-04-hybrid-cloud-2026\/#breadcrumb","itemListElement":[{"@type":"ListItem","position":1,"name":"S\u0101kumlapa","item":"https:\/\/padelhaus.lv\/"},{"@type":"ListItem","position":2,"name":"Veikals","item":"https:\/\/padelhaus.lv\/veikals\/"},{"@type":"ListItem","position":3,"name":"Bullpadel Hack 04 Hybrid Cloud 2026"}]},{"@type":"WebSite","@id":"https:\/\/padelhaus.mustlammas-dev.in\/lv\/#website","url":"https:\/\/padelhaus.mustlammas-dev.in\/lv\/","name":"Claude Padelhaus","description":"Sinu padelivarustuse kodu","publisher":{"@id":"https:\/\/padelhaus.mustlammas-dev.in\/lv\/#organization"},"potentialAction":[{"@type":"SearchAction","target":{"@type":"EntryPoint","urlTemplate":"https:\/\/padelhaus.mustlammas-dev.in\/lv\/?s={search_term_string}"},"query-input":{"@type":"PropertyValueSpecification","valueRequired":true,"valueName":"search_term_string"}}],"inLanguage":"lv-LV"},{"@type":"Organization","@id":"https:\/\/padelhaus.mustlammas-dev.in\/lv\/#organization","name":"Claude Padelhaus","url":"https:\/\/padelhaus.mustlammas-dev.in\/lv\/","logo":{"@type":"ImageObject","inLanguage":"lv-LV","@id":"https:\/\/padelhaus.mustlammas-dev.in\/lv\/#\/schema\/logo\/image\/","url":"https:\/\/padelhaus.mustlammas-dev.in\/wp-content\/uploads\/2025\/05\/Logo-1.png","contentUrl":"https:\/\/padelhaus.mustlammas-dev.in\/wp-content\/uploads\/2025\/05\/Logo-1.png","width":280,"height":115,"caption":"Claude Padelhaus"},"image":{"@id":"https:\/\/padelhaus.mustlammas-dev.in\/lv\/#\/schema\/logo\/image\/"}}]},"product_price_amount":"199.95","product_price_currency":"EUR","og_availability":"instock","product_availability":"instock","product_retailer_item_id":"BUL-R-47","product_condition":"new"},"_links":{"self":[{"href":"https:\/\/padelhaus.mustlammas-dev.in\/lv\/wp-json\/wp\/v2\/product\/70247","targetHints":{"allow":["GET"]}}],"collection":[{"href":"https:\/\/padelhaus.mustlammas-dev.in\/lv\/wp-json\/wp\/v2\/product"}],"about":[{"href":"https:\/\/padelhaus.mustlammas-dev.in\/lv\/wp-json\/wp\/v2\/types\/product"}],"replies":[{"embeddable":true,"href":"https:\/\/padelhaus.mustlammas-dev.in\/lv\/wp-json\/wp\/v2\/comments?post=70247"}],"wp:featuredmedia":[{"embeddable":true,"href":"https:\/\/padelhaus.mustlammas-dev.in\/lv\/wp-json\/wp\/v2\/media\/70248"}],"wp:attachment":[{"href":"https:\/\/padelhaus.mustlammas-dev.in\/lv\/wp-json\/wp\/v2\/media?parent=70247"}],"wp:term":[{"taxonomy":"product_brand","embeddable":true,"href":"https:\/\/padelhaus.mustlammas-dev.in\/lv\/wp-json\/wp\/v2\/product_brand?post=70247"},{"taxonomy":"product_cat","embeddable":true,"href":"https:\/\/padelhaus.mustlammas-dev.in\/lv\/wp-json\/wp\/v2\/product_cat?post=70247"},{"taxonomy":"product_tag","embeddable":true,"href":"https:\/\/padelhaus.mustlammas-dev.in\/lv\/wp-json\/wp\/v2\/product_tag?post=70247"}],"curies":[{"name":"wp","href":"https:\/\/api.w.org\/{rel}","templated":true}]}}