{"id":70389,"date":"2026-02-13T16:33:10","date_gmt":"2026-02-13T14:33:10","guid":{"rendered":"https:\/\/padelhaus.mustlammas-dev.in\/pood\/head-coello-vibe-2026\/"},"modified":"2026-02-13T17:54:34","modified_gmt":"2026-02-13T15:54:34","slug":"head-coello-vibe-2026","status":"publish","type":"product","link":"https:\/\/padelhaus.mustlammas-dev.in\/lv\/veikals\/head-coello-vibe-2026\/","title":{"rendered":"Head Coello Vibe 2026"},"content":{"rendered":"<h4><b>Head Coello Vibe 2026 \u2013 izcila daudzpus\u012bba<\/b><\/h4>\n<p>&nbsp;<\/p>\n<p class=\"p3\"><span class=\"s2\"><b>Head Coello Vibe 2026<\/b><\/span> ir rad\u012bta, lai sniegtu lieliskas un efekt\u012bvas saj\u016btas jau no pirm\u0101s sp\u0113les. T\u0101s <span class=\"s2\"><b>oversize asaras forma<\/b><\/span> un <span class=\"s2\"><b>vid\u0113jais balanss<\/b><\/span> iev\u0113rojami papla\u0161ina optim\u0101lo tr\u0101p\u012bjuma zonu, pal\u012bdzot atgriezt vair\u0101k bumbu laukum\u0101 pat tad, ja kontakts nav ide\u0101ls. <\/p>\n<p class=\"p3\">Aptuveni <span class=\"s2\"><b>355 gramu svars<\/b><\/span> pie\u0161\u0137ir sitieniem inerci, veicinot dzi\u013c\u0101kus un jaud\u012bg\u0101kus bumbas lidojumus. Vid\u0113jais balanss rada labu stabilit\u0101tes un manevr\u0113tsp\u0113jas kombin\u0101ciju. <span class=\"s2\"><b>Fiberglass virsma<\/b><\/span> pied\u0101v\u0101 elast\u012bg\u0101ku un \u0113rt\u0101ku saj\u016btu, nodro\u0161inot jaudu bez nepiecie\u0161am\u012bbas p\u0113c progres\u012bvas tehnikas. <\/p>\n<p class=\"p3\">Ekskluz\u012bvais dizains ietver <span class=\"s2\"><b>Coello parakstu un logo<\/b><\/span>, pie\u0161\u0137irot raketei person\u012bbu un modernu, elegantu izskatu laukum\u0101.<\/p>\n<p class=\"p1\">\n<h4><b>Coello Vibe \u2013 ies\u0101c\u0113jam sp\u0113l\u0113t\u0101jam<\/b><\/h4>\n<p>&nbsp;<\/p>\n<p class=\"p3\">\u0160is Head 2026 modelis ir paredz\u0113ts galvenok\u0101rt <span class=\"s2\"><b>ies\u0101c\u0113jiem un amatieriem<\/b><\/span>, kuri v\u0113las \u0101tri progres\u0113t. Piedodo\u0161\u0101 vad\u0101m\u012bba pal\u012bdz samazin\u0101t nepiespiest\u0101s k\u013c\u016bdas un vairo p\u0101rliec\u012bbu katr\u0101 sitien\u0101, \u012bpa\u0161i sp\u0113l\u0113jot aizsardz\u012bb\u0101 no laukuma aizmugures. <\/p>\n<p class=\"p3\">Ide\u0101li piem\u0113rota tiem, kuri tikko s\u0101k sp\u0113l\u0113t padelu vai dod priek\u0161roku komfortam, nevis tehnisk\u0101m pras\u012bb\u0101m. Pla\u0161\u0101 optim\u0101l\u0101 zona pal\u012bdz uzlabot bumbas kontroli pie t\u012bkla un atvieglo smash sitienu izpildi bez \u013coti eksploz\u012bv\u0101m kust\u012bb\u0101m. T\u0101pat t\u0101 ir lieliska izv\u0113le sp\u0113l\u0113t\u0101jam, kur\u0161 mekl\u0113 daudzpus\u012bgu, \u0113rtu un labi vad\u0101mu raketi gar\u0101k\u0101m sp\u0113l\u0113m.  <\/p>\n<p class=\"p1\">\n<h4><b>Galven\u0101s tehnolo\u0123ijas<\/b><\/h4>\n<p class=\"p1\">\n<ul>\n<li>\n<p class=\"p1\"><span class=\"s1\"><b>Fiberglass sitiena virsma<\/b><\/span> \u2013 m\u012bksta saj\u016bta un viegls bumbas lidojums<\/p>\n<\/li>\n<li>\n<p class=\"p1\"><span class=\"s1\"><b>Reactive Power Foam<\/b><\/span> \u2013 gumijas kodols, kas palielina bumbas \u0101trumu<\/p>\n<\/li>\n<li>\n<p class=\"p1\"><span class=\"s1\"><b>Innegra\u2122 tehnolo\u0123ija<\/b><\/span> \u2013 vibr\u0101ciju sl\u0101p\u0113\u0161ana un lab\u0101ka stabilit\u0101te<\/p>\n<\/li>\n<li>\n<p class=\"p1\"><span class=\"s1\"><b>Tailored Frame<\/b><\/span> \u2013 maksim\u0101li palielina optim\u0101lo zonu un k\u013c\u016bdu piedo\u0161anu<\/p>\n<\/li>\n<li>\n<p class=\"p1\"><span class=\"s1\"><b>Power Stabilizer<\/b><\/span> \u2013 liel\u0101ka stingr\u012bba un stabilit\u0101te jaud\u012bgos sitienos<\/p>\n<\/li>\n<li>\n<p class=\"p1\"><span class=\"s1\"><b>Power Frame<\/b><\/span> \u2013 optimiz\u0113ta jaudas \u0123ener\u0113\u0161ana<\/p>\n<\/li>\n<li>\n<p class=\"p1\"><span class=\"s1\"><b>Integrated Protection System (IPS)<\/b><\/span> \u2013 oglek\u013ca aizsardz\u012bba pret triecieniem un skr\u0101p\u0113jumiem<\/p>\n<\/li>\n<li>\n<p class=\"p1\"><span class=\"s1\"><b>Gluda virsma<\/b><\/span> \u2013 t\u012brs un kontrol\u0113ts kontakts ar bumbu<\/p>\n<\/li>\n<\/ul>\n","protected":false},"excerpt":{"rendered":"<p>Head Coello Vibe 2026 \u2013 izcila daudzpus\u012bba &nbsp; Head Coello Vibe 2026 ir rad\u012bta, lai sniegtu lieliskas un efekt\u012bvas saj\u016btas jau no pirm\u0101s sp\u0113les. T\u0101s oversize asaras forma un vid\u0113jais balanss iev\u0113rojami papla\u0161ina optim\u0101lo tr\u0101p\u012bjuma zonu, pal\u012bdzot atgriezt vair\u0101k bumbu laukum\u0101 pat tad, ja kontakts nav ide\u0101ls. Aptuveni 355 gramu svars pie\u0161\u0137ir sitieniem inerci, veicinot [&hellip;]<\/p>\n","protected":false},"featured_media":70390,"comment_status":"open","ping_status":"closed","template":"","meta":{"_eb_attr":""},"product_brand":[313],"product_cat":[314,261,251],"product_tag":[],"class_list":{"0":"post-70389","1":"product","2":"type-product","3":"status-publish","4":"has-post-thumbnail","6":"product_brand-head","7":"product_cat-head","8":"product_cat-iesaceji","9":"product_cat-padela-raketes","10":"pa_kaal-355g","11":"pa_kuju-piliens","12":"pa_mangustiil-hibrids","13":"pa_tasakaal-centra","14":"pa_tase-iesacejs","15":"pa_varv-bruns","16":"pa_varv-melns","19":"first","20":"onbackorder","21":"sale","22":"taxable","23":"shipping-taxable","24":"purchasable","25":"product-type-simple"},"yoast_head":"<!-- This site is optimized with the Yoast SEO Premium plugin v27.1 (Yoast SEO v27.1.1) - https:\/\/yoast.com\/product\/yoast-seo-premium-wordpress\/ -->\n<title>Head Coello Vibe 2026 | Test Padelhaus<\/title>\n<meta name=\"description\" content=\"Mekl\u0113 jaunu padela raketi par labu cenu? Padelhaus pied\u0101v\u0101 lab\u0101ko padela rake\u00f0u izv\u0113li visiem l\u012bme\u0146iem \u2013 tava padela apr\u012bkojuma m\u0101jas.\" \/>\n<meta name=\"robots\" content=\"noindex, follow, max-snippet:-1, max-image-preview:large, max-video-preview:-1\" \/>\n<meta property=\"og:locale\" content=\"lv_LV\" \/>\n<meta property=\"og:type\" content=\"article\" \/>\n<meta property=\"og:title\" content=\"Head Coello Vibe 2026\" \/>\n<meta property=\"og:description\" content=\"Mekl\u0113 jaunu padela raketi par labu cenu? Padelhaus pied\u0101v\u0101 lab\u0101ko padela rake\u00f0u izv\u0113li visiem l\u012bme\u0146iem \u2013 tava padela apr\u012bkojuma m\u0101jas.\" \/>\n<meta property=\"og:url\" content=\"https:\/\/padelhaus.mustlammas-dev.in\/lv\/veikals\/head-coello-vibe-2026\/\" \/>\n<meta property=\"og:site_name\" content=\"Test Padelhaus\" \/>\n<meta property=\"article:modified_time\" content=\"2026-02-13T15:54:34+00:00\" \/>\n<meta property=\"og:image\" content=\"https:\/\/padelhaus.lv\/wp-content\/uploads\/2026\/02\/12-2.webp\" \/>\n\t<meta property=\"og:image:width\" content=\"1000\" \/>\n\t<meta property=\"og:image:height\" content=\"1000\" \/>\n\t<meta property=\"og:image:type\" content=\"image\/webp\" \/>\n<meta name=\"twitter:card\" content=\"summary_large_image\" \/>\n<meta name=\"twitter:label1\" content=\"Price\" \/>\n\t<meta name=\"twitter:data1\" content=\"129,95&nbsp;&euro;\" \/>\n\t<meta name=\"twitter:label2\" content=\"Availability\" \/>\n\t<meta name=\"twitter:data2\" content=\"On backorder\" \/>\n<script type=\"application\/ld+json\" class=\"yoast-schema-graph\">{\"@context\":\"https:\/\/schema.org\",\"@graph\":[{\"@type\":[\"WebPage\",\"ItemPage\"],\"@id\":\"https:\/\/padelhaus.mustlammas-dev.in\/lv\/veikals\/head-coello-vibe-2026\/\",\"url\":\"https:\/\/padelhaus.mustlammas-dev.in\/lv\/veikals\/head-coello-vibe-2026\/\",\"name\":\"Head Coello Vibe 2026 | Test Padelhaus\",\"isPartOf\":{\"@id\":\"https:\/\/padelhaus.mustlammas-dev.in\/lv\/#website\"},\"primaryImageOfPage\":{\"@id\":\"https:\/\/padelhaus.mustlammas-dev.in\/lv\/veikals\/head-coello-vibe-2026\/#primaryimage\"},\"image\":{\"@id\":\"https:\/\/padelhaus.mustlammas-dev.in\/lv\/veikals\/head-coello-vibe-2026\/#primaryimage\"},\"thumbnailUrl\":\"https:\/\/padelhaus.mustlammas-dev.in\/wp-content\/uploads\/2026\/02\/12-2.webp\",\"datePublished\":\"2026-02-13T14:33:10+00:00\",\"dateModified\":\"2026-02-13T15:54:34+00:00\",\"description\":\"Mekl\u0113 jaunu padela raketi par labu cenu? Padelhaus pied\u0101v\u0101 lab\u0101ko padela rake\u00f0u izv\u0113li visiem l\u012bme\u0146iem \u2013 tava padela apr\u012bkojuma m\u0101jas.\",\"breadcrumb\":{\"@id\":\"https:\/\/padelhaus.mustlammas-dev.in\/lv\/veikals\/head-coello-vibe-2026\/#breadcrumb\"},\"inLanguage\":\"lv-LV\",\"potentialAction\":[{\"@type\":\"ReadAction\",\"target\":[\"https:\/\/padelhaus.mustlammas-dev.in\/lv\/veikals\/head-coello-vibe-2026\/\"]}]},{\"@type\":\"ImageObject\",\"inLanguage\":\"lv-LV\",\"@id\":\"https:\/\/padelhaus.mustlammas-dev.in\/lv\/veikals\/head-coello-vibe-2026\/#primaryimage\",\"url\":\"https:\/\/padelhaus.mustlammas-dev.in\/wp-content\/uploads\/2026\/02\/12-2.webp\",\"contentUrl\":\"https:\/\/padelhaus.mustlammas-dev.in\/wp-content\/uploads\/2026\/02\/12-2.webp\",\"width\":1000,\"height\":1000},{\"@type\":\"BreadcrumbList\",\"@id\":\"https:\/\/padelhaus.mustlammas-dev.in\/lv\/veikals\/head-coello-vibe-2026\/#breadcrumb\",\"itemListElement\":[{\"@type\":\"ListItem\",\"position\":1,\"name\":\"S\u0101kumlapa\",\"item\":\"https:\/\/padelhaus.lv\/\"},{\"@type\":\"ListItem\",\"position\":2,\"name\":\"Veikals\",\"item\":\"https:\/\/padelhaus.lv\/veikals\/\"},{\"@type\":\"ListItem\",\"position\":3,\"name\":\"Head Coello Vibe 2026\"}]},{\"@type\":\"WebSite\",\"@id\":\"https:\/\/padelhaus.mustlammas-dev.in\/lv\/#website\",\"url\":\"https:\/\/padelhaus.mustlammas-dev.in\/lv\/\",\"name\":\"Claude Padelhaus\",\"description\":\"Sinu padelivarustuse kodu\",\"publisher\":{\"@id\":\"https:\/\/padelhaus.mustlammas-dev.in\/lv\/#organization\"},\"potentialAction\":[{\"@type\":\"SearchAction\",\"target\":{\"@type\":\"EntryPoint\",\"urlTemplate\":\"https:\/\/padelhaus.mustlammas-dev.in\/lv\/?s={search_term_string}\"},\"query-input\":{\"@type\":\"PropertyValueSpecification\",\"valueRequired\":true,\"valueName\":\"search_term_string\"}}],\"inLanguage\":\"lv-LV\"},{\"@type\":\"Organization\",\"@id\":\"https:\/\/padelhaus.mustlammas-dev.in\/lv\/#organization\",\"name\":\"Claude Padelhaus\",\"url\":\"https:\/\/padelhaus.mustlammas-dev.in\/lv\/\",\"logo\":{\"@type\":\"ImageObject\",\"inLanguage\":\"lv-LV\",\"@id\":\"https:\/\/padelhaus.mustlammas-dev.in\/lv\/#\/schema\/logo\/image\/\",\"url\":\"https:\/\/padelhaus.mustlammas-dev.in\/wp-content\/uploads\/2025\/05\/Logo-1.png\",\"contentUrl\":\"https:\/\/padelhaus.mustlammas-dev.in\/wp-content\/uploads\/2025\/05\/Logo-1.png\",\"width\":280,\"height\":115,\"caption\":\"Claude Padelhaus\"},\"image\":{\"@id\":\"https:\/\/padelhaus.mustlammas-dev.in\/lv\/#\/schema\/logo\/image\/\"}}]}<\/script>\n<meta property=\"product:price:amount\" content=\"129.95\" \/>\n<meta property=\"product:price:currency\" content=\"EUR\" \/>\n<meta property=\"og:availability\" content=\"backorder\" \/>\n<meta property=\"product:availability\" content=\"available for order\" \/>\n<meta property=\"product:retailer_item_id\" content=\"HEA-R-39\" \/>\n<meta property=\"product:condition\" content=\"new\" \/>\n<!-- \/ Yoast SEO Premium plugin. -->","yoast_head_json":{"title":"Head Coello Vibe 2026 | Test Padelhaus","description":"Mekl\u0113 jaunu padela raketi par labu cenu? Padelhaus pied\u0101v\u0101 lab\u0101ko padela rake\u00f0u izv\u0113li visiem l\u012bme\u0146iem \u2013 tava padela apr\u012bkojuma m\u0101jas.","robots":{"index":"noindex","follow":"follow","max-snippet":"max-snippet:-1","max-image-preview":"max-image-preview:large","max-video-preview":"max-video-preview:-1"},"og_locale":"lv_LV","og_type":"article","og_title":"Head Coello Vibe 2026","og_description":"Mekl\u0113 jaunu padela raketi par labu cenu? Padelhaus pied\u0101v\u0101 lab\u0101ko padela rake\u00f0u izv\u0113li visiem l\u012bme\u0146iem \u2013 tava padela apr\u012bkojuma m\u0101jas.","og_url":"https:\/\/padelhaus.mustlammas-dev.in\/lv\/veikals\/head-coello-vibe-2026\/","og_site_name":"Test Padelhaus","article_modified_time":"2026-02-13T15:54:34+00:00","og_image":[{"width":1000,"height":1000,"url":"https:\/\/padelhaus.lv\/wp-content\/uploads\/2026\/02\/12-2.webp","type":"image\/webp"}],"twitter_card":"summary_large_image","twitter_misc":{"Price":"129,95&nbsp;&euro;","Availability":"On backorder"},"schema":{"@context":"https:\/\/schema.org","@graph":[{"@type":["WebPage","ItemPage"],"@id":"https:\/\/padelhaus.mustlammas-dev.in\/lv\/veikals\/head-coello-vibe-2026\/","url":"https:\/\/padelhaus.mustlammas-dev.in\/lv\/veikals\/head-coello-vibe-2026\/","name":"Head Coello Vibe 2026 | Test Padelhaus","isPartOf":{"@id":"https:\/\/padelhaus.mustlammas-dev.in\/lv\/#website"},"primaryImageOfPage":{"@id":"https:\/\/padelhaus.mustlammas-dev.in\/lv\/veikals\/head-coello-vibe-2026\/#primaryimage"},"image":{"@id":"https:\/\/padelhaus.mustlammas-dev.in\/lv\/veikals\/head-coello-vibe-2026\/#primaryimage"},"thumbnailUrl":"https:\/\/padelhaus.mustlammas-dev.in\/wp-content\/uploads\/2026\/02\/12-2.webp","datePublished":"2026-02-13T14:33:10+00:00","dateModified":"2026-02-13T15:54:34+00:00","description":"Mekl\u0113 jaunu padela raketi par labu cenu? Padelhaus pied\u0101v\u0101 lab\u0101ko padela rake\u00f0u izv\u0113li visiem l\u012bme\u0146iem \u2013 tava padela apr\u012bkojuma m\u0101jas.","breadcrumb":{"@id":"https:\/\/padelhaus.mustlammas-dev.in\/lv\/veikals\/head-coello-vibe-2026\/#breadcrumb"},"inLanguage":"lv-LV","potentialAction":[{"@type":"ReadAction","target":["https:\/\/padelhaus.mustlammas-dev.in\/lv\/veikals\/head-coello-vibe-2026\/"]}]},{"@type":"ImageObject","inLanguage":"lv-LV","@id":"https:\/\/padelhaus.mustlammas-dev.in\/lv\/veikals\/head-coello-vibe-2026\/#primaryimage","url":"https:\/\/padelhaus.mustlammas-dev.in\/wp-content\/uploads\/2026\/02\/12-2.webp","contentUrl":"https:\/\/padelhaus.mustlammas-dev.in\/wp-content\/uploads\/2026\/02\/12-2.webp","width":1000,"height":1000},{"@type":"BreadcrumbList","@id":"https:\/\/padelhaus.mustlammas-dev.in\/lv\/veikals\/head-coello-vibe-2026\/#breadcrumb","itemListElement":[{"@type":"ListItem","position":1,"name":"S\u0101kumlapa","item":"https:\/\/padelhaus.lv\/"},{"@type":"ListItem","position":2,"name":"Veikals","item":"https:\/\/padelhaus.lv\/veikals\/"},{"@type":"ListItem","position":3,"name":"Head Coello Vibe 2026"}]},{"@type":"WebSite","@id":"https:\/\/padelhaus.mustlammas-dev.in\/lv\/#website","url":"https:\/\/padelhaus.mustlammas-dev.in\/lv\/","name":"Claude Padelhaus","description":"Sinu padelivarustuse kodu","publisher":{"@id":"https:\/\/padelhaus.mustlammas-dev.in\/lv\/#organization"},"potentialAction":[{"@type":"SearchAction","target":{"@type":"EntryPoint","urlTemplate":"https:\/\/padelhaus.mustlammas-dev.in\/lv\/?s={search_term_string}"},"query-input":{"@type":"PropertyValueSpecification","valueRequired":true,"valueName":"search_term_string"}}],"inLanguage":"lv-LV"},{"@type":"Organization","@id":"https:\/\/padelhaus.mustlammas-dev.in\/lv\/#organization","name":"Claude Padelhaus","url":"https:\/\/padelhaus.mustlammas-dev.in\/lv\/","logo":{"@type":"ImageObject","inLanguage":"lv-LV","@id":"https:\/\/padelhaus.mustlammas-dev.in\/lv\/#\/schema\/logo\/image\/","url":"https:\/\/padelhaus.mustlammas-dev.in\/wp-content\/uploads\/2025\/05\/Logo-1.png","contentUrl":"https:\/\/padelhaus.mustlammas-dev.in\/wp-content\/uploads\/2025\/05\/Logo-1.png","width":280,"height":115,"caption":"Claude Padelhaus"},"image":{"@id":"https:\/\/padelhaus.mustlammas-dev.in\/lv\/#\/schema\/logo\/image\/"}}]},"product_price_amount":"129.95","product_price_currency":"EUR","og_availability":"backorder","product_availability":"available for order","product_retailer_item_id":"HEA-R-39","product_condition":"new"},"_links":{"self":[{"href":"https:\/\/padelhaus.mustlammas-dev.in\/lv\/wp-json\/wp\/v2\/product\/70389","targetHints":{"allow":["GET"]}}],"collection":[{"href":"https:\/\/padelhaus.mustlammas-dev.in\/lv\/wp-json\/wp\/v2\/product"}],"about":[{"href":"https:\/\/padelhaus.mustlammas-dev.in\/lv\/wp-json\/wp\/v2\/types\/product"}],"replies":[{"embeddable":true,"href":"https:\/\/padelhaus.mustlammas-dev.in\/lv\/wp-json\/wp\/v2\/comments?post=70389"}],"wp:featuredmedia":[{"embeddable":true,"href":"https:\/\/padelhaus.mustlammas-dev.in\/lv\/wp-json\/wp\/v2\/media\/70390"}],"wp:attachment":[{"href":"https:\/\/padelhaus.mustlammas-dev.in\/lv\/wp-json\/wp\/v2\/media?parent=70389"}],"wp:term":[{"taxonomy":"product_brand","embeddable":true,"href":"https:\/\/padelhaus.mustlammas-dev.in\/lv\/wp-json\/wp\/v2\/product_brand?post=70389"},{"taxonomy":"product_cat","embeddable":true,"href":"https:\/\/padelhaus.mustlammas-dev.in\/lv\/wp-json\/wp\/v2\/product_cat?post=70389"},{"taxonomy":"product_tag","embeddable":true,"href":"https:\/\/padelhaus.mustlammas-dev.in\/lv\/wp-json\/wp\/v2\/product_tag?post=70389"}],"curies":[{"name":"wp","href":"https:\/\/api.w.org\/{rel}","templated":true}]}}