{"id":70402,"date":"2026-02-13T17:22:42","date_gmt":"2026-02-13T15:22:42","guid":{"rendered":"https:\/\/padelhaus.mustlammas-dev.in\/pood\/head-coello-pro-2026\/"},"modified":"2026-02-13T17:54:33","modified_gmt":"2026-02-13T15:54:33","slug":"head-coello-pro-2026","status":"publish","type":"product","link":"https:\/\/padelhaus.mustlammas-dev.in\/lv\/veikals\/head-coello-pro-2026\/","title":{"rendered":"Head Coello Pro 2026"},"content":{"rendered":"<h4><b>Head Coello Pro 2026 \u2013 maksim\u0101ls uzbrukuma sp\u0113ks<\/b><\/h4>\n<p>&nbsp;<\/p>\n<p class=\"p3\"><span class=\"s2\"><b>Head Coello Pro 2026<\/b><\/span> ir rakete, kas rad\u012bta, lai domin\u0113tu laukum\u0101 jau no pirm\u0101 sitiena. T\u0101 iemieso uzbrukuma sp\u0113li t\u0101s t\u012br\u0101kaj\u0101 form\u0101 un ir izstr\u0101d\u0101ta sadarb\u012bb\u0101 ar Arturo Koello profesion\u0101liem un pieredz\u0113ju\u0161iem sp\u0113l\u0113t\u0101jiem, kuri mekl\u0113 bezkompromisa sniegumu. <\/p>\n<p class=\"p1\">\n<h4><b>Dizains un veiktsp\u0113ja<\/b><\/h4>\n<p>&nbsp;<\/p>\n<p class=\"p3\"><span class=\"s2\"><b>Dimanta forma<\/b><\/span> apvienojum\u0101 ar <span class=\"s2\"><b>augstu balansu<\/b><\/span> nodro\u0161ina graujo\u0161u jaudu katr\u0101 sitien\u0101, \u012bpa\u0161i t\u0101dos sitienos no gaisa k\u0101 smash, v\u00edbora un uzbr\u016bko\u0161\u0101 bandeja. Aptuveni <span class=\"s2\"><b>370 gramu svars<\/b><\/span> sniedz p\u0101rliecino\u0161u un stabilu saj\u016btu \u2013 ide\u0101li piem\u0113rots sp\u0113l\u0113t\u0101jam, kur\u0161 dikt\u0113 tempu un vienm\u0113r sp\u0113l\u0113 uzbr\u016bko\u0161i. <\/p>\n<p class=\"p1\">\n<h4><b>Ekskluz\u012bvs izskats<\/b><\/h4>\n<p>&nbsp;<\/p>\n<p class=\"p3\">Premium dizains, kas nes Arturo Koello DNS. \u0160\u012b rakete izce\u013cas ne tikai ar savu jaudu, bet ar\u012b ar ekskluz\u012bvu est\u0113tiku. Koello kro\u0146a mot\u012bvs uzsver t\u0101s unik\u0101lo un konkur\u0113tsp\u0113j\u012bgo raksturu.  <\/p>\n<p class=\"p1\">\n<h4><b>Sp\u0113les saj\u016bta laukum\u0101<\/b><\/h4>\n<p>&nbsp;<\/p>\n<p class=\"p3\">Laukum\u0101 Head Coello Pro 2026 pied\u0101v\u0101 maksim\u0101las jaudas un kontroles kombin\u0101ciju, \u013caujot p\u0101rliecino\u0161i uzbrukt pat vispras\u012bg\u0101kaj\u0101s situ\u0101cij\u0101s. T\u0101 ir pras\u012bga rakete, kas piem\u0113rota tehniski nobriedu\u0161am sp\u0113l\u0113t\u0101jam, kur\u0161 v\u0113las pan\u0101kt izr\u0101vienu katr\u0101 punkt\u0101 un saglab\u0101t stabilit\u0101ti un precizit\u0101ti iz\u0161\u0137iro\u0161ajos br\u012b\u017eos. <\/p>\n<p class=\"p1\">\n<h4><b>Galven\u0101s \u012bpa\u0161\u012bbas un tehnolo\u0123ijas<\/b><\/h4>\n<p class=\"p1\">\n<ul>\n<li>\n<p class=\"p1\"><span class=\"s1\"><b>Dimanta forma<\/b><\/span> \u2013 augst\u0101ka &#8220;sweet spot&#8221; zona maksim\u0101lai jaudai<\/p>\n<\/li>\n<li>\n<p class=\"p1\"><span class=\"s1\"><b>Power Foam kodols<\/b><\/span> \u2013 reakt\u012bvas putas, kas palielina bumbas atsitienu un eksplozivit\u0101ti<\/p>\n<\/li>\n<li>\n<p class=\"p1\"><span class=\"s1\"><b>Extreme Spin raupja virsma<\/b><\/span> \u2013 lab\u0101ka grieziena pie\u0161\u0137ir\u0161ana un kontrole grieztajiem sitieniem<\/p>\n<\/li>\n<li>\n<p class=\"p1\"><span class=\"s1\"><b>Graphene Inside<\/b><\/span> \u2013 konstrukcijas pastiprin\u0101jums liel\u0101kai stabilit\u0101tei un optimiz\u0113tai ener\u0123ijas p\u0101rvadei<\/p>\n<\/li>\n<li>\n<p class=\"p1\"><span class=\"s1\"><b>Auxetic 2.0<\/b><\/span> \u2013 prec\u012bz\u0101ka reakcija un lab\u0101ka sitiena izj\u016bta<\/p>\n<\/li>\n<li>\n<p class=\"p1\"><span class=\"s1\"><b>CarbonHybrid<\/b><\/span> \u2013 l\u012bdzsvars starp stingr\u012bbu, kontroli un iztur\u012bbu<\/p>\n<\/li>\n<\/ul>\n","protected":false},"excerpt":{"rendered":"<p>Head Coello Pro 2026 \u2013 maksim\u0101ls uzbrukuma sp\u0113ks &nbsp; Head Coello Pro 2026 ir rakete, kas rad\u012bta, lai domin\u0113tu laukum\u0101 jau no pirm\u0101 sitiena. T\u0101 iemieso uzbrukuma sp\u0113li t\u0101s t\u012br\u0101kaj\u0101 form\u0101 un ir izstr\u0101d\u0101ta sadarb\u012bb\u0101 ar Arturo Koello profesion\u0101liem un pieredz\u0113ju\u0161iem sp\u0113l\u0113t\u0101jiem, kuri mekl\u0113 bezkompromisa sniegumu. Dizains un veiktsp\u0113ja &nbsp; Dimanta forma apvienojum\u0101 ar augstu [&hellip;]<\/p>\n","protected":false},"featured_media":70411,"comment_status":"open","ping_status":"closed","template":"","meta":{"_eb_attr":""},"product_brand":[313],"product_cat":[314,251,283],"product_tag":[],"class_list":{"0":"post-70402","1":"product","2":"type-product","3":"status-publish","4":"has-post-thumbnail","6":"product_brand-head","7":"product_cat-head","8":"product_cat-padela-raketes","9":"product_cat-pieredzejusi","10":"pa_kaal-370g","11":"pa_kuju-dimants","12":"pa_mangustiil-uzbrukoss","13":"pa_tasakaal-augsa","14":"pa_tase-pieredzejusi","15":"pa_varv-bruns","16":"pa_varv-melns","19":"first","20":"onbackorder","21":"sale","22":"taxable","23":"shipping-taxable","24":"purchasable","25":"product-type-simple"},"yoast_head":"<!-- This site is optimized with the Yoast SEO Premium plugin v27.1 (Yoast SEO v27.1.1) - https:\/\/yoast.com\/product\/yoast-seo-premium-wordpress\/ -->\n<title>Head Coello Pro 2026 | Test Padelhaus<\/title>\n<meta name=\"description\" content=\"Mekl\u0113 jaunu padela raketi par labu cenu? Padelhaus pied\u0101v\u0101 lab\u0101ko padela rake\u00f0u izv\u0113li visiem l\u012bme\u0146iem \u2013 tava padela apr\u012bkojuma m\u0101jas.\" \/>\n<meta name=\"robots\" content=\"noindex, follow, max-snippet:-1, max-image-preview:large, max-video-preview:-1\" \/>\n<meta property=\"og:locale\" content=\"lv_LV\" \/>\n<meta property=\"og:type\" content=\"article\" \/>\n<meta property=\"og:title\" content=\"Head Coello Pro 2026\" \/>\n<meta property=\"og:description\" content=\"Mekl\u0113 jaunu padela raketi par labu cenu? Padelhaus pied\u0101v\u0101 lab\u0101ko padela rake\u00f0u izv\u0113li visiem l\u012bme\u0146iem \u2013 tava padela apr\u012bkojuma m\u0101jas.\" \/>\n<meta property=\"og:url\" content=\"https:\/\/padelhaus.mustlammas-dev.in\/lv\/veikals\/head-coello-pro-2026\/\" \/>\n<meta property=\"og:site_name\" content=\"Test Padelhaus\" \/>\n<meta property=\"article:modified_time\" content=\"2026-02-13T15:54:33+00:00\" \/>\n<meta property=\"og:image\" content=\"https:\/\/padelhaus.lv\/wp-content\/uploads\/2026\/02\/33.webp\" \/>\n\t<meta property=\"og:image:width\" content=\"1000\" \/>\n\t<meta property=\"og:image:height\" content=\"1000\" \/>\n\t<meta property=\"og:image:type\" content=\"image\/webp\" \/>\n<meta name=\"twitter:card\" content=\"summary_large_image\" \/>\n<meta name=\"twitter:label1\" content=\"Price\" \/>\n\t<meta name=\"twitter:data1\" content=\"299,95&nbsp;&euro;\" \/>\n\t<meta name=\"twitter:label2\" content=\"Availability\" \/>\n\t<meta name=\"twitter:data2\" content=\"On backorder\" \/>\n<script type=\"application\/ld+json\" class=\"yoast-schema-graph\">{\"@context\":\"https:\/\/schema.org\",\"@graph\":[{\"@type\":[\"WebPage\",\"ItemPage\"],\"@id\":\"https:\/\/padelhaus.mustlammas-dev.in\/lv\/veikals\/head-coello-pro-2026\/\",\"url\":\"https:\/\/padelhaus.mustlammas-dev.in\/lv\/veikals\/head-coello-pro-2026\/\",\"name\":\"Head Coello Pro 2026 | Test Padelhaus\",\"isPartOf\":{\"@id\":\"https:\/\/padelhaus.mustlammas-dev.in\/lv\/#website\"},\"primaryImageOfPage\":{\"@id\":\"https:\/\/padelhaus.mustlammas-dev.in\/lv\/veikals\/head-coello-pro-2026\/#primaryimage\"},\"image\":{\"@id\":\"https:\/\/padelhaus.mustlammas-dev.in\/lv\/veikals\/head-coello-pro-2026\/#primaryimage\"},\"thumbnailUrl\":\"https:\/\/padelhaus.mustlammas-dev.in\/wp-content\/uploads\/2026\/02\/33.webp\",\"datePublished\":\"2026-02-13T15:22:42+00:00\",\"dateModified\":\"2026-02-13T15:54:33+00:00\",\"description\":\"Mekl\u0113 jaunu padela raketi par labu cenu? Padelhaus pied\u0101v\u0101 lab\u0101ko padela rake\u00f0u izv\u0113li visiem l\u012bme\u0146iem \u2013 tava padela apr\u012bkojuma m\u0101jas.\",\"breadcrumb\":{\"@id\":\"https:\/\/padelhaus.mustlammas-dev.in\/lv\/veikals\/head-coello-pro-2026\/#breadcrumb\"},\"inLanguage\":\"lv-LV\",\"potentialAction\":[{\"@type\":\"ReadAction\",\"target\":[\"https:\/\/padelhaus.mustlammas-dev.in\/lv\/veikals\/head-coello-pro-2026\/\"]}]},{\"@type\":\"ImageObject\",\"inLanguage\":\"lv-LV\",\"@id\":\"https:\/\/padelhaus.mustlammas-dev.in\/lv\/veikals\/head-coello-pro-2026\/#primaryimage\",\"url\":\"https:\/\/padelhaus.mustlammas-dev.in\/wp-content\/uploads\/2026\/02\/33.webp\",\"contentUrl\":\"https:\/\/padelhaus.mustlammas-dev.in\/wp-content\/uploads\/2026\/02\/33.webp\",\"width\":1000,\"height\":1000},{\"@type\":\"BreadcrumbList\",\"@id\":\"https:\/\/padelhaus.mustlammas-dev.in\/lv\/veikals\/head-coello-pro-2026\/#breadcrumb\",\"itemListElement\":[{\"@type\":\"ListItem\",\"position\":1,\"name\":\"S\u0101kumlapa\",\"item\":\"https:\/\/padelhaus.lv\/\"},{\"@type\":\"ListItem\",\"position\":2,\"name\":\"Veikals\",\"item\":\"https:\/\/padelhaus.lv\/veikals\/\"},{\"@type\":\"ListItem\",\"position\":3,\"name\":\"Head Coello Pro 2026\"}]},{\"@type\":\"WebSite\",\"@id\":\"https:\/\/padelhaus.mustlammas-dev.in\/lv\/#website\",\"url\":\"https:\/\/padelhaus.mustlammas-dev.in\/lv\/\",\"name\":\"Claude Padelhaus\",\"description\":\"Sinu padelivarustuse kodu\",\"publisher\":{\"@id\":\"https:\/\/padelhaus.mustlammas-dev.in\/lv\/#organization\"},\"potentialAction\":[{\"@type\":\"SearchAction\",\"target\":{\"@type\":\"EntryPoint\",\"urlTemplate\":\"https:\/\/padelhaus.mustlammas-dev.in\/lv\/?s={search_term_string}\"},\"query-input\":{\"@type\":\"PropertyValueSpecification\",\"valueRequired\":true,\"valueName\":\"search_term_string\"}}],\"inLanguage\":\"lv-LV\"},{\"@type\":\"Organization\",\"@id\":\"https:\/\/padelhaus.mustlammas-dev.in\/lv\/#organization\",\"name\":\"Claude Padelhaus\",\"url\":\"https:\/\/padelhaus.mustlammas-dev.in\/lv\/\",\"logo\":{\"@type\":\"ImageObject\",\"inLanguage\":\"lv-LV\",\"@id\":\"https:\/\/padelhaus.mustlammas-dev.in\/lv\/#\/schema\/logo\/image\/\",\"url\":\"https:\/\/padelhaus.mustlammas-dev.in\/wp-content\/uploads\/2025\/05\/Logo-1.png\",\"contentUrl\":\"https:\/\/padelhaus.mustlammas-dev.in\/wp-content\/uploads\/2025\/05\/Logo-1.png\",\"width\":280,\"height\":115,\"caption\":\"Claude Padelhaus\"},\"image\":{\"@id\":\"https:\/\/padelhaus.mustlammas-dev.in\/lv\/#\/schema\/logo\/image\/\"}}]}<\/script>\n<meta property=\"product:price:amount\" content=\"299.95\" \/>\n<meta property=\"product:price:currency\" content=\"EUR\" \/>\n<meta property=\"og:availability\" content=\"backorder\" \/>\n<meta property=\"product:availability\" content=\"available for order\" \/>\n<meta property=\"product:retailer_item_id\" content=\"HEA-R-42\" \/>\n<meta property=\"product:condition\" content=\"new\" \/>\n<!-- \/ Yoast SEO Premium plugin. -->","yoast_head_json":{"title":"Head Coello Pro 2026 | Test Padelhaus","description":"Mekl\u0113 jaunu padela raketi par labu cenu? Padelhaus pied\u0101v\u0101 lab\u0101ko padela rake\u00f0u izv\u0113li visiem l\u012bme\u0146iem \u2013 tava padela apr\u012bkojuma m\u0101jas.","robots":{"index":"noindex","follow":"follow","max-snippet":"max-snippet:-1","max-image-preview":"max-image-preview:large","max-video-preview":"max-video-preview:-1"},"og_locale":"lv_LV","og_type":"article","og_title":"Head Coello Pro 2026","og_description":"Mekl\u0113 jaunu padela raketi par labu cenu? Padelhaus pied\u0101v\u0101 lab\u0101ko padela rake\u00f0u izv\u0113li visiem l\u012bme\u0146iem \u2013 tava padela apr\u012bkojuma m\u0101jas.","og_url":"https:\/\/padelhaus.mustlammas-dev.in\/lv\/veikals\/head-coello-pro-2026\/","og_site_name":"Test Padelhaus","article_modified_time":"2026-02-13T15:54:33+00:00","og_image":[{"width":1000,"height":1000,"url":"https:\/\/padelhaus.lv\/wp-content\/uploads\/2026\/02\/33.webp","type":"image\/webp"}],"twitter_card":"summary_large_image","twitter_misc":{"Price":"299,95&nbsp;&euro;","Availability":"On backorder"},"schema":{"@context":"https:\/\/schema.org","@graph":[{"@type":["WebPage","ItemPage"],"@id":"https:\/\/padelhaus.mustlammas-dev.in\/lv\/veikals\/head-coello-pro-2026\/","url":"https:\/\/padelhaus.mustlammas-dev.in\/lv\/veikals\/head-coello-pro-2026\/","name":"Head Coello Pro 2026 | Test Padelhaus","isPartOf":{"@id":"https:\/\/padelhaus.mustlammas-dev.in\/lv\/#website"},"primaryImageOfPage":{"@id":"https:\/\/padelhaus.mustlammas-dev.in\/lv\/veikals\/head-coello-pro-2026\/#primaryimage"},"image":{"@id":"https:\/\/padelhaus.mustlammas-dev.in\/lv\/veikals\/head-coello-pro-2026\/#primaryimage"},"thumbnailUrl":"https:\/\/padelhaus.mustlammas-dev.in\/wp-content\/uploads\/2026\/02\/33.webp","datePublished":"2026-02-13T15:22:42+00:00","dateModified":"2026-02-13T15:54:33+00:00","description":"Mekl\u0113 jaunu padela raketi par labu cenu? Padelhaus pied\u0101v\u0101 lab\u0101ko padela rake\u00f0u izv\u0113li visiem l\u012bme\u0146iem \u2013 tava padela apr\u012bkojuma m\u0101jas.","breadcrumb":{"@id":"https:\/\/padelhaus.mustlammas-dev.in\/lv\/veikals\/head-coello-pro-2026\/#breadcrumb"},"inLanguage":"lv-LV","potentialAction":[{"@type":"ReadAction","target":["https:\/\/padelhaus.mustlammas-dev.in\/lv\/veikals\/head-coello-pro-2026\/"]}]},{"@type":"ImageObject","inLanguage":"lv-LV","@id":"https:\/\/padelhaus.mustlammas-dev.in\/lv\/veikals\/head-coello-pro-2026\/#primaryimage","url":"https:\/\/padelhaus.mustlammas-dev.in\/wp-content\/uploads\/2026\/02\/33.webp","contentUrl":"https:\/\/padelhaus.mustlammas-dev.in\/wp-content\/uploads\/2026\/02\/33.webp","width":1000,"height":1000},{"@type":"BreadcrumbList","@id":"https:\/\/padelhaus.mustlammas-dev.in\/lv\/veikals\/head-coello-pro-2026\/#breadcrumb","itemListElement":[{"@type":"ListItem","position":1,"name":"S\u0101kumlapa","item":"https:\/\/padelhaus.lv\/"},{"@type":"ListItem","position":2,"name":"Veikals","item":"https:\/\/padelhaus.lv\/veikals\/"},{"@type":"ListItem","position":3,"name":"Head Coello Pro 2026"}]},{"@type":"WebSite","@id":"https:\/\/padelhaus.mustlammas-dev.in\/lv\/#website","url":"https:\/\/padelhaus.mustlammas-dev.in\/lv\/","name":"Claude Padelhaus","description":"Sinu padelivarustuse kodu","publisher":{"@id":"https:\/\/padelhaus.mustlammas-dev.in\/lv\/#organization"},"potentialAction":[{"@type":"SearchAction","target":{"@type":"EntryPoint","urlTemplate":"https:\/\/padelhaus.mustlammas-dev.in\/lv\/?s={search_term_string}"},"query-input":{"@type":"PropertyValueSpecification","valueRequired":true,"valueName":"search_term_string"}}],"inLanguage":"lv-LV"},{"@type":"Organization","@id":"https:\/\/padelhaus.mustlammas-dev.in\/lv\/#organization","name":"Claude Padelhaus","url":"https:\/\/padelhaus.mustlammas-dev.in\/lv\/","logo":{"@type":"ImageObject","inLanguage":"lv-LV","@id":"https:\/\/padelhaus.mustlammas-dev.in\/lv\/#\/schema\/logo\/image\/","url":"https:\/\/padelhaus.mustlammas-dev.in\/wp-content\/uploads\/2025\/05\/Logo-1.png","contentUrl":"https:\/\/padelhaus.mustlammas-dev.in\/wp-content\/uploads\/2025\/05\/Logo-1.png","width":280,"height":115,"caption":"Claude Padelhaus"},"image":{"@id":"https:\/\/padelhaus.mustlammas-dev.in\/lv\/#\/schema\/logo\/image\/"}}]},"product_price_amount":"299.95","product_price_currency":"EUR","og_availability":"backorder","product_availability":"available for order","product_retailer_item_id":"HEA-R-42","product_condition":"new"},"_links":{"self":[{"href":"https:\/\/padelhaus.mustlammas-dev.in\/lv\/wp-json\/wp\/v2\/product\/70402","targetHints":{"allow":["GET"]}}],"collection":[{"href":"https:\/\/padelhaus.mustlammas-dev.in\/lv\/wp-json\/wp\/v2\/product"}],"about":[{"href":"https:\/\/padelhaus.mustlammas-dev.in\/lv\/wp-json\/wp\/v2\/types\/product"}],"replies":[{"embeddable":true,"href":"https:\/\/padelhaus.mustlammas-dev.in\/lv\/wp-json\/wp\/v2\/comments?post=70402"}],"wp:featuredmedia":[{"embeddable":true,"href":"https:\/\/padelhaus.mustlammas-dev.in\/lv\/wp-json\/wp\/v2\/media\/70411"}],"wp:attachment":[{"href":"https:\/\/padelhaus.mustlammas-dev.in\/lv\/wp-json\/wp\/v2\/media?parent=70402"}],"wp:term":[{"taxonomy":"product_brand","embeddable":true,"href":"https:\/\/padelhaus.mustlammas-dev.in\/lv\/wp-json\/wp\/v2\/product_brand?post=70402"},{"taxonomy":"product_cat","embeddable":true,"href":"https:\/\/padelhaus.mustlammas-dev.in\/lv\/wp-json\/wp\/v2\/product_cat?post=70402"},{"taxonomy":"product_tag","embeddable":true,"href":"https:\/\/padelhaus.mustlammas-dev.in\/lv\/wp-json\/wp\/v2\/product_tag?post=70402"}],"curies":[{"name":"wp","href":"https:\/\/api.w.org\/{rel}","templated":true}]}}