{"id":70417,"date":"2026-02-13T16:46:50","date_gmt":"2026-02-13T14:46:50","guid":{"rendered":"https:\/\/padelhaus.mustlammas-dev.in\/pood\/head-coello-motion-2026\/"},"modified":"2026-02-13T17:54:33","modified_gmt":"2026-02-13T15:54:33","slug":"head-coello-motion-2026","status":"publish","type":"product","link":"https:\/\/padelhaus.mustlammas-dev.in\/lv\/veikals\/head-coello-motion-2026\/","title":{"rendered":"Head Coello Motion 2026"},"content":{"rendered":"<h4><b>Head Coello Motion 2026 \u2013 \u0101trums un agres\u012bva uzbrukuma sp\u0113le<\/b><\/h4>\n<p>&nbsp;<\/p>\n<p class=\"p3\"><span class=\"s2\"><b>Head Coello Motion 2026<\/b><\/span> ir rad\u012bta pieredz\u0113ju\u0161iem sp\u0113l\u0113t\u0101jiem, kuri v\u0113las \u0101tru, pl\u016bsto\u0161u un agres\u012bvu uzbrukuma sp\u0113li, nezaud\u0113jot jaudu. Arturo Koeljo sp\u0113les stila iedvesmotais modelis pied\u0101v\u0101 dinamisk\u0101ku pieeju sav\u0101 s\u0113rij\u0101, pateicoties viegl\u0101kam r\u0101mim, kas nodro\u0161ina \u0101tru reakciju un eksploz\u012bvu pa\u0101trin\u0101jumu. <\/p>\n<p class=\"p3\">T\u0101s hibr\u012bda dimanta forma atbalsta iz\u0161\u0137iro\u0161us uzbrukumus, vienlaikus saglab\u0101jot pieejam\u0101ku optim\u0101l\u0101 tr\u0101p\u012bjuma zonu, kas uzlabo sniegumu augsta tempa sp\u0113les situ\u0101cij\u0101s.<\/p>\n<p class=\"p1\">\n<h4><b>Piln\u012bga mobilit\u0101te domin\u0113\u0161anai pie t\u012bkla<\/b><\/h4>\n<p>&nbsp;<\/p>\n<p class=\"p3\">Coello Motion 2026 ir paredz\u0113ta sp\u0113l\u0113t\u0101jiem, kuriem pat\u012bk p\u0101r\u0146emt iniciat\u012bvu pie t\u012bkla. Rakete izce\u013cas ar lielisku manevr\u0113tsp\u0113ju un kontroli \u012bs\u0101s un \u0101tr\u0101s kust\u012bb\u0101s. <\/p>\n<p class=\"p3\">Sal\u012bdzin\u0101jum\u0101 ar Pro versiju, maz\u0101ks svars nodro\u0161ina liel\u0101ku v\u0113ziena \u0101trumu, kas ir ide\u0101li piem\u0113rots sp\u0113l\u0113t\u0101jam, kura stils balst\u0101s uz nep\u0101rtraukt\u0101m p\u0101rej\u0101m, agres\u012bviem v\u00edbora sitieniem un tehniskiem smash. Laukum\u0101 t\u0101 pied\u0101v\u0101 l\u012bdzsvarotu jaudas un pl\u016bstam\u012bbas kombin\u0101ciju, \u013caujot sp\u0113l\u0113t p\u0101rliecino\u0161i pat intens\u012bv\u0101s izsp\u0113l\u0113s un sare\u017e\u0123\u012btos volley sitienos. <\/p>\n<p class=\"p1\">\n<h4><b>Galven\u0101s \u012bpa\u0161\u012bbas un tehnolo\u0123ijas<\/b><\/h4>\n<p class=\"p1\">\n<ul>\n<li>\n<p class=\"p1\"><span class=\"s1\"><b>Hibr\u012bda dimanta forma<\/b><\/span> \u2013 uzbrukuma jauda ar liel\u0101ku piek\u0101p\u012bbu<\/p>\n<\/li>\n<li>\n<p class=\"p1\"><span class=\"s1\"><b>Optimiz\u0113ts svars<\/b><\/span> \u2013 viegl\u0101ka nek\u0101 Pro versija, veicinot \u0101tru un kust\u012bgu sp\u0113li<\/p>\n<\/li>\n<li>\n<p class=\"p1\"><span class=\"s1\"><b>Liel\u0101ks v\u0113ziena \u0101trums (Swing speed)<\/b><\/span> \u2013 \u0101trs pa\u0101trin\u0101jums un eksploz\u012bvi sitieni<\/p>\n<\/li>\n<li>\n<p class=\"p1\"><b>Efekt\u012bva v\u00edbora un smash sitienu izpild\u0113<\/b><span class=\"s1\"> \u2013 ide\u0101li piem\u0113rota uzbrukumiem no gaisa<\/span><\/p>\n<\/li>\n<li>\n<p class=\"p1\"><span class=\"s1\"><b>Stabila Head konstrukcija<\/b><\/span> \u2013 saglab\u0101 jaudu, nezaud\u0113jot kontroli<\/p>\n<\/li>\n<li>\n<p class=\"p1\"><span class=\"s1\"><b>Power Foam kodols<\/b><\/span> \u2013 reakt\u012bvas putas maksim\u0101lam bumbas atsitienam un eksplozivit\u0101tei<\/p>\n<\/li>\n<li>\n<p class=\"p1\"><span class=\"s1\"><b>Extreme Spin raupja virsma<\/b><\/span> \u2013 lab\u0101ka grieziena pie\u0161\u0137ir\u0161ana un griezto sitienu kontrole<\/p>\n<\/li>\n<li>\n<p class=\"p1\"><span class=\"s1\"><b>CarbonHybrid<\/b><\/span> \u2013 l\u012bdzsvars starp stingr\u012bbu, kontroli un iztur\u012bbu<\/p>\n<\/li>\n<li>\n<p class=\"p1\"><span class=\"s1\"><b>Identisks dizains Pro versijai<\/b><\/span> \u2013 premium izskats ar Arturo Koeljo parakstu<\/p>\n<\/li>\n<\/ul>\n","protected":false},"excerpt":{"rendered":"<p>Head Coello Motion 2026 \u2013 \u0101trums un agres\u012bva uzbrukuma sp\u0113le &nbsp; Head Coello Motion 2026 ir rad\u012bta pieredz\u0113ju\u0161iem sp\u0113l\u0113t\u0101jiem, kuri v\u0113las \u0101tru, pl\u016bsto\u0161u un agres\u012bvu uzbrukuma sp\u0113li, nezaud\u0113jot jaudu. Arturo Koeljo sp\u0113les stila iedvesmotais modelis pied\u0101v\u0101 dinamisk\u0101ku pieeju sav\u0101 s\u0113rij\u0101, pateicoties viegl\u0101kam r\u0101mim, kas nodro\u0161ina \u0101tru reakciju un eksploz\u012bvu pa\u0101trin\u0101jumu. T\u0101s hibr\u012bda dimanta forma atbalsta [&hellip;]<\/p>\n","protected":false},"featured_media":70418,"comment_status":"open","ping_status":"closed","template":"","meta":{"_eb_attr":""},"product_brand":[313],"product_cat":[314,251,331],"product_tag":[],"class_list":{"0":"post-70417","1":"product","2":"type-product","3":"status-publish","4":"has-post-thumbnail","6":"product_brand-head","7":"product_cat-head","8":"product_cat-padela-raketes","9":"product_cat-videjais-limenis","10":"pa_kaal-365g","11":"pa_kuju-dimants","12":"pa_mangustiil-uzbrukoss","13":"pa_tasakaal-centra","14":"pa_tase-pieredzejusi","15":"pa_tase-videjais-limenis","16":"pa_varv-bruns","17":"pa_varv-melns","20":"first","21":"onbackorder","22":"sale","23":"taxable","24":"shipping-taxable","25":"purchasable","26":"product-type-simple"},"yoast_head":"<!-- This site is optimized with the Yoast SEO Premium plugin v27.1 (Yoast SEO v27.1.1) - https:\/\/yoast.com\/product\/yoast-seo-premium-wordpress\/ -->\n<title>Head Coello Motion 2026 | Test Padelhaus<\/title>\n<meta name=\"description\" content=\"Mekl\u0113 jaunu padela raketi par labu cenu? Padelhaus pied\u0101v\u0101 lab\u0101ko padela rake\u00f0u izv\u0113li visiem l\u012bme\u0146iem \u2013 tava padela apr\u012bkojuma m\u0101jas.\" \/>\n<meta name=\"robots\" content=\"noindex, follow, max-snippet:-1, max-image-preview:large, max-video-preview:-1\" \/>\n<meta property=\"og:locale\" content=\"lv_LV\" \/>\n<meta property=\"og:type\" content=\"article\" \/>\n<meta property=\"og:title\" content=\"Head Coello Motion 2026\" \/>\n<meta property=\"og:description\" content=\"Mekl\u0113 jaunu padela raketi par labu cenu? Padelhaus pied\u0101v\u0101 lab\u0101ko padela rake\u00f0u izv\u0113li visiem l\u012bme\u0146iem \u2013 tava padela apr\u012bkojuma m\u0101jas.\" \/>\n<meta property=\"og:url\" content=\"https:\/\/padelhaus.mustlammas-dev.in\/lv\/veikals\/head-coello-motion-2026\/\" \/>\n<meta property=\"og:site_name\" content=\"Test Padelhaus\" \/>\n<meta property=\"article:modified_time\" content=\"2026-02-13T15:54:33+00:00\" \/>\n<meta property=\"og:image\" content=\"https:\/\/padelhaus.lv\/wp-content\/uploads\/2026\/02\/1-4.webp\" \/>\n\t<meta property=\"og:image:width\" content=\"1000\" \/>\n\t<meta property=\"og:image:height\" content=\"1000\" \/>\n\t<meta property=\"og:image:type\" content=\"image\/webp\" \/>\n<meta name=\"twitter:card\" content=\"summary_large_image\" \/>\n<meta name=\"twitter:label1\" content=\"Price\" \/>\n\t<meta name=\"twitter:data1\" content=\"294,95&nbsp;&euro;\" \/>\n\t<meta name=\"twitter:label2\" content=\"Availability\" \/>\n\t<meta name=\"twitter:data2\" content=\"On backorder\" \/>\n<script type=\"application\/ld+json\" class=\"yoast-schema-graph\">{\"@context\":\"https:\/\/schema.org\",\"@graph\":[{\"@type\":[\"WebPage\",\"ItemPage\"],\"@id\":\"https:\/\/padelhaus.mustlammas-dev.in\/lv\/veikals\/head-coello-motion-2026\/\",\"url\":\"https:\/\/padelhaus.mustlammas-dev.in\/lv\/veikals\/head-coello-motion-2026\/\",\"name\":\"Head Coello Motion 2026 | Test Padelhaus\",\"isPartOf\":{\"@id\":\"https:\/\/padelhaus.mustlammas-dev.in\/lv\/#website\"},\"primaryImageOfPage\":{\"@id\":\"https:\/\/padelhaus.mustlammas-dev.in\/lv\/veikals\/head-coello-motion-2026\/#primaryimage\"},\"image\":{\"@id\":\"https:\/\/padelhaus.mustlammas-dev.in\/lv\/veikals\/head-coello-motion-2026\/#primaryimage\"},\"thumbnailUrl\":\"https:\/\/padelhaus.mustlammas-dev.in\/wp-content\/uploads\/2026\/02\/1-4.webp\",\"datePublished\":\"2026-02-13T14:46:50+00:00\",\"dateModified\":\"2026-02-13T15:54:33+00:00\",\"description\":\"Mekl\u0113 jaunu padela raketi par labu cenu? Padelhaus pied\u0101v\u0101 lab\u0101ko padela rake\u00f0u izv\u0113li visiem l\u012bme\u0146iem \u2013 tava padela apr\u012bkojuma m\u0101jas.\",\"breadcrumb\":{\"@id\":\"https:\/\/padelhaus.mustlammas-dev.in\/lv\/veikals\/head-coello-motion-2026\/#breadcrumb\"},\"inLanguage\":\"lv-LV\",\"potentialAction\":[{\"@type\":\"ReadAction\",\"target\":[\"https:\/\/padelhaus.mustlammas-dev.in\/lv\/veikals\/head-coello-motion-2026\/\"]}]},{\"@type\":\"ImageObject\",\"inLanguage\":\"lv-LV\",\"@id\":\"https:\/\/padelhaus.mustlammas-dev.in\/lv\/veikals\/head-coello-motion-2026\/#primaryimage\",\"url\":\"https:\/\/padelhaus.mustlammas-dev.in\/wp-content\/uploads\/2026\/02\/1-4.webp\",\"contentUrl\":\"https:\/\/padelhaus.mustlammas-dev.in\/wp-content\/uploads\/2026\/02\/1-4.webp\",\"width\":1000,\"height\":1000},{\"@type\":\"BreadcrumbList\",\"@id\":\"https:\/\/padelhaus.mustlammas-dev.in\/lv\/veikals\/head-coello-motion-2026\/#breadcrumb\",\"itemListElement\":[{\"@type\":\"ListItem\",\"position\":1,\"name\":\"S\u0101kumlapa\",\"item\":\"https:\/\/padelhaus.lv\/\"},{\"@type\":\"ListItem\",\"position\":2,\"name\":\"Veikals\",\"item\":\"https:\/\/padelhaus.lv\/veikals\/\"},{\"@type\":\"ListItem\",\"position\":3,\"name\":\"Head Coello Motion 2026\"}]},{\"@type\":\"WebSite\",\"@id\":\"https:\/\/padelhaus.mustlammas-dev.in\/lv\/#website\",\"url\":\"https:\/\/padelhaus.mustlammas-dev.in\/lv\/\",\"name\":\"Claude Padelhaus\",\"description\":\"Sinu padelivarustuse kodu\",\"publisher\":{\"@id\":\"https:\/\/padelhaus.mustlammas-dev.in\/lv\/#organization\"},\"potentialAction\":[{\"@type\":\"SearchAction\",\"target\":{\"@type\":\"EntryPoint\",\"urlTemplate\":\"https:\/\/padelhaus.mustlammas-dev.in\/lv\/?s={search_term_string}\"},\"query-input\":{\"@type\":\"PropertyValueSpecification\",\"valueRequired\":true,\"valueName\":\"search_term_string\"}}],\"inLanguage\":\"lv-LV\"},{\"@type\":\"Organization\",\"@id\":\"https:\/\/padelhaus.mustlammas-dev.in\/lv\/#organization\",\"name\":\"Claude Padelhaus\",\"url\":\"https:\/\/padelhaus.mustlammas-dev.in\/lv\/\",\"logo\":{\"@type\":\"ImageObject\",\"inLanguage\":\"lv-LV\",\"@id\":\"https:\/\/padelhaus.mustlammas-dev.in\/lv\/#\/schema\/logo\/image\/\",\"url\":\"https:\/\/padelhaus.mustlammas-dev.in\/wp-content\/uploads\/2025\/05\/Logo-1.png\",\"contentUrl\":\"https:\/\/padelhaus.mustlammas-dev.in\/wp-content\/uploads\/2025\/05\/Logo-1.png\",\"width\":280,\"height\":115,\"caption\":\"Claude Padelhaus\"},\"image\":{\"@id\":\"https:\/\/padelhaus.mustlammas-dev.in\/lv\/#\/schema\/logo\/image\/\"}}]}<\/script>\n<meta property=\"product:price:amount\" content=\"294.95\" \/>\n<meta property=\"product:price:currency\" content=\"EUR\" \/>\n<meta property=\"og:availability\" content=\"backorder\" \/>\n<meta property=\"product:availability\" content=\"available for order\" \/>\n<meta property=\"product:retailer_item_id\" content=\"HEA-R-41\" \/>\n<meta property=\"product:condition\" content=\"new\" \/>\n<!-- \/ Yoast SEO Premium plugin. -->","yoast_head_json":{"title":"Head Coello Motion 2026 | Test Padelhaus","description":"Mekl\u0113 jaunu padela raketi par labu cenu? Padelhaus pied\u0101v\u0101 lab\u0101ko padela rake\u00f0u izv\u0113li visiem l\u012bme\u0146iem \u2013 tava padela apr\u012bkojuma m\u0101jas.","robots":{"index":"noindex","follow":"follow","max-snippet":"max-snippet:-1","max-image-preview":"max-image-preview:large","max-video-preview":"max-video-preview:-1"},"og_locale":"lv_LV","og_type":"article","og_title":"Head Coello Motion 2026","og_description":"Mekl\u0113 jaunu padela raketi par labu cenu? Padelhaus pied\u0101v\u0101 lab\u0101ko padela rake\u00f0u izv\u0113li visiem l\u012bme\u0146iem \u2013 tava padela apr\u012bkojuma m\u0101jas.","og_url":"https:\/\/padelhaus.mustlammas-dev.in\/lv\/veikals\/head-coello-motion-2026\/","og_site_name":"Test Padelhaus","article_modified_time":"2026-02-13T15:54:33+00:00","og_image":[{"width":1000,"height":1000,"url":"https:\/\/padelhaus.lv\/wp-content\/uploads\/2026\/02\/1-4.webp","type":"image\/webp"}],"twitter_card":"summary_large_image","twitter_misc":{"Price":"294,95&nbsp;&euro;","Availability":"On backorder"},"schema":{"@context":"https:\/\/schema.org","@graph":[{"@type":["WebPage","ItemPage"],"@id":"https:\/\/padelhaus.mustlammas-dev.in\/lv\/veikals\/head-coello-motion-2026\/","url":"https:\/\/padelhaus.mustlammas-dev.in\/lv\/veikals\/head-coello-motion-2026\/","name":"Head Coello Motion 2026 | Test Padelhaus","isPartOf":{"@id":"https:\/\/padelhaus.mustlammas-dev.in\/lv\/#website"},"primaryImageOfPage":{"@id":"https:\/\/padelhaus.mustlammas-dev.in\/lv\/veikals\/head-coello-motion-2026\/#primaryimage"},"image":{"@id":"https:\/\/padelhaus.mustlammas-dev.in\/lv\/veikals\/head-coello-motion-2026\/#primaryimage"},"thumbnailUrl":"https:\/\/padelhaus.mustlammas-dev.in\/wp-content\/uploads\/2026\/02\/1-4.webp","datePublished":"2026-02-13T14:46:50+00:00","dateModified":"2026-02-13T15:54:33+00:00","description":"Mekl\u0113 jaunu padela raketi par labu cenu? Padelhaus pied\u0101v\u0101 lab\u0101ko padela rake\u00f0u izv\u0113li visiem l\u012bme\u0146iem \u2013 tava padela apr\u012bkojuma m\u0101jas.","breadcrumb":{"@id":"https:\/\/padelhaus.mustlammas-dev.in\/lv\/veikals\/head-coello-motion-2026\/#breadcrumb"},"inLanguage":"lv-LV","potentialAction":[{"@type":"ReadAction","target":["https:\/\/padelhaus.mustlammas-dev.in\/lv\/veikals\/head-coello-motion-2026\/"]}]},{"@type":"ImageObject","inLanguage":"lv-LV","@id":"https:\/\/padelhaus.mustlammas-dev.in\/lv\/veikals\/head-coello-motion-2026\/#primaryimage","url":"https:\/\/padelhaus.mustlammas-dev.in\/wp-content\/uploads\/2026\/02\/1-4.webp","contentUrl":"https:\/\/padelhaus.mustlammas-dev.in\/wp-content\/uploads\/2026\/02\/1-4.webp","width":1000,"height":1000},{"@type":"BreadcrumbList","@id":"https:\/\/padelhaus.mustlammas-dev.in\/lv\/veikals\/head-coello-motion-2026\/#breadcrumb","itemListElement":[{"@type":"ListItem","position":1,"name":"S\u0101kumlapa","item":"https:\/\/padelhaus.lv\/"},{"@type":"ListItem","position":2,"name":"Veikals","item":"https:\/\/padelhaus.lv\/veikals\/"},{"@type":"ListItem","position":3,"name":"Head Coello Motion 2026"}]},{"@type":"WebSite","@id":"https:\/\/padelhaus.mustlammas-dev.in\/lv\/#website","url":"https:\/\/padelhaus.mustlammas-dev.in\/lv\/","name":"Claude Padelhaus","description":"Sinu padelivarustuse kodu","publisher":{"@id":"https:\/\/padelhaus.mustlammas-dev.in\/lv\/#organization"},"potentialAction":[{"@type":"SearchAction","target":{"@type":"EntryPoint","urlTemplate":"https:\/\/padelhaus.mustlammas-dev.in\/lv\/?s={search_term_string}"},"query-input":{"@type":"PropertyValueSpecification","valueRequired":true,"valueName":"search_term_string"}}],"inLanguage":"lv-LV"},{"@type":"Organization","@id":"https:\/\/padelhaus.mustlammas-dev.in\/lv\/#organization","name":"Claude Padelhaus","url":"https:\/\/padelhaus.mustlammas-dev.in\/lv\/","logo":{"@type":"ImageObject","inLanguage":"lv-LV","@id":"https:\/\/padelhaus.mustlammas-dev.in\/lv\/#\/schema\/logo\/image\/","url":"https:\/\/padelhaus.mustlammas-dev.in\/wp-content\/uploads\/2025\/05\/Logo-1.png","contentUrl":"https:\/\/padelhaus.mustlammas-dev.in\/wp-content\/uploads\/2025\/05\/Logo-1.png","width":280,"height":115,"caption":"Claude Padelhaus"},"image":{"@id":"https:\/\/padelhaus.mustlammas-dev.in\/lv\/#\/schema\/logo\/image\/"}}]},"product_price_amount":"294.95","product_price_currency":"EUR","og_availability":"backorder","product_availability":"available for order","product_retailer_item_id":"HEA-R-41","product_condition":"new"},"_links":{"self":[{"href":"https:\/\/padelhaus.mustlammas-dev.in\/lv\/wp-json\/wp\/v2\/product\/70417","targetHints":{"allow":["GET"]}}],"collection":[{"href":"https:\/\/padelhaus.mustlammas-dev.in\/lv\/wp-json\/wp\/v2\/product"}],"about":[{"href":"https:\/\/padelhaus.mustlammas-dev.in\/lv\/wp-json\/wp\/v2\/types\/product"}],"replies":[{"embeddable":true,"href":"https:\/\/padelhaus.mustlammas-dev.in\/lv\/wp-json\/wp\/v2\/comments?post=70417"}],"wp:featuredmedia":[{"embeddable":true,"href":"https:\/\/padelhaus.mustlammas-dev.in\/lv\/wp-json\/wp\/v2\/media\/70418"}],"wp:attachment":[{"href":"https:\/\/padelhaus.mustlammas-dev.in\/lv\/wp-json\/wp\/v2\/media?parent=70417"}],"wp:term":[{"taxonomy":"product_brand","embeddable":true,"href":"https:\/\/padelhaus.mustlammas-dev.in\/lv\/wp-json\/wp\/v2\/product_brand?post=70417"},{"taxonomy":"product_cat","embeddable":true,"href":"https:\/\/padelhaus.mustlammas-dev.in\/lv\/wp-json\/wp\/v2\/product_cat?post=70417"},{"taxonomy":"product_tag","embeddable":true,"href":"https:\/\/padelhaus.mustlammas-dev.in\/lv\/wp-json\/wp\/v2\/product_tag?post=70417"}],"curies":[{"name":"wp","href":"https:\/\/api.w.org\/{rel}","templated":true}]}}