{"id":70460,"date":"2026-02-13T15:47:11","date_gmt":"2026-02-13T13:47:11","guid":{"rendered":"https:\/\/padelhaus.mustlammas-dev.in\/pood\/babolat-technical-viper-soft-3-0\/"},"modified":"2026-03-02T12:23:58","modified_gmt":"2026-03-02T10:23:58","slug":"babolat-technical-viper-soft-3-0","status":"publish","type":"product","link":"https:\/\/padelhaus.mustlammas-dev.in\/lv\/veikals\/babolat-technical-viper-soft-3-0\/","title":{"rendered":"Babolat Technical Viper Soft 3.0"},"content":{"rendered":"<h4><b>Babolat Technical Viper Soft 3.0 \u2013 daudzpus\u012bga jauda un komforts<\/b><\/h4>\n<p>&nbsp;<\/p>\n<p class=\"p3\"><span class=\"s2\"><b>Babolat Technical Viper Soft 3.0<\/b><\/span> ir padela rakete, kas apvieno eksploz\u012bvu jaudu un sp\u0113les komfortu ide\u0101l\u0101 l\u012bdzsvar\u0101. T\u0101s hibr\u012bda forma nodro\u0161ina lielisku daudzpus\u012bbu jebkur\u0101 sp\u0113les situ\u0101cij\u0101. <span class=\"s2\"><b>Soft Carbon virsmas<\/b><\/span> un elast\u012bg\u0101ks <span class=\"s2\"><b>Black EVA kodols<\/b><\/span> sniedz elast\u012bg\u0101ku un \u0113rt\u0101ku sitiena saj\u016btu, vienlaikus saglab\u0101jot \u0101tru reakciju. <\/p>\n<p class=\"p3\"><span class=\"s2\"><b>365 gramu svars<\/b><\/span> nodro\u0161ina lielisku stabilit\u0101ti un precizit\u0101ti pat visjaud\u012bg\u0101kajos sitienos.<\/p>\n<p class=\"p3\">Pateicoties uzlabotajai konstrukcijai, rakete sl\u0101p\u0113 vibr\u0101cijas un samazina diskomforta risku, padarot to par ide\u0101lu izv\u0113li sp\u0113l\u0113t\u0101jam, kur\u0161 mekl\u0113 jaudu apvienojum\u0101 ar kontroli un komfortu.<\/p>\n<p class=\"p1\">\n<h4><b>Daudzpus\u012bgam pieredz\u0113ju\u0161am sp\u0113l\u0113t\u0101jam<\/b><\/h4>\n<p>&nbsp;<\/p>\n<p class=\"p3\">Technical Viper Soft 3.0 ir rad\u012bta <span class=\"s2\"><b>pieredz\u0113ju\u0161iem sp\u0113l\u0113t\u0101jiem<\/b><\/span>, kuri vada sp\u0113li gudri, prec\u012bzi un ar kontrol\u0113tu jaudu. T\u0101 ir lieliski piem\u0113rota tiem, kas v\u0113las dikt\u0113t tempu gan no laukuma aizmugures, gan pie t\u012bkla. Rakete pied\u0101v\u0101 eksploz\u012bvu atdevi uzbrukuma sitienos, saglab\u0101jot m\u012bkst\u0101ku saj\u016btu.  <\/p>\n<p class=\"p3\">M\u012bkst\u0101ks kontakts padara to par \u012bpa\u0161i labu izv\u0113li sp\u0113l\u0113t\u0101jam, kur\u0161 v\u0113las samazin\u0101t slodzi uz roku un saglab\u0101t augstu sniegumu ar\u012b gar\u0101ku sp\u0113\u013cu laik\u0101. \u0160\u012b ir ide\u0101la rakete tiem, kas v\u0113las apvienot jaudu, precizit\u0101ti un komfortu sav\u0101 uzbr\u016bko\u0161aj\u0101 sp\u0113les stil\u0101. <\/p>\n<p class=\"p1\">\n<h4><b>Galven\u0101s \u012bpa\u0161\u012bbas un tehnolo\u0123ijas<\/b><\/h4>\n<p class=\"p1\">\n<ul>\n<li>\n<p class=\"p1\"><span class=\"s1\"><b>Soft Carbon virsmas<\/b><\/span> \u2013 lab\u0101ks komforts un sitiena saj\u016bta<\/p>\n<\/li>\n<li>\n<p class=\"p1\"><span class=\"s1\"><b>Black EVA kodols<\/b><\/span> \u2013 elast\u012bga gumija liel\u0101kai jaudai un komfortam<\/p>\n<\/li>\n<li>\n<p class=\"p1\"><span class=\"s1\"><b>Vibrabsorb System\u00b2 powered by SMAC<\/b><\/span> \u2013 integr\u0113ta vibr\u0101ciju sl\u0101p\u0113\u0161ana traumu nov\u0113r\u0161anai<\/p>\n<\/li>\n<li>\n<p class=\"p1\"><span class=\"s1\"><b>Holes Pattern System<\/b><\/span> \u2013 optimiz\u0113ts caurumu izvietojums lab\u0101kai jaudas p\u0101rvadei un precizit\u0101tei<\/p>\n<\/li>\n<li>\n<p class=\"p1\"><span class=\"s1\"><b>3D Spin+ virsma<\/b><\/span> \u2013 raupja tekst\u016bra, kas palielina griezienu un uzlabo bumbas kontroli<\/p>\n<\/li>\n<li>\n<p class=\"p1\"><span class=\"s1\"><b>Dynamic Stability System<\/b><\/span> \u2013 pastiprin\u0101ta vidusda\u013ca liel\u0101kai stabilit\u0101tei un kontrolei<\/p>\n<\/li>\n<li>\n<p class=\"p1\"><span class=\"s1\"><b>Smart Buttcap<\/b><\/span> \u2013 no\u0146emama un mazg\u0101jama plaukstas siksni\u0146a lab\u0101kai higi\u0113nai un personaliz\u0113\u0161anai<\/p>\n<\/li>\n<\/ul>\n","protected":false},"excerpt":{"rendered":"<p>Babolat Technical Viper Soft 3.0 \u2013 daudzpus\u012bga jauda un komforts &nbsp; Babolat Technical Viper Soft 3.0 ir padela rakete, kas apvieno eksploz\u012bvu jaudu un sp\u0113les komfortu ide\u0101l\u0101 l\u012bdzsvar\u0101. T\u0101s hibr\u012bda forma nodro\u0161ina lielisku daudzpus\u012bbu jebkur\u0101 sp\u0113les situ\u0101cij\u0101. Soft Carbon virsmas un elast\u012bg\u0101ks Black EVA kodols sniedz elast\u012bg\u0101ku un \u0113rt\u0101ku sitiena saj\u016btu, vienlaikus saglab\u0101jot \u0101tru reakciju. [&hellip;]<\/p>\n","protected":false},"featured_media":70461,"comment_status":"open","ping_status":"closed","template":"","meta":{"_eb_attr":""},"product_brand":[377],"product_cat":[388,251,331],"product_tag":[],"class_list":{"0":"post-70460","1":"product","2":"type-product","3":"status-publish","4":"has-post-thumbnail","6":"product_brand-babolat","7":"product_cat-babolat","8":"product_cat-padela-raketes","9":"product_cat-videjais-limenis","10":"pa_kaal-365g","11":"pa_kuju-piliens","12":"pa_mangustiil-hibrids","13":"pa_tasakaal-augsa","14":"pa_tase-pieredzejusi","15":"pa_tase-videjais-limenis","16":"pa_varv-melns","17":"pa_varv-sarkana","20":"first","21":"instock","22":"sale","23":"taxable","24":"shipping-taxable","25":"purchasable","26":"product-type-simple"},"yoast_head":"<!-- This site is optimized with the Yoast SEO Premium plugin v27.1 (Yoast SEO v27.1.1) - https:\/\/yoast.com\/product\/yoast-seo-premium-wordpress\/ -->\n<title>Babolat Technical Viper Soft 3.0 | Test Padelhaus<\/title>\n<meta name=\"description\" content=\"Mekl\u0113 jaunu padela raketi par labu cenu? Padelhaus pied\u0101v\u0101 lab\u0101ko padela rake\u00f0u izv\u0113li visiem l\u012bme\u0146iem \u2013 tava padela apr\u012bkojuma m\u0101jas.\" \/>\n<meta name=\"robots\" content=\"noindex, follow, max-snippet:-1, max-image-preview:large, max-video-preview:-1\" \/>\n<meta property=\"og:locale\" content=\"lv_LV\" \/>\n<meta property=\"og:type\" content=\"article\" \/>\n<meta property=\"og:title\" content=\"Babolat Technical Viper Soft 3.0\" \/>\n<meta property=\"og:description\" content=\"Mekl\u0113 jaunu padela raketi par labu cenu? Padelhaus pied\u0101v\u0101 lab\u0101ko padela rake\u00f0u izv\u0113li visiem l\u012bme\u0146iem \u2013 tava padela apr\u012bkojuma m\u0101jas.\" \/>\n<meta property=\"og:url\" content=\"https:\/\/padelhaus.mustlammas-dev.in\/lv\/veikals\/babolat-technical-viper-soft-3-0\/\" \/>\n<meta property=\"og:site_name\" content=\"Test Padelhaus\" \/>\n<meta property=\"article:modified_time\" content=\"2026-03-02T10:23:58+00:00\" \/>\n<meta property=\"og:image\" content=\"https:\/\/padelhaus.lv\/wp-content\/uploads\/2026\/02\/13.webp\" \/>\n\t<meta property=\"og:image:width\" content=\"1000\" \/>\n\t<meta property=\"og:image:height\" content=\"1000\" \/>\n\t<meta property=\"og:image:type\" content=\"image\/webp\" \/>\n<meta name=\"twitter:card\" content=\"summary_large_image\" \/>\n<meta name=\"twitter:label1\" content=\"Price\" \/>\n\t<meta name=\"twitter:data1\" content=\"239,95&nbsp;&euro;\" \/>\n\t<meta name=\"twitter:label2\" content=\"Availability\" \/>\n\t<meta name=\"twitter:data2\" content=\"In stock\" \/>\n<script type=\"application\/ld+json\" class=\"yoast-schema-graph\">{\"@context\":\"https:\/\/schema.org\",\"@graph\":[{\"@type\":[\"WebPage\",\"ItemPage\"],\"@id\":\"https:\/\/padelhaus.mustlammas-dev.in\/lv\/veikals\/babolat-technical-viper-soft-3-0\/\",\"url\":\"https:\/\/padelhaus.mustlammas-dev.in\/lv\/veikals\/babolat-technical-viper-soft-3-0\/\",\"name\":\"Babolat Technical Viper Soft 3.0 | Test Padelhaus\",\"isPartOf\":{\"@id\":\"https:\/\/padelhaus.mustlammas-dev.in\/lv\/#website\"},\"primaryImageOfPage\":{\"@id\":\"https:\/\/padelhaus.mustlammas-dev.in\/lv\/veikals\/babolat-technical-viper-soft-3-0\/#primaryimage\"},\"image\":{\"@id\":\"https:\/\/padelhaus.mustlammas-dev.in\/lv\/veikals\/babolat-technical-viper-soft-3-0\/#primaryimage\"},\"thumbnailUrl\":\"https:\/\/padelhaus.mustlammas-dev.in\/wp-content\/uploads\/2026\/02\/13.webp\",\"datePublished\":\"2026-02-13T13:47:11+00:00\",\"dateModified\":\"2026-03-02T10:23:58+00:00\",\"description\":\"Mekl\u0113 jaunu padela raketi par labu cenu? Padelhaus pied\u0101v\u0101 lab\u0101ko padela rake\u00f0u izv\u0113li visiem l\u012bme\u0146iem \u2013 tava padela apr\u012bkojuma m\u0101jas.\",\"breadcrumb\":{\"@id\":\"https:\/\/padelhaus.mustlammas-dev.in\/lv\/veikals\/babolat-technical-viper-soft-3-0\/#breadcrumb\"},\"inLanguage\":\"lv-LV\",\"potentialAction\":[{\"@type\":\"ReadAction\",\"target\":[\"https:\/\/padelhaus.mustlammas-dev.in\/lv\/veikals\/babolat-technical-viper-soft-3-0\/\"]}]},{\"@type\":\"ImageObject\",\"inLanguage\":\"lv-LV\",\"@id\":\"https:\/\/padelhaus.mustlammas-dev.in\/lv\/veikals\/babolat-technical-viper-soft-3-0\/#primaryimage\",\"url\":\"https:\/\/padelhaus.mustlammas-dev.in\/wp-content\/uploads\/2026\/02\/13.webp\",\"contentUrl\":\"https:\/\/padelhaus.mustlammas-dev.in\/wp-content\/uploads\/2026\/02\/13.webp\",\"width\":1000,\"height\":1000},{\"@type\":\"BreadcrumbList\",\"@id\":\"https:\/\/padelhaus.mustlammas-dev.in\/lv\/veikals\/babolat-technical-viper-soft-3-0\/#breadcrumb\",\"itemListElement\":[{\"@type\":\"ListItem\",\"position\":1,\"name\":\"S\u0101kumlapa\",\"item\":\"https:\/\/padelhaus.lv\/\"},{\"@type\":\"ListItem\",\"position\":2,\"name\":\"Veikals\",\"item\":\"https:\/\/padelhaus.lv\/veikals\/\"},{\"@type\":\"ListItem\",\"position\":3,\"name\":\"Babolat Technical Viper Soft 3.0\"}]},{\"@type\":\"WebSite\",\"@id\":\"https:\/\/padelhaus.mustlammas-dev.in\/lv\/#website\",\"url\":\"https:\/\/padelhaus.mustlammas-dev.in\/lv\/\",\"name\":\"Claude Padelhaus\",\"description\":\"Sinu padelivarustuse kodu\",\"publisher\":{\"@id\":\"https:\/\/padelhaus.mustlammas-dev.in\/lv\/#organization\"},\"potentialAction\":[{\"@type\":\"SearchAction\",\"target\":{\"@type\":\"EntryPoint\",\"urlTemplate\":\"https:\/\/padelhaus.mustlammas-dev.in\/lv\/?s={search_term_string}\"},\"query-input\":{\"@type\":\"PropertyValueSpecification\",\"valueRequired\":true,\"valueName\":\"search_term_string\"}}],\"inLanguage\":\"lv-LV\"},{\"@type\":\"Organization\",\"@id\":\"https:\/\/padelhaus.mustlammas-dev.in\/lv\/#organization\",\"name\":\"Claude Padelhaus\",\"url\":\"https:\/\/padelhaus.mustlammas-dev.in\/lv\/\",\"logo\":{\"@type\":\"ImageObject\",\"inLanguage\":\"lv-LV\",\"@id\":\"https:\/\/padelhaus.mustlammas-dev.in\/lv\/#\/schema\/logo\/image\/\",\"url\":\"https:\/\/padelhaus.mustlammas-dev.in\/wp-content\/uploads\/2025\/05\/Logo-1.png\",\"contentUrl\":\"https:\/\/padelhaus.mustlammas-dev.in\/wp-content\/uploads\/2025\/05\/Logo-1.png\",\"width\":280,\"height\":115,\"caption\":\"Claude Padelhaus\"},\"image\":{\"@id\":\"https:\/\/padelhaus.mustlammas-dev.in\/lv\/#\/schema\/logo\/image\/\"}}]}<\/script>\n<meta property=\"product:price:amount\" content=\"239.95\" \/>\n<meta property=\"product:price:currency\" content=\"EUR\" \/>\n<meta property=\"og:availability\" content=\"instock\" \/>\n<meta property=\"product:availability\" content=\"instock\" \/>\n<meta property=\"product:retailer_item_id\" content=\"BAB-R-22\" \/>\n<meta property=\"product:condition\" content=\"new\" \/>\n<!-- \/ Yoast SEO Premium plugin. -->","yoast_head_json":{"title":"Babolat Technical Viper Soft 3.0 | Test Padelhaus","description":"Mekl\u0113 jaunu padela raketi par labu cenu? Padelhaus pied\u0101v\u0101 lab\u0101ko padela rake\u00f0u izv\u0113li visiem l\u012bme\u0146iem \u2013 tava padela apr\u012bkojuma m\u0101jas.","robots":{"index":"noindex","follow":"follow","max-snippet":"max-snippet:-1","max-image-preview":"max-image-preview:large","max-video-preview":"max-video-preview:-1"},"og_locale":"lv_LV","og_type":"article","og_title":"Babolat Technical Viper Soft 3.0","og_description":"Mekl\u0113 jaunu padela raketi par labu cenu? Padelhaus pied\u0101v\u0101 lab\u0101ko padela rake\u00f0u izv\u0113li visiem l\u012bme\u0146iem \u2013 tava padela apr\u012bkojuma m\u0101jas.","og_url":"https:\/\/padelhaus.mustlammas-dev.in\/lv\/veikals\/babolat-technical-viper-soft-3-0\/","og_site_name":"Test Padelhaus","article_modified_time":"2026-03-02T10:23:58+00:00","og_image":[{"width":1000,"height":1000,"url":"https:\/\/padelhaus.lv\/wp-content\/uploads\/2026\/02\/13.webp","type":"image\/webp"}],"twitter_card":"summary_large_image","twitter_misc":{"Price":"239,95&nbsp;&euro;","Availability":"In stock"},"schema":{"@context":"https:\/\/schema.org","@graph":[{"@type":["WebPage","ItemPage"],"@id":"https:\/\/padelhaus.mustlammas-dev.in\/lv\/veikals\/babolat-technical-viper-soft-3-0\/","url":"https:\/\/padelhaus.mustlammas-dev.in\/lv\/veikals\/babolat-technical-viper-soft-3-0\/","name":"Babolat Technical Viper Soft 3.0 | Test Padelhaus","isPartOf":{"@id":"https:\/\/padelhaus.mustlammas-dev.in\/lv\/#website"},"primaryImageOfPage":{"@id":"https:\/\/padelhaus.mustlammas-dev.in\/lv\/veikals\/babolat-technical-viper-soft-3-0\/#primaryimage"},"image":{"@id":"https:\/\/padelhaus.mustlammas-dev.in\/lv\/veikals\/babolat-technical-viper-soft-3-0\/#primaryimage"},"thumbnailUrl":"https:\/\/padelhaus.mustlammas-dev.in\/wp-content\/uploads\/2026\/02\/13.webp","datePublished":"2026-02-13T13:47:11+00:00","dateModified":"2026-03-02T10:23:58+00:00","description":"Mekl\u0113 jaunu padela raketi par labu cenu? Padelhaus pied\u0101v\u0101 lab\u0101ko padela rake\u00f0u izv\u0113li visiem l\u012bme\u0146iem \u2013 tava padela apr\u012bkojuma m\u0101jas.","breadcrumb":{"@id":"https:\/\/padelhaus.mustlammas-dev.in\/lv\/veikals\/babolat-technical-viper-soft-3-0\/#breadcrumb"},"inLanguage":"lv-LV","potentialAction":[{"@type":"ReadAction","target":["https:\/\/padelhaus.mustlammas-dev.in\/lv\/veikals\/babolat-technical-viper-soft-3-0\/"]}]},{"@type":"ImageObject","inLanguage":"lv-LV","@id":"https:\/\/padelhaus.mustlammas-dev.in\/lv\/veikals\/babolat-technical-viper-soft-3-0\/#primaryimage","url":"https:\/\/padelhaus.mustlammas-dev.in\/wp-content\/uploads\/2026\/02\/13.webp","contentUrl":"https:\/\/padelhaus.mustlammas-dev.in\/wp-content\/uploads\/2026\/02\/13.webp","width":1000,"height":1000},{"@type":"BreadcrumbList","@id":"https:\/\/padelhaus.mustlammas-dev.in\/lv\/veikals\/babolat-technical-viper-soft-3-0\/#breadcrumb","itemListElement":[{"@type":"ListItem","position":1,"name":"S\u0101kumlapa","item":"https:\/\/padelhaus.lv\/"},{"@type":"ListItem","position":2,"name":"Veikals","item":"https:\/\/padelhaus.lv\/veikals\/"},{"@type":"ListItem","position":3,"name":"Babolat Technical Viper Soft 3.0"}]},{"@type":"WebSite","@id":"https:\/\/padelhaus.mustlammas-dev.in\/lv\/#website","url":"https:\/\/padelhaus.mustlammas-dev.in\/lv\/","name":"Claude Padelhaus","description":"Sinu padelivarustuse kodu","publisher":{"@id":"https:\/\/padelhaus.mustlammas-dev.in\/lv\/#organization"},"potentialAction":[{"@type":"SearchAction","target":{"@type":"EntryPoint","urlTemplate":"https:\/\/padelhaus.mustlammas-dev.in\/lv\/?s={search_term_string}"},"query-input":{"@type":"PropertyValueSpecification","valueRequired":true,"valueName":"search_term_string"}}],"inLanguage":"lv-LV"},{"@type":"Organization","@id":"https:\/\/padelhaus.mustlammas-dev.in\/lv\/#organization","name":"Claude Padelhaus","url":"https:\/\/padelhaus.mustlammas-dev.in\/lv\/","logo":{"@type":"ImageObject","inLanguage":"lv-LV","@id":"https:\/\/padelhaus.mustlammas-dev.in\/lv\/#\/schema\/logo\/image\/","url":"https:\/\/padelhaus.mustlammas-dev.in\/wp-content\/uploads\/2025\/05\/Logo-1.png","contentUrl":"https:\/\/padelhaus.mustlammas-dev.in\/wp-content\/uploads\/2025\/05\/Logo-1.png","width":280,"height":115,"caption":"Claude Padelhaus"},"image":{"@id":"https:\/\/padelhaus.mustlammas-dev.in\/lv\/#\/schema\/logo\/image\/"}}]},"product_price_amount":"239.95","product_price_currency":"EUR","og_availability":"instock","product_availability":"instock","product_retailer_item_id":"BAB-R-22","product_condition":"new"},"_links":{"self":[{"href":"https:\/\/padelhaus.mustlammas-dev.in\/lv\/wp-json\/wp\/v2\/product\/70460","targetHints":{"allow":["GET"]}}],"collection":[{"href":"https:\/\/padelhaus.mustlammas-dev.in\/lv\/wp-json\/wp\/v2\/product"}],"about":[{"href":"https:\/\/padelhaus.mustlammas-dev.in\/lv\/wp-json\/wp\/v2\/types\/product"}],"replies":[{"embeddable":true,"href":"https:\/\/padelhaus.mustlammas-dev.in\/lv\/wp-json\/wp\/v2\/comments?post=70460"}],"wp:featuredmedia":[{"embeddable":true,"href":"https:\/\/padelhaus.mustlammas-dev.in\/lv\/wp-json\/wp\/v2\/media\/70461"}],"wp:attachment":[{"href":"https:\/\/padelhaus.mustlammas-dev.in\/lv\/wp-json\/wp\/v2\/media?parent=70460"}],"wp:term":[{"taxonomy":"product_brand","embeddable":true,"href":"https:\/\/padelhaus.mustlammas-dev.in\/lv\/wp-json\/wp\/v2\/product_brand?post=70460"},{"taxonomy":"product_cat","embeddable":true,"href":"https:\/\/padelhaus.mustlammas-dev.in\/lv\/wp-json\/wp\/v2\/product_cat?post=70460"},{"taxonomy":"product_tag","embeddable":true,"href":"https:\/\/padelhaus.mustlammas-dev.in\/lv\/wp-json\/wp\/v2\/product_tag?post=70460"}],"curies":[{"name":"wp","href":"https:\/\/api.w.org\/{rel}","templated":true}]}}