{"id":70470,"date":"2026-02-13T14:24:55","date_gmt":"2026-02-13T12:24:55","guid":{"rendered":"https:\/\/padelhaus.mustlammas-dev.in\/pood\/babolat-air-viper-2-6\/"},"modified":"2026-02-13T17:54:39","modified_gmt":"2026-02-13T15:54:39","slug":"babolat-air-viper-2-6","status":"publish","type":"product","link":"https:\/\/padelhaus.mustlammas-dev.in\/lv\/veikals\/babolat-air-viper-2-6\/","title":{"rendered":"Babolat Air Viper 2.6"},"content":{"rendered":"<h4><b>Babolat Air Viper 2.6 \u2013 eksploz\u012bva jauda un izcila manevr\u0113tsp\u0113ja<\/b><\/h4>\n<p>&nbsp;<\/p>\n<p class=\"p3\"><span class=\"s2\"><b>Babolat Air Viper 2.6<\/b><\/span> ir rad\u012bta, lai sniegtu eksploz\u012bvu jaudu apvienojum\u0101 ar lielisku vad\u0101m\u012bbu. Pateicoties <span class=\"s2\"><b>piliena formai<\/b><\/span>, <span class=\"s2\"><b>355 gramu svaram<\/b><\/span> un <span class=\"s2\"><b>neitr\u0101lam balansam<\/b><\/span>, \u0161\u012b rakete nodro\u0161ina \u0101tru un dinamisku sniegumu katr\u0101 sitien\u0101. <\/p>\n<p class=\"p3\"><span class=\"s2\"><b>16K oglek\u013ca \u0161\u0137iedras konstrukcija<\/b><\/span> sniedz stabilu un prec\u012bzu atsitienu, savuk\u0101rt <span class=\"s2\"><b>X-EVA kodols<\/b><\/span> pied\u0101v\u0101 \u0113rtu un atsauc\u012bgu saj\u016btu, maksim\u0101li palielinot jaudu, nezaud\u0113jot kontroli. Rakete, kas rad\u012bta domin\u0113\u0161anai uzbrukum\u0101, \u013cauj \u0101tri rea\u0123\u0113t pie t\u012bkla un veikt sp\u0113c\u012bgus, prec\u012bzus volisus \u2013 ide\u0101li piem\u0113rota sp\u0113l\u0113t\u0101jam, kur\u0161 mekl\u0113 \u0101trumu, kontroli un eksplozivit\u0101ti katr\u0101 punkt\u0101. <\/p>\n<p class=\"p1\">\n<h4><b>Rad\u012bta uzbr\u016bko\u0161a stila sp\u0113l\u0113t\u0101jam<\/b><\/h4>\n<p>&nbsp;<\/p>\n<p class=\"p3\">\u0160\u012b piliena formas Babolat rakete ir paredz\u0113ta <span class=\"s2\"><b>uz gaisa uzbrukumiem orient\u0113tam sp\u0113l\u0113t\u0101jam<\/b><\/span>, kura stils balst\u0101s uz agresivit\u0101ti un \u0101tr\u0101m kust\u012bb\u0101m. T\u0101s viegl\u0101 un aerodinamisk\u0101 konstrukcija nodro\u0161ina lielisku mobilit\u0101ti, uzlabojot kontroli pie t\u012bkla un reakcijas \u0101trumu augst\u0101s bumb\u0101s. <\/p>\n<p class=\"p3\">Ide\u0101la izv\u0113le dinamiskam un tehniskam sp\u0113l\u0113t\u0101jam, kur\u0161 v\u0113las domin\u0113t sp\u0113l\u0113 ar precizit\u0101ti un jaudu, uzturot intens\u012bvu un eksploz\u012bvu tempu jau no pirm\u0101 sitiena.<\/p>\n<p class=\"p1\">\n<h4><b>Galven\u0101s priek\u0161roc\u012bbas un tehnolo\u0123ijas<\/b><\/h4>\n<p class=\"p1\">\n<ul>\n<li>\n<p class=\"p1\"><span class=\"s1\"><b>16K Carbon virsmas<\/b><\/span> \u2013 augst\u0101k\u0101s klases austas \u0161\u0137iedras maksim\u0101lai precizit\u0101tei un jaudai<\/p>\n<\/li>\n<li>\n<p class=\"p1\"><span class=\"s1\"><b>X-EVA kodols<\/b><\/span> \u2013 daudzsl\u0101\u0146u sast\u0101vs, kas l\u012bdzsvaro stingr\u012bbu un komfortu<\/p>\n<\/li>\n<li>\n<p class=\"p1\"><span class=\"s1\"><b>Vibrabsorb System\u00b2 Powered by SMAC<\/b><\/span> \u2013 samazina vibr\u0101cijas liel\u0101kam komfortam un traumu nov\u0113r\u0161anai<\/p>\n<\/li>\n<li>\n<p class=\"p1\"><span class=\"s1\"><b>Holes Pattern System<\/b><\/span> \u2013 optimiz\u0113ts caurumu izvietojums lab\u0101kai jaudas p\u0101rvadei un precizit\u0101tei<\/p>\n<\/li>\n<li>\n<p class=\"p1\"><span class=\"s1\"><b>3D Spin+<\/b><\/span> \u2013 reljefa, raupja virsma, kas palielina griezienu un uzlabo bumbas kontroli<\/p>\n<\/li>\n<li>\n<p class=\"p1\"><span class=\"s1\"><b>Smart Buttcap<\/b><\/span> \u2013 no\u0146emama sist\u0113ma vieglai plaukstas siksni\u0146as t\u012br\u012b\u0161anai vai nomai\u0146ai<\/p>\n<\/li>\n<\/ul>\n<p>&nbsp;<\/p>\n","protected":false},"excerpt":{"rendered":"<p>Babolat Air Viper 2.6 \u2013 eksploz\u012bva jauda un izcila manevr\u0113tsp\u0113ja &nbsp; Babolat Air Viper 2.6 ir rad\u012bta, lai sniegtu eksploz\u012bvu jaudu apvienojum\u0101 ar lielisku vad\u0101m\u012bbu. Pateicoties piliena formai, 355 gramu svaram un neitr\u0101lam balansam, \u0161\u012b rakete nodro\u0161ina \u0101tru un dinamisku sniegumu katr\u0101 sitien\u0101. 16K oglek\u013ca \u0161\u0137iedras konstrukcija sniedz stabilu un prec\u012bzu atsitienu, savuk\u0101rt X-EVA kodols [&hellip;]<\/p>\n","protected":false},"featured_media":70471,"comment_status":"open","ping_status":"closed","template":"","meta":{"_eb_attr":""},"product_brand":[377],"product_cat":[388,251,283],"product_tag":[],"class_list":{"0":"post-70470","1":"product","2":"type-product","3":"status-publish","4":"has-post-thumbnail","6":"product_brand-babolat","7":"product_cat-babolat","8":"product_cat-padela-raketes","9":"product_cat-pieredzejusi","10":"pa_kaal-355g","11":"pa_kuju-piliens","12":"pa_mangustiil-uzbrukoss","13":"pa_tasakaal-centra","14":"pa_tase-pieredzejusi","15":"pa_varv-balts","16":"pa_varv-melns","17":"pa_varv-zila","20":"first","21":"instock","22":"sale","23":"featured","24":"taxable","25":"shipping-taxable","26":"purchasable","27":"product-type-simple"},"yoast_head":"<!-- This site is optimized with the Yoast SEO Premium plugin v27.1 (Yoast SEO v27.1.1) - https:\/\/yoast.com\/product\/yoast-seo-premium-wordpress\/ -->\n<title>Babolat Air Viper 2.6 | Test Padelhaus<\/title>\n<meta name=\"description\" content=\"Mekl\u0113 jaunu padela raketi par labu cenu? Padelhaus pied\u0101v\u0101 lab\u0101ko padela rake\u00f0u izv\u0113li visiem l\u012bme\u0146iem \u2013 tava padela apr\u012bkojuma m\u0101jas.\" \/>\n<meta name=\"robots\" content=\"noindex, follow, max-snippet:-1, max-image-preview:large, max-video-preview:-1\" \/>\n<meta property=\"og:locale\" content=\"lv_LV\" \/>\n<meta property=\"og:type\" content=\"article\" \/>\n<meta property=\"og:title\" content=\"Babolat Air Viper 2.6\" \/>\n<meta property=\"og:description\" content=\"Mekl\u0113 jaunu padela raketi par labu cenu? Padelhaus pied\u0101v\u0101 lab\u0101ko padela rake\u00f0u izv\u0113li visiem l\u012bme\u0146iem \u2013 tava padela apr\u012bkojuma m\u0101jas.\" \/>\n<meta property=\"og:url\" content=\"https:\/\/padelhaus.mustlammas-dev.in\/lv\/veikals\/babolat-air-viper-2-6\/\" \/>\n<meta property=\"og:site_name\" content=\"Test Padelhaus\" \/>\n<meta property=\"article:modified_time\" content=\"2026-02-13T15:54:39+00:00\" \/>\n<meta property=\"og:image\" content=\"https:\/\/padelhaus.lv\/wp-content\/uploads\/2026\/02\/5-1.webp\" \/>\n\t<meta property=\"og:image:width\" content=\"1000\" \/>\n\t<meta property=\"og:image:height\" content=\"1000\" \/>\n\t<meta property=\"og:image:type\" content=\"image\/webp\" \/>\n<meta name=\"twitter:card\" content=\"summary_large_image\" \/>\n<meta name=\"twitter:label1\" content=\"Price\" \/>\n\t<meta name=\"twitter:data1\" content=\"259,95&nbsp;&euro;\" \/>\n\t<meta name=\"twitter:label2\" content=\"Availability\" \/>\n\t<meta name=\"twitter:data2\" content=\"In stock\" \/>\n<script type=\"application\/ld+json\" class=\"yoast-schema-graph\">{\"@context\":\"https:\/\/schema.org\",\"@graph\":[{\"@type\":[\"WebPage\",\"ItemPage\"],\"@id\":\"https:\/\/padelhaus.mustlammas-dev.in\/lv\/veikals\/babolat-air-viper-2-6\/\",\"url\":\"https:\/\/padelhaus.mustlammas-dev.in\/lv\/veikals\/babolat-air-viper-2-6\/\",\"name\":\"Babolat Air Viper 2.6 | Test Padelhaus\",\"isPartOf\":{\"@id\":\"https:\/\/padelhaus.mustlammas-dev.in\/lv\/#website\"},\"primaryImageOfPage\":{\"@id\":\"https:\/\/padelhaus.mustlammas-dev.in\/lv\/veikals\/babolat-air-viper-2-6\/#primaryimage\"},\"image\":{\"@id\":\"https:\/\/padelhaus.mustlammas-dev.in\/lv\/veikals\/babolat-air-viper-2-6\/#primaryimage\"},\"thumbnailUrl\":\"https:\/\/padelhaus.mustlammas-dev.in\/wp-content\/uploads\/2026\/02\/5-1.webp\",\"datePublished\":\"2026-02-13T12:24:55+00:00\",\"dateModified\":\"2026-02-13T15:54:39+00:00\",\"description\":\"Mekl\u0113 jaunu padela raketi par labu cenu? Padelhaus pied\u0101v\u0101 lab\u0101ko padela rake\u00f0u izv\u0113li visiem l\u012bme\u0146iem \u2013 tava padela apr\u012bkojuma m\u0101jas.\",\"breadcrumb\":{\"@id\":\"https:\/\/padelhaus.mustlammas-dev.in\/lv\/veikals\/babolat-air-viper-2-6\/#breadcrumb\"},\"inLanguage\":\"lv-LV\",\"potentialAction\":[{\"@type\":\"ReadAction\",\"target\":[\"https:\/\/padelhaus.mustlammas-dev.in\/lv\/veikals\/babolat-air-viper-2-6\/\"]}]},{\"@type\":\"ImageObject\",\"inLanguage\":\"lv-LV\",\"@id\":\"https:\/\/padelhaus.mustlammas-dev.in\/lv\/veikals\/babolat-air-viper-2-6\/#primaryimage\",\"url\":\"https:\/\/padelhaus.mustlammas-dev.in\/wp-content\/uploads\/2026\/02\/5-1.webp\",\"contentUrl\":\"https:\/\/padelhaus.mustlammas-dev.in\/wp-content\/uploads\/2026\/02\/5-1.webp\",\"width\":1000,\"height\":1000},{\"@type\":\"BreadcrumbList\",\"@id\":\"https:\/\/padelhaus.mustlammas-dev.in\/lv\/veikals\/babolat-air-viper-2-6\/#breadcrumb\",\"itemListElement\":[{\"@type\":\"ListItem\",\"position\":1,\"name\":\"S\u0101kumlapa\",\"item\":\"https:\/\/padelhaus.lv\/\"},{\"@type\":\"ListItem\",\"position\":2,\"name\":\"Veikals\",\"item\":\"https:\/\/padelhaus.lv\/veikals\/\"},{\"@type\":\"ListItem\",\"position\":3,\"name\":\"Babolat Air Viper 2.6\"}]},{\"@type\":\"WebSite\",\"@id\":\"https:\/\/padelhaus.mustlammas-dev.in\/lv\/#website\",\"url\":\"https:\/\/padelhaus.mustlammas-dev.in\/lv\/\",\"name\":\"Claude Padelhaus\",\"description\":\"Sinu padelivarustuse kodu\",\"publisher\":{\"@id\":\"https:\/\/padelhaus.mustlammas-dev.in\/lv\/#organization\"},\"potentialAction\":[{\"@type\":\"SearchAction\",\"target\":{\"@type\":\"EntryPoint\",\"urlTemplate\":\"https:\/\/padelhaus.mustlammas-dev.in\/lv\/?s={search_term_string}\"},\"query-input\":{\"@type\":\"PropertyValueSpecification\",\"valueRequired\":true,\"valueName\":\"search_term_string\"}}],\"inLanguage\":\"lv-LV\"},{\"@type\":\"Organization\",\"@id\":\"https:\/\/padelhaus.mustlammas-dev.in\/lv\/#organization\",\"name\":\"Claude Padelhaus\",\"url\":\"https:\/\/padelhaus.mustlammas-dev.in\/lv\/\",\"logo\":{\"@type\":\"ImageObject\",\"inLanguage\":\"lv-LV\",\"@id\":\"https:\/\/padelhaus.mustlammas-dev.in\/lv\/#\/schema\/logo\/image\/\",\"url\":\"https:\/\/padelhaus.mustlammas-dev.in\/wp-content\/uploads\/2025\/05\/Logo-1.png\",\"contentUrl\":\"https:\/\/padelhaus.mustlammas-dev.in\/wp-content\/uploads\/2025\/05\/Logo-1.png\",\"width\":280,\"height\":115,\"caption\":\"Claude Padelhaus\"},\"image\":{\"@id\":\"https:\/\/padelhaus.mustlammas-dev.in\/lv\/#\/schema\/logo\/image\/\"}}]}<\/script>\n<meta property=\"product:price:amount\" content=\"259.95\" \/>\n<meta property=\"product:price:currency\" content=\"EUR\" \/>\n<meta property=\"og:availability\" content=\"instock\" \/>\n<meta property=\"product:availability\" content=\"instock\" \/>\n<meta property=\"product:retailer_item_id\" content=\"BAB-R-20\" \/>\n<meta property=\"product:condition\" content=\"new\" \/>\n<!-- \/ Yoast SEO Premium plugin. -->","yoast_head_json":{"title":"Babolat Air Viper 2.6 | Test Padelhaus","description":"Mekl\u0113 jaunu padela raketi par labu cenu? Padelhaus pied\u0101v\u0101 lab\u0101ko padela rake\u00f0u izv\u0113li visiem l\u012bme\u0146iem \u2013 tava padela apr\u012bkojuma m\u0101jas.","robots":{"index":"noindex","follow":"follow","max-snippet":"max-snippet:-1","max-image-preview":"max-image-preview:large","max-video-preview":"max-video-preview:-1"},"og_locale":"lv_LV","og_type":"article","og_title":"Babolat Air Viper 2.6","og_description":"Mekl\u0113 jaunu padela raketi par labu cenu? Padelhaus pied\u0101v\u0101 lab\u0101ko padela rake\u00f0u izv\u0113li visiem l\u012bme\u0146iem \u2013 tava padela apr\u012bkojuma m\u0101jas.","og_url":"https:\/\/padelhaus.mustlammas-dev.in\/lv\/veikals\/babolat-air-viper-2-6\/","og_site_name":"Test Padelhaus","article_modified_time":"2026-02-13T15:54:39+00:00","og_image":[{"width":1000,"height":1000,"url":"https:\/\/padelhaus.lv\/wp-content\/uploads\/2026\/02\/5-1.webp","type":"image\/webp"}],"twitter_card":"summary_large_image","twitter_misc":{"Price":"259,95&nbsp;&euro;","Availability":"In stock"},"schema":{"@context":"https:\/\/schema.org","@graph":[{"@type":["WebPage","ItemPage"],"@id":"https:\/\/padelhaus.mustlammas-dev.in\/lv\/veikals\/babolat-air-viper-2-6\/","url":"https:\/\/padelhaus.mustlammas-dev.in\/lv\/veikals\/babolat-air-viper-2-6\/","name":"Babolat Air Viper 2.6 | Test Padelhaus","isPartOf":{"@id":"https:\/\/padelhaus.mustlammas-dev.in\/lv\/#website"},"primaryImageOfPage":{"@id":"https:\/\/padelhaus.mustlammas-dev.in\/lv\/veikals\/babolat-air-viper-2-6\/#primaryimage"},"image":{"@id":"https:\/\/padelhaus.mustlammas-dev.in\/lv\/veikals\/babolat-air-viper-2-6\/#primaryimage"},"thumbnailUrl":"https:\/\/padelhaus.mustlammas-dev.in\/wp-content\/uploads\/2026\/02\/5-1.webp","datePublished":"2026-02-13T12:24:55+00:00","dateModified":"2026-02-13T15:54:39+00:00","description":"Mekl\u0113 jaunu padela raketi par labu cenu? Padelhaus pied\u0101v\u0101 lab\u0101ko padela rake\u00f0u izv\u0113li visiem l\u012bme\u0146iem \u2013 tava padela apr\u012bkojuma m\u0101jas.","breadcrumb":{"@id":"https:\/\/padelhaus.mustlammas-dev.in\/lv\/veikals\/babolat-air-viper-2-6\/#breadcrumb"},"inLanguage":"lv-LV","potentialAction":[{"@type":"ReadAction","target":["https:\/\/padelhaus.mustlammas-dev.in\/lv\/veikals\/babolat-air-viper-2-6\/"]}]},{"@type":"ImageObject","inLanguage":"lv-LV","@id":"https:\/\/padelhaus.mustlammas-dev.in\/lv\/veikals\/babolat-air-viper-2-6\/#primaryimage","url":"https:\/\/padelhaus.mustlammas-dev.in\/wp-content\/uploads\/2026\/02\/5-1.webp","contentUrl":"https:\/\/padelhaus.mustlammas-dev.in\/wp-content\/uploads\/2026\/02\/5-1.webp","width":1000,"height":1000},{"@type":"BreadcrumbList","@id":"https:\/\/padelhaus.mustlammas-dev.in\/lv\/veikals\/babolat-air-viper-2-6\/#breadcrumb","itemListElement":[{"@type":"ListItem","position":1,"name":"S\u0101kumlapa","item":"https:\/\/padelhaus.lv\/"},{"@type":"ListItem","position":2,"name":"Veikals","item":"https:\/\/padelhaus.lv\/veikals\/"},{"@type":"ListItem","position":3,"name":"Babolat Air Viper 2.6"}]},{"@type":"WebSite","@id":"https:\/\/padelhaus.mustlammas-dev.in\/lv\/#website","url":"https:\/\/padelhaus.mustlammas-dev.in\/lv\/","name":"Claude Padelhaus","description":"Sinu padelivarustuse kodu","publisher":{"@id":"https:\/\/padelhaus.mustlammas-dev.in\/lv\/#organization"},"potentialAction":[{"@type":"SearchAction","target":{"@type":"EntryPoint","urlTemplate":"https:\/\/padelhaus.mustlammas-dev.in\/lv\/?s={search_term_string}"},"query-input":{"@type":"PropertyValueSpecification","valueRequired":true,"valueName":"search_term_string"}}],"inLanguage":"lv-LV"},{"@type":"Organization","@id":"https:\/\/padelhaus.mustlammas-dev.in\/lv\/#organization","name":"Claude Padelhaus","url":"https:\/\/padelhaus.mustlammas-dev.in\/lv\/","logo":{"@type":"ImageObject","inLanguage":"lv-LV","@id":"https:\/\/padelhaus.mustlammas-dev.in\/lv\/#\/schema\/logo\/image\/","url":"https:\/\/padelhaus.mustlammas-dev.in\/wp-content\/uploads\/2025\/05\/Logo-1.png","contentUrl":"https:\/\/padelhaus.mustlammas-dev.in\/wp-content\/uploads\/2025\/05\/Logo-1.png","width":280,"height":115,"caption":"Claude Padelhaus"},"image":{"@id":"https:\/\/padelhaus.mustlammas-dev.in\/lv\/#\/schema\/logo\/image\/"}}]},"product_price_amount":"259.95","product_price_currency":"EUR","og_availability":"instock","product_availability":"instock","product_retailer_item_id":"BAB-R-20","product_condition":"new"},"_links":{"self":[{"href":"https:\/\/padelhaus.mustlammas-dev.in\/lv\/wp-json\/wp\/v2\/product\/70470","targetHints":{"allow":["GET"]}}],"collection":[{"href":"https:\/\/padelhaus.mustlammas-dev.in\/lv\/wp-json\/wp\/v2\/product"}],"about":[{"href":"https:\/\/padelhaus.mustlammas-dev.in\/lv\/wp-json\/wp\/v2\/types\/product"}],"replies":[{"embeddable":true,"href":"https:\/\/padelhaus.mustlammas-dev.in\/lv\/wp-json\/wp\/v2\/comments?post=70470"}],"wp:featuredmedia":[{"embeddable":true,"href":"https:\/\/padelhaus.mustlammas-dev.in\/lv\/wp-json\/wp\/v2\/media\/70471"}],"wp:attachment":[{"href":"https:\/\/padelhaus.mustlammas-dev.in\/lv\/wp-json\/wp\/v2\/media?parent=70470"}],"wp:term":[{"taxonomy":"product_brand","embeddable":true,"href":"https:\/\/padelhaus.mustlammas-dev.in\/lv\/wp-json\/wp\/v2\/product_brand?post=70470"},{"taxonomy":"product_cat","embeddable":true,"href":"https:\/\/padelhaus.mustlammas-dev.in\/lv\/wp-json\/wp\/v2\/product_cat?post=70470"},{"taxonomy":"product_tag","embeddable":true,"href":"https:\/\/padelhaus.mustlammas-dev.in\/lv\/wp-json\/wp\/v2\/product_tag?post=70470"}],"curies":[{"name":"wp","href":"https:\/\/api.w.org\/{rel}","templated":true}]}}