{"id":70627,"date":"2026-02-18T15:13:30","date_gmt":"2026-02-18T13:13:30","guid":{"rendered":"https:\/\/padelhaus.mustlammas-dev.in\/pood\/wilson-endure-pro-v1-azul\/"},"modified":"2026-02-18T15:56:50","modified_gmt":"2026-02-18T13:56:50","slug":"wilson-endure-pro-v1-blue","status":"publish","type":"product","link":"https:\/\/padelhaus.mustlammas-dev.in\/lv\/veikals\/wilson-endure-pro-v1-blue\/","title":{"rendered":"WILSON ENDURE PRO V1 BLUE"},"content":{"rendered":"<p data-start=\"0\" data-end=\"295\"><strong data-start=\"0\" data-end=\"29\">Wilson Endure Pro V1 Blue<\/strong> ir rakete, kas rad\u012bta sp\u0113l\u0113t\u0101jiem, kuri mekl\u0113 maksim\u0101lu kontroli un precizit\u0101ti katr\u0101 punkt\u0101. T\u0101s apa\u013c\u0101 forma un zemais balanss (260 mm) nodro\u0161ina labu manevr\u0113tsp\u0113ju un \u0101tru vad\u0101m\u012bbu, pal\u012bdzot lab\u0101k kontrol\u0113t bumbu aizsardz\u012bb\u0101 un sare\u017e\u0123\u012btos sitienos.<\/p>\n<p data-start=\"297\" data-end=\"552\">Ar aptuveno svaru 365 grami t\u0101 pied\u0101v\u0101 stabilit\u0101ti un dro\u0161\u012bbu sitiena br\u012bd\u012b, sniedzot p\u0101rliec\u012bbu gan sp\u0113l\u0113 pie t\u012bkla (vol\u0113 sitienos), gan atlecienos no stikla. \u0160\u012b ir l\u012bdzsvarota rakete, kas sniedz p\u0101rliec\u012bbu jau no pirmaj\u0101m izsp\u0113l\u0113m.<\/p>\n<h5 data-start=\"554\" data-end=\"609\">Iztur\u012bga konstrukcija un kvalitat\u012bva saj\u016bta<\/h5>\n<p data-start=\"611\" data-end=\"835\">Raketes sitiena virsmas ir izgatavotas no 3K oglek\u013ca \u0161\u0137iedras, kas nodro\u0161ina iztur\u012bbu un vienm\u0113r\u012bgu reakciju katr\u0101 sitien\u0101. Control Foam kodols pied\u0101v\u0101 \u0113rtu un kontrol\u0113tu saj\u016btu, pal\u012bdzot saglab\u0101t stabilit\u0101ti visas sp\u0113les laik\u0101.<\/p>\n<p data-start=\"837\" data-end=\"1110\" data-is-last-node=\"\" data-is-only-node=\"\">Y-Beam Throat konstrukcija palielina r\u0101mja stabilit\u0101ti, savuk\u0101rt pagarin\u0101tais rokturis \u013cauj \u0113rt\u0101k izpild\u012bt bekhenda sitienus ar ab\u0101m rok\u0101m un papla\u0161ina sp\u0113les iesp\u0113jas. Turkl\u0101t Shock Shield Grip tehnolo\u0123ija pal\u012bdz samazin\u0101t vibr\u0101ciju, sniedzot rokai \u0113rt\u0101ku saj\u016btu.<\/p>\n","protected":false},"excerpt":{"rendered":"<p>Wilson Endure Pro V1 Blue ir rakete, kas rad\u012bta sp\u0113l\u0113t\u0101jiem, kuri mekl\u0113 maksim\u0101lu kontroli un precizit\u0101ti katr\u0101 punkt\u0101. T\u0101s apa\u013c\u0101 forma un zemais balanss (260 mm) nodro\u0161ina labu manevr\u0113tsp\u0113ju un \u0101tru vad\u0101m\u012bbu, pal\u012bdzot lab\u0101k kontrol\u0113t bumbu aizsardz\u012bb\u0101 un sare\u017e\u0123\u012btos sitienos. Ar aptuveno svaru 365 grami t\u0101 pied\u0101v\u0101 stabilit\u0101ti un dro\u0161\u012bbu sitiena br\u012bd\u012b, sniedzot p\u0101rliec\u012bbu gan [&hellip;]<\/p>\n","protected":false},"featured_media":70628,"comment_status":"open","ping_status":"closed","template":"","meta":{"_eb_attr":""},"product_brand":[383],"product_cat":[251,283,385],"product_tag":[],"class_list":{"0":"post-70627","1":"product","2":"type-product","3":"status-publish","4":"has-post-thumbnail","6":"product_brand-wilson","7":"product_cat-padela-raketes","8":"product_cat-pieredzejusi","9":"product_cat-wilson","10":"pa_kaal-365g","11":"pa_kuju-apala","12":"pa_mangustiil-kontrole","13":"pa_tasakaal-zems","14":"pa_tase-pieredzejusi","15":"pa_varv-zila","18":"first","19":"instock","20":"sale","21":"taxable","22":"shipping-taxable","23":"purchasable","24":"product-type-simple"},"yoast_head":"<!-- This site is optimized with the Yoast SEO Premium plugin v27.1 (Yoast SEO v27.1.1) - https:\/\/yoast.com\/product\/yoast-seo-premium-wordpress\/ -->\n<title>WILSON ENDURE PRO V1 BLUE | Test Padelhaus<\/title>\n<meta name=\"description\" content=\"Mekl\u0113 jaunu padela raketi par labu cenu? Padelhaus pied\u0101v\u0101 lab\u0101ko padela rake\u00f0u izv\u0113li visiem l\u012bme\u0146iem \u2013 tava padela apr\u012bkojuma m\u0101jas.\" \/>\n<meta name=\"robots\" content=\"noindex, follow, max-snippet:-1, max-image-preview:large, max-video-preview:-1\" \/>\n<meta property=\"og:locale\" content=\"lv_LV\" \/>\n<meta property=\"og:type\" content=\"article\" \/>\n<meta property=\"og:title\" content=\"WILSON ENDURE PRO V1 BLUE\" \/>\n<meta property=\"og:description\" content=\"Mekl\u0113 jaunu padela raketi par labu cenu? Padelhaus pied\u0101v\u0101 lab\u0101ko padela rake\u00f0u izv\u0113li visiem l\u012bme\u0146iem \u2013 tava padela apr\u012bkojuma m\u0101jas.\" \/>\n<meta property=\"og:url\" content=\"https:\/\/padelhaus.mustlammas-dev.in\/lv\/veikals\/wilson-endure-pro-v1-blue\/\" \/>\n<meta property=\"og:site_name\" content=\"Test Padelhaus\" \/>\n<meta property=\"article:modified_time\" content=\"2026-02-18T13:56:50+00:00\" \/>\n<meta property=\"og:image\" content=\"https:\/\/padelhaus.lv\/wp-content\/uploads\/2026\/02\/1-5.webp\" \/>\n\t<meta property=\"og:image:width\" content=\"1000\" \/>\n\t<meta property=\"og:image:height\" content=\"1000\" \/>\n\t<meta property=\"og:image:type\" content=\"image\/webp\" \/>\n<meta name=\"twitter:card\" content=\"summary_large_image\" \/>\n<meta name=\"twitter:label1\" content=\"Price\" \/>\n\t<meta name=\"twitter:data1\" content=\"289,95&nbsp;&euro;\" \/>\n\t<meta name=\"twitter:label2\" content=\"Availability\" \/>\n\t<meta name=\"twitter:data2\" content=\"In stock\" \/>\n<script type=\"application\/ld+json\" class=\"yoast-schema-graph\">{\"@context\":\"https:\/\/schema.org\",\"@graph\":[{\"@type\":[\"WebPage\",\"ItemPage\"],\"@id\":\"https:\/\/padelhaus.mustlammas-dev.in\/lv\/veikals\/wilson-endure-pro-v1-blue\/\",\"url\":\"https:\/\/padelhaus.mustlammas-dev.in\/lv\/veikals\/wilson-endure-pro-v1-blue\/\",\"name\":\"WILSON ENDURE PRO V1 BLUE | Test Padelhaus\",\"isPartOf\":{\"@id\":\"https:\/\/padelhaus.mustlammas-dev.in\/lv\/#website\"},\"primaryImageOfPage\":{\"@id\":\"https:\/\/padelhaus.mustlammas-dev.in\/lv\/veikals\/wilson-endure-pro-v1-blue\/#primaryimage\"},\"image\":{\"@id\":\"https:\/\/padelhaus.mustlammas-dev.in\/lv\/veikals\/wilson-endure-pro-v1-blue\/#primaryimage\"},\"thumbnailUrl\":\"https:\/\/padelhaus.mustlammas-dev.in\/wp-content\/uploads\/2026\/02\/1-5.webp\",\"datePublished\":\"2026-02-18T13:13:30+00:00\",\"dateModified\":\"2026-02-18T13:56:50+00:00\",\"description\":\"Mekl\u0113 jaunu padela raketi par labu cenu? Padelhaus pied\u0101v\u0101 lab\u0101ko padela rake\u00f0u izv\u0113li visiem l\u012bme\u0146iem \u2013 tava padela apr\u012bkojuma m\u0101jas.\",\"breadcrumb\":{\"@id\":\"https:\/\/padelhaus.mustlammas-dev.in\/lv\/veikals\/wilson-endure-pro-v1-blue\/#breadcrumb\"},\"inLanguage\":\"lv-LV\",\"potentialAction\":[{\"@type\":\"ReadAction\",\"target\":[\"https:\/\/padelhaus.mustlammas-dev.in\/lv\/veikals\/wilson-endure-pro-v1-blue\/\"]}]},{\"@type\":\"ImageObject\",\"inLanguage\":\"lv-LV\",\"@id\":\"https:\/\/padelhaus.mustlammas-dev.in\/lv\/veikals\/wilson-endure-pro-v1-blue\/#primaryimage\",\"url\":\"https:\/\/padelhaus.mustlammas-dev.in\/wp-content\/uploads\/2026\/02\/1-5.webp\",\"contentUrl\":\"https:\/\/padelhaus.mustlammas-dev.in\/wp-content\/uploads\/2026\/02\/1-5.webp\",\"width\":1000,\"height\":1000,\"caption\":\"WILSON ENDURE PRO V1 AZUL\"},{\"@type\":\"BreadcrumbList\",\"@id\":\"https:\/\/padelhaus.mustlammas-dev.in\/lv\/veikals\/wilson-endure-pro-v1-blue\/#breadcrumb\",\"itemListElement\":[{\"@type\":\"ListItem\",\"position\":1,\"name\":\"S\u0101kumlapa\",\"item\":\"https:\/\/padelhaus.lv\/\"},{\"@type\":\"ListItem\",\"position\":2,\"name\":\"Veikals\",\"item\":\"https:\/\/padelhaus.lv\/veikals\/\"},{\"@type\":\"ListItem\",\"position\":3,\"name\":\"WILSON ENDURE PRO V1 BLUE\"}]},{\"@type\":\"WebSite\",\"@id\":\"https:\/\/padelhaus.mustlammas-dev.in\/lv\/#website\",\"url\":\"https:\/\/padelhaus.mustlammas-dev.in\/lv\/\",\"name\":\"Claude Padelhaus\",\"description\":\"Sinu padelivarustuse kodu\",\"publisher\":{\"@id\":\"https:\/\/padelhaus.mustlammas-dev.in\/lv\/#organization\"},\"potentialAction\":[{\"@type\":\"SearchAction\",\"target\":{\"@type\":\"EntryPoint\",\"urlTemplate\":\"https:\/\/padelhaus.mustlammas-dev.in\/lv\/?s={search_term_string}\"},\"query-input\":{\"@type\":\"PropertyValueSpecification\",\"valueRequired\":true,\"valueName\":\"search_term_string\"}}],\"inLanguage\":\"lv-LV\"},{\"@type\":\"Organization\",\"@id\":\"https:\/\/padelhaus.mustlammas-dev.in\/lv\/#organization\",\"name\":\"Claude Padelhaus\",\"url\":\"https:\/\/padelhaus.mustlammas-dev.in\/lv\/\",\"logo\":{\"@type\":\"ImageObject\",\"inLanguage\":\"lv-LV\",\"@id\":\"https:\/\/padelhaus.mustlammas-dev.in\/lv\/#\/schema\/logo\/image\/\",\"url\":\"https:\/\/padelhaus.mustlammas-dev.in\/wp-content\/uploads\/2025\/05\/Logo-1.png\",\"contentUrl\":\"https:\/\/padelhaus.mustlammas-dev.in\/wp-content\/uploads\/2025\/05\/Logo-1.png\",\"width\":280,\"height\":115,\"caption\":\"Claude Padelhaus\"},\"image\":{\"@id\":\"https:\/\/padelhaus.mustlammas-dev.in\/lv\/#\/schema\/logo\/image\/\"}}]}<\/script>\n<meta property=\"product:price:amount\" content=\"289.95\" \/>\n<meta property=\"product:price:currency\" content=\"EUR\" \/>\n<meta property=\"og:availability\" content=\"instock\" \/>\n<meta property=\"product:availability\" content=\"instock\" \/>\n<meta property=\"product:retailer_item_id\" content=\"WIL-R-17\" \/>\n<meta property=\"product:condition\" content=\"new\" \/>\n<!-- \/ Yoast SEO Premium plugin. -->","yoast_head_json":{"title":"WILSON ENDURE PRO V1 BLUE | Test Padelhaus","description":"Mekl\u0113 jaunu padela raketi par labu cenu? Padelhaus pied\u0101v\u0101 lab\u0101ko padela rake\u00f0u izv\u0113li visiem l\u012bme\u0146iem \u2013 tava padela apr\u012bkojuma m\u0101jas.","robots":{"index":"noindex","follow":"follow","max-snippet":"max-snippet:-1","max-image-preview":"max-image-preview:large","max-video-preview":"max-video-preview:-1"},"og_locale":"lv_LV","og_type":"article","og_title":"WILSON ENDURE PRO V1 BLUE","og_description":"Mekl\u0113 jaunu padela raketi par labu cenu? Padelhaus pied\u0101v\u0101 lab\u0101ko padela rake\u00f0u izv\u0113li visiem l\u012bme\u0146iem \u2013 tava padela apr\u012bkojuma m\u0101jas.","og_url":"https:\/\/padelhaus.mustlammas-dev.in\/lv\/veikals\/wilson-endure-pro-v1-blue\/","og_site_name":"Test Padelhaus","article_modified_time":"2026-02-18T13:56:50+00:00","og_image":[{"width":1000,"height":1000,"url":"https:\/\/padelhaus.lv\/wp-content\/uploads\/2026\/02\/1-5.webp","type":"image\/webp"}],"twitter_card":"summary_large_image","twitter_misc":{"Price":"289,95&nbsp;&euro;","Availability":"In stock"},"schema":{"@context":"https:\/\/schema.org","@graph":[{"@type":["WebPage","ItemPage"],"@id":"https:\/\/padelhaus.mustlammas-dev.in\/lv\/veikals\/wilson-endure-pro-v1-blue\/","url":"https:\/\/padelhaus.mustlammas-dev.in\/lv\/veikals\/wilson-endure-pro-v1-blue\/","name":"WILSON ENDURE PRO V1 BLUE | Test Padelhaus","isPartOf":{"@id":"https:\/\/padelhaus.mustlammas-dev.in\/lv\/#website"},"primaryImageOfPage":{"@id":"https:\/\/padelhaus.mustlammas-dev.in\/lv\/veikals\/wilson-endure-pro-v1-blue\/#primaryimage"},"image":{"@id":"https:\/\/padelhaus.mustlammas-dev.in\/lv\/veikals\/wilson-endure-pro-v1-blue\/#primaryimage"},"thumbnailUrl":"https:\/\/padelhaus.mustlammas-dev.in\/wp-content\/uploads\/2026\/02\/1-5.webp","datePublished":"2026-02-18T13:13:30+00:00","dateModified":"2026-02-18T13:56:50+00:00","description":"Mekl\u0113 jaunu padela raketi par labu cenu? Padelhaus pied\u0101v\u0101 lab\u0101ko padela rake\u00f0u izv\u0113li visiem l\u012bme\u0146iem \u2013 tava padela apr\u012bkojuma m\u0101jas.","breadcrumb":{"@id":"https:\/\/padelhaus.mustlammas-dev.in\/lv\/veikals\/wilson-endure-pro-v1-blue\/#breadcrumb"},"inLanguage":"lv-LV","potentialAction":[{"@type":"ReadAction","target":["https:\/\/padelhaus.mustlammas-dev.in\/lv\/veikals\/wilson-endure-pro-v1-blue\/"]}]},{"@type":"ImageObject","inLanguage":"lv-LV","@id":"https:\/\/padelhaus.mustlammas-dev.in\/lv\/veikals\/wilson-endure-pro-v1-blue\/#primaryimage","url":"https:\/\/padelhaus.mustlammas-dev.in\/wp-content\/uploads\/2026\/02\/1-5.webp","contentUrl":"https:\/\/padelhaus.mustlammas-dev.in\/wp-content\/uploads\/2026\/02\/1-5.webp","width":1000,"height":1000,"caption":"WILSON ENDURE PRO V1 AZUL"},{"@type":"BreadcrumbList","@id":"https:\/\/padelhaus.mustlammas-dev.in\/lv\/veikals\/wilson-endure-pro-v1-blue\/#breadcrumb","itemListElement":[{"@type":"ListItem","position":1,"name":"S\u0101kumlapa","item":"https:\/\/padelhaus.lv\/"},{"@type":"ListItem","position":2,"name":"Veikals","item":"https:\/\/padelhaus.lv\/veikals\/"},{"@type":"ListItem","position":3,"name":"WILSON ENDURE PRO V1 BLUE"}]},{"@type":"WebSite","@id":"https:\/\/padelhaus.mustlammas-dev.in\/lv\/#website","url":"https:\/\/padelhaus.mustlammas-dev.in\/lv\/","name":"Claude Padelhaus","description":"Sinu padelivarustuse kodu","publisher":{"@id":"https:\/\/padelhaus.mustlammas-dev.in\/lv\/#organization"},"potentialAction":[{"@type":"SearchAction","target":{"@type":"EntryPoint","urlTemplate":"https:\/\/padelhaus.mustlammas-dev.in\/lv\/?s={search_term_string}"},"query-input":{"@type":"PropertyValueSpecification","valueRequired":true,"valueName":"search_term_string"}}],"inLanguage":"lv-LV"},{"@type":"Organization","@id":"https:\/\/padelhaus.mustlammas-dev.in\/lv\/#organization","name":"Claude Padelhaus","url":"https:\/\/padelhaus.mustlammas-dev.in\/lv\/","logo":{"@type":"ImageObject","inLanguage":"lv-LV","@id":"https:\/\/padelhaus.mustlammas-dev.in\/lv\/#\/schema\/logo\/image\/","url":"https:\/\/padelhaus.mustlammas-dev.in\/wp-content\/uploads\/2025\/05\/Logo-1.png","contentUrl":"https:\/\/padelhaus.mustlammas-dev.in\/wp-content\/uploads\/2025\/05\/Logo-1.png","width":280,"height":115,"caption":"Claude Padelhaus"},"image":{"@id":"https:\/\/padelhaus.mustlammas-dev.in\/lv\/#\/schema\/logo\/image\/"}}]},"product_price_amount":"289.95","product_price_currency":"EUR","og_availability":"instock","product_availability":"instock","product_retailer_item_id":"WIL-R-17","product_condition":"new"},"_links":{"self":[{"href":"https:\/\/padelhaus.mustlammas-dev.in\/lv\/wp-json\/wp\/v2\/product\/70627","targetHints":{"allow":["GET"]}}],"collection":[{"href":"https:\/\/padelhaus.mustlammas-dev.in\/lv\/wp-json\/wp\/v2\/product"}],"about":[{"href":"https:\/\/padelhaus.mustlammas-dev.in\/lv\/wp-json\/wp\/v2\/types\/product"}],"replies":[{"embeddable":true,"href":"https:\/\/padelhaus.mustlammas-dev.in\/lv\/wp-json\/wp\/v2\/comments?post=70627"}],"wp:featuredmedia":[{"embeddable":true,"href":"https:\/\/padelhaus.mustlammas-dev.in\/lv\/wp-json\/wp\/v2\/media\/70628"}],"wp:attachment":[{"href":"https:\/\/padelhaus.mustlammas-dev.in\/lv\/wp-json\/wp\/v2\/media?parent=70627"}],"wp:term":[{"taxonomy":"product_brand","embeddable":true,"href":"https:\/\/padelhaus.mustlammas-dev.in\/lv\/wp-json\/wp\/v2\/product_brand?post=70627"},{"taxonomy":"product_cat","embeddable":true,"href":"https:\/\/padelhaus.mustlammas-dev.in\/lv\/wp-json\/wp\/v2\/product_cat?post=70627"},{"taxonomy":"product_tag","embeddable":true,"href":"https:\/\/padelhaus.mustlammas-dev.in\/lv\/wp-json\/wp\/v2\/product_tag?post=70627"}],"curies":[{"name":"wp","href":"https:\/\/api.w.org\/{rel}","templated":true}]}}