{"id":70637,"date":"2026-02-18T15:21:00","date_gmt":"2026-02-18T13:21:00","guid":{"rendered":"https:\/\/padelhaus.mustlammas-dev.in\/pood\/wilson-endure-ls-v1\/"},"modified":"2026-03-10T02:05:34","modified_gmt":"2026-03-10T00:05:34","slug":"wilson-endure-ls-v1","status":"publish","type":"product","link":"https:\/\/padelhaus.mustlammas-dev.in\/lv\/veikals\/wilson-endure-ls-v1\/","title":{"rendered":"WILSON ENDURE LS V1"},"content":{"rendered":"<p data-start=\"0\" data-end=\"289\"><strong data-start=\"0\" data-end=\"23\">Wilson Endure LS V1<\/strong> ir rakete, kas rad\u012bta tehniskai sp\u0113lei, kuras pamat\u0101 ir precizit\u0101te un stabilit\u0101te. T\u0101s apa\u013c\u0101 forma palielina sitiena zonu (sweet spot) un atvieglo t\u012br\u0101ku kontaktu ar bumbu, savuk\u0101rt zemais balanss veicina \u0101tru vad\u0101m\u012bbu pie t\u012bkla un aizsardz\u012bbas situ\u0101cij\u0101s. <\/p>\n<p data-start=\"291\" data-end=\"438\">Aptuveni 355 gramu svars pied\u0101v\u0101 l\u012bdzsvarotu attiec\u012bbu starp kontroli un mobilit\u0101ti, pal\u012bdzot izvair\u012bties no noguruma garu sp\u0113\u013cu laik\u0101.<\/p>\n<p data-start=\"440\" data-end=\"684\">Comfort Flex sitiena virsmas nodro\u0161ina m\u012bkst\u0101ku reakciju sitiena br\u012bd\u012b, sl\u0101p\u0113 vibr\u0101ciju un palielina komfortu ar katru sitienu. Turkl\u0101t Control Foam kodols sniedz lab\u0101ku saj\u016btu un pal\u012bdz saglab\u0101t bumbas virzienu ar\u012b sare\u017e\u0123\u012bt\u0101s izsp\u0113l\u0113s. <\/p>\n<h5 data-start=\"691\" data-end=\"764\">Rad\u012bta uz kontroli orient\u0113tam vid\u0113ja un pieredz\u0113ju\u0161a l\u012bme\u0146a sp\u0113l\u0113t\u0101jam<\/h5>\n<p data-start=\"766\" data-end=\"1033\">\u0160\u012b apa\u013c\u0101 Wilson rakete ir paredz\u0113ta sp\u0113l\u0113t\u0101jiem, kuri dod priek\u0161roku bumbas izvietojumam un stabilit\u0101tei, nevis t\u012bram sp\u0113kam. T\u0101 ir \u012bpa\u0161i piem\u0113rota taktiska stila sp\u0113l\u0113t\u0101jiem, kuri paciet\u012bgi izsp\u0113l\u0113 punktus, aizsarg\u0101jas no gala l\u012bnijas un tiecas p\u0113c precizit\u0101tes sitienos pie t\u012bkla un uzbrukum\u0101. <\/p>\n<p data-start=\"1035\" data-end=\"1351\">Raketes lab\u0101 manevr\u0113tsp\u0113ja \u013cauj \u0101tri rea\u0123\u0113t blokos un sitienos no stikla, savuk\u0101rt kontrol\u0113tais bumbas \u0101trums pal\u012bdz uztur\u0113t sp\u0113les tempu un samazin\u0101t vienk\u0101r\u0161as k\u013c\u016bdas. T\u0101 ir ide\u0101la izv\u0113le sp\u0113l\u0113t\u0101jiem, kuri regul\u0101ri tren\u0113jas un v\u0113las att\u012bst\u012bt savu sp\u0113li, nezaud\u0113jot komfortu un p\u0101rliec\u012bbu. <\/p>\n<h5 data-start=\"1358\" data-end=\"1386\">Uzlabot\u0101s tehnolo\u0123ijas<\/h5>\n<ul data-start=\"1388\" data-end=\"2057\" data-is-last-node=\"\" data-is-only-node=\"\">\n<li data-start=\"1388\" data-end=\"1487\">\n<p data-start=\"1390\" data-end=\"1487\"><strong data-start=\"1390\" data-end=\"1415\">ExactTouch Technology<\/strong> \u2013 tekstur\u0113ta virsma, kas uzlabo griezienu un kontroli grieztajos sitienos<\/p>\n<\/li>\n<li data-start=\"1488\" data-end=\"1586\">\n<p data-start=\"1490\" data-end=\"1586\"><strong data-start=\"1490\" data-end=\"1514\">Control Hole Pattern<\/strong> \u2013 optimiz\u0113ts caurumu izvietojums precizit\u0101tes un sitienu iztur\u012bbas uzlabo\u0161anai<\/p>\n<\/li>\n<li data-start=\"1587\" data-end=\"1683\">\n<p data-start=\"1589\" data-end=\"1683\"><strong data-start=\"1589\" data-end=\"1614\">Sharp Hole Technology<\/strong> \u2013 uzlabota urb\u0161anas tehnolo\u0123ija, kas palielina bumbas \u201csa\u0137eri\u201d<\/p>\n<\/li>\n<li data-start=\"1684\" data-end=\"1774\">\n<p data-start=\"1686\" data-end=\"1774\"><strong data-start=\"1686\" data-end=\"1702\">Sublime Grip<\/strong> \u2013 ergonomisks rokturis, kas samazina vibr\u0101ciju un uzlabo sa\u0137eri<\/p>\n<\/li>\n<li data-start=\"1775\" data-end=\"1871\">\n<p data-start=\"1777\" data-end=\"1871\"><strong data-start=\"1777\" data-end=\"1794\">Y-Beam Throat<\/strong> \u2013 konstrukcijas kakli\u0146\u0161, kas palielina stabilit\u0101ti un manevr\u0113tsp\u0113ju<\/p>\n<\/li>\n<li data-start=\"1872\" data-end=\"1977\">\n<p data-start=\"1874\" data-end=\"1977\"><strong data-start=\"1874\" data-end=\"1893\">Extended Handle<\/strong> \u2013 pagarin\u0101ts rokturis, kas piem\u0113rots divu roku bekhendam un nodro\u0161ina liel\u0101ku sviru<\/p>\n<\/li>\n<li data-start=\"1978\" data-end=\"2057\" data-is-last-node=\"\">\n<p data-start=\"1980\" data-end=\"2057\" data-is-last-node=\"\"><strong data-start=\"1980\" data-end=\"1996\">Control Foam<\/strong> \u2013 divu bl\u012bvumu kodols, kas uzlabo precizit\u0101ti un saj\u016btu<\/p>\n<\/li>\n<\/ul>\n","protected":false},"excerpt":{"rendered":"<p>Wilson Endure LS V1 ir rakete, kas rad\u012bta tehniskai sp\u0113lei, kuras pamat\u0101 ir precizit\u0101te un stabilit\u0101te. T\u0101s apa\u013c\u0101 forma palielina sitiena zonu (sweet spot) un atvieglo t\u012br\u0101ku kontaktu ar bumbu, savuk\u0101rt zemais balanss veicina \u0101tru vad\u0101m\u012bbu pie t\u012bkla un aizsardz\u012bbas situ\u0101cij\u0101s. Aptuveni 355 gramu svars pied\u0101v\u0101 l\u012bdzsvarotu attiec\u012bbu starp kontroli un mobilit\u0101ti, pal\u012bdzot izvair\u012bties no [&hellip;]<\/p>\n","protected":false},"featured_media":70638,"comment_status":"open","ping_status":"closed","template":"","meta":{"_eb_attr":""},"product_brand":[383],"product_cat":[251,331,385],"product_tag":[],"class_list":{"0":"post-70637","1":"product","2":"type-product","3":"status-publish","4":"has-post-thumbnail","6":"product_brand-wilson","7":"product_cat-padela-raketes","8":"product_cat-videjais-limenis","9":"product_cat-wilson","10":"pa_kaal-355g","11":"pa_kuju-apala","12":"pa_mangustiil-kontrole","13":"pa_tasakaal-zems","14":"pa_tase-videjais-limenis","15":"pa_varv-zila","18":"first","19":"onbackorder","20":"sale","21":"taxable","22":"shipping-taxable","23":"purchasable","24":"product-type-simple"},"yoast_head":"<!-- This site is optimized with the Yoast SEO Premium plugin v27.1 (Yoast SEO v27.1.1) - https:\/\/yoast.com\/product\/yoast-seo-premium-wordpress\/ -->\n<title>WILSON ENDURE LS V1 | Test Padelhaus<\/title>\n<meta name=\"description\" content=\"Mekl\u0113 jaunu padela raketi par labu cenu? Padelhaus pied\u0101v\u0101 lab\u0101ko padela rake\u00f0u izv\u0113li visiem l\u012bme\u0146iem \u2013 tava padela apr\u012bkojuma m\u0101jas.\" \/>\n<meta name=\"robots\" content=\"noindex, follow, max-snippet:-1, max-image-preview:large, max-video-preview:-1\" \/>\n<meta property=\"og:locale\" content=\"lv_LV\" \/>\n<meta property=\"og:type\" content=\"article\" \/>\n<meta property=\"og:title\" content=\"WILSON ENDURE LS V1\" \/>\n<meta property=\"og:description\" content=\"Mekl\u0113 jaunu padela raketi par labu cenu? Padelhaus pied\u0101v\u0101 lab\u0101ko padela rake\u00f0u izv\u0113li visiem l\u012bme\u0146iem \u2013 tava padela apr\u012bkojuma m\u0101jas.\" \/>\n<meta property=\"og:url\" content=\"https:\/\/padelhaus.mustlammas-dev.in\/lv\/veikals\/wilson-endure-ls-v1\/\" \/>\n<meta property=\"og:site_name\" content=\"Test Padelhaus\" \/>\n<meta property=\"article:modified_time\" content=\"2026-03-10T00:05:34+00:00\" \/>\n<meta property=\"og:image\" content=\"https:\/\/padelhaus.lv\/wp-content\/uploads\/2026\/02\/5-4.webp\" \/>\n\t<meta property=\"og:image:width\" content=\"1000\" \/>\n\t<meta property=\"og:image:height\" content=\"1000\" \/>\n\t<meta property=\"og:image:type\" content=\"image\/webp\" \/>\n<meta name=\"twitter:card\" content=\"summary_large_image\" \/>\n<meta name=\"twitter:label1\" content=\"Price\" \/>\n\t<meta name=\"twitter:data1\" content=\"184,95&nbsp;&euro;\" \/>\n\t<meta name=\"twitter:label2\" content=\"Availability\" \/>\n\t<meta name=\"twitter:data2\" content=\"On backorder\" \/>\n<script type=\"application\/ld+json\" class=\"yoast-schema-graph\">{\"@context\":\"https:\/\/schema.org\",\"@graph\":[{\"@type\":[\"WebPage\",\"ItemPage\"],\"@id\":\"https:\/\/padelhaus.mustlammas-dev.in\/lv\/veikals\/wilson-endure-ls-v1\/\",\"url\":\"https:\/\/padelhaus.mustlammas-dev.in\/lv\/veikals\/wilson-endure-ls-v1\/\",\"name\":\"WILSON ENDURE LS V1 | Test Padelhaus\",\"isPartOf\":{\"@id\":\"https:\/\/padelhaus.mustlammas-dev.in\/lv\/#website\"},\"primaryImageOfPage\":{\"@id\":\"https:\/\/padelhaus.mustlammas-dev.in\/lv\/veikals\/wilson-endure-ls-v1\/#primaryimage\"},\"image\":{\"@id\":\"https:\/\/padelhaus.mustlammas-dev.in\/lv\/veikals\/wilson-endure-ls-v1\/#primaryimage\"},\"thumbnailUrl\":\"https:\/\/padelhaus.mustlammas-dev.in\/wp-content\/uploads\/2026\/02\/5-4.webp\",\"datePublished\":\"2026-02-18T13:21:00+00:00\",\"dateModified\":\"2026-03-10T00:05:34+00:00\",\"description\":\"Mekl\u0113 jaunu padela raketi par labu cenu? Padelhaus pied\u0101v\u0101 lab\u0101ko padela rake\u00f0u izv\u0113li visiem l\u012bme\u0146iem \u2013 tava padela apr\u012bkojuma m\u0101jas.\",\"breadcrumb\":{\"@id\":\"https:\/\/padelhaus.mustlammas-dev.in\/lv\/veikals\/wilson-endure-ls-v1\/#breadcrumb\"},\"inLanguage\":\"lv-LV\",\"potentialAction\":[{\"@type\":\"ReadAction\",\"target\":[\"https:\/\/padelhaus.mustlammas-dev.in\/lv\/veikals\/wilson-endure-ls-v1\/\"]}]},{\"@type\":\"ImageObject\",\"inLanguage\":\"lv-LV\",\"@id\":\"https:\/\/padelhaus.mustlammas-dev.in\/lv\/veikals\/wilson-endure-ls-v1\/#primaryimage\",\"url\":\"https:\/\/padelhaus.mustlammas-dev.in\/wp-content\/uploads\/2026\/02\/5-4.webp\",\"contentUrl\":\"https:\/\/padelhaus.mustlammas-dev.in\/wp-content\/uploads\/2026\/02\/5-4.webp\",\"width\":1000,\"height\":1000,\"caption\":\"WILSON ENDURE LS V1\"},{\"@type\":\"BreadcrumbList\",\"@id\":\"https:\/\/padelhaus.mustlammas-dev.in\/lv\/veikals\/wilson-endure-ls-v1\/#breadcrumb\",\"itemListElement\":[{\"@type\":\"ListItem\",\"position\":1,\"name\":\"S\u0101kumlapa\",\"item\":\"https:\/\/padelhaus.lv\/\"},{\"@type\":\"ListItem\",\"position\":2,\"name\":\"Veikals\",\"item\":\"https:\/\/padelhaus.lv\/veikals\/\"},{\"@type\":\"ListItem\",\"position\":3,\"name\":\"WILSON ENDURE LS V1\"}]},{\"@type\":\"WebSite\",\"@id\":\"https:\/\/padelhaus.mustlammas-dev.in\/lv\/#website\",\"url\":\"https:\/\/padelhaus.mustlammas-dev.in\/lv\/\",\"name\":\"Claude Padelhaus\",\"description\":\"Sinu padelivarustuse kodu\",\"publisher\":{\"@id\":\"https:\/\/padelhaus.mustlammas-dev.in\/lv\/#organization\"},\"potentialAction\":[{\"@type\":\"SearchAction\",\"target\":{\"@type\":\"EntryPoint\",\"urlTemplate\":\"https:\/\/padelhaus.mustlammas-dev.in\/lv\/?s={search_term_string}\"},\"query-input\":{\"@type\":\"PropertyValueSpecification\",\"valueRequired\":true,\"valueName\":\"search_term_string\"}}],\"inLanguage\":\"lv-LV\"},{\"@type\":\"Organization\",\"@id\":\"https:\/\/padelhaus.mustlammas-dev.in\/lv\/#organization\",\"name\":\"Claude Padelhaus\",\"url\":\"https:\/\/padelhaus.mustlammas-dev.in\/lv\/\",\"logo\":{\"@type\":\"ImageObject\",\"inLanguage\":\"lv-LV\",\"@id\":\"https:\/\/padelhaus.mustlammas-dev.in\/lv\/#\/schema\/logo\/image\/\",\"url\":\"https:\/\/padelhaus.mustlammas-dev.in\/wp-content\/uploads\/2025\/05\/Logo-1.png\",\"contentUrl\":\"https:\/\/padelhaus.mustlammas-dev.in\/wp-content\/uploads\/2025\/05\/Logo-1.png\",\"width\":280,\"height\":115,\"caption\":\"Claude Padelhaus\"},\"image\":{\"@id\":\"https:\/\/padelhaus.mustlammas-dev.in\/lv\/#\/schema\/logo\/image\/\"}}]}<\/script>\n<meta property=\"product:price:amount\" content=\"184.95\" \/>\n<meta property=\"product:price:currency\" content=\"EUR\" \/>\n<meta property=\"og:availability\" content=\"backorder\" \/>\n<meta property=\"product:availability\" content=\"available for order\" \/>\n<meta property=\"product:retailer_item_id\" content=\"WIL-R-18\" \/>\n<meta property=\"product:condition\" content=\"new\" \/>\n<!-- \/ Yoast SEO Premium plugin. -->","yoast_head_json":{"title":"WILSON ENDURE LS V1 | Test Padelhaus","description":"Mekl\u0113 jaunu padela raketi par labu cenu? Padelhaus pied\u0101v\u0101 lab\u0101ko padela rake\u00f0u izv\u0113li visiem l\u012bme\u0146iem \u2013 tava padela apr\u012bkojuma m\u0101jas.","robots":{"index":"noindex","follow":"follow","max-snippet":"max-snippet:-1","max-image-preview":"max-image-preview:large","max-video-preview":"max-video-preview:-1"},"og_locale":"lv_LV","og_type":"article","og_title":"WILSON ENDURE LS V1","og_description":"Mekl\u0113 jaunu padela raketi par labu cenu? Padelhaus pied\u0101v\u0101 lab\u0101ko padela rake\u00f0u izv\u0113li visiem l\u012bme\u0146iem \u2013 tava padela apr\u012bkojuma m\u0101jas.","og_url":"https:\/\/padelhaus.mustlammas-dev.in\/lv\/veikals\/wilson-endure-ls-v1\/","og_site_name":"Test Padelhaus","article_modified_time":"2026-03-10T00:05:34+00:00","og_image":[{"width":1000,"height":1000,"url":"https:\/\/padelhaus.lv\/wp-content\/uploads\/2026\/02\/5-4.webp","type":"image\/webp"}],"twitter_card":"summary_large_image","twitter_misc":{"Price":"184,95&nbsp;&euro;","Availability":"On backorder"},"schema":{"@context":"https:\/\/schema.org","@graph":[{"@type":["WebPage","ItemPage"],"@id":"https:\/\/padelhaus.mustlammas-dev.in\/lv\/veikals\/wilson-endure-ls-v1\/","url":"https:\/\/padelhaus.mustlammas-dev.in\/lv\/veikals\/wilson-endure-ls-v1\/","name":"WILSON ENDURE LS V1 | Test Padelhaus","isPartOf":{"@id":"https:\/\/padelhaus.mustlammas-dev.in\/lv\/#website"},"primaryImageOfPage":{"@id":"https:\/\/padelhaus.mustlammas-dev.in\/lv\/veikals\/wilson-endure-ls-v1\/#primaryimage"},"image":{"@id":"https:\/\/padelhaus.mustlammas-dev.in\/lv\/veikals\/wilson-endure-ls-v1\/#primaryimage"},"thumbnailUrl":"https:\/\/padelhaus.mustlammas-dev.in\/wp-content\/uploads\/2026\/02\/5-4.webp","datePublished":"2026-02-18T13:21:00+00:00","dateModified":"2026-03-10T00:05:34+00:00","description":"Mekl\u0113 jaunu padela raketi par labu cenu? Padelhaus pied\u0101v\u0101 lab\u0101ko padela rake\u00f0u izv\u0113li visiem l\u012bme\u0146iem \u2013 tava padela apr\u012bkojuma m\u0101jas.","breadcrumb":{"@id":"https:\/\/padelhaus.mustlammas-dev.in\/lv\/veikals\/wilson-endure-ls-v1\/#breadcrumb"},"inLanguage":"lv-LV","potentialAction":[{"@type":"ReadAction","target":["https:\/\/padelhaus.mustlammas-dev.in\/lv\/veikals\/wilson-endure-ls-v1\/"]}]},{"@type":"ImageObject","inLanguage":"lv-LV","@id":"https:\/\/padelhaus.mustlammas-dev.in\/lv\/veikals\/wilson-endure-ls-v1\/#primaryimage","url":"https:\/\/padelhaus.mustlammas-dev.in\/wp-content\/uploads\/2026\/02\/5-4.webp","contentUrl":"https:\/\/padelhaus.mustlammas-dev.in\/wp-content\/uploads\/2026\/02\/5-4.webp","width":1000,"height":1000,"caption":"WILSON ENDURE LS V1"},{"@type":"BreadcrumbList","@id":"https:\/\/padelhaus.mustlammas-dev.in\/lv\/veikals\/wilson-endure-ls-v1\/#breadcrumb","itemListElement":[{"@type":"ListItem","position":1,"name":"S\u0101kumlapa","item":"https:\/\/padelhaus.lv\/"},{"@type":"ListItem","position":2,"name":"Veikals","item":"https:\/\/padelhaus.lv\/veikals\/"},{"@type":"ListItem","position":3,"name":"WILSON ENDURE LS V1"}]},{"@type":"WebSite","@id":"https:\/\/padelhaus.mustlammas-dev.in\/lv\/#website","url":"https:\/\/padelhaus.mustlammas-dev.in\/lv\/","name":"Claude Padelhaus","description":"Sinu padelivarustuse kodu","publisher":{"@id":"https:\/\/padelhaus.mustlammas-dev.in\/lv\/#organization"},"potentialAction":[{"@type":"SearchAction","target":{"@type":"EntryPoint","urlTemplate":"https:\/\/padelhaus.mustlammas-dev.in\/lv\/?s={search_term_string}"},"query-input":{"@type":"PropertyValueSpecification","valueRequired":true,"valueName":"search_term_string"}}],"inLanguage":"lv-LV"},{"@type":"Organization","@id":"https:\/\/padelhaus.mustlammas-dev.in\/lv\/#organization","name":"Claude Padelhaus","url":"https:\/\/padelhaus.mustlammas-dev.in\/lv\/","logo":{"@type":"ImageObject","inLanguage":"lv-LV","@id":"https:\/\/padelhaus.mustlammas-dev.in\/lv\/#\/schema\/logo\/image\/","url":"https:\/\/padelhaus.mustlammas-dev.in\/wp-content\/uploads\/2025\/05\/Logo-1.png","contentUrl":"https:\/\/padelhaus.mustlammas-dev.in\/wp-content\/uploads\/2025\/05\/Logo-1.png","width":280,"height":115,"caption":"Claude Padelhaus"},"image":{"@id":"https:\/\/padelhaus.mustlammas-dev.in\/lv\/#\/schema\/logo\/image\/"}}]},"product_price_amount":"184.95","product_price_currency":"EUR","og_availability":"backorder","product_availability":"available for order","product_retailer_item_id":"WIL-R-18","product_condition":"new"},"_links":{"self":[{"href":"https:\/\/padelhaus.mustlammas-dev.in\/lv\/wp-json\/wp\/v2\/product\/70637","targetHints":{"allow":["GET"]}}],"collection":[{"href":"https:\/\/padelhaus.mustlammas-dev.in\/lv\/wp-json\/wp\/v2\/product"}],"about":[{"href":"https:\/\/padelhaus.mustlammas-dev.in\/lv\/wp-json\/wp\/v2\/types\/product"}],"replies":[{"embeddable":true,"href":"https:\/\/padelhaus.mustlammas-dev.in\/lv\/wp-json\/wp\/v2\/comments?post=70637"}],"wp:featuredmedia":[{"embeddable":true,"href":"https:\/\/padelhaus.mustlammas-dev.in\/lv\/wp-json\/wp\/v2\/media\/70638"}],"wp:attachment":[{"href":"https:\/\/padelhaus.mustlammas-dev.in\/lv\/wp-json\/wp\/v2\/media?parent=70637"}],"wp:term":[{"taxonomy":"product_brand","embeddable":true,"href":"https:\/\/padelhaus.mustlammas-dev.in\/lv\/wp-json\/wp\/v2\/product_brand?post=70637"},{"taxonomy":"product_cat","embeddable":true,"href":"https:\/\/padelhaus.mustlammas-dev.in\/lv\/wp-json\/wp\/v2\/product_cat?post=70637"},{"taxonomy":"product_tag","embeddable":true,"href":"https:\/\/padelhaus.mustlammas-dev.in\/lv\/wp-json\/wp\/v2\/product_tag?post=70637"}],"curies":[{"name":"wp","href":"https:\/\/api.w.org\/{rel}","templated":true}]}}