{"id":70642,"date":"2026-02-18T15:33:00","date_gmt":"2026-02-18T13:33:00","guid":{"rendered":"https:\/\/padelhaus.mustlammas-dev.in\/pood\/wilson-optix-v2-power-red\/"},"modified":"2026-02-18T15:45:50","modified_gmt":"2026-02-18T13:45:50","slug":"wilson-optix-v2-power-red","status":"publish","type":"product","link":"https:\/\/padelhaus.mustlammas-dev.in\/lv\/veikals\/wilson-optix-v2-power-red\/","title":{"rendered":"WILSON OPTIX V2 POWER RED"},"content":{"rendered":"<p data-start=\"0\" data-end=\"234\"><strong data-start=\"0\" data-end=\"29\">Wilson Optix V2 Power Red<\/strong> ir rad\u012bta sp\u0113l\u0113t\u0101jiem, kuri mekl\u0113 papildu jaudu, neupur\u0113jot kontroli. T\u0101s optimiz\u0113tais dizains \u013cauj veikt agres\u012bv\u0101kus uzbrukuma sitienus, vienlaikus saglab\u0101jot precizit\u0101ti un stabilit\u0101ti katr\u0101 izsp\u0113l\u0113. <\/p>\n<p data-start=\"236\" data-end=\"610\">Pateicoties l\u012bdzsvarotajai konstrukcijai, t\u0101 pied\u0101v\u0101 dro\u0161u un p\u0101rliecino\u0161u reakciju gan \u0101tros vol\u0113 sitienos, gan iz\u0161\u0137iro\u0161os sma\u0161os. Rakete ietver <strong data-start=\"388\" data-end=\"402\">Power Core<\/strong> tehnolo\u0123iju, kas vienm\u0113r\u012bgi sadala ener\u0123iju pa visu sitiena virsmu, \u013caujot sasniegt liel\u0101ku bumbas \u0101trumu ar maz\u0101ku piep\u016bli. Rezult\u0101ts ir dinamisk\u0101ka sp\u0113le, maz\u0101ks nogurums un liel\u0101ka pa\u0161p\u0101rliecin\u0101t\u012bba laukum\u0101.  <\/p>\n<h5 data-start=\"617\" data-end=\"657\">Daudzpus\u012bba un lab\u0101ka sitiena izj\u016bta<\/h5>\n<p data-start=\"659\" data-end=\"902\">Tekstur\u0113t\u0101 virsma veicina prec\u012bz\u0101ku kontaktu ar bumbu, pal\u012bdzot kontrol\u0113t katru sitienu un samazin\u0101t nev\u0113lamas k\u013c\u016bdas. Zema bl\u012bvuma putu kodols nodro\u0161ina m\u012bkstu un stabilu saj\u016btu, kas ir ide\u0101li piem\u0113rota konsekvences saglab\u0101\u0161anai pras\u012bg\u0101s sp\u0113l\u0113s. <\/p>\n<p data-start=\"904\" data-end=\"1077\">Turkl\u0101t stikla \u0161\u0137iedras konstrukcija l\u012bdzsvaro elast\u012bbu un iztur\u012bbu, pied\u0101v\u0101jot pat\u012bkamu sp\u0113les pieredzi hobija sp\u0113l\u0113t\u0101jiem, kuri v\u0113las pak\u0101peniski att\u012bst\u012bt savu l\u012bmeni.<\/p>\n<h5 data-start=\"1084\" data-end=\"1117\">Galven\u0101s \u012bpa\u0161\u012bbas un priek\u0161roc\u012bbas<\/h5>\n<ul data-start=\"1119\" data-end=\"1457\" data-is-last-node=\"\" data-is-only-node=\"\">\n<li data-start=\"1119\" data-end=\"1184\">\n<p data-start=\"1121\" data-end=\"1184\"><strong data-start=\"1121\" data-end=\"1147\">Power Core tehnolo\u0123ija<\/strong> \u2013 liel\u0101ka jauda ar maz\u0101ku piep\u016bli<\/p>\n<\/li>\n<li data-start=\"1185\" data-end=\"1253\">\n<p data-start=\"1187\" data-end=\"1253\"><strong data-start=\"1187\" data-end=\"1216\">Zema bl\u012bvuma kodols<\/strong> \u2013 m\u012bksta un stabila sitiena izj\u016bta<\/p>\n<\/li>\n<li data-start=\"1254\" data-end=\"1326\">\n<p data-start=\"1256\" data-end=\"1326\"><strong data-start=\"1256\" data-end=\"1275\">Stikla \u0161\u0137iedras r\u0101mis<\/strong> \u2013 l\u012bdzsvars starp stabilit\u0101ti un reakcijas sp\u0113ju<\/p>\n<\/li>\n<li data-start=\"1327\" data-end=\"1390\">\n<p data-start=\"1329\" data-end=\"1390\"><strong data-start=\"1329\" data-end=\"1355\">Sharp Hole tehnolo\u0123ija<\/strong> \u2013 lab\u0101ka bumbas \u201csakeri\u201d sitiena br\u012bd\u012b<\/p>\n<\/li>\n<li data-start=\"1391\" data-end=\"1457\" data-is-last-node=\"\">\n<p data-start=\"1393\" data-end=\"1457\" data-is-last-node=\"\"><strong data-start=\"1393\" data-end=\"1416\">Tekstur\u0113ta virsma<\/strong> \u2013 prec\u012bz\u0101ka kontrole un lab\u0101ka bumbas izj\u016bta<\/p>\n<\/li>\n<\/ul>\n","protected":false},"excerpt":{"rendered":"<p>Wilson Optix V2 Power Red ir rad\u012bta sp\u0113l\u0113t\u0101jiem, kuri mekl\u0113 papildu jaudu, neupur\u0113jot kontroli. T\u0101s optimiz\u0113tais dizains \u013cauj veikt agres\u012bv\u0101kus uzbrukuma sitienus, vienlaikus saglab\u0101jot precizit\u0101ti un stabilit\u0101ti katr\u0101 izsp\u0113l\u0113. Pateicoties l\u012bdzsvarotajai konstrukcijai, t\u0101 pied\u0101v\u0101 dro\u0161u un p\u0101rliecino\u0161u reakciju gan \u0101tros vol\u0113 sitienos, gan iz\u0161\u0137iro\u0161os sma\u0161os. Rakete ietver Power Core tehnolo\u0123iju, kas vienm\u0113r\u012bgi sadala ener\u0123iju pa [&hellip;]<\/p>\n","protected":false},"featured_media":70643,"comment_status":"open","ping_status":"closed","template":"","meta":{"_eb_attr":""},"product_brand":[383],"product_cat":[261,251,385],"product_tag":[],"class_list":{"0":"post-70642","1":"product","2":"type-product","3":"status-publish","4":"has-post-thumbnail","6":"product_brand-wilson","7":"product_cat-iesaceji","8":"product_cat-padela-raketes","9":"product_cat-wilson","10":"pa_kaal-365g","11":"pa_kuju-piliens","12":"pa_mangustiil-uzbrukoss","13":"pa_tasakaal-centra","14":"pa_tase-videjais-limenis","15":"pa_varv-melns","16":"pa_varv-sarkana","19":"first","20":"instock","21":"sale","22":"taxable","23":"shipping-taxable","24":"purchasable","25":"product-type-simple"},"yoast_head":"<!-- This site is optimized with the Yoast SEO Premium plugin v27.1 (Yoast SEO v27.1.1) - https:\/\/yoast.com\/product\/yoast-seo-premium-wordpress\/ -->\n<title>WILSON OPTIX V2 POWER RED | Test Padelhaus<\/title>\n<meta name=\"description\" content=\"Mekl\u0113 jaunu padela raketi par labu cenu? Padelhaus pied\u0101v\u0101 lab\u0101ko padela rake\u00f0u izv\u0113li visiem l\u012bme\u0146iem \u2013 tava padela apr\u012bkojuma m\u0101jas.\" \/>\n<meta name=\"robots\" content=\"noindex, follow, max-snippet:-1, max-image-preview:large, max-video-preview:-1\" \/>\n<meta property=\"og:locale\" content=\"lv_LV\" \/>\n<meta property=\"og:type\" content=\"article\" \/>\n<meta property=\"og:title\" content=\"WILSON OPTIX V2 POWER RED\" \/>\n<meta property=\"og:description\" content=\"Mekl\u0113 jaunu padela raketi par labu cenu? Padelhaus pied\u0101v\u0101 lab\u0101ko padela rake\u00f0u izv\u0113li visiem l\u012bme\u0146iem \u2013 tava padela apr\u012bkojuma m\u0101jas.\" \/>\n<meta property=\"og:url\" content=\"https:\/\/padelhaus.mustlammas-dev.in\/lv\/veikals\/wilson-optix-v2-power-red\/\" \/>\n<meta property=\"og:site_name\" content=\"Test Padelhaus\" \/>\n<meta property=\"article:modified_time\" content=\"2026-02-18T13:45:50+00:00\" \/>\n<meta property=\"og:image\" content=\"https:\/\/padelhaus.lv\/wp-content\/uploads\/2026\/02\/13-3.webp\" \/>\n\t<meta property=\"og:image:width\" content=\"1000\" \/>\n\t<meta property=\"og:image:height\" content=\"1000\" \/>\n\t<meta property=\"og:image:type\" content=\"image\/webp\" \/>\n<meta name=\"twitter:card\" content=\"summary_large_image\" \/>\n<meta name=\"twitter:label1\" content=\"Price\" \/>\n\t<meta name=\"twitter:data1\" content=\"109,95&nbsp;&euro;\" \/>\n\t<meta name=\"twitter:label2\" content=\"Availability\" \/>\n\t<meta name=\"twitter:data2\" content=\"In stock\" \/>\n<script type=\"application\/ld+json\" class=\"yoast-schema-graph\">{\"@context\":\"https:\/\/schema.org\",\"@graph\":[{\"@type\":[\"WebPage\",\"ItemPage\"],\"@id\":\"https:\/\/padelhaus.mustlammas-dev.in\/lv\/veikals\/wilson-optix-v2-power-red\/\",\"url\":\"https:\/\/padelhaus.mustlammas-dev.in\/lv\/veikals\/wilson-optix-v2-power-red\/\",\"name\":\"WILSON OPTIX V2 POWER RED | Test Padelhaus\",\"isPartOf\":{\"@id\":\"https:\/\/padelhaus.mustlammas-dev.in\/lv\/#website\"},\"primaryImageOfPage\":{\"@id\":\"https:\/\/padelhaus.mustlammas-dev.in\/lv\/veikals\/wilson-optix-v2-power-red\/#primaryimage\"},\"image\":{\"@id\":\"https:\/\/padelhaus.mustlammas-dev.in\/lv\/veikals\/wilson-optix-v2-power-red\/#primaryimage\"},\"thumbnailUrl\":\"https:\/\/padelhaus.mustlammas-dev.in\/wp-content\/uploads\/2026\/02\/13-3.webp\",\"datePublished\":\"2026-02-18T13:33:00+00:00\",\"dateModified\":\"2026-02-18T13:45:50+00:00\",\"description\":\"Mekl\u0113 jaunu padela raketi par labu cenu? Padelhaus pied\u0101v\u0101 lab\u0101ko padela rake\u00f0u izv\u0113li visiem l\u012bme\u0146iem \u2013 tava padela apr\u012bkojuma m\u0101jas.\",\"breadcrumb\":{\"@id\":\"https:\/\/padelhaus.mustlammas-dev.in\/lv\/veikals\/wilson-optix-v2-power-red\/#breadcrumb\"},\"inLanguage\":\"lv-LV\",\"potentialAction\":[{\"@type\":\"ReadAction\",\"target\":[\"https:\/\/padelhaus.mustlammas-dev.in\/lv\/veikals\/wilson-optix-v2-power-red\/\"]}]},{\"@type\":\"ImageObject\",\"inLanguage\":\"lv-LV\",\"@id\":\"https:\/\/padelhaus.mustlammas-dev.in\/lv\/veikals\/wilson-optix-v2-power-red\/#primaryimage\",\"url\":\"https:\/\/padelhaus.mustlammas-dev.in\/wp-content\/uploads\/2026\/02\/13-3.webp\",\"contentUrl\":\"https:\/\/padelhaus.mustlammas-dev.in\/wp-content\/uploads\/2026\/02\/13-3.webp\",\"width\":1000,\"height\":1000,\"caption\":\"WILSON OPTIX V2 POWER RED\"},{\"@type\":\"BreadcrumbList\",\"@id\":\"https:\/\/padelhaus.mustlammas-dev.in\/lv\/veikals\/wilson-optix-v2-power-red\/#breadcrumb\",\"itemListElement\":[{\"@type\":\"ListItem\",\"position\":1,\"name\":\"S\u0101kumlapa\",\"item\":\"https:\/\/padelhaus.lv\/\"},{\"@type\":\"ListItem\",\"position\":2,\"name\":\"Veikals\",\"item\":\"https:\/\/padelhaus.lv\/veikals\/\"},{\"@type\":\"ListItem\",\"position\":3,\"name\":\"WILSON OPTIX V2 POWER RED\"}]},{\"@type\":\"WebSite\",\"@id\":\"https:\/\/padelhaus.mustlammas-dev.in\/lv\/#website\",\"url\":\"https:\/\/padelhaus.mustlammas-dev.in\/lv\/\",\"name\":\"Claude Padelhaus\",\"description\":\"Sinu padelivarustuse kodu\",\"publisher\":{\"@id\":\"https:\/\/padelhaus.mustlammas-dev.in\/lv\/#organization\"},\"potentialAction\":[{\"@type\":\"SearchAction\",\"target\":{\"@type\":\"EntryPoint\",\"urlTemplate\":\"https:\/\/padelhaus.mustlammas-dev.in\/lv\/?s={search_term_string}\"},\"query-input\":{\"@type\":\"PropertyValueSpecification\",\"valueRequired\":true,\"valueName\":\"search_term_string\"}}],\"inLanguage\":\"lv-LV\"},{\"@type\":\"Organization\",\"@id\":\"https:\/\/padelhaus.mustlammas-dev.in\/lv\/#organization\",\"name\":\"Claude Padelhaus\",\"url\":\"https:\/\/padelhaus.mustlammas-dev.in\/lv\/\",\"logo\":{\"@type\":\"ImageObject\",\"inLanguage\":\"lv-LV\",\"@id\":\"https:\/\/padelhaus.mustlammas-dev.in\/lv\/#\/schema\/logo\/image\/\",\"url\":\"https:\/\/padelhaus.mustlammas-dev.in\/wp-content\/uploads\/2025\/05\/Logo-1.png\",\"contentUrl\":\"https:\/\/padelhaus.mustlammas-dev.in\/wp-content\/uploads\/2025\/05\/Logo-1.png\",\"width\":280,\"height\":115,\"caption\":\"Claude Padelhaus\"},\"image\":{\"@id\":\"https:\/\/padelhaus.mustlammas-dev.in\/lv\/#\/schema\/logo\/image\/\"}}]}<\/script>\n<meta property=\"product:price:amount\" content=\"109.95\" \/>\n<meta property=\"product:price:currency\" content=\"EUR\" \/>\n<meta property=\"og:availability\" content=\"instock\" \/>\n<meta property=\"product:availability\" content=\"instock\" \/>\n<meta property=\"product:retailer_item_id\" content=\"WIL-R-20\" \/>\n<meta property=\"product:condition\" content=\"new\" \/>\n<!-- \/ Yoast SEO Premium plugin. -->","yoast_head_json":{"title":"WILSON OPTIX V2 POWER RED | Test Padelhaus","description":"Mekl\u0113 jaunu padela raketi par labu cenu? Padelhaus pied\u0101v\u0101 lab\u0101ko padela rake\u00f0u izv\u0113li visiem l\u012bme\u0146iem \u2013 tava padela apr\u012bkojuma m\u0101jas.","robots":{"index":"noindex","follow":"follow","max-snippet":"max-snippet:-1","max-image-preview":"max-image-preview:large","max-video-preview":"max-video-preview:-1"},"og_locale":"lv_LV","og_type":"article","og_title":"WILSON OPTIX V2 POWER RED","og_description":"Mekl\u0113 jaunu padela raketi par labu cenu? Padelhaus pied\u0101v\u0101 lab\u0101ko padela rake\u00f0u izv\u0113li visiem l\u012bme\u0146iem \u2013 tava padela apr\u012bkojuma m\u0101jas.","og_url":"https:\/\/padelhaus.mustlammas-dev.in\/lv\/veikals\/wilson-optix-v2-power-red\/","og_site_name":"Test Padelhaus","article_modified_time":"2026-02-18T13:45:50+00:00","og_image":[{"width":1000,"height":1000,"url":"https:\/\/padelhaus.lv\/wp-content\/uploads\/2026\/02\/13-3.webp","type":"image\/webp"}],"twitter_card":"summary_large_image","twitter_misc":{"Price":"109,95&nbsp;&euro;","Availability":"In stock"},"schema":{"@context":"https:\/\/schema.org","@graph":[{"@type":["WebPage","ItemPage"],"@id":"https:\/\/padelhaus.mustlammas-dev.in\/lv\/veikals\/wilson-optix-v2-power-red\/","url":"https:\/\/padelhaus.mustlammas-dev.in\/lv\/veikals\/wilson-optix-v2-power-red\/","name":"WILSON OPTIX V2 POWER RED | Test Padelhaus","isPartOf":{"@id":"https:\/\/padelhaus.mustlammas-dev.in\/lv\/#website"},"primaryImageOfPage":{"@id":"https:\/\/padelhaus.mustlammas-dev.in\/lv\/veikals\/wilson-optix-v2-power-red\/#primaryimage"},"image":{"@id":"https:\/\/padelhaus.mustlammas-dev.in\/lv\/veikals\/wilson-optix-v2-power-red\/#primaryimage"},"thumbnailUrl":"https:\/\/padelhaus.mustlammas-dev.in\/wp-content\/uploads\/2026\/02\/13-3.webp","datePublished":"2026-02-18T13:33:00+00:00","dateModified":"2026-02-18T13:45:50+00:00","description":"Mekl\u0113 jaunu padela raketi par labu cenu? Padelhaus pied\u0101v\u0101 lab\u0101ko padela rake\u00f0u izv\u0113li visiem l\u012bme\u0146iem \u2013 tava padela apr\u012bkojuma m\u0101jas.","breadcrumb":{"@id":"https:\/\/padelhaus.mustlammas-dev.in\/lv\/veikals\/wilson-optix-v2-power-red\/#breadcrumb"},"inLanguage":"lv-LV","potentialAction":[{"@type":"ReadAction","target":["https:\/\/padelhaus.mustlammas-dev.in\/lv\/veikals\/wilson-optix-v2-power-red\/"]}]},{"@type":"ImageObject","inLanguage":"lv-LV","@id":"https:\/\/padelhaus.mustlammas-dev.in\/lv\/veikals\/wilson-optix-v2-power-red\/#primaryimage","url":"https:\/\/padelhaus.mustlammas-dev.in\/wp-content\/uploads\/2026\/02\/13-3.webp","contentUrl":"https:\/\/padelhaus.mustlammas-dev.in\/wp-content\/uploads\/2026\/02\/13-3.webp","width":1000,"height":1000,"caption":"WILSON OPTIX V2 POWER RED"},{"@type":"BreadcrumbList","@id":"https:\/\/padelhaus.mustlammas-dev.in\/lv\/veikals\/wilson-optix-v2-power-red\/#breadcrumb","itemListElement":[{"@type":"ListItem","position":1,"name":"S\u0101kumlapa","item":"https:\/\/padelhaus.lv\/"},{"@type":"ListItem","position":2,"name":"Veikals","item":"https:\/\/padelhaus.lv\/veikals\/"},{"@type":"ListItem","position":3,"name":"WILSON OPTIX V2 POWER RED"}]},{"@type":"WebSite","@id":"https:\/\/padelhaus.mustlammas-dev.in\/lv\/#website","url":"https:\/\/padelhaus.mustlammas-dev.in\/lv\/","name":"Claude Padelhaus","description":"Sinu padelivarustuse kodu","publisher":{"@id":"https:\/\/padelhaus.mustlammas-dev.in\/lv\/#organization"},"potentialAction":[{"@type":"SearchAction","target":{"@type":"EntryPoint","urlTemplate":"https:\/\/padelhaus.mustlammas-dev.in\/lv\/?s={search_term_string}"},"query-input":{"@type":"PropertyValueSpecification","valueRequired":true,"valueName":"search_term_string"}}],"inLanguage":"lv-LV"},{"@type":"Organization","@id":"https:\/\/padelhaus.mustlammas-dev.in\/lv\/#organization","name":"Claude Padelhaus","url":"https:\/\/padelhaus.mustlammas-dev.in\/lv\/","logo":{"@type":"ImageObject","inLanguage":"lv-LV","@id":"https:\/\/padelhaus.mustlammas-dev.in\/lv\/#\/schema\/logo\/image\/","url":"https:\/\/padelhaus.mustlammas-dev.in\/wp-content\/uploads\/2025\/05\/Logo-1.png","contentUrl":"https:\/\/padelhaus.mustlammas-dev.in\/wp-content\/uploads\/2025\/05\/Logo-1.png","width":280,"height":115,"caption":"Claude Padelhaus"},"image":{"@id":"https:\/\/padelhaus.mustlammas-dev.in\/lv\/#\/schema\/logo\/image\/"}}]},"product_price_amount":"109.95","product_price_currency":"EUR","og_availability":"instock","product_availability":"instock","product_retailer_item_id":"WIL-R-20","product_condition":"new"},"_links":{"self":[{"href":"https:\/\/padelhaus.mustlammas-dev.in\/lv\/wp-json\/wp\/v2\/product\/70642","targetHints":{"allow":["GET"]}}],"collection":[{"href":"https:\/\/padelhaus.mustlammas-dev.in\/lv\/wp-json\/wp\/v2\/product"}],"about":[{"href":"https:\/\/padelhaus.mustlammas-dev.in\/lv\/wp-json\/wp\/v2\/types\/product"}],"replies":[{"embeddable":true,"href":"https:\/\/padelhaus.mustlammas-dev.in\/lv\/wp-json\/wp\/v2\/comments?post=70642"}],"wp:featuredmedia":[{"embeddable":true,"href":"https:\/\/padelhaus.mustlammas-dev.in\/lv\/wp-json\/wp\/v2\/media\/70643"}],"wp:attachment":[{"href":"https:\/\/padelhaus.mustlammas-dev.in\/lv\/wp-json\/wp\/v2\/media?parent=70642"}],"wp:term":[{"taxonomy":"product_brand","embeddable":true,"href":"https:\/\/padelhaus.mustlammas-dev.in\/lv\/wp-json\/wp\/v2\/product_brand?post=70642"},{"taxonomy":"product_cat","embeddable":true,"href":"https:\/\/padelhaus.mustlammas-dev.in\/lv\/wp-json\/wp\/v2\/product_cat?post=70642"},{"taxonomy":"product_tag","embeddable":true,"href":"https:\/\/padelhaus.mustlammas-dev.in\/lv\/wp-json\/wp\/v2\/product_tag?post=70642"}],"curies":[{"name":"wp","href":"https:\/\/api.w.org\/{rel}","templated":true}]}}