{"id":70883,"date":"2026-03-04T12:03:47","date_gmt":"2026-03-04T10:03:47","guid":{"rendered":"https:\/\/padelhaus.mustlammas-dev.in\/pood\/nox-equation-soft-advanced\/"},"modified":"2026-03-05T20:16:42","modified_gmt":"2026-03-05T18:16:42","slug":"nox-equation-soft-advanced","status":"publish","type":"product","link":"https:\/\/padelhaus.mustlammas-dev.in\/lv\/veikals\/nox-equation-soft-advanced\/","title":{"rendered":"NOX EQUATION SOFT ADVANCED"},"content":{"rendered":"<p><strong>Nox Equation Soft Advanced 2026<\/strong> ir rad\u012bta sp\u0113l\u0113t\u0101jiem, kuri mekl\u0113 m\u012bkstu sitiena saj\u016btu un labu bumbas atsitienu, kas ir ide\u0101li piem\u0113rots ilg\u0101m un intens\u012bv\u0101m sp\u0113l\u0113m. Pateicoties \u012bpa\u0161ajam HR3 Soft EVA kodolam, rakete nodro\u0161ina \u0113rt\u0101ku un lab\u0101k kontrol\u0113jamu sitienu, vienlaikus saglab\u0101jot izcilu precizit\u0101ti katr\u0101 punkt\u0101. Raketes apa\u013c\u0101 forma un vid\u0113jais balanss garant\u0113 l\u012bdzsvarotu vad\u0101m\u012bbu un stabilu, konsekventu sp\u0113li.  <\/p>\n<h5>Iztur\u012bgs un l\u012bdzsvarots dizains<\/h5>\n<p>Oglek\u013ca \u0161\u0137iedras r\u0101mis pie\u0161\u0137ir raketei iztur\u012bgu un stabilu konstrukciju, savuk\u0101rt Fiber Glass 3K apdare palielina iztur\u012bbu, nezaud\u0113jot sp\u0113les \u012bpa\u0161\u012bbas. Turkl\u0101t pretvibr\u0101cijas sist\u0113ma pal\u012bdz samazin\u0101t traumu risku un uzlabo komfortu katra sitiena laik\u0101. <\/p>\n<p>Rakete apvieno elegantu baltu dizainu ar ziliem un melniem akcentiem un sp\u0113les \u012bpa\u0161\u012bb\u0101m, kas paredz\u0113tas vid\u0113ja l\u012bme\u0146a sp\u0113l\u0113t\u0101jiem, kuri mekl\u0113 precizit\u0101ti un kontroli.<\/p>\n<h5>Izcelt\u0101s tehnolo\u0123ijas un \u012bpa\u0161\u012bbas<\/h5>\n<ul>\n<li><strong>HR3 Soft EVA \u2013<\/strong> zema bl\u012bvuma kodols, kas uzlabo kontroli un bumbas atsitienu<\/li>\n<li><strong>Fiber Glass 3K \u2013<\/strong> tr\u012bs stikla \u0161\u0137iedras sl\u0101\u0146i liel\u0101kai iztur\u012bbai<\/li>\n<li><strong>Exclusive Spin \u2013<\/strong> raupja virsma ar dubultu apdari (smil\u0161u str\u016bkla + 3D se\u0161st\u016bra raksts), kas pal\u012bdz pie\u0161\u0137irt bumbai liel\u0101ku iegriezienu<\/li>\n<li><strong>Anti Vibration System (AVS) \u2013<\/strong> r\u0101m\u012b iestr\u0101d\u0101ti gumijas elementi, kas absorb\u0113 vibr\u0101cijas<\/li>\n<li><strong>Dynamic Composite Structure (DCS) \u2013<\/strong> iek\u0161\u0113jais pastiprin\u0101jums, kas palielina raketes iztur\u012bbu<\/li>\n<li><strong>Carbon Frame \u2013<\/strong> stingr\u0101ks un iztur\u012bg\u0101ks oglek\u013ca \u0161\u0137iedras r\u0101mis<\/li>\n<li><strong>Smartstrap\u00ae \u2013<\/strong> nomain\u0101ma, higi\u0113niska un dro\u0161a plaukstas siksni\u0146a<\/li>\n<\/ul>\n","protected":false},"excerpt":{"rendered":"<p>Nox Equation Soft Advanced 2026 ir rad\u012bta sp\u0113l\u0113t\u0101jiem, kuri mekl\u0113 m\u012bkstu sitiena saj\u016btu un labu bumbas atsitienu, kas ir ide\u0101li piem\u0113rots ilg\u0101m un intens\u012bv\u0101m sp\u0113l\u0113m. Pateicoties \u012bpa\u0161ajam HR3 Soft EVA kodolam, rakete nodro\u0161ina \u0113rt\u0101ku un lab\u0101k kontrol\u0113jamu sitienu, vienlaikus saglab\u0101jot izcilu precizit\u0101ti katr\u0101 punkt\u0101. Raketes apa\u013c\u0101 forma un vid\u0113jais balanss garant\u0113 l\u012bdzsvarotu vad\u0101m\u012bbu un stabilu, [&hellip;]<\/p>\n","protected":false},"featured_media":70884,"comment_status":"open","ping_status":"closed","template":"","meta":{"_eb_attr":""},"product_brand":[330],"product_cat":[332,251,283,331],"product_tag":[],"class_list":{"0":"post-70883","1":"product","2":"type-product","3":"status-publish","4":"has-post-thumbnail","6":"product_brand-nox","7":"product_cat-nox","8":"product_cat-padela-raketes","9":"product_cat-pieredzejusi","10":"product_cat-videjais-limenis","11":"pa_kaal-360g","12":"pa_kuju-apala","13":"pa_mangustiil-kontrole","14":"pa_tasakaal-centra","15":"pa_tase-iesacejs","16":"pa_tase-videjais-limenis","17":"pa_varv-balts","18":"pa_varv-zila","21":"first","22":"onbackorder","23":"sale","24":"taxable","25":"shipping-taxable","26":"purchasable","27":"product-type-simple"},"yoast_head":"<!-- This site is optimized with the Yoast SEO Premium plugin v27.1 (Yoast SEO v27.1.1) - https:\/\/yoast.com\/product\/yoast-seo-premium-wordpress\/ -->\n<title>NOX EQUATION SOFT ADVANCED | Test Padelhaus<\/title>\n<meta name=\"description\" content=\"Mekl\u0113 jaunu padela raketi par labu cenu? Padelhaus pied\u0101v\u0101 lab\u0101ko padela rake\u00f0u izv\u0113li visiem l\u012bme\u0146iem \u2013 tava padela apr\u012bkojuma m\u0101jas.\" \/>\n<meta name=\"robots\" content=\"noindex, follow, max-snippet:-1, max-image-preview:large, max-video-preview:-1\" \/>\n<meta property=\"og:locale\" content=\"lv_LV\" \/>\n<meta property=\"og:type\" content=\"article\" \/>\n<meta property=\"og:title\" content=\"NOX EQUATION SOFT ADVANCED\" \/>\n<meta property=\"og:description\" content=\"Mekl\u0113 jaunu padela raketi par labu cenu? Padelhaus pied\u0101v\u0101 lab\u0101ko padela rake\u00f0u izv\u0113li visiem l\u012bme\u0146iem \u2013 tava padela apr\u012bkojuma m\u0101jas.\" \/>\n<meta property=\"og:url\" content=\"https:\/\/padelhaus.mustlammas-dev.in\/lv\/veikals\/nox-equation-soft-advanced\/\" \/>\n<meta property=\"og:site_name\" content=\"Test Padelhaus\" \/>\n<meta property=\"article:modified_time\" content=\"2026-03-05T18:16:42+00:00\" \/>\n<meta property=\"og:image\" content=\"https:\/\/padelhaus.lv\/wp-content\/uploads\/2026\/03\/1.webp\" \/>\n\t<meta property=\"og:image:width\" content=\"1000\" \/>\n\t<meta property=\"og:image:height\" content=\"1000\" \/>\n\t<meta property=\"og:image:type\" content=\"image\/webp\" \/>\n<meta name=\"twitter:card\" content=\"summary_large_image\" \/>\n<meta name=\"twitter:label1\" content=\"Price\" \/>\n\t<meta name=\"twitter:data1\" content=\"107,95&nbsp;&euro;\" \/>\n\t<meta name=\"twitter:label2\" content=\"Availability\" \/>\n\t<meta name=\"twitter:data2\" content=\"On backorder\" \/>\n<script type=\"application\/ld+json\" class=\"yoast-schema-graph\">{\"@context\":\"https:\/\/schema.org\",\"@graph\":[{\"@type\":[\"WebPage\",\"ItemPage\"],\"@id\":\"https:\/\/padelhaus.mustlammas-dev.in\/lv\/veikals\/nox-equation-soft-advanced\/\",\"url\":\"https:\/\/padelhaus.mustlammas-dev.in\/lv\/veikals\/nox-equation-soft-advanced\/\",\"name\":\"NOX EQUATION SOFT ADVANCED | Test Padelhaus\",\"isPartOf\":{\"@id\":\"https:\/\/padelhaus.mustlammas-dev.in\/lv\/#website\"},\"primaryImageOfPage\":{\"@id\":\"https:\/\/padelhaus.mustlammas-dev.in\/lv\/veikals\/nox-equation-soft-advanced\/#primaryimage\"},\"image\":{\"@id\":\"https:\/\/padelhaus.mustlammas-dev.in\/lv\/veikals\/nox-equation-soft-advanced\/#primaryimage\"},\"thumbnailUrl\":\"https:\/\/padelhaus.mustlammas-dev.in\/wp-content\/uploads\/2026\/03\/1.webp\",\"datePublished\":\"2026-03-04T10:03:47+00:00\",\"dateModified\":\"2026-03-05T18:16:42+00:00\",\"description\":\"Mekl\u0113 jaunu padela raketi par labu cenu? Padelhaus pied\u0101v\u0101 lab\u0101ko padela rake\u00f0u izv\u0113li visiem l\u012bme\u0146iem \u2013 tava padela apr\u012bkojuma m\u0101jas.\",\"breadcrumb\":{\"@id\":\"https:\/\/padelhaus.mustlammas-dev.in\/lv\/veikals\/nox-equation-soft-advanced\/#breadcrumb\"},\"inLanguage\":\"lv-LV\",\"potentialAction\":[{\"@type\":\"ReadAction\",\"target\":[\"https:\/\/padelhaus.mustlammas-dev.in\/lv\/veikals\/nox-equation-soft-advanced\/\"]}]},{\"@type\":\"ImageObject\",\"inLanguage\":\"lv-LV\",\"@id\":\"https:\/\/padelhaus.mustlammas-dev.in\/lv\/veikals\/nox-equation-soft-advanced\/#primaryimage\",\"url\":\"https:\/\/padelhaus.mustlammas-dev.in\/wp-content\/uploads\/2026\/03\/1.webp\",\"contentUrl\":\"https:\/\/padelhaus.mustlammas-dev.in\/wp-content\/uploads\/2026\/03\/1.webp\",\"width\":1000,\"height\":1000,\"caption\":\"NOX EQUATION SOFT ADVANCED 2026\"},{\"@type\":\"BreadcrumbList\",\"@id\":\"https:\/\/padelhaus.mustlammas-dev.in\/lv\/veikals\/nox-equation-soft-advanced\/#breadcrumb\",\"itemListElement\":[{\"@type\":\"ListItem\",\"position\":1,\"name\":\"S\u0101kumlapa\",\"item\":\"https:\/\/padelhaus.lv\/\"},{\"@type\":\"ListItem\",\"position\":2,\"name\":\"Veikals\",\"item\":\"https:\/\/padelhaus.lv\/veikals\/\"},{\"@type\":\"ListItem\",\"position\":3,\"name\":\"NOX EQUATION SOFT ADVANCED\"}]},{\"@type\":\"WebSite\",\"@id\":\"https:\/\/padelhaus.mustlammas-dev.in\/lv\/#website\",\"url\":\"https:\/\/padelhaus.mustlammas-dev.in\/lv\/\",\"name\":\"Claude Padelhaus\",\"description\":\"Sinu padelivarustuse kodu\",\"publisher\":{\"@id\":\"https:\/\/padelhaus.mustlammas-dev.in\/lv\/#organization\"},\"potentialAction\":[{\"@type\":\"SearchAction\",\"target\":{\"@type\":\"EntryPoint\",\"urlTemplate\":\"https:\/\/padelhaus.mustlammas-dev.in\/lv\/?s={search_term_string}\"},\"query-input\":{\"@type\":\"PropertyValueSpecification\",\"valueRequired\":true,\"valueName\":\"search_term_string\"}}],\"inLanguage\":\"lv-LV\"},{\"@type\":\"Organization\",\"@id\":\"https:\/\/padelhaus.mustlammas-dev.in\/lv\/#organization\",\"name\":\"Claude Padelhaus\",\"url\":\"https:\/\/padelhaus.mustlammas-dev.in\/lv\/\",\"logo\":{\"@type\":\"ImageObject\",\"inLanguage\":\"lv-LV\",\"@id\":\"https:\/\/padelhaus.mustlammas-dev.in\/lv\/#\/schema\/logo\/image\/\",\"url\":\"https:\/\/padelhaus.mustlammas-dev.in\/wp-content\/uploads\/2025\/05\/Logo-1.png\",\"contentUrl\":\"https:\/\/padelhaus.mustlammas-dev.in\/wp-content\/uploads\/2025\/05\/Logo-1.png\",\"width\":280,\"height\":115,\"caption\":\"Claude Padelhaus\"},\"image\":{\"@id\":\"https:\/\/padelhaus.mustlammas-dev.in\/lv\/#\/schema\/logo\/image\/\"}}]}<\/script>\n<meta property=\"product:price:amount\" content=\"107.95\" \/>\n<meta property=\"product:price:currency\" content=\"EUR\" \/>\n<meta property=\"og:availability\" content=\"backorder\" \/>\n<meta property=\"product:availability\" content=\"available for order\" \/>\n<meta property=\"product:retailer_item_id\" content=\"NOX-R-45\" \/>\n<meta property=\"product:condition\" content=\"new\" \/>\n<!-- \/ Yoast SEO Premium plugin. -->","yoast_head_json":{"title":"NOX EQUATION SOFT ADVANCED | Test Padelhaus","description":"Mekl\u0113 jaunu padela raketi par labu cenu? Padelhaus pied\u0101v\u0101 lab\u0101ko padela rake\u00f0u izv\u0113li visiem l\u012bme\u0146iem \u2013 tava padela apr\u012bkojuma m\u0101jas.","robots":{"index":"noindex","follow":"follow","max-snippet":"max-snippet:-1","max-image-preview":"max-image-preview:large","max-video-preview":"max-video-preview:-1"},"og_locale":"lv_LV","og_type":"article","og_title":"NOX EQUATION SOFT ADVANCED","og_description":"Mekl\u0113 jaunu padela raketi par labu cenu? Padelhaus pied\u0101v\u0101 lab\u0101ko padela rake\u00f0u izv\u0113li visiem l\u012bme\u0146iem \u2013 tava padela apr\u012bkojuma m\u0101jas.","og_url":"https:\/\/padelhaus.mustlammas-dev.in\/lv\/veikals\/nox-equation-soft-advanced\/","og_site_name":"Test Padelhaus","article_modified_time":"2026-03-05T18:16:42+00:00","og_image":[{"width":1000,"height":1000,"url":"https:\/\/padelhaus.lv\/wp-content\/uploads\/2026\/03\/1.webp","type":"image\/webp"}],"twitter_card":"summary_large_image","twitter_misc":{"Price":"107,95&nbsp;&euro;","Availability":"On backorder"},"schema":{"@context":"https:\/\/schema.org","@graph":[{"@type":["WebPage","ItemPage"],"@id":"https:\/\/padelhaus.mustlammas-dev.in\/lv\/veikals\/nox-equation-soft-advanced\/","url":"https:\/\/padelhaus.mustlammas-dev.in\/lv\/veikals\/nox-equation-soft-advanced\/","name":"NOX EQUATION SOFT ADVANCED | Test Padelhaus","isPartOf":{"@id":"https:\/\/padelhaus.mustlammas-dev.in\/lv\/#website"},"primaryImageOfPage":{"@id":"https:\/\/padelhaus.mustlammas-dev.in\/lv\/veikals\/nox-equation-soft-advanced\/#primaryimage"},"image":{"@id":"https:\/\/padelhaus.mustlammas-dev.in\/lv\/veikals\/nox-equation-soft-advanced\/#primaryimage"},"thumbnailUrl":"https:\/\/padelhaus.mustlammas-dev.in\/wp-content\/uploads\/2026\/03\/1.webp","datePublished":"2026-03-04T10:03:47+00:00","dateModified":"2026-03-05T18:16:42+00:00","description":"Mekl\u0113 jaunu padela raketi par labu cenu? Padelhaus pied\u0101v\u0101 lab\u0101ko padela rake\u00f0u izv\u0113li visiem l\u012bme\u0146iem \u2013 tava padela apr\u012bkojuma m\u0101jas.","breadcrumb":{"@id":"https:\/\/padelhaus.mustlammas-dev.in\/lv\/veikals\/nox-equation-soft-advanced\/#breadcrumb"},"inLanguage":"lv-LV","potentialAction":[{"@type":"ReadAction","target":["https:\/\/padelhaus.mustlammas-dev.in\/lv\/veikals\/nox-equation-soft-advanced\/"]}]},{"@type":"ImageObject","inLanguage":"lv-LV","@id":"https:\/\/padelhaus.mustlammas-dev.in\/lv\/veikals\/nox-equation-soft-advanced\/#primaryimage","url":"https:\/\/padelhaus.mustlammas-dev.in\/wp-content\/uploads\/2026\/03\/1.webp","contentUrl":"https:\/\/padelhaus.mustlammas-dev.in\/wp-content\/uploads\/2026\/03\/1.webp","width":1000,"height":1000,"caption":"NOX EQUATION SOFT ADVANCED 2026"},{"@type":"BreadcrumbList","@id":"https:\/\/padelhaus.mustlammas-dev.in\/lv\/veikals\/nox-equation-soft-advanced\/#breadcrumb","itemListElement":[{"@type":"ListItem","position":1,"name":"S\u0101kumlapa","item":"https:\/\/padelhaus.lv\/"},{"@type":"ListItem","position":2,"name":"Veikals","item":"https:\/\/padelhaus.lv\/veikals\/"},{"@type":"ListItem","position":3,"name":"NOX EQUATION SOFT ADVANCED"}]},{"@type":"WebSite","@id":"https:\/\/padelhaus.mustlammas-dev.in\/lv\/#website","url":"https:\/\/padelhaus.mustlammas-dev.in\/lv\/","name":"Claude Padelhaus","description":"Sinu padelivarustuse kodu","publisher":{"@id":"https:\/\/padelhaus.mustlammas-dev.in\/lv\/#organization"},"potentialAction":[{"@type":"SearchAction","target":{"@type":"EntryPoint","urlTemplate":"https:\/\/padelhaus.mustlammas-dev.in\/lv\/?s={search_term_string}"},"query-input":{"@type":"PropertyValueSpecification","valueRequired":true,"valueName":"search_term_string"}}],"inLanguage":"lv-LV"},{"@type":"Organization","@id":"https:\/\/padelhaus.mustlammas-dev.in\/lv\/#organization","name":"Claude Padelhaus","url":"https:\/\/padelhaus.mustlammas-dev.in\/lv\/","logo":{"@type":"ImageObject","inLanguage":"lv-LV","@id":"https:\/\/padelhaus.mustlammas-dev.in\/lv\/#\/schema\/logo\/image\/","url":"https:\/\/padelhaus.mustlammas-dev.in\/wp-content\/uploads\/2025\/05\/Logo-1.png","contentUrl":"https:\/\/padelhaus.mustlammas-dev.in\/wp-content\/uploads\/2025\/05\/Logo-1.png","width":280,"height":115,"caption":"Claude Padelhaus"},"image":{"@id":"https:\/\/padelhaus.mustlammas-dev.in\/lv\/#\/schema\/logo\/image\/"}}]},"product_price_amount":"107.95","product_price_currency":"EUR","og_availability":"backorder","product_availability":"available for order","product_retailer_item_id":"NOX-R-45","product_condition":"new"},"_links":{"self":[{"href":"https:\/\/padelhaus.mustlammas-dev.in\/lv\/wp-json\/wp\/v2\/product\/70883","targetHints":{"allow":["GET"]}}],"collection":[{"href":"https:\/\/padelhaus.mustlammas-dev.in\/lv\/wp-json\/wp\/v2\/product"}],"about":[{"href":"https:\/\/padelhaus.mustlammas-dev.in\/lv\/wp-json\/wp\/v2\/types\/product"}],"replies":[{"embeddable":true,"href":"https:\/\/padelhaus.mustlammas-dev.in\/lv\/wp-json\/wp\/v2\/comments?post=70883"}],"wp:featuredmedia":[{"embeddable":true,"href":"https:\/\/padelhaus.mustlammas-dev.in\/lv\/wp-json\/wp\/v2\/media\/70884"}],"wp:attachment":[{"href":"https:\/\/padelhaus.mustlammas-dev.in\/lv\/wp-json\/wp\/v2\/media?parent=70883"}],"wp:term":[{"taxonomy":"product_brand","embeddable":true,"href":"https:\/\/padelhaus.mustlammas-dev.in\/lv\/wp-json\/wp\/v2\/product_brand?post=70883"},{"taxonomy":"product_cat","embeddable":true,"href":"https:\/\/padelhaus.mustlammas-dev.in\/lv\/wp-json\/wp\/v2\/product_cat?post=70883"},{"taxonomy":"product_tag","embeddable":true,"href":"https:\/\/padelhaus.mustlammas-dev.in\/lv\/wp-json\/wp\/v2\/product_tag?post=70883"}],"curies":[{"name":"wp","href":"https:\/\/api.w.org\/{rel}","templated":true}]}}