{"id":70896,"date":"2026-03-04T11:43:25","date_gmt":"2026-03-04T09:43:25","guid":{"rendered":"https:\/\/padelhaus.mustlammas-dev.in\/pood\/head-vibe-2026-sinine-kollane\/"},"modified":"2026-03-04T13:30:10","modified_gmt":"2026-03-04T11:30:10","slug":"head-vibe-2026-sinine-kollane","status":"publish","type":"product","link":"https:\/\/padelhaus.mustlammas-dev.in\/lv\/veikals\/head-vibe-2026-sinine-kollane\/","title":{"rendered":"Head Vibe 2026 zils\/dzeltens"},"content":{"rendered":"<p><strong>Head Vibe 2026 zils\/dzeltens<\/strong> ir rad\u012bta, lai sniegtu l\u012bdzsvarotu sp\u0113les pieredzi jau no pirmaj\u0101m sp\u0113l\u0113m. Raketes asaras forma un vid\u0113jais balanss nodro\u0161ina dabisku kontroles un jaudas kombin\u0101ciju, padarot sp\u0113li daudzpus\u012bgu gan aizsardz\u012bb\u0101, gan uzbrukum\u0101. <\/p>\n<p>Ar aptuveno svaru 360\u2013370 grami un 38 mm standarta profilu rakete izce\u013cas ar \u013coti labu manevr\u0113tsp\u0113ju un stabilu sitiena saj\u016btu. Raketes sitiena virsmas ir izgatavotas no stikla \u0161\u0137iedras \u2013 elast\u012bga materi\u0101la, kas sniedz m\u012bkstu saj\u016btu un liel\u0101ku piedo\u0161anu pat neprec\u012bzu tr\u0101p\u012bjumu gad\u012bjum\u0101. <\/p>\n<p>Raketes putu kodols (foam core) nodro\u0161ina pak\u0101penisku bumbas atl\u0113cienu, pal\u012bdzot lab\u0101k kontrol\u0113t sp\u0113les tempu, nezaud\u0113jot komfortu. Rezult\u0101ts ir viegli sp\u0113l\u0113jama rakete, kas pal\u012bdz audz\u0113t p\u0101rliec\u012bbu un sasniegt stabil\u0101kus sitienus. <\/p>\n<h5>Ide\u0101li piem\u0113rota ies\u0101c\u0113jiem un vid\u0113ja l\u012bme\u0146a sp\u0113l\u0113t\u0101jiem<\/h5>\n<p>\u0160\u012b asaras formas rakete ir paredz\u0113ta ies\u0101c\u0113jiem un vid\u0113ja l\u012bme\u0146a padela sp\u0113l\u0113t\u0101jiem, kuri v\u0113las att\u012bst\u012bt savu tehniku, saglab\u0101jot sp\u0113les komfortu. Raketes pla\u0161ais &#8220;sweet spot&#8221; samazina k\u013c\u016bdas un \u013cauj koncentr\u0113ties uz sitienu izvietojumu un kontroli. T\u0101 ir lieliska izv\u0113le sp\u0113l\u0113t\u0101jiem, kuri mekl\u0113 \u0113rtu, daudzpus\u012bgu un stabilu raketi, kas piem\u0113rota gan gar\u0101m izsp\u0113l\u0113m, gan dro\u0161ai aizsardz\u012bbai un kontrol\u0113tam uzbrukumam. Ide\u0101la izv\u0113le, lai soli pa solim progres\u0113tu laukum\u0101.   <\/p>\n<h5>Galven\u0101s tehnisk\u0101s priek\u0161roc\u012bbas<\/h5>\n<ul>\n<li>Asaras formas dizains, kas l\u012bdzsvaro kontroli un jaudu<\/li>\n<li>Daudzpus\u012bga un viegli vad\u0101ma sp\u0113les saj\u016bta<\/li>\n<li>Optimiz\u0113ts svars (360\u2013370 g)<\/li>\n<li>Stikla \u0161\u0137iedras sitiena virsmas m\u012bkstai sitiena saj\u016btai<\/li>\n<li>Putu kodols vienm\u0113r\u012bgam bumbas atl\u0113cienam<\/li>\n<li>Gluda virsma bez raupjas tekst\u016bras<\/li>\n<\/ul>\n","protected":false},"excerpt":{"rendered":"<p>Head Vibe 2026 zils\/dzeltens ir rad\u012bta, lai sniegtu l\u012bdzsvarotu sp\u0113les pieredzi jau no pirmaj\u0101m sp\u0113l\u0113m. Raketes asaras forma un vid\u0113jais balanss nodro\u0161ina dabisku kontroles un jaudas kombin\u0101ciju, padarot sp\u0113li daudzpus\u012bgu gan aizsardz\u012bb\u0101, gan uzbrukum\u0101. Ar aptuveno svaru 360\u2013370 grami un 38 mm standarta profilu rakete izce\u013cas ar \u013coti labu manevr\u0113tsp\u0113ju un stabilu sitiena saj\u016btu. Raketes [&hellip;]<\/p>\n","protected":false},"featured_media":70897,"comment_status":"open","ping_status":"closed","template":"","meta":{"_eb_attr":""},"product_brand":[313],"product_cat":[314,261,251,331],"product_tag":[],"class_list":{"0":"post-70896","1":"product","2":"type-product","3":"status-publish","4":"has-post-thumbnail","6":"product_brand-head","7":"product_cat-head","8":"product_cat-iesaceji","9":"product_cat-padela-raketes","10":"product_cat-videjais-limenis","11":"pa_kaal-365g","12":"pa_kuju-piliens","13":"pa_mangustiil-hibrids","14":"pa_tasakaal-centra","15":"pa_tase-iesacejs","16":"pa_tase-videjais-limenis","17":"pa_varv-dzeltens","18":"pa_varv-zila","21":"first","22":"onbackorder","23":"sale","24":"taxable","25":"shipping-taxable","26":"purchasable","27":"product-type-simple"},"yoast_head":"<!-- This site is optimized with the Yoast SEO Premium plugin v27.1 (Yoast SEO v27.1.1) - https:\/\/yoast.com\/product\/yoast-seo-premium-wordpress\/ -->\n<title>Head Vibe 2026 zils\/dzeltens | Test Padelhaus<\/title>\n<meta name=\"description\" content=\"Mekl\u0113 jaunu padela raketi par labu cenu? Padelhaus pied\u0101v\u0101 lab\u0101ko padela rake\u00f0u izv\u0113li visiem l\u012bme\u0146iem \u2013 tava padela apr\u012bkojuma m\u0101jas.\" \/>\n<meta name=\"robots\" content=\"noindex, follow, max-snippet:-1, max-image-preview:large, max-video-preview:-1\" \/>\n<meta property=\"og:locale\" content=\"lv_LV\" \/>\n<meta property=\"og:type\" content=\"article\" \/>\n<meta property=\"og:title\" content=\"Head Vibe 2026 zils\/dzeltens\" \/>\n<meta property=\"og:description\" content=\"Mekl\u0113 jaunu padela raketi par labu cenu? Padelhaus pied\u0101v\u0101 lab\u0101ko padela rake\u00f0u izv\u0113li visiem l\u012bme\u0146iem \u2013 tava padela apr\u012bkojuma m\u0101jas.\" \/>\n<meta property=\"og:url\" content=\"https:\/\/padelhaus.mustlammas-dev.in\/lv\/veikals\/head-vibe-2026-sinine-kollane\/\" \/>\n<meta property=\"og:site_name\" content=\"Test Padelhaus\" \/>\n<meta property=\"article:modified_time\" content=\"2026-03-04T11:30:10+00:00\" \/>\n<meta property=\"og:image\" content=\"https:\/\/padelhaus.lv\/wp-content\/uploads\/2026\/03\/5.webp\" \/>\n\t<meta property=\"og:image:width\" content=\"1000\" \/>\n\t<meta property=\"og:image:height\" content=\"1000\" \/>\n\t<meta property=\"og:image:type\" content=\"image\/webp\" \/>\n<meta name=\"twitter:card\" content=\"summary_large_image\" \/>\n<meta name=\"twitter:label1\" content=\"Price\" \/>\n\t<meta name=\"twitter:data1\" content=\"83,95&nbsp;&euro;\" \/>\n\t<meta name=\"twitter:label2\" content=\"Availability\" \/>\n\t<meta name=\"twitter:data2\" content=\"On backorder\" \/>\n<script type=\"application\/ld+json\" class=\"yoast-schema-graph\">{\"@context\":\"https:\/\/schema.org\",\"@graph\":[{\"@type\":[\"WebPage\",\"ItemPage\"],\"@id\":\"https:\/\/padelhaus.mustlammas-dev.in\/lv\/veikals\/head-vibe-2026-sinine-kollane\/\",\"url\":\"https:\/\/padelhaus.mustlammas-dev.in\/lv\/veikals\/head-vibe-2026-sinine-kollane\/\",\"name\":\"Head Vibe 2026 zils\/dzeltens | Test Padelhaus\",\"isPartOf\":{\"@id\":\"https:\/\/padelhaus.mustlammas-dev.in\/lv\/#website\"},\"primaryImageOfPage\":{\"@id\":\"https:\/\/padelhaus.mustlammas-dev.in\/lv\/veikals\/head-vibe-2026-sinine-kollane\/#primaryimage\"},\"image\":{\"@id\":\"https:\/\/padelhaus.mustlammas-dev.in\/lv\/veikals\/head-vibe-2026-sinine-kollane\/#primaryimage\"},\"thumbnailUrl\":\"https:\/\/padelhaus.mustlammas-dev.in\/wp-content\/uploads\/2026\/03\/5.webp\",\"datePublished\":\"2026-03-04T09:43:25+00:00\",\"dateModified\":\"2026-03-04T11:30:10+00:00\",\"description\":\"Mekl\u0113 jaunu padela raketi par labu cenu? Padelhaus pied\u0101v\u0101 lab\u0101ko padela rake\u00f0u izv\u0113li visiem l\u012bme\u0146iem \u2013 tava padela apr\u012bkojuma m\u0101jas.\",\"breadcrumb\":{\"@id\":\"https:\/\/padelhaus.mustlammas-dev.in\/lv\/veikals\/head-vibe-2026-sinine-kollane\/#breadcrumb\"},\"inLanguage\":\"lv-LV\",\"potentialAction\":[{\"@type\":\"ReadAction\",\"target\":[\"https:\/\/padelhaus.mustlammas-dev.in\/lv\/veikals\/head-vibe-2026-sinine-kollane\/\"]}]},{\"@type\":\"ImageObject\",\"inLanguage\":\"lv-LV\",\"@id\":\"https:\/\/padelhaus.mustlammas-dev.in\/lv\/veikals\/head-vibe-2026-sinine-kollane\/#primaryimage\",\"url\":\"https:\/\/padelhaus.mustlammas-dev.in\/wp-content\/uploads\/2026\/03\/5.webp\",\"contentUrl\":\"https:\/\/padelhaus.mustlammas-dev.in\/wp-content\/uploads\/2026\/03\/5.webp\",\"width\":1000,\"height\":1000,\"caption\":\"Head Vibe 2026 zils\/dzeltens\"},{\"@type\":\"BreadcrumbList\",\"@id\":\"https:\/\/padelhaus.mustlammas-dev.in\/lv\/veikals\/head-vibe-2026-sinine-kollane\/#breadcrumb\",\"itemListElement\":[{\"@type\":\"ListItem\",\"position\":1,\"name\":\"S\u0101kumlapa\",\"item\":\"https:\/\/padelhaus.lv\/\"},{\"@type\":\"ListItem\",\"position\":2,\"name\":\"Veikals\",\"item\":\"https:\/\/padelhaus.lv\/veikals\/\"},{\"@type\":\"ListItem\",\"position\":3,\"name\":\"Head Vibe 2026 zils\/dzeltens\"}]},{\"@type\":\"WebSite\",\"@id\":\"https:\/\/padelhaus.mustlammas-dev.in\/lv\/#website\",\"url\":\"https:\/\/padelhaus.mustlammas-dev.in\/lv\/\",\"name\":\"Claude Padelhaus\",\"description\":\"Sinu padelivarustuse kodu\",\"publisher\":{\"@id\":\"https:\/\/padelhaus.mustlammas-dev.in\/lv\/#organization\"},\"potentialAction\":[{\"@type\":\"SearchAction\",\"target\":{\"@type\":\"EntryPoint\",\"urlTemplate\":\"https:\/\/padelhaus.mustlammas-dev.in\/lv\/?s={search_term_string}\"},\"query-input\":{\"@type\":\"PropertyValueSpecification\",\"valueRequired\":true,\"valueName\":\"search_term_string\"}}],\"inLanguage\":\"lv-LV\"},{\"@type\":\"Organization\",\"@id\":\"https:\/\/padelhaus.mustlammas-dev.in\/lv\/#organization\",\"name\":\"Claude Padelhaus\",\"url\":\"https:\/\/padelhaus.mustlammas-dev.in\/lv\/\",\"logo\":{\"@type\":\"ImageObject\",\"inLanguage\":\"lv-LV\",\"@id\":\"https:\/\/padelhaus.mustlammas-dev.in\/lv\/#\/schema\/logo\/image\/\",\"url\":\"https:\/\/padelhaus.mustlammas-dev.in\/wp-content\/uploads\/2025\/05\/Logo-1.png\",\"contentUrl\":\"https:\/\/padelhaus.mustlammas-dev.in\/wp-content\/uploads\/2025\/05\/Logo-1.png\",\"width\":280,\"height\":115,\"caption\":\"Claude Padelhaus\"},\"image\":{\"@id\":\"https:\/\/padelhaus.mustlammas-dev.in\/lv\/#\/schema\/logo\/image\/\"}}]}<\/script>\n<meta property=\"product:price:amount\" content=\"83.95\" \/>\n<meta property=\"product:price:currency\" content=\"EUR\" \/>\n<meta property=\"og:availability\" content=\"backorder\" \/>\n<meta property=\"product:availability\" content=\"available for order\" \/>\n<meta property=\"product:retailer_item_id\" content=\"HEA-R-43\" \/>\n<meta property=\"product:condition\" content=\"new\" \/>\n<!-- \/ Yoast SEO Premium plugin. -->","yoast_head_json":{"title":"Head Vibe 2026 zils\/dzeltens | Test Padelhaus","description":"Mekl\u0113 jaunu padela raketi par labu cenu? Padelhaus pied\u0101v\u0101 lab\u0101ko padela rake\u00f0u izv\u0113li visiem l\u012bme\u0146iem \u2013 tava padela apr\u012bkojuma m\u0101jas.","robots":{"index":"noindex","follow":"follow","max-snippet":"max-snippet:-1","max-image-preview":"max-image-preview:large","max-video-preview":"max-video-preview:-1"},"og_locale":"lv_LV","og_type":"article","og_title":"Head Vibe 2026 zils\/dzeltens","og_description":"Mekl\u0113 jaunu padela raketi par labu cenu? Padelhaus pied\u0101v\u0101 lab\u0101ko padela rake\u00f0u izv\u0113li visiem l\u012bme\u0146iem \u2013 tava padela apr\u012bkojuma m\u0101jas.","og_url":"https:\/\/padelhaus.mustlammas-dev.in\/lv\/veikals\/head-vibe-2026-sinine-kollane\/","og_site_name":"Test Padelhaus","article_modified_time":"2026-03-04T11:30:10+00:00","og_image":[{"width":1000,"height":1000,"url":"https:\/\/padelhaus.lv\/wp-content\/uploads\/2026\/03\/5.webp","type":"image\/webp"}],"twitter_card":"summary_large_image","twitter_misc":{"Price":"83,95&nbsp;&euro;","Availability":"On backorder"},"schema":{"@context":"https:\/\/schema.org","@graph":[{"@type":["WebPage","ItemPage"],"@id":"https:\/\/padelhaus.mustlammas-dev.in\/lv\/veikals\/head-vibe-2026-sinine-kollane\/","url":"https:\/\/padelhaus.mustlammas-dev.in\/lv\/veikals\/head-vibe-2026-sinine-kollane\/","name":"Head Vibe 2026 zils\/dzeltens | Test Padelhaus","isPartOf":{"@id":"https:\/\/padelhaus.mustlammas-dev.in\/lv\/#website"},"primaryImageOfPage":{"@id":"https:\/\/padelhaus.mustlammas-dev.in\/lv\/veikals\/head-vibe-2026-sinine-kollane\/#primaryimage"},"image":{"@id":"https:\/\/padelhaus.mustlammas-dev.in\/lv\/veikals\/head-vibe-2026-sinine-kollane\/#primaryimage"},"thumbnailUrl":"https:\/\/padelhaus.mustlammas-dev.in\/wp-content\/uploads\/2026\/03\/5.webp","datePublished":"2026-03-04T09:43:25+00:00","dateModified":"2026-03-04T11:30:10+00:00","description":"Mekl\u0113 jaunu padela raketi par labu cenu? Padelhaus pied\u0101v\u0101 lab\u0101ko padela rake\u00f0u izv\u0113li visiem l\u012bme\u0146iem \u2013 tava padela apr\u012bkojuma m\u0101jas.","breadcrumb":{"@id":"https:\/\/padelhaus.mustlammas-dev.in\/lv\/veikals\/head-vibe-2026-sinine-kollane\/#breadcrumb"},"inLanguage":"lv-LV","potentialAction":[{"@type":"ReadAction","target":["https:\/\/padelhaus.mustlammas-dev.in\/lv\/veikals\/head-vibe-2026-sinine-kollane\/"]}]},{"@type":"ImageObject","inLanguage":"lv-LV","@id":"https:\/\/padelhaus.mustlammas-dev.in\/lv\/veikals\/head-vibe-2026-sinine-kollane\/#primaryimage","url":"https:\/\/padelhaus.mustlammas-dev.in\/wp-content\/uploads\/2026\/03\/5.webp","contentUrl":"https:\/\/padelhaus.mustlammas-dev.in\/wp-content\/uploads\/2026\/03\/5.webp","width":1000,"height":1000,"caption":"Head Vibe 2026 zils\/dzeltens"},{"@type":"BreadcrumbList","@id":"https:\/\/padelhaus.mustlammas-dev.in\/lv\/veikals\/head-vibe-2026-sinine-kollane\/#breadcrumb","itemListElement":[{"@type":"ListItem","position":1,"name":"S\u0101kumlapa","item":"https:\/\/padelhaus.lv\/"},{"@type":"ListItem","position":2,"name":"Veikals","item":"https:\/\/padelhaus.lv\/veikals\/"},{"@type":"ListItem","position":3,"name":"Head Vibe 2026 zils\/dzeltens"}]},{"@type":"WebSite","@id":"https:\/\/padelhaus.mustlammas-dev.in\/lv\/#website","url":"https:\/\/padelhaus.mustlammas-dev.in\/lv\/","name":"Claude Padelhaus","description":"Sinu padelivarustuse kodu","publisher":{"@id":"https:\/\/padelhaus.mustlammas-dev.in\/lv\/#organization"},"potentialAction":[{"@type":"SearchAction","target":{"@type":"EntryPoint","urlTemplate":"https:\/\/padelhaus.mustlammas-dev.in\/lv\/?s={search_term_string}"},"query-input":{"@type":"PropertyValueSpecification","valueRequired":true,"valueName":"search_term_string"}}],"inLanguage":"lv-LV"},{"@type":"Organization","@id":"https:\/\/padelhaus.mustlammas-dev.in\/lv\/#organization","name":"Claude Padelhaus","url":"https:\/\/padelhaus.mustlammas-dev.in\/lv\/","logo":{"@type":"ImageObject","inLanguage":"lv-LV","@id":"https:\/\/padelhaus.mustlammas-dev.in\/lv\/#\/schema\/logo\/image\/","url":"https:\/\/padelhaus.mustlammas-dev.in\/wp-content\/uploads\/2025\/05\/Logo-1.png","contentUrl":"https:\/\/padelhaus.mustlammas-dev.in\/wp-content\/uploads\/2025\/05\/Logo-1.png","width":280,"height":115,"caption":"Claude Padelhaus"},"image":{"@id":"https:\/\/padelhaus.mustlammas-dev.in\/lv\/#\/schema\/logo\/image\/"}}]},"product_price_amount":"83.95","product_price_currency":"EUR","og_availability":"backorder","product_availability":"available for order","product_retailer_item_id":"HEA-R-43","product_condition":"new"},"_links":{"self":[{"href":"https:\/\/padelhaus.mustlammas-dev.in\/lv\/wp-json\/wp\/v2\/product\/70896","targetHints":{"allow":["GET"]}}],"collection":[{"href":"https:\/\/padelhaus.mustlammas-dev.in\/lv\/wp-json\/wp\/v2\/product"}],"about":[{"href":"https:\/\/padelhaus.mustlammas-dev.in\/lv\/wp-json\/wp\/v2\/types\/product"}],"replies":[{"embeddable":true,"href":"https:\/\/padelhaus.mustlammas-dev.in\/lv\/wp-json\/wp\/v2\/comments?post=70896"}],"wp:featuredmedia":[{"embeddable":true,"href":"https:\/\/padelhaus.mustlammas-dev.in\/lv\/wp-json\/wp\/v2\/media\/70897"}],"wp:attachment":[{"href":"https:\/\/padelhaus.mustlammas-dev.in\/lv\/wp-json\/wp\/v2\/media?parent=70896"}],"wp:term":[{"taxonomy":"product_brand","embeddable":true,"href":"https:\/\/padelhaus.mustlammas-dev.in\/lv\/wp-json\/wp\/v2\/product_brand?post=70896"},{"taxonomy":"product_cat","embeddable":true,"href":"https:\/\/padelhaus.mustlammas-dev.in\/lv\/wp-json\/wp\/v2\/product_cat?post=70896"},{"taxonomy":"product_tag","embeddable":true,"href":"https:\/\/padelhaus.mustlammas-dev.in\/lv\/wp-json\/wp\/v2\/product_tag?post=70896"}],"curies":[{"name":"wp","href":"https:\/\/api.w.org\/{rel}","templated":true}]}}