{"id":72697,"date":"2026-03-05T16:52:30","date_gmt":"2026-03-05T14:52:30","guid":{"rendered":"https:\/\/padelhaus.mustlammas-dev.in\/pood\/adidas-metalbone-team-3-5-2026\/"},"modified":"2026-03-05T18:37:34","modified_gmt":"2026-03-05T16:37:34","slug":"adidas-metalbone-team-3-5-2026","status":"publish","type":"product","link":"https:\/\/padelhaus.mustlammas-dev.in\/lv\/veikals\/adidas-metalbone-team-3-5-2026\/","title":{"rendered":"Adidas Metalbone Team 3.5 2026"},"content":{"rendered":"<h4><b>Adidas Metalbone Team 2026 \u2013 uzbrukuma sp\u0113les jauda<\/b><\/h4>\n<p>&nbsp;<\/p>\n<p class=\"p3\"><span class=\"s2\"><b>Adidas Metalbone Team 2026<\/b><\/span> ir viena no daudzpus\u012bg\u0101kaj\u0101m raket\u0113m uzbr\u016bko\u0161am sp\u0113l\u0113t\u0101jam, kur\u0161 mekl\u0113 maksim\u0101lu sniegumu katr\u0101 punkt\u0101. T\u0101s <span class=\"s2\"><b>dimanta forma<\/b><\/span> un <span class=\"s2\"><b>augstais balanss<\/b><\/span> nodro\u0161ina eksploz\u012bvu jaudu agres\u012bvos sitienos, vienlaikus saglab\u0101jot kontroli ar\u012b aizsardz\u012bb\u0101. <\/p>\n<p class=\"p3\">Raket\u0113 izmantota <span class=\"s2\"><b>Octagonal Structure<\/b><\/span> tehnolo\u0123ija \u2013 oglek\u013ca cauru\u013cu r\u0101mis, kas stiprina konstrukciju un samazina v\u0113rp\u0161anos. Kop\u0101 ar <span class=\"s2\"><b>stikla \u0161\u0137iedras virsmu<\/b><\/span> un <span class=\"s2\"><b>EVA Soft Performance kodolu<\/b><\/span> tas nodro\u0161ina lielisku bumbas atsitienu un \u0113rtu sitiena saj\u016btu, \u013caujot saglab\u0101t kontroli, neupur\u0113jot jaudu. <\/p>\n<p class=\"p3\"><span class=\"s2\"><b>360\u2013375 gramu svars<\/b><\/span> un <span class=\"s2\"><b>38 mm profils<\/b><\/span> pie\u0161\u0137ir raketei sp\u0113c\u012bgu un stabilu konstrukciju, kas maksimiz\u0113 precizit\u0101ti katr\u0101 sitien\u0101.<\/p>\n<p class=\"p1\">\n<h4><b>Rad\u012bta uzbr\u016bko\u0161am pieredz\u0113ju\u0161am sp\u0113l\u0113t\u0101jam<\/b><\/h4>\n<p>&nbsp;<\/p>\n<p class=\"p3\">\u0160\u012b Adidas rakete ir paredz\u0113ta <span class=\"s2\"><b>pieredz\u0113ju\u0161iem un sacens\u012bbu l\u012bme\u0146a sp\u0113l\u0113t\u0101jiem<\/b><\/span>, kuri dod priek\u0161roku agres\u012bvam un domin\u0113jo\u0161am sp\u0113les stilam. L\u012bdzsvars starp jaudu un vad\u0101m\u012bbu padara to par lielisku izv\u0113li tiem, kam pat\u012bk izsp\u0113les pabeigt ar jaud\u012bgiem un prec\u012bziem sitieniem. <\/p>\n<p class=\"p3\">Augst\u0101ks saldais punkts (sweet spot) pal\u012bdz veikt efekt\u012bvus smash sitienus un uzbrukuma sitienus pie t\u012bkla, vienlaikus saglab\u0101jot labu kontroli ar\u012b aizsardz\u012bb\u0101. Pateicoties sal\u012bdzino\u0161i nelielajam svaram un kvalitat\u012bvajiem materi\u0101liem, Adidas Metalbone Team 2026 \u013cauj aizvad\u012bt garus ma\u010dus stabili un \u0113rti. <\/p>\n<p class=\"p1\">\n<h4><b>Tehnisk\u0101s priek\u0161roc\u012bbas un tehnolo\u0123ijas<\/b><\/h4>\n<p class=\"p1\">\n<ul>\n<li>\n<p class=\"p1\"><span class=\"s1\"><b>Dimanta forma un augsts balanss<\/b><\/span> \u2013 maksim\u0101la jauda uzbrukuma sitienos<\/p>\n<\/li>\n<li>\n<p class=\"p1\"><span class=\"s1\"><b>Fiberglass virsma<\/b><\/span> \u2013 m\u012bksta saj\u016bta un lielisks bumbas atsitiens<\/p>\n<\/li>\n<li>\n<p class=\"p1\"><span class=\"s1\"><b>Octagonal Structure<\/b><\/span> \u2013 liel\u0101ka stingr\u012bba un precizit\u0101te<\/p>\n<\/li>\n<li>\n<p class=\"p1\"><span class=\"s1\"><b>Low Poly dizains<\/b><\/span> \u2013 poliedrisks r\u0101mis un sirds lab\u0101kai stabilit\u0101tei<\/p>\n<\/li>\n<li>\n<p class=\"p1\"><span class=\"s1\"><b>Power Extra Grip<\/b><\/span> \u2013 gar\u0101ks rokturis, kas palielina sitienu inerci uzbrukum\u0101<\/p>\n<\/li>\n<li>\n<p class=\"p1\"><span class=\"s1\"><b>Spin Blade Gritt<\/b><\/span> \u2013 raupja virsma papildu griezienam<\/p>\n<\/li>\n<li>\n<p class=\"p1\"><span class=\"s1\"><b>Metalbone Protector Tape<\/b><\/span> \u2013 papildu aizsardz\u012bba iztur\u012bbas palielin\u0101\u0161anai<\/p>\n<\/li>\n<li>\n<p class=\"p1\"><span class=\"s1\"><b>Smart Holes Curve<\/b><\/span> \u2013 optimiz\u0113ts caurumu izvietojums piln\u012bgai sitienu kontrolelei<\/p>\n<\/li>\n<\/ul>\n","protected":false},"excerpt":{"rendered":"<p>Adidas Metalbone Team 2026 \u2013 uzbrukuma sp\u0113les jauda &nbsp; Adidas Metalbone Team 2026 ir viena no daudzpus\u012bg\u0101kaj\u0101m raket\u0113m uzbr\u016bko\u0161am sp\u0113l\u0113t\u0101jam, kur\u0161 mekl\u0113 maksim\u0101lu sniegumu katr\u0101 punkt\u0101. T\u0101s dimanta forma un augstais balanss nodro\u0161ina eksploz\u012bvu jaudu agres\u012bvos sitienos, vienlaikus saglab\u0101jot kontroli ar\u012b aizsardz\u012bb\u0101. Raket\u0113 izmantota Octagonal Structure tehnolo\u0123ija \u2013 oglek\u013ca cauru\u013cu r\u0101mis, kas stiprina konstrukciju un [&hellip;]<\/p>\n","protected":false},"featured_media":72698,"comment_status":"open","ping_status":"closed","template":"","meta":{"_eb_attr":""},"product_brand":[380],"product_cat":[396,251,331],"product_tag":[],"class_list":{"0":"post-72697","1":"product","2":"type-product","3":"status-publish","4":"has-post-thumbnail","6":"product_brand-adidas","7":"product_cat-adidas","8":"product_cat-padela-raketes","9":"product_cat-videjais-limenis","10":"pa_kaal-360-375g","11":"pa_kuju-dimants","12":"pa_mangustiil-uzbrukoss","13":"pa_tasakaal-augsa","14":"pa_tase-videjais-limenis","15":"pa_varv-balts","16":"pa_varv-melns","17":"pa_varv-sarkana","20":"first","21":"onbackorder","22":"sale","23":"taxable","24":"shipping-taxable","25":"purchasable","26":"product-type-simple"},"yoast_head":"<!-- This site is optimized with the Yoast SEO Premium plugin v27.1 (Yoast SEO v27.1.1) - https:\/\/yoast.com\/product\/yoast-seo-premium-wordpress\/ -->\n<title>Adidas Metalbone Team 3.5 2026 | Test Padelhaus<\/title>\n<meta name=\"description\" content=\"Mekl\u0113 jaunu padela raketi par labu cenu? Padelhaus pied\u0101v\u0101 lab\u0101ko padela rake\u00f0u izv\u0113li visiem l\u012bme\u0146iem \u2013 tava padela apr\u012bkojuma m\u0101jas.\" \/>\n<meta name=\"robots\" content=\"noindex, follow, max-snippet:-1, max-image-preview:large, max-video-preview:-1\" \/>\n<meta property=\"og:locale\" content=\"lv_LV\" \/>\n<meta property=\"og:type\" content=\"article\" \/>\n<meta property=\"og:title\" content=\"Adidas Metalbone Team 3.5 2026\" \/>\n<meta property=\"og:description\" content=\"Mekl\u0113 jaunu padela raketi par labu cenu? Padelhaus pied\u0101v\u0101 lab\u0101ko padela rake\u00f0u izv\u0113li visiem l\u012bme\u0146iem \u2013 tava padela apr\u012bkojuma m\u0101jas.\" \/>\n<meta property=\"og:url\" content=\"https:\/\/padelhaus.mustlammas-dev.in\/lv\/veikals\/adidas-metalbone-team-3-5-2026\/\" \/>\n<meta property=\"og:site_name\" content=\"Test Padelhaus\" \/>\n<meta property=\"article:modified_time\" content=\"2026-03-05T16:37:34+00:00\" \/>\n<meta property=\"og:image\" content=\"https:\/\/padelhaus.lv\/wp-content\/uploads\/2026\/03\/15.webp\" \/>\n\t<meta property=\"og:image:width\" content=\"1000\" \/>\n\t<meta property=\"og:image:height\" content=\"1000\" \/>\n\t<meta property=\"og:image:type\" content=\"image\/webp\" \/>\n<meta name=\"twitter:card\" content=\"summary_large_image\" \/>\n<meta name=\"twitter:label1\" content=\"Price\" \/>\n\t<meta name=\"twitter:data1\" content=\"169,95&nbsp;&euro;\" \/>\n\t<meta name=\"twitter:label2\" content=\"Availability\" \/>\n\t<meta name=\"twitter:data2\" content=\"On backorder\" \/>\n<script type=\"application\/ld+json\" class=\"yoast-schema-graph\">{\"@context\":\"https:\/\/schema.org\",\"@graph\":[{\"@type\":[\"WebPage\",\"ItemPage\"],\"@id\":\"https:\/\/padelhaus.mustlammas-dev.in\/lv\/veikals\/adidas-metalbone-team-3-5-2026\/\",\"url\":\"https:\/\/padelhaus.mustlammas-dev.in\/lv\/veikals\/adidas-metalbone-team-3-5-2026\/\",\"name\":\"Adidas Metalbone Team 3.5 2026 | Test Padelhaus\",\"isPartOf\":{\"@id\":\"https:\/\/padelhaus.mustlammas-dev.in\/lv\/#website\"},\"primaryImageOfPage\":{\"@id\":\"https:\/\/padelhaus.mustlammas-dev.in\/lv\/veikals\/adidas-metalbone-team-3-5-2026\/#primaryimage\"},\"image\":{\"@id\":\"https:\/\/padelhaus.mustlammas-dev.in\/lv\/veikals\/adidas-metalbone-team-3-5-2026\/#primaryimage\"},\"thumbnailUrl\":\"https:\/\/padelhaus.mustlammas-dev.in\/wp-content\/uploads\/2026\/03\/15.webp\",\"datePublished\":\"2026-03-05T14:52:30+00:00\",\"dateModified\":\"2026-03-05T16:37:34+00:00\",\"description\":\"Mekl\u0113 jaunu padela raketi par labu cenu? Padelhaus pied\u0101v\u0101 lab\u0101ko padela rake\u00f0u izv\u0113li visiem l\u012bme\u0146iem \u2013 tava padela apr\u012bkojuma m\u0101jas.\",\"breadcrumb\":{\"@id\":\"https:\/\/padelhaus.mustlammas-dev.in\/lv\/veikals\/adidas-metalbone-team-3-5-2026\/#breadcrumb\"},\"inLanguage\":\"lv-LV\",\"potentialAction\":[{\"@type\":\"ReadAction\",\"target\":[\"https:\/\/padelhaus.mustlammas-dev.in\/lv\/veikals\/adidas-metalbone-team-3-5-2026\/\"]}]},{\"@type\":\"ImageObject\",\"inLanguage\":\"lv-LV\",\"@id\":\"https:\/\/padelhaus.mustlammas-dev.in\/lv\/veikals\/adidas-metalbone-team-3-5-2026\/#primaryimage\",\"url\":\"https:\/\/padelhaus.mustlammas-dev.in\/wp-content\/uploads\/2026\/03\/15.webp\",\"contentUrl\":\"https:\/\/padelhaus.mustlammas-dev.in\/wp-content\/uploads\/2026\/03\/15.webp\",\"width\":1000,\"height\":1000},{\"@type\":\"BreadcrumbList\",\"@id\":\"https:\/\/padelhaus.mustlammas-dev.in\/lv\/veikals\/adidas-metalbone-team-3-5-2026\/#breadcrumb\",\"itemListElement\":[{\"@type\":\"ListItem\",\"position\":1,\"name\":\"S\u0101kumlapa\",\"item\":\"https:\/\/padelhaus.lv\/\"},{\"@type\":\"ListItem\",\"position\":2,\"name\":\"Veikals\",\"item\":\"https:\/\/padelhaus.lv\/veikals\/\"},{\"@type\":\"ListItem\",\"position\":3,\"name\":\"Adidas Metalbone Team 3.5 2026\"}]},{\"@type\":\"WebSite\",\"@id\":\"https:\/\/padelhaus.mustlammas-dev.in\/lv\/#website\",\"url\":\"https:\/\/padelhaus.mustlammas-dev.in\/lv\/\",\"name\":\"Claude Padelhaus\",\"description\":\"Sinu padelivarustuse kodu\",\"publisher\":{\"@id\":\"https:\/\/padelhaus.mustlammas-dev.in\/lv\/#organization\"},\"potentialAction\":[{\"@type\":\"SearchAction\",\"target\":{\"@type\":\"EntryPoint\",\"urlTemplate\":\"https:\/\/padelhaus.mustlammas-dev.in\/lv\/?s={search_term_string}\"},\"query-input\":{\"@type\":\"PropertyValueSpecification\",\"valueRequired\":true,\"valueName\":\"search_term_string\"}}],\"inLanguage\":\"lv-LV\"},{\"@type\":\"Organization\",\"@id\":\"https:\/\/padelhaus.mustlammas-dev.in\/lv\/#organization\",\"name\":\"Claude Padelhaus\",\"url\":\"https:\/\/padelhaus.mustlammas-dev.in\/lv\/\",\"logo\":{\"@type\":\"ImageObject\",\"inLanguage\":\"lv-LV\",\"@id\":\"https:\/\/padelhaus.mustlammas-dev.in\/lv\/#\/schema\/logo\/image\/\",\"url\":\"https:\/\/padelhaus.mustlammas-dev.in\/wp-content\/uploads\/2025\/05\/Logo-1.png\",\"contentUrl\":\"https:\/\/padelhaus.mustlammas-dev.in\/wp-content\/uploads\/2025\/05\/Logo-1.png\",\"width\":280,\"height\":115,\"caption\":\"Claude Padelhaus\"},\"image\":{\"@id\":\"https:\/\/padelhaus.mustlammas-dev.in\/lv\/#\/schema\/logo\/image\/\"}}]}<\/script>\n<meta property=\"product:price:amount\" content=\"169.95\" \/>\n<meta property=\"product:price:currency\" content=\"EUR\" \/>\n<meta property=\"og:availability\" content=\"backorder\" \/>\n<meta property=\"product:availability\" content=\"available for order\" \/>\n<meta property=\"product:retailer_item_id\" content=\"ADI-R-51\" \/>\n<meta property=\"product:condition\" content=\"new\" \/>\n<!-- \/ Yoast SEO Premium plugin. -->","yoast_head_json":{"title":"Adidas Metalbone Team 3.5 2026 | Test Padelhaus","description":"Mekl\u0113 jaunu padela raketi par labu cenu? Padelhaus pied\u0101v\u0101 lab\u0101ko padela rake\u00f0u izv\u0113li visiem l\u012bme\u0146iem \u2013 tava padela apr\u012bkojuma m\u0101jas.","robots":{"index":"noindex","follow":"follow","max-snippet":"max-snippet:-1","max-image-preview":"max-image-preview:large","max-video-preview":"max-video-preview:-1"},"og_locale":"lv_LV","og_type":"article","og_title":"Adidas Metalbone Team 3.5 2026","og_description":"Mekl\u0113 jaunu padela raketi par labu cenu? Padelhaus pied\u0101v\u0101 lab\u0101ko padela rake\u00f0u izv\u0113li visiem l\u012bme\u0146iem \u2013 tava padela apr\u012bkojuma m\u0101jas.","og_url":"https:\/\/padelhaus.mustlammas-dev.in\/lv\/veikals\/adidas-metalbone-team-3-5-2026\/","og_site_name":"Test Padelhaus","article_modified_time":"2026-03-05T16:37:34+00:00","og_image":[{"width":1000,"height":1000,"url":"https:\/\/padelhaus.lv\/wp-content\/uploads\/2026\/03\/15.webp","type":"image\/webp"}],"twitter_card":"summary_large_image","twitter_misc":{"Price":"169,95&nbsp;&euro;","Availability":"On backorder"},"schema":{"@context":"https:\/\/schema.org","@graph":[{"@type":["WebPage","ItemPage"],"@id":"https:\/\/padelhaus.mustlammas-dev.in\/lv\/veikals\/adidas-metalbone-team-3-5-2026\/","url":"https:\/\/padelhaus.mustlammas-dev.in\/lv\/veikals\/adidas-metalbone-team-3-5-2026\/","name":"Adidas Metalbone Team 3.5 2026 | Test Padelhaus","isPartOf":{"@id":"https:\/\/padelhaus.mustlammas-dev.in\/lv\/#website"},"primaryImageOfPage":{"@id":"https:\/\/padelhaus.mustlammas-dev.in\/lv\/veikals\/adidas-metalbone-team-3-5-2026\/#primaryimage"},"image":{"@id":"https:\/\/padelhaus.mustlammas-dev.in\/lv\/veikals\/adidas-metalbone-team-3-5-2026\/#primaryimage"},"thumbnailUrl":"https:\/\/padelhaus.mustlammas-dev.in\/wp-content\/uploads\/2026\/03\/15.webp","datePublished":"2026-03-05T14:52:30+00:00","dateModified":"2026-03-05T16:37:34+00:00","description":"Mekl\u0113 jaunu padela raketi par labu cenu? Padelhaus pied\u0101v\u0101 lab\u0101ko padela rake\u00f0u izv\u0113li visiem l\u012bme\u0146iem \u2013 tava padela apr\u012bkojuma m\u0101jas.","breadcrumb":{"@id":"https:\/\/padelhaus.mustlammas-dev.in\/lv\/veikals\/adidas-metalbone-team-3-5-2026\/#breadcrumb"},"inLanguage":"lv-LV","potentialAction":[{"@type":"ReadAction","target":["https:\/\/padelhaus.mustlammas-dev.in\/lv\/veikals\/adidas-metalbone-team-3-5-2026\/"]}]},{"@type":"ImageObject","inLanguage":"lv-LV","@id":"https:\/\/padelhaus.mustlammas-dev.in\/lv\/veikals\/adidas-metalbone-team-3-5-2026\/#primaryimage","url":"https:\/\/padelhaus.mustlammas-dev.in\/wp-content\/uploads\/2026\/03\/15.webp","contentUrl":"https:\/\/padelhaus.mustlammas-dev.in\/wp-content\/uploads\/2026\/03\/15.webp","width":1000,"height":1000},{"@type":"BreadcrumbList","@id":"https:\/\/padelhaus.mustlammas-dev.in\/lv\/veikals\/adidas-metalbone-team-3-5-2026\/#breadcrumb","itemListElement":[{"@type":"ListItem","position":1,"name":"S\u0101kumlapa","item":"https:\/\/padelhaus.lv\/"},{"@type":"ListItem","position":2,"name":"Veikals","item":"https:\/\/padelhaus.lv\/veikals\/"},{"@type":"ListItem","position":3,"name":"Adidas Metalbone Team 3.5 2026"}]},{"@type":"WebSite","@id":"https:\/\/padelhaus.mustlammas-dev.in\/lv\/#website","url":"https:\/\/padelhaus.mustlammas-dev.in\/lv\/","name":"Claude Padelhaus","description":"Sinu padelivarustuse kodu","publisher":{"@id":"https:\/\/padelhaus.mustlammas-dev.in\/lv\/#organization"},"potentialAction":[{"@type":"SearchAction","target":{"@type":"EntryPoint","urlTemplate":"https:\/\/padelhaus.mustlammas-dev.in\/lv\/?s={search_term_string}"},"query-input":{"@type":"PropertyValueSpecification","valueRequired":true,"valueName":"search_term_string"}}],"inLanguage":"lv-LV"},{"@type":"Organization","@id":"https:\/\/padelhaus.mustlammas-dev.in\/lv\/#organization","name":"Claude Padelhaus","url":"https:\/\/padelhaus.mustlammas-dev.in\/lv\/","logo":{"@type":"ImageObject","inLanguage":"lv-LV","@id":"https:\/\/padelhaus.mustlammas-dev.in\/lv\/#\/schema\/logo\/image\/","url":"https:\/\/padelhaus.mustlammas-dev.in\/wp-content\/uploads\/2025\/05\/Logo-1.png","contentUrl":"https:\/\/padelhaus.mustlammas-dev.in\/wp-content\/uploads\/2025\/05\/Logo-1.png","width":280,"height":115,"caption":"Claude Padelhaus"},"image":{"@id":"https:\/\/padelhaus.mustlammas-dev.in\/lv\/#\/schema\/logo\/image\/"}}]},"product_price_amount":"169.95","product_price_currency":"EUR","og_availability":"backorder","product_availability":"available for order","product_retailer_item_id":"ADI-R-51","product_condition":"new"},"_links":{"self":[{"href":"https:\/\/padelhaus.mustlammas-dev.in\/lv\/wp-json\/wp\/v2\/product\/72697","targetHints":{"allow":["GET"]}}],"collection":[{"href":"https:\/\/padelhaus.mustlammas-dev.in\/lv\/wp-json\/wp\/v2\/product"}],"about":[{"href":"https:\/\/padelhaus.mustlammas-dev.in\/lv\/wp-json\/wp\/v2\/types\/product"}],"replies":[{"embeddable":true,"href":"https:\/\/padelhaus.mustlammas-dev.in\/lv\/wp-json\/wp\/v2\/comments?post=72697"}],"wp:featuredmedia":[{"embeddable":true,"href":"https:\/\/padelhaus.mustlammas-dev.in\/lv\/wp-json\/wp\/v2\/media\/72698"}],"wp:attachment":[{"href":"https:\/\/padelhaus.mustlammas-dev.in\/lv\/wp-json\/wp\/v2\/media?parent=72697"}],"wp:term":[{"taxonomy":"product_brand","embeddable":true,"href":"https:\/\/padelhaus.mustlammas-dev.in\/lv\/wp-json\/wp\/v2\/product_brand?post=72697"},{"taxonomy":"product_cat","embeddable":true,"href":"https:\/\/padelhaus.mustlammas-dev.in\/lv\/wp-json\/wp\/v2\/product_cat?post=72697"},{"taxonomy":"product_tag","embeddable":true,"href":"https:\/\/padelhaus.mustlammas-dev.in\/lv\/wp-json\/wp\/v2\/product_tag?post=72697"}],"curies":[{"name":"wp","href":"https:\/\/api.w.org\/{rel}","templated":true}]}}