{"id":72707,"date":"2026-03-05T12:55:11","date_gmt":"2026-03-05T10:55:11","guid":{"rendered":"https:\/\/padelhaus.mustlammas-dev.in\/pood\/siux-stupa-electra-pro-st3-special-edition-2025\/"},"modified":"2026-03-05T18:37:35","modified_gmt":"2026-03-05T16:37:35","slug":"siux-stupa-electra-pro-st3-special-edition-2025","status":"publish","type":"product","link":"https:\/\/padelhaus.mustlammas-dev.in\/lv\/veikals\/siux-stupa-electra-pro-st3-special-edition-2025\/","title":{"rendered":"Siux Stupa Electra Pro ST3 Special Edition 2025"},"content":{"rendered":"<h4><b>Siux Stupa Electra Pro ST3 SE 2025 \u2013 jauda, kontrole un augst\u0101k\u0101 l\u012bme\u0146a tehnolo\u0123ijas<\/b><\/h4>\n<p>&nbsp;<\/p>\n<p class=\"p3\"><span class=\"s2\"><b>Siux Stupa Electra Pro ST3 SE 2025<\/b><\/span> ir ide\u0101la izv\u0113le pras\u012bgam sp\u0113l\u0113t\u0101jam, kur\u0161 mekl\u0113 lielisku l\u012bdzsvaru starp jaudu, kontroli un m\u016bsdien\u012bg\u0101m tehnolo\u0123ij\u0101m. Sadarb\u012bb\u0101 ar augst\u0101k\u0101 l\u012bme\u0146a sp\u0113l\u0113t\u0101jiem rad\u012bt\u0101 rakete izmanto jaun\u0101k\u0101s paaudzes materi\u0101lus un ekskluz\u012bvus risin\u0101jumus, lai nodro\u0161in\u0101tu maksim\u0101lu sniegumu katr\u0101 sp\u0113l\u0113. <\/p>\n<h4><b>Galven\u0101s \u012bpa\u0161\u012bbas<\/b><\/h4>\n<p>&nbsp;<\/p>\n<ul>\n<li>\n<p class=\"p1\"><span class=\"s1\"><b>EVA Hard kodols<\/b><\/span> \u2013 nodro\u0161ina stabilu saj\u016btu un \u0101tru reakciju katr\u0101 sitien\u0101, piem\u0113rots sp\u0113l\u0113t\u0101jiem, kuri mekl\u0113 precizit\u0101ti un jaudu<\/p>\n<\/li>\n<li>\n<p class=\"p1\"><span class=\"s1\"><b>15K Carbon virsmas<\/b><\/span> \u2013 kvalitat\u012bva oglek\u013ca \u0161\u0137iedra nodro\u0161ina iztur\u012bgu konstrukciju un eksploz\u012bv\u0101ku sitiena jaudu, vienlaikus saglab\u0101jot mazu svaru<\/p>\n<\/li>\n<li>\n<p class=\"p1\"><span class=\"s1\"><b>Total Spin tehnolo\u0123ija<\/b><\/span> \u2013 \u013cauj bumbi\u0146ai pie\u0161\u0137irt vair\u0101k grieziena un kontrol\u0113t sp\u0113li ar taktiskiem efektiem<\/p>\n<\/li>\n<li>\n<p class=\"p1\"><span class=\"s1\"><b>Dual Pro Grip sist\u0113ma<\/b><\/span> \u2013 palielina komfortu un samazina nogurumu, nodro\u0161inot dro\u0161u satv\u0113rienu ilg\u0101s sp\u0113l\u0113s<\/p>\n<\/li>\n<li>\n<p class=\"p1\"><span class=\"s1\"><b>Anti Vibration System<\/b><\/span> \u2013 samazina vibr\u0101cijas, aizsarg\u0101jot loc\u012btavas un uzlabojot sitienu stabilit\u0101ti<\/p>\n<\/li>\n<\/ul>\n<h4><b>Kam \u0161\u012b rakete ir piem\u0113rota<\/b><\/h4>\n<p>&nbsp;<\/p>\n<p class=\"p3\">\u0160\u012b rakete ir rad\u012bta <span class=\"s2\"><b>pieredz\u0113ju\u0161iem un profesion\u0101liem sp\u0113l\u0113t\u0101jiem<\/b><\/span>, kuri v\u0113las maksimiz\u0113t savu sniegumu intens\u012bv\u0101s sp\u0113l\u0113s. Pateicoties premium konstrukcijai un modernaj\u0101m tehnolo\u0123ij\u0101m, t\u0101 ir labi piem\u0113rota ar\u012b <span class=\"s2\"><b>vid\u0113ja l\u012bme\u0146a sp\u0113l\u0113t\u0101jiem<\/b><\/span>, kuri v\u0113las pacelt savu sp\u0113li n\u0101kamaj\u0101 l\u012bmen\u012b. <\/p>\n<p class=\"p4\"><span class=\"s3\">Ide\u0101la izv\u0113le tiem, kuri mekl\u0113 <\/span><b>perfektu l\u012bdzsvaru starp jaudu un kontroli<\/b><span class=\"s3\">.<\/span><\/p>\n<h4><b>Kopsavilkums<\/b><\/h4>\n<p>&nbsp;<\/p>\n<p class=\"p3\"><span class=\"s2\"><b>Siux Stupa Electra Pro ST3 SE 2025<\/b><\/span> nav tikai rakete \u2013 tas ir precizit\u0101tes r\u012bks, kas pal\u012bdz izcelties katr\u0101 punkt\u0101. Ja mekl\u0113 premium klases raketi, kas apvieno inov\u0101cijas, iztur\u012bbu un ekskluz\u012bvu dizainu, \u0161\u012b ir lieliska izv\u0113le. <\/p>\n<p class=\"p4\"><span class=\"s3\">Iepakojum\u0101 ietilpst: <\/span><b>1 plaukstas loc\u012btavas siksni\u0146a un 2 Siux virsgripi.<\/b><\/p>\n","protected":false},"excerpt":{"rendered":"<p>Siux Stupa Electra Pro ST3 SE 2025 \u2013 jauda, kontrole un augst\u0101k\u0101 l\u012bme\u0146a tehnolo\u0123ijas &nbsp; Siux Stupa Electra Pro ST3 SE 2025 ir ide\u0101la izv\u0113le pras\u012bgam sp\u0113l\u0113t\u0101jam, kur\u0161 mekl\u0113 lielisku l\u012bdzsvaru starp jaudu, kontroli un m\u016bsdien\u012bg\u0101m tehnolo\u0123ij\u0101m. Sadarb\u012bb\u0101 ar augst\u0101k\u0101 l\u012bme\u0146a sp\u0113l\u0113t\u0101jiem rad\u012bt\u0101 rakete izmanto jaun\u0101k\u0101s paaudzes materi\u0101lus un ekskluz\u012bvus risin\u0101jumus, lai nodro\u0161in\u0101tu maksim\u0101lu sniegumu [&hellip;]<\/p>\n","protected":false},"featured_media":72708,"comment_status":"open","ping_status":"closed","template":"","meta":{"_eb_attr":""},"product_brand":[260],"product_cat":[251,283,262],"product_tag":[],"class_list":{"0":"post-72707","1":"product","2":"type-product","3":"status-publish","4":"has-post-thumbnail","6":"product_brand-siux","7":"product_cat-padela-raketes","8":"product_cat-pieredzejusi","9":"product_cat-siux","10":"pa_kaal-355g-375g","11":"pa_kuju-piliens","12":"pa_mangustiil-hibrids","13":"pa_tasakaal-centra","14":"pa_tase-pieredzejusi","15":"pa_varv-melns","16":"pa_varv-sarkana","19":"first","20":"instock","21":"sale","22":"taxable","23":"shipping-taxable","24":"purchasable","25":"product-type-simple"},"yoast_head":"<!-- This site is optimized with the Yoast SEO Premium plugin v27.1 (Yoast SEO v27.1.1) - https:\/\/yoast.com\/product\/yoast-seo-premium-wordpress\/ -->\n<title>Siux Stupa Electra Pro ST3 Special Edition 2025 | Test Padelhaus<\/title>\n<meta name=\"description\" content=\"Mekl\u0113 jaunu padela raketi par labu cenu? Padelhaus pied\u0101v\u0101 lab\u0101ko padela rake\u00f0u izv\u0113li visiem l\u012bme\u0146iem \u2013 tava padela apr\u012bkojuma m\u0101jas.\" \/>\n<meta name=\"robots\" content=\"noindex, follow, max-snippet:-1, max-image-preview:large, max-video-preview:-1\" \/>\n<meta property=\"og:locale\" content=\"lv_LV\" \/>\n<meta property=\"og:type\" content=\"article\" \/>\n<meta property=\"og:title\" content=\"Siux Stupa Electra Pro ST3 Special Edition 2025\" \/>\n<meta property=\"og:description\" content=\"Mekl\u0113 jaunu padela raketi par labu cenu? Padelhaus pied\u0101v\u0101 lab\u0101ko padela rake\u00f0u izv\u0113li visiem l\u012bme\u0146iem \u2013 tava padela apr\u012bkojuma m\u0101jas.\" \/>\n<meta property=\"og:url\" content=\"https:\/\/padelhaus.mustlammas-dev.in\/lv\/veikals\/siux-stupa-electra-pro-st3-special-edition-2025\/\" \/>\n<meta property=\"og:site_name\" content=\"Test Padelhaus\" \/>\n<meta property=\"article:modified_time\" content=\"2026-03-05T16:37:35+00:00\" \/>\n<meta property=\"og:image\" content=\"https:\/\/padelhaus.lv\/wp-content\/uploads\/2026\/03\/1-1.webp\" \/>\n\t<meta property=\"og:image:width\" content=\"1000\" \/>\n\t<meta property=\"og:image:height\" content=\"1000\" \/>\n\t<meta property=\"og:image:type\" content=\"image\/webp\" \/>\n<meta name=\"twitter:card\" content=\"summary_large_image\" \/>\n<meta name=\"twitter:label1\" content=\"Price\" \/>\n\t<meta name=\"twitter:data1\" content=\"164,95&nbsp;&euro;\" \/>\n\t<meta name=\"twitter:label2\" content=\"Availability\" \/>\n\t<meta name=\"twitter:data2\" content=\"In stock\" \/>\n<script type=\"application\/ld+json\" class=\"yoast-schema-graph\">{\"@context\":\"https:\/\/schema.org\",\"@graph\":[{\"@type\":[\"WebPage\",\"ItemPage\"],\"@id\":\"https:\/\/padelhaus.mustlammas-dev.in\/lv\/veikals\/siux-stupa-electra-pro-st3-special-edition-2025\/\",\"url\":\"https:\/\/padelhaus.mustlammas-dev.in\/lv\/veikals\/siux-stupa-electra-pro-st3-special-edition-2025\/\",\"name\":\"Siux Stupa Electra Pro ST3 Special Edition 2025 | Test Padelhaus\",\"isPartOf\":{\"@id\":\"https:\/\/padelhaus.mustlammas-dev.in\/lv\/#website\"},\"primaryImageOfPage\":{\"@id\":\"https:\/\/padelhaus.mustlammas-dev.in\/lv\/veikals\/siux-stupa-electra-pro-st3-special-edition-2025\/#primaryimage\"},\"image\":{\"@id\":\"https:\/\/padelhaus.mustlammas-dev.in\/lv\/veikals\/siux-stupa-electra-pro-st3-special-edition-2025\/#primaryimage\"},\"thumbnailUrl\":\"https:\/\/padelhaus.mustlammas-dev.in\/wp-content\/uploads\/2026\/03\/1-1.webp\",\"datePublished\":\"2026-03-05T10:55:11+00:00\",\"dateModified\":\"2026-03-05T16:37:35+00:00\",\"description\":\"Mekl\u0113 jaunu padela raketi par labu cenu? Padelhaus pied\u0101v\u0101 lab\u0101ko padela rake\u00f0u izv\u0113li visiem l\u012bme\u0146iem \u2013 tava padela apr\u012bkojuma m\u0101jas.\",\"breadcrumb\":{\"@id\":\"https:\/\/padelhaus.mustlammas-dev.in\/lv\/veikals\/siux-stupa-electra-pro-st3-special-edition-2025\/#breadcrumb\"},\"inLanguage\":\"lv-LV\",\"potentialAction\":[{\"@type\":\"ReadAction\",\"target\":[\"https:\/\/padelhaus.mustlammas-dev.in\/lv\/veikals\/siux-stupa-electra-pro-st3-special-edition-2025\/\"]}]},{\"@type\":\"ImageObject\",\"inLanguage\":\"lv-LV\",\"@id\":\"https:\/\/padelhaus.mustlammas-dev.in\/lv\/veikals\/siux-stupa-electra-pro-st3-special-edition-2025\/#primaryimage\",\"url\":\"https:\/\/padelhaus.mustlammas-dev.in\/wp-content\/uploads\/2026\/03\/1-1.webp\",\"contentUrl\":\"https:\/\/padelhaus.mustlammas-dev.in\/wp-content\/uploads\/2026\/03\/1-1.webp\",\"width\":1000,\"height\":1000},{\"@type\":\"BreadcrumbList\",\"@id\":\"https:\/\/padelhaus.mustlammas-dev.in\/lv\/veikals\/siux-stupa-electra-pro-st3-special-edition-2025\/#breadcrumb\",\"itemListElement\":[{\"@type\":\"ListItem\",\"position\":1,\"name\":\"S\u0101kumlapa\",\"item\":\"https:\/\/padelhaus.lv\/\"},{\"@type\":\"ListItem\",\"position\":2,\"name\":\"Veikals\",\"item\":\"https:\/\/padelhaus.lv\/veikals\/\"},{\"@type\":\"ListItem\",\"position\":3,\"name\":\"Siux Stupa Electra Pro ST3 Special Edition 2025\"}]},{\"@type\":\"WebSite\",\"@id\":\"https:\/\/padelhaus.mustlammas-dev.in\/lv\/#website\",\"url\":\"https:\/\/padelhaus.mustlammas-dev.in\/lv\/\",\"name\":\"Claude Padelhaus\",\"description\":\"Sinu padelivarustuse kodu\",\"publisher\":{\"@id\":\"https:\/\/padelhaus.mustlammas-dev.in\/lv\/#organization\"},\"potentialAction\":[{\"@type\":\"SearchAction\",\"target\":{\"@type\":\"EntryPoint\",\"urlTemplate\":\"https:\/\/padelhaus.mustlammas-dev.in\/lv\/?s={search_term_string}\"},\"query-input\":{\"@type\":\"PropertyValueSpecification\",\"valueRequired\":true,\"valueName\":\"search_term_string\"}}],\"inLanguage\":\"lv-LV\"},{\"@type\":\"Organization\",\"@id\":\"https:\/\/padelhaus.mustlammas-dev.in\/lv\/#organization\",\"name\":\"Claude Padelhaus\",\"url\":\"https:\/\/padelhaus.mustlammas-dev.in\/lv\/\",\"logo\":{\"@type\":\"ImageObject\",\"inLanguage\":\"lv-LV\",\"@id\":\"https:\/\/padelhaus.mustlammas-dev.in\/lv\/#\/schema\/logo\/image\/\",\"url\":\"https:\/\/padelhaus.mustlammas-dev.in\/wp-content\/uploads\/2025\/05\/Logo-1.png\",\"contentUrl\":\"https:\/\/padelhaus.mustlammas-dev.in\/wp-content\/uploads\/2025\/05\/Logo-1.png\",\"width\":280,\"height\":115,\"caption\":\"Claude Padelhaus\"},\"image\":{\"@id\":\"https:\/\/padelhaus.mustlammas-dev.in\/lv\/#\/schema\/logo\/image\/\"}}]}<\/script>\n<meta property=\"product:price:amount\" content=\"164.95\" \/>\n<meta property=\"product:price:currency\" content=\"EUR\" \/>\n<meta property=\"og:availability\" content=\"instock\" \/>\n<meta property=\"product:availability\" content=\"instock\" \/>\n<meta property=\"product:retailer_item_id\" content=\"SIU-R-28\" \/>\n<meta property=\"product:condition\" content=\"new\" \/>\n<!-- \/ Yoast SEO Premium plugin. -->","yoast_head_json":{"title":"Siux Stupa Electra Pro ST3 Special Edition 2025 | Test Padelhaus","description":"Mekl\u0113 jaunu padela raketi par labu cenu? Padelhaus pied\u0101v\u0101 lab\u0101ko padela rake\u00f0u izv\u0113li visiem l\u012bme\u0146iem \u2013 tava padela apr\u012bkojuma m\u0101jas.","robots":{"index":"noindex","follow":"follow","max-snippet":"max-snippet:-1","max-image-preview":"max-image-preview:large","max-video-preview":"max-video-preview:-1"},"og_locale":"lv_LV","og_type":"article","og_title":"Siux Stupa Electra Pro ST3 Special Edition 2025","og_description":"Mekl\u0113 jaunu padela raketi par labu cenu? Padelhaus pied\u0101v\u0101 lab\u0101ko padela rake\u00f0u izv\u0113li visiem l\u012bme\u0146iem \u2013 tava padela apr\u012bkojuma m\u0101jas.","og_url":"https:\/\/padelhaus.mustlammas-dev.in\/lv\/veikals\/siux-stupa-electra-pro-st3-special-edition-2025\/","og_site_name":"Test Padelhaus","article_modified_time":"2026-03-05T16:37:35+00:00","og_image":[{"width":1000,"height":1000,"url":"https:\/\/padelhaus.lv\/wp-content\/uploads\/2026\/03\/1-1.webp","type":"image\/webp"}],"twitter_card":"summary_large_image","twitter_misc":{"Price":"164,95&nbsp;&euro;","Availability":"In stock"},"schema":{"@context":"https:\/\/schema.org","@graph":[{"@type":["WebPage","ItemPage"],"@id":"https:\/\/padelhaus.mustlammas-dev.in\/lv\/veikals\/siux-stupa-electra-pro-st3-special-edition-2025\/","url":"https:\/\/padelhaus.mustlammas-dev.in\/lv\/veikals\/siux-stupa-electra-pro-st3-special-edition-2025\/","name":"Siux Stupa Electra Pro ST3 Special Edition 2025 | Test Padelhaus","isPartOf":{"@id":"https:\/\/padelhaus.mustlammas-dev.in\/lv\/#website"},"primaryImageOfPage":{"@id":"https:\/\/padelhaus.mustlammas-dev.in\/lv\/veikals\/siux-stupa-electra-pro-st3-special-edition-2025\/#primaryimage"},"image":{"@id":"https:\/\/padelhaus.mustlammas-dev.in\/lv\/veikals\/siux-stupa-electra-pro-st3-special-edition-2025\/#primaryimage"},"thumbnailUrl":"https:\/\/padelhaus.mustlammas-dev.in\/wp-content\/uploads\/2026\/03\/1-1.webp","datePublished":"2026-03-05T10:55:11+00:00","dateModified":"2026-03-05T16:37:35+00:00","description":"Mekl\u0113 jaunu padela raketi par labu cenu? Padelhaus pied\u0101v\u0101 lab\u0101ko padela rake\u00f0u izv\u0113li visiem l\u012bme\u0146iem \u2013 tava padela apr\u012bkojuma m\u0101jas.","breadcrumb":{"@id":"https:\/\/padelhaus.mustlammas-dev.in\/lv\/veikals\/siux-stupa-electra-pro-st3-special-edition-2025\/#breadcrumb"},"inLanguage":"lv-LV","potentialAction":[{"@type":"ReadAction","target":["https:\/\/padelhaus.mustlammas-dev.in\/lv\/veikals\/siux-stupa-electra-pro-st3-special-edition-2025\/"]}]},{"@type":"ImageObject","inLanguage":"lv-LV","@id":"https:\/\/padelhaus.mustlammas-dev.in\/lv\/veikals\/siux-stupa-electra-pro-st3-special-edition-2025\/#primaryimage","url":"https:\/\/padelhaus.mustlammas-dev.in\/wp-content\/uploads\/2026\/03\/1-1.webp","contentUrl":"https:\/\/padelhaus.mustlammas-dev.in\/wp-content\/uploads\/2026\/03\/1-1.webp","width":1000,"height":1000},{"@type":"BreadcrumbList","@id":"https:\/\/padelhaus.mustlammas-dev.in\/lv\/veikals\/siux-stupa-electra-pro-st3-special-edition-2025\/#breadcrumb","itemListElement":[{"@type":"ListItem","position":1,"name":"S\u0101kumlapa","item":"https:\/\/padelhaus.lv\/"},{"@type":"ListItem","position":2,"name":"Veikals","item":"https:\/\/padelhaus.lv\/veikals\/"},{"@type":"ListItem","position":3,"name":"Siux Stupa Electra Pro ST3 Special Edition 2025"}]},{"@type":"WebSite","@id":"https:\/\/padelhaus.mustlammas-dev.in\/lv\/#website","url":"https:\/\/padelhaus.mustlammas-dev.in\/lv\/","name":"Claude Padelhaus","description":"Sinu padelivarustuse kodu","publisher":{"@id":"https:\/\/padelhaus.mustlammas-dev.in\/lv\/#organization"},"potentialAction":[{"@type":"SearchAction","target":{"@type":"EntryPoint","urlTemplate":"https:\/\/padelhaus.mustlammas-dev.in\/lv\/?s={search_term_string}"},"query-input":{"@type":"PropertyValueSpecification","valueRequired":true,"valueName":"search_term_string"}}],"inLanguage":"lv-LV"},{"@type":"Organization","@id":"https:\/\/padelhaus.mustlammas-dev.in\/lv\/#organization","name":"Claude Padelhaus","url":"https:\/\/padelhaus.mustlammas-dev.in\/lv\/","logo":{"@type":"ImageObject","inLanguage":"lv-LV","@id":"https:\/\/padelhaus.mustlammas-dev.in\/lv\/#\/schema\/logo\/image\/","url":"https:\/\/padelhaus.mustlammas-dev.in\/wp-content\/uploads\/2025\/05\/Logo-1.png","contentUrl":"https:\/\/padelhaus.mustlammas-dev.in\/wp-content\/uploads\/2025\/05\/Logo-1.png","width":280,"height":115,"caption":"Claude Padelhaus"},"image":{"@id":"https:\/\/padelhaus.mustlammas-dev.in\/lv\/#\/schema\/logo\/image\/"}}]},"product_price_amount":"164.95","product_price_currency":"EUR","og_availability":"instock","product_availability":"instock","product_retailer_item_id":"SIU-R-28","product_condition":"new"},"_links":{"self":[{"href":"https:\/\/padelhaus.mustlammas-dev.in\/lv\/wp-json\/wp\/v2\/product\/72707","targetHints":{"allow":["GET"]}}],"collection":[{"href":"https:\/\/padelhaus.mustlammas-dev.in\/lv\/wp-json\/wp\/v2\/product"}],"about":[{"href":"https:\/\/padelhaus.mustlammas-dev.in\/lv\/wp-json\/wp\/v2\/types\/product"}],"replies":[{"embeddable":true,"href":"https:\/\/padelhaus.mustlammas-dev.in\/lv\/wp-json\/wp\/v2\/comments?post=72707"}],"wp:featuredmedia":[{"embeddable":true,"href":"https:\/\/padelhaus.mustlammas-dev.in\/lv\/wp-json\/wp\/v2\/media\/72708"}],"wp:attachment":[{"href":"https:\/\/padelhaus.mustlammas-dev.in\/lv\/wp-json\/wp\/v2\/media?parent=72707"}],"wp:term":[{"taxonomy":"product_brand","embeddable":true,"href":"https:\/\/padelhaus.mustlammas-dev.in\/lv\/wp-json\/wp\/v2\/product_brand?post=72707"},{"taxonomy":"product_cat","embeddable":true,"href":"https:\/\/padelhaus.mustlammas-dev.in\/lv\/wp-json\/wp\/v2\/product_cat?post=72707"},{"taxonomy":"product_tag","embeddable":true,"href":"https:\/\/padelhaus.mustlammas-dev.in\/lv\/wp-json\/wp\/v2\/product_tag?post=72707"}],"curies":[{"name":"wp","href":"https:\/\/api.w.org\/{rel}","templated":true}]}}