{"id":72721,"date":"2026-03-05T16:47:44","date_gmt":"2026-03-05T14:47:44","guid":{"rendered":"https:\/\/padelhaus.mustlammas-dev.in\/pood\/adidas-metalbone-team-3-3-2024\/"},"modified":"2026-03-05T18:37:35","modified_gmt":"2026-03-05T16:37:35","slug":"adidas-metalbone-team-3-3-2024","status":"publish","type":"product","link":"https:\/\/padelhaus.mustlammas-dev.in\/lv\/veikals\/adidas-metalbone-team-3-3-2024\/","title":{"rendered":"Adidas Metalbone Team 3.3 2024"},"content":{"rendered":"<h4><b>Adidas Metalbone Team 3.3 \u2013 gatava jebkuram izaicin\u0101jumam<\/b><\/h4>\n<p>&nbsp;<\/p>\n<p class=\"p3\"><span class=\"s2\"><b>Adidas Metalbone Team 3.3<\/b><\/span> ir rad\u012bta augsta l\u012bme\u0146a sp\u0113l\u0113t\u0101jiem, kuri v\u0113las domin\u0113t uzbrukuma sp\u0113l\u0113. Pateicoties <span class=\"s2\"><b>Octagonal Structure<\/b><\/span> un <span class=\"s2\"><b>Structural Reinforcement<\/b><\/span> tehnolo\u0123ij\u0101m, \u0161\u012b rakete pied\u0101v\u0101 izcilu stingr\u012bbu un stabilit\u0101ti, kas pal\u012bdz sasniegt maksim\u0101lu jaudu agres\u012bvos sitienos. <\/p>\n<p class=\"p3\">Raketes <span class=\"s2\"><b>stikla \u0161\u0137iedras virsma<\/b><\/span> kop\u0101 ar <span class=\"s2\"><b>EVA Soft Performance kodolu<\/b><\/span> rada ide\u0101lu l\u012bdzsvaru starp komfortu, kontroli un bumbas atsitienu. Turkl\u0101t <span class=\"s2\"><b>Spin Blade Gritt<\/b><\/span> raupj\u0101 virsma kop\u0101 ar <span class=\"s2\"><b>Smart Holes Curve<\/b><\/span> caurumu izvietojumu iev\u0113rojami palielina grie\u0161an\u0101s sp\u0113ju, pie\u0161\u0137irot sitieniem vair\u0101k efekta un kontroles. <\/p>\n<h4><b>Galven\u0101s tehnolo\u0123ijas<\/b><\/h4>\n<h3><b>Octagonal Structure<\/b><\/h3>\n<p>&nbsp;<\/p>\n<p class=\"p3\">Maksim\u0101ls stingrums s\u0101kas raketes iek\u0161pus\u0113.<\/p>\n<p class=\"p3\">\u0160\u012b tehnolo\u0123ija izmanto <span class=\"s2\"><b>oglek\u013ca cauru\u013cu konstrukciju ar asto\u0146st\u016bra \u0161\u0137\u0113rsgriezumu<\/b><\/span>, kas pie\u0161\u0137ir raketei lielu stabilit\u0101ti un \u013coti augstu v\u0113rpes iztur\u012bbu. Rezult\u0101ts ir dro\u0161a saj\u016bta un maksim\u0101la jauda pat vissp\u0113c\u012bg\u0101kajos sitienos. <\/p>\n<h3><b>Spin Blade Gritt<\/b><\/h3>\n<p>&nbsp;<\/p>\n<p class=\"p3\">Efekti rodas no berzes starp raketes virsmu un bumbu.<\/p>\n<p class=\"p3\">\u0160\u012bs tehnolo\u0123ijas raupj\u0101, smilt\u012bm l\u012bdz\u012bg\u0101 virsma b\u016btiski palielina sa\u0137eri ar bumbu un pal\u012bdz rad\u012bt vair\u0101k grie\u0161an\u0101s.<\/p>\n<h3><b>Smart Holes Curve<\/b><\/h3>\n<p>&nbsp;<\/p>\n<p class=\"p3\">Izliekt\u0101 rakst\u0101 izvietotie caurumi ir optimiz\u0113ti t\u0101, lai raketes kust\u012bbas trajektorija grieztos sitienos palielin\u0101tu berzi, \u013caujot sasniegt iev\u0113rojami sp\u0113c\u012bg\u0101ku efektu.<\/p>\n<h4><b>Tehnisk\u0101 specifik\u0101cija<\/b><\/h4>\n<ul>\n<li>\n<p class=\"p1\"><span class=\"s1\"><b>L\u012bmenis:<\/b><\/span> pieredz\u0113ju\u0161iem<\/p>\n<\/li>\n<li>\n<p class=\"p1\"><b>Sp\u0113les stils:<\/b><span class=\"s1\"> uzbr\u016bko\u0161s<\/span><\/p>\n<\/li>\n<li>\n<p class=\"p1\"><span class=\"s1\"><b>Forma:<\/b><\/span> Oversize dimants<\/p>\n<\/li>\n<li>\n<p class=\"p1\"><span class=\"s1\"><b>L\u012bdzsvars:<\/b><\/span> Head Heavy (285 mm)<\/p>\n<\/li>\n<li>\n<p class=\"p1\"><span class=\"s1\"><b>Laukums:<\/b><\/span> 485 cm\u00b2<\/p>\n<\/li>\n<li>\n<p class=\"p1\"><span class=\"s1\"><b>Garums:<\/b><\/span> 455 mm<\/p>\n<\/li>\n<li>\n<p class=\"p1\"><b>Profils:<\/b><span class=\"s1\"> 38 mm<\/span><\/p>\n<\/li>\n<li>\n<p class=\"p1\"><span class=\"s1\"><b>Aizsardz\u012bba:<\/b><\/span> Metalbone Protector Tape<\/p>\n<\/li>\n<li>\n<p class=\"p1\"><span class=\"s1\"><b>Kodols:<\/b><\/span> EVA Soft Performance<\/p>\n<\/li>\n<li>\n<p class=\"p1\"><span class=\"s1\"><b>Virsma:<\/b><\/span> Fiberglass<\/p>\n<\/li>\n<li>\n<p class=\"p1\"><span class=\"s1\"><b>Jaudas tehnolo\u0123ija:<\/b><\/span> Octagonal Structure<\/p>\n<\/li>\n<li>\n<p class=\"p1\"><span class=\"s1\"><b>Iztur\u012bba:<\/b><\/span> Structural Reinforcement<\/p>\n<\/li>\n<li>\n<p class=\"p1\"><span class=\"s1\"><b>Grie\u0161an\u0101s:<\/b><\/span> Spin Blade Gritt<\/p>\n<\/li>\n<li>\n<p class=\"p1\"><b>Grie\u0161an\u0101s (caurumu raksts):<\/b><span class=\"s1\"> Smart Holes Curve<\/span><\/p>\n<\/li>\n<li>\n<p class=\"p1\"><span class=\"s1\"><b>S\u0113rija:<\/b><\/span> Metalbone<\/p>\n<\/li>\n<\/ul>\n<p>&nbsp;<\/p>\n","protected":false},"excerpt":{"rendered":"<p>Adidas Metalbone Team 3.3 \u2013 gatava jebkuram izaicin\u0101jumam &nbsp; Adidas Metalbone Team 3.3 ir rad\u012bta augsta l\u012bme\u0146a sp\u0113l\u0113t\u0101jiem, kuri v\u0113las domin\u0113t uzbrukuma sp\u0113l\u0113. Pateicoties Octagonal Structure un Structural Reinforcement tehnolo\u0123ij\u0101m, \u0161\u012b rakete pied\u0101v\u0101 izcilu stingr\u012bbu un stabilit\u0101ti, kas pal\u012bdz sasniegt maksim\u0101lu jaudu agres\u012bvos sitienos. Raketes stikla \u0161\u0137iedras virsma kop\u0101 ar EVA Soft Performance kodolu rada [&hellip;]<\/p>\n","protected":false},"featured_media":72722,"comment_status":"open","ping_status":"closed","template":"","meta":{"_eb_attr":""},"product_brand":[380],"product_cat":[396,251,331],"product_tag":[],"class_list":{"0":"post-72721","1":"product","2":"type-product","3":"status-publish","4":"has-post-thumbnail","6":"product_brand-adidas","7":"product_cat-adidas","8":"product_cat-padela-raketes","9":"product_cat-videjais-limenis","10":"pa_kaal-360-375g","11":"pa_kuju-dimants","12":"pa_mangustiil-uzbrukoss","13":"pa_tasakaal-augsa","14":"pa_tase-videjais-limenis","15":"pa_varv-balts","16":"pa_varv-melns","17":"pa_varv-sarkana","20":"first","21":"instock","22":"sale","23":"taxable","24":"shipping-taxable","25":"purchasable","26":"product-type-simple"},"yoast_head":"<!-- This site is optimized with the Yoast SEO Premium plugin v27.1 (Yoast SEO v27.1.1) - https:\/\/yoast.com\/product\/yoast-seo-premium-wordpress\/ -->\n<title>Adidas Metalbone Team 3.3 2024 | Test Padelhaus<\/title>\n<meta name=\"description\" content=\"Mekl\u0113 jaunu padela raketi par labu cenu? Padelhaus pied\u0101v\u0101 lab\u0101ko padela rake\u00f0u izv\u0113li visiem l\u012bme\u0146iem \u2013 tava padela apr\u012bkojuma m\u0101jas.\" \/>\n<meta name=\"robots\" content=\"noindex, follow, max-snippet:-1, max-image-preview:large, max-video-preview:-1\" \/>\n<meta property=\"og:locale\" content=\"lv_LV\" \/>\n<meta property=\"og:type\" content=\"article\" \/>\n<meta property=\"og:title\" content=\"Adidas Metalbone Team 3.3 2024\" \/>\n<meta property=\"og:description\" content=\"Mekl\u0113 jaunu padela raketi par labu cenu? Padelhaus pied\u0101v\u0101 lab\u0101ko padela rake\u00f0u izv\u0113li visiem l\u012bme\u0146iem \u2013 tava padela apr\u012bkojuma m\u0101jas.\" \/>\n<meta property=\"og:url\" content=\"https:\/\/padelhaus.mustlammas-dev.in\/lv\/veikals\/adidas-metalbone-team-3-3-2024\/\" \/>\n<meta property=\"og:site_name\" content=\"Test Padelhaus\" \/>\n<meta property=\"article:modified_time\" content=\"2026-03-05T16:37:35+00:00\" \/>\n<meta property=\"og:image\" content=\"https:\/\/padelhaus.lv\/wp-content\/uploads\/2026\/03\/16.webp\" \/>\n\t<meta property=\"og:image:width\" content=\"1000\" \/>\n\t<meta property=\"og:image:height\" content=\"1000\" \/>\n\t<meta property=\"og:image:type\" content=\"image\/webp\" \/>\n<meta name=\"twitter:card\" content=\"summary_large_image\" \/>\n<meta name=\"twitter:label1\" content=\"Price\" \/>\n\t<meta name=\"twitter:data1\" content=\"124,95&nbsp;&euro;\" \/>\n\t<meta name=\"twitter:label2\" content=\"Availability\" \/>\n\t<meta name=\"twitter:data2\" content=\"In stock\" \/>\n<script type=\"application\/ld+json\" class=\"yoast-schema-graph\">{\"@context\":\"https:\/\/schema.org\",\"@graph\":[{\"@type\":[\"WebPage\",\"ItemPage\"],\"@id\":\"https:\/\/padelhaus.mustlammas-dev.in\/lv\/veikals\/adidas-metalbone-team-3-3-2024\/\",\"url\":\"https:\/\/padelhaus.mustlammas-dev.in\/lv\/veikals\/adidas-metalbone-team-3-3-2024\/\",\"name\":\"Adidas Metalbone Team 3.3 2024 | Test Padelhaus\",\"isPartOf\":{\"@id\":\"https:\/\/padelhaus.mustlammas-dev.in\/lv\/#website\"},\"primaryImageOfPage\":{\"@id\":\"https:\/\/padelhaus.mustlammas-dev.in\/lv\/veikals\/adidas-metalbone-team-3-3-2024\/#primaryimage\"},\"image\":{\"@id\":\"https:\/\/padelhaus.mustlammas-dev.in\/lv\/veikals\/adidas-metalbone-team-3-3-2024\/#primaryimage\"},\"thumbnailUrl\":\"https:\/\/padelhaus.mustlammas-dev.in\/wp-content\/uploads\/2026\/03\/16.webp\",\"datePublished\":\"2026-03-05T14:47:44+00:00\",\"dateModified\":\"2026-03-05T16:37:35+00:00\",\"description\":\"Mekl\u0113 jaunu padela raketi par labu cenu? Padelhaus pied\u0101v\u0101 lab\u0101ko padela rake\u00f0u izv\u0113li visiem l\u012bme\u0146iem \u2013 tava padela apr\u012bkojuma m\u0101jas.\",\"breadcrumb\":{\"@id\":\"https:\/\/padelhaus.mustlammas-dev.in\/lv\/veikals\/adidas-metalbone-team-3-3-2024\/#breadcrumb\"},\"inLanguage\":\"lv-LV\",\"potentialAction\":[{\"@type\":\"ReadAction\",\"target\":[\"https:\/\/padelhaus.mustlammas-dev.in\/lv\/veikals\/adidas-metalbone-team-3-3-2024\/\"]}]},{\"@type\":\"ImageObject\",\"inLanguage\":\"lv-LV\",\"@id\":\"https:\/\/padelhaus.mustlammas-dev.in\/lv\/veikals\/adidas-metalbone-team-3-3-2024\/#primaryimage\",\"url\":\"https:\/\/padelhaus.mustlammas-dev.in\/wp-content\/uploads\/2026\/03\/16.webp\",\"contentUrl\":\"https:\/\/padelhaus.mustlammas-dev.in\/wp-content\/uploads\/2026\/03\/16.webp\",\"width\":1000,\"height\":1000},{\"@type\":\"BreadcrumbList\",\"@id\":\"https:\/\/padelhaus.mustlammas-dev.in\/lv\/veikals\/adidas-metalbone-team-3-3-2024\/#breadcrumb\",\"itemListElement\":[{\"@type\":\"ListItem\",\"position\":1,\"name\":\"S\u0101kumlapa\",\"item\":\"https:\/\/padelhaus.lv\/\"},{\"@type\":\"ListItem\",\"position\":2,\"name\":\"Veikals\",\"item\":\"https:\/\/padelhaus.lv\/veikals\/\"},{\"@type\":\"ListItem\",\"position\":3,\"name\":\"Adidas Metalbone Team 3.3 2024\"}]},{\"@type\":\"WebSite\",\"@id\":\"https:\/\/padelhaus.mustlammas-dev.in\/lv\/#website\",\"url\":\"https:\/\/padelhaus.mustlammas-dev.in\/lv\/\",\"name\":\"Claude Padelhaus\",\"description\":\"Sinu padelivarustuse kodu\",\"publisher\":{\"@id\":\"https:\/\/padelhaus.mustlammas-dev.in\/lv\/#organization\"},\"potentialAction\":[{\"@type\":\"SearchAction\",\"target\":{\"@type\":\"EntryPoint\",\"urlTemplate\":\"https:\/\/padelhaus.mustlammas-dev.in\/lv\/?s={search_term_string}\"},\"query-input\":{\"@type\":\"PropertyValueSpecification\",\"valueRequired\":true,\"valueName\":\"search_term_string\"}}],\"inLanguage\":\"lv-LV\"},{\"@type\":\"Organization\",\"@id\":\"https:\/\/padelhaus.mustlammas-dev.in\/lv\/#organization\",\"name\":\"Claude Padelhaus\",\"url\":\"https:\/\/padelhaus.mustlammas-dev.in\/lv\/\",\"logo\":{\"@type\":\"ImageObject\",\"inLanguage\":\"lv-LV\",\"@id\":\"https:\/\/padelhaus.mustlammas-dev.in\/lv\/#\/schema\/logo\/image\/\",\"url\":\"https:\/\/padelhaus.mustlammas-dev.in\/wp-content\/uploads\/2025\/05\/Logo-1.png\",\"contentUrl\":\"https:\/\/padelhaus.mustlammas-dev.in\/wp-content\/uploads\/2025\/05\/Logo-1.png\",\"width\":280,\"height\":115,\"caption\":\"Claude Padelhaus\"},\"image\":{\"@id\":\"https:\/\/padelhaus.mustlammas-dev.in\/lv\/#\/schema\/logo\/image\/\"}}]}<\/script>\n<meta property=\"product:price:amount\" content=\"124.95\" \/>\n<meta property=\"product:price:currency\" content=\"EUR\" \/>\n<meta property=\"og:availability\" content=\"instock\" \/>\n<meta property=\"product:availability\" content=\"instock\" \/>\n<meta property=\"product:retailer_item_id\" content=\"ADI-R-50\" \/>\n<meta property=\"product:condition\" content=\"new\" \/>\n<!-- \/ Yoast SEO Premium plugin. -->","yoast_head_json":{"title":"Adidas Metalbone Team 3.3 2024 | Test Padelhaus","description":"Mekl\u0113 jaunu padela raketi par labu cenu? Padelhaus pied\u0101v\u0101 lab\u0101ko padela rake\u00f0u izv\u0113li visiem l\u012bme\u0146iem \u2013 tava padela apr\u012bkojuma m\u0101jas.","robots":{"index":"noindex","follow":"follow","max-snippet":"max-snippet:-1","max-image-preview":"max-image-preview:large","max-video-preview":"max-video-preview:-1"},"og_locale":"lv_LV","og_type":"article","og_title":"Adidas Metalbone Team 3.3 2024","og_description":"Mekl\u0113 jaunu padela raketi par labu cenu? Padelhaus pied\u0101v\u0101 lab\u0101ko padela rake\u00f0u izv\u0113li visiem l\u012bme\u0146iem \u2013 tava padela apr\u012bkojuma m\u0101jas.","og_url":"https:\/\/padelhaus.mustlammas-dev.in\/lv\/veikals\/adidas-metalbone-team-3-3-2024\/","og_site_name":"Test Padelhaus","article_modified_time":"2026-03-05T16:37:35+00:00","og_image":[{"width":1000,"height":1000,"url":"https:\/\/padelhaus.lv\/wp-content\/uploads\/2026\/03\/16.webp","type":"image\/webp"}],"twitter_card":"summary_large_image","twitter_misc":{"Price":"124,95&nbsp;&euro;","Availability":"In stock"},"schema":{"@context":"https:\/\/schema.org","@graph":[{"@type":["WebPage","ItemPage"],"@id":"https:\/\/padelhaus.mustlammas-dev.in\/lv\/veikals\/adidas-metalbone-team-3-3-2024\/","url":"https:\/\/padelhaus.mustlammas-dev.in\/lv\/veikals\/adidas-metalbone-team-3-3-2024\/","name":"Adidas Metalbone Team 3.3 2024 | Test Padelhaus","isPartOf":{"@id":"https:\/\/padelhaus.mustlammas-dev.in\/lv\/#website"},"primaryImageOfPage":{"@id":"https:\/\/padelhaus.mustlammas-dev.in\/lv\/veikals\/adidas-metalbone-team-3-3-2024\/#primaryimage"},"image":{"@id":"https:\/\/padelhaus.mustlammas-dev.in\/lv\/veikals\/adidas-metalbone-team-3-3-2024\/#primaryimage"},"thumbnailUrl":"https:\/\/padelhaus.mustlammas-dev.in\/wp-content\/uploads\/2026\/03\/16.webp","datePublished":"2026-03-05T14:47:44+00:00","dateModified":"2026-03-05T16:37:35+00:00","description":"Mekl\u0113 jaunu padela raketi par labu cenu? Padelhaus pied\u0101v\u0101 lab\u0101ko padela rake\u00f0u izv\u0113li visiem l\u012bme\u0146iem \u2013 tava padela apr\u012bkojuma m\u0101jas.","breadcrumb":{"@id":"https:\/\/padelhaus.mustlammas-dev.in\/lv\/veikals\/adidas-metalbone-team-3-3-2024\/#breadcrumb"},"inLanguage":"lv-LV","potentialAction":[{"@type":"ReadAction","target":["https:\/\/padelhaus.mustlammas-dev.in\/lv\/veikals\/adidas-metalbone-team-3-3-2024\/"]}]},{"@type":"ImageObject","inLanguage":"lv-LV","@id":"https:\/\/padelhaus.mustlammas-dev.in\/lv\/veikals\/adidas-metalbone-team-3-3-2024\/#primaryimage","url":"https:\/\/padelhaus.mustlammas-dev.in\/wp-content\/uploads\/2026\/03\/16.webp","contentUrl":"https:\/\/padelhaus.mustlammas-dev.in\/wp-content\/uploads\/2026\/03\/16.webp","width":1000,"height":1000},{"@type":"BreadcrumbList","@id":"https:\/\/padelhaus.mustlammas-dev.in\/lv\/veikals\/adidas-metalbone-team-3-3-2024\/#breadcrumb","itemListElement":[{"@type":"ListItem","position":1,"name":"S\u0101kumlapa","item":"https:\/\/padelhaus.lv\/"},{"@type":"ListItem","position":2,"name":"Veikals","item":"https:\/\/padelhaus.lv\/veikals\/"},{"@type":"ListItem","position":3,"name":"Adidas Metalbone Team 3.3 2024"}]},{"@type":"WebSite","@id":"https:\/\/padelhaus.mustlammas-dev.in\/lv\/#website","url":"https:\/\/padelhaus.mustlammas-dev.in\/lv\/","name":"Claude Padelhaus","description":"Sinu padelivarustuse kodu","publisher":{"@id":"https:\/\/padelhaus.mustlammas-dev.in\/lv\/#organization"},"potentialAction":[{"@type":"SearchAction","target":{"@type":"EntryPoint","urlTemplate":"https:\/\/padelhaus.mustlammas-dev.in\/lv\/?s={search_term_string}"},"query-input":{"@type":"PropertyValueSpecification","valueRequired":true,"valueName":"search_term_string"}}],"inLanguage":"lv-LV"},{"@type":"Organization","@id":"https:\/\/padelhaus.mustlammas-dev.in\/lv\/#organization","name":"Claude Padelhaus","url":"https:\/\/padelhaus.mustlammas-dev.in\/lv\/","logo":{"@type":"ImageObject","inLanguage":"lv-LV","@id":"https:\/\/padelhaus.mustlammas-dev.in\/lv\/#\/schema\/logo\/image\/","url":"https:\/\/padelhaus.mustlammas-dev.in\/wp-content\/uploads\/2025\/05\/Logo-1.png","contentUrl":"https:\/\/padelhaus.mustlammas-dev.in\/wp-content\/uploads\/2025\/05\/Logo-1.png","width":280,"height":115,"caption":"Claude Padelhaus"},"image":{"@id":"https:\/\/padelhaus.mustlammas-dev.in\/lv\/#\/schema\/logo\/image\/"}}]},"product_price_amount":"124.95","product_price_currency":"EUR","og_availability":"instock","product_availability":"instock","product_retailer_item_id":"ADI-R-50","product_condition":"new"},"_links":{"self":[{"href":"https:\/\/padelhaus.mustlammas-dev.in\/lv\/wp-json\/wp\/v2\/product\/72721","targetHints":{"allow":["GET"]}}],"collection":[{"href":"https:\/\/padelhaus.mustlammas-dev.in\/lv\/wp-json\/wp\/v2\/product"}],"about":[{"href":"https:\/\/padelhaus.mustlammas-dev.in\/lv\/wp-json\/wp\/v2\/types\/product"}],"replies":[{"embeddable":true,"href":"https:\/\/padelhaus.mustlammas-dev.in\/lv\/wp-json\/wp\/v2\/comments?post=72721"}],"wp:featuredmedia":[{"embeddable":true,"href":"https:\/\/padelhaus.mustlammas-dev.in\/lv\/wp-json\/wp\/v2\/media\/72722"}],"wp:attachment":[{"href":"https:\/\/padelhaus.mustlammas-dev.in\/lv\/wp-json\/wp\/v2\/media?parent=72721"}],"wp:term":[{"taxonomy":"product_brand","embeddable":true,"href":"https:\/\/padelhaus.mustlammas-dev.in\/lv\/wp-json\/wp\/v2\/product_brand?post=72721"},{"taxonomy":"product_cat","embeddable":true,"href":"https:\/\/padelhaus.mustlammas-dev.in\/lv\/wp-json\/wp\/v2\/product_cat?post=72721"},{"taxonomy":"product_tag","embeddable":true,"href":"https:\/\/padelhaus.mustlammas-dev.in\/lv\/wp-json\/wp\/v2\/product_tag?post=72721"}],"curies":[{"name":"wp","href":"https:\/\/api.w.org\/{rel}","templated":true}]}}