{"id":72830,"date":"2026-03-05T18:34:36","date_gmt":"2026-03-05T16:34:36","guid":{"rendered":"https:\/\/padelhaus.mustlammas-dev.in\/pood\/adidas-metalbone-reserve-edt-2025\/"},"modified":"2026-03-09T02:05:26","modified_gmt":"2026-03-09T00:05:26","slug":"adidas-metalbone-reserve-edt-2025","status":"publish","type":"product","link":"https:\/\/padelhaus.mustlammas-dev.in\/lv\/veikals\/adidas-metalbone-reserve-edt-2025\/","title":{"rendered":"Adidas Metalbone Reserve Edt 2025"},"content":{"rendered":"<h4><b>Adidas Metalbone Reserve EDT \u2013 ekskluz\u012bva veiktsp\u0113ja<\/b><\/h4>\n<p>&nbsp;<\/p>\n<p class=\"p3\"><span class=\"s2\"><b>Adidas Metalbone Reserve EDT<\/b><\/span>, ko parakst\u012bjis Ale Gal\u0101ns, ir augst\u0101k\u0101s klases padela rakete, kas rad\u012bta \u012bpa\u0161i <span class=\"s2\"><b>Reserve Cup<\/b><\/span> turn\u012bram. T\u0101 apvieno jaun\u0101k\u0101s tehnolo\u0123ijas un premium materi\u0101lus, pied\u0101v\u0101jot maksim\u0101lu sniegumu sp\u0113l\u0113t\u0101jiem, kuri laukum\u0101 pieprasa lab\u0101ko. <\/p>\n<p class=\"p3\">Raketes <span class=\"s2\"><b>Octagonal Structure<\/b><\/span> samazina v\u0113rpi un nodro\u0161ina izcilu precizit\u0101ti katr\u0101 sitien\u0101. <span class=\"s2\"><b>Extra Power Grip<\/b><\/span> garais rokturis palielina inerci un \u013cauj veikt \u0101tr\u0101kus un jaud\u012bg\u0101kus sitienus. Taj\u0101 pa\u0161\u0101 laik\u0101 <span class=\"s2\"><b>Low Poly<\/b><\/span> dizains r\u0101m\u012b un sirds da\u013c\u0101 uzlabo konstrukcijas stingr\u012bbu, sniedzot lielisku kontroli pat vispras\u012bg\u0101kaj\u0101s situ\u0101cij\u0101s. <\/p>\n<p class=\"p3\">Turkl\u0101t <span class=\"s2\"><b>Spin Blade Decal<\/b><\/span> reljef\u0101 virsma pal\u012bdz rad\u012bt prec\u012bzus efektus, savuk\u0101rt <span class=\"s2\"><b>EVA Soft Performance kodols<\/b><\/span> un <span class=\"s2\"><b>6K Carbon virsmas<\/b><\/span> rada l\u012bdzsvaru starp jaudu un kontroli. Rezult\u0101ts ir rakete, kas ir ide\u0101li piem\u0113rota uzbr\u016bko\u0161ai sp\u0113lei. <\/p>\n<p class=\"p3\">Ekskluz\u012bvais dizains un augst\u0101k\u0101 l\u012bme\u0146a tehnolo\u0123ijas padara <span class=\"s2\"><b>Adidas Metalbone Reserve EDT<\/b><\/span> modeli ne tikai par jaud\u012bgu sp\u0113les r\u012bku, bet ar\u012b par Reserve Cup padela pasaules simbolu \u2013 raketi tiem, kuri v\u0113las no savas sp\u0113les g\u016bt maksimumu.<\/p>\n<h4><b>Izcelt\u0101s tehnolo\u0123ijas<\/b><\/h4>\n<h5><b>Octagonal Structure<\/b><\/h5>\n<p class=\"p3\">Metalbone s\u0113rijas sp\u0113ks balst\u0101s uz oglek\u013ca cauru\u013cu r\u0101mja strukt\u016bru, kas nodro\u0161ina augstu stingr\u012bbu, lielu v\u0113rpes iztur\u012bbu un prec\u012bzu kontroli katr\u0101 sitien\u0101.<\/p>\n<h5><b>Low Poly<\/b><\/h5>\n<p class=\"p3\">R\u0101mja un sirds poliedriskais dizains vienm\u0113r\u012bg\u0101k sadala trieciena sp\u0113ku, palielinot konstrukcijas stingr\u012bbu un uzlabojot sniegumu sp\u0113c\u012bgos sitienos.<\/p>\n<h5><b>Extra Power Grip<\/b><\/h5>\n<p class=\"p3\">Pagarin\u0101tais rokturis palielina raketes inerci uzbrukuma sitienos. Liel\u0101ks att\u0101lums starp roktura apak\u0161\u0113jo da\u013cu un raketes galvu \u013cauj sasniegt liel\u0101ku sitiena \u0101trumu un jaud\u012bg\u0101ku kontaktu ar bumbu. <\/p>\n","protected":false},"excerpt":{"rendered":"<p>Adidas Metalbone Reserve EDT \u2013 ekskluz\u012bva veiktsp\u0113ja &nbsp; Adidas Metalbone Reserve EDT, ko parakst\u012bjis Ale Gal\u0101ns, ir augst\u0101k\u0101s klases padela rakete, kas rad\u012bta \u012bpa\u0161i Reserve Cup turn\u012bram. T\u0101 apvieno jaun\u0101k\u0101s tehnolo\u0123ijas un premium materi\u0101lus, pied\u0101v\u0101jot maksim\u0101lu sniegumu sp\u0113l\u0113t\u0101jiem, kuri laukum\u0101 pieprasa lab\u0101ko. Raketes Octagonal Structure samazina v\u0113rpi un nodro\u0161ina izcilu precizit\u0101ti katr\u0101 sitien\u0101. Extra Power [&hellip;]<\/p>\n","protected":false},"featured_media":72831,"comment_status":"open","ping_status":"closed","template":"","meta":{"_eb_attr":""},"product_brand":[380],"product_cat":[396,251,283,331],"product_tag":[],"class_list":{"0":"post-72830","1":"product","2":"type-product","3":"status-publish","4":"has-post-thumbnail","6":"product_brand-adidas","7":"product_cat-adidas","8":"product_cat-padela-raketes","9":"product_cat-pieredzejusi","10":"product_cat-videjais-limenis","11":"pa_kaal-360g-370g","12":"pa_kuju-dimants","13":"pa_mangustiil-uzbrukoss","14":"pa_tasakaal-augsa","15":"pa_tase-pieredzejusi","16":"pa_varv-zala","19":"first","20":"instock","21":"sale","22":"taxable","23":"shipping-taxable","24":"purchasable","25":"product-type-simple"},"yoast_head":"<!-- This site is optimized with the Yoast SEO Premium plugin v27.1 (Yoast SEO v27.1.1) - https:\/\/yoast.com\/product\/yoast-seo-premium-wordpress\/ -->\n<title>Adidas Metalbone Reserve Edt 2025 | Test Padelhaus<\/title>\n<meta name=\"description\" content=\"Mekl\u0113 jaunu padela raketi par labu cenu? Padelhaus pied\u0101v\u0101 lab\u0101ko padela rake\u00f0u izv\u0113li visiem l\u012bme\u0146iem \u2013 tava padela apr\u012bkojuma m\u0101jas.\" \/>\n<meta name=\"robots\" content=\"noindex, follow, max-snippet:-1, max-image-preview:large, max-video-preview:-1\" \/>\n<meta property=\"og:locale\" content=\"lv_LV\" \/>\n<meta property=\"og:type\" content=\"article\" \/>\n<meta property=\"og:title\" content=\"Adidas Metalbone Reserve Edt 2025\" \/>\n<meta property=\"og:description\" content=\"Mekl\u0113 jaunu padela raketi par labu cenu? Padelhaus pied\u0101v\u0101 lab\u0101ko padela rake\u00f0u izv\u0113li visiem l\u012bme\u0146iem \u2013 tava padela apr\u012bkojuma m\u0101jas.\" \/>\n<meta property=\"og:url\" content=\"https:\/\/padelhaus.mustlammas-dev.in\/lv\/veikals\/adidas-metalbone-reserve-edt-2025\/\" \/>\n<meta property=\"og:site_name\" content=\"Test Padelhaus\" \/>\n<meta property=\"article:modified_time\" content=\"2026-03-09T00:05:26+00:00\" \/>\n<meta property=\"og:image\" content=\"https:\/\/padelhaus.lv\/wp-content\/uploads\/2026\/03\/11.webp\" \/>\n\t<meta property=\"og:image:width\" content=\"1000\" \/>\n\t<meta property=\"og:image:height\" content=\"1000\" \/>\n\t<meta property=\"og:image:type\" content=\"image\/webp\" \/>\n<meta name=\"twitter:card\" content=\"summary_large_image\" \/>\n<meta name=\"twitter:label1\" content=\"Price\" \/>\n\t<meta name=\"twitter:data1\" content=\"299,95&nbsp;&euro;\" \/>\n\t<meta name=\"twitter:label2\" content=\"Availability\" \/>\n\t<meta name=\"twitter:data2\" content=\"In stock\" \/>\n<script type=\"application\/ld+json\" class=\"yoast-schema-graph\">{\"@context\":\"https:\/\/schema.org\",\"@graph\":[{\"@type\":[\"WebPage\",\"ItemPage\"],\"@id\":\"https:\/\/padelhaus.mustlammas-dev.in\/lv\/veikals\/adidas-metalbone-reserve-edt-2025\/\",\"url\":\"https:\/\/padelhaus.mustlammas-dev.in\/lv\/veikals\/adidas-metalbone-reserve-edt-2025\/\",\"name\":\"Adidas Metalbone Reserve Edt 2025 | Test Padelhaus\",\"isPartOf\":{\"@id\":\"https:\/\/padelhaus.mustlammas-dev.in\/lv\/#website\"},\"primaryImageOfPage\":{\"@id\":\"https:\/\/padelhaus.mustlammas-dev.in\/lv\/veikals\/adidas-metalbone-reserve-edt-2025\/#primaryimage\"},\"image\":{\"@id\":\"https:\/\/padelhaus.mustlammas-dev.in\/lv\/veikals\/adidas-metalbone-reserve-edt-2025\/#primaryimage\"},\"thumbnailUrl\":\"https:\/\/padelhaus.mustlammas-dev.in\/wp-content\/uploads\/2026\/03\/11.webp\",\"datePublished\":\"2026-03-05T16:34:36+00:00\",\"dateModified\":\"2026-03-09T00:05:26+00:00\",\"description\":\"Mekl\u0113 jaunu padela raketi par labu cenu? Padelhaus pied\u0101v\u0101 lab\u0101ko padela rake\u00f0u izv\u0113li visiem l\u012bme\u0146iem \u2013 tava padela apr\u012bkojuma m\u0101jas.\",\"breadcrumb\":{\"@id\":\"https:\/\/padelhaus.mustlammas-dev.in\/lv\/veikals\/adidas-metalbone-reserve-edt-2025\/#breadcrumb\"},\"inLanguage\":\"lv-LV\",\"potentialAction\":[{\"@type\":\"ReadAction\",\"target\":[\"https:\/\/padelhaus.mustlammas-dev.in\/lv\/veikals\/adidas-metalbone-reserve-edt-2025\/\"]}]},{\"@type\":\"ImageObject\",\"inLanguage\":\"lv-LV\",\"@id\":\"https:\/\/padelhaus.mustlammas-dev.in\/lv\/veikals\/adidas-metalbone-reserve-edt-2025\/#primaryimage\",\"url\":\"https:\/\/padelhaus.mustlammas-dev.in\/wp-content\/uploads\/2026\/03\/11.webp\",\"contentUrl\":\"https:\/\/padelhaus.mustlammas-dev.in\/wp-content\/uploads\/2026\/03\/11.webp\",\"width\":1000,\"height\":1000},{\"@type\":\"BreadcrumbList\",\"@id\":\"https:\/\/padelhaus.mustlammas-dev.in\/lv\/veikals\/adidas-metalbone-reserve-edt-2025\/#breadcrumb\",\"itemListElement\":[{\"@type\":\"ListItem\",\"position\":1,\"name\":\"S\u0101kumlapa\",\"item\":\"https:\/\/padelhaus.lv\/\"},{\"@type\":\"ListItem\",\"position\":2,\"name\":\"Veikals\",\"item\":\"https:\/\/padelhaus.lv\/veikals\/\"},{\"@type\":\"ListItem\",\"position\":3,\"name\":\"Adidas Metalbone Reserve Edt 2025\"}]},{\"@type\":\"WebSite\",\"@id\":\"https:\/\/padelhaus.mustlammas-dev.in\/lv\/#website\",\"url\":\"https:\/\/padelhaus.mustlammas-dev.in\/lv\/\",\"name\":\"Claude Padelhaus\",\"description\":\"Sinu padelivarustuse kodu\",\"publisher\":{\"@id\":\"https:\/\/padelhaus.mustlammas-dev.in\/lv\/#organization\"},\"potentialAction\":[{\"@type\":\"SearchAction\",\"target\":{\"@type\":\"EntryPoint\",\"urlTemplate\":\"https:\/\/padelhaus.mustlammas-dev.in\/lv\/?s={search_term_string}\"},\"query-input\":{\"@type\":\"PropertyValueSpecification\",\"valueRequired\":true,\"valueName\":\"search_term_string\"}}],\"inLanguage\":\"lv-LV\"},{\"@type\":\"Organization\",\"@id\":\"https:\/\/padelhaus.mustlammas-dev.in\/lv\/#organization\",\"name\":\"Claude Padelhaus\",\"url\":\"https:\/\/padelhaus.mustlammas-dev.in\/lv\/\",\"logo\":{\"@type\":\"ImageObject\",\"inLanguage\":\"lv-LV\",\"@id\":\"https:\/\/padelhaus.mustlammas-dev.in\/lv\/#\/schema\/logo\/image\/\",\"url\":\"https:\/\/padelhaus.mustlammas-dev.in\/wp-content\/uploads\/2025\/05\/Logo-1.png\",\"contentUrl\":\"https:\/\/padelhaus.mustlammas-dev.in\/wp-content\/uploads\/2025\/05\/Logo-1.png\",\"width\":280,\"height\":115,\"caption\":\"Claude Padelhaus\"},\"image\":{\"@id\":\"https:\/\/padelhaus.mustlammas-dev.in\/lv\/#\/schema\/logo\/image\/\"}}]}<\/script>\n<meta property=\"product:price:amount\" content=\"299.95\" \/>\n<meta property=\"product:price:currency\" content=\"EUR\" \/>\n<meta property=\"og:availability\" content=\"instock\" \/>\n<meta property=\"product:availability\" content=\"instock\" \/>\n<meta property=\"product:retailer_item_id\" content=\"ADI-R-52\" \/>\n<meta property=\"product:condition\" content=\"new\" \/>\n<!-- \/ Yoast SEO Premium plugin. -->","yoast_head_json":{"title":"Adidas Metalbone Reserve Edt 2025 | Test Padelhaus","description":"Mekl\u0113 jaunu padela raketi par labu cenu? Padelhaus pied\u0101v\u0101 lab\u0101ko padela rake\u00f0u izv\u0113li visiem l\u012bme\u0146iem \u2013 tava padela apr\u012bkojuma m\u0101jas.","robots":{"index":"noindex","follow":"follow","max-snippet":"max-snippet:-1","max-image-preview":"max-image-preview:large","max-video-preview":"max-video-preview:-1"},"og_locale":"lv_LV","og_type":"article","og_title":"Adidas Metalbone Reserve Edt 2025","og_description":"Mekl\u0113 jaunu padela raketi par labu cenu? Padelhaus pied\u0101v\u0101 lab\u0101ko padela rake\u00f0u izv\u0113li visiem l\u012bme\u0146iem \u2013 tava padela apr\u012bkojuma m\u0101jas.","og_url":"https:\/\/padelhaus.mustlammas-dev.in\/lv\/veikals\/adidas-metalbone-reserve-edt-2025\/","og_site_name":"Test Padelhaus","article_modified_time":"2026-03-09T00:05:26+00:00","og_image":[{"width":1000,"height":1000,"url":"https:\/\/padelhaus.lv\/wp-content\/uploads\/2026\/03\/11.webp","type":"image\/webp"}],"twitter_card":"summary_large_image","twitter_misc":{"Price":"299,95&nbsp;&euro;","Availability":"In stock"},"schema":{"@context":"https:\/\/schema.org","@graph":[{"@type":["WebPage","ItemPage"],"@id":"https:\/\/padelhaus.mustlammas-dev.in\/lv\/veikals\/adidas-metalbone-reserve-edt-2025\/","url":"https:\/\/padelhaus.mustlammas-dev.in\/lv\/veikals\/adidas-metalbone-reserve-edt-2025\/","name":"Adidas Metalbone Reserve Edt 2025 | Test Padelhaus","isPartOf":{"@id":"https:\/\/padelhaus.mustlammas-dev.in\/lv\/#website"},"primaryImageOfPage":{"@id":"https:\/\/padelhaus.mustlammas-dev.in\/lv\/veikals\/adidas-metalbone-reserve-edt-2025\/#primaryimage"},"image":{"@id":"https:\/\/padelhaus.mustlammas-dev.in\/lv\/veikals\/adidas-metalbone-reserve-edt-2025\/#primaryimage"},"thumbnailUrl":"https:\/\/padelhaus.mustlammas-dev.in\/wp-content\/uploads\/2026\/03\/11.webp","datePublished":"2026-03-05T16:34:36+00:00","dateModified":"2026-03-09T00:05:26+00:00","description":"Mekl\u0113 jaunu padela raketi par labu cenu? Padelhaus pied\u0101v\u0101 lab\u0101ko padela rake\u00f0u izv\u0113li visiem l\u012bme\u0146iem \u2013 tava padela apr\u012bkojuma m\u0101jas.","breadcrumb":{"@id":"https:\/\/padelhaus.mustlammas-dev.in\/lv\/veikals\/adidas-metalbone-reserve-edt-2025\/#breadcrumb"},"inLanguage":"lv-LV","potentialAction":[{"@type":"ReadAction","target":["https:\/\/padelhaus.mustlammas-dev.in\/lv\/veikals\/adidas-metalbone-reserve-edt-2025\/"]}]},{"@type":"ImageObject","inLanguage":"lv-LV","@id":"https:\/\/padelhaus.mustlammas-dev.in\/lv\/veikals\/adidas-metalbone-reserve-edt-2025\/#primaryimage","url":"https:\/\/padelhaus.mustlammas-dev.in\/wp-content\/uploads\/2026\/03\/11.webp","contentUrl":"https:\/\/padelhaus.mustlammas-dev.in\/wp-content\/uploads\/2026\/03\/11.webp","width":1000,"height":1000},{"@type":"BreadcrumbList","@id":"https:\/\/padelhaus.mustlammas-dev.in\/lv\/veikals\/adidas-metalbone-reserve-edt-2025\/#breadcrumb","itemListElement":[{"@type":"ListItem","position":1,"name":"S\u0101kumlapa","item":"https:\/\/padelhaus.lv\/"},{"@type":"ListItem","position":2,"name":"Veikals","item":"https:\/\/padelhaus.lv\/veikals\/"},{"@type":"ListItem","position":3,"name":"Adidas Metalbone Reserve Edt 2025"}]},{"@type":"WebSite","@id":"https:\/\/padelhaus.mustlammas-dev.in\/lv\/#website","url":"https:\/\/padelhaus.mustlammas-dev.in\/lv\/","name":"Claude Padelhaus","description":"Sinu padelivarustuse kodu","publisher":{"@id":"https:\/\/padelhaus.mustlammas-dev.in\/lv\/#organization"},"potentialAction":[{"@type":"SearchAction","target":{"@type":"EntryPoint","urlTemplate":"https:\/\/padelhaus.mustlammas-dev.in\/lv\/?s={search_term_string}"},"query-input":{"@type":"PropertyValueSpecification","valueRequired":true,"valueName":"search_term_string"}}],"inLanguage":"lv-LV"},{"@type":"Organization","@id":"https:\/\/padelhaus.mustlammas-dev.in\/lv\/#organization","name":"Claude Padelhaus","url":"https:\/\/padelhaus.mustlammas-dev.in\/lv\/","logo":{"@type":"ImageObject","inLanguage":"lv-LV","@id":"https:\/\/padelhaus.mustlammas-dev.in\/lv\/#\/schema\/logo\/image\/","url":"https:\/\/padelhaus.mustlammas-dev.in\/wp-content\/uploads\/2025\/05\/Logo-1.png","contentUrl":"https:\/\/padelhaus.mustlammas-dev.in\/wp-content\/uploads\/2025\/05\/Logo-1.png","width":280,"height":115,"caption":"Claude Padelhaus"},"image":{"@id":"https:\/\/padelhaus.mustlammas-dev.in\/lv\/#\/schema\/logo\/image\/"}}]},"product_price_amount":"299.95","product_price_currency":"EUR","og_availability":"instock","product_availability":"instock","product_retailer_item_id":"ADI-R-52","product_condition":"new"},"_links":{"self":[{"href":"https:\/\/padelhaus.mustlammas-dev.in\/lv\/wp-json\/wp\/v2\/product\/72830","targetHints":{"allow":["GET"]}}],"collection":[{"href":"https:\/\/padelhaus.mustlammas-dev.in\/lv\/wp-json\/wp\/v2\/product"}],"about":[{"href":"https:\/\/padelhaus.mustlammas-dev.in\/lv\/wp-json\/wp\/v2\/types\/product"}],"replies":[{"embeddable":true,"href":"https:\/\/padelhaus.mustlammas-dev.in\/lv\/wp-json\/wp\/v2\/comments?post=72830"}],"wp:featuredmedia":[{"embeddable":true,"href":"https:\/\/padelhaus.mustlammas-dev.in\/lv\/wp-json\/wp\/v2\/media\/72831"}],"wp:attachment":[{"href":"https:\/\/padelhaus.mustlammas-dev.in\/lv\/wp-json\/wp\/v2\/media?parent=72830"}],"wp:term":[{"taxonomy":"product_brand","embeddable":true,"href":"https:\/\/padelhaus.mustlammas-dev.in\/lv\/wp-json\/wp\/v2\/product_brand?post=72830"},{"taxonomy":"product_cat","embeddable":true,"href":"https:\/\/padelhaus.mustlammas-dev.in\/lv\/wp-json\/wp\/v2\/product_cat?post=72830"},{"taxonomy":"product_tag","embeddable":true,"href":"https:\/\/padelhaus.mustlammas-dev.in\/lv\/wp-json\/wp\/v2\/product_tag?post=72830"}],"curies":[{"name":"wp","href":"https:\/\/api.w.org\/{rel}","templated":true}]}}